{"id":579746,"date":"2025-10-24T23:10:58","date_gmt":"2025-10-24T21:10:58","guid":{"rendered":"https:\/\/perle-in.com\/produit\/humidificateur-et-diffuseur-daromes-4-en-1-prixton-connected-2\/"},"modified":"2025-10-24T23:10:59","modified_gmt":"2025-10-24T21:10:59","slug":"humidificateur-et-diffuseur-daromes-4-en-1-prixton-connected-2","status":"publish","type":"product","link":"https:\/\/perle-in.com\/en\/product\/humidificateur-et-diffuseur-daromes-4-en-1-prixton-connected-2\/","title":{"rendered":"Humidificateur et diffuseur d\u2019ar\u00f4mes 4 en 1 Prixton Connected"},"content":{"rendered":"","protected":false},"excerpt":{"rendered":"<p>L\u2019humidificateur et diffuseur d\u2019ar\u00f4mes 4-1 combine quatre fonctions essentielles dans un seul appareil \u00e9l\u00e9gant\u00a0: un humidificateur, un haut-parleur, une horloge et une alarme. Il offre des modes de diffusion flexibles, permettant un fonctionnement continu ou des r\u00e9glages temporis\u00e9s pendant 1, 3 ou 6\u00a0heures, avec arr\u00eat automatique lorsque le r\u00e9servoir est vide. Le haut-parleur Bluetooth\u00ae de 12\u00a0W int\u00e9gr\u00e9 vous permet de diffuser de la musique directement depuis vos appareils, offrant un son riche. L\u2019\u00e9cran avant est dot\u00e9 de points LED blancs nets qui affichent clairement l\u2019heure, tandis que le r\u00e9veil int\u00e9gr\u00e9 facilite le r\u00e9glage de votre heure de r\u00e9veil pr\u00e9f\u00e9r\u00e9e. Avec un r\u00e9servoir de 360\u00a0ml et une couverture pour des surfaces comprises entre 15 et 25\u00a0m\u00b2, il est parfait pour cr\u00e9er une atmosph\u00e8re confortable. L\u2019appareil fonctionne silencieusement \u00e0 moins de 35\u00a0dB et comprend une fonction d\u2019\u00e9clairage LED \u00e0 7\u00a0couleurs adapt\u00e9e \u00e0 votre humeur. Puissance\u00a0: 12\u00a0W, 100-240\u00a0V. Adaptateur inclus.<\/p>","protected":false},"featured_media":579639,"template":"","meta":{"_eb_attr":""},"product_brand":[],"product_cat":[460,150],"product_tag":[1149,4141,4142,819,1099,1058,2890,783],"class_list":{"0":"post-579746","1":"product","2":"type-product","3":"status-publish","4":"has-post-thumbnail","6":"product_cat-accessoires-pour-la-maison","7":"product_cat-maison-et-cuisine","8":"product_tag-alarme","9":"product_tag-arome","10":"product_tag-diffuseur","11":"product_tag-haut-parleur","12":"product_tag-horloge","13":"product_tag-humidificateur","14":"product_tag-lampe","15":"product_tag-prixton","16":"pa_couleurs-blanc","17":"pa_genre-none","18":"pa_green-points-694","19":"pa_marque-prixton","20":"pa_matiere-plastique","21":"pa_pays-d-origine-chine","23":"first","24":"instock","25":"shipping-taxable","26":"product-type-variable"},"yoast_head":"<!-- This site is optimized with the Yoast SEO plugin v27.4 - https:\/\/yoast.com\/product\/yoast-seo-wordpress\/ -->\n<title>Humidificateur et diffuseur d\u2019ar\u00f4mes 4 en 1 Prixton Connected - PERLE IN<\/title>\n<meta name=\"robots\" content=\"noindex, follow, max-snippet:-1, max-image-preview:large, max-video-preview:-1\" \/>\n<meta property=\"og:locale\" content=\"en_US\" \/>\n<meta property=\"og:type\" content=\"article\" \/>\n<meta property=\"og:title\" content=\"Humidificateur et diffuseur d\u2019ar\u00f4mes 4 en 1 Prixton Connected - PERLE IN\" \/>\n<meta property=\"og:description\" content=\"L\u2019humidificateur et diffuseur d\u2019ar\u00f4mes 4-1 combine quatre fonctions essentielles dans un seul appareil \u00e9l\u00e9gant\u00a0: un humidificateur, un haut-parleur, une horloge et une alarme. Il offre des modes de diffusion flexibles, permettant un fonctionnement continu ou des r\u00e9glages temporis\u00e9s pendant 1, 3 ou 6\u00a0heures, avec arr\u00eat automatique lorsque le r\u00e9servoir est vide. Le haut-parleur Bluetooth\u00ae de 12\u00a0W int\u00e9gr\u00e9 vous permet de diffuser de la musique directement depuis vos appareils, offrant un son riche. L\u2019\u00e9cran avant est dot\u00e9 de points LED blancs nets qui affichent clairement l\u2019heure, tandis que le r\u00e9veil int\u00e9gr\u00e9 facilite le r\u00e9glage de votre heure de r\u00e9veil pr\u00e9f\u00e9r\u00e9e. Avec un r\u00e9servoir de 360\u00a0ml et une couverture pour des surfaces comprises entre 15 et 25\u00a0m\u00b2, il est parfait pour cr\u00e9er une atmosph\u00e8re confortable. L\u2019appareil fonctionne silencieusement \u00e0 moins de 35\u00a0dB et comprend une fonction d\u2019\u00e9clairage LED \u00e0 7\u00a0couleurs adapt\u00e9e \u00e0 votre humeur. Puissance\u00a0: 12\u00a0W, 100-240\u00a0V. Adaptateur inclus.\" \/>\n<meta property=\"og:url\" content=\"https:\/\/perle-in.com\/en\/product\/humidificateur-et-diffuseur-daromes-4-en-1-prixton-connected-2\/\" \/>\n<meta property=\"og:site_name\" content=\"PERLE IN\" \/>\n<meta property=\"article:modified_time\" content=\"2025-10-24T21:10:59+00:00\" \/>\n<meta property=\"og:image\" content=\"https:\/\/perle-in.com\/wp-content\/uploads\/2025\/10\/2PA19301-1.jpg\" \/>\n\t<meta property=\"og:image:width\" content=\"1600\" \/>\n\t<meta property=\"og:image:height\" content=\"1600\" \/>\n\t<meta property=\"og:image:type\" content=\"image\/jpeg\" \/>\n<meta name=\"twitter:card\" content=\"summary_large_image\" \/>\n<script type=\"application\/ld+json\" class=\"yoast-schema-graph\">{\"@context\":\"https:\\\/\\\/schema.org\",\"@graph\":[{\"@type\":\"WebPage\",\"@id\":\"https:\\\/\\\/perle-in.com\\\/produit\\\/humidificateur-et-diffuseur-daromes-4-en-1-prixton-connected-2\\\/\",\"url\":\"https:\\\/\\\/perle-in.com\\\/produit\\\/humidificateur-et-diffuseur-daromes-4-en-1-prixton-connected-2\\\/\",\"name\":\"Humidificateur et diffuseur d\u2019ar\u00f4mes 4 en 1 Prixton Connected - PERLE IN\",\"isPartOf\":{\"@id\":\"https:\\\/\\\/perle-in.com\\\/#website\"},\"primaryImageOfPage\":{\"@id\":\"https:\\\/\\\/perle-in.com\\\/produit\\\/humidificateur-et-diffuseur-daromes-4-en-1-prixton-connected-2\\\/#primaryimage\"},\"image\":{\"@id\":\"https:\\\/\\\/perle-in.com\\\/produit\\\/humidificateur-et-diffuseur-daromes-4-en-1-prixton-connected-2\\\/#primaryimage\"},\"thumbnailUrl\":\"https:\\\/\\\/perle-in.com\\\/wp-content\\\/uploads\\\/2025\\\/10\\\/2PA19301-1.jpg\",\"datePublished\":\"2025-10-24T21:10:58+00:00\",\"dateModified\":\"2025-10-24T21:10:59+00:00\",\"breadcrumb\":{\"@id\":\"https:\\\/\\\/perle-in.com\\\/produit\\\/humidificateur-et-diffuseur-daromes-4-en-1-prixton-connected-2\\\/#breadcrumb\"},\"inLanguage\":\"en-CA\",\"potentialAction\":[{\"@type\":\"ReadAction\",\"target\":[\"https:\\\/\\\/perle-in.com\\\/produit\\\/humidificateur-et-diffuseur-daromes-4-en-1-prixton-connected-2\\\/\"]}]},{\"@type\":\"ImageObject\",\"inLanguage\":\"en-CA\",\"@id\":\"https:\\\/\\\/perle-in.com\\\/produit\\\/humidificateur-et-diffuseur-daromes-4-en-1-prixton-connected-2\\\/#primaryimage\",\"url\":\"https:\\\/\\\/perle-in.com\\\/wp-content\\\/uploads\\\/2025\\\/10\\\/2PA19301-1.jpg\",\"contentUrl\":\"https:\\\/\\\/perle-in.com\\\/wp-content\\\/uploads\\\/2025\\\/10\\\/2PA19301-1.jpg\",\"width\":1600,\"height\":1600},{\"@type\":\"BreadcrumbList\",\"@id\":\"https:\\\/\\\/perle-in.com\\\/produit\\\/humidificateur-et-diffuseur-daromes-4-en-1-prixton-connected-2\\\/#breadcrumb\",\"itemListElement\":[{\"@type\":\"ListItem\",\"position\":1,\"name\":\"Accueil\",\"item\":\"https:\\\/\\\/perle-in.com\\\/\"},{\"@type\":\"ListItem\",\"position\":2,\"name\":\"Boutique\",\"item\":\"https:\\\/\\\/perle-in.com\\\/boutique\\\/\"},{\"@type\":\"ListItem\",\"position\":3,\"name\":\"Humidificateur et diffuseur d\u2019ar\u00f4mes 4 en 1 Prixton Connected\"}]},{\"@type\":\"WebSite\",\"@id\":\"https:\\\/\\\/perle-in.com\\\/#website\",\"url\":\"https:\\\/\\\/perle-in.com\\\/\",\"name\":\"PERLE IN\",\"description\":\"\",\"publisher\":{\"@id\":\"https:\\\/\\\/perle-in.com\\\/#organization\"},\"potentialAction\":[{\"@type\":\"SearchAction\",\"target\":{\"@type\":\"EntryPoint\",\"urlTemplate\":\"https:\\\/\\\/perle-in.com\\\/?s={search_term_string}\"},\"query-input\":{\"@type\":\"PropertyValueSpecification\",\"valueRequired\":true,\"valueName\":\"search_term_string\"}}],\"inLanguage\":\"en-CA\"},{\"@type\":\"Organization\",\"@id\":\"https:\\\/\\\/perle-in.com\\\/#organization\",\"name\":\"PERLE IN\",\"url\":\"https:\\\/\\\/perle-in.com\\\/\",\"logo\":{\"@type\":\"ImageObject\",\"inLanguage\":\"en-CA\",\"@id\":\"https:\\\/\\\/perle-in.com\\\/#\\\/schema\\\/logo\\\/image\\\/\",\"url\":\"https:\\\/\\\/perle-in.com\\\/wp-content\\\/uploads\\\/2022\\\/12\\\/LOGO-PERLE-IN-COULEUR@3x.webp\",\"contentUrl\":\"https:\\\/\\\/perle-in.com\\\/wp-content\\\/uploads\\\/2022\\\/12\\\/LOGO-PERLE-IN-COULEUR@3x.webp\",\"width\":1600,\"height\":490,\"caption\":\"PERLE IN\"},\"image\":{\"@id\":\"https:\\\/\\\/perle-in.com\\\/#\\\/schema\\\/logo\\\/image\\\/\"}}]}<\/script>\n<!-- \/ Yoast SEO plugin. -->","yoast_head_json":{"title":"Humidificateur et diffuseur d\u2019ar\u00f4mes 4 en 1 Prixton Connected - PERLE IN","robots":{"index":"noindex","follow":"follow","max-snippet":"max-snippet:-1","max-image-preview":"max-image-preview:large","max-video-preview":"max-video-preview:-1"},"og_locale":"en_US","og_type":"article","og_title":"Humidificateur et diffuseur d\u2019ar\u00f4mes 4 en 1 Prixton Connected - PERLE IN","og_description":"L\u2019humidificateur et diffuseur d\u2019ar\u00f4mes 4-1 combine quatre fonctions essentielles dans un seul appareil \u00e9l\u00e9gant\u00a0: un humidificateur, un haut-parleur, une horloge et une alarme. Il offre des modes de diffusion flexibles, permettant un fonctionnement continu ou des r\u00e9glages temporis\u00e9s pendant 1, 3 ou 6\u00a0heures, avec arr\u00eat automatique lorsque le r\u00e9servoir est vide. Le haut-parleur Bluetooth\u00ae de 12\u00a0W int\u00e9gr\u00e9 vous permet de diffuser de la musique directement depuis vos appareils, offrant un son riche. L\u2019\u00e9cran avant est dot\u00e9 de points LED blancs nets qui affichent clairement l\u2019heure, tandis que le r\u00e9veil int\u00e9gr\u00e9 facilite le r\u00e9glage de votre heure de r\u00e9veil pr\u00e9f\u00e9r\u00e9e. Avec un r\u00e9servoir de 360\u00a0ml et une couverture pour des surfaces comprises entre 15 et 25\u00a0m\u00b2, il est parfait pour cr\u00e9er une atmosph\u00e8re confortable. L\u2019appareil fonctionne silencieusement \u00e0 moins de 35\u00a0dB et comprend une fonction d\u2019\u00e9clairage LED \u00e0 7\u00a0couleurs adapt\u00e9e \u00e0 votre humeur. Puissance\u00a0: 12\u00a0W, 100-240\u00a0V. Adaptateur inclus.","og_url":"https:\/\/perle-in.com\/en\/product\/humidificateur-et-diffuseur-daromes-4-en-1-prixton-connected-2\/","og_site_name":"PERLE IN","article_modified_time":"2025-10-24T21:10:59+00:00","og_image":[{"width":1600,"height":1600,"url":"https:\/\/perle-in.com\/wp-content\/uploads\/2025\/10\/2PA19301-1.jpg","type":"image\/jpeg"}],"twitter_card":"summary_large_image","schema":{"@context":"https:\/\/schema.org","@graph":[{"@type":"WebPage","@id":"https:\/\/perle-in.com\/produit\/humidificateur-et-diffuseur-daromes-4-en-1-prixton-connected-2\/","url":"https:\/\/perle-in.com\/produit\/humidificateur-et-diffuseur-daromes-4-en-1-prixton-connected-2\/","name":"Humidificateur et diffuseur d\u2019ar\u00f4mes 4 en 1 Prixton Connected - PERLE IN","isPartOf":{"@id":"https:\/\/perle-in.com\/#website"},"primaryImageOfPage":{"@id":"https:\/\/perle-in.com\/produit\/humidificateur-et-diffuseur-daromes-4-en-1-prixton-connected-2\/#primaryimage"},"image":{"@id":"https:\/\/perle-in.com\/produit\/humidificateur-et-diffuseur-daromes-4-en-1-prixton-connected-2\/#primaryimage"},"thumbnailUrl":"https:\/\/perle-in.com\/wp-content\/uploads\/2025\/10\/2PA19301-1.jpg","datePublished":"2025-10-24T21:10:58+00:00","dateModified":"2025-10-24T21:10:59+00:00","breadcrumb":{"@id":"https:\/\/perle-in.com\/produit\/humidificateur-et-diffuseur-daromes-4-en-1-prixton-connected-2\/#breadcrumb"},"inLanguage":"en-CA","potentialAction":[{"@type":"ReadAction","target":["https:\/\/perle-in.com\/produit\/humidificateur-et-diffuseur-daromes-4-en-1-prixton-connected-2\/"]}]},{"@type":"ImageObject","inLanguage":"en-CA","@id":"https:\/\/perle-in.com\/produit\/humidificateur-et-diffuseur-daromes-4-en-1-prixton-connected-2\/#primaryimage","url":"https:\/\/perle-in.com\/wp-content\/uploads\/2025\/10\/2PA19301-1.jpg","contentUrl":"https:\/\/perle-in.com\/wp-content\/uploads\/2025\/10\/2PA19301-1.jpg","width":1600,"height":1600},{"@type":"BreadcrumbList","@id":"https:\/\/perle-in.com\/produit\/humidificateur-et-diffuseur-daromes-4-en-1-prixton-connected-2\/#breadcrumb","itemListElement":[{"@type":"ListItem","position":1,"name":"Accueil","item":"https:\/\/perle-in.com\/"},{"@type":"ListItem","position":2,"name":"Boutique","item":"https:\/\/perle-in.com\/boutique\/"},{"@type":"ListItem","position":3,"name":"Humidificateur et diffuseur d\u2019ar\u00f4mes 4 en 1 Prixton Connected"}]},{"@type":"WebSite","@id":"https:\/\/perle-in.com\/#website","url":"https:\/\/perle-in.com\/","name":"PERLE IN","description":"","publisher":{"@id":"https:\/\/perle-in.com\/#organization"},"potentialAction":[{"@type":"SearchAction","target":{"@type":"EntryPoint","urlTemplate":"https:\/\/perle-in.com\/?s={search_term_string}"},"query-input":{"@type":"PropertyValueSpecification","valueRequired":true,"valueName":"search_term_string"}}],"inLanguage":"en-CA"},{"@type":"Organization","@id":"https:\/\/perle-in.com\/#organization","name":"PERLE IN","url":"https:\/\/perle-in.com\/","logo":{"@type":"ImageObject","inLanguage":"en-CA","@id":"https:\/\/perle-in.com\/#\/schema\/logo\/image\/","url":"https:\/\/perle-in.com\/wp-content\/uploads\/2022\/12\/LOGO-PERLE-IN-COULEUR@3x.webp","contentUrl":"https:\/\/perle-in.com\/wp-content\/uploads\/2022\/12\/LOGO-PERLE-IN-COULEUR@3x.webp","width":1600,"height":490,"caption":"PERLE IN"},"image":{"@id":"https:\/\/perle-in.com\/#\/schema\/logo\/image\/"}}]}},"jetpack_sharing_enabled":true,"_links":{"self":[{"href":"https:\/\/perle-in.com\/en\/wp-json\/wp\/v2\/product\/579746","targetHints":{"allow":["GET"]}}],"collection":[{"href":"https:\/\/perle-in.com\/en\/wp-json\/wp\/v2\/product"}],"about":[{"href":"https:\/\/perle-in.com\/en\/wp-json\/wp\/v2\/types\/product"}],"version-history":[{"count":0,"href":"https:\/\/perle-in.com\/en\/wp-json\/wp\/v2\/product\/579746\/revisions"}],"wp:featuredmedia":[{"embeddable":true,"href":"https:\/\/perle-in.com\/en\/wp-json\/wp\/v2\/media\/579639"}],"wp:attachment":[{"href":"https:\/\/perle-in.com\/en\/wp-json\/wp\/v2\/media?parent=579746"}],"wp:term":[{"taxonomy":"product_brand","embeddable":true,"href":"https:\/\/perle-in.com\/en\/wp-json\/wp\/v2\/product_brand?post=579746"},{"taxonomy":"product_cat","embeddable":true,"href":"https:\/\/perle-in.com\/en\/wp-json\/wp\/v2\/product_cat?post=579746"},{"taxonomy":"product_tag","embeddable":true,"href":"https:\/\/perle-in.com\/en\/wp-json\/wp\/v2\/product_tag?post=579746"}],"curies":[{"name":"wp","href":"https:\/\/api.w.org\/{rel}","templated":true}]}}