{"id":579743,"date":"2025-10-24T23:10:50","date_gmt":"2025-10-24T21:10:50","guid":{"rendered":"https:\/\/perle-in.com\/produit\/ecouteurs-prixton-tws162-2\/"},"modified":"2025-10-24T23:10:54","modified_gmt":"2025-10-24T21:10:54","slug":"ecouteurs-prixton-tws162-2","status":"publish","type":"product","link":"https:\/\/perle-in.com\/en\/product\/ecouteurs-prixton-tws162-2\/","title":{"rendered":"\u00c9couteurs Prixton TWS162"},"content":{"rendered":"","protected":false},"excerpt":{"rendered":"<p>Gr\u00e2ce aux \u00e9couteurs sans fil TWS162, profitez d&#8217;une musique et d&#8217;appels limpides gr\u00e2ce \u00e0 la technologie ENC, qui r\u00e9duit consid\u00e9rablement le bruit externe. En outre, ils offrent une qualit\u00e9 sonore Hi-Fi afin de sublimer l&#8217;exp\u00e9rience d&#8217;\u00e9coute. Ils offrent jusqu&#8217;\u00e0 3,5\u00a0heures d&#8217;autonomie, avec un temps de charge de 1,5\u00a0heure. Version Bluetooth\u00ae\u00a05.1 avec distance de connexion jusqu&#8217;\u00e0 10\u00a0m\u00e8tres.<\/p>","protected":false},"featured_media":579631,"template":"","meta":{"_eb_attr":""},"product_brand":[],"product_cat":[1132,667],"product_tag":[826,822,783],"class_list":{"0":"post-579743","1":"product","2":"type-product","3":"status-publish","4":"has-post-thumbnail","6":"product_cat-ecouteurs","7":"product_cat-technologie","8":"product_tag-ecouteurs","9":"product_tag-musique","10":"product_tag-prixton","11":"pa_couleurs-blanc","12":"pa_couleurs-noir","13":"pa_genre-none","14":"pa_green-points-694","15":"pa_marque-prixton","16":"pa_matiere-plastique","17":"pa_pays-d-origine-chine","19":"first","20":"instock","21":"shipping-taxable","22":"product-type-variable"},"yoast_head":"<!-- This site is optimized with the Yoast SEO plugin v27.4 - https:\/\/yoast.com\/product\/yoast-seo-wordpress\/ -->\n<title>\u00c9couteurs Prixton TWS162 - PERLE IN<\/title>\n<meta name=\"robots\" content=\"noindex, follow, max-snippet:-1, max-image-preview:large, max-video-preview:-1\" \/>\n<meta property=\"og:locale\" content=\"en_US\" \/>\n<meta property=\"og:type\" content=\"article\" \/>\n<meta property=\"og:title\" content=\"\u00c9couteurs Prixton TWS162 - PERLE IN\" \/>\n<meta property=\"og:description\" content=\"Gr\u00e2ce aux \u00e9couteurs sans fil TWS162, profitez d&#039;une musique et d&#039;appels limpides gr\u00e2ce \u00e0 la technologie ENC, qui r\u00e9duit consid\u00e9rablement le bruit externe. En outre, ils offrent une qualit\u00e9 sonore Hi-Fi afin de sublimer l&#039;exp\u00e9rience d&#039;\u00e9coute. Ils offrent jusqu&#039;\u00e0 3,5\u00a0heures d&#039;autonomie, avec un temps de charge de 1,5\u00a0heure. Version Bluetooth\u00ae\u00a05.1 avec distance de connexion jusqu&#039;\u00e0 10\u00a0m\u00e8tres.\" \/>\n<meta property=\"og:url\" content=\"https:\/\/perle-in.com\/en\/product\/ecouteurs-prixton-tws162-2\/\" \/>\n<meta property=\"og:site_name\" content=\"PERLE IN\" \/>\n<meta property=\"article:modified_time\" content=\"2025-10-24T21:10:54+00:00\" \/>\n<meta property=\"og:image\" content=\"https:\/\/perle-in.com\/wp-content\/uploads\/2025\/10\/2PA17601-1.jpg\" \/>\n\t<meta property=\"og:image:width\" content=\"1600\" \/>\n\t<meta property=\"og:image:height\" content=\"1600\" \/>\n\t<meta property=\"og:image:type\" content=\"image\/jpeg\" \/>\n<meta name=\"twitter:card\" content=\"summary_large_image\" \/>\n<script type=\"application\/ld+json\" class=\"yoast-schema-graph\">{\"@context\":\"https:\\\/\\\/schema.org\",\"@graph\":[{\"@type\":\"WebPage\",\"@id\":\"https:\\\/\\\/perle-in.com\\\/produit\\\/ecouteurs-prixton-tws162-2\\\/\",\"url\":\"https:\\\/\\\/perle-in.com\\\/produit\\\/ecouteurs-prixton-tws162-2\\\/\",\"name\":\"\u00c9couteurs Prixton TWS162 - PERLE IN\",\"isPartOf\":{\"@id\":\"https:\\\/\\\/perle-in.com\\\/#website\"},\"primaryImageOfPage\":{\"@id\":\"https:\\\/\\\/perle-in.com\\\/produit\\\/ecouteurs-prixton-tws162-2\\\/#primaryimage\"},\"image\":{\"@id\":\"https:\\\/\\\/perle-in.com\\\/produit\\\/ecouteurs-prixton-tws162-2\\\/#primaryimage\"},\"thumbnailUrl\":\"https:\\\/\\\/perle-in.com\\\/wp-content\\\/uploads\\\/2025\\\/10\\\/2PA17601-1.jpg\",\"datePublished\":\"2025-10-24T21:10:50+00:00\",\"dateModified\":\"2025-10-24T21:10:54+00:00\",\"breadcrumb\":{\"@id\":\"https:\\\/\\\/perle-in.com\\\/produit\\\/ecouteurs-prixton-tws162-2\\\/#breadcrumb\"},\"inLanguage\":\"en-CA\",\"potentialAction\":[{\"@type\":\"ReadAction\",\"target\":[\"https:\\\/\\\/perle-in.com\\\/produit\\\/ecouteurs-prixton-tws162-2\\\/\"]}]},{\"@type\":\"ImageObject\",\"inLanguage\":\"en-CA\",\"@id\":\"https:\\\/\\\/perle-in.com\\\/produit\\\/ecouteurs-prixton-tws162-2\\\/#primaryimage\",\"url\":\"https:\\\/\\\/perle-in.com\\\/wp-content\\\/uploads\\\/2025\\\/10\\\/2PA17601-1.jpg\",\"contentUrl\":\"https:\\\/\\\/perle-in.com\\\/wp-content\\\/uploads\\\/2025\\\/10\\\/2PA17601-1.jpg\",\"width\":1600,\"height\":1600},{\"@type\":\"BreadcrumbList\",\"@id\":\"https:\\\/\\\/perle-in.com\\\/produit\\\/ecouteurs-prixton-tws162-2\\\/#breadcrumb\",\"itemListElement\":[{\"@type\":\"ListItem\",\"position\":1,\"name\":\"Accueil\",\"item\":\"https:\\\/\\\/perle-in.com\\\/\"},{\"@type\":\"ListItem\",\"position\":2,\"name\":\"Boutique\",\"item\":\"https:\\\/\\\/perle-in.com\\\/boutique\\\/\"},{\"@type\":\"ListItem\",\"position\":3,\"name\":\"\u00c9couteurs Prixton TWS162\"}]},{\"@type\":\"WebSite\",\"@id\":\"https:\\\/\\\/perle-in.com\\\/#website\",\"url\":\"https:\\\/\\\/perle-in.com\\\/\",\"name\":\"PERLE IN\",\"description\":\"\",\"publisher\":{\"@id\":\"https:\\\/\\\/perle-in.com\\\/#organization\"},\"potentialAction\":[{\"@type\":\"SearchAction\",\"target\":{\"@type\":\"EntryPoint\",\"urlTemplate\":\"https:\\\/\\\/perle-in.com\\\/?s={search_term_string}\"},\"query-input\":{\"@type\":\"PropertyValueSpecification\",\"valueRequired\":true,\"valueName\":\"search_term_string\"}}],\"inLanguage\":\"en-CA\"},{\"@type\":\"Organization\",\"@id\":\"https:\\\/\\\/perle-in.com\\\/#organization\",\"name\":\"PERLE IN\",\"url\":\"https:\\\/\\\/perle-in.com\\\/\",\"logo\":{\"@type\":\"ImageObject\",\"inLanguage\":\"en-CA\",\"@id\":\"https:\\\/\\\/perle-in.com\\\/#\\\/schema\\\/logo\\\/image\\\/\",\"url\":\"https:\\\/\\\/perle-in.com\\\/wp-content\\\/uploads\\\/2022\\\/12\\\/LOGO-PERLE-IN-COULEUR@3x.webp\",\"contentUrl\":\"https:\\\/\\\/perle-in.com\\\/wp-content\\\/uploads\\\/2022\\\/12\\\/LOGO-PERLE-IN-COULEUR@3x.webp\",\"width\":1600,\"height\":490,\"caption\":\"PERLE IN\"},\"image\":{\"@id\":\"https:\\\/\\\/perle-in.com\\\/#\\\/schema\\\/logo\\\/image\\\/\"}}]}<\/script>\n<!-- \/ Yoast SEO plugin. -->","yoast_head_json":{"title":"\u00c9couteurs Prixton TWS162 - PERLE IN","robots":{"index":"noindex","follow":"follow","max-snippet":"max-snippet:-1","max-image-preview":"max-image-preview:large","max-video-preview":"max-video-preview:-1"},"og_locale":"en_US","og_type":"article","og_title":"\u00c9couteurs Prixton TWS162 - PERLE IN","og_description":"Gr\u00e2ce aux \u00e9couteurs sans fil TWS162, profitez d'une musique et d'appels limpides gr\u00e2ce \u00e0 la technologie ENC, qui r\u00e9duit consid\u00e9rablement le bruit externe. En outre, ils offrent une qualit\u00e9 sonore Hi-Fi afin de sublimer l'exp\u00e9rience d'\u00e9coute. Ils offrent jusqu'\u00e0 3,5\u00a0heures d'autonomie, avec un temps de charge de 1,5\u00a0heure. Version Bluetooth\u00ae\u00a05.1 avec distance de connexion jusqu'\u00e0 10\u00a0m\u00e8tres.","og_url":"https:\/\/perle-in.com\/en\/product\/ecouteurs-prixton-tws162-2\/","og_site_name":"PERLE IN","article_modified_time":"2025-10-24T21:10:54+00:00","og_image":[{"width":1600,"height":1600,"url":"https:\/\/perle-in.com\/wp-content\/uploads\/2025\/10\/2PA17601-1.jpg","type":"image\/jpeg"}],"twitter_card":"summary_large_image","schema":{"@context":"https:\/\/schema.org","@graph":[{"@type":"WebPage","@id":"https:\/\/perle-in.com\/produit\/ecouteurs-prixton-tws162-2\/","url":"https:\/\/perle-in.com\/produit\/ecouteurs-prixton-tws162-2\/","name":"\u00c9couteurs Prixton TWS162 - PERLE IN","isPartOf":{"@id":"https:\/\/perle-in.com\/#website"},"primaryImageOfPage":{"@id":"https:\/\/perle-in.com\/produit\/ecouteurs-prixton-tws162-2\/#primaryimage"},"image":{"@id":"https:\/\/perle-in.com\/produit\/ecouteurs-prixton-tws162-2\/#primaryimage"},"thumbnailUrl":"https:\/\/perle-in.com\/wp-content\/uploads\/2025\/10\/2PA17601-1.jpg","datePublished":"2025-10-24T21:10:50+00:00","dateModified":"2025-10-24T21:10:54+00:00","breadcrumb":{"@id":"https:\/\/perle-in.com\/produit\/ecouteurs-prixton-tws162-2\/#breadcrumb"},"inLanguage":"en-CA","potentialAction":[{"@type":"ReadAction","target":["https:\/\/perle-in.com\/produit\/ecouteurs-prixton-tws162-2\/"]}]},{"@type":"ImageObject","inLanguage":"en-CA","@id":"https:\/\/perle-in.com\/produit\/ecouteurs-prixton-tws162-2\/#primaryimage","url":"https:\/\/perle-in.com\/wp-content\/uploads\/2025\/10\/2PA17601-1.jpg","contentUrl":"https:\/\/perle-in.com\/wp-content\/uploads\/2025\/10\/2PA17601-1.jpg","width":1600,"height":1600},{"@type":"BreadcrumbList","@id":"https:\/\/perle-in.com\/produit\/ecouteurs-prixton-tws162-2\/#breadcrumb","itemListElement":[{"@type":"ListItem","position":1,"name":"Accueil","item":"https:\/\/perle-in.com\/"},{"@type":"ListItem","position":2,"name":"Boutique","item":"https:\/\/perle-in.com\/boutique\/"},{"@type":"ListItem","position":3,"name":"\u00c9couteurs Prixton TWS162"}]},{"@type":"WebSite","@id":"https:\/\/perle-in.com\/#website","url":"https:\/\/perle-in.com\/","name":"PERLE IN","description":"","publisher":{"@id":"https:\/\/perle-in.com\/#organization"},"potentialAction":[{"@type":"SearchAction","target":{"@type":"EntryPoint","urlTemplate":"https:\/\/perle-in.com\/?s={search_term_string}"},"query-input":{"@type":"PropertyValueSpecification","valueRequired":true,"valueName":"search_term_string"}}],"inLanguage":"en-CA"},{"@type":"Organization","@id":"https:\/\/perle-in.com\/#organization","name":"PERLE IN","url":"https:\/\/perle-in.com\/","logo":{"@type":"ImageObject","inLanguage":"en-CA","@id":"https:\/\/perle-in.com\/#\/schema\/logo\/image\/","url":"https:\/\/perle-in.com\/wp-content\/uploads\/2022\/12\/LOGO-PERLE-IN-COULEUR@3x.webp","contentUrl":"https:\/\/perle-in.com\/wp-content\/uploads\/2022\/12\/LOGO-PERLE-IN-COULEUR@3x.webp","width":1600,"height":490,"caption":"PERLE IN"},"image":{"@id":"https:\/\/perle-in.com\/#\/schema\/logo\/image\/"}}]}},"jetpack_sharing_enabled":true,"_links":{"self":[{"href":"https:\/\/perle-in.com\/en\/wp-json\/wp\/v2\/product\/579743","targetHints":{"allow":["GET"]}}],"collection":[{"href":"https:\/\/perle-in.com\/en\/wp-json\/wp\/v2\/product"}],"about":[{"href":"https:\/\/perle-in.com\/en\/wp-json\/wp\/v2\/types\/product"}],"version-history":[{"count":0,"href":"https:\/\/perle-in.com\/en\/wp-json\/wp\/v2\/product\/579743\/revisions"}],"wp:featuredmedia":[{"embeddable":true,"href":"https:\/\/perle-in.com\/en\/wp-json\/wp\/v2\/media\/579631"}],"wp:attachment":[{"href":"https:\/\/perle-in.com\/en\/wp-json\/wp\/v2\/media?parent=579743"}],"wp:term":[{"taxonomy":"product_brand","embeddable":true,"href":"https:\/\/perle-in.com\/en\/wp-json\/wp\/v2\/product_brand?post=579743"},{"taxonomy":"product_cat","embeddable":true,"href":"https:\/\/perle-in.com\/en\/wp-json\/wp\/v2\/product_cat?post=579743"},{"taxonomy":"product_tag","embeddable":true,"href":"https:\/\/perle-in.com\/en\/wp-json\/wp\/v2\/product_tag?post=579743"}],"curies":[{"name":"wp","href":"https:\/\/api.w.org\/{rel}","templated":true}]}}