{"id":578898,"date":"2025-10-18T23:15:47","date_gmt":"2025-10-18T21:15:47","guid":{"rendered":"https:\/\/perle-in.com\/produit\/sac-a-dos-antivol-pour-ordinateur-portable-15-luma-de-10-l-en-materiaux-recycles-grs\/"},"modified":"2025-10-18T23:15:50","modified_gmt":"2025-10-18T21:15:50","slug":"sac-a-dos-antivol-pour-ordinateur-portable-15-luma-de-10-l-en-materiaux-recycles-grs","status":"publish","type":"product","link":"https:\/\/perle-in.com\/en\/product\/sac-a-dos-antivol-pour-ordinateur-portable-15-luma-de-10-l-en-materiaux-recycles-grs\/","title":{"rendered":"Sac \u00e0 dos antivol pour ordinateur portable 15&#8243; Luma de 10\u00a0L en mat\u00e9riaux recycl\u00e9s GRS"},"content":{"rendered":"","protected":false},"excerpt":{"rendered":"<p>Fabriqu\u00e9 en polyester jacquard recycl\u00e9 avec une doublure en RPET de couleur assortie, le sac \u00e0 dos Luma antivol de 15\u2019\u2019 allie s\u00e9curit\u00e9 intelligente et \u00e9l\u00e9gance pour les personnes en d\u00e9placement. Les caract\u00e9ristiques antivol comprennent des fermetures \u00e0 glissi\u00e8re verrouillables (cadenas non inclus) et une poche arri\u00e8re cach\u00e9e qui sert de passant pour bagage \u00e0 roulettes. Le tissu est \u00e9galement d\u00e9perlant pour prot\u00e9ger vos effets personnels des pluies l\u00e9g\u00e8res. Il est pourvu d\u2019un compartiment rembourr\u00e9 pour ordinateur portable jusqu\u2019\u00e0 15\u2019\u2019, d\u2019une pochette d\u00e9di\u00e9e pour tablette, d\u2019une pochette ouverte avec une boucle pour stylo et d\u2019un rangement organis\u00e9 pour les objets de tous les jours. Ce mod\u00e8le comporte \u00e9galement des bretelles rembourr\u00e9es, un panneau dorsal respirant et des plaques m\u00e9talliques sur le devant. Pour aller au travail \u00e0 v\u00e9lo, traverser un terminal d\u2019a\u00e9roport bond\u00e9 ou aller en cours, le sac \u00e0 dos Luma offre un grand confort tout au long de la journ\u00e9e, sans concession sur le style.<\/p>","protected":false},"featured_media":578889,"template":"","meta":{"_eb_attr":""},"product_brand":[],"product_cat":[1214,159],"product_tag":[2860,4197,784,282,1347],"class_list":{"0":"post-578898","1":"product","2":"type-product","3":"status-publish","4":"has-post-thumbnail","6":"product_cat-sac-a-dos-pour-ordinateur","7":"product_cat-sacs","8":"product_tag-anti-vol","9":"product_tag-antivol","10":"product_tag-ordinateur-portable","11":"product_tag-sac","12":"product_tag-sac-a-dos","13":"pa_couleurs-brique","14":"pa_couleurs-marine","15":"pa_couleurs-noir","16":"pa_genre-none","17":"pa_marque-unbranded","18":"pa_pays-d-origine-chine","20":"first","21":"instock","22":"shipping-taxable","23":"purchasable","24":"product-type-variable"},"yoast_head":"<!-- This site is optimized with the Yoast SEO plugin v27.4 - https:\/\/yoast.com\/product\/yoast-seo-wordpress\/ -->\n<title>Sac \u00e0 dos antivol pour ordinateur portable 15&quot; Luma de 10\u00a0L en mat\u00e9riaux recycl\u00e9s GRS - PERLE IN<\/title>\n<meta name=\"robots\" content=\"noindex, follow, max-snippet:-1, max-image-preview:large, max-video-preview:-1\" \/>\n<meta property=\"og:locale\" content=\"en_US\" \/>\n<meta property=\"og:type\" content=\"article\" \/>\n<meta property=\"og:title\" content=\"Sac \u00e0 dos antivol pour ordinateur portable 15&quot; Luma de 10\u00a0L en mat\u00e9riaux recycl\u00e9s GRS - PERLE IN\" \/>\n<meta property=\"og:description\" content=\"Fabriqu\u00e9 en polyester jacquard recycl\u00e9 avec une doublure en RPET de couleur assortie, le sac \u00e0 dos Luma antivol de 15\u2019\u2019 allie s\u00e9curit\u00e9 intelligente et \u00e9l\u00e9gance pour les personnes en d\u00e9placement. Les caract\u00e9ristiques antivol comprennent des fermetures \u00e0 glissi\u00e8re verrouillables (cadenas non inclus) et une poche arri\u00e8re cach\u00e9e qui sert de passant pour bagage \u00e0 roulettes. Le tissu est \u00e9galement d\u00e9perlant pour prot\u00e9ger vos effets personnels des pluies l\u00e9g\u00e8res. Il est pourvu d\u2019un compartiment rembourr\u00e9 pour ordinateur portable jusqu\u2019\u00e0 15\u2019\u2019, d\u2019une pochette d\u00e9di\u00e9e pour tablette, d\u2019une pochette ouverte avec une boucle pour stylo et d\u2019un rangement organis\u00e9 pour les objets de tous les jours. Ce mod\u00e8le comporte \u00e9galement des bretelles rembourr\u00e9es, un panneau dorsal respirant et des plaques m\u00e9talliques sur le devant. Pour aller au travail \u00e0 v\u00e9lo, traverser un terminal d\u2019a\u00e9roport bond\u00e9 ou aller en cours, le sac \u00e0 dos Luma offre un grand confort tout au long de la journ\u00e9e, sans concession sur le style.\" \/>\n<meta property=\"og:url\" content=\"https:\/\/perle-in.com\/en\/product\/sac-a-dos-antivol-pour-ordinateur-portable-15-luma-de-10-l-en-materiaux-recycles-grs\/\" \/>\n<meta property=\"og:site_name\" content=\"PERLE IN\" \/>\n<meta property=\"article:modified_time\" content=\"2025-10-18T21:15:50+00:00\" \/>\n<meta property=\"og:image\" content=\"https:\/\/perle-in.com\/wp-content\/uploads\/2025\/10\/13011032-1.jpg\" \/>\n\t<meta property=\"og:image:width\" content=\"1600\" \/>\n\t<meta property=\"og:image:height\" content=\"1600\" \/>\n\t<meta property=\"og:image:type\" content=\"image\/jpeg\" \/>\n<meta name=\"twitter:card\" content=\"summary_large_image\" \/>\n<script type=\"application\/ld+json\" class=\"yoast-schema-graph\">{\"@context\":\"https:\\\/\\\/schema.org\",\"@graph\":[{\"@type\":\"WebPage\",\"@id\":\"https:\\\/\\\/perle-in.com\\\/produit\\\/sac-a-dos-antivol-pour-ordinateur-portable-15-luma-de-10-l-en-materiaux-recycles-grs\\\/\",\"url\":\"https:\\\/\\\/perle-in.com\\\/produit\\\/sac-a-dos-antivol-pour-ordinateur-portable-15-luma-de-10-l-en-materiaux-recycles-grs\\\/\",\"name\":\"Sac \u00e0 dos antivol pour ordinateur portable 15\\\" Luma de 10\u00a0L en mat\u00e9riaux recycl\u00e9s GRS - PERLE IN\",\"isPartOf\":{\"@id\":\"https:\\\/\\\/perle-in.com\\\/#website\"},\"primaryImageOfPage\":{\"@id\":\"https:\\\/\\\/perle-in.com\\\/produit\\\/sac-a-dos-antivol-pour-ordinateur-portable-15-luma-de-10-l-en-materiaux-recycles-grs\\\/#primaryimage\"},\"image\":{\"@id\":\"https:\\\/\\\/perle-in.com\\\/produit\\\/sac-a-dos-antivol-pour-ordinateur-portable-15-luma-de-10-l-en-materiaux-recycles-grs\\\/#primaryimage\"},\"thumbnailUrl\":\"https:\\\/\\\/perle-in.com\\\/wp-content\\\/uploads\\\/2025\\\/10\\\/13011032-1.jpg\",\"datePublished\":\"2025-10-18T21:15:47+00:00\",\"dateModified\":\"2025-10-18T21:15:50+00:00\",\"breadcrumb\":{\"@id\":\"https:\\\/\\\/perle-in.com\\\/produit\\\/sac-a-dos-antivol-pour-ordinateur-portable-15-luma-de-10-l-en-materiaux-recycles-grs\\\/#breadcrumb\"},\"inLanguage\":\"en-CA\",\"potentialAction\":[{\"@type\":\"ReadAction\",\"target\":[\"https:\\\/\\\/perle-in.com\\\/produit\\\/sac-a-dos-antivol-pour-ordinateur-portable-15-luma-de-10-l-en-materiaux-recycles-grs\\\/\"]}]},{\"@type\":\"ImageObject\",\"inLanguage\":\"en-CA\",\"@id\":\"https:\\\/\\\/perle-in.com\\\/produit\\\/sac-a-dos-antivol-pour-ordinateur-portable-15-luma-de-10-l-en-materiaux-recycles-grs\\\/#primaryimage\",\"url\":\"https:\\\/\\\/perle-in.com\\\/wp-content\\\/uploads\\\/2025\\\/10\\\/13011032-1.jpg\",\"contentUrl\":\"https:\\\/\\\/perle-in.com\\\/wp-content\\\/uploads\\\/2025\\\/10\\\/13011032-1.jpg\",\"width\":1600,\"height\":1600},{\"@type\":\"BreadcrumbList\",\"@id\":\"https:\\\/\\\/perle-in.com\\\/produit\\\/sac-a-dos-antivol-pour-ordinateur-portable-15-luma-de-10-l-en-materiaux-recycles-grs\\\/#breadcrumb\",\"itemListElement\":[{\"@type\":\"ListItem\",\"position\":1,\"name\":\"Accueil\",\"item\":\"https:\\\/\\\/perle-in.com\\\/\"},{\"@type\":\"ListItem\",\"position\":2,\"name\":\"Boutique\",\"item\":\"https:\\\/\\\/perle-in.com\\\/boutique\\\/\"},{\"@type\":\"ListItem\",\"position\":3,\"name\":\"Sac \u00e0 dos antivol pour ordinateur portable 15&#8243; Luma de 10\u00a0L en mat\u00e9riaux recycl\u00e9s GRS\"}]},{\"@type\":\"WebSite\",\"@id\":\"https:\\\/\\\/perle-in.com\\\/#website\",\"url\":\"https:\\\/\\\/perle-in.com\\\/\",\"name\":\"PERLE IN\",\"description\":\"\",\"publisher\":{\"@id\":\"https:\\\/\\\/perle-in.com\\\/#organization\"},\"potentialAction\":[{\"@type\":\"SearchAction\",\"target\":{\"@type\":\"EntryPoint\",\"urlTemplate\":\"https:\\\/\\\/perle-in.com\\\/?s={search_term_string}\"},\"query-input\":{\"@type\":\"PropertyValueSpecification\",\"valueRequired\":true,\"valueName\":\"search_term_string\"}}],\"inLanguage\":\"en-CA\"},{\"@type\":\"Organization\",\"@id\":\"https:\\\/\\\/perle-in.com\\\/#organization\",\"name\":\"PERLE IN\",\"url\":\"https:\\\/\\\/perle-in.com\\\/\",\"logo\":{\"@type\":\"ImageObject\",\"inLanguage\":\"en-CA\",\"@id\":\"https:\\\/\\\/perle-in.com\\\/#\\\/schema\\\/logo\\\/image\\\/\",\"url\":\"https:\\\/\\\/perle-in.com\\\/wp-content\\\/uploads\\\/2022\\\/12\\\/LOGO-PERLE-IN-COULEUR@3x.webp\",\"contentUrl\":\"https:\\\/\\\/perle-in.com\\\/wp-content\\\/uploads\\\/2022\\\/12\\\/LOGO-PERLE-IN-COULEUR@3x.webp\",\"width\":1600,\"height\":490,\"caption\":\"PERLE IN\"},\"image\":{\"@id\":\"https:\\\/\\\/perle-in.com\\\/#\\\/schema\\\/logo\\\/image\\\/\"}}]}<\/script>\n<!-- \/ Yoast SEO plugin. -->","yoast_head_json":{"title":"Sac \u00e0 dos antivol pour ordinateur portable 15\" Luma de 10\u00a0L en mat\u00e9riaux recycl\u00e9s GRS - PERLE IN","robots":{"index":"noindex","follow":"follow","max-snippet":"max-snippet:-1","max-image-preview":"max-image-preview:large","max-video-preview":"max-video-preview:-1"},"og_locale":"en_US","og_type":"article","og_title":"Sac \u00e0 dos antivol pour ordinateur portable 15\" Luma de 10\u00a0L en mat\u00e9riaux recycl\u00e9s GRS - PERLE IN","og_description":"Fabriqu\u00e9 en polyester jacquard recycl\u00e9 avec une doublure en RPET de couleur assortie, le sac \u00e0 dos Luma antivol de 15\u2019\u2019 allie s\u00e9curit\u00e9 intelligente et \u00e9l\u00e9gance pour les personnes en d\u00e9placement. Les caract\u00e9ristiques antivol comprennent des fermetures \u00e0 glissi\u00e8re verrouillables (cadenas non inclus) et une poche arri\u00e8re cach\u00e9e qui sert de passant pour bagage \u00e0 roulettes. Le tissu est \u00e9galement d\u00e9perlant pour prot\u00e9ger vos effets personnels des pluies l\u00e9g\u00e8res. Il est pourvu d\u2019un compartiment rembourr\u00e9 pour ordinateur portable jusqu\u2019\u00e0 15\u2019\u2019, d\u2019une pochette d\u00e9di\u00e9e pour tablette, d\u2019une pochette ouverte avec une boucle pour stylo et d\u2019un rangement organis\u00e9 pour les objets de tous les jours. Ce mod\u00e8le comporte \u00e9galement des bretelles rembourr\u00e9es, un panneau dorsal respirant et des plaques m\u00e9talliques sur le devant. Pour aller au travail \u00e0 v\u00e9lo, traverser un terminal d\u2019a\u00e9roport bond\u00e9 ou aller en cours, le sac \u00e0 dos Luma offre un grand confort tout au long de la journ\u00e9e, sans concession sur le style.","og_url":"https:\/\/perle-in.com\/en\/product\/sac-a-dos-antivol-pour-ordinateur-portable-15-luma-de-10-l-en-materiaux-recycles-grs\/","og_site_name":"PERLE IN","article_modified_time":"2025-10-18T21:15:50+00:00","og_image":[{"width":1600,"height":1600,"url":"https:\/\/perle-in.com\/wp-content\/uploads\/2025\/10\/13011032-1.jpg","type":"image\/jpeg"}],"twitter_card":"summary_large_image","schema":{"@context":"https:\/\/schema.org","@graph":[{"@type":"WebPage","@id":"https:\/\/perle-in.com\/produit\/sac-a-dos-antivol-pour-ordinateur-portable-15-luma-de-10-l-en-materiaux-recycles-grs\/","url":"https:\/\/perle-in.com\/produit\/sac-a-dos-antivol-pour-ordinateur-portable-15-luma-de-10-l-en-materiaux-recycles-grs\/","name":"Sac \u00e0 dos antivol pour ordinateur portable 15\" Luma de 10\u00a0L en mat\u00e9riaux recycl\u00e9s GRS - PERLE IN","isPartOf":{"@id":"https:\/\/perle-in.com\/#website"},"primaryImageOfPage":{"@id":"https:\/\/perle-in.com\/produit\/sac-a-dos-antivol-pour-ordinateur-portable-15-luma-de-10-l-en-materiaux-recycles-grs\/#primaryimage"},"image":{"@id":"https:\/\/perle-in.com\/produit\/sac-a-dos-antivol-pour-ordinateur-portable-15-luma-de-10-l-en-materiaux-recycles-grs\/#primaryimage"},"thumbnailUrl":"https:\/\/perle-in.com\/wp-content\/uploads\/2025\/10\/13011032-1.jpg","datePublished":"2025-10-18T21:15:47+00:00","dateModified":"2025-10-18T21:15:50+00:00","breadcrumb":{"@id":"https:\/\/perle-in.com\/produit\/sac-a-dos-antivol-pour-ordinateur-portable-15-luma-de-10-l-en-materiaux-recycles-grs\/#breadcrumb"},"inLanguage":"en-CA","potentialAction":[{"@type":"ReadAction","target":["https:\/\/perle-in.com\/produit\/sac-a-dos-antivol-pour-ordinateur-portable-15-luma-de-10-l-en-materiaux-recycles-grs\/"]}]},{"@type":"ImageObject","inLanguage":"en-CA","@id":"https:\/\/perle-in.com\/produit\/sac-a-dos-antivol-pour-ordinateur-portable-15-luma-de-10-l-en-materiaux-recycles-grs\/#primaryimage","url":"https:\/\/perle-in.com\/wp-content\/uploads\/2025\/10\/13011032-1.jpg","contentUrl":"https:\/\/perle-in.com\/wp-content\/uploads\/2025\/10\/13011032-1.jpg","width":1600,"height":1600},{"@type":"BreadcrumbList","@id":"https:\/\/perle-in.com\/produit\/sac-a-dos-antivol-pour-ordinateur-portable-15-luma-de-10-l-en-materiaux-recycles-grs\/#breadcrumb","itemListElement":[{"@type":"ListItem","position":1,"name":"Accueil","item":"https:\/\/perle-in.com\/"},{"@type":"ListItem","position":2,"name":"Boutique","item":"https:\/\/perle-in.com\/boutique\/"},{"@type":"ListItem","position":3,"name":"Sac \u00e0 dos antivol pour ordinateur portable 15&#8243; Luma de 10\u00a0L en mat\u00e9riaux recycl\u00e9s GRS"}]},{"@type":"WebSite","@id":"https:\/\/perle-in.com\/#website","url":"https:\/\/perle-in.com\/","name":"PERLE IN","description":"","publisher":{"@id":"https:\/\/perle-in.com\/#organization"},"potentialAction":[{"@type":"SearchAction","target":{"@type":"EntryPoint","urlTemplate":"https:\/\/perle-in.com\/?s={search_term_string}"},"query-input":{"@type":"PropertyValueSpecification","valueRequired":true,"valueName":"search_term_string"}}],"inLanguage":"en-CA"},{"@type":"Organization","@id":"https:\/\/perle-in.com\/#organization","name":"PERLE IN","url":"https:\/\/perle-in.com\/","logo":{"@type":"ImageObject","inLanguage":"en-CA","@id":"https:\/\/perle-in.com\/#\/schema\/logo\/image\/","url":"https:\/\/perle-in.com\/wp-content\/uploads\/2022\/12\/LOGO-PERLE-IN-COULEUR@3x.webp","contentUrl":"https:\/\/perle-in.com\/wp-content\/uploads\/2022\/12\/LOGO-PERLE-IN-COULEUR@3x.webp","width":1600,"height":490,"caption":"PERLE IN"},"image":{"@id":"https:\/\/perle-in.com\/#\/schema\/logo\/image\/"}}]}},"jetpack_sharing_enabled":true,"_links":{"self":[{"href":"https:\/\/perle-in.com\/en\/wp-json\/wp\/v2\/product\/578898","targetHints":{"allow":["GET"]}}],"collection":[{"href":"https:\/\/perle-in.com\/en\/wp-json\/wp\/v2\/product"}],"about":[{"href":"https:\/\/perle-in.com\/en\/wp-json\/wp\/v2\/types\/product"}],"version-history":[{"count":0,"href":"https:\/\/perle-in.com\/en\/wp-json\/wp\/v2\/product\/578898\/revisions"}],"wp:featuredmedia":[{"embeddable":true,"href":"https:\/\/perle-in.com\/en\/wp-json\/wp\/v2\/media\/578889"}],"wp:attachment":[{"href":"https:\/\/perle-in.com\/en\/wp-json\/wp\/v2\/media?parent=578898"}],"wp:term":[{"taxonomy":"product_brand","embeddable":true,"href":"https:\/\/perle-in.com\/en\/wp-json\/wp\/v2\/product_brand?post=578898"},{"taxonomy":"product_cat","embeddable":true,"href":"https:\/\/perle-in.com\/en\/wp-json\/wp\/v2\/product_cat?post=578898"},{"taxonomy":"product_tag","embeddable":true,"href":"https:\/\/perle-in.com\/en\/wp-json\/wp\/v2\/product_tag?post=578898"}],"curies":[{"name":"wp","href":"https:\/\/api.w.org\/{rel}","templated":true}]}}