{"id":578887,"date":"2025-10-18T23:15:10","date_gmt":"2025-10-18T21:15:10","guid":{"rendered":"https:\/\/perle-in.com\/produit\/bouteille-deau-illuminate-de-650-ml-en-acier-inoxydable-recycle-a-double-paroi-rcs-avec-couvercle-3-pieces\/"},"modified":"2025-10-18T23:15:11","modified_gmt":"2025-10-18T21:15:11","slug":"bouteille-deau-illuminate-de-650-ml-en-acier-inoxydable-recycle-a-double-paroi-rcs-avec-couvercle-3-pieces","status":"publish","type":"product","link":"https:\/\/perle-in.com\/en\/product\/bouteille-deau-illuminate-de-650-ml-en-acier-inoxydable-recycle-a-double-paroi-rcs-avec-couvercle-3-pieces\/","title":{"rendered":"Bouteille d\u2019eau Illuminate de 650\u00a0ml en acier inoxydable recycl\u00e9 \u00e0 double paroi RCS avec couvercle 3\u00a0pi\u00e8ces"},"content":{"rendered":"","protected":false},"excerpt":{"rendered":"<p>Ce set \u00e0 offrir comprend une bouteille de 650\u00a0ml \u00e0 double paroi, isol\u00e9e sous vide, fabriqu\u00e9e en acier inoxydable certifi\u00e9 RCS et plaqu\u00e9e de cuivre pour une meilleure r\u00e9tention de la temp\u00e9rature. La bouteille est compatible avec les trois couvercles interchangeables inclus dans le set. Le couvercle\u00a01 est dot\u00e9 d\u2019une poign\u00e9e discr\u00e8te en silicone int\u00e9gr\u00e9e pour faciliter la pr\u00e9hension. Le couvercle\u00a02 est un mod\u00e8le sport avec un bec verseur et une paille. Le couvercle\u00a03 est dot\u00e9 d\u2019une ouverture pratique en acier inoxydable qui permet une utilisation d\u2019une seule main. Le set est pr\u00e9sent\u00e9 dans une bo\u00eete cadeau en carton recycl\u00e9, pour un cadeau pratique et attentionn\u00e9.<\/p>","protected":false},"featured_media":578879,"template":"","meta":{"_eb_attr":""},"product_brand":[],"product_cat":[174,173],"product_tag":[379,175,837,274,3898,2884,836,203],"class_list":{"0":"post-578887","1":"product","2":"type-product","3":"status-publish","4":"has-post-thumbnail","6":"product_cat-bouteilles-deau","7":"product_cat-drinkware","8":"product_tag-acier-inoxydable","9":"product_tag-bouteille","10":"product_tag-durable","11":"product_tag-eau","12":"product_tag-hydratation","13":"product_tag-rcs","14":"product_tag-recycle","15":"product_tag-sport","16":"pa_couleurs-marine","17":"pa_genre-none","18":"pa_green-points-694","19":"pa_marque-unbranded","20":"pa_pays-d-origine-chine","22":"first","23":"outofstock","24":"shipping-taxable","25":"purchasable","26":"product-type-variable"},"yoast_head":"<!-- This site is optimized with the Yoast SEO plugin v27.4 - https:\/\/yoast.com\/product\/yoast-seo-wordpress\/ -->\n<title>Bouteille d\u2019eau Illuminate de 650\u00a0ml en acier inoxydable recycl\u00e9 \u00e0 double paroi RCS avec couvercle 3\u00a0pi\u00e8ces - PERLE IN<\/title>\n<meta name=\"robots\" content=\"noindex, follow, max-snippet:-1, max-image-preview:large, max-video-preview:-1\" \/>\n<meta property=\"og:locale\" content=\"en_US\" \/>\n<meta property=\"og:type\" content=\"article\" \/>\n<meta property=\"og:title\" content=\"Bouteille d\u2019eau Illuminate de 650\u00a0ml en acier inoxydable recycl\u00e9 \u00e0 double paroi RCS avec couvercle 3\u00a0pi\u00e8ces - PERLE IN\" \/>\n<meta property=\"og:description\" content=\"Ce set \u00e0 offrir comprend une bouteille de 650\u00a0ml \u00e0 double paroi, isol\u00e9e sous vide, fabriqu\u00e9e en acier inoxydable certifi\u00e9 RCS et plaqu\u00e9e de cuivre pour une meilleure r\u00e9tention de la temp\u00e9rature. La bouteille est compatible avec les trois couvercles interchangeables inclus dans le set. Le couvercle\u00a01 est dot\u00e9 d\u2019une poign\u00e9e discr\u00e8te en silicone int\u00e9gr\u00e9e pour faciliter la pr\u00e9hension. Le couvercle\u00a02 est un mod\u00e8le sport avec un bec verseur et une paille. Le couvercle\u00a03 est dot\u00e9 d\u2019une ouverture pratique en acier inoxydable qui permet une utilisation d\u2019une seule main. Le set est pr\u00e9sent\u00e9 dans une bo\u00eete cadeau en carton recycl\u00e9, pour un cadeau pratique et attentionn\u00e9.\" \/>\n<meta property=\"og:url\" content=\"https:\/\/perle-in.com\/en\/product\/bouteille-deau-illuminate-de-650-ml-en-acier-inoxydable-recycle-a-double-paroi-rcs-avec-couvercle-3-pieces\/\" \/>\n<meta property=\"og:site_name\" content=\"PERLE IN\" \/>\n<meta property=\"article:modified_time\" content=\"2025-10-18T21:15:11+00:00\" \/>\n<meta property=\"og:image\" content=\"https:\/\/perle-in.com\/wp-content\/uploads\/2025\/10\/10089055-1.jpg\" \/>\n\t<meta property=\"og:image:width\" content=\"1600\" \/>\n\t<meta property=\"og:image:height\" content=\"1600\" \/>\n\t<meta property=\"og:image:type\" content=\"image\/jpeg\" \/>\n<meta name=\"twitter:card\" content=\"summary_large_image\" \/>\n<script type=\"application\/ld+json\" class=\"yoast-schema-graph\">{\"@context\":\"https:\\\/\\\/schema.org\",\"@graph\":[{\"@type\":\"WebPage\",\"@id\":\"https:\\\/\\\/perle-in.com\\\/produit\\\/bouteille-deau-illuminate-de-650-ml-en-acier-inoxydable-recycle-a-double-paroi-rcs-avec-couvercle-3-pieces\\\/\",\"url\":\"https:\\\/\\\/perle-in.com\\\/produit\\\/bouteille-deau-illuminate-de-650-ml-en-acier-inoxydable-recycle-a-double-paroi-rcs-avec-couvercle-3-pieces\\\/\",\"name\":\"Bouteille d\u2019eau Illuminate de 650\u00a0ml en acier inoxydable recycl\u00e9 \u00e0 double paroi RCS avec couvercle 3\u00a0pi\u00e8ces - PERLE IN\",\"isPartOf\":{\"@id\":\"https:\\\/\\\/perle-in.com\\\/#website\"},\"primaryImageOfPage\":{\"@id\":\"https:\\\/\\\/perle-in.com\\\/produit\\\/bouteille-deau-illuminate-de-650-ml-en-acier-inoxydable-recycle-a-double-paroi-rcs-avec-couvercle-3-pieces\\\/#primaryimage\"},\"image\":{\"@id\":\"https:\\\/\\\/perle-in.com\\\/produit\\\/bouteille-deau-illuminate-de-650-ml-en-acier-inoxydable-recycle-a-double-paroi-rcs-avec-couvercle-3-pieces\\\/#primaryimage\"},\"thumbnailUrl\":\"https:\\\/\\\/perle-in.com\\\/wp-content\\\/uploads\\\/2025\\\/10\\\/10089055-1.jpg\",\"datePublished\":\"2025-10-18T21:15:10+00:00\",\"dateModified\":\"2025-10-18T21:15:11+00:00\",\"breadcrumb\":{\"@id\":\"https:\\\/\\\/perle-in.com\\\/produit\\\/bouteille-deau-illuminate-de-650-ml-en-acier-inoxydable-recycle-a-double-paroi-rcs-avec-couvercle-3-pieces\\\/#breadcrumb\"},\"inLanguage\":\"en-CA\",\"potentialAction\":[{\"@type\":\"ReadAction\",\"target\":[\"https:\\\/\\\/perle-in.com\\\/produit\\\/bouteille-deau-illuminate-de-650-ml-en-acier-inoxydable-recycle-a-double-paroi-rcs-avec-couvercle-3-pieces\\\/\"]}]},{\"@type\":\"ImageObject\",\"inLanguage\":\"en-CA\",\"@id\":\"https:\\\/\\\/perle-in.com\\\/produit\\\/bouteille-deau-illuminate-de-650-ml-en-acier-inoxydable-recycle-a-double-paroi-rcs-avec-couvercle-3-pieces\\\/#primaryimage\",\"url\":\"https:\\\/\\\/perle-in.com\\\/wp-content\\\/uploads\\\/2025\\\/10\\\/10089055-1.jpg\",\"contentUrl\":\"https:\\\/\\\/perle-in.com\\\/wp-content\\\/uploads\\\/2025\\\/10\\\/10089055-1.jpg\",\"width\":1600,\"height\":1600},{\"@type\":\"BreadcrumbList\",\"@id\":\"https:\\\/\\\/perle-in.com\\\/produit\\\/bouteille-deau-illuminate-de-650-ml-en-acier-inoxydable-recycle-a-double-paroi-rcs-avec-couvercle-3-pieces\\\/#breadcrumb\",\"itemListElement\":[{\"@type\":\"ListItem\",\"position\":1,\"name\":\"Accueil\",\"item\":\"https:\\\/\\\/perle-in.com\\\/\"},{\"@type\":\"ListItem\",\"position\":2,\"name\":\"Boutique\",\"item\":\"https:\\\/\\\/perle-in.com\\\/boutique\\\/\"},{\"@type\":\"ListItem\",\"position\":3,\"name\":\"Bouteille d\u2019eau Illuminate de 650\u00a0ml en acier inoxydable recycl\u00e9 \u00e0 double paroi RCS avec couvercle 3\u00a0pi\u00e8ces\"}]},{\"@type\":\"WebSite\",\"@id\":\"https:\\\/\\\/perle-in.com\\\/#website\",\"url\":\"https:\\\/\\\/perle-in.com\\\/\",\"name\":\"PERLE IN\",\"description\":\"\",\"publisher\":{\"@id\":\"https:\\\/\\\/perle-in.com\\\/#organization\"},\"potentialAction\":[{\"@type\":\"SearchAction\",\"target\":{\"@type\":\"EntryPoint\",\"urlTemplate\":\"https:\\\/\\\/perle-in.com\\\/?s={search_term_string}\"},\"query-input\":{\"@type\":\"PropertyValueSpecification\",\"valueRequired\":true,\"valueName\":\"search_term_string\"}}],\"inLanguage\":\"en-CA\"},{\"@type\":\"Organization\",\"@id\":\"https:\\\/\\\/perle-in.com\\\/#organization\",\"name\":\"PERLE IN\",\"url\":\"https:\\\/\\\/perle-in.com\\\/\",\"logo\":{\"@type\":\"ImageObject\",\"inLanguage\":\"en-CA\",\"@id\":\"https:\\\/\\\/perle-in.com\\\/#\\\/schema\\\/logo\\\/image\\\/\",\"url\":\"https:\\\/\\\/perle-in.com\\\/wp-content\\\/uploads\\\/2022\\\/12\\\/LOGO-PERLE-IN-COULEUR@3x.webp\",\"contentUrl\":\"https:\\\/\\\/perle-in.com\\\/wp-content\\\/uploads\\\/2022\\\/12\\\/LOGO-PERLE-IN-COULEUR@3x.webp\",\"width\":1600,\"height\":490,\"caption\":\"PERLE IN\"},\"image\":{\"@id\":\"https:\\\/\\\/perle-in.com\\\/#\\\/schema\\\/logo\\\/image\\\/\"}}]}<\/script>\n<!-- \/ Yoast SEO plugin. -->","yoast_head_json":{"title":"Bouteille d\u2019eau Illuminate de 650\u00a0ml en acier inoxydable recycl\u00e9 \u00e0 double paroi RCS avec couvercle 3\u00a0pi\u00e8ces - PERLE IN","robots":{"index":"noindex","follow":"follow","max-snippet":"max-snippet:-1","max-image-preview":"max-image-preview:large","max-video-preview":"max-video-preview:-1"},"og_locale":"en_US","og_type":"article","og_title":"Bouteille d\u2019eau Illuminate de 650\u00a0ml en acier inoxydable recycl\u00e9 \u00e0 double paroi RCS avec couvercle 3\u00a0pi\u00e8ces - PERLE IN","og_description":"Ce set \u00e0 offrir comprend une bouteille de 650\u00a0ml \u00e0 double paroi, isol\u00e9e sous vide, fabriqu\u00e9e en acier inoxydable certifi\u00e9 RCS et plaqu\u00e9e de cuivre pour une meilleure r\u00e9tention de la temp\u00e9rature. La bouteille est compatible avec les trois couvercles interchangeables inclus dans le set. Le couvercle\u00a01 est dot\u00e9 d\u2019une poign\u00e9e discr\u00e8te en silicone int\u00e9gr\u00e9e pour faciliter la pr\u00e9hension. Le couvercle\u00a02 est un mod\u00e8le sport avec un bec verseur et une paille. Le couvercle\u00a03 est dot\u00e9 d\u2019une ouverture pratique en acier inoxydable qui permet une utilisation d\u2019une seule main. Le set est pr\u00e9sent\u00e9 dans une bo\u00eete cadeau en carton recycl\u00e9, pour un cadeau pratique et attentionn\u00e9.","og_url":"https:\/\/perle-in.com\/en\/product\/bouteille-deau-illuminate-de-650-ml-en-acier-inoxydable-recycle-a-double-paroi-rcs-avec-couvercle-3-pieces\/","og_site_name":"PERLE IN","article_modified_time":"2025-10-18T21:15:11+00:00","og_image":[{"width":1600,"height":1600,"url":"https:\/\/perle-in.com\/wp-content\/uploads\/2025\/10\/10089055-1.jpg","type":"image\/jpeg"}],"twitter_card":"summary_large_image","schema":{"@context":"https:\/\/schema.org","@graph":[{"@type":"WebPage","@id":"https:\/\/perle-in.com\/produit\/bouteille-deau-illuminate-de-650-ml-en-acier-inoxydable-recycle-a-double-paroi-rcs-avec-couvercle-3-pieces\/","url":"https:\/\/perle-in.com\/produit\/bouteille-deau-illuminate-de-650-ml-en-acier-inoxydable-recycle-a-double-paroi-rcs-avec-couvercle-3-pieces\/","name":"Bouteille d\u2019eau Illuminate de 650\u00a0ml en acier inoxydable recycl\u00e9 \u00e0 double paroi RCS avec couvercle 3\u00a0pi\u00e8ces - PERLE IN","isPartOf":{"@id":"https:\/\/perle-in.com\/#website"},"primaryImageOfPage":{"@id":"https:\/\/perle-in.com\/produit\/bouteille-deau-illuminate-de-650-ml-en-acier-inoxydable-recycle-a-double-paroi-rcs-avec-couvercle-3-pieces\/#primaryimage"},"image":{"@id":"https:\/\/perle-in.com\/produit\/bouteille-deau-illuminate-de-650-ml-en-acier-inoxydable-recycle-a-double-paroi-rcs-avec-couvercle-3-pieces\/#primaryimage"},"thumbnailUrl":"https:\/\/perle-in.com\/wp-content\/uploads\/2025\/10\/10089055-1.jpg","datePublished":"2025-10-18T21:15:10+00:00","dateModified":"2025-10-18T21:15:11+00:00","breadcrumb":{"@id":"https:\/\/perle-in.com\/produit\/bouteille-deau-illuminate-de-650-ml-en-acier-inoxydable-recycle-a-double-paroi-rcs-avec-couvercle-3-pieces\/#breadcrumb"},"inLanguage":"en-CA","potentialAction":[{"@type":"ReadAction","target":["https:\/\/perle-in.com\/produit\/bouteille-deau-illuminate-de-650-ml-en-acier-inoxydable-recycle-a-double-paroi-rcs-avec-couvercle-3-pieces\/"]}]},{"@type":"ImageObject","inLanguage":"en-CA","@id":"https:\/\/perle-in.com\/produit\/bouteille-deau-illuminate-de-650-ml-en-acier-inoxydable-recycle-a-double-paroi-rcs-avec-couvercle-3-pieces\/#primaryimage","url":"https:\/\/perle-in.com\/wp-content\/uploads\/2025\/10\/10089055-1.jpg","contentUrl":"https:\/\/perle-in.com\/wp-content\/uploads\/2025\/10\/10089055-1.jpg","width":1600,"height":1600},{"@type":"BreadcrumbList","@id":"https:\/\/perle-in.com\/produit\/bouteille-deau-illuminate-de-650-ml-en-acier-inoxydable-recycle-a-double-paroi-rcs-avec-couvercle-3-pieces\/#breadcrumb","itemListElement":[{"@type":"ListItem","position":1,"name":"Accueil","item":"https:\/\/perle-in.com\/"},{"@type":"ListItem","position":2,"name":"Boutique","item":"https:\/\/perle-in.com\/boutique\/"},{"@type":"ListItem","position":3,"name":"Bouteille d\u2019eau Illuminate de 650\u00a0ml en acier inoxydable recycl\u00e9 \u00e0 double paroi RCS avec couvercle 3\u00a0pi\u00e8ces"}]},{"@type":"WebSite","@id":"https:\/\/perle-in.com\/#website","url":"https:\/\/perle-in.com\/","name":"PERLE IN","description":"","publisher":{"@id":"https:\/\/perle-in.com\/#organization"},"potentialAction":[{"@type":"SearchAction","target":{"@type":"EntryPoint","urlTemplate":"https:\/\/perle-in.com\/?s={search_term_string}"},"query-input":{"@type":"PropertyValueSpecification","valueRequired":true,"valueName":"search_term_string"}}],"inLanguage":"en-CA"},{"@type":"Organization","@id":"https:\/\/perle-in.com\/#organization","name":"PERLE IN","url":"https:\/\/perle-in.com\/","logo":{"@type":"ImageObject","inLanguage":"en-CA","@id":"https:\/\/perle-in.com\/#\/schema\/logo\/image\/","url":"https:\/\/perle-in.com\/wp-content\/uploads\/2022\/12\/LOGO-PERLE-IN-COULEUR@3x.webp","contentUrl":"https:\/\/perle-in.com\/wp-content\/uploads\/2022\/12\/LOGO-PERLE-IN-COULEUR@3x.webp","width":1600,"height":490,"caption":"PERLE IN"},"image":{"@id":"https:\/\/perle-in.com\/#\/schema\/logo\/image\/"}}]}},"jetpack_sharing_enabled":true,"_links":{"self":[{"href":"https:\/\/perle-in.com\/en\/wp-json\/wp\/v2\/product\/578887","targetHints":{"allow":["GET"]}}],"collection":[{"href":"https:\/\/perle-in.com\/en\/wp-json\/wp\/v2\/product"}],"about":[{"href":"https:\/\/perle-in.com\/en\/wp-json\/wp\/v2\/types\/product"}],"version-history":[{"count":0,"href":"https:\/\/perle-in.com\/en\/wp-json\/wp\/v2\/product\/578887\/revisions"}],"wp:featuredmedia":[{"embeddable":true,"href":"https:\/\/perle-in.com\/en\/wp-json\/wp\/v2\/media\/578879"}],"wp:attachment":[{"href":"https:\/\/perle-in.com\/en\/wp-json\/wp\/v2\/media?parent=578887"}],"wp:term":[{"taxonomy":"product_brand","embeddable":true,"href":"https:\/\/perle-in.com\/en\/wp-json\/wp\/v2\/product_brand?post=578887"},{"taxonomy":"product_cat","embeddable":true,"href":"https:\/\/perle-in.com\/en\/wp-json\/wp\/v2\/product_cat?post=578887"},{"taxonomy":"product_tag","embeddable":true,"href":"https:\/\/perle-in.com\/en\/wp-json\/wp\/v2\/product_tag?post=578887"}],"curies":[{"name":"wp","href":"https:\/\/api.w.org\/{rel}","templated":true}]}}