{"id":578821,"date":"2025-10-16T10:09:10","date_gmt":"2025-10-16T08:09:10","guid":{"rendered":"https:\/\/perle-in.com\/produit\/stylo-plume-waterman-hemisphere-h\/"},"modified":"2025-10-16T10:09:13","modified_gmt":"2025-10-16T08:09:13","slug":"stylo-plume-waterman-hemisphere-h","status":"publish","type":"product","link":"https:\/\/perle-in.com\/en\/product\/stylo-plume-waterman-hemisphere-h\/","title":{"rendered":"Stylo plume Waterman Hemisphere H"},"content":{"rendered":"","protected":false},"excerpt":{"rendered":"<p>Inspir\u00e9 de la tendance \u00ab\u00a0luxe discret\u00a0\u00bb, le stylo plume H\u00e9misph\u00e8re offre une neutralit\u00e9 intemporelle pour compl\u00e9ter les basiques de votre garde-robe, saison apr\u00e8s saison. Avec sa silhouette \u00e9l\u00e9gante et \u00e9lanc\u00e9e, il est fabriqu\u00e9 \u00e0 partir de mat\u00e9riaux de la plus haute qualit\u00e9. Le corps et le capuchon pr\u00e9sentent une luxueuse finition laqu\u00e9e m\u00e9tallique. Un clip Waterman finement \u00e9labor\u00e9 \u00e0 double branche et recouvert d\u2019or clair et une plume rev\u00eatue d\u2019or clair grav\u00e9e du c\u00e9l\u00e8bre W en boucle compl\u00e8tent ce design \u00e9l\u00e9gant et toutes saisons. Fabriqu\u00e9 en France, ce stylo b\u00e9n\u00e9ficie de la garantie internationale Waterman de deux ans et est pr\u00e9sent\u00e9 dans un coffret cadeau Waterman de qualit\u00e9 sup\u00e9rieure. Couleur de l\u2019encre\u00a0: bleu.<\/p>","protected":false},"featured_media":578813,"template":"","meta":{"_eb_attr":""},"product_brand":[],"product_cat":[552],"product_tag":[2683,1473,561,1470,562,1467],"class_list":{"0":"post-578821","1":"product","2":"type-product","3":"status-publish","4":"has-post-thumbnail","6":"product_cat-stylos-et-ecriture","7":"product_tag-ecriture","8":"product_tag-hemisphere","9":"product_tag-stylo","10":"product_tag-stylo-plume","11":"product_tag-stylos","12":"product_tag-waterman","13":"pa_couleurs-cuivre","14":"pa_couleurs-gris","15":"pa_couleurs-noir","16":"pa_green-points-2795","17":"pa_marque-waterman","18":"pa_pays-d-origine-france","20":"first","21":"outofstock","22":"shipping-taxable","23":"purchasable","24":"product-type-variable"},"yoast_head":"<!-- This site is optimized with the Yoast SEO plugin v27.4 - https:\/\/yoast.com\/product\/yoast-seo-wordpress\/ -->\n<title>Stylo plume Waterman Hemisphere H - PERLE IN<\/title>\n<meta name=\"robots\" content=\"noindex, follow, max-snippet:-1, max-image-preview:large, max-video-preview:-1\" \/>\n<meta property=\"og:locale\" content=\"en_US\" \/>\n<meta property=\"og:type\" content=\"article\" \/>\n<meta property=\"og:title\" content=\"Stylo plume Waterman Hemisphere H - PERLE IN\" \/>\n<meta property=\"og:description\" content=\"Inspir\u00e9 de la tendance \u00ab\u00a0luxe discret\u00a0\u00bb, le stylo plume H\u00e9misph\u00e8re offre une neutralit\u00e9 intemporelle pour compl\u00e9ter les basiques de votre garde-robe, saison apr\u00e8s saison. Avec sa silhouette \u00e9l\u00e9gante et \u00e9lanc\u00e9e, il est fabriqu\u00e9 \u00e0 partir de mat\u00e9riaux de la plus haute qualit\u00e9. Le corps et le capuchon pr\u00e9sentent une luxueuse finition laqu\u00e9e m\u00e9tallique. Un clip Waterman finement \u00e9labor\u00e9 \u00e0 double branche et recouvert d\u2019or clair et une plume rev\u00eatue d\u2019or clair grav\u00e9e du c\u00e9l\u00e8bre W en boucle compl\u00e8tent ce design \u00e9l\u00e9gant et toutes saisons. Fabriqu\u00e9 en France, ce stylo b\u00e9n\u00e9ficie de la garantie internationale Waterman de deux ans et est pr\u00e9sent\u00e9 dans un coffret cadeau Waterman de qualit\u00e9 sup\u00e9rieure. Couleur de l\u2019encre\u00a0: bleu.\" \/>\n<meta property=\"og:url\" content=\"https:\/\/perle-in.com\/en\/product\/stylo-plume-waterman-hemisphere-h\/\" \/>\n<meta property=\"og:site_name\" content=\"PERLE IN\" \/>\n<meta property=\"article:modified_time\" content=\"2025-10-16T08:09:13+00:00\" \/>\n<meta property=\"og:image\" content=\"https:\/\/perle-in.com\/wp-content\/uploads\/2025\/10\/10637432-1.jpg\" \/>\n\t<meta property=\"og:image:width\" content=\"1600\" \/>\n\t<meta property=\"og:image:height\" content=\"1600\" \/>\n\t<meta property=\"og:image:type\" content=\"image\/jpeg\" \/>\n<meta name=\"twitter:card\" content=\"summary_large_image\" \/>\n<script type=\"application\/ld+json\" class=\"yoast-schema-graph\">{\"@context\":\"https:\\\/\\\/schema.org\",\"@graph\":[{\"@type\":\"WebPage\",\"@id\":\"https:\\\/\\\/perle-in.com\\\/produit\\\/stylo-plume-waterman-hemisphere-h\\\/\",\"url\":\"https:\\\/\\\/perle-in.com\\\/produit\\\/stylo-plume-waterman-hemisphere-h\\\/\",\"name\":\"Stylo plume Waterman Hemisphere H - PERLE IN\",\"isPartOf\":{\"@id\":\"https:\\\/\\\/perle-in.com\\\/#website\"},\"primaryImageOfPage\":{\"@id\":\"https:\\\/\\\/perle-in.com\\\/produit\\\/stylo-plume-waterman-hemisphere-h\\\/#primaryimage\"},\"image\":{\"@id\":\"https:\\\/\\\/perle-in.com\\\/produit\\\/stylo-plume-waterman-hemisphere-h\\\/#primaryimage\"},\"thumbnailUrl\":\"https:\\\/\\\/perle-in.com\\\/wp-content\\\/uploads\\\/2025\\\/10\\\/10637432-1.jpg\",\"datePublished\":\"2025-10-16T08:09:10+00:00\",\"dateModified\":\"2025-10-16T08:09:13+00:00\",\"breadcrumb\":{\"@id\":\"https:\\\/\\\/perle-in.com\\\/produit\\\/stylo-plume-waterman-hemisphere-h\\\/#breadcrumb\"},\"inLanguage\":\"en-CA\",\"potentialAction\":[{\"@type\":\"ReadAction\",\"target\":[\"https:\\\/\\\/perle-in.com\\\/produit\\\/stylo-plume-waterman-hemisphere-h\\\/\"]}]},{\"@type\":\"ImageObject\",\"inLanguage\":\"en-CA\",\"@id\":\"https:\\\/\\\/perle-in.com\\\/produit\\\/stylo-plume-waterman-hemisphere-h\\\/#primaryimage\",\"url\":\"https:\\\/\\\/perle-in.com\\\/wp-content\\\/uploads\\\/2025\\\/10\\\/10637432-1.jpg\",\"contentUrl\":\"https:\\\/\\\/perle-in.com\\\/wp-content\\\/uploads\\\/2025\\\/10\\\/10637432-1.jpg\",\"width\":1600,\"height\":1600},{\"@type\":\"BreadcrumbList\",\"@id\":\"https:\\\/\\\/perle-in.com\\\/produit\\\/stylo-plume-waterman-hemisphere-h\\\/#breadcrumb\",\"itemListElement\":[{\"@type\":\"ListItem\",\"position\":1,\"name\":\"Accueil\",\"item\":\"https:\\\/\\\/perle-in.com\\\/\"},{\"@type\":\"ListItem\",\"position\":2,\"name\":\"Boutique\",\"item\":\"https:\\\/\\\/perle-in.com\\\/boutique\\\/\"},{\"@type\":\"ListItem\",\"position\":3,\"name\":\"Stylo plume Waterman Hemisphere H\"}]},{\"@type\":\"WebSite\",\"@id\":\"https:\\\/\\\/perle-in.com\\\/#website\",\"url\":\"https:\\\/\\\/perle-in.com\\\/\",\"name\":\"PERLE IN\",\"description\":\"\",\"publisher\":{\"@id\":\"https:\\\/\\\/perle-in.com\\\/#organization\"},\"potentialAction\":[{\"@type\":\"SearchAction\",\"target\":{\"@type\":\"EntryPoint\",\"urlTemplate\":\"https:\\\/\\\/perle-in.com\\\/?s={search_term_string}\"},\"query-input\":{\"@type\":\"PropertyValueSpecification\",\"valueRequired\":true,\"valueName\":\"search_term_string\"}}],\"inLanguage\":\"en-CA\"},{\"@type\":\"Organization\",\"@id\":\"https:\\\/\\\/perle-in.com\\\/#organization\",\"name\":\"PERLE IN\",\"url\":\"https:\\\/\\\/perle-in.com\\\/\",\"logo\":{\"@type\":\"ImageObject\",\"inLanguage\":\"en-CA\",\"@id\":\"https:\\\/\\\/perle-in.com\\\/#\\\/schema\\\/logo\\\/image\\\/\",\"url\":\"https:\\\/\\\/perle-in.com\\\/wp-content\\\/uploads\\\/2022\\\/12\\\/LOGO-PERLE-IN-COULEUR@3x.webp\",\"contentUrl\":\"https:\\\/\\\/perle-in.com\\\/wp-content\\\/uploads\\\/2022\\\/12\\\/LOGO-PERLE-IN-COULEUR@3x.webp\",\"width\":1600,\"height\":490,\"caption\":\"PERLE IN\"},\"image\":{\"@id\":\"https:\\\/\\\/perle-in.com\\\/#\\\/schema\\\/logo\\\/image\\\/\"}}]}<\/script>\n<!-- \/ Yoast SEO plugin. -->","yoast_head_json":{"title":"Stylo plume Waterman Hemisphere H - PERLE IN","robots":{"index":"noindex","follow":"follow","max-snippet":"max-snippet:-1","max-image-preview":"max-image-preview:large","max-video-preview":"max-video-preview:-1"},"og_locale":"en_US","og_type":"article","og_title":"Stylo plume Waterman Hemisphere H - PERLE IN","og_description":"Inspir\u00e9 de la tendance \u00ab\u00a0luxe discret\u00a0\u00bb, le stylo plume H\u00e9misph\u00e8re offre une neutralit\u00e9 intemporelle pour compl\u00e9ter les basiques de votre garde-robe, saison apr\u00e8s saison. Avec sa silhouette \u00e9l\u00e9gante et \u00e9lanc\u00e9e, il est fabriqu\u00e9 \u00e0 partir de mat\u00e9riaux de la plus haute qualit\u00e9. Le corps et le capuchon pr\u00e9sentent une luxueuse finition laqu\u00e9e m\u00e9tallique. Un clip Waterman finement \u00e9labor\u00e9 \u00e0 double branche et recouvert d\u2019or clair et une plume rev\u00eatue d\u2019or clair grav\u00e9e du c\u00e9l\u00e8bre W en boucle compl\u00e8tent ce design \u00e9l\u00e9gant et toutes saisons. Fabriqu\u00e9 en France, ce stylo b\u00e9n\u00e9ficie de la garantie internationale Waterman de deux ans et est pr\u00e9sent\u00e9 dans un coffret cadeau Waterman de qualit\u00e9 sup\u00e9rieure. Couleur de l\u2019encre\u00a0: bleu.","og_url":"https:\/\/perle-in.com\/en\/product\/stylo-plume-waterman-hemisphere-h\/","og_site_name":"PERLE IN","article_modified_time":"2025-10-16T08:09:13+00:00","og_image":[{"width":1600,"height":1600,"url":"https:\/\/perle-in.com\/wp-content\/uploads\/2025\/10\/10637432-1.jpg","type":"image\/jpeg"}],"twitter_card":"summary_large_image","schema":{"@context":"https:\/\/schema.org","@graph":[{"@type":"WebPage","@id":"https:\/\/perle-in.com\/produit\/stylo-plume-waterman-hemisphere-h\/","url":"https:\/\/perle-in.com\/produit\/stylo-plume-waterman-hemisphere-h\/","name":"Stylo plume Waterman Hemisphere H - PERLE IN","isPartOf":{"@id":"https:\/\/perle-in.com\/#website"},"primaryImageOfPage":{"@id":"https:\/\/perle-in.com\/produit\/stylo-plume-waterman-hemisphere-h\/#primaryimage"},"image":{"@id":"https:\/\/perle-in.com\/produit\/stylo-plume-waterman-hemisphere-h\/#primaryimage"},"thumbnailUrl":"https:\/\/perle-in.com\/wp-content\/uploads\/2025\/10\/10637432-1.jpg","datePublished":"2025-10-16T08:09:10+00:00","dateModified":"2025-10-16T08:09:13+00:00","breadcrumb":{"@id":"https:\/\/perle-in.com\/produit\/stylo-plume-waterman-hemisphere-h\/#breadcrumb"},"inLanguage":"en-CA","potentialAction":[{"@type":"ReadAction","target":["https:\/\/perle-in.com\/produit\/stylo-plume-waterman-hemisphere-h\/"]}]},{"@type":"ImageObject","inLanguage":"en-CA","@id":"https:\/\/perle-in.com\/produit\/stylo-plume-waterman-hemisphere-h\/#primaryimage","url":"https:\/\/perle-in.com\/wp-content\/uploads\/2025\/10\/10637432-1.jpg","contentUrl":"https:\/\/perle-in.com\/wp-content\/uploads\/2025\/10\/10637432-1.jpg","width":1600,"height":1600},{"@type":"BreadcrumbList","@id":"https:\/\/perle-in.com\/produit\/stylo-plume-waterman-hemisphere-h\/#breadcrumb","itemListElement":[{"@type":"ListItem","position":1,"name":"Accueil","item":"https:\/\/perle-in.com\/"},{"@type":"ListItem","position":2,"name":"Boutique","item":"https:\/\/perle-in.com\/boutique\/"},{"@type":"ListItem","position":3,"name":"Stylo plume Waterman Hemisphere H"}]},{"@type":"WebSite","@id":"https:\/\/perle-in.com\/#website","url":"https:\/\/perle-in.com\/","name":"PERLE IN","description":"","publisher":{"@id":"https:\/\/perle-in.com\/#organization"},"potentialAction":[{"@type":"SearchAction","target":{"@type":"EntryPoint","urlTemplate":"https:\/\/perle-in.com\/?s={search_term_string}"},"query-input":{"@type":"PropertyValueSpecification","valueRequired":true,"valueName":"search_term_string"}}],"inLanguage":"en-CA"},{"@type":"Organization","@id":"https:\/\/perle-in.com\/#organization","name":"PERLE IN","url":"https:\/\/perle-in.com\/","logo":{"@type":"ImageObject","inLanguage":"en-CA","@id":"https:\/\/perle-in.com\/#\/schema\/logo\/image\/","url":"https:\/\/perle-in.com\/wp-content\/uploads\/2022\/12\/LOGO-PERLE-IN-COULEUR@3x.webp","contentUrl":"https:\/\/perle-in.com\/wp-content\/uploads\/2022\/12\/LOGO-PERLE-IN-COULEUR@3x.webp","width":1600,"height":490,"caption":"PERLE IN"},"image":{"@id":"https:\/\/perle-in.com\/#\/schema\/logo\/image\/"}}]}},"jetpack_sharing_enabled":true,"_links":{"self":[{"href":"https:\/\/perle-in.com\/en\/wp-json\/wp\/v2\/product\/578821","targetHints":{"allow":["GET"]}}],"collection":[{"href":"https:\/\/perle-in.com\/en\/wp-json\/wp\/v2\/product"}],"about":[{"href":"https:\/\/perle-in.com\/en\/wp-json\/wp\/v2\/types\/product"}],"version-history":[{"count":0,"href":"https:\/\/perle-in.com\/en\/wp-json\/wp\/v2\/product\/578821\/revisions"}],"wp:featuredmedia":[{"embeddable":true,"href":"https:\/\/perle-in.com\/en\/wp-json\/wp\/v2\/media\/578813"}],"wp:attachment":[{"href":"https:\/\/perle-in.com\/en\/wp-json\/wp\/v2\/media?parent=578821"}],"wp:term":[{"taxonomy":"product_brand","embeddable":true,"href":"https:\/\/perle-in.com\/en\/wp-json\/wp\/v2\/product_brand?post=578821"},{"taxonomy":"product_cat","embeddable":true,"href":"https:\/\/perle-in.com\/en\/wp-json\/wp\/v2\/product_cat?post=578821"},{"taxonomy":"product_tag","embeddable":true,"href":"https:\/\/perle-in.com\/en\/wp-json\/wp\/v2\/product_tag?post=578821"}],"curies":[{"name":"wp","href":"https:\/\/api.w.org\/{rel}","templated":true}]}}