{"id":578809,"date":"2025-10-16T10:08:04","date_gmt":"2025-10-16T08:08:04","guid":{"rendered":"https:\/\/perle-in.com\/produit\/stylo-roller-waterman-hemisphere-f\/"},"modified":"2025-10-16T10:08:07","modified_gmt":"2025-10-16T08:08:07","slug":"stylo-roller-waterman-hemisphere-f","status":"publish","type":"product","link":"https:\/\/perle-in.com\/en\/product\/stylo-roller-waterman-hemisphere-f\/","title":{"rendered":"Stylo roller Waterman Hemisphere F"},"content":{"rendered":"","protected":false},"excerpt":{"rendered":"<p>Inspir\u00e9 de la tendance \u00ab\u00a0luxe discret\u00a0\u00bb, le stylo bille H\u00e9misph\u00e8re offre une neutralit\u00e9 intemporelle pour compl\u00e9ter les basiques de votre garde-robe, saison apr\u00e8s saison. Avec sa silhouette \u00e9l\u00e9gante et \u00e9lanc\u00e9e, il est fabriqu\u00e9 \u00e0 partir de mat\u00e9riaux de la plus haute qualit\u00e9. Le corps et le capuchon pr\u00e9sentent une luxueuse finition laqu\u00e9e m\u00e9tallique, rehauss\u00e9e d\u2019une garniture en or clair. Un clip Waterman finement \u00e9labor\u00e9 \u00e0 double branche et recouvert d\u2019or clair compl\u00e8te ce design \u00e9l\u00e9gant et toutes saisons. La pointe du stylo \u00e0 bille, con\u00e7ue par des experts et dot\u00e9e d\u2019une encre \u00e0 s\u00e9chage rapide, garantit une exp\u00e9rience d\u2019\u00e9criture fluide. Fabriqu\u00e9 en France, ce stylo b\u00e9n\u00e9ficie de la garantie internationale Waterman de deux ans et est pr\u00e9sent\u00e9 dans un coffret cadeau Waterman de qualit\u00e9 sup\u00e9rieure. Couleur de l\u2019encre\u00a0: noir.<\/p>","protected":false},"featured_media":578799,"template":"","meta":{"_eb_attr":""},"product_brand":[],"product_cat":[552],"product_tag":[2683,1411,1467],"class_list":{"0":"post-578809","1":"product","2":"type-product","3":"status-publish","4":"has-post-thumbnail","6":"product_cat-stylos-et-ecriture","7":"product_tag-ecriture","8":"product_tag-stylo-a-bille","9":"product_tag-waterman","10":"pa_couleurs-cuivre","11":"pa_couleurs-gris","12":"pa_couleurs-noir","13":"pa_green-points-2795","14":"pa_marque-waterman","15":"pa_pays-d-origine-france","17":"first","18":"outofstock","19":"shipping-taxable","20":"purchasable","21":"product-type-variable"},"yoast_head":"<!-- This site is optimized with the Yoast SEO plugin v27.4 - https:\/\/yoast.com\/product\/yoast-seo-wordpress\/ -->\n<title>Stylo roller Waterman Hemisphere F - PERLE IN<\/title>\n<meta name=\"robots\" content=\"noindex, follow, max-snippet:-1, max-image-preview:large, max-video-preview:-1\" \/>\n<meta property=\"og:locale\" content=\"en_US\" \/>\n<meta property=\"og:type\" content=\"article\" \/>\n<meta property=\"og:title\" content=\"Stylo roller Waterman Hemisphere F - PERLE IN\" \/>\n<meta property=\"og:description\" content=\"Inspir\u00e9 de la tendance \u00ab\u00a0luxe discret\u00a0\u00bb, le stylo bille H\u00e9misph\u00e8re offre une neutralit\u00e9 intemporelle pour compl\u00e9ter les basiques de votre garde-robe, saison apr\u00e8s saison. Avec sa silhouette \u00e9l\u00e9gante et \u00e9lanc\u00e9e, il est fabriqu\u00e9 \u00e0 partir de mat\u00e9riaux de la plus haute qualit\u00e9. Le corps et le capuchon pr\u00e9sentent une luxueuse finition laqu\u00e9e m\u00e9tallique, rehauss\u00e9e d\u2019une garniture en or clair. Un clip Waterman finement \u00e9labor\u00e9 \u00e0 double branche et recouvert d\u2019or clair compl\u00e8te ce design \u00e9l\u00e9gant et toutes saisons. La pointe du stylo \u00e0 bille, con\u00e7ue par des experts et dot\u00e9e d\u2019une encre \u00e0 s\u00e9chage rapide, garantit une exp\u00e9rience d\u2019\u00e9criture fluide. Fabriqu\u00e9 en France, ce stylo b\u00e9n\u00e9ficie de la garantie internationale Waterman de deux ans et est pr\u00e9sent\u00e9 dans un coffret cadeau Waterman de qualit\u00e9 sup\u00e9rieure. Couleur de l\u2019encre\u00a0: noir.\" \/>\n<meta property=\"og:url\" content=\"https:\/\/perle-in.com\/en\/product\/stylo-roller-waterman-hemisphere-f\/\" \/>\n<meta property=\"og:site_name\" content=\"PERLE IN\" \/>\n<meta property=\"article:modified_time\" content=\"2025-10-16T08:08:07+00:00\" \/>\n<meta property=\"og:image\" content=\"https:\/\/perle-in.com\/wp-content\/uploads\/2025\/10\/10637232-1.jpg\" \/>\n\t<meta property=\"og:image:width\" content=\"1600\" \/>\n\t<meta property=\"og:image:height\" content=\"1600\" \/>\n\t<meta property=\"og:image:type\" content=\"image\/jpeg\" \/>\n<meta name=\"twitter:card\" content=\"summary_large_image\" \/>\n<script type=\"application\/ld+json\" class=\"yoast-schema-graph\">{\"@context\":\"https:\\\/\\\/schema.org\",\"@graph\":[{\"@type\":\"WebPage\",\"@id\":\"https:\\\/\\\/perle-in.com\\\/produit\\\/stylo-roller-waterman-hemisphere-f\\\/\",\"url\":\"https:\\\/\\\/perle-in.com\\\/produit\\\/stylo-roller-waterman-hemisphere-f\\\/\",\"name\":\"Stylo roller Waterman Hemisphere F - PERLE IN\",\"isPartOf\":{\"@id\":\"https:\\\/\\\/perle-in.com\\\/#website\"},\"primaryImageOfPage\":{\"@id\":\"https:\\\/\\\/perle-in.com\\\/produit\\\/stylo-roller-waterman-hemisphere-f\\\/#primaryimage\"},\"image\":{\"@id\":\"https:\\\/\\\/perle-in.com\\\/produit\\\/stylo-roller-waterman-hemisphere-f\\\/#primaryimage\"},\"thumbnailUrl\":\"https:\\\/\\\/perle-in.com\\\/wp-content\\\/uploads\\\/2025\\\/10\\\/10637232-1.jpg\",\"datePublished\":\"2025-10-16T08:08:04+00:00\",\"dateModified\":\"2025-10-16T08:08:07+00:00\",\"breadcrumb\":{\"@id\":\"https:\\\/\\\/perle-in.com\\\/produit\\\/stylo-roller-waterman-hemisphere-f\\\/#breadcrumb\"},\"inLanguage\":\"en-CA\",\"potentialAction\":[{\"@type\":\"ReadAction\",\"target\":[\"https:\\\/\\\/perle-in.com\\\/produit\\\/stylo-roller-waterman-hemisphere-f\\\/\"]}]},{\"@type\":\"ImageObject\",\"inLanguage\":\"en-CA\",\"@id\":\"https:\\\/\\\/perle-in.com\\\/produit\\\/stylo-roller-waterman-hemisphere-f\\\/#primaryimage\",\"url\":\"https:\\\/\\\/perle-in.com\\\/wp-content\\\/uploads\\\/2025\\\/10\\\/10637232-1.jpg\",\"contentUrl\":\"https:\\\/\\\/perle-in.com\\\/wp-content\\\/uploads\\\/2025\\\/10\\\/10637232-1.jpg\",\"width\":1600,\"height\":1600},{\"@type\":\"BreadcrumbList\",\"@id\":\"https:\\\/\\\/perle-in.com\\\/produit\\\/stylo-roller-waterman-hemisphere-f\\\/#breadcrumb\",\"itemListElement\":[{\"@type\":\"ListItem\",\"position\":1,\"name\":\"Accueil\",\"item\":\"https:\\\/\\\/perle-in.com\\\/\"},{\"@type\":\"ListItem\",\"position\":2,\"name\":\"Boutique\",\"item\":\"https:\\\/\\\/perle-in.com\\\/boutique\\\/\"},{\"@type\":\"ListItem\",\"position\":3,\"name\":\"Stylo roller Waterman Hemisphere F\"}]},{\"@type\":\"WebSite\",\"@id\":\"https:\\\/\\\/perle-in.com\\\/#website\",\"url\":\"https:\\\/\\\/perle-in.com\\\/\",\"name\":\"PERLE IN\",\"description\":\"\",\"publisher\":{\"@id\":\"https:\\\/\\\/perle-in.com\\\/#organization\"},\"potentialAction\":[{\"@type\":\"SearchAction\",\"target\":{\"@type\":\"EntryPoint\",\"urlTemplate\":\"https:\\\/\\\/perle-in.com\\\/?s={search_term_string}\"},\"query-input\":{\"@type\":\"PropertyValueSpecification\",\"valueRequired\":true,\"valueName\":\"search_term_string\"}}],\"inLanguage\":\"en-CA\"},{\"@type\":\"Organization\",\"@id\":\"https:\\\/\\\/perle-in.com\\\/#organization\",\"name\":\"PERLE IN\",\"url\":\"https:\\\/\\\/perle-in.com\\\/\",\"logo\":{\"@type\":\"ImageObject\",\"inLanguage\":\"en-CA\",\"@id\":\"https:\\\/\\\/perle-in.com\\\/#\\\/schema\\\/logo\\\/image\\\/\",\"url\":\"https:\\\/\\\/perle-in.com\\\/wp-content\\\/uploads\\\/2022\\\/12\\\/LOGO-PERLE-IN-COULEUR@3x.webp\",\"contentUrl\":\"https:\\\/\\\/perle-in.com\\\/wp-content\\\/uploads\\\/2022\\\/12\\\/LOGO-PERLE-IN-COULEUR@3x.webp\",\"width\":1600,\"height\":490,\"caption\":\"PERLE IN\"},\"image\":{\"@id\":\"https:\\\/\\\/perle-in.com\\\/#\\\/schema\\\/logo\\\/image\\\/\"}}]}<\/script>\n<!-- \/ Yoast SEO plugin. -->","yoast_head_json":{"title":"Stylo roller Waterman Hemisphere F - PERLE IN","robots":{"index":"noindex","follow":"follow","max-snippet":"max-snippet:-1","max-image-preview":"max-image-preview:large","max-video-preview":"max-video-preview:-1"},"og_locale":"en_US","og_type":"article","og_title":"Stylo roller Waterman Hemisphere F - PERLE IN","og_description":"Inspir\u00e9 de la tendance \u00ab\u00a0luxe discret\u00a0\u00bb, le stylo bille H\u00e9misph\u00e8re offre une neutralit\u00e9 intemporelle pour compl\u00e9ter les basiques de votre garde-robe, saison apr\u00e8s saison. Avec sa silhouette \u00e9l\u00e9gante et \u00e9lanc\u00e9e, il est fabriqu\u00e9 \u00e0 partir de mat\u00e9riaux de la plus haute qualit\u00e9. Le corps et le capuchon pr\u00e9sentent une luxueuse finition laqu\u00e9e m\u00e9tallique, rehauss\u00e9e d\u2019une garniture en or clair. Un clip Waterman finement \u00e9labor\u00e9 \u00e0 double branche et recouvert d\u2019or clair compl\u00e8te ce design \u00e9l\u00e9gant et toutes saisons. La pointe du stylo \u00e0 bille, con\u00e7ue par des experts et dot\u00e9e d\u2019une encre \u00e0 s\u00e9chage rapide, garantit une exp\u00e9rience d\u2019\u00e9criture fluide. Fabriqu\u00e9 en France, ce stylo b\u00e9n\u00e9ficie de la garantie internationale Waterman de deux ans et est pr\u00e9sent\u00e9 dans un coffret cadeau Waterman de qualit\u00e9 sup\u00e9rieure. Couleur de l\u2019encre\u00a0: noir.","og_url":"https:\/\/perle-in.com\/en\/product\/stylo-roller-waterman-hemisphere-f\/","og_site_name":"PERLE IN","article_modified_time":"2025-10-16T08:08:07+00:00","og_image":[{"width":1600,"height":1600,"url":"https:\/\/perle-in.com\/wp-content\/uploads\/2025\/10\/10637232-1.jpg","type":"image\/jpeg"}],"twitter_card":"summary_large_image","schema":{"@context":"https:\/\/schema.org","@graph":[{"@type":"WebPage","@id":"https:\/\/perle-in.com\/produit\/stylo-roller-waterman-hemisphere-f\/","url":"https:\/\/perle-in.com\/produit\/stylo-roller-waterman-hemisphere-f\/","name":"Stylo roller Waterman Hemisphere F - PERLE IN","isPartOf":{"@id":"https:\/\/perle-in.com\/#website"},"primaryImageOfPage":{"@id":"https:\/\/perle-in.com\/produit\/stylo-roller-waterman-hemisphere-f\/#primaryimage"},"image":{"@id":"https:\/\/perle-in.com\/produit\/stylo-roller-waterman-hemisphere-f\/#primaryimage"},"thumbnailUrl":"https:\/\/perle-in.com\/wp-content\/uploads\/2025\/10\/10637232-1.jpg","datePublished":"2025-10-16T08:08:04+00:00","dateModified":"2025-10-16T08:08:07+00:00","breadcrumb":{"@id":"https:\/\/perle-in.com\/produit\/stylo-roller-waterman-hemisphere-f\/#breadcrumb"},"inLanguage":"en-CA","potentialAction":[{"@type":"ReadAction","target":["https:\/\/perle-in.com\/produit\/stylo-roller-waterman-hemisphere-f\/"]}]},{"@type":"ImageObject","inLanguage":"en-CA","@id":"https:\/\/perle-in.com\/produit\/stylo-roller-waterman-hemisphere-f\/#primaryimage","url":"https:\/\/perle-in.com\/wp-content\/uploads\/2025\/10\/10637232-1.jpg","contentUrl":"https:\/\/perle-in.com\/wp-content\/uploads\/2025\/10\/10637232-1.jpg","width":1600,"height":1600},{"@type":"BreadcrumbList","@id":"https:\/\/perle-in.com\/produit\/stylo-roller-waterman-hemisphere-f\/#breadcrumb","itemListElement":[{"@type":"ListItem","position":1,"name":"Accueil","item":"https:\/\/perle-in.com\/"},{"@type":"ListItem","position":2,"name":"Boutique","item":"https:\/\/perle-in.com\/boutique\/"},{"@type":"ListItem","position":3,"name":"Stylo roller Waterman Hemisphere F"}]},{"@type":"WebSite","@id":"https:\/\/perle-in.com\/#website","url":"https:\/\/perle-in.com\/","name":"PERLE IN","description":"","publisher":{"@id":"https:\/\/perle-in.com\/#organization"},"potentialAction":[{"@type":"SearchAction","target":{"@type":"EntryPoint","urlTemplate":"https:\/\/perle-in.com\/?s={search_term_string}"},"query-input":{"@type":"PropertyValueSpecification","valueRequired":true,"valueName":"search_term_string"}}],"inLanguage":"en-CA"},{"@type":"Organization","@id":"https:\/\/perle-in.com\/#organization","name":"PERLE IN","url":"https:\/\/perle-in.com\/","logo":{"@type":"ImageObject","inLanguage":"en-CA","@id":"https:\/\/perle-in.com\/#\/schema\/logo\/image\/","url":"https:\/\/perle-in.com\/wp-content\/uploads\/2022\/12\/LOGO-PERLE-IN-COULEUR@3x.webp","contentUrl":"https:\/\/perle-in.com\/wp-content\/uploads\/2022\/12\/LOGO-PERLE-IN-COULEUR@3x.webp","width":1600,"height":490,"caption":"PERLE IN"},"image":{"@id":"https:\/\/perle-in.com\/#\/schema\/logo\/image\/"}}]}},"jetpack_sharing_enabled":true,"_links":{"self":[{"href":"https:\/\/perle-in.com\/en\/wp-json\/wp\/v2\/product\/578809","targetHints":{"allow":["GET"]}}],"collection":[{"href":"https:\/\/perle-in.com\/en\/wp-json\/wp\/v2\/product"}],"about":[{"href":"https:\/\/perle-in.com\/en\/wp-json\/wp\/v2\/types\/product"}],"version-history":[{"count":0,"href":"https:\/\/perle-in.com\/en\/wp-json\/wp\/v2\/product\/578809\/revisions"}],"wp:featuredmedia":[{"embeddable":true,"href":"https:\/\/perle-in.com\/en\/wp-json\/wp\/v2\/media\/578799"}],"wp:attachment":[{"href":"https:\/\/perle-in.com\/en\/wp-json\/wp\/v2\/media?parent=578809"}],"wp:term":[{"taxonomy":"product_brand","embeddable":true,"href":"https:\/\/perle-in.com\/en\/wp-json\/wp\/v2\/product_brand?post=578809"},{"taxonomy":"product_cat","embeddable":true,"href":"https:\/\/perle-in.com\/en\/wp-json\/wp\/v2\/product_cat?post=578809"},{"taxonomy":"product_tag","embeddable":true,"href":"https:\/\/perle-in.com\/en\/wp-json\/wp\/v2\/product_tag?post=578809"}],"curies":[{"name":"wp","href":"https:\/\/api.w.org\/{rel}","templated":true}]}}