{"id":578764,"date":"2025-10-16T10:03:27","date_gmt":"2025-10-16T08:03:27","guid":{"rendered":"https:\/\/perle-in.com\/produit\/bougie-bio-originalhome-de-taille-moyenne\/"},"modified":"2025-10-16T10:03:30","modified_gmt":"2025-10-16T08:03:30","slug":"bougie-bio-originalhome-de-taille-moyenne","status":"publish","type":"product","link":"https:\/\/perle-in.com\/en\/product\/bougie-bio-originalhome-de-taille-moyenne\/","title":{"rendered":"Bougie bio Originalhome de taille moyenne"},"content":{"rendered":"","protected":false},"excerpt":{"rendered":"<p>Bougie bio fabriqu\u00e9e \u00e0 la main \u00e0 partir de cire v\u00e9g\u00e9tale sans paraffine. Bougie sans parfum avec une m\u00e8che 100\u00a0% coton qui br\u00fble proprement. Chaque achat permet de planter un arbre pour les agriculteurs en Afrique et de soutenir un projet sp\u00e9cial de commerce \u00e9quitable \u00e0 Java, en Indon\u00e9sie. Disponible dans toute une gamme de couleurs \u00e9clatantes. Dur\u00e9e de combustion de la bougie\u00a0: 88 heures.<\/p>","protected":false},"featured_media":578758,"template":"","meta":{"_eb_attr":""},"product_brand":[],"product_cat":[460,150],"product_tag":[3334,4190,1131,862,3784,3785,2881],"class_list":{"0":"post-578764","1":"product","2":"type-product","3":"status-publish","4":"has-post-thumbnail","6":"product_cat-accessoires-pour-la-maison","7":"product_cat-maison-et-cuisine","8":"product_tag-bougie","9":"product_tag-chandelle","10":"product_tag-diner","11":"product_tag-maison","12":"product_tag-original-home","13":"product_tag-originalhome","14":"product_tag-table","15":"pa_couleurs-beige","16":"pa_couleurs-blanc-casse","17":"pa_couleurs-vert-bruyere","18":"pa_green-points-1619","19":"pa_marque-originalhome","20":"pa_matiere-cire-de-palmiste","21":"pa_pays-d-origine-pays-bas","23":"first","24":"instock","25":"shipping-taxable","26":"purchasable","27":"product-type-variable"},"yoast_head":"<!-- This site is optimized with the Yoast SEO plugin v27.4 - https:\/\/yoast.com\/product\/yoast-seo-wordpress\/ -->\n<title>Bougie bio Originalhome de taille moyenne - PERLE IN<\/title>\n<meta name=\"robots\" content=\"noindex, follow, max-snippet:-1, max-image-preview:large, max-video-preview:-1\" \/>\n<meta property=\"og:locale\" content=\"en_US\" \/>\n<meta property=\"og:type\" content=\"article\" \/>\n<meta property=\"og:title\" content=\"Bougie bio Originalhome de taille moyenne - PERLE IN\" \/>\n<meta property=\"og:description\" content=\"Bougie bio fabriqu\u00e9e \u00e0 la main \u00e0 partir de cire v\u00e9g\u00e9tale sans paraffine. Bougie sans parfum avec une m\u00e8che 100\u00a0% coton qui br\u00fble proprement. Chaque achat permet de planter un arbre pour les agriculteurs en Afrique et de soutenir un projet sp\u00e9cial de commerce \u00e9quitable \u00e0 Java, en Indon\u00e9sie. Disponible dans toute une gamme de couleurs \u00e9clatantes. Dur\u00e9e de combustion de la bougie\u00a0: 88 heures.\" \/>\n<meta property=\"og:url\" content=\"https:\/\/perle-in.com\/en\/product\/bougie-bio-originalhome-de-taille-moyenne\/\" \/>\n<meta property=\"og:site_name\" content=\"PERLE IN\" \/>\n<meta property=\"article:modified_time\" content=\"2025-10-16T08:03:30+00:00\" \/>\n<meta property=\"og:image\" content=\"https:\/\/perle-in.com\/wp-content\/uploads\/2025\/10\/12642702-1.jpg\" \/>\n\t<meta property=\"og:image:width\" content=\"1600\" \/>\n\t<meta property=\"og:image:height\" content=\"1600\" \/>\n\t<meta property=\"og:image:type\" content=\"image\/jpeg\" \/>\n<meta name=\"twitter:card\" content=\"summary_large_image\" \/>\n<script type=\"application\/ld+json\" class=\"yoast-schema-graph\">{\"@context\":\"https:\\\/\\\/schema.org\",\"@graph\":[{\"@type\":\"WebPage\",\"@id\":\"https:\\\/\\\/perle-in.com\\\/produit\\\/bougie-bio-originalhome-de-taille-moyenne\\\/\",\"url\":\"https:\\\/\\\/perle-in.com\\\/produit\\\/bougie-bio-originalhome-de-taille-moyenne\\\/\",\"name\":\"Bougie bio Originalhome de taille moyenne - PERLE IN\",\"isPartOf\":{\"@id\":\"https:\\\/\\\/perle-in.com\\\/#website\"},\"primaryImageOfPage\":{\"@id\":\"https:\\\/\\\/perle-in.com\\\/produit\\\/bougie-bio-originalhome-de-taille-moyenne\\\/#primaryimage\"},\"image\":{\"@id\":\"https:\\\/\\\/perle-in.com\\\/produit\\\/bougie-bio-originalhome-de-taille-moyenne\\\/#primaryimage\"},\"thumbnailUrl\":\"https:\\\/\\\/perle-in.com\\\/wp-content\\\/uploads\\\/2025\\\/10\\\/12642702-1.jpg\",\"datePublished\":\"2025-10-16T08:03:27+00:00\",\"dateModified\":\"2025-10-16T08:03:30+00:00\",\"breadcrumb\":{\"@id\":\"https:\\\/\\\/perle-in.com\\\/produit\\\/bougie-bio-originalhome-de-taille-moyenne\\\/#breadcrumb\"},\"inLanguage\":\"en-CA\",\"potentialAction\":[{\"@type\":\"ReadAction\",\"target\":[\"https:\\\/\\\/perle-in.com\\\/produit\\\/bougie-bio-originalhome-de-taille-moyenne\\\/\"]}]},{\"@type\":\"ImageObject\",\"inLanguage\":\"en-CA\",\"@id\":\"https:\\\/\\\/perle-in.com\\\/produit\\\/bougie-bio-originalhome-de-taille-moyenne\\\/#primaryimage\",\"url\":\"https:\\\/\\\/perle-in.com\\\/wp-content\\\/uploads\\\/2025\\\/10\\\/12642702-1.jpg\",\"contentUrl\":\"https:\\\/\\\/perle-in.com\\\/wp-content\\\/uploads\\\/2025\\\/10\\\/12642702-1.jpg\",\"width\":1600,\"height\":1600},{\"@type\":\"BreadcrumbList\",\"@id\":\"https:\\\/\\\/perle-in.com\\\/produit\\\/bougie-bio-originalhome-de-taille-moyenne\\\/#breadcrumb\",\"itemListElement\":[{\"@type\":\"ListItem\",\"position\":1,\"name\":\"Accueil\",\"item\":\"https:\\\/\\\/perle-in.com\\\/\"},{\"@type\":\"ListItem\",\"position\":2,\"name\":\"Boutique\",\"item\":\"https:\\\/\\\/perle-in.com\\\/boutique\\\/\"},{\"@type\":\"ListItem\",\"position\":3,\"name\":\"Bougie bio Originalhome de taille moyenne\"}]},{\"@type\":\"WebSite\",\"@id\":\"https:\\\/\\\/perle-in.com\\\/#website\",\"url\":\"https:\\\/\\\/perle-in.com\\\/\",\"name\":\"PERLE IN\",\"description\":\"\",\"publisher\":{\"@id\":\"https:\\\/\\\/perle-in.com\\\/#organization\"},\"potentialAction\":[{\"@type\":\"SearchAction\",\"target\":{\"@type\":\"EntryPoint\",\"urlTemplate\":\"https:\\\/\\\/perle-in.com\\\/?s={search_term_string}\"},\"query-input\":{\"@type\":\"PropertyValueSpecification\",\"valueRequired\":true,\"valueName\":\"search_term_string\"}}],\"inLanguage\":\"en-CA\"},{\"@type\":\"Organization\",\"@id\":\"https:\\\/\\\/perle-in.com\\\/#organization\",\"name\":\"PERLE IN\",\"url\":\"https:\\\/\\\/perle-in.com\\\/\",\"logo\":{\"@type\":\"ImageObject\",\"inLanguage\":\"en-CA\",\"@id\":\"https:\\\/\\\/perle-in.com\\\/#\\\/schema\\\/logo\\\/image\\\/\",\"url\":\"https:\\\/\\\/perle-in.com\\\/wp-content\\\/uploads\\\/2022\\\/12\\\/LOGO-PERLE-IN-COULEUR@3x.webp\",\"contentUrl\":\"https:\\\/\\\/perle-in.com\\\/wp-content\\\/uploads\\\/2022\\\/12\\\/LOGO-PERLE-IN-COULEUR@3x.webp\",\"width\":1600,\"height\":490,\"caption\":\"PERLE IN\"},\"image\":{\"@id\":\"https:\\\/\\\/perle-in.com\\\/#\\\/schema\\\/logo\\\/image\\\/\"}}]}<\/script>\n<!-- \/ Yoast SEO plugin. -->","yoast_head_json":{"title":"Bougie bio Originalhome de taille moyenne - PERLE IN","robots":{"index":"noindex","follow":"follow","max-snippet":"max-snippet:-1","max-image-preview":"max-image-preview:large","max-video-preview":"max-video-preview:-1"},"og_locale":"en_US","og_type":"article","og_title":"Bougie bio Originalhome de taille moyenne - PERLE IN","og_description":"Bougie bio fabriqu\u00e9e \u00e0 la main \u00e0 partir de cire v\u00e9g\u00e9tale sans paraffine. Bougie sans parfum avec une m\u00e8che 100\u00a0% coton qui br\u00fble proprement. Chaque achat permet de planter un arbre pour les agriculteurs en Afrique et de soutenir un projet sp\u00e9cial de commerce \u00e9quitable \u00e0 Java, en Indon\u00e9sie. Disponible dans toute une gamme de couleurs \u00e9clatantes. Dur\u00e9e de combustion de la bougie\u00a0: 88 heures.","og_url":"https:\/\/perle-in.com\/en\/product\/bougie-bio-originalhome-de-taille-moyenne\/","og_site_name":"PERLE IN","article_modified_time":"2025-10-16T08:03:30+00:00","og_image":[{"width":1600,"height":1600,"url":"https:\/\/perle-in.com\/wp-content\/uploads\/2025\/10\/12642702-1.jpg","type":"image\/jpeg"}],"twitter_card":"summary_large_image","schema":{"@context":"https:\/\/schema.org","@graph":[{"@type":"WebPage","@id":"https:\/\/perle-in.com\/produit\/bougie-bio-originalhome-de-taille-moyenne\/","url":"https:\/\/perle-in.com\/produit\/bougie-bio-originalhome-de-taille-moyenne\/","name":"Bougie bio Originalhome de taille moyenne - PERLE IN","isPartOf":{"@id":"https:\/\/perle-in.com\/#website"},"primaryImageOfPage":{"@id":"https:\/\/perle-in.com\/produit\/bougie-bio-originalhome-de-taille-moyenne\/#primaryimage"},"image":{"@id":"https:\/\/perle-in.com\/produit\/bougie-bio-originalhome-de-taille-moyenne\/#primaryimage"},"thumbnailUrl":"https:\/\/perle-in.com\/wp-content\/uploads\/2025\/10\/12642702-1.jpg","datePublished":"2025-10-16T08:03:27+00:00","dateModified":"2025-10-16T08:03:30+00:00","breadcrumb":{"@id":"https:\/\/perle-in.com\/produit\/bougie-bio-originalhome-de-taille-moyenne\/#breadcrumb"},"inLanguage":"en-CA","potentialAction":[{"@type":"ReadAction","target":["https:\/\/perle-in.com\/produit\/bougie-bio-originalhome-de-taille-moyenne\/"]}]},{"@type":"ImageObject","inLanguage":"en-CA","@id":"https:\/\/perle-in.com\/produit\/bougie-bio-originalhome-de-taille-moyenne\/#primaryimage","url":"https:\/\/perle-in.com\/wp-content\/uploads\/2025\/10\/12642702-1.jpg","contentUrl":"https:\/\/perle-in.com\/wp-content\/uploads\/2025\/10\/12642702-1.jpg","width":1600,"height":1600},{"@type":"BreadcrumbList","@id":"https:\/\/perle-in.com\/produit\/bougie-bio-originalhome-de-taille-moyenne\/#breadcrumb","itemListElement":[{"@type":"ListItem","position":1,"name":"Accueil","item":"https:\/\/perle-in.com\/"},{"@type":"ListItem","position":2,"name":"Boutique","item":"https:\/\/perle-in.com\/boutique\/"},{"@type":"ListItem","position":3,"name":"Bougie bio Originalhome de taille moyenne"}]},{"@type":"WebSite","@id":"https:\/\/perle-in.com\/#website","url":"https:\/\/perle-in.com\/","name":"PERLE IN","description":"","publisher":{"@id":"https:\/\/perle-in.com\/#organization"},"potentialAction":[{"@type":"SearchAction","target":{"@type":"EntryPoint","urlTemplate":"https:\/\/perle-in.com\/?s={search_term_string}"},"query-input":{"@type":"PropertyValueSpecification","valueRequired":true,"valueName":"search_term_string"}}],"inLanguage":"en-CA"},{"@type":"Organization","@id":"https:\/\/perle-in.com\/#organization","name":"PERLE IN","url":"https:\/\/perle-in.com\/","logo":{"@type":"ImageObject","inLanguage":"en-CA","@id":"https:\/\/perle-in.com\/#\/schema\/logo\/image\/","url":"https:\/\/perle-in.com\/wp-content\/uploads\/2022\/12\/LOGO-PERLE-IN-COULEUR@3x.webp","contentUrl":"https:\/\/perle-in.com\/wp-content\/uploads\/2022\/12\/LOGO-PERLE-IN-COULEUR@3x.webp","width":1600,"height":490,"caption":"PERLE IN"},"image":{"@id":"https:\/\/perle-in.com\/#\/schema\/logo\/image\/"}}]}},"jetpack_sharing_enabled":true,"_links":{"self":[{"href":"https:\/\/perle-in.com\/en\/wp-json\/wp\/v2\/product\/578764","targetHints":{"allow":["GET"]}}],"collection":[{"href":"https:\/\/perle-in.com\/en\/wp-json\/wp\/v2\/product"}],"about":[{"href":"https:\/\/perle-in.com\/en\/wp-json\/wp\/v2\/types\/product"}],"version-history":[{"count":0,"href":"https:\/\/perle-in.com\/en\/wp-json\/wp\/v2\/product\/578764\/revisions"}],"wp:featuredmedia":[{"embeddable":true,"href":"https:\/\/perle-in.com\/en\/wp-json\/wp\/v2\/media\/578758"}],"wp:attachment":[{"href":"https:\/\/perle-in.com\/en\/wp-json\/wp\/v2\/media?parent=578764"}],"wp:term":[{"taxonomy":"product_brand","embeddable":true,"href":"https:\/\/perle-in.com\/en\/wp-json\/wp\/v2\/product_brand?post=578764"},{"taxonomy":"product_cat","embeddable":true,"href":"https:\/\/perle-in.com\/en\/wp-json\/wp\/v2\/product_cat?post=578764"},{"taxonomy":"product_tag","embeddable":true,"href":"https:\/\/perle-in.com\/en\/wp-json\/wp\/v2\/product_tag?post=578764"}],"curies":[{"name":"wp","href":"https:\/\/api.w.org\/{rel}","templated":true}]}}