{"id":578756,"date":"2025-10-16T10:03:01","date_gmt":"2025-10-16T08:03:01","guid":{"rendered":"https:\/\/perle-in.com\/produit\/bougies-daspect-craie-originalhome-par-lot-de-4\/"},"modified":"2025-10-16T10:03:02","modified_gmt":"2025-10-16T08:03:02","slug":"bougies-daspect-craie-originalhome-par-lot-de-4","status":"publish","type":"product","link":"https:\/\/perle-in.com\/en\/product\/bougies-daspect-craie-originalhome-par-lot-de-4\/","title":{"rendered":"Bougies d\u2019aspect craie Originalhome par lot de 4"},"content":{"rendered":"","protected":false},"excerpt":{"rendered":"<p>Ces bougies d\u2019aspect craie pour les d\u00eeners aux chandelles pr\u00e9sentent une magnifique palette de couleurs superpos\u00e9es. Elles sont fabriqu\u00e9es \u00e0 la main \u00e0 partir de cire v\u00e9g\u00e9tale, sans paraffine. Sans parfum, leur m\u00e8che 100\u00a0% coton br\u00fble proprement. Chaque achat permet de planter un arbre pour les agriculteurs en Afrique et de soutenir un projet sp\u00e9cial de commerce \u00e9quitable \u00e0 Java, en Indon\u00e9sie. Disponible dans toute une gamme de couleurs \u00e9clatantes. Lot de trois. Dur\u00e9e de combustion de la bougie\u00a0: 18 \u00e0 20\u00a0heures.<\/p>","protected":false},"featured_media":578752,"template":"","meta":{"_eb_attr":""},"product_brand":[],"product_cat":[460,150],"product_tag":[3334,4190,1131,862,3784,3785,2881],"class_list":{"0":"post-578756","1":"product","2":"type-product","3":"status-publish","4":"has-post-thumbnail","6":"product_cat-accessoires-pour-la-maison","7":"product_cat-maison-et-cuisine","8":"product_tag-bougie","9":"product_tag-chandelle","10":"product_tag-diner","11":"product_tag-maison","12":"product_tag-original-home","13":"product_tag-originalhome","14":"product_tag-table","15":"pa_couleurs-blanc-casse","16":"pa_green-points-1619","17":"pa_marque-originalhome","18":"pa_matiere-cire-de-palmiste","19":"pa_pays-d-origine-pays-bas","21":"first","22":"instock","23":"shipping-taxable","24":"purchasable","25":"product-type-variable"},"yoast_head":"<!-- This site is optimized with the Yoast SEO plugin v27.4 - https:\/\/yoast.com\/product\/yoast-seo-wordpress\/ -->\n<title>Bougies d\u2019aspect craie Originalhome par lot de 4 - PERLE IN<\/title>\n<meta name=\"robots\" content=\"noindex, follow, max-snippet:-1, max-image-preview:large, max-video-preview:-1\" \/>\n<meta property=\"og:locale\" content=\"en_US\" \/>\n<meta property=\"og:type\" content=\"article\" \/>\n<meta property=\"og:title\" content=\"Bougies d\u2019aspect craie Originalhome par lot de 4 - PERLE IN\" \/>\n<meta property=\"og:description\" content=\"Ces bougies d\u2019aspect craie pour les d\u00eeners aux chandelles pr\u00e9sentent une magnifique palette de couleurs superpos\u00e9es. Elles sont fabriqu\u00e9es \u00e0 la main \u00e0 partir de cire v\u00e9g\u00e9tale, sans paraffine. Sans parfum, leur m\u00e8che 100\u00a0% coton br\u00fble proprement. Chaque achat permet de planter un arbre pour les agriculteurs en Afrique et de soutenir un projet sp\u00e9cial de commerce \u00e9quitable \u00e0 Java, en Indon\u00e9sie. Disponible dans toute une gamme de couleurs \u00e9clatantes. Lot de trois. Dur\u00e9e de combustion de la bougie\u00a0: 18 \u00e0 20\u00a0heures.\" \/>\n<meta property=\"og:url\" content=\"https:\/\/perle-in.com\/en\/product\/bougies-daspect-craie-originalhome-par-lot-de-4\/\" \/>\n<meta property=\"og:site_name\" content=\"PERLE IN\" \/>\n<meta property=\"article:modified_time\" content=\"2025-10-16T08:03:02+00:00\" \/>\n<meta property=\"og:image\" content=\"https:\/\/perle-in.com\/wp-content\/uploads\/2025\/10\/12642602-1.jpg\" \/>\n\t<meta property=\"og:image:width\" content=\"1600\" \/>\n\t<meta property=\"og:image:height\" content=\"1600\" \/>\n\t<meta property=\"og:image:type\" content=\"image\/jpeg\" \/>\n<meta name=\"twitter:card\" content=\"summary_large_image\" \/>\n<script type=\"application\/ld+json\" class=\"yoast-schema-graph\">{\"@context\":\"https:\\\/\\\/schema.org\",\"@graph\":[{\"@type\":\"WebPage\",\"@id\":\"https:\\\/\\\/perle-in.com\\\/produit\\\/bougies-daspect-craie-originalhome-par-lot-de-4\\\/\",\"url\":\"https:\\\/\\\/perle-in.com\\\/produit\\\/bougies-daspect-craie-originalhome-par-lot-de-4\\\/\",\"name\":\"Bougies d\u2019aspect craie Originalhome par lot de 4 - PERLE IN\",\"isPartOf\":{\"@id\":\"https:\\\/\\\/perle-in.com\\\/#website\"},\"primaryImageOfPage\":{\"@id\":\"https:\\\/\\\/perle-in.com\\\/produit\\\/bougies-daspect-craie-originalhome-par-lot-de-4\\\/#primaryimage\"},\"image\":{\"@id\":\"https:\\\/\\\/perle-in.com\\\/produit\\\/bougies-daspect-craie-originalhome-par-lot-de-4\\\/#primaryimage\"},\"thumbnailUrl\":\"https:\\\/\\\/perle-in.com\\\/wp-content\\\/uploads\\\/2025\\\/10\\\/12642602-1.jpg\",\"datePublished\":\"2025-10-16T08:03:01+00:00\",\"dateModified\":\"2025-10-16T08:03:02+00:00\",\"breadcrumb\":{\"@id\":\"https:\\\/\\\/perle-in.com\\\/produit\\\/bougies-daspect-craie-originalhome-par-lot-de-4\\\/#breadcrumb\"},\"inLanguage\":\"en-CA\",\"potentialAction\":[{\"@type\":\"ReadAction\",\"target\":[\"https:\\\/\\\/perle-in.com\\\/produit\\\/bougies-daspect-craie-originalhome-par-lot-de-4\\\/\"]}]},{\"@type\":\"ImageObject\",\"inLanguage\":\"en-CA\",\"@id\":\"https:\\\/\\\/perle-in.com\\\/produit\\\/bougies-daspect-craie-originalhome-par-lot-de-4\\\/#primaryimage\",\"url\":\"https:\\\/\\\/perle-in.com\\\/wp-content\\\/uploads\\\/2025\\\/10\\\/12642602-1.jpg\",\"contentUrl\":\"https:\\\/\\\/perle-in.com\\\/wp-content\\\/uploads\\\/2025\\\/10\\\/12642602-1.jpg\",\"width\":1600,\"height\":1600},{\"@type\":\"BreadcrumbList\",\"@id\":\"https:\\\/\\\/perle-in.com\\\/produit\\\/bougies-daspect-craie-originalhome-par-lot-de-4\\\/#breadcrumb\",\"itemListElement\":[{\"@type\":\"ListItem\",\"position\":1,\"name\":\"Accueil\",\"item\":\"https:\\\/\\\/perle-in.com\\\/\"},{\"@type\":\"ListItem\",\"position\":2,\"name\":\"Boutique\",\"item\":\"https:\\\/\\\/perle-in.com\\\/boutique\\\/\"},{\"@type\":\"ListItem\",\"position\":3,\"name\":\"Bougies d\u2019aspect craie Originalhome par lot de 4\"}]},{\"@type\":\"WebSite\",\"@id\":\"https:\\\/\\\/perle-in.com\\\/#website\",\"url\":\"https:\\\/\\\/perle-in.com\\\/\",\"name\":\"PERLE IN\",\"description\":\"\",\"publisher\":{\"@id\":\"https:\\\/\\\/perle-in.com\\\/#organization\"},\"potentialAction\":[{\"@type\":\"SearchAction\",\"target\":{\"@type\":\"EntryPoint\",\"urlTemplate\":\"https:\\\/\\\/perle-in.com\\\/?s={search_term_string}\"},\"query-input\":{\"@type\":\"PropertyValueSpecification\",\"valueRequired\":true,\"valueName\":\"search_term_string\"}}],\"inLanguage\":\"en-CA\"},{\"@type\":\"Organization\",\"@id\":\"https:\\\/\\\/perle-in.com\\\/#organization\",\"name\":\"PERLE IN\",\"url\":\"https:\\\/\\\/perle-in.com\\\/\",\"logo\":{\"@type\":\"ImageObject\",\"inLanguage\":\"en-CA\",\"@id\":\"https:\\\/\\\/perle-in.com\\\/#\\\/schema\\\/logo\\\/image\\\/\",\"url\":\"https:\\\/\\\/perle-in.com\\\/wp-content\\\/uploads\\\/2022\\\/12\\\/LOGO-PERLE-IN-COULEUR@3x.webp\",\"contentUrl\":\"https:\\\/\\\/perle-in.com\\\/wp-content\\\/uploads\\\/2022\\\/12\\\/LOGO-PERLE-IN-COULEUR@3x.webp\",\"width\":1600,\"height\":490,\"caption\":\"PERLE IN\"},\"image\":{\"@id\":\"https:\\\/\\\/perle-in.com\\\/#\\\/schema\\\/logo\\\/image\\\/\"}}]}<\/script>\n<!-- \/ Yoast SEO plugin. -->","yoast_head_json":{"title":"Bougies d\u2019aspect craie Originalhome par lot de 4 - PERLE IN","robots":{"index":"noindex","follow":"follow","max-snippet":"max-snippet:-1","max-image-preview":"max-image-preview:large","max-video-preview":"max-video-preview:-1"},"og_locale":"en_US","og_type":"article","og_title":"Bougies d\u2019aspect craie Originalhome par lot de 4 - PERLE IN","og_description":"Ces bougies d\u2019aspect craie pour les d\u00eeners aux chandelles pr\u00e9sentent une magnifique palette de couleurs superpos\u00e9es. Elles sont fabriqu\u00e9es \u00e0 la main \u00e0 partir de cire v\u00e9g\u00e9tale, sans paraffine. Sans parfum, leur m\u00e8che 100\u00a0% coton br\u00fble proprement. Chaque achat permet de planter un arbre pour les agriculteurs en Afrique et de soutenir un projet sp\u00e9cial de commerce \u00e9quitable \u00e0 Java, en Indon\u00e9sie. Disponible dans toute une gamme de couleurs \u00e9clatantes. Lot de trois. Dur\u00e9e de combustion de la bougie\u00a0: 18 \u00e0 20\u00a0heures.","og_url":"https:\/\/perle-in.com\/en\/product\/bougies-daspect-craie-originalhome-par-lot-de-4\/","og_site_name":"PERLE IN","article_modified_time":"2025-10-16T08:03:02+00:00","og_image":[{"width":1600,"height":1600,"url":"https:\/\/perle-in.com\/wp-content\/uploads\/2025\/10\/12642602-1.jpg","type":"image\/jpeg"}],"twitter_card":"summary_large_image","schema":{"@context":"https:\/\/schema.org","@graph":[{"@type":"WebPage","@id":"https:\/\/perle-in.com\/produit\/bougies-daspect-craie-originalhome-par-lot-de-4\/","url":"https:\/\/perle-in.com\/produit\/bougies-daspect-craie-originalhome-par-lot-de-4\/","name":"Bougies d\u2019aspect craie Originalhome par lot de 4 - PERLE IN","isPartOf":{"@id":"https:\/\/perle-in.com\/#website"},"primaryImageOfPage":{"@id":"https:\/\/perle-in.com\/produit\/bougies-daspect-craie-originalhome-par-lot-de-4\/#primaryimage"},"image":{"@id":"https:\/\/perle-in.com\/produit\/bougies-daspect-craie-originalhome-par-lot-de-4\/#primaryimage"},"thumbnailUrl":"https:\/\/perle-in.com\/wp-content\/uploads\/2025\/10\/12642602-1.jpg","datePublished":"2025-10-16T08:03:01+00:00","dateModified":"2025-10-16T08:03:02+00:00","breadcrumb":{"@id":"https:\/\/perle-in.com\/produit\/bougies-daspect-craie-originalhome-par-lot-de-4\/#breadcrumb"},"inLanguage":"en-CA","potentialAction":[{"@type":"ReadAction","target":["https:\/\/perle-in.com\/produit\/bougies-daspect-craie-originalhome-par-lot-de-4\/"]}]},{"@type":"ImageObject","inLanguage":"en-CA","@id":"https:\/\/perle-in.com\/produit\/bougies-daspect-craie-originalhome-par-lot-de-4\/#primaryimage","url":"https:\/\/perle-in.com\/wp-content\/uploads\/2025\/10\/12642602-1.jpg","contentUrl":"https:\/\/perle-in.com\/wp-content\/uploads\/2025\/10\/12642602-1.jpg","width":1600,"height":1600},{"@type":"BreadcrumbList","@id":"https:\/\/perle-in.com\/produit\/bougies-daspect-craie-originalhome-par-lot-de-4\/#breadcrumb","itemListElement":[{"@type":"ListItem","position":1,"name":"Accueil","item":"https:\/\/perle-in.com\/"},{"@type":"ListItem","position":2,"name":"Boutique","item":"https:\/\/perle-in.com\/boutique\/"},{"@type":"ListItem","position":3,"name":"Bougies d\u2019aspect craie Originalhome par lot de 4"}]},{"@type":"WebSite","@id":"https:\/\/perle-in.com\/#website","url":"https:\/\/perle-in.com\/","name":"PERLE IN","description":"","publisher":{"@id":"https:\/\/perle-in.com\/#organization"},"potentialAction":[{"@type":"SearchAction","target":{"@type":"EntryPoint","urlTemplate":"https:\/\/perle-in.com\/?s={search_term_string}"},"query-input":{"@type":"PropertyValueSpecification","valueRequired":true,"valueName":"search_term_string"}}],"inLanguage":"en-CA"},{"@type":"Organization","@id":"https:\/\/perle-in.com\/#organization","name":"PERLE IN","url":"https:\/\/perle-in.com\/","logo":{"@type":"ImageObject","inLanguage":"en-CA","@id":"https:\/\/perle-in.com\/#\/schema\/logo\/image\/","url":"https:\/\/perle-in.com\/wp-content\/uploads\/2022\/12\/LOGO-PERLE-IN-COULEUR@3x.webp","contentUrl":"https:\/\/perle-in.com\/wp-content\/uploads\/2022\/12\/LOGO-PERLE-IN-COULEUR@3x.webp","width":1600,"height":490,"caption":"PERLE IN"},"image":{"@id":"https:\/\/perle-in.com\/#\/schema\/logo\/image\/"}}]}},"jetpack_sharing_enabled":true,"_links":{"self":[{"href":"https:\/\/perle-in.com\/en\/wp-json\/wp\/v2\/product\/578756","targetHints":{"allow":["GET"]}}],"collection":[{"href":"https:\/\/perle-in.com\/en\/wp-json\/wp\/v2\/product"}],"about":[{"href":"https:\/\/perle-in.com\/en\/wp-json\/wp\/v2\/types\/product"}],"version-history":[{"count":0,"href":"https:\/\/perle-in.com\/en\/wp-json\/wp\/v2\/product\/578756\/revisions"}],"wp:featuredmedia":[{"embeddable":true,"href":"https:\/\/perle-in.com\/en\/wp-json\/wp\/v2\/media\/578752"}],"wp:attachment":[{"href":"https:\/\/perle-in.com\/en\/wp-json\/wp\/v2\/media?parent=578756"}],"wp:term":[{"taxonomy":"product_brand","embeddable":true,"href":"https:\/\/perle-in.com\/en\/wp-json\/wp\/v2\/product_brand?post=578756"},{"taxonomy":"product_cat","embeddable":true,"href":"https:\/\/perle-in.com\/en\/wp-json\/wp\/v2\/product_cat?post=578756"},{"taxonomy":"product_tag","embeddable":true,"href":"https:\/\/perle-in.com\/en\/wp-json\/wp\/v2\/product_tag?post=578756"}],"curies":[{"name":"wp","href":"https:\/\/api.w.org\/{rel}","templated":true}]}}