{"id":578722,"date":"2025-10-16T10:00:53","date_gmt":"2025-10-16T08:00:53","guid":{"rendered":"https:\/\/perle-in.com\/produit\/lampe-de-table-rechargeable-et-dintensite-reglable-alya-avec-3-modes-declairage\/"},"modified":"2025-10-16T10:00:55","modified_gmt":"2025-10-16T08:00:55","slug":"lampe-de-table-rechargeable-et-dintensite-reglable-alya-avec-3-modes-declairage","status":"publish","type":"product","link":"https:\/\/perle-in.com\/en\/product\/lampe-de-table-rechargeable-et-dintensite-reglable-alya-avec-3-modes-declairage\/","title":{"rendered":"Lampe de table rechargeable et d\u2019intensit\u00e9 r\u00e9glable Alya avec 3\u00a0modes d\u2019\u00e9clairage"},"content":{"rendered":"","protected":false},"excerpt":{"rendered":"<p>Apportez un \u00e9clairage moderne \u00e0 n\u2019importe quel espace gr\u00e2ce \u00e0 l\u2019\u00e9l\u00e9gante lampe de table Alya. La lampe propose trois modes d\u2019\u00e9clairage\u00a0: blanc, chaud et une combinaison des deux, pour s\u2019adapter \u00e0 chaque humeur ou utilisation. La luminosit\u00e9 se r\u00e8gle facilement d\u2019une simple pression, tandis que la batterie rechargeable int\u00e9gr\u00e9e de 1200\u00a0mAh offre une v\u00e9ritable utilisation True Wireless. Fournie avec un c\u00e2ble de charge Type-C de 80\u00a0cm.<\/p>","protected":false},"featured_media":578716,"template":"","meta":{"_eb_attr":""},"product_brand":[],"product_cat":[460,150],"product_tag":[4189,4188,4185,4187,2890,4184,706,4186,1019],"class_list":{"0":"post-578722","1":"product","2":"type-product","3":"status-publish","4":"has-post-thumbnail","6":"product_cat-accessoires-pour-la-maison","7":"product_cat-maison-et-cuisine","8":"product_tag-chambre-a-coucher","9":"product_tag-commande-tactile","10":"product_tag-dimmable","11":"product_tag-intensite-variable","12":"product_tag-lampe","13":"product_tag-lampe-de-table","14":"product_tag-lumiere","15":"product_tag-reglable","16":"product_tag-sans-fil","17":"pa_couleurs-blanc","18":"pa_green-points-2910","19":"pa_matiere-plastique-recycle-abs","21":"first","22":"instock","23":"shipping-taxable","24":"purchasable","25":"product-type-variable"},"yoast_head":"<!-- This site is optimized with the Yoast SEO plugin v27.4 - https:\/\/yoast.com\/product\/yoast-seo-wordpress\/ -->\n<title>Lampe de table rechargeable et d\u2019intensit\u00e9 r\u00e9glable Alya avec 3\u00a0modes d\u2019\u00e9clairage - PERLE IN<\/title>\n<meta name=\"robots\" content=\"noindex, follow, max-snippet:-1, max-image-preview:large, max-video-preview:-1\" \/>\n<meta property=\"og:locale\" content=\"en_US\" \/>\n<meta property=\"og:type\" content=\"article\" \/>\n<meta property=\"og:title\" content=\"Lampe de table rechargeable et d\u2019intensit\u00e9 r\u00e9glable Alya avec 3\u00a0modes d\u2019\u00e9clairage - PERLE IN\" \/>\n<meta property=\"og:description\" content=\"Apportez un \u00e9clairage moderne \u00e0 n\u2019importe quel espace gr\u00e2ce \u00e0 l\u2019\u00e9l\u00e9gante lampe de table Alya. La lampe propose trois modes d\u2019\u00e9clairage\u00a0: blanc, chaud et une combinaison des deux, pour s\u2019adapter \u00e0 chaque humeur ou utilisation. La luminosit\u00e9 se r\u00e8gle facilement d\u2019une simple pression, tandis que la batterie rechargeable int\u00e9gr\u00e9e de 1200\u00a0mAh offre une v\u00e9ritable utilisation True Wireless. Fournie avec un c\u00e2ble de charge Type-C de 80\u00a0cm.\" \/>\n<meta property=\"og:url\" content=\"https:\/\/perle-in.com\/en\/product\/lampe-de-table-rechargeable-et-dintensite-reglable-alya-avec-3-modes-declairage\/\" \/>\n<meta property=\"og:site_name\" content=\"PERLE IN\" \/>\n<meta property=\"article:modified_time\" content=\"2025-10-16T08:00:55+00:00\" \/>\n<meta property=\"og:image\" content=\"https:\/\/perle-in.com\/wp-content\/uploads\/2025\/10\/12449001-1.jpg\" \/>\n\t<meta property=\"og:image:width\" content=\"1600\" \/>\n\t<meta property=\"og:image:height\" content=\"1600\" \/>\n\t<meta property=\"og:image:type\" content=\"image\/jpeg\" \/>\n<meta name=\"twitter:card\" content=\"summary_large_image\" \/>\n<script type=\"application\/ld+json\" class=\"yoast-schema-graph\">{\"@context\":\"https:\\\/\\\/schema.org\",\"@graph\":[{\"@type\":\"WebPage\",\"@id\":\"https:\\\/\\\/perle-in.com\\\/produit\\\/lampe-de-table-rechargeable-et-dintensite-reglable-alya-avec-3-modes-declairage\\\/\",\"url\":\"https:\\\/\\\/perle-in.com\\\/produit\\\/lampe-de-table-rechargeable-et-dintensite-reglable-alya-avec-3-modes-declairage\\\/\",\"name\":\"Lampe de table rechargeable et d\u2019intensit\u00e9 r\u00e9glable Alya avec 3\u00a0modes d\u2019\u00e9clairage - PERLE IN\",\"isPartOf\":{\"@id\":\"https:\\\/\\\/perle-in.com\\\/#website\"},\"primaryImageOfPage\":{\"@id\":\"https:\\\/\\\/perle-in.com\\\/produit\\\/lampe-de-table-rechargeable-et-dintensite-reglable-alya-avec-3-modes-declairage\\\/#primaryimage\"},\"image\":{\"@id\":\"https:\\\/\\\/perle-in.com\\\/produit\\\/lampe-de-table-rechargeable-et-dintensite-reglable-alya-avec-3-modes-declairage\\\/#primaryimage\"},\"thumbnailUrl\":\"https:\\\/\\\/perle-in.com\\\/wp-content\\\/uploads\\\/2025\\\/10\\\/12449001-1.jpg\",\"datePublished\":\"2025-10-16T08:00:53+00:00\",\"dateModified\":\"2025-10-16T08:00:55+00:00\",\"breadcrumb\":{\"@id\":\"https:\\\/\\\/perle-in.com\\\/produit\\\/lampe-de-table-rechargeable-et-dintensite-reglable-alya-avec-3-modes-declairage\\\/#breadcrumb\"},\"inLanguage\":\"en-CA\",\"potentialAction\":[{\"@type\":\"ReadAction\",\"target\":[\"https:\\\/\\\/perle-in.com\\\/produit\\\/lampe-de-table-rechargeable-et-dintensite-reglable-alya-avec-3-modes-declairage\\\/\"]}]},{\"@type\":\"ImageObject\",\"inLanguage\":\"en-CA\",\"@id\":\"https:\\\/\\\/perle-in.com\\\/produit\\\/lampe-de-table-rechargeable-et-dintensite-reglable-alya-avec-3-modes-declairage\\\/#primaryimage\",\"url\":\"https:\\\/\\\/perle-in.com\\\/wp-content\\\/uploads\\\/2025\\\/10\\\/12449001-1.jpg\",\"contentUrl\":\"https:\\\/\\\/perle-in.com\\\/wp-content\\\/uploads\\\/2025\\\/10\\\/12449001-1.jpg\",\"width\":1600,\"height\":1600},{\"@type\":\"BreadcrumbList\",\"@id\":\"https:\\\/\\\/perle-in.com\\\/produit\\\/lampe-de-table-rechargeable-et-dintensite-reglable-alya-avec-3-modes-declairage\\\/#breadcrumb\",\"itemListElement\":[{\"@type\":\"ListItem\",\"position\":1,\"name\":\"Accueil\",\"item\":\"https:\\\/\\\/perle-in.com\\\/\"},{\"@type\":\"ListItem\",\"position\":2,\"name\":\"Boutique\",\"item\":\"https:\\\/\\\/perle-in.com\\\/boutique\\\/\"},{\"@type\":\"ListItem\",\"position\":3,\"name\":\"Lampe de table rechargeable et d\u2019intensit\u00e9 r\u00e9glable Alya avec 3\u00a0modes d\u2019\u00e9clairage\"}]},{\"@type\":\"WebSite\",\"@id\":\"https:\\\/\\\/perle-in.com\\\/#website\",\"url\":\"https:\\\/\\\/perle-in.com\\\/\",\"name\":\"PERLE IN\",\"description\":\"\",\"publisher\":{\"@id\":\"https:\\\/\\\/perle-in.com\\\/#organization\"},\"potentialAction\":[{\"@type\":\"SearchAction\",\"target\":{\"@type\":\"EntryPoint\",\"urlTemplate\":\"https:\\\/\\\/perle-in.com\\\/?s={search_term_string}\"},\"query-input\":{\"@type\":\"PropertyValueSpecification\",\"valueRequired\":true,\"valueName\":\"search_term_string\"}}],\"inLanguage\":\"en-CA\"},{\"@type\":\"Organization\",\"@id\":\"https:\\\/\\\/perle-in.com\\\/#organization\",\"name\":\"PERLE IN\",\"url\":\"https:\\\/\\\/perle-in.com\\\/\",\"logo\":{\"@type\":\"ImageObject\",\"inLanguage\":\"en-CA\",\"@id\":\"https:\\\/\\\/perle-in.com\\\/#\\\/schema\\\/logo\\\/image\\\/\",\"url\":\"https:\\\/\\\/perle-in.com\\\/wp-content\\\/uploads\\\/2022\\\/12\\\/LOGO-PERLE-IN-COULEUR@3x.webp\",\"contentUrl\":\"https:\\\/\\\/perle-in.com\\\/wp-content\\\/uploads\\\/2022\\\/12\\\/LOGO-PERLE-IN-COULEUR@3x.webp\",\"width\":1600,\"height\":490,\"caption\":\"PERLE IN\"},\"image\":{\"@id\":\"https:\\\/\\\/perle-in.com\\\/#\\\/schema\\\/logo\\\/image\\\/\"}}]}<\/script>\n<!-- \/ Yoast SEO plugin. -->","yoast_head_json":{"title":"Lampe de table rechargeable et d\u2019intensit\u00e9 r\u00e9glable Alya avec 3\u00a0modes d\u2019\u00e9clairage - PERLE IN","robots":{"index":"noindex","follow":"follow","max-snippet":"max-snippet:-1","max-image-preview":"max-image-preview:large","max-video-preview":"max-video-preview:-1"},"og_locale":"en_US","og_type":"article","og_title":"Lampe de table rechargeable et d\u2019intensit\u00e9 r\u00e9glable Alya avec 3\u00a0modes d\u2019\u00e9clairage - PERLE IN","og_description":"Apportez un \u00e9clairage moderne \u00e0 n\u2019importe quel espace gr\u00e2ce \u00e0 l\u2019\u00e9l\u00e9gante lampe de table Alya. La lampe propose trois modes d\u2019\u00e9clairage\u00a0: blanc, chaud et une combinaison des deux, pour s\u2019adapter \u00e0 chaque humeur ou utilisation. La luminosit\u00e9 se r\u00e8gle facilement d\u2019une simple pression, tandis que la batterie rechargeable int\u00e9gr\u00e9e de 1200\u00a0mAh offre une v\u00e9ritable utilisation True Wireless. Fournie avec un c\u00e2ble de charge Type-C de 80\u00a0cm.","og_url":"https:\/\/perle-in.com\/en\/product\/lampe-de-table-rechargeable-et-dintensite-reglable-alya-avec-3-modes-declairage\/","og_site_name":"PERLE IN","article_modified_time":"2025-10-16T08:00:55+00:00","og_image":[{"width":1600,"height":1600,"url":"https:\/\/perle-in.com\/wp-content\/uploads\/2025\/10\/12449001-1.jpg","type":"image\/jpeg"}],"twitter_card":"summary_large_image","schema":{"@context":"https:\/\/schema.org","@graph":[{"@type":"WebPage","@id":"https:\/\/perle-in.com\/produit\/lampe-de-table-rechargeable-et-dintensite-reglable-alya-avec-3-modes-declairage\/","url":"https:\/\/perle-in.com\/produit\/lampe-de-table-rechargeable-et-dintensite-reglable-alya-avec-3-modes-declairage\/","name":"Lampe de table rechargeable et d\u2019intensit\u00e9 r\u00e9glable Alya avec 3\u00a0modes d\u2019\u00e9clairage - PERLE IN","isPartOf":{"@id":"https:\/\/perle-in.com\/#website"},"primaryImageOfPage":{"@id":"https:\/\/perle-in.com\/produit\/lampe-de-table-rechargeable-et-dintensite-reglable-alya-avec-3-modes-declairage\/#primaryimage"},"image":{"@id":"https:\/\/perle-in.com\/produit\/lampe-de-table-rechargeable-et-dintensite-reglable-alya-avec-3-modes-declairage\/#primaryimage"},"thumbnailUrl":"https:\/\/perle-in.com\/wp-content\/uploads\/2025\/10\/12449001-1.jpg","datePublished":"2025-10-16T08:00:53+00:00","dateModified":"2025-10-16T08:00:55+00:00","breadcrumb":{"@id":"https:\/\/perle-in.com\/produit\/lampe-de-table-rechargeable-et-dintensite-reglable-alya-avec-3-modes-declairage\/#breadcrumb"},"inLanguage":"en-CA","potentialAction":[{"@type":"ReadAction","target":["https:\/\/perle-in.com\/produit\/lampe-de-table-rechargeable-et-dintensite-reglable-alya-avec-3-modes-declairage\/"]}]},{"@type":"ImageObject","inLanguage":"en-CA","@id":"https:\/\/perle-in.com\/produit\/lampe-de-table-rechargeable-et-dintensite-reglable-alya-avec-3-modes-declairage\/#primaryimage","url":"https:\/\/perle-in.com\/wp-content\/uploads\/2025\/10\/12449001-1.jpg","contentUrl":"https:\/\/perle-in.com\/wp-content\/uploads\/2025\/10\/12449001-1.jpg","width":1600,"height":1600},{"@type":"BreadcrumbList","@id":"https:\/\/perle-in.com\/produit\/lampe-de-table-rechargeable-et-dintensite-reglable-alya-avec-3-modes-declairage\/#breadcrumb","itemListElement":[{"@type":"ListItem","position":1,"name":"Accueil","item":"https:\/\/perle-in.com\/"},{"@type":"ListItem","position":2,"name":"Boutique","item":"https:\/\/perle-in.com\/boutique\/"},{"@type":"ListItem","position":3,"name":"Lampe de table rechargeable et d\u2019intensit\u00e9 r\u00e9glable Alya avec 3\u00a0modes d\u2019\u00e9clairage"}]},{"@type":"WebSite","@id":"https:\/\/perle-in.com\/#website","url":"https:\/\/perle-in.com\/","name":"PERLE IN","description":"","publisher":{"@id":"https:\/\/perle-in.com\/#organization"},"potentialAction":[{"@type":"SearchAction","target":{"@type":"EntryPoint","urlTemplate":"https:\/\/perle-in.com\/?s={search_term_string}"},"query-input":{"@type":"PropertyValueSpecification","valueRequired":true,"valueName":"search_term_string"}}],"inLanguage":"en-CA"},{"@type":"Organization","@id":"https:\/\/perle-in.com\/#organization","name":"PERLE IN","url":"https:\/\/perle-in.com\/","logo":{"@type":"ImageObject","inLanguage":"en-CA","@id":"https:\/\/perle-in.com\/#\/schema\/logo\/image\/","url":"https:\/\/perle-in.com\/wp-content\/uploads\/2022\/12\/LOGO-PERLE-IN-COULEUR@3x.webp","contentUrl":"https:\/\/perle-in.com\/wp-content\/uploads\/2022\/12\/LOGO-PERLE-IN-COULEUR@3x.webp","width":1600,"height":490,"caption":"PERLE IN"},"image":{"@id":"https:\/\/perle-in.com\/#\/schema\/logo\/image\/"}}]}},"jetpack_sharing_enabled":true,"_links":{"self":[{"href":"https:\/\/perle-in.com\/en\/wp-json\/wp\/v2\/product\/578722","targetHints":{"allow":["GET"]}}],"collection":[{"href":"https:\/\/perle-in.com\/en\/wp-json\/wp\/v2\/product"}],"about":[{"href":"https:\/\/perle-in.com\/en\/wp-json\/wp\/v2\/types\/product"}],"version-history":[{"count":0,"href":"https:\/\/perle-in.com\/en\/wp-json\/wp\/v2\/product\/578722\/revisions"}],"wp:featuredmedia":[{"embeddable":true,"href":"https:\/\/perle-in.com\/en\/wp-json\/wp\/v2\/media\/578716"}],"wp:attachment":[{"href":"https:\/\/perle-in.com\/en\/wp-json\/wp\/v2\/media?parent=578722"}],"wp:term":[{"taxonomy":"product_brand","embeddable":true,"href":"https:\/\/perle-in.com\/en\/wp-json\/wp\/v2\/product_brand?post=578722"},{"taxonomy":"product_cat","embeddable":true,"href":"https:\/\/perle-in.com\/en\/wp-json\/wp\/v2\/product_cat?post=578722"},{"taxonomy":"product_tag","embeddable":true,"href":"https:\/\/perle-in.com\/en\/wp-json\/wp\/v2\/product_tag?post=578722"}],"curies":[{"name":"wp","href":"https:\/\/api.w.org\/{rel}","templated":true}]}}