{"id":578246,"date":"2025-10-16T09:42:05","date_gmt":"2025-10-16T07:42:05","guid":{"rendered":"https:\/\/perle-in.com\/produit\/coffret-cadeau-3-en-1-ocean-bottle-de-500-ml\/"},"modified":"2025-10-16T09:42:07","modified_gmt":"2025-10-16T07:42:07","slug":"coffret-cadeau-3-en-1-ocean-bottle-de-500-ml","status":"publish","type":"product","link":"https:\/\/perle-in.com\/en\/product\/coffret-cadeau-3-en-1-ocean-bottle-de-500-ml\/","title":{"rendered":"Coffret cadeau 3 en 1 Ocean Bottle de 500\u00a0ml"},"content":{"rendered":"","protected":false},"excerpt":{"rendered":"<p>Le coffret cadeau Ocean Bottle de 500\u00a0ml est dot\u00e9 d\u2019un syst\u00e8me de couvercle modulaire unique en son genre permettant des transitions fluides d\u2019une activit\u00e9 \u00e0 une autre gr\u00e2ce \u00e0 ses 3\u00a0couvercles interchangeables. Ce coffret cadeau se compose d\u2019une bouteille Ocean Bottle de 500\u00a0ml avec 3\u00a0couvercles\u00a0: le couvercle original (pour siroter sans fuite au quotidien), le couvercle GO (avec un couvercle \u00e0 paille verrouillable) et le couvercle d\u2019infusion (pour d\u00e9guster des boissons chaudes en d\u00e9placement). Con\u00e7ue avec une double ouverture, cette bouteille modulaire permet un acc\u00e8s facile pour le remplissage, le nettoyage et l\u2019ajout de glace. Le coffret est fabriqu\u00e9 \u00e0 partir de mat\u00e9riaux recycl\u00e9s et passe au lave-vaisselle. Livr\u00e9 dans un coffret cadeau en carton recycl\u00e9 provenant de sources responsables.<\/p>","protected":false},"featured_media":578226,"template":"","meta":{"_eb_attr":""},"product_brand":[],"product_cat":[174,173],"product_tag":[175,1572,225,274,1573,3306,227],"class_list":{"0":"post-578246","1":"product","2":"type-product","3":"status-publish","4":"has-post-thumbnail","6":"product_cat-bouteilles-deau","7":"product_cat-drinkware","8":"product_tag-bouteille","9":"product_tag-cadeau","10":"product_tag-cafe","11":"product_tag-eau","12":"product_tag-ensemble","13":"product_tag-ocean-bottle","14":"product_tag-the","15":"pa_couleurs-bleu-ocean","16":"pa_couleurs-gres","17":"pa_couleurs-noir-obsidienne","18":"pa_green-points-2276","19":"pa_marque-ocean-bottle","20":"pa_matiere-acier-inoxydable-recycle","22":"first","23":"instock","24":"shipping-taxable","25":"purchasable","26":"product-type-variable"},"yoast_head":"<!-- This site is optimized with the Yoast SEO plugin v27.4 - https:\/\/yoast.com\/product\/yoast-seo-wordpress\/ -->\n<title>Coffret cadeau 3 en 1 Ocean Bottle de 500\u00a0ml - PERLE IN<\/title>\n<meta name=\"robots\" content=\"noindex, follow, max-snippet:-1, max-image-preview:large, max-video-preview:-1\" \/>\n<meta property=\"og:locale\" content=\"en_US\" \/>\n<meta property=\"og:type\" content=\"article\" \/>\n<meta property=\"og:title\" content=\"Coffret cadeau 3 en 1 Ocean Bottle de 500\u00a0ml - PERLE IN\" \/>\n<meta property=\"og:description\" content=\"Le coffret cadeau Ocean Bottle de 500\u00a0ml est dot\u00e9 d\u2019un syst\u00e8me de couvercle modulaire unique en son genre permettant des transitions fluides d\u2019une activit\u00e9 \u00e0 une autre gr\u00e2ce \u00e0 ses 3\u00a0couvercles interchangeables. Ce coffret cadeau se compose d\u2019une bouteille Ocean Bottle de 500\u00a0ml avec 3\u00a0couvercles\u00a0: le couvercle original (pour siroter sans fuite au quotidien), le couvercle GO (avec un couvercle \u00e0 paille verrouillable) et le couvercle d\u2019infusion (pour d\u00e9guster des boissons chaudes en d\u00e9placement). Con\u00e7ue avec une double ouverture, cette bouteille modulaire permet un acc\u00e8s facile pour le remplissage, le nettoyage et l\u2019ajout de glace. Le coffret est fabriqu\u00e9 \u00e0 partir de mat\u00e9riaux recycl\u00e9s et passe au lave-vaisselle. Livr\u00e9 dans un coffret cadeau en carton recycl\u00e9 provenant de sources responsables.\" \/>\n<meta property=\"og:url\" content=\"https:\/\/perle-in.com\/en\/product\/coffret-cadeau-3-en-1-ocean-bottle-de-500-ml\/\" \/>\n<meta property=\"og:site_name\" content=\"PERLE IN\" \/>\n<meta property=\"article:modified_time\" content=\"2025-10-16T07:42:07+00:00\" \/>\n<meta property=\"og:image\" content=\"https:\/\/perle-in.com\/wp-content\/uploads\/2025\/10\/11318506-1.jpg\" \/>\n\t<meta property=\"og:image:width\" content=\"1600\" \/>\n\t<meta property=\"og:image:height\" content=\"1600\" \/>\n\t<meta property=\"og:image:type\" content=\"image\/jpeg\" \/>\n<meta name=\"twitter:card\" content=\"summary_large_image\" \/>\n<script type=\"application\/ld+json\" class=\"yoast-schema-graph\">{\"@context\":\"https:\\\/\\\/schema.org\",\"@graph\":[{\"@type\":\"WebPage\",\"@id\":\"https:\\\/\\\/perle-in.com\\\/en\\\/product\\\/coffret-cadeau-3-en-1-ocean-bottle-de-500-ml\\\/\",\"url\":\"https:\\\/\\\/perle-in.com\\\/en\\\/product\\\/coffret-cadeau-3-en-1-ocean-bottle-de-500-ml\\\/\",\"name\":\"Coffret cadeau 3 en 1 Ocean Bottle de 500\u00a0ml - PERLE IN\",\"isPartOf\":{\"@id\":\"https:\\\/\\\/perle-in.com\\\/#website\"},\"primaryImageOfPage\":{\"@id\":\"https:\\\/\\\/perle-in.com\\\/en\\\/product\\\/coffret-cadeau-3-en-1-ocean-bottle-de-500-ml\\\/#primaryimage\"},\"image\":{\"@id\":\"https:\\\/\\\/perle-in.com\\\/en\\\/product\\\/coffret-cadeau-3-en-1-ocean-bottle-de-500-ml\\\/#primaryimage\"},\"thumbnailUrl\":\"https:\\\/\\\/perle-in.com\\\/wp-content\\\/uploads\\\/2025\\\/10\\\/11318506-1.jpg\",\"datePublished\":\"2025-10-16T07:42:05+00:00\",\"dateModified\":\"2025-10-16T07:42:07+00:00\",\"breadcrumb\":{\"@id\":\"https:\\\/\\\/perle-in.com\\\/en\\\/product\\\/coffret-cadeau-3-en-1-ocean-bottle-de-500-ml\\\/#breadcrumb\"},\"inLanguage\":\"en-CA\",\"potentialAction\":[{\"@type\":\"ReadAction\",\"target\":[\"https:\\\/\\\/perle-in.com\\\/en\\\/product\\\/coffret-cadeau-3-en-1-ocean-bottle-de-500-ml\\\/\"]}]},{\"@type\":\"ImageObject\",\"inLanguage\":\"en-CA\",\"@id\":\"https:\\\/\\\/perle-in.com\\\/en\\\/product\\\/coffret-cadeau-3-en-1-ocean-bottle-de-500-ml\\\/#primaryimage\",\"url\":\"https:\\\/\\\/perle-in.com\\\/wp-content\\\/uploads\\\/2025\\\/10\\\/11318506-1.jpg\",\"contentUrl\":\"https:\\\/\\\/perle-in.com\\\/wp-content\\\/uploads\\\/2025\\\/10\\\/11318506-1.jpg\",\"width\":1600,\"height\":1600},{\"@type\":\"BreadcrumbList\",\"@id\":\"https:\\\/\\\/perle-in.com\\\/en\\\/product\\\/coffret-cadeau-3-en-1-ocean-bottle-de-500-ml\\\/#breadcrumb\",\"itemListElement\":[{\"@type\":\"ListItem\",\"position\":1,\"name\":\"Accueil\",\"item\":\"https:\\\/\\\/perle-in.com\\\/\"},{\"@type\":\"ListItem\",\"position\":2,\"name\":\"Boutique\",\"item\":\"https:\\\/\\\/perle-in.com\\\/boutique\\\/\"},{\"@type\":\"ListItem\",\"position\":3,\"name\":\"Coffret cadeau 3 en 1 Ocean Bottle de 500\u00a0ml\"}]},{\"@type\":\"WebSite\",\"@id\":\"https:\\\/\\\/perle-in.com\\\/#website\",\"url\":\"https:\\\/\\\/perle-in.com\\\/\",\"name\":\"PERLE IN\",\"description\":\"\",\"publisher\":{\"@id\":\"https:\\\/\\\/perle-in.com\\\/#organization\"},\"potentialAction\":[{\"@type\":\"SearchAction\",\"target\":{\"@type\":\"EntryPoint\",\"urlTemplate\":\"https:\\\/\\\/perle-in.com\\\/?s={search_term_string}\"},\"query-input\":{\"@type\":\"PropertyValueSpecification\",\"valueRequired\":true,\"valueName\":\"search_term_string\"}}],\"inLanguage\":\"en-CA\"},{\"@type\":\"Organization\",\"@id\":\"https:\\\/\\\/perle-in.com\\\/#organization\",\"name\":\"PERLE IN\",\"url\":\"https:\\\/\\\/perle-in.com\\\/\",\"logo\":{\"@type\":\"ImageObject\",\"inLanguage\":\"en-CA\",\"@id\":\"https:\\\/\\\/perle-in.com\\\/#\\\/schema\\\/logo\\\/image\\\/\",\"url\":\"https:\\\/\\\/perle-in.com\\\/wp-content\\\/uploads\\\/2022\\\/12\\\/LOGO-PERLE-IN-COULEUR@3x.webp\",\"contentUrl\":\"https:\\\/\\\/perle-in.com\\\/wp-content\\\/uploads\\\/2022\\\/12\\\/LOGO-PERLE-IN-COULEUR@3x.webp\",\"width\":1600,\"height\":490,\"caption\":\"PERLE IN\"},\"image\":{\"@id\":\"https:\\\/\\\/perle-in.com\\\/#\\\/schema\\\/logo\\\/image\\\/\"}}]}<\/script>\n<!-- \/ Yoast SEO plugin. -->","yoast_head_json":{"title":"Coffret cadeau 3 en 1 Ocean Bottle de 500\u00a0ml - PERLE IN","robots":{"index":"noindex","follow":"follow","max-snippet":"max-snippet:-1","max-image-preview":"max-image-preview:large","max-video-preview":"max-video-preview:-1"},"og_locale":"en_US","og_type":"article","og_title":"Coffret cadeau 3 en 1 Ocean Bottle de 500\u00a0ml - PERLE IN","og_description":"Le coffret cadeau Ocean Bottle de 500\u00a0ml est dot\u00e9 d\u2019un syst\u00e8me de couvercle modulaire unique en son genre permettant des transitions fluides d\u2019une activit\u00e9 \u00e0 une autre gr\u00e2ce \u00e0 ses 3\u00a0couvercles interchangeables. Ce coffret cadeau se compose d\u2019une bouteille Ocean Bottle de 500\u00a0ml avec 3\u00a0couvercles\u00a0: le couvercle original (pour siroter sans fuite au quotidien), le couvercle GO (avec un couvercle \u00e0 paille verrouillable) et le couvercle d\u2019infusion (pour d\u00e9guster des boissons chaudes en d\u00e9placement). Con\u00e7ue avec une double ouverture, cette bouteille modulaire permet un acc\u00e8s facile pour le remplissage, le nettoyage et l\u2019ajout de glace. Le coffret est fabriqu\u00e9 \u00e0 partir de mat\u00e9riaux recycl\u00e9s et passe au lave-vaisselle. Livr\u00e9 dans un coffret cadeau en carton recycl\u00e9 provenant de sources responsables.","og_url":"https:\/\/perle-in.com\/en\/product\/coffret-cadeau-3-en-1-ocean-bottle-de-500-ml\/","og_site_name":"PERLE IN","article_modified_time":"2025-10-16T07:42:07+00:00","og_image":[{"width":1600,"height":1600,"url":"https:\/\/perle-in.com\/wp-content\/uploads\/2025\/10\/11318506-1.jpg","type":"image\/jpeg"}],"twitter_card":"summary_large_image","schema":{"@context":"https:\/\/schema.org","@graph":[{"@type":"WebPage","@id":"https:\/\/perle-in.com\/en\/product\/coffret-cadeau-3-en-1-ocean-bottle-de-500-ml\/","url":"https:\/\/perle-in.com\/en\/product\/coffret-cadeau-3-en-1-ocean-bottle-de-500-ml\/","name":"Coffret cadeau 3 en 1 Ocean Bottle de 500\u00a0ml - PERLE IN","isPartOf":{"@id":"https:\/\/perle-in.com\/#website"},"primaryImageOfPage":{"@id":"https:\/\/perle-in.com\/en\/product\/coffret-cadeau-3-en-1-ocean-bottle-de-500-ml\/#primaryimage"},"image":{"@id":"https:\/\/perle-in.com\/en\/product\/coffret-cadeau-3-en-1-ocean-bottle-de-500-ml\/#primaryimage"},"thumbnailUrl":"https:\/\/perle-in.com\/wp-content\/uploads\/2025\/10\/11318506-1.jpg","datePublished":"2025-10-16T07:42:05+00:00","dateModified":"2025-10-16T07:42:07+00:00","breadcrumb":{"@id":"https:\/\/perle-in.com\/en\/product\/coffret-cadeau-3-en-1-ocean-bottle-de-500-ml\/#breadcrumb"},"inLanguage":"en-CA","potentialAction":[{"@type":"ReadAction","target":["https:\/\/perle-in.com\/en\/product\/coffret-cadeau-3-en-1-ocean-bottle-de-500-ml\/"]}]},{"@type":"ImageObject","inLanguage":"en-CA","@id":"https:\/\/perle-in.com\/en\/product\/coffret-cadeau-3-en-1-ocean-bottle-de-500-ml\/#primaryimage","url":"https:\/\/perle-in.com\/wp-content\/uploads\/2025\/10\/11318506-1.jpg","contentUrl":"https:\/\/perle-in.com\/wp-content\/uploads\/2025\/10\/11318506-1.jpg","width":1600,"height":1600},{"@type":"BreadcrumbList","@id":"https:\/\/perle-in.com\/en\/product\/coffret-cadeau-3-en-1-ocean-bottle-de-500-ml\/#breadcrumb","itemListElement":[{"@type":"ListItem","position":1,"name":"Accueil","item":"https:\/\/perle-in.com\/"},{"@type":"ListItem","position":2,"name":"Boutique","item":"https:\/\/perle-in.com\/boutique\/"},{"@type":"ListItem","position":3,"name":"Coffret cadeau 3 en 1 Ocean Bottle de 500\u00a0ml"}]},{"@type":"WebSite","@id":"https:\/\/perle-in.com\/#website","url":"https:\/\/perle-in.com\/","name":"PERLE IN","description":"","publisher":{"@id":"https:\/\/perle-in.com\/#organization"},"potentialAction":[{"@type":"SearchAction","target":{"@type":"EntryPoint","urlTemplate":"https:\/\/perle-in.com\/?s={search_term_string}"},"query-input":{"@type":"PropertyValueSpecification","valueRequired":true,"valueName":"search_term_string"}}],"inLanguage":"en-CA"},{"@type":"Organization","@id":"https:\/\/perle-in.com\/#organization","name":"PERLE IN","url":"https:\/\/perle-in.com\/","logo":{"@type":"ImageObject","inLanguage":"en-CA","@id":"https:\/\/perle-in.com\/#\/schema\/logo\/image\/","url":"https:\/\/perle-in.com\/wp-content\/uploads\/2022\/12\/LOGO-PERLE-IN-COULEUR@3x.webp","contentUrl":"https:\/\/perle-in.com\/wp-content\/uploads\/2022\/12\/LOGO-PERLE-IN-COULEUR@3x.webp","width":1600,"height":490,"caption":"PERLE IN"},"image":{"@id":"https:\/\/perle-in.com\/#\/schema\/logo\/image\/"}}]}},"jetpack_sharing_enabled":true,"_links":{"self":[{"href":"https:\/\/perle-in.com\/en\/wp-json\/wp\/v2\/product\/578246","targetHints":{"allow":["GET"]}}],"collection":[{"href":"https:\/\/perle-in.com\/en\/wp-json\/wp\/v2\/product"}],"about":[{"href":"https:\/\/perle-in.com\/en\/wp-json\/wp\/v2\/types\/product"}],"version-history":[{"count":0,"href":"https:\/\/perle-in.com\/en\/wp-json\/wp\/v2\/product\/578246\/revisions"}],"wp:featuredmedia":[{"embeddable":true,"href":"https:\/\/perle-in.com\/en\/wp-json\/wp\/v2\/media\/578226"}],"wp:attachment":[{"href":"https:\/\/perle-in.com\/en\/wp-json\/wp\/v2\/media?parent=578246"}],"wp:term":[{"taxonomy":"product_brand","embeddable":true,"href":"https:\/\/perle-in.com\/en\/wp-json\/wp\/v2\/product_brand?post=578246"},{"taxonomy":"product_cat","embeddable":true,"href":"https:\/\/perle-in.com\/en\/wp-json\/wp\/v2\/product_cat?post=578246"},{"taxonomy":"product_tag","embeddable":true,"href":"https:\/\/perle-in.com\/en\/wp-json\/wp\/v2\/product_tag?post=578246"}],"curies":[{"name":"wp","href":"https:\/\/api.w.org\/{rel}","templated":true}]}}