{"id":578187,"date":"2025-10-16T09:36:06","date_gmt":"2025-10-16T07:36:06","guid":{"rendered":"https:\/\/perle-in.com\/produit\/lunch-box-mepal-ellipse-300120-ml-mini\/"},"modified":"2025-10-16T09:36:10","modified_gmt":"2025-10-16T07:36:10","slug":"lunch-box-mepal-ellipse-300120-ml-mini","status":"publish","type":"product","link":"https:\/\/perle-in.com\/en\/product\/lunch-box-mepal-ellipse-300120-ml-mini\/","title":{"rendered":"Lunch box Mepal Ellipse 300+120 ml Mini"},"content":{"rendered":"","protected":false},"excerpt":{"rendered":"<p>La lunch box Ellipse Mini est id\u00e9ale pour une vari\u00e9t\u00e9 de collations, comme du yaourt avec du muesli ou de la soupe avec des cro\u00fbtons. Dot\u00e9e de deux compartiments intelligents dans un r\u00e9cipient robuste, elle permet de s\u00e9parer soigneusement les ingr\u00e9dients. Gr\u00e2ce \u00e0 sa taille compacte, elle se glisse facilement dans un sac d\u2019\u00e9cole pour un repas rapide et pratique. Le compartiment sup\u00e9rieur transparent offre une capacit\u00e9 de 120\u00a0ml. Il est id\u00e9al pour environ 50\u00a0grammes de muesli ou de fruits. Le compartiment inf\u00e9rieur a une capacit\u00e9 de 300\u00a0ml. \u00c9tanche et lavable au lave-vaisselle. Sans bisph\u00e9nol A.<\/p>","protected":false},"featured_media":578177,"template":"","meta":{"_eb_attr":""},"product_brand":[],"product_cat":[1232,150],"product_tag":[3110,4173,4172,2827,3373,3111,2727,880],"class_list":{"0":"post-578187","1":"product","2":"type-product","3":"status-publish","4":"has-post-thumbnail","6":"product_cat-boites-repas","7":"product_cat-maison-et-cuisine","8":"product_tag-boite-a-dejeuner","9":"product_tag-boites-a-dejeuner","10":"product_tag-boites-a-lunch","11":"product_tag-dejeuner","12":"product_tag-ecole","13":"product_tag-lunch-box","14":"product_tag-mepal","15":"product_tag-nourriture","16":"pa_couleurs-blanc","17":"pa_couleurs-bleu","18":"pa_couleurs-bleu-vif","19":"pa_couleurs-noir","20":"pa_couleurs-vert","21":"pa_green-points-1501","22":"pa_marque-mepal","23":"pa_pays-d-origine-pays-bas","25":"first","26":"instock","27":"shipping-taxable","28":"purchasable","29":"product-type-variable"},"yoast_head":"<!-- This site is optimized with the Yoast SEO plugin v27.4 - https:\/\/yoast.com\/product\/yoast-seo-wordpress\/ -->\n<title>Lunch box Mepal Ellipse 300+120 ml Mini - PERLE IN<\/title>\n<meta name=\"robots\" content=\"noindex, follow, max-snippet:-1, max-image-preview:large, max-video-preview:-1\" \/>\n<meta property=\"og:locale\" content=\"en_US\" \/>\n<meta property=\"og:type\" content=\"article\" \/>\n<meta property=\"og:title\" content=\"Lunch box Mepal Ellipse 300+120 ml Mini - PERLE IN\" \/>\n<meta property=\"og:description\" content=\"La lunch box Ellipse Mini est id\u00e9ale pour une vari\u00e9t\u00e9 de collations, comme du yaourt avec du muesli ou de la soupe avec des cro\u00fbtons. Dot\u00e9e de deux compartiments intelligents dans un r\u00e9cipient robuste, elle permet de s\u00e9parer soigneusement les ingr\u00e9dients. Gr\u00e2ce \u00e0 sa taille compacte, elle se glisse facilement dans un sac d\u2019\u00e9cole pour un repas rapide et pratique. Le compartiment sup\u00e9rieur transparent offre une capacit\u00e9 de 120\u00a0ml. Il est id\u00e9al pour environ 50\u00a0grammes de muesli ou de fruits. Le compartiment inf\u00e9rieur a une capacit\u00e9 de 300\u00a0ml. \u00c9tanche et lavable au lave-vaisselle. Sans bisph\u00e9nol A.\" \/>\n<meta property=\"og:url\" content=\"https:\/\/perle-in.com\/en\/product\/lunch-box-mepal-ellipse-300120-ml-mini\/\" \/>\n<meta property=\"og:site_name\" content=\"PERLE IN\" \/>\n<meta property=\"article:modified_time\" content=\"2025-10-16T07:36:10+00:00\" \/>\n<meta property=\"og:image\" content=\"https:\/\/perle-in.com\/wp-content\/uploads\/2025\/10\/11318401-1.jpg\" \/>\n\t<meta property=\"og:image:width\" content=\"1600\" \/>\n\t<meta property=\"og:image:height\" content=\"1600\" \/>\n\t<meta property=\"og:image:type\" content=\"image\/jpeg\" \/>\n<meta name=\"twitter:card\" content=\"summary_large_image\" \/>\n<script type=\"application\/ld+json\" class=\"yoast-schema-graph\">{\"@context\":\"https:\\\/\\\/schema.org\",\"@graph\":[{\"@type\":\"WebPage\",\"@id\":\"https:\\\/\\\/perle-in.com\\\/produit\\\/lunch-box-mepal-ellipse-300120-ml-mini\\\/\",\"url\":\"https:\\\/\\\/perle-in.com\\\/produit\\\/lunch-box-mepal-ellipse-300120-ml-mini\\\/\",\"name\":\"Lunch box Mepal Ellipse 300+120 ml Mini - PERLE IN\",\"isPartOf\":{\"@id\":\"https:\\\/\\\/perle-in.com\\\/#website\"},\"primaryImageOfPage\":{\"@id\":\"https:\\\/\\\/perle-in.com\\\/produit\\\/lunch-box-mepal-ellipse-300120-ml-mini\\\/#primaryimage\"},\"image\":{\"@id\":\"https:\\\/\\\/perle-in.com\\\/produit\\\/lunch-box-mepal-ellipse-300120-ml-mini\\\/#primaryimage\"},\"thumbnailUrl\":\"https:\\\/\\\/perle-in.com\\\/wp-content\\\/uploads\\\/2025\\\/10\\\/11318401-1.jpg\",\"datePublished\":\"2025-10-16T07:36:06+00:00\",\"dateModified\":\"2025-10-16T07:36:10+00:00\",\"breadcrumb\":{\"@id\":\"https:\\\/\\\/perle-in.com\\\/produit\\\/lunch-box-mepal-ellipse-300120-ml-mini\\\/#breadcrumb\"},\"inLanguage\":\"en-CA\",\"potentialAction\":[{\"@type\":\"ReadAction\",\"target\":[\"https:\\\/\\\/perle-in.com\\\/produit\\\/lunch-box-mepal-ellipse-300120-ml-mini\\\/\"]}]},{\"@type\":\"ImageObject\",\"inLanguage\":\"en-CA\",\"@id\":\"https:\\\/\\\/perle-in.com\\\/produit\\\/lunch-box-mepal-ellipse-300120-ml-mini\\\/#primaryimage\",\"url\":\"https:\\\/\\\/perle-in.com\\\/wp-content\\\/uploads\\\/2025\\\/10\\\/11318401-1.jpg\",\"contentUrl\":\"https:\\\/\\\/perle-in.com\\\/wp-content\\\/uploads\\\/2025\\\/10\\\/11318401-1.jpg\",\"width\":1600,\"height\":1600},{\"@type\":\"BreadcrumbList\",\"@id\":\"https:\\\/\\\/perle-in.com\\\/produit\\\/lunch-box-mepal-ellipse-300120-ml-mini\\\/#breadcrumb\",\"itemListElement\":[{\"@type\":\"ListItem\",\"position\":1,\"name\":\"Accueil\",\"item\":\"https:\\\/\\\/perle-in.com\\\/\"},{\"@type\":\"ListItem\",\"position\":2,\"name\":\"Boutique\",\"item\":\"https:\\\/\\\/perle-in.com\\\/boutique\\\/\"},{\"@type\":\"ListItem\",\"position\":3,\"name\":\"Lunch box Mepal Ellipse 300+120 ml Mini\"}]},{\"@type\":\"WebSite\",\"@id\":\"https:\\\/\\\/perle-in.com\\\/#website\",\"url\":\"https:\\\/\\\/perle-in.com\\\/\",\"name\":\"PERLE IN\",\"description\":\"\",\"publisher\":{\"@id\":\"https:\\\/\\\/perle-in.com\\\/#organization\"},\"potentialAction\":[{\"@type\":\"SearchAction\",\"target\":{\"@type\":\"EntryPoint\",\"urlTemplate\":\"https:\\\/\\\/perle-in.com\\\/?s={search_term_string}\"},\"query-input\":{\"@type\":\"PropertyValueSpecification\",\"valueRequired\":true,\"valueName\":\"search_term_string\"}}],\"inLanguage\":\"en-CA\"},{\"@type\":\"Organization\",\"@id\":\"https:\\\/\\\/perle-in.com\\\/#organization\",\"name\":\"PERLE IN\",\"url\":\"https:\\\/\\\/perle-in.com\\\/\",\"logo\":{\"@type\":\"ImageObject\",\"inLanguage\":\"en-CA\",\"@id\":\"https:\\\/\\\/perle-in.com\\\/#\\\/schema\\\/logo\\\/image\\\/\",\"url\":\"https:\\\/\\\/perle-in.com\\\/wp-content\\\/uploads\\\/2022\\\/12\\\/LOGO-PERLE-IN-COULEUR@3x.webp\",\"contentUrl\":\"https:\\\/\\\/perle-in.com\\\/wp-content\\\/uploads\\\/2022\\\/12\\\/LOGO-PERLE-IN-COULEUR@3x.webp\",\"width\":1600,\"height\":490,\"caption\":\"PERLE IN\"},\"image\":{\"@id\":\"https:\\\/\\\/perle-in.com\\\/#\\\/schema\\\/logo\\\/image\\\/\"}}]}<\/script>\n<!-- \/ Yoast SEO plugin. -->","yoast_head_json":{"title":"Lunch box Mepal Ellipse 300+120 ml Mini - PERLE IN","robots":{"index":"noindex","follow":"follow","max-snippet":"max-snippet:-1","max-image-preview":"max-image-preview:large","max-video-preview":"max-video-preview:-1"},"og_locale":"en_US","og_type":"article","og_title":"Lunch box Mepal Ellipse 300+120 ml Mini - PERLE IN","og_description":"La lunch box Ellipse Mini est id\u00e9ale pour une vari\u00e9t\u00e9 de collations, comme du yaourt avec du muesli ou de la soupe avec des cro\u00fbtons. Dot\u00e9e de deux compartiments intelligents dans un r\u00e9cipient robuste, elle permet de s\u00e9parer soigneusement les ingr\u00e9dients. Gr\u00e2ce \u00e0 sa taille compacte, elle se glisse facilement dans un sac d\u2019\u00e9cole pour un repas rapide et pratique. Le compartiment sup\u00e9rieur transparent offre une capacit\u00e9 de 120\u00a0ml. Il est id\u00e9al pour environ 50\u00a0grammes de muesli ou de fruits. Le compartiment inf\u00e9rieur a une capacit\u00e9 de 300\u00a0ml. \u00c9tanche et lavable au lave-vaisselle. Sans bisph\u00e9nol A.","og_url":"https:\/\/perle-in.com\/en\/product\/lunch-box-mepal-ellipse-300120-ml-mini\/","og_site_name":"PERLE IN","article_modified_time":"2025-10-16T07:36:10+00:00","og_image":[{"width":1600,"height":1600,"url":"https:\/\/perle-in.com\/wp-content\/uploads\/2025\/10\/11318401-1.jpg","type":"image\/jpeg"}],"twitter_card":"summary_large_image","schema":{"@context":"https:\/\/schema.org","@graph":[{"@type":"WebPage","@id":"https:\/\/perle-in.com\/produit\/lunch-box-mepal-ellipse-300120-ml-mini\/","url":"https:\/\/perle-in.com\/produit\/lunch-box-mepal-ellipse-300120-ml-mini\/","name":"Lunch box Mepal Ellipse 300+120 ml Mini - PERLE IN","isPartOf":{"@id":"https:\/\/perle-in.com\/#website"},"primaryImageOfPage":{"@id":"https:\/\/perle-in.com\/produit\/lunch-box-mepal-ellipse-300120-ml-mini\/#primaryimage"},"image":{"@id":"https:\/\/perle-in.com\/produit\/lunch-box-mepal-ellipse-300120-ml-mini\/#primaryimage"},"thumbnailUrl":"https:\/\/perle-in.com\/wp-content\/uploads\/2025\/10\/11318401-1.jpg","datePublished":"2025-10-16T07:36:06+00:00","dateModified":"2025-10-16T07:36:10+00:00","breadcrumb":{"@id":"https:\/\/perle-in.com\/produit\/lunch-box-mepal-ellipse-300120-ml-mini\/#breadcrumb"},"inLanguage":"en-CA","potentialAction":[{"@type":"ReadAction","target":["https:\/\/perle-in.com\/produit\/lunch-box-mepal-ellipse-300120-ml-mini\/"]}]},{"@type":"ImageObject","inLanguage":"en-CA","@id":"https:\/\/perle-in.com\/produit\/lunch-box-mepal-ellipse-300120-ml-mini\/#primaryimage","url":"https:\/\/perle-in.com\/wp-content\/uploads\/2025\/10\/11318401-1.jpg","contentUrl":"https:\/\/perle-in.com\/wp-content\/uploads\/2025\/10\/11318401-1.jpg","width":1600,"height":1600},{"@type":"BreadcrumbList","@id":"https:\/\/perle-in.com\/produit\/lunch-box-mepal-ellipse-300120-ml-mini\/#breadcrumb","itemListElement":[{"@type":"ListItem","position":1,"name":"Accueil","item":"https:\/\/perle-in.com\/"},{"@type":"ListItem","position":2,"name":"Boutique","item":"https:\/\/perle-in.com\/boutique\/"},{"@type":"ListItem","position":3,"name":"Lunch box Mepal Ellipse 300+120 ml Mini"}]},{"@type":"WebSite","@id":"https:\/\/perle-in.com\/#website","url":"https:\/\/perle-in.com\/","name":"PERLE IN","description":"","publisher":{"@id":"https:\/\/perle-in.com\/#organization"},"potentialAction":[{"@type":"SearchAction","target":{"@type":"EntryPoint","urlTemplate":"https:\/\/perle-in.com\/?s={search_term_string}"},"query-input":{"@type":"PropertyValueSpecification","valueRequired":true,"valueName":"search_term_string"}}],"inLanguage":"en-CA"},{"@type":"Organization","@id":"https:\/\/perle-in.com\/#organization","name":"PERLE IN","url":"https:\/\/perle-in.com\/","logo":{"@type":"ImageObject","inLanguage":"en-CA","@id":"https:\/\/perle-in.com\/#\/schema\/logo\/image\/","url":"https:\/\/perle-in.com\/wp-content\/uploads\/2022\/12\/LOGO-PERLE-IN-COULEUR@3x.webp","contentUrl":"https:\/\/perle-in.com\/wp-content\/uploads\/2022\/12\/LOGO-PERLE-IN-COULEUR@3x.webp","width":1600,"height":490,"caption":"PERLE IN"},"image":{"@id":"https:\/\/perle-in.com\/#\/schema\/logo\/image\/"}}]}},"jetpack_sharing_enabled":true,"_links":{"self":[{"href":"https:\/\/perle-in.com\/en\/wp-json\/wp\/v2\/product\/578187","targetHints":{"allow":["GET"]}}],"collection":[{"href":"https:\/\/perle-in.com\/en\/wp-json\/wp\/v2\/product"}],"about":[{"href":"https:\/\/perle-in.com\/en\/wp-json\/wp\/v2\/types\/product"}],"version-history":[{"count":0,"href":"https:\/\/perle-in.com\/en\/wp-json\/wp\/v2\/product\/578187\/revisions"}],"wp:featuredmedia":[{"embeddable":true,"href":"https:\/\/perle-in.com\/en\/wp-json\/wp\/v2\/media\/578177"}],"wp:attachment":[{"href":"https:\/\/perle-in.com\/en\/wp-json\/wp\/v2\/media?parent=578187"}],"wp:term":[{"taxonomy":"product_brand","embeddable":true,"href":"https:\/\/perle-in.com\/en\/wp-json\/wp\/v2\/product_brand?post=578187"},{"taxonomy":"product_cat","embeddable":true,"href":"https:\/\/perle-in.com\/en\/wp-json\/wp\/v2\/product_cat?post=578187"},{"taxonomy":"product_tag","embeddable":true,"href":"https:\/\/perle-in.com\/en\/wp-json\/wp\/v2\/product_tag?post=578187"}],"curies":[{"name":"wp","href":"https:\/\/api.w.org\/{rel}","templated":true}]}}