{"id":578173,"date":"2025-10-16T09:34:54","date_gmt":"2025-10-16T07:34:54","guid":{"rendered":"https:\/\/perle-in.com\/produit\/lunch-box-isotherme-500200-ml-2-0-mepal-ellipse\/"},"modified":"2025-10-16T09:34:57","modified_gmt":"2025-10-16T07:34:57","slug":"lunch-box-isotherme-500200-ml-2-0-mepal-ellipse","status":"publish","type":"product","link":"https:\/\/perle-in.com\/en\/product\/lunch-box-isotherme-500200-ml-2-0-mepal-ellipse\/","title":{"rendered":"Lunch box isotherme 500+200 ml 2.0 Mepal Ellipse"},"content":{"rendered":"","protected":false},"excerpt":{"rendered":"<p>Lunch box isotherme avec deux compartiments diff\u00e9rents pour garder les diff\u00e9rents ingr\u00e9dients s\u00e9par\u00e9s. Les deux compartiments ont un couvercle s\u00e9par\u00e9 afin que les ingr\u00e9dients ne se m\u00e9langent pas. La bo\u00eete garde les aliments au chaud pendant 6 \u00e0 8\u00a0heures et au froid pendant 12\u00a0heures. La capacit\u00e9 du compartiment sup\u00e9rieur transparent est de 200\u00a0ml. La capacit\u00e9 du r\u00e9cipient inf\u00e9rieur est de 500\u00a0ml. Fabriqu\u00e9 dans un mat\u00e9riau durable, l\u2019ext\u00e9rieur de la bo\u00eete reste frais et sec. Le lavage \u00e0 la main est recommand\u00e9. Les parties en plastique du couvercle peuvent \u00eatre mises au lave-vaisselle.<\/p>","protected":false},"featured_media":578166,"template":"","meta":{"_eb_attr":""},"product_brand":[],"product_cat":[1232,150],"product_tag":[3110,4172,3373,3111,2727,880,719],"class_list":{"0":"post-578173","1":"product","2":"type-product","3":"status-publish","4":"has-post-thumbnail","6":"product_cat-boites-repas","7":"product_cat-maison-et-cuisine","8":"product_tag-boite-a-dejeuner","9":"product_tag-boites-a-lunch","10":"product_tag-ecole","11":"product_tag-lunch-box","12":"product_tag-mepal","13":"product_tag-nourriture","14":"product_tag-travail","15":"pa_couleurs-bleu-vif","16":"pa_couleurs-noir","17":"pa_couleurs-vert","18":"pa_marque-mepal","20":"first","21":"instock","22":"shipping-taxable","23":"purchasable","24":"product-type-variable"},"yoast_head":"<!-- This site is optimized with the Yoast SEO plugin v27.4 - https:\/\/yoast.com\/product\/yoast-seo-wordpress\/ -->\n<title>Lunch box isotherme 500+200 ml 2.0 Mepal Ellipse - PERLE IN<\/title>\n<meta name=\"robots\" content=\"noindex, follow, max-snippet:-1, max-image-preview:large, max-video-preview:-1\" \/>\n<meta property=\"og:locale\" content=\"en_US\" \/>\n<meta property=\"og:type\" content=\"article\" \/>\n<meta property=\"og:title\" content=\"Lunch box isotherme 500+200 ml 2.0 Mepal Ellipse - PERLE IN\" \/>\n<meta property=\"og:description\" content=\"Lunch box isotherme avec deux compartiments diff\u00e9rents pour garder les diff\u00e9rents ingr\u00e9dients s\u00e9par\u00e9s. Les deux compartiments ont un couvercle s\u00e9par\u00e9 afin que les ingr\u00e9dients ne se m\u00e9langent pas. La bo\u00eete garde les aliments au chaud pendant 6 \u00e0 8\u00a0heures et au froid pendant 12\u00a0heures. La capacit\u00e9 du compartiment sup\u00e9rieur transparent est de 200\u00a0ml. La capacit\u00e9 du r\u00e9cipient inf\u00e9rieur est de 500\u00a0ml. Fabriqu\u00e9 dans un mat\u00e9riau durable, l\u2019ext\u00e9rieur de la bo\u00eete reste frais et sec. Le lavage \u00e0 la main est recommand\u00e9. Les parties en plastique du couvercle peuvent \u00eatre mises au lave-vaisselle.\" \/>\n<meta property=\"og:url\" content=\"https:\/\/perle-in.com\/en\/product\/lunch-box-isotherme-500200-ml-2-0-mepal-ellipse\/\" \/>\n<meta property=\"og:site_name\" content=\"PERLE IN\" \/>\n<meta property=\"article:modified_time\" content=\"2025-10-16T07:34:57+00:00\" \/>\n<meta property=\"og:image\" content=\"https:\/\/perle-in.com\/wp-content\/uploads\/2025\/10\/11318352-1.jpg\" \/>\n\t<meta property=\"og:image:width\" content=\"1600\" \/>\n\t<meta property=\"og:image:height\" content=\"1600\" \/>\n\t<meta property=\"og:image:type\" content=\"image\/jpeg\" \/>\n<meta name=\"twitter:card\" content=\"summary_large_image\" \/>\n<script type=\"application\/ld+json\" class=\"yoast-schema-graph\">{\"@context\":\"https:\\\/\\\/schema.org\",\"@graph\":[{\"@type\":\"WebPage\",\"@id\":\"https:\\\/\\\/perle-in.com\\\/produit\\\/lunch-box-isotherme-500200-ml-2-0-mepal-ellipse\\\/\",\"url\":\"https:\\\/\\\/perle-in.com\\\/produit\\\/lunch-box-isotherme-500200-ml-2-0-mepal-ellipse\\\/\",\"name\":\"Lunch box isotherme 500+200 ml 2.0 Mepal Ellipse - PERLE IN\",\"isPartOf\":{\"@id\":\"https:\\\/\\\/perle-in.com\\\/#website\"},\"primaryImageOfPage\":{\"@id\":\"https:\\\/\\\/perle-in.com\\\/produit\\\/lunch-box-isotherme-500200-ml-2-0-mepal-ellipse\\\/#primaryimage\"},\"image\":{\"@id\":\"https:\\\/\\\/perle-in.com\\\/produit\\\/lunch-box-isotherme-500200-ml-2-0-mepal-ellipse\\\/#primaryimage\"},\"thumbnailUrl\":\"https:\\\/\\\/perle-in.com\\\/wp-content\\\/uploads\\\/2025\\\/10\\\/11318352-1.jpg\",\"datePublished\":\"2025-10-16T07:34:54+00:00\",\"dateModified\":\"2025-10-16T07:34:57+00:00\",\"breadcrumb\":{\"@id\":\"https:\\\/\\\/perle-in.com\\\/produit\\\/lunch-box-isotherme-500200-ml-2-0-mepal-ellipse\\\/#breadcrumb\"},\"inLanguage\":\"en-CA\",\"potentialAction\":[{\"@type\":\"ReadAction\",\"target\":[\"https:\\\/\\\/perle-in.com\\\/produit\\\/lunch-box-isotherme-500200-ml-2-0-mepal-ellipse\\\/\"]}]},{\"@type\":\"ImageObject\",\"inLanguage\":\"en-CA\",\"@id\":\"https:\\\/\\\/perle-in.com\\\/produit\\\/lunch-box-isotherme-500200-ml-2-0-mepal-ellipse\\\/#primaryimage\",\"url\":\"https:\\\/\\\/perle-in.com\\\/wp-content\\\/uploads\\\/2025\\\/10\\\/11318352-1.jpg\",\"contentUrl\":\"https:\\\/\\\/perle-in.com\\\/wp-content\\\/uploads\\\/2025\\\/10\\\/11318352-1.jpg\",\"width\":1600,\"height\":1600},{\"@type\":\"BreadcrumbList\",\"@id\":\"https:\\\/\\\/perle-in.com\\\/produit\\\/lunch-box-isotherme-500200-ml-2-0-mepal-ellipse\\\/#breadcrumb\",\"itemListElement\":[{\"@type\":\"ListItem\",\"position\":1,\"name\":\"Accueil\",\"item\":\"https:\\\/\\\/perle-in.com\\\/\"},{\"@type\":\"ListItem\",\"position\":2,\"name\":\"Boutique\",\"item\":\"https:\\\/\\\/perle-in.com\\\/boutique\\\/\"},{\"@type\":\"ListItem\",\"position\":3,\"name\":\"Lunch box isotherme 500+200 ml 2.0 Mepal Ellipse\"}]},{\"@type\":\"WebSite\",\"@id\":\"https:\\\/\\\/perle-in.com\\\/#website\",\"url\":\"https:\\\/\\\/perle-in.com\\\/\",\"name\":\"PERLE IN\",\"description\":\"\",\"publisher\":{\"@id\":\"https:\\\/\\\/perle-in.com\\\/#organization\"},\"potentialAction\":[{\"@type\":\"SearchAction\",\"target\":{\"@type\":\"EntryPoint\",\"urlTemplate\":\"https:\\\/\\\/perle-in.com\\\/?s={search_term_string}\"},\"query-input\":{\"@type\":\"PropertyValueSpecification\",\"valueRequired\":true,\"valueName\":\"search_term_string\"}}],\"inLanguage\":\"en-CA\"},{\"@type\":\"Organization\",\"@id\":\"https:\\\/\\\/perle-in.com\\\/#organization\",\"name\":\"PERLE IN\",\"url\":\"https:\\\/\\\/perle-in.com\\\/\",\"logo\":{\"@type\":\"ImageObject\",\"inLanguage\":\"en-CA\",\"@id\":\"https:\\\/\\\/perle-in.com\\\/#\\\/schema\\\/logo\\\/image\\\/\",\"url\":\"https:\\\/\\\/perle-in.com\\\/wp-content\\\/uploads\\\/2022\\\/12\\\/LOGO-PERLE-IN-COULEUR@3x.webp\",\"contentUrl\":\"https:\\\/\\\/perle-in.com\\\/wp-content\\\/uploads\\\/2022\\\/12\\\/LOGO-PERLE-IN-COULEUR@3x.webp\",\"width\":1600,\"height\":490,\"caption\":\"PERLE IN\"},\"image\":{\"@id\":\"https:\\\/\\\/perle-in.com\\\/#\\\/schema\\\/logo\\\/image\\\/\"}}]}<\/script>\n<!-- \/ Yoast SEO plugin. -->","yoast_head_json":{"title":"Lunch box isotherme 500+200 ml 2.0 Mepal Ellipse - PERLE IN","robots":{"index":"noindex","follow":"follow","max-snippet":"max-snippet:-1","max-image-preview":"max-image-preview:large","max-video-preview":"max-video-preview:-1"},"og_locale":"en_US","og_type":"article","og_title":"Lunch box isotherme 500+200 ml 2.0 Mepal Ellipse - PERLE IN","og_description":"Lunch box isotherme avec deux compartiments diff\u00e9rents pour garder les diff\u00e9rents ingr\u00e9dients s\u00e9par\u00e9s. Les deux compartiments ont un couvercle s\u00e9par\u00e9 afin que les ingr\u00e9dients ne se m\u00e9langent pas. La bo\u00eete garde les aliments au chaud pendant 6 \u00e0 8\u00a0heures et au froid pendant 12\u00a0heures. La capacit\u00e9 du compartiment sup\u00e9rieur transparent est de 200\u00a0ml. La capacit\u00e9 du r\u00e9cipient inf\u00e9rieur est de 500\u00a0ml. Fabriqu\u00e9 dans un mat\u00e9riau durable, l\u2019ext\u00e9rieur de la bo\u00eete reste frais et sec. Le lavage \u00e0 la main est recommand\u00e9. Les parties en plastique du couvercle peuvent \u00eatre mises au lave-vaisselle.","og_url":"https:\/\/perle-in.com\/en\/product\/lunch-box-isotherme-500200-ml-2-0-mepal-ellipse\/","og_site_name":"PERLE IN","article_modified_time":"2025-10-16T07:34:57+00:00","og_image":[{"width":1600,"height":1600,"url":"https:\/\/perle-in.com\/wp-content\/uploads\/2025\/10\/11318352-1.jpg","type":"image\/jpeg"}],"twitter_card":"summary_large_image","schema":{"@context":"https:\/\/schema.org","@graph":[{"@type":"WebPage","@id":"https:\/\/perle-in.com\/produit\/lunch-box-isotherme-500200-ml-2-0-mepal-ellipse\/","url":"https:\/\/perle-in.com\/produit\/lunch-box-isotherme-500200-ml-2-0-mepal-ellipse\/","name":"Lunch box isotherme 500+200 ml 2.0 Mepal Ellipse - PERLE IN","isPartOf":{"@id":"https:\/\/perle-in.com\/#website"},"primaryImageOfPage":{"@id":"https:\/\/perle-in.com\/produit\/lunch-box-isotherme-500200-ml-2-0-mepal-ellipse\/#primaryimage"},"image":{"@id":"https:\/\/perle-in.com\/produit\/lunch-box-isotherme-500200-ml-2-0-mepal-ellipse\/#primaryimage"},"thumbnailUrl":"https:\/\/perle-in.com\/wp-content\/uploads\/2025\/10\/11318352-1.jpg","datePublished":"2025-10-16T07:34:54+00:00","dateModified":"2025-10-16T07:34:57+00:00","breadcrumb":{"@id":"https:\/\/perle-in.com\/produit\/lunch-box-isotherme-500200-ml-2-0-mepal-ellipse\/#breadcrumb"},"inLanguage":"en-CA","potentialAction":[{"@type":"ReadAction","target":["https:\/\/perle-in.com\/produit\/lunch-box-isotherme-500200-ml-2-0-mepal-ellipse\/"]}]},{"@type":"ImageObject","inLanguage":"en-CA","@id":"https:\/\/perle-in.com\/produit\/lunch-box-isotherme-500200-ml-2-0-mepal-ellipse\/#primaryimage","url":"https:\/\/perle-in.com\/wp-content\/uploads\/2025\/10\/11318352-1.jpg","contentUrl":"https:\/\/perle-in.com\/wp-content\/uploads\/2025\/10\/11318352-1.jpg","width":1600,"height":1600},{"@type":"BreadcrumbList","@id":"https:\/\/perle-in.com\/produit\/lunch-box-isotherme-500200-ml-2-0-mepal-ellipse\/#breadcrumb","itemListElement":[{"@type":"ListItem","position":1,"name":"Accueil","item":"https:\/\/perle-in.com\/"},{"@type":"ListItem","position":2,"name":"Boutique","item":"https:\/\/perle-in.com\/boutique\/"},{"@type":"ListItem","position":3,"name":"Lunch box isotherme 500+200 ml 2.0 Mepal Ellipse"}]},{"@type":"WebSite","@id":"https:\/\/perle-in.com\/#website","url":"https:\/\/perle-in.com\/","name":"PERLE IN","description":"","publisher":{"@id":"https:\/\/perle-in.com\/#organization"},"potentialAction":[{"@type":"SearchAction","target":{"@type":"EntryPoint","urlTemplate":"https:\/\/perle-in.com\/?s={search_term_string}"},"query-input":{"@type":"PropertyValueSpecification","valueRequired":true,"valueName":"search_term_string"}}],"inLanguage":"en-CA"},{"@type":"Organization","@id":"https:\/\/perle-in.com\/#organization","name":"PERLE IN","url":"https:\/\/perle-in.com\/","logo":{"@type":"ImageObject","inLanguage":"en-CA","@id":"https:\/\/perle-in.com\/#\/schema\/logo\/image\/","url":"https:\/\/perle-in.com\/wp-content\/uploads\/2022\/12\/LOGO-PERLE-IN-COULEUR@3x.webp","contentUrl":"https:\/\/perle-in.com\/wp-content\/uploads\/2022\/12\/LOGO-PERLE-IN-COULEUR@3x.webp","width":1600,"height":490,"caption":"PERLE IN"},"image":{"@id":"https:\/\/perle-in.com\/#\/schema\/logo\/image\/"}}]}},"jetpack_sharing_enabled":true,"_links":{"self":[{"href":"https:\/\/perle-in.com\/en\/wp-json\/wp\/v2\/product\/578173","targetHints":{"allow":["GET"]}}],"collection":[{"href":"https:\/\/perle-in.com\/en\/wp-json\/wp\/v2\/product"}],"about":[{"href":"https:\/\/perle-in.com\/en\/wp-json\/wp\/v2\/types\/product"}],"version-history":[{"count":0,"href":"https:\/\/perle-in.com\/en\/wp-json\/wp\/v2\/product\/578173\/revisions"}],"wp:featuredmedia":[{"embeddable":true,"href":"https:\/\/perle-in.com\/en\/wp-json\/wp\/v2\/media\/578166"}],"wp:attachment":[{"href":"https:\/\/perle-in.com\/en\/wp-json\/wp\/v2\/media?parent=578173"}],"wp:term":[{"taxonomy":"product_brand","embeddable":true,"href":"https:\/\/perle-in.com\/en\/wp-json\/wp\/v2\/product_brand?post=578173"},{"taxonomy":"product_cat","embeddable":true,"href":"https:\/\/perle-in.com\/en\/wp-json\/wp\/v2\/product_cat?post=578173"},{"taxonomy":"product_tag","embeddable":true,"href":"https:\/\/perle-in.com\/en\/wp-json\/wp\/v2\/product_tag?post=578173"}],"curies":[{"name":"wp","href":"https:\/\/api.w.org\/{rel}","templated":true}]}}