{"id":578162,"date":"2025-10-16T09:33:46","date_gmt":"2025-10-16T07:33:46","guid":{"rendered":"https:\/\/perle-in.com\/produit\/batonnets-parfumes-wellmark\/"},"modified":"2025-10-16T09:33:50","modified_gmt":"2025-10-16T07:33:50","slug":"batonnets-parfumes-wellmark","status":"publish","type":"product","link":"https:\/\/perle-in.com\/en\/product\/batonnets-parfumes-wellmark\/","title":{"rendered":"B\u00e2tonnets parfum\u00e9s Wellmark"},"content":{"rendered":"","protected":false},"excerpt":{"rendered":"<p>Cr\u00e9ez une exp\u00e9rience olfactive unique \u00e0 la maison avec les b\u00e2tonnets parfum\u00e9s Wellmark. Les b\u00e2tonnets parfum\u00e9s de 200\u00a0ml diffusent un parfum \u00e9tincelant et sont disponibles en 3\u00a0parfums uniques\u00a0: \u00ab\u00a0Echoes of Kindness\u00a0\u00bb, \u00ab\u00a0Quiet Rebellion\u00a0\u00bb et \u00ab\u00a0Tender Affection\u00a0\u00bb. Fabriqu\u00e9 aux Pays-Bas.<\/p>","protected":false},"featured_media":578156,"template":"","meta":{"_eb_attr":""},"product_brand":[],"product_cat":[460,150],"product_tag":[4141,4170,4143,3336,4171,3326],"class_list":{"0":"post-578162","1":"product","2":"type-product","3":"status-publish","4":"has-post-thumbnail","6":"product_cat-accessoires-pour-la-maison","7":"product_cat-maison-et-cuisine","8":"product_tag-arome","9":"product_tag-batonnets","10":"product_tag-odeur","11":"product_tag-parfum","12":"product_tag-senteur","13":"product_tag-wellmark","14":"pa_couleurs-marron","15":"pa_couleurs-noir","16":"pa_couleurs-translucide","17":"pa_green-points-1621","18":"pa_marque-wellmark","19":"pa_pays-d-origine-pays-bas","21":"first","22":"outofstock","23":"shipping-taxable","24":"purchasable","25":"product-type-variable"},"yoast_head":"<!-- This site is optimized with the Yoast SEO plugin v27.4 - https:\/\/yoast.com\/product\/yoast-seo-wordpress\/ -->\n<title>B\u00e2tonnets parfum\u00e9s Wellmark - PERLE IN<\/title>\n<meta name=\"robots\" content=\"noindex, follow, max-snippet:-1, max-image-preview:large, max-video-preview:-1\" \/>\n<meta property=\"og:locale\" content=\"en_US\" \/>\n<meta property=\"og:type\" content=\"article\" \/>\n<meta property=\"og:title\" content=\"B\u00e2tonnets parfum\u00e9s Wellmark - PERLE IN\" \/>\n<meta property=\"og:description\" content=\"Cr\u00e9ez une exp\u00e9rience olfactive unique \u00e0 la maison avec les b\u00e2tonnets parfum\u00e9s Wellmark. Les b\u00e2tonnets parfum\u00e9s de 200\u00a0ml diffusent un parfum \u00e9tincelant et sont disponibles en 3\u00a0parfums uniques\u00a0: \u00ab\u00a0Echoes of Kindness\u00a0\u00bb, \u00ab\u00a0Quiet Rebellion\u00a0\u00bb et \u00ab\u00a0Tender Affection\u00a0\u00bb. Fabriqu\u00e9 aux Pays-Bas.\" \/>\n<meta property=\"og:url\" content=\"https:\/\/perle-in.com\/en\/product\/batonnets-parfumes-wellmark\/\" \/>\n<meta property=\"og:site_name\" content=\"PERLE IN\" \/>\n<meta property=\"article:modified_time\" content=\"2025-10-16T07:33:50+00:00\" \/>\n<meta property=\"og:image\" content=\"https:\/\/perle-in.com\/wp-content\/uploads\/2025\/10\/12640901-1.jpg\" \/>\n\t<meta property=\"og:image:width\" content=\"1600\" \/>\n\t<meta property=\"og:image:height\" content=\"1600\" \/>\n\t<meta property=\"og:image:type\" content=\"image\/jpeg\" \/>\n<meta name=\"twitter:card\" content=\"summary_large_image\" \/>\n<script type=\"application\/ld+json\" class=\"yoast-schema-graph\">{\"@context\":\"https:\\\/\\\/schema.org\",\"@graph\":[{\"@type\":\"WebPage\",\"@id\":\"https:\\\/\\\/perle-in.com\\\/produit\\\/batonnets-parfumes-wellmark\\\/\",\"url\":\"https:\\\/\\\/perle-in.com\\\/produit\\\/batonnets-parfumes-wellmark\\\/\",\"name\":\"B\u00e2tonnets parfum\u00e9s Wellmark - PERLE IN\",\"isPartOf\":{\"@id\":\"https:\\\/\\\/perle-in.com\\\/#website\"},\"primaryImageOfPage\":{\"@id\":\"https:\\\/\\\/perle-in.com\\\/produit\\\/batonnets-parfumes-wellmark\\\/#primaryimage\"},\"image\":{\"@id\":\"https:\\\/\\\/perle-in.com\\\/produit\\\/batonnets-parfumes-wellmark\\\/#primaryimage\"},\"thumbnailUrl\":\"https:\\\/\\\/perle-in.com\\\/wp-content\\\/uploads\\\/2025\\\/10\\\/12640901-1.jpg\",\"datePublished\":\"2025-10-16T07:33:46+00:00\",\"dateModified\":\"2025-10-16T07:33:50+00:00\",\"breadcrumb\":{\"@id\":\"https:\\\/\\\/perle-in.com\\\/produit\\\/batonnets-parfumes-wellmark\\\/#breadcrumb\"},\"inLanguage\":\"en-CA\",\"potentialAction\":[{\"@type\":\"ReadAction\",\"target\":[\"https:\\\/\\\/perle-in.com\\\/produit\\\/batonnets-parfumes-wellmark\\\/\"]}]},{\"@type\":\"ImageObject\",\"inLanguage\":\"en-CA\",\"@id\":\"https:\\\/\\\/perle-in.com\\\/produit\\\/batonnets-parfumes-wellmark\\\/#primaryimage\",\"url\":\"https:\\\/\\\/perle-in.com\\\/wp-content\\\/uploads\\\/2025\\\/10\\\/12640901-1.jpg\",\"contentUrl\":\"https:\\\/\\\/perle-in.com\\\/wp-content\\\/uploads\\\/2025\\\/10\\\/12640901-1.jpg\",\"width\":1600,\"height\":1600},{\"@type\":\"BreadcrumbList\",\"@id\":\"https:\\\/\\\/perle-in.com\\\/produit\\\/batonnets-parfumes-wellmark\\\/#breadcrumb\",\"itemListElement\":[{\"@type\":\"ListItem\",\"position\":1,\"name\":\"Accueil\",\"item\":\"https:\\\/\\\/perle-in.com\\\/\"},{\"@type\":\"ListItem\",\"position\":2,\"name\":\"Boutique\",\"item\":\"https:\\\/\\\/perle-in.com\\\/boutique\\\/\"},{\"@type\":\"ListItem\",\"position\":3,\"name\":\"B\u00e2tonnets parfum\u00e9s Wellmark\"}]},{\"@type\":\"WebSite\",\"@id\":\"https:\\\/\\\/perle-in.com\\\/#website\",\"url\":\"https:\\\/\\\/perle-in.com\\\/\",\"name\":\"PERLE IN\",\"description\":\"\",\"publisher\":{\"@id\":\"https:\\\/\\\/perle-in.com\\\/#organization\"},\"potentialAction\":[{\"@type\":\"SearchAction\",\"target\":{\"@type\":\"EntryPoint\",\"urlTemplate\":\"https:\\\/\\\/perle-in.com\\\/?s={search_term_string}\"},\"query-input\":{\"@type\":\"PropertyValueSpecification\",\"valueRequired\":true,\"valueName\":\"search_term_string\"}}],\"inLanguage\":\"en-CA\"},{\"@type\":\"Organization\",\"@id\":\"https:\\\/\\\/perle-in.com\\\/#organization\",\"name\":\"PERLE IN\",\"url\":\"https:\\\/\\\/perle-in.com\\\/\",\"logo\":{\"@type\":\"ImageObject\",\"inLanguage\":\"en-CA\",\"@id\":\"https:\\\/\\\/perle-in.com\\\/#\\\/schema\\\/logo\\\/image\\\/\",\"url\":\"https:\\\/\\\/perle-in.com\\\/wp-content\\\/uploads\\\/2022\\\/12\\\/LOGO-PERLE-IN-COULEUR@3x.webp\",\"contentUrl\":\"https:\\\/\\\/perle-in.com\\\/wp-content\\\/uploads\\\/2022\\\/12\\\/LOGO-PERLE-IN-COULEUR@3x.webp\",\"width\":1600,\"height\":490,\"caption\":\"PERLE IN\"},\"image\":{\"@id\":\"https:\\\/\\\/perle-in.com\\\/#\\\/schema\\\/logo\\\/image\\\/\"}}]}<\/script>\n<!-- \/ Yoast SEO plugin. -->","yoast_head_json":{"title":"B\u00e2tonnets parfum\u00e9s Wellmark - PERLE IN","robots":{"index":"noindex","follow":"follow","max-snippet":"max-snippet:-1","max-image-preview":"max-image-preview:large","max-video-preview":"max-video-preview:-1"},"og_locale":"en_US","og_type":"article","og_title":"B\u00e2tonnets parfum\u00e9s Wellmark - PERLE IN","og_description":"Cr\u00e9ez une exp\u00e9rience olfactive unique \u00e0 la maison avec les b\u00e2tonnets parfum\u00e9s Wellmark. Les b\u00e2tonnets parfum\u00e9s de 200\u00a0ml diffusent un parfum \u00e9tincelant et sont disponibles en 3\u00a0parfums uniques\u00a0: \u00ab\u00a0Echoes of Kindness\u00a0\u00bb, \u00ab\u00a0Quiet Rebellion\u00a0\u00bb et \u00ab\u00a0Tender Affection\u00a0\u00bb. Fabriqu\u00e9 aux Pays-Bas.","og_url":"https:\/\/perle-in.com\/en\/product\/batonnets-parfumes-wellmark\/","og_site_name":"PERLE IN","article_modified_time":"2025-10-16T07:33:50+00:00","og_image":[{"width":1600,"height":1600,"url":"https:\/\/perle-in.com\/wp-content\/uploads\/2025\/10\/12640901-1.jpg","type":"image\/jpeg"}],"twitter_card":"summary_large_image","schema":{"@context":"https:\/\/schema.org","@graph":[{"@type":"WebPage","@id":"https:\/\/perle-in.com\/produit\/batonnets-parfumes-wellmark\/","url":"https:\/\/perle-in.com\/produit\/batonnets-parfumes-wellmark\/","name":"B\u00e2tonnets parfum\u00e9s Wellmark - PERLE IN","isPartOf":{"@id":"https:\/\/perle-in.com\/#website"},"primaryImageOfPage":{"@id":"https:\/\/perle-in.com\/produit\/batonnets-parfumes-wellmark\/#primaryimage"},"image":{"@id":"https:\/\/perle-in.com\/produit\/batonnets-parfumes-wellmark\/#primaryimage"},"thumbnailUrl":"https:\/\/perle-in.com\/wp-content\/uploads\/2025\/10\/12640901-1.jpg","datePublished":"2025-10-16T07:33:46+00:00","dateModified":"2025-10-16T07:33:50+00:00","breadcrumb":{"@id":"https:\/\/perle-in.com\/produit\/batonnets-parfumes-wellmark\/#breadcrumb"},"inLanguage":"en-CA","potentialAction":[{"@type":"ReadAction","target":["https:\/\/perle-in.com\/produit\/batonnets-parfumes-wellmark\/"]}]},{"@type":"ImageObject","inLanguage":"en-CA","@id":"https:\/\/perle-in.com\/produit\/batonnets-parfumes-wellmark\/#primaryimage","url":"https:\/\/perle-in.com\/wp-content\/uploads\/2025\/10\/12640901-1.jpg","contentUrl":"https:\/\/perle-in.com\/wp-content\/uploads\/2025\/10\/12640901-1.jpg","width":1600,"height":1600},{"@type":"BreadcrumbList","@id":"https:\/\/perle-in.com\/produit\/batonnets-parfumes-wellmark\/#breadcrumb","itemListElement":[{"@type":"ListItem","position":1,"name":"Accueil","item":"https:\/\/perle-in.com\/"},{"@type":"ListItem","position":2,"name":"Boutique","item":"https:\/\/perle-in.com\/boutique\/"},{"@type":"ListItem","position":3,"name":"B\u00e2tonnets parfum\u00e9s Wellmark"}]},{"@type":"WebSite","@id":"https:\/\/perle-in.com\/#website","url":"https:\/\/perle-in.com\/","name":"PERLE IN","description":"","publisher":{"@id":"https:\/\/perle-in.com\/#organization"},"potentialAction":[{"@type":"SearchAction","target":{"@type":"EntryPoint","urlTemplate":"https:\/\/perle-in.com\/?s={search_term_string}"},"query-input":{"@type":"PropertyValueSpecification","valueRequired":true,"valueName":"search_term_string"}}],"inLanguage":"en-CA"},{"@type":"Organization","@id":"https:\/\/perle-in.com\/#organization","name":"PERLE IN","url":"https:\/\/perle-in.com\/","logo":{"@type":"ImageObject","inLanguage":"en-CA","@id":"https:\/\/perle-in.com\/#\/schema\/logo\/image\/","url":"https:\/\/perle-in.com\/wp-content\/uploads\/2022\/12\/LOGO-PERLE-IN-COULEUR@3x.webp","contentUrl":"https:\/\/perle-in.com\/wp-content\/uploads\/2022\/12\/LOGO-PERLE-IN-COULEUR@3x.webp","width":1600,"height":490,"caption":"PERLE IN"},"image":{"@id":"https:\/\/perle-in.com\/#\/schema\/logo\/image\/"}}]}},"jetpack_sharing_enabled":true,"_links":{"self":[{"href":"https:\/\/perle-in.com\/en\/wp-json\/wp\/v2\/product\/578162","targetHints":{"allow":["GET"]}}],"collection":[{"href":"https:\/\/perle-in.com\/en\/wp-json\/wp\/v2\/product"}],"about":[{"href":"https:\/\/perle-in.com\/en\/wp-json\/wp\/v2\/types\/product"}],"version-history":[{"count":0,"href":"https:\/\/perle-in.com\/en\/wp-json\/wp\/v2\/product\/578162\/revisions"}],"wp:featuredmedia":[{"embeddable":true,"href":"https:\/\/perle-in.com\/en\/wp-json\/wp\/v2\/media\/578156"}],"wp:attachment":[{"href":"https:\/\/perle-in.com\/en\/wp-json\/wp\/v2\/media?parent=578162"}],"wp:term":[{"taxonomy":"product_brand","embeddable":true,"href":"https:\/\/perle-in.com\/en\/wp-json\/wp\/v2\/product_brand?post=578162"},{"taxonomy":"product_cat","embeddable":true,"href":"https:\/\/perle-in.com\/en\/wp-json\/wp\/v2\/product_cat?post=578162"},{"taxonomy":"product_tag","embeddable":true,"href":"https:\/\/perle-in.com\/en\/wp-json\/wp\/v2\/product_tag?post=578162"}],"curies":[{"name":"wp","href":"https:\/\/api.w.org\/{rel}","templated":true}]}}