{"id":578152,"date":"2025-10-16T09:32:47","date_gmt":"2025-10-16T07:32:47","guid":{"rendered":"https:\/\/perle-in.com\/produit\/bougie-parfumee-wellmark\/"},"modified":"2025-10-16T09:32:49","modified_gmt":"2025-10-16T07:32:49","slug":"bougie-parfumee-wellmark","status":"publish","type":"product","link":"https:\/\/perle-in.com\/en\/product\/bougie-parfumee-wellmark\/","title":{"rendered":"Bougie parfum\u00e9e Wellmark"},"content":{"rendered":"","protected":false},"excerpt":{"rendered":"<p>Cette superbe bougie parfum\u00e9e est fabriqu\u00e9e \u00e0 partir de 100\u00a0% de cire de soja et cr\u00e9e une atmosph\u00e8re chaleureuse et luxueuse \u00e0 la maison. Disponible en 3\u00a0parfums uniques\u00a0: \u00ab\u00a0Echoes of Kindness\u00a0\u00bb, \u00ab\u00a0Quiet Rebellion\u00a0\u00bb et \u00ab\u00a0Tender Affection\u00a0\u00bb. Poids de la bougie\u00a0: 210\u00a0grammes. Fabriqu\u00e9 aux Pays-Bas. <\/p>","protected":false},"featured_media":578141,"template":"","meta":{"_eb_attr":""},"product_brand":[],"product_cat":[460,150],"product_tag":[4141,3334,3658,4101,3336,3338,4169,3326],"class_list":{"0":"post-578152","1":"product","2":"type-product","3":"status-publish","4":"has-post-thumbnail","6":"product_cat-accessoires-pour-la-maison","7":"product_cat-maison-et-cuisine","8":"product_tag-arome","9":"product_tag-bougie","10":"product_tag-cire","11":"product_tag-fragrance","12":"product_tag-parfum","13":"product_tag-parfume","14":"product_tag-soja","15":"product_tag-wellmark","16":"pa_couleurs-dore","17":"pa_couleurs-ecru","18":"pa_couleurs-noir","19":"pa_marque-wellmark","20":"pa_pays-d-origine-pays-bas","22":"first","23":"outofstock","24":"shipping-taxable","25":"purchasable","26":"product-type-variable"},"yoast_head":"<!-- This site is optimized with the Yoast SEO plugin v27.4 - https:\/\/yoast.com\/product\/yoast-seo-wordpress\/ -->\n<title>Bougie parfum\u00e9e Wellmark - PERLE IN<\/title>\n<meta name=\"robots\" content=\"noindex, follow, max-snippet:-1, max-image-preview:large, max-video-preview:-1\" \/>\n<meta property=\"og:locale\" content=\"en_US\" \/>\n<meta property=\"og:type\" content=\"article\" \/>\n<meta property=\"og:title\" content=\"Bougie parfum\u00e9e Wellmark - PERLE IN\" \/>\n<meta property=\"og:description\" content=\"Cette superbe bougie parfum\u00e9e est fabriqu\u00e9e \u00e0 partir de 100\u00a0% de cire de soja et cr\u00e9e une atmosph\u00e8re chaleureuse et luxueuse \u00e0 la maison. Disponible en 3\u00a0parfums uniques\u00a0: \u00ab\u00a0Echoes of Kindness\u00a0\u00bb, \u00ab\u00a0Quiet Rebellion\u00a0\u00bb et \u00ab\u00a0Tender Affection\u00a0\u00bb. Poids de la bougie\u00a0: 210\u00a0grammes. Fabriqu\u00e9 aux Pays-Bas.\" \/>\n<meta property=\"og:url\" content=\"https:\/\/perle-in.com\/en\/product\/bougie-parfumee-wellmark\/\" \/>\n<meta property=\"og:site_name\" content=\"PERLE IN\" \/>\n<meta property=\"article:modified_time\" content=\"2025-10-16T07:32:49+00:00\" \/>\n<meta property=\"og:image\" content=\"https:\/\/perle-in.com\/wp-content\/uploads\/2025\/10\/12640805-1.jpg\" \/>\n\t<meta property=\"og:image:width\" content=\"1600\" \/>\n\t<meta property=\"og:image:height\" content=\"1600\" \/>\n\t<meta property=\"og:image:type\" content=\"image\/jpeg\" \/>\n<meta name=\"twitter:card\" content=\"summary_large_image\" \/>\n<script type=\"application\/ld+json\" class=\"yoast-schema-graph\">{\"@context\":\"https:\\\/\\\/schema.org\",\"@graph\":[{\"@type\":\"WebPage\",\"@id\":\"https:\\\/\\\/perle-in.com\\\/produit\\\/bougie-parfumee-wellmark\\\/\",\"url\":\"https:\\\/\\\/perle-in.com\\\/produit\\\/bougie-parfumee-wellmark\\\/\",\"name\":\"Bougie parfum\u00e9e Wellmark - PERLE IN\",\"isPartOf\":{\"@id\":\"https:\\\/\\\/perle-in.com\\\/#website\"},\"primaryImageOfPage\":{\"@id\":\"https:\\\/\\\/perle-in.com\\\/produit\\\/bougie-parfumee-wellmark\\\/#primaryimage\"},\"image\":{\"@id\":\"https:\\\/\\\/perle-in.com\\\/produit\\\/bougie-parfumee-wellmark\\\/#primaryimage\"},\"thumbnailUrl\":\"https:\\\/\\\/perle-in.com\\\/wp-content\\\/uploads\\\/2025\\\/10\\\/12640805-1.jpg\",\"datePublished\":\"2025-10-16T07:32:47+00:00\",\"dateModified\":\"2025-10-16T07:32:49+00:00\",\"breadcrumb\":{\"@id\":\"https:\\\/\\\/perle-in.com\\\/produit\\\/bougie-parfumee-wellmark\\\/#breadcrumb\"},\"inLanguage\":\"en-CA\",\"potentialAction\":[{\"@type\":\"ReadAction\",\"target\":[\"https:\\\/\\\/perle-in.com\\\/produit\\\/bougie-parfumee-wellmark\\\/\"]}]},{\"@type\":\"ImageObject\",\"inLanguage\":\"en-CA\",\"@id\":\"https:\\\/\\\/perle-in.com\\\/produit\\\/bougie-parfumee-wellmark\\\/#primaryimage\",\"url\":\"https:\\\/\\\/perle-in.com\\\/wp-content\\\/uploads\\\/2025\\\/10\\\/12640805-1.jpg\",\"contentUrl\":\"https:\\\/\\\/perle-in.com\\\/wp-content\\\/uploads\\\/2025\\\/10\\\/12640805-1.jpg\",\"width\":1600,\"height\":1600},{\"@type\":\"BreadcrumbList\",\"@id\":\"https:\\\/\\\/perle-in.com\\\/produit\\\/bougie-parfumee-wellmark\\\/#breadcrumb\",\"itemListElement\":[{\"@type\":\"ListItem\",\"position\":1,\"name\":\"Accueil\",\"item\":\"https:\\\/\\\/perle-in.com\\\/\"},{\"@type\":\"ListItem\",\"position\":2,\"name\":\"Boutique\",\"item\":\"https:\\\/\\\/perle-in.com\\\/boutique\\\/\"},{\"@type\":\"ListItem\",\"position\":3,\"name\":\"Bougie parfum\u00e9e Wellmark\"}]},{\"@type\":\"WebSite\",\"@id\":\"https:\\\/\\\/perle-in.com\\\/#website\",\"url\":\"https:\\\/\\\/perle-in.com\\\/\",\"name\":\"PERLE IN\",\"description\":\"\",\"publisher\":{\"@id\":\"https:\\\/\\\/perle-in.com\\\/#organization\"},\"potentialAction\":[{\"@type\":\"SearchAction\",\"target\":{\"@type\":\"EntryPoint\",\"urlTemplate\":\"https:\\\/\\\/perle-in.com\\\/?s={search_term_string}\"},\"query-input\":{\"@type\":\"PropertyValueSpecification\",\"valueRequired\":true,\"valueName\":\"search_term_string\"}}],\"inLanguage\":\"en-CA\"},{\"@type\":\"Organization\",\"@id\":\"https:\\\/\\\/perle-in.com\\\/#organization\",\"name\":\"PERLE IN\",\"url\":\"https:\\\/\\\/perle-in.com\\\/\",\"logo\":{\"@type\":\"ImageObject\",\"inLanguage\":\"en-CA\",\"@id\":\"https:\\\/\\\/perle-in.com\\\/#\\\/schema\\\/logo\\\/image\\\/\",\"url\":\"https:\\\/\\\/perle-in.com\\\/wp-content\\\/uploads\\\/2022\\\/12\\\/LOGO-PERLE-IN-COULEUR@3x.webp\",\"contentUrl\":\"https:\\\/\\\/perle-in.com\\\/wp-content\\\/uploads\\\/2022\\\/12\\\/LOGO-PERLE-IN-COULEUR@3x.webp\",\"width\":1600,\"height\":490,\"caption\":\"PERLE IN\"},\"image\":{\"@id\":\"https:\\\/\\\/perle-in.com\\\/#\\\/schema\\\/logo\\\/image\\\/\"}}]}<\/script>\n<!-- \/ Yoast SEO plugin. -->","yoast_head_json":{"title":"Bougie parfum\u00e9e Wellmark - PERLE IN","robots":{"index":"noindex","follow":"follow","max-snippet":"max-snippet:-1","max-image-preview":"max-image-preview:large","max-video-preview":"max-video-preview:-1"},"og_locale":"en_US","og_type":"article","og_title":"Bougie parfum\u00e9e Wellmark - PERLE IN","og_description":"Cette superbe bougie parfum\u00e9e est fabriqu\u00e9e \u00e0 partir de 100\u00a0% de cire de soja et cr\u00e9e une atmosph\u00e8re chaleureuse et luxueuse \u00e0 la maison. Disponible en 3\u00a0parfums uniques\u00a0: \u00ab\u00a0Echoes of Kindness\u00a0\u00bb, \u00ab\u00a0Quiet Rebellion\u00a0\u00bb et \u00ab\u00a0Tender Affection\u00a0\u00bb. Poids de la bougie\u00a0: 210\u00a0grammes. Fabriqu\u00e9 aux Pays-Bas.","og_url":"https:\/\/perle-in.com\/en\/product\/bougie-parfumee-wellmark\/","og_site_name":"PERLE IN","article_modified_time":"2025-10-16T07:32:49+00:00","og_image":[{"width":1600,"height":1600,"url":"https:\/\/perle-in.com\/wp-content\/uploads\/2025\/10\/12640805-1.jpg","type":"image\/jpeg"}],"twitter_card":"summary_large_image","schema":{"@context":"https:\/\/schema.org","@graph":[{"@type":"WebPage","@id":"https:\/\/perle-in.com\/produit\/bougie-parfumee-wellmark\/","url":"https:\/\/perle-in.com\/produit\/bougie-parfumee-wellmark\/","name":"Bougie parfum\u00e9e Wellmark - PERLE IN","isPartOf":{"@id":"https:\/\/perle-in.com\/#website"},"primaryImageOfPage":{"@id":"https:\/\/perle-in.com\/produit\/bougie-parfumee-wellmark\/#primaryimage"},"image":{"@id":"https:\/\/perle-in.com\/produit\/bougie-parfumee-wellmark\/#primaryimage"},"thumbnailUrl":"https:\/\/perle-in.com\/wp-content\/uploads\/2025\/10\/12640805-1.jpg","datePublished":"2025-10-16T07:32:47+00:00","dateModified":"2025-10-16T07:32:49+00:00","breadcrumb":{"@id":"https:\/\/perle-in.com\/produit\/bougie-parfumee-wellmark\/#breadcrumb"},"inLanguage":"en-CA","potentialAction":[{"@type":"ReadAction","target":["https:\/\/perle-in.com\/produit\/bougie-parfumee-wellmark\/"]}]},{"@type":"ImageObject","inLanguage":"en-CA","@id":"https:\/\/perle-in.com\/produit\/bougie-parfumee-wellmark\/#primaryimage","url":"https:\/\/perle-in.com\/wp-content\/uploads\/2025\/10\/12640805-1.jpg","contentUrl":"https:\/\/perle-in.com\/wp-content\/uploads\/2025\/10\/12640805-1.jpg","width":1600,"height":1600},{"@type":"BreadcrumbList","@id":"https:\/\/perle-in.com\/produit\/bougie-parfumee-wellmark\/#breadcrumb","itemListElement":[{"@type":"ListItem","position":1,"name":"Accueil","item":"https:\/\/perle-in.com\/"},{"@type":"ListItem","position":2,"name":"Boutique","item":"https:\/\/perle-in.com\/boutique\/"},{"@type":"ListItem","position":3,"name":"Bougie parfum\u00e9e Wellmark"}]},{"@type":"WebSite","@id":"https:\/\/perle-in.com\/#website","url":"https:\/\/perle-in.com\/","name":"PERLE IN","description":"","publisher":{"@id":"https:\/\/perle-in.com\/#organization"},"potentialAction":[{"@type":"SearchAction","target":{"@type":"EntryPoint","urlTemplate":"https:\/\/perle-in.com\/?s={search_term_string}"},"query-input":{"@type":"PropertyValueSpecification","valueRequired":true,"valueName":"search_term_string"}}],"inLanguage":"en-CA"},{"@type":"Organization","@id":"https:\/\/perle-in.com\/#organization","name":"PERLE IN","url":"https:\/\/perle-in.com\/","logo":{"@type":"ImageObject","inLanguage":"en-CA","@id":"https:\/\/perle-in.com\/#\/schema\/logo\/image\/","url":"https:\/\/perle-in.com\/wp-content\/uploads\/2022\/12\/LOGO-PERLE-IN-COULEUR@3x.webp","contentUrl":"https:\/\/perle-in.com\/wp-content\/uploads\/2022\/12\/LOGO-PERLE-IN-COULEUR@3x.webp","width":1600,"height":490,"caption":"PERLE IN"},"image":{"@id":"https:\/\/perle-in.com\/#\/schema\/logo\/image\/"}}]}},"jetpack_sharing_enabled":true,"_links":{"self":[{"href":"https:\/\/perle-in.com\/en\/wp-json\/wp\/v2\/product\/578152","targetHints":{"allow":["GET"]}}],"collection":[{"href":"https:\/\/perle-in.com\/en\/wp-json\/wp\/v2\/product"}],"about":[{"href":"https:\/\/perle-in.com\/en\/wp-json\/wp\/v2\/types\/product"}],"version-history":[{"count":0,"href":"https:\/\/perle-in.com\/en\/wp-json\/wp\/v2\/product\/578152\/revisions"}],"wp:featuredmedia":[{"embeddable":true,"href":"https:\/\/perle-in.com\/en\/wp-json\/wp\/v2\/media\/578141"}],"wp:attachment":[{"href":"https:\/\/perle-in.com\/en\/wp-json\/wp\/v2\/media?parent=578152"}],"wp:term":[{"taxonomy":"product_brand","embeddable":true,"href":"https:\/\/perle-in.com\/en\/wp-json\/wp\/v2\/product_brand?post=578152"},{"taxonomy":"product_cat","embeddable":true,"href":"https:\/\/perle-in.com\/en\/wp-json\/wp\/v2\/product_cat?post=578152"},{"taxonomy":"product_tag","embeddable":true,"href":"https:\/\/perle-in.com\/en\/wp-json\/wp\/v2\/product_tag?post=578152"}],"curies":[{"name":"wp","href":"https:\/\/api.w.org\/{rel}","templated":true}]}}