{"id":578127,"date":"2025-10-16T09:30:29","date_gmt":"2025-10-16T07:30:29","guid":{"rendered":"https:\/\/perle-in.com\/produit\/distributeur-de-savon-pour-les-mains-de-250-ml-et-ensemble-de-bougies-parfumees-de-150-g-wellmark-discovery-parfum-linge-frais\/"},"modified":"2025-10-16T09:30:31","modified_gmt":"2025-10-16T07:30:31","slug":"distributeur-de-savon-pour-les-mains-de-250-ml-et-ensemble-de-bougies-parfumees-de-150-g-wellmark-discovery-parfum-linge-frais","status":"publish","type":"product","link":"https:\/\/perle-in.com\/en\/product\/distributeur-de-savon-pour-les-mains-de-250-ml-et-ensemble-de-bougies-parfumees-de-150-g-wellmark-discovery-parfum-linge-frais\/","title":{"rendered":"Distributeur de savon pour les mains de 250\u00a0ml et ensemble de bougies parfum\u00e9es de 150\u00a0g Wellmark Discovery- parfum linge frais"},"content":{"rendered":"","protected":false},"excerpt":{"rendered":"<p>Cet ensemble \u00e9l\u00e9gant comprend un distributeur de savon \u00e0 main et une bougie parfum\u00e9e, tous deux con\u00e7us pour apporter une touche de confort et de soin \u00e0 votre routine quotidienne. Le savon pour les mains est livr\u00e9 dans un flacon en verre de 250 ml avec un distributeur \u00e0 pompe et est biod\u00e9gradable, sans parab\u00e8nes, huile de palme, PEG, SLS et SLES. La bougie de 150\u00a0g est fabriqu\u00e9e \u00e0 partir de cire de colza \u00e0 combustion propre qui se consume enti\u00e8rement, afin que vous puissiez r\u00e9utiliser le pot. La bougie est disponible en 3\u00a0parfums diff\u00e9rents\u00a0: Echoes of Kindness (floral vert), emball\u00e9 dans une bo\u00eete blanche, Quiet Rebellion (ambre doux), emball\u00e9 dans une bo\u00eete rouge et Tender Affection (ambre chaud), emball\u00e9 dans une bo\u00eete verte. Fabriqu\u00e9 aux Pays-Bas.<\/p>","protected":false},"featured_media":578121,"template":"","meta":{"_eb_attr":""},"product_brand":[],"product_cat":[460,150],"product_tag":[3334,3333,3338,4165,3329,3326],"class_list":{"0":"post-578127","1":"product","2":"type-product","3":"status-publish","4":"has-post-thumbnail","6":"product_cat-accessoires-pour-la-maison","7":"product_cat-maison-et-cuisine","8":"product_tag-bougie","9":"product_tag-distributeur","10":"product_tag-parfume","11":"product_tag-pour-les-mains","12":"product_tag-savon","13":"product_tag-wellmark","14":"pa_couleurs-blanc","15":"pa_couleurs-marron","16":"pa_couleurs-noir","17":"pa_marque-wellmark","18":"pa_pays-d-origine-pays-bas","20":"first","21":"outofstock","22":"shipping-taxable","23":"purchasable","24":"product-type-variable"},"yoast_head":"<!-- This site is optimized with the Yoast SEO plugin v27.4 - https:\/\/yoast.com\/product\/yoast-seo-wordpress\/ -->\n<title>Distributeur de savon pour les mains de 250\u00a0ml et ensemble de bougies parfum\u00e9es de 150\u00a0g Wellmark Discovery- parfum linge frais - PERLE IN<\/title>\n<meta name=\"robots\" content=\"noindex, follow, max-snippet:-1, max-image-preview:large, max-video-preview:-1\" \/>\n<meta property=\"og:locale\" content=\"en_US\" \/>\n<meta property=\"og:type\" content=\"article\" \/>\n<meta property=\"og:title\" content=\"Distributeur de savon pour les mains de 250\u00a0ml et ensemble de bougies parfum\u00e9es de 150\u00a0g Wellmark Discovery- parfum linge frais - PERLE IN\" \/>\n<meta property=\"og:description\" content=\"Cet ensemble \u00e9l\u00e9gant comprend un distributeur de savon \u00e0 main et une bougie parfum\u00e9e, tous deux con\u00e7us pour apporter une touche de confort et de soin \u00e0 votre routine quotidienne. Le savon pour les mains est livr\u00e9 dans un flacon en verre de 250 ml avec un distributeur \u00e0 pompe et est biod\u00e9gradable, sans parab\u00e8nes, huile de palme, PEG, SLS et SLES. La bougie de 150\u00a0g est fabriqu\u00e9e \u00e0 partir de cire de colza \u00e0 combustion propre qui se consume enti\u00e8rement, afin que vous puissiez r\u00e9utiliser le pot. La bougie est disponible en 3\u00a0parfums diff\u00e9rents\u00a0: Echoes of Kindness (floral vert), emball\u00e9 dans une bo\u00eete blanche, Quiet Rebellion (ambre doux), emball\u00e9 dans une bo\u00eete rouge et Tender Affection (ambre chaud), emball\u00e9 dans une bo\u00eete verte. Fabriqu\u00e9 aux Pays-Bas.\" \/>\n<meta property=\"og:url\" content=\"https:\/\/perle-in.com\/en\/product\/distributeur-de-savon-pour-les-mains-de-250-ml-et-ensemble-de-bougies-parfumees-de-150-g-wellmark-discovery-parfum-linge-frais\/\" \/>\n<meta property=\"og:site_name\" content=\"PERLE IN\" \/>\n<meta property=\"article:modified_time\" content=\"2025-10-16T07:30:31+00:00\" \/>\n<meta property=\"og:image\" content=\"https:\/\/perle-in.com\/wp-content\/uploads\/2025\/10\/12640601-1.jpg\" \/>\n\t<meta property=\"og:image:width\" content=\"1600\" \/>\n\t<meta property=\"og:image:height\" content=\"1600\" \/>\n\t<meta property=\"og:image:type\" content=\"image\/jpeg\" \/>\n<meta name=\"twitter:card\" content=\"summary_large_image\" \/>\n<script type=\"application\/ld+json\" class=\"yoast-schema-graph\">{\"@context\":\"https:\\\/\\\/schema.org\",\"@graph\":[{\"@type\":\"WebPage\",\"@id\":\"https:\\\/\\\/perle-in.com\\\/produit\\\/distributeur-de-savon-pour-les-mains-de-250-ml-et-ensemble-de-bougies-parfumees-de-150-g-wellmark-discovery-parfum-linge-frais\\\/\",\"url\":\"https:\\\/\\\/perle-in.com\\\/produit\\\/distributeur-de-savon-pour-les-mains-de-250-ml-et-ensemble-de-bougies-parfumees-de-150-g-wellmark-discovery-parfum-linge-frais\\\/\",\"name\":\"Distributeur de savon pour les mains de 250\u00a0ml et ensemble de bougies parfum\u00e9es de 150\u00a0g Wellmark Discovery- parfum linge frais - PERLE IN\",\"isPartOf\":{\"@id\":\"https:\\\/\\\/perle-in.com\\\/#website\"},\"primaryImageOfPage\":{\"@id\":\"https:\\\/\\\/perle-in.com\\\/produit\\\/distributeur-de-savon-pour-les-mains-de-250-ml-et-ensemble-de-bougies-parfumees-de-150-g-wellmark-discovery-parfum-linge-frais\\\/#primaryimage\"},\"image\":{\"@id\":\"https:\\\/\\\/perle-in.com\\\/produit\\\/distributeur-de-savon-pour-les-mains-de-250-ml-et-ensemble-de-bougies-parfumees-de-150-g-wellmark-discovery-parfum-linge-frais\\\/#primaryimage\"},\"thumbnailUrl\":\"https:\\\/\\\/perle-in.com\\\/wp-content\\\/uploads\\\/2025\\\/10\\\/12640601-1.jpg\",\"datePublished\":\"2025-10-16T07:30:29+00:00\",\"dateModified\":\"2025-10-16T07:30:31+00:00\",\"breadcrumb\":{\"@id\":\"https:\\\/\\\/perle-in.com\\\/produit\\\/distributeur-de-savon-pour-les-mains-de-250-ml-et-ensemble-de-bougies-parfumees-de-150-g-wellmark-discovery-parfum-linge-frais\\\/#breadcrumb\"},\"inLanguage\":\"en-CA\",\"potentialAction\":[{\"@type\":\"ReadAction\",\"target\":[\"https:\\\/\\\/perle-in.com\\\/produit\\\/distributeur-de-savon-pour-les-mains-de-250-ml-et-ensemble-de-bougies-parfumees-de-150-g-wellmark-discovery-parfum-linge-frais\\\/\"]}]},{\"@type\":\"ImageObject\",\"inLanguage\":\"en-CA\",\"@id\":\"https:\\\/\\\/perle-in.com\\\/produit\\\/distributeur-de-savon-pour-les-mains-de-250-ml-et-ensemble-de-bougies-parfumees-de-150-g-wellmark-discovery-parfum-linge-frais\\\/#primaryimage\",\"url\":\"https:\\\/\\\/perle-in.com\\\/wp-content\\\/uploads\\\/2025\\\/10\\\/12640601-1.jpg\",\"contentUrl\":\"https:\\\/\\\/perle-in.com\\\/wp-content\\\/uploads\\\/2025\\\/10\\\/12640601-1.jpg\",\"width\":1600,\"height\":1600},{\"@type\":\"BreadcrumbList\",\"@id\":\"https:\\\/\\\/perle-in.com\\\/produit\\\/distributeur-de-savon-pour-les-mains-de-250-ml-et-ensemble-de-bougies-parfumees-de-150-g-wellmark-discovery-parfum-linge-frais\\\/#breadcrumb\",\"itemListElement\":[{\"@type\":\"ListItem\",\"position\":1,\"name\":\"Accueil\",\"item\":\"https:\\\/\\\/perle-in.com\\\/\"},{\"@type\":\"ListItem\",\"position\":2,\"name\":\"Boutique\",\"item\":\"https:\\\/\\\/perle-in.com\\\/boutique\\\/\"},{\"@type\":\"ListItem\",\"position\":3,\"name\":\"Distributeur de savon pour les mains de 250\u00a0ml et ensemble de bougies parfum\u00e9es de 150\u00a0g Wellmark Discovery- parfum linge frais\"}]},{\"@type\":\"WebSite\",\"@id\":\"https:\\\/\\\/perle-in.com\\\/#website\",\"url\":\"https:\\\/\\\/perle-in.com\\\/\",\"name\":\"PERLE IN\",\"description\":\"\",\"publisher\":{\"@id\":\"https:\\\/\\\/perle-in.com\\\/#organization\"},\"potentialAction\":[{\"@type\":\"SearchAction\",\"target\":{\"@type\":\"EntryPoint\",\"urlTemplate\":\"https:\\\/\\\/perle-in.com\\\/?s={search_term_string}\"},\"query-input\":{\"@type\":\"PropertyValueSpecification\",\"valueRequired\":true,\"valueName\":\"search_term_string\"}}],\"inLanguage\":\"en-CA\"},{\"@type\":\"Organization\",\"@id\":\"https:\\\/\\\/perle-in.com\\\/#organization\",\"name\":\"PERLE IN\",\"url\":\"https:\\\/\\\/perle-in.com\\\/\",\"logo\":{\"@type\":\"ImageObject\",\"inLanguage\":\"en-CA\",\"@id\":\"https:\\\/\\\/perle-in.com\\\/#\\\/schema\\\/logo\\\/image\\\/\",\"url\":\"https:\\\/\\\/perle-in.com\\\/wp-content\\\/uploads\\\/2022\\\/12\\\/LOGO-PERLE-IN-COULEUR@3x.webp\",\"contentUrl\":\"https:\\\/\\\/perle-in.com\\\/wp-content\\\/uploads\\\/2022\\\/12\\\/LOGO-PERLE-IN-COULEUR@3x.webp\",\"width\":1600,\"height\":490,\"caption\":\"PERLE IN\"},\"image\":{\"@id\":\"https:\\\/\\\/perle-in.com\\\/#\\\/schema\\\/logo\\\/image\\\/\"}}]}<\/script>\n<!-- \/ Yoast SEO plugin. -->","yoast_head_json":{"title":"Distributeur de savon pour les mains de 250\u00a0ml et ensemble de bougies parfum\u00e9es de 150\u00a0g Wellmark Discovery- parfum linge frais - PERLE IN","robots":{"index":"noindex","follow":"follow","max-snippet":"max-snippet:-1","max-image-preview":"max-image-preview:large","max-video-preview":"max-video-preview:-1"},"og_locale":"en_US","og_type":"article","og_title":"Distributeur de savon pour les mains de 250\u00a0ml et ensemble de bougies parfum\u00e9es de 150\u00a0g Wellmark Discovery- parfum linge frais - PERLE IN","og_description":"Cet ensemble \u00e9l\u00e9gant comprend un distributeur de savon \u00e0 main et une bougie parfum\u00e9e, tous deux con\u00e7us pour apporter une touche de confort et de soin \u00e0 votre routine quotidienne. Le savon pour les mains est livr\u00e9 dans un flacon en verre de 250 ml avec un distributeur \u00e0 pompe et est biod\u00e9gradable, sans parab\u00e8nes, huile de palme, PEG, SLS et SLES. La bougie de 150\u00a0g est fabriqu\u00e9e \u00e0 partir de cire de colza \u00e0 combustion propre qui se consume enti\u00e8rement, afin que vous puissiez r\u00e9utiliser le pot. La bougie est disponible en 3\u00a0parfums diff\u00e9rents\u00a0: Echoes of Kindness (floral vert), emball\u00e9 dans une bo\u00eete blanche, Quiet Rebellion (ambre doux), emball\u00e9 dans une bo\u00eete rouge et Tender Affection (ambre chaud), emball\u00e9 dans une bo\u00eete verte. Fabriqu\u00e9 aux Pays-Bas.","og_url":"https:\/\/perle-in.com\/en\/product\/distributeur-de-savon-pour-les-mains-de-250-ml-et-ensemble-de-bougies-parfumees-de-150-g-wellmark-discovery-parfum-linge-frais\/","og_site_name":"PERLE IN","article_modified_time":"2025-10-16T07:30:31+00:00","og_image":[{"width":1600,"height":1600,"url":"https:\/\/perle-in.com\/wp-content\/uploads\/2025\/10\/12640601-1.jpg","type":"image\/jpeg"}],"twitter_card":"summary_large_image","schema":{"@context":"https:\/\/schema.org","@graph":[{"@type":"WebPage","@id":"https:\/\/perle-in.com\/produit\/distributeur-de-savon-pour-les-mains-de-250-ml-et-ensemble-de-bougies-parfumees-de-150-g-wellmark-discovery-parfum-linge-frais\/","url":"https:\/\/perle-in.com\/produit\/distributeur-de-savon-pour-les-mains-de-250-ml-et-ensemble-de-bougies-parfumees-de-150-g-wellmark-discovery-parfum-linge-frais\/","name":"Distributeur de savon pour les mains de 250\u00a0ml et ensemble de bougies parfum\u00e9es de 150\u00a0g Wellmark Discovery- parfum linge frais - PERLE IN","isPartOf":{"@id":"https:\/\/perle-in.com\/#website"},"primaryImageOfPage":{"@id":"https:\/\/perle-in.com\/produit\/distributeur-de-savon-pour-les-mains-de-250-ml-et-ensemble-de-bougies-parfumees-de-150-g-wellmark-discovery-parfum-linge-frais\/#primaryimage"},"image":{"@id":"https:\/\/perle-in.com\/produit\/distributeur-de-savon-pour-les-mains-de-250-ml-et-ensemble-de-bougies-parfumees-de-150-g-wellmark-discovery-parfum-linge-frais\/#primaryimage"},"thumbnailUrl":"https:\/\/perle-in.com\/wp-content\/uploads\/2025\/10\/12640601-1.jpg","datePublished":"2025-10-16T07:30:29+00:00","dateModified":"2025-10-16T07:30:31+00:00","breadcrumb":{"@id":"https:\/\/perle-in.com\/produit\/distributeur-de-savon-pour-les-mains-de-250-ml-et-ensemble-de-bougies-parfumees-de-150-g-wellmark-discovery-parfum-linge-frais\/#breadcrumb"},"inLanguage":"en-CA","potentialAction":[{"@type":"ReadAction","target":["https:\/\/perle-in.com\/produit\/distributeur-de-savon-pour-les-mains-de-250-ml-et-ensemble-de-bougies-parfumees-de-150-g-wellmark-discovery-parfum-linge-frais\/"]}]},{"@type":"ImageObject","inLanguage":"en-CA","@id":"https:\/\/perle-in.com\/produit\/distributeur-de-savon-pour-les-mains-de-250-ml-et-ensemble-de-bougies-parfumees-de-150-g-wellmark-discovery-parfum-linge-frais\/#primaryimage","url":"https:\/\/perle-in.com\/wp-content\/uploads\/2025\/10\/12640601-1.jpg","contentUrl":"https:\/\/perle-in.com\/wp-content\/uploads\/2025\/10\/12640601-1.jpg","width":1600,"height":1600},{"@type":"BreadcrumbList","@id":"https:\/\/perle-in.com\/produit\/distributeur-de-savon-pour-les-mains-de-250-ml-et-ensemble-de-bougies-parfumees-de-150-g-wellmark-discovery-parfum-linge-frais\/#breadcrumb","itemListElement":[{"@type":"ListItem","position":1,"name":"Accueil","item":"https:\/\/perle-in.com\/"},{"@type":"ListItem","position":2,"name":"Boutique","item":"https:\/\/perle-in.com\/boutique\/"},{"@type":"ListItem","position":3,"name":"Distributeur de savon pour les mains de 250\u00a0ml et ensemble de bougies parfum\u00e9es de 150\u00a0g Wellmark Discovery- parfum linge frais"}]},{"@type":"WebSite","@id":"https:\/\/perle-in.com\/#website","url":"https:\/\/perle-in.com\/","name":"PERLE IN","description":"","publisher":{"@id":"https:\/\/perle-in.com\/#organization"},"potentialAction":[{"@type":"SearchAction","target":{"@type":"EntryPoint","urlTemplate":"https:\/\/perle-in.com\/?s={search_term_string}"},"query-input":{"@type":"PropertyValueSpecification","valueRequired":true,"valueName":"search_term_string"}}],"inLanguage":"en-CA"},{"@type":"Organization","@id":"https:\/\/perle-in.com\/#organization","name":"PERLE IN","url":"https:\/\/perle-in.com\/","logo":{"@type":"ImageObject","inLanguage":"en-CA","@id":"https:\/\/perle-in.com\/#\/schema\/logo\/image\/","url":"https:\/\/perle-in.com\/wp-content\/uploads\/2022\/12\/LOGO-PERLE-IN-COULEUR@3x.webp","contentUrl":"https:\/\/perle-in.com\/wp-content\/uploads\/2022\/12\/LOGO-PERLE-IN-COULEUR@3x.webp","width":1600,"height":490,"caption":"PERLE IN"},"image":{"@id":"https:\/\/perle-in.com\/#\/schema\/logo\/image\/"}}]}},"jetpack_sharing_enabled":true,"_links":{"self":[{"href":"https:\/\/perle-in.com\/en\/wp-json\/wp\/v2\/product\/578127","targetHints":{"allow":["GET"]}}],"collection":[{"href":"https:\/\/perle-in.com\/en\/wp-json\/wp\/v2\/product"}],"about":[{"href":"https:\/\/perle-in.com\/en\/wp-json\/wp\/v2\/types\/product"}],"version-history":[{"count":0,"href":"https:\/\/perle-in.com\/en\/wp-json\/wp\/v2\/product\/578127\/revisions"}],"wp:featuredmedia":[{"embeddable":true,"href":"https:\/\/perle-in.com\/en\/wp-json\/wp\/v2\/media\/578121"}],"wp:attachment":[{"href":"https:\/\/perle-in.com\/en\/wp-json\/wp\/v2\/media?parent=578127"}],"wp:term":[{"taxonomy":"product_brand","embeddable":true,"href":"https:\/\/perle-in.com\/en\/wp-json\/wp\/v2\/product_brand?post=578127"},{"taxonomy":"product_cat","embeddable":true,"href":"https:\/\/perle-in.com\/en\/wp-json\/wp\/v2\/product_cat?post=578127"},{"taxonomy":"product_tag","embeddable":true,"href":"https:\/\/perle-in.com\/en\/wp-json\/wp\/v2\/product_tag?post=578127"}],"curies":[{"name":"wp","href":"https:\/\/api.w.org\/{rel}","templated":true}]}}