{"id":578035,"date":"2025-10-16T09:17:08","date_gmt":"2025-10-16T07:17:08","guid":{"rendered":"https:\/\/perle-in.com\/produit\/bouteille-deau-larq-swig-top-de-680-ml\/"},"modified":"2025-10-16T09:17:10","modified_gmt":"2025-10-16T07:17:10","slug":"bouteille-deau-larq-swig-top-de-680-ml","status":"publish","type":"product","link":"https:\/\/perle-in.com\/en\/product\/bouteille-deau-larq-swig-top-de-680-ml\/","title":{"rendered":"Bouteille d\u2019eau LARQ Swig Top de 680\u00a0ml"},"content":{"rendered":"","protected":false},"excerpt":{"rendered":"<p>La bouteille d\u2019eau isotherme en acier inoxydable LARQ Swig Top de 680\u00a0ml est une bouteille \u00e0 large ouverture filtrante con\u00e7ue pour fournir une eau meilleure et plus propre. Le filtre inclus am\u00e9liore la qualit\u00e9 de l\u2019eau gr\u00e2ce \u00e0 un processus de filtration et de purification en deux \u00e9tapes. Le corps isotherme en acier inoxydable maintient les boissons \u00e0 la temp\u00e9rature souhait\u00e9e pendant 24\u00a0heures, tandis que l\u2019ouverture large facilite le remplissage et le nettoyage. Le bouchon est dot\u00e9 d\u2019une poign\u00e9e int\u00e9gr\u00e9e et d\u00e9tachable pour un transport ais\u00e9. Les filtres doivent \u00eatre remplac\u00e9s r\u00e9guli\u00e8rement pour des performances optimales.<\/p>","protected":false},"featured_media":578027,"template":"","meta":{"_eb_attr":""},"product_brand":[],"product_cat":[174,173],"product_tag":[175,274,4162,3898,4160,677,4161,203,1171],"class_list":{"0":"post-578035","1":"product","2":"type-product","3":"status-publish","4":"has-post-thumbnail","6":"product_cat-bouteilles-deau","7":"product_cat-drinkware","8":"product_tag-bouteille","9":"product_tag-eau","10":"product_tag-filtration","11":"product_tag-hydratation","12":"product_tag-larq","13":"product_tag-nettoyage","14":"product_tag-purification","15":"product_tag-sport","16":"product_tag-suivi","17":"pa_couleurs-blanc","18":"pa_couleurs-noir","19":"pa_marque-larq","21":"first","22":"instock","23":"shipping-taxable","24":"purchasable","25":"product-type-variable"},"yoast_head":"<!-- This site is optimized with the Yoast SEO plugin v27.4 - https:\/\/yoast.com\/product\/yoast-seo-wordpress\/ -->\n<title>Bouteille d\u2019eau LARQ Swig Top de 680\u00a0ml - PERLE IN<\/title>\n<meta name=\"robots\" content=\"noindex, follow, max-snippet:-1, max-image-preview:large, max-video-preview:-1\" \/>\n<meta property=\"og:locale\" content=\"en_US\" \/>\n<meta property=\"og:type\" content=\"article\" \/>\n<meta property=\"og:title\" content=\"Bouteille d\u2019eau LARQ Swig Top de 680\u00a0ml - PERLE IN\" \/>\n<meta property=\"og:description\" content=\"La bouteille d\u2019eau isotherme en acier inoxydable LARQ Swig Top de 680\u00a0ml est une bouteille \u00e0 large ouverture filtrante con\u00e7ue pour fournir une eau meilleure et plus propre. Le filtre inclus am\u00e9liore la qualit\u00e9 de l\u2019eau gr\u00e2ce \u00e0 un processus de filtration et de purification en deux \u00e9tapes. Le corps isotherme en acier inoxydable maintient les boissons \u00e0 la temp\u00e9rature souhait\u00e9e pendant 24\u00a0heures, tandis que l\u2019ouverture large facilite le remplissage et le nettoyage. Le bouchon est dot\u00e9 d\u2019une poign\u00e9e int\u00e9gr\u00e9e et d\u00e9tachable pour un transport ais\u00e9. Les filtres doivent \u00eatre remplac\u00e9s r\u00e9guli\u00e8rement pour des performances optimales.\" \/>\n<meta property=\"og:url\" content=\"https:\/\/perle-in.com\/en\/product\/bouteille-deau-larq-swig-top-de-680-ml\/\" \/>\n<meta property=\"og:site_name\" content=\"PERLE IN\" \/>\n<meta property=\"article:modified_time\" content=\"2025-10-16T07:17:10+00:00\" \/>\n<meta property=\"og:image\" content=\"https:\/\/perle-in.com\/wp-content\/uploads\/2025\/10\/10089901-1.jpg\" \/>\n\t<meta property=\"og:image:width\" content=\"1600\" \/>\n\t<meta property=\"og:image:height\" content=\"1600\" \/>\n\t<meta property=\"og:image:type\" content=\"image\/jpeg\" \/>\n<meta name=\"twitter:card\" content=\"summary_large_image\" \/>\n<script type=\"application\/ld+json\" class=\"yoast-schema-graph\">{\"@context\":\"https:\\\/\\\/schema.org\",\"@graph\":[{\"@type\":\"WebPage\",\"@id\":\"https:\\\/\\\/perle-in.com\\\/produit\\\/bouteille-deau-larq-swig-top-de-680-ml\\\/\",\"url\":\"https:\\\/\\\/perle-in.com\\\/produit\\\/bouteille-deau-larq-swig-top-de-680-ml\\\/\",\"name\":\"Bouteille d\u2019eau LARQ Swig Top de 680\u00a0ml - PERLE IN\",\"isPartOf\":{\"@id\":\"https:\\\/\\\/perle-in.com\\\/#website\"},\"primaryImageOfPage\":{\"@id\":\"https:\\\/\\\/perle-in.com\\\/produit\\\/bouteille-deau-larq-swig-top-de-680-ml\\\/#primaryimage\"},\"image\":{\"@id\":\"https:\\\/\\\/perle-in.com\\\/produit\\\/bouteille-deau-larq-swig-top-de-680-ml\\\/#primaryimage\"},\"thumbnailUrl\":\"https:\\\/\\\/perle-in.com\\\/wp-content\\\/uploads\\\/2025\\\/10\\\/10089901-1.jpg\",\"datePublished\":\"2025-10-16T07:17:08+00:00\",\"dateModified\":\"2025-10-16T07:17:10+00:00\",\"breadcrumb\":{\"@id\":\"https:\\\/\\\/perle-in.com\\\/produit\\\/bouteille-deau-larq-swig-top-de-680-ml\\\/#breadcrumb\"},\"inLanguage\":\"en-CA\",\"potentialAction\":[{\"@type\":\"ReadAction\",\"target\":[\"https:\\\/\\\/perle-in.com\\\/produit\\\/bouteille-deau-larq-swig-top-de-680-ml\\\/\"]}]},{\"@type\":\"ImageObject\",\"inLanguage\":\"en-CA\",\"@id\":\"https:\\\/\\\/perle-in.com\\\/produit\\\/bouteille-deau-larq-swig-top-de-680-ml\\\/#primaryimage\",\"url\":\"https:\\\/\\\/perle-in.com\\\/wp-content\\\/uploads\\\/2025\\\/10\\\/10089901-1.jpg\",\"contentUrl\":\"https:\\\/\\\/perle-in.com\\\/wp-content\\\/uploads\\\/2025\\\/10\\\/10089901-1.jpg\",\"width\":1600,\"height\":1600},{\"@type\":\"BreadcrumbList\",\"@id\":\"https:\\\/\\\/perle-in.com\\\/produit\\\/bouteille-deau-larq-swig-top-de-680-ml\\\/#breadcrumb\",\"itemListElement\":[{\"@type\":\"ListItem\",\"position\":1,\"name\":\"Accueil\",\"item\":\"https:\\\/\\\/perle-in.com\\\/\"},{\"@type\":\"ListItem\",\"position\":2,\"name\":\"Boutique\",\"item\":\"https:\\\/\\\/perle-in.com\\\/boutique\\\/\"},{\"@type\":\"ListItem\",\"position\":3,\"name\":\"Bouteille d\u2019eau LARQ Swig Top de 680\u00a0ml\"}]},{\"@type\":\"WebSite\",\"@id\":\"https:\\\/\\\/perle-in.com\\\/#website\",\"url\":\"https:\\\/\\\/perle-in.com\\\/\",\"name\":\"PERLE IN\",\"description\":\"\",\"publisher\":{\"@id\":\"https:\\\/\\\/perle-in.com\\\/#organization\"},\"potentialAction\":[{\"@type\":\"SearchAction\",\"target\":{\"@type\":\"EntryPoint\",\"urlTemplate\":\"https:\\\/\\\/perle-in.com\\\/?s={search_term_string}\"},\"query-input\":{\"@type\":\"PropertyValueSpecification\",\"valueRequired\":true,\"valueName\":\"search_term_string\"}}],\"inLanguage\":\"en-CA\"},{\"@type\":\"Organization\",\"@id\":\"https:\\\/\\\/perle-in.com\\\/#organization\",\"name\":\"PERLE IN\",\"url\":\"https:\\\/\\\/perle-in.com\\\/\",\"logo\":{\"@type\":\"ImageObject\",\"inLanguage\":\"en-CA\",\"@id\":\"https:\\\/\\\/perle-in.com\\\/#\\\/schema\\\/logo\\\/image\\\/\",\"url\":\"https:\\\/\\\/perle-in.com\\\/wp-content\\\/uploads\\\/2022\\\/12\\\/LOGO-PERLE-IN-COULEUR@3x.webp\",\"contentUrl\":\"https:\\\/\\\/perle-in.com\\\/wp-content\\\/uploads\\\/2022\\\/12\\\/LOGO-PERLE-IN-COULEUR@3x.webp\",\"width\":1600,\"height\":490,\"caption\":\"PERLE IN\"},\"image\":{\"@id\":\"https:\\\/\\\/perle-in.com\\\/#\\\/schema\\\/logo\\\/image\\\/\"}}]}<\/script>\n<!-- \/ Yoast SEO plugin. -->","yoast_head_json":{"title":"Bouteille d\u2019eau LARQ Swig Top de 680\u00a0ml - PERLE IN","robots":{"index":"noindex","follow":"follow","max-snippet":"max-snippet:-1","max-image-preview":"max-image-preview:large","max-video-preview":"max-video-preview:-1"},"og_locale":"en_US","og_type":"article","og_title":"Bouteille d\u2019eau LARQ Swig Top de 680\u00a0ml - PERLE IN","og_description":"La bouteille d\u2019eau isotherme en acier inoxydable LARQ Swig Top de 680\u00a0ml est une bouteille \u00e0 large ouverture filtrante con\u00e7ue pour fournir une eau meilleure et plus propre. Le filtre inclus am\u00e9liore la qualit\u00e9 de l\u2019eau gr\u00e2ce \u00e0 un processus de filtration et de purification en deux \u00e9tapes. Le corps isotherme en acier inoxydable maintient les boissons \u00e0 la temp\u00e9rature souhait\u00e9e pendant 24\u00a0heures, tandis que l\u2019ouverture large facilite le remplissage et le nettoyage. Le bouchon est dot\u00e9 d\u2019une poign\u00e9e int\u00e9gr\u00e9e et d\u00e9tachable pour un transport ais\u00e9. Les filtres doivent \u00eatre remplac\u00e9s r\u00e9guli\u00e8rement pour des performances optimales.","og_url":"https:\/\/perle-in.com\/en\/product\/bouteille-deau-larq-swig-top-de-680-ml\/","og_site_name":"PERLE IN","article_modified_time":"2025-10-16T07:17:10+00:00","og_image":[{"width":1600,"height":1600,"url":"https:\/\/perle-in.com\/wp-content\/uploads\/2025\/10\/10089901-1.jpg","type":"image\/jpeg"}],"twitter_card":"summary_large_image","schema":{"@context":"https:\/\/schema.org","@graph":[{"@type":"WebPage","@id":"https:\/\/perle-in.com\/produit\/bouteille-deau-larq-swig-top-de-680-ml\/","url":"https:\/\/perle-in.com\/produit\/bouteille-deau-larq-swig-top-de-680-ml\/","name":"Bouteille d\u2019eau LARQ Swig Top de 680\u00a0ml - PERLE IN","isPartOf":{"@id":"https:\/\/perle-in.com\/#website"},"primaryImageOfPage":{"@id":"https:\/\/perle-in.com\/produit\/bouteille-deau-larq-swig-top-de-680-ml\/#primaryimage"},"image":{"@id":"https:\/\/perle-in.com\/produit\/bouteille-deau-larq-swig-top-de-680-ml\/#primaryimage"},"thumbnailUrl":"https:\/\/perle-in.com\/wp-content\/uploads\/2025\/10\/10089901-1.jpg","datePublished":"2025-10-16T07:17:08+00:00","dateModified":"2025-10-16T07:17:10+00:00","breadcrumb":{"@id":"https:\/\/perle-in.com\/produit\/bouteille-deau-larq-swig-top-de-680-ml\/#breadcrumb"},"inLanguage":"en-CA","potentialAction":[{"@type":"ReadAction","target":["https:\/\/perle-in.com\/produit\/bouteille-deau-larq-swig-top-de-680-ml\/"]}]},{"@type":"ImageObject","inLanguage":"en-CA","@id":"https:\/\/perle-in.com\/produit\/bouteille-deau-larq-swig-top-de-680-ml\/#primaryimage","url":"https:\/\/perle-in.com\/wp-content\/uploads\/2025\/10\/10089901-1.jpg","contentUrl":"https:\/\/perle-in.com\/wp-content\/uploads\/2025\/10\/10089901-1.jpg","width":1600,"height":1600},{"@type":"BreadcrumbList","@id":"https:\/\/perle-in.com\/produit\/bouteille-deau-larq-swig-top-de-680-ml\/#breadcrumb","itemListElement":[{"@type":"ListItem","position":1,"name":"Accueil","item":"https:\/\/perle-in.com\/"},{"@type":"ListItem","position":2,"name":"Boutique","item":"https:\/\/perle-in.com\/boutique\/"},{"@type":"ListItem","position":3,"name":"Bouteille d\u2019eau LARQ Swig Top de 680\u00a0ml"}]},{"@type":"WebSite","@id":"https:\/\/perle-in.com\/#website","url":"https:\/\/perle-in.com\/","name":"PERLE IN","description":"","publisher":{"@id":"https:\/\/perle-in.com\/#organization"},"potentialAction":[{"@type":"SearchAction","target":{"@type":"EntryPoint","urlTemplate":"https:\/\/perle-in.com\/?s={search_term_string}"},"query-input":{"@type":"PropertyValueSpecification","valueRequired":true,"valueName":"search_term_string"}}],"inLanguage":"en-CA"},{"@type":"Organization","@id":"https:\/\/perle-in.com\/#organization","name":"PERLE IN","url":"https:\/\/perle-in.com\/","logo":{"@type":"ImageObject","inLanguage":"en-CA","@id":"https:\/\/perle-in.com\/#\/schema\/logo\/image\/","url":"https:\/\/perle-in.com\/wp-content\/uploads\/2022\/12\/LOGO-PERLE-IN-COULEUR@3x.webp","contentUrl":"https:\/\/perle-in.com\/wp-content\/uploads\/2022\/12\/LOGO-PERLE-IN-COULEUR@3x.webp","width":1600,"height":490,"caption":"PERLE IN"},"image":{"@id":"https:\/\/perle-in.com\/#\/schema\/logo\/image\/"}}]}},"jetpack_sharing_enabled":true,"_links":{"self":[{"href":"https:\/\/perle-in.com\/en\/wp-json\/wp\/v2\/product\/578035","targetHints":{"allow":["GET"]}}],"collection":[{"href":"https:\/\/perle-in.com\/en\/wp-json\/wp\/v2\/product"}],"about":[{"href":"https:\/\/perle-in.com\/en\/wp-json\/wp\/v2\/types\/product"}],"version-history":[{"count":0,"href":"https:\/\/perle-in.com\/en\/wp-json\/wp\/v2\/product\/578035\/revisions"}],"wp:featuredmedia":[{"embeddable":true,"href":"https:\/\/perle-in.com\/en\/wp-json\/wp\/v2\/media\/578027"}],"wp:attachment":[{"href":"https:\/\/perle-in.com\/en\/wp-json\/wp\/v2\/media?parent=578035"}],"wp:term":[{"taxonomy":"product_brand","embeddable":true,"href":"https:\/\/perle-in.com\/en\/wp-json\/wp\/v2\/product_brand?post=578035"},{"taxonomy":"product_cat","embeddable":true,"href":"https:\/\/perle-in.com\/en\/wp-json\/wp\/v2\/product_cat?post=578035"},{"taxonomy":"product_tag","embeddable":true,"href":"https:\/\/perle-in.com\/en\/wp-json\/wp\/v2\/product_tag?post=578035"}],"curies":[{"name":"wp","href":"https:\/\/api.w.org\/{rel}","templated":true}]}}