{"id":577927,"date":"2025-10-16T09:00:48","date_gmt":"2025-10-16T07:00:48","guid":{"rendered":"https:\/\/perle-in.com\/produit\/batterie-de-secours-solaire-xtorm-xg2s101-go2-de-10-000-mah-et-15-w-avec-eclairage\/"},"modified":"2025-10-16T09:00:49","modified_gmt":"2025-10-16T07:00:49","slug":"batterie-de-secours-solaire-xtorm-xg2s101-go2-de-10-000-mah-et-15-w-avec-eclairage","status":"publish","type":"product","link":"https:\/\/perle-in.com\/en\/product\/batterie-de-secours-solaire-xtorm-xg2s101-go2-de-10-000-mah-et-15-w-avec-eclairage\/","title":{"rendered":"Batterie de secours solaire Xtorm XG2S101 Go2 de 10\u00a0000\u00a0mAh et 15\u00a0W avec \u00e9clairage"},"content":{"rendered":"","protected":false},"excerpt":{"rendered":"<p>Cette batterie de secours Xtorm a une capacit\u00e9 de 10\u00a0000\u00a0mAh, vous permettant de charger compl\u00e8tement votre smartphone jusqu\u2019\u00e0 deux fois. Avec la technologie Fast Charge de 15\u00a0W de Xtorm, vous pouvez rapidement charger plusieurs appareils \u00e0 l\u2019aide des ports USB-A et USB-C. Con\u00e7ue pour les voyages, elle est r\u00e9sistante aux a\u00e9roports et con\u00e7ue pour durer, ce qui en fait le meilleur choix en termes de qualit\u00e9 et de durabilit\u00e9. Cette batterie de secours est \u00e9galement dot\u00e9e d\u2019un panneau solaire int\u00e9gr\u00e9 de 1\u00a0W, d\u2019une lampe int\u00e9gr\u00e9e et d\u2019un mousqueton pour une utilisation pratique en d\u00e9placement.<\/p>","protected":false},"featured_media":577919,"template":"","meta":{"_eb_attr":""},"product_brand":[],"product_cat":[811,667],"product_tag":[812,938,816,3796,815,2890,3066,3587],"class_list":{"0":"post-577927","1":"product","2":"type-product","3":"status-publish","4":"has-post-thumbnail","6":"product_cat-batteries-externes","7":"product_cat-technologie","8":"product_tag-batterie-de-secours","9":"product_tag-batteries-de-secours","10":"product_tag-charge","11":"product_tag-charger","12":"product_tag-chargeur","13":"product_tag-lampe","14":"product_tag-solaire","15":"product_tag-xtorm","16":"pa_couleurs-charbon","17":"pa_marque-xtorm","19":"first","20":"instock","21":"shipping-taxable","22":"purchasable","23":"product-type-variable"},"yoast_head":"<!-- This site is optimized with the Yoast SEO plugin v27.4 - https:\/\/yoast.com\/product\/yoast-seo-wordpress\/ -->\n<title>Batterie de secours solaire Xtorm XG2S101 Go2 de 10\u00a0000\u00a0mAh et 15\u00a0W avec \u00e9clairage - PERLE IN<\/title>\n<meta name=\"robots\" content=\"noindex, follow, max-snippet:-1, max-image-preview:large, max-video-preview:-1\" \/>\n<meta property=\"og:locale\" content=\"en_US\" \/>\n<meta property=\"og:type\" content=\"article\" \/>\n<meta property=\"og:title\" content=\"Batterie de secours solaire Xtorm XG2S101 Go2 de 10\u00a0000\u00a0mAh et 15\u00a0W avec \u00e9clairage - PERLE IN\" \/>\n<meta property=\"og:description\" content=\"Cette batterie de secours Xtorm a une capacit\u00e9 de 10\u00a0000\u00a0mAh, vous permettant de charger compl\u00e8tement votre smartphone jusqu\u2019\u00e0 deux fois. Avec la technologie Fast Charge de 15\u00a0W de Xtorm, vous pouvez rapidement charger plusieurs appareils \u00e0 l\u2019aide des ports USB-A et USB-C. Con\u00e7ue pour les voyages, elle est r\u00e9sistante aux a\u00e9roports et con\u00e7ue pour durer, ce qui en fait le meilleur choix en termes de qualit\u00e9 et de durabilit\u00e9. Cette batterie de secours est \u00e9galement dot\u00e9e d\u2019un panneau solaire int\u00e9gr\u00e9 de 1\u00a0W, d\u2019une lampe int\u00e9gr\u00e9e et d\u2019un mousqueton pour une utilisation pratique en d\u00e9placement.\" \/>\n<meta property=\"og:url\" content=\"https:\/\/perle-in.com\/en\/product\/batterie-de-secours-solaire-xtorm-xg2s101-go2-de-10-000-mah-et-15-w-avec-eclairage\/\" \/>\n<meta property=\"og:site_name\" content=\"PERLE IN\" \/>\n<meta property=\"article:modified_time\" content=\"2025-10-16T07:00:49+00:00\" \/>\n<meta property=\"og:image\" content=\"https:\/\/perle-in.com\/wp-content\/uploads\/2025\/10\/12447984-1.jpg\" \/>\n\t<meta property=\"og:image:width\" content=\"1600\" \/>\n\t<meta property=\"og:image:height\" content=\"1600\" \/>\n\t<meta property=\"og:image:type\" content=\"image\/jpeg\" \/>\n<meta name=\"twitter:card\" content=\"summary_large_image\" \/>\n<script type=\"application\/ld+json\" class=\"yoast-schema-graph\">{\"@context\":\"https:\\\/\\\/schema.org\",\"@graph\":[{\"@type\":\"WebPage\",\"@id\":\"https:\\\/\\\/perle-in.com\\\/produit\\\/batterie-de-secours-solaire-xtorm-xg2s101-go2-de-10-000-mah-et-15-w-avec-eclairage\\\/\",\"url\":\"https:\\\/\\\/perle-in.com\\\/produit\\\/batterie-de-secours-solaire-xtorm-xg2s101-go2-de-10-000-mah-et-15-w-avec-eclairage\\\/\",\"name\":\"Batterie de secours solaire Xtorm XG2S101 Go2 de 10\u00a0000\u00a0mAh et 15\u00a0W avec \u00e9clairage - PERLE IN\",\"isPartOf\":{\"@id\":\"https:\\\/\\\/perle-in.com\\\/#website\"},\"primaryImageOfPage\":{\"@id\":\"https:\\\/\\\/perle-in.com\\\/produit\\\/batterie-de-secours-solaire-xtorm-xg2s101-go2-de-10-000-mah-et-15-w-avec-eclairage\\\/#primaryimage\"},\"image\":{\"@id\":\"https:\\\/\\\/perle-in.com\\\/produit\\\/batterie-de-secours-solaire-xtorm-xg2s101-go2-de-10-000-mah-et-15-w-avec-eclairage\\\/#primaryimage\"},\"thumbnailUrl\":\"https:\\\/\\\/perle-in.com\\\/wp-content\\\/uploads\\\/2025\\\/10\\\/12447984-1.jpg\",\"datePublished\":\"2025-10-16T07:00:48+00:00\",\"dateModified\":\"2025-10-16T07:00:49+00:00\",\"breadcrumb\":{\"@id\":\"https:\\\/\\\/perle-in.com\\\/produit\\\/batterie-de-secours-solaire-xtorm-xg2s101-go2-de-10-000-mah-et-15-w-avec-eclairage\\\/#breadcrumb\"},\"inLanguage\":\"en-CA\",\"potentialAction\":[{\"@type\":\"ReadAction\",\"target\":[\"https:\\\/\\\/perle-in.com\\\/produit\\\/batterie-de-secours-solaire-xtorm-xg2s101-go2-de-10-000-mah-et-15-w-avec-eclairage\\\/\"]}]},{\"@type\":\"ImageObject\",\"inLanguage\":\"en-CA\",\"@id\":\"https:\\\/\\\/perle-in.com\\\/produit\\\/batterie-de-secours-solaire-xtorm-xg2s101-go2-de-10-000-mah-et-15-w-avec-eclairage\\\/#primaryimage\",\"url\":\"https:\\\/\\\/perle-in.com\\\/wp-content\\\/uploads\\\/2025\\\/10\\\/12447984-1.jpg\",\"contentUrl\":\"https:\\\/\\\/perle-in.com\\\/wp-content\\\/uploads\\\/2025\\\/10\\\/12447984-1.jpg\",\"width\":1600,\"height\":1600},{\"@type\":\"BreadcrumbList\",\"@id\":\"https:\\\/\\\/perle-in.com\\\/produit\\\/batterie-de-secours-solaire-xtorm-xg2s101-go2-de-10-000-mah-et-15-w-avec-eclairage\\\/#breadcrumb\",\"itemListElement\":[{\"@type\":\"ListItem\",\"position\":1,\"name\":\"Accueil\",\"item\":\"https:\\\/\\\/perle-in.com\\\/\"},{\"@type\":\"ListItem\",\"position\":2,\"name\":\"Boutique\",\"item\":\"https:\\\/\\\/perle-in.com\\\/boutique\\\/\"},{\"@type\":\"ListItem\",\"position\":3,\"name\":\"Batterie de secours solaire Xtorm XG2S101 Go2 de 10\u00a0000\u00a0mAh et 15\u00a0W avec \u00e9clairage\"}]},{\"@type\":\"WebSite\",\"@id\":\"https:\\\/\\\/perle-in.com\\\/#website\",\"url\":\"https:\\\/\\\/perle-in.com\\\/\",\"name\":\"PERLE IN\",\"description\":\"\",\"publisher\":{\"@id\":\"https:\\\/\\\/perle-in.com\\\/#organization\"},\"potentialAction\":[{\"@type\":\"SearchAction\",\"target\":{\"@type\":\"EntryPoint\",\"urlTemplate\":\"https:\\\/\\\/perle-in.com\\\/?s={search_term_string}\"},\"query-input\":{\"@type\":\"PropertyValueSpecification\",\"valueRequired\":true,\"valueName\":\"search_term_string\"}}],\"inLanguage\":\"en-CA\"},{\"@type\":\"Organization\",\"@id\":\"https:\\\/\\\/perle-in.com\\\/#organization\",\"name\":\"PERLE IN\",\"url\":\"https:\\\/\\\/perle-in.com\\\/\",\"logo\":{\"@type\":\"ImageObject\",\"inLanguage\":\"en-CA\",\"@id\":\"https:\\\/\\\/perle-in.com\\\/#\\\/schema\\\/logo\\\/image\\\/\",\"url\":\"https:\\\/\\\/perle-in.com\\\/wp-content\\\/uploads\\\/2022\\\/12\\\/LOGO-PERLE-IN-COULEUR@3x.webp\",\"contentUrl\":\"https:\\\/\\\/perle-in.com\\\/wp-content\\\/uploads\\\/2022\\\/12\\\/LOGO-PERLE-IN-COULEUR@3x.webp\",\"width\":1600,\"height\":490,\"caption\":\"PERLE IN\"},\"image\":{\"@id\":\"https:\\\/\\\/perle-in.com\\\/#\\\/schema\\\/logo\\\/image\\\/\"}}]}<\/script>\n<!-- \/ Yoast SEO plugin. -->","yoast_head_json":{"title":"Batterie de secours solaire Xtorm XG2S101 Go2 de 10\u00a0000\u00a0mAh et 15\u00a0W avec \u00e9clairage - PERLE IN","robots":{"index":"noindex","follow":"follow","max-snippet":"max-snippet:-1","max-image-preview":"max-image-preview:large","max-video-preview":"max-video-preview:-1"},"og_locale":"en_US","og_type":"article","og_title":"Batterie de secours solaire Xtorm XG2S101 Go2 de 10\u00a0000\u00a0mAh et 15\u00a0W avec \u00e9clairage - PERLE IN","og_description":"Cette batterie de secours Xtorm a une capacit\u00e9 de 10\u00a0000\u00a0mAh, vous permettant de charger compl\u00e8tement votre smartphone jusqu\u2019\u00e0 deux fois. Avec la technologie Fast Charge de 15\u00a0W de Xtorm, vous pouvez rapidement charger plusieurs appareils \u00e0 l\u2019aide des ports USB-A et USB-C. Con\u00e7ue pour les voyages, elle est r\u00e9sistante aux a\u00e9roports et con\u00e7ue pour durer, ce qui en fait le meilleur choix en termes de qualit\u00e9 et de durabilit\u00e9. Cette batterie de secours est \u00e9galement dot\u00e9e d\u2019un panneau solaire int\u00e9gr\u00e9 de 1\u00a0W, d\u2019une lampe int\u00e9gr\u00e9e et d\u2019un mousqueton pour une utilisation pratique en d\u00e9placement.","og_url":"https:\/\/perle-in.com\/en\/product\/batterie-de-secours-solaire-xtorm-xg2s101-go2-de-10-000-mah-et-15-w-avec-eclairage\/","og_site_name":"PERLE IN","article_modified_time":"2025-10-16T07:00:49+00:00","og_image":[{"width":1600,"height":1600,"url":"https:\/\/perle-in.com\/wp-content\/uploads\/2025\/10\/12447984-1.jpg","type":"image\/jpeg"}],"twitter_card":"summary_large_image","schema":{"@context":"https:\/\/schema.org","@graph":[{"@type":"WebPage","@id":"https:\/\/perle-in.com\/produit\/batterie-de-secours-solaire-xtorm-xg2s101-go2-de-10-000-mah-et-15-w-avec-eclairage\/","url":"https:\/\/perle-in.com\/produit\/batterie-de-secours-solaire-xtorm-xg2s101-go2-de-10-000-mah-et-15-w-avec-eclairage\/","name":"Batterie de secours solaire Xtorm XG2S101 Go2 de 10\u00a0000\u00a0mAh et 15\u00a0W avec \u00e9clairage - PERLE IN","isPartOf":{"@id":"https:\/\/perle-in.com\/#website"},"primaryImageOfPage":{"@id":"https:\/\/perle-in.com\/produit\/batterie-de-secours-solaire-xtorm-xg2s101-go2-de-10-000-mah-et-15-w-avec-eclairage\/#primaryimage"},"image":{"@id":"https:\/\/perle-in.com\/produit\/batterie-de-secours-solaire-xtorm-xg2s101-go2-de-10-000-mah-et-15-w-avec-eclairage\/#primaryimage"},"thumbnailUrl":"https:\/\/perle-in.com\/wp-content\/uploads\/2025\/10\/12447984-1.jpg","datePublished":"2025-10-16T07:00:48+00:00","dateModified":"2025-10-16T07:00:49+00:00","breadcrumb":{"@id":"https:\/\/perle-in.com\/produit\/batterie-de-secours-solaire-xtorm-xg2s101-go2-de-10-000-mah-et-15-w-avec-eclairage\/#breadcrumb"},"inLanguage":"en-CA","potentialAction":[{"@type":"ReadAction","target":["https:\/\/perle-in.com\/produit\/batterie-de-secours-solaire-xtorm-xg2s101-go2-de-10-000-mah-et-15-w-avec-eclairage\/"]}]},{"@type":"ImageObject","inLanguage":"en-CA","@id":"https:\/\/perle-in.com\/produit\/batterie-de-secours-solaire-xtorm-xg2s101-go2-de-10-000-mah-et-15-w-avec-eclairage\/#primaryimage","url":"https:\/\/perle-in.com\/wp-content\/uploads\/2025\/10\/12447984-1.jpg","contentUrl":"https:\/\/perle-in.com\/wp-content\/uploads\/2025\/10\/12447984-1.jpg","width":1600,"height":1600},{"@type":"BreadcrumbList","@id":"https:\/\/perle-in.com\/produit\/batterie-de-secours-solaire-xtorm-xg2s101-go2-de-10-000-mah-et-15-w-avec-eclairage\/#breadcrumb","itemListElement":[{"@type":"ListItem","position":1,"name":"Accueil","item":"https:\/\/perle-in.com\/"},{"@type":"ListItem","position":2,"name":"Boutique","item":"https:\/\/perle-in.com\/boutique\/"},{"@type":"ListItem","position":3,"name":"Batterie de secours solaire Xtorm XG2S101 Go2 de 10\u00a0000\u00a0mAh et 15\u00a0W avec \u00e9clairage"}]},{"@type":"WebSite","@id":"https:\/\/perle-in.com\/#website","url":"https:\/\/perle-in.com\/","name":"PERLE IN","description":"","publisher":{"@id":"https:\/\/perle-in.com\/#organization"},"potentialAction":[{"@type":"SearchAction","target":{"@type":"EntryPoint","urlTemplate":"https:\/\/perle-in.com\/?s={search_term_string}"},"query-input":{"@type":"PropertyValueSpecification","valueRequired":true,"valueName":"search_term_string"}}],"inLanguage":"en-CA"},{"@type":"Organization","@id":"https:\/\/perle-in.com\/#organization","name":"PERLE IN","url":"https:\/\/perle-in.com\/","logo":{"@type":"ImageObject","inLanguage":"en-CA","@id":"https:\/\/perle-in.com\/#\/schema\/logo\/image\/","url":"https:\/\/perle-in.com\/wp-content\/uploads\/2022\/12\/LOGO-PERLE-IN-COULEUR@3x.webp","contentUrl":"https:\/\/perle-in.com\/wp-content\/uploads\/2022\/12\/LOGO-PERLE-IN-COULEUR@3x.webp","width":1600,"height":490,"caption":"PERLE IN"},"image":{"@id":"https:\/\/perle-in.com\/#\/schema\/logo\/image\/"}}]}},"jetpack_sharing_enabled":true,"_links":{"self":[{"href":"https:\/\/perle-in.com\/en\/wp-json\/wp\/v2\/product\/577927","targetHints":{"allow":["GET"]}}],"collection":[{"href":"https:\/\/perle-in.com\/en\/wp-json\/wp\/v2\/product"}],"about":[{"href":"https:\/\/perle-in.com\/en\/wp-json\/wp\/v2\/types\/product"}],"version-history":[{"count":0,"href":"https:\/\/perle-in.com\/en\/wp-json\/wp\/v2\/product\/577927\/revisions"}],"wp:featuredmedia":[{"embeddable":true,"href":"https:\/\/perle-in.com\/en\/wp-json\/wp\/v2\/media\/577919"}],"wp:attachment":[{"href":"https:\/\/perle-in.com\/en\/wp-json\/wp\/v2\/media?parent=577927"}],"wp:term":[{"taxonomy":"product_brand","embeddable":true,"href":"https:\/\/perle-in.com\/en\/wp-json\/wp\/v2\/product_brand?post=577927"},{"taxonomy":"product_cat","embeddable":true,"href":"https:\/\/perle-in.com\/en\/wp-json\/wp\/v2\/product_cat?post=577927"},{"taxonomy":"product_tag","embeddable":true,"href":"https:\/\/perle-in.com\/en\/wp-json\/wp\/v2\/product_tag?post=577927"}],"curies":[{"name":"wp","href":"https:\/\/api.w.org\/{rel}","templated":true}]}}