{"id":577860,"date":"2025-10-16T08:54:27","date_gmt":"2025-10-16T06:54:27","guid":{"rendered":"https:\/\/perle-in.com\/produit\/mug-intelligent-300-ml-prixton-tempo-2\/"},"modified":"2025-10-16T08:54:28","modified_gmt":"2025-10-16T06:54:28","slug":"mug-intelligent-300-ml-prixton-tempo-2","status":"publish","type":"product","link":"https:\/\/perle-in.com\/en\/product\/mug-intelligent-300-ml-prixton-tempo-2\/","title":{"rendered":"Mug intelligent 300\u00a0ml Prixton Tempo"},"content":{"rendered":"","protected":false},"excerpt":{"rendered":"<p>Le mug intelligent Tempo est con\u00e7u pour maintenir votre boisson \u00e0 la temp\u00e9rature id\u00e9ale jusqu\u2019\u00e0 1,5\u00a0heure sur une seule charge, gr\u00e2ce \u00e0 sa batterie longue dur\u00e9e. Pour une chaleur continue, il suffit de le placer sur le sous-verre de charge inclus. Le petit \u00e9cran LED vous permet de r\u00e9gler facilement la temp\u00e9rature entre 50\u00a0\u00b0C et 62,5\u00a0\u00b0C, pour que chaque gorg\u00e9e soit parfaite. Son \u00e9tanch\u00e9it\u00e9 IPX6 permet de le rincer \u00e0 l\u2019eau courante sans souci, mais il est pr\u00e9f\u00e9rable de le laver \u00e0 la main pour un entretien optimal. Alliant technologie intelligente et commodit\u00e9, le mug Tempo garantit que vos boissons pr\u00e9f\u00e9r\u00e9es sont toujours \u00e0 la temp\u00e9rature id\u00e9ale.<\/p>","protected":false},"featured_media":577852,"template":"","meta":{"_eb_attr":""},"product_brand":[],"product_cat":[173,222],"product_tag":[225,3310,1170,190,783,230,227],"class_list":{"0":"post-577860","1":"product","2":"type-product","3":"status-publish","4":"has-post-thumbnail","6":"product_cat-drinkware","7":"product_cat-mugs-standard","8":"product_tag-cafe","9":"product_tag-chaud","10":"product_tag-connecte","11":"product_tag-mug","12":"product_tag-prixton","13":"product_tag-tasse","14":"product_tag-the","15":"pa_couleurs-noir","17":"first","18":"instock","19":"shipping-taxable","20":"purchasable","21":"product-type-variable"},"yoast_head":"<!-- This site is optimized with the Yoast SEO plugin v27.4 - https:\/\/yoast.com\/product\/yoast-seo-wordpress\/ -->\n<title>Mug intelligent 300\u00a0ml Prixton Tempo - PERLE IN<\/title>\n<meta name=\"robots\" content=\"noindex, follow, max-snippet:-1, max-image-preview:large, max-video-preview:-1\" \/>\n<meta property=\"og:locale\" content=\"en_US\" \/>\n<meta property=\"og:type\" content=\"article\" \/>\n<meta property=\"og:title\" content=\"Mug intelligent 300\u00a0ml Prixton Tempo - PERLE IN\" \/>\n<meta property=\"og:description\" content=\"Le mug intelligent Tempo est con\u00e7u pour maintenir votre boisson \u00e0 la temp\u00e9rature id\u00e9ale jusqu\u2019\u00e0 1,5\u00a0heure sur une seule charge, gr\u00e2ce \u00e0 sa batterie longue dur\u00e9e. Pour une chaleur continue, il suffit de le placer sur le sous-verre de charge inclus. Le petit \u00e9cran LED vous permet de r\u00e9gler facilement la temp\u00e9rature entre 50\u00a0\u00b0C et 62,5\u00a0\u00b0C, pour que chaque gorg\u00e9e soit parfaite. Son \u00e9tanch\u00e9it\u00e9 IPX6 permet de le rincer \u00e0 l\u2019eau courante sans souci, mais il est pr\u00e9f\u00e9rable de le laver \u00e0 la main pour un entretien optimal. Alliant technologie intelligente et commodit\u00e9, le mug Tempo garantit que vos boissons pr\u00e9f\u00e9r\u00e9es sont toujours \u00e0 la temp\u00e9rature id\u00e9ale.\" \/>\n<meta property=\"og:url\" content=\"https:\/\/perle-in.com\/en\/product\/mug-intelligent-300-ml-prixton-tempo-2\/\" \/>\n<meta property=\"og:site_name\" content=\"PERLE IN\" \/>\n<meta property=\"article:modified_time\" content=\"2025-10-16T06:54:28+00:00\" \/>\n<meta property=\"og:image\" content=\"https:\/\/perle-in.com\/wp-content\/uploads\/2025\/10\/2PA18890-1.jpg\" \/>\n\t<meta property=\"og:image:width\" content=\"1600\" \/>\n\t<meta property=\"og:image:height\" content=\"1600\" \/>\n\t<meta property=\"og:image:type\" content=\"image\/jpeg\" \/>\n<meta name=\"twitter:card\" content=\"summary_large_image\" \/>\n<script type=\"application\/ld+json\" class=\"yoast-schema-graph\">{\"@context\":\"https:\\\/\\\/schema.org\",\"@graph\":[{\"@type\":\"WebPage\",\"@id\":\"https:\\\/\\\/perle-in.com\\\/produit\\\/mug-intelligent-300-ml-prixton-tempo-2\\\/\",\"url\":\"https:\\\/\\\/perle-in.com\\\/produit\\\/mug-intelligent-300-ml-prixton-tempo-2\\\/\",\"name\":\"Mug intelligent 300\u00a0ml Prixton Tempo - PERLE IN\",\"isPartOf\":{\"@id\":\"https:\\\/\\\/perle-in.com\\\/#website\"},\"primaryImageOfPage\":{\"@id\":\"https:\\\/\\\/perle-in.com\\\/produit\\\/mug-intelligent-300-ml-prixton-tempo-2\\\/#primaryimage\"},\"image\":{\"@id\":\"https:\\\/\\\/perle-in.com\\\/produit\\\/mug-intelligent-300-ml-prixton-tempo-2\\\/#primaryimage\"},\"thumbnailUrl\":\"https:\\\/\\\/perle-in.com\\\/wp-content\\\/uploads\\\/2025\\\/10\\\/2PA18890-1.jpg\",\"datePublished\":\"2025-10-16T06:54:27+00:00\",\"dateModified\":\"2025-10-16T06:54:28+00:00\",\"breadcrumb\":{\"@id\":\"https:\\\/\\\/perle-in.com\\\/produit\\\/mug-intelligent-300-ml-prixton-tempo-2\\\/#breadcrumb\"},\"inLanguage\":\"en-CA\",\"potentialAction\":[{\"@type\":\"ReadAction\",\"target\":[\"https:\\\/\\\/perle-in.com\\\/produit\\\/mug-intelligent-300-ml-prixton-tempo-2\\\/\"]}]},{\"@type\":\"ImageObject\",\"inLanguage\":\"en-CA\",\"@id\":\"https:\\\/\\\/perle-in.com\\\/produit\\\/mug-intelligent-300-ml-prixton-tempo-2\\\/#primaryimage\",\"url\":\"https:\\\/\\\/perle-in.com\\\/wp-content\\\/uploads\\\/2025\\\/10\\\/2PA18890-1.jpg\",\"contentUrl\":\"https:\\\/\\\/perle-in.com\\\/wp-content\\\/uploads\\\/2025\\\/10\\\/2PA18890-1.jpg\",\"width\":1600,\"height\":1600},{\"@type\":\"BreadcrumbList\",\"@id\":\"https:\\\/\\\/perle-in.com\\\/produit\\\/mug-intelligent-300-ml-prixton-tempo-2\\\/#breadcrumb\",\"itemListElement\":[{\"@type\":\"ListItem\",\"position\":1,\"name\":\"Accueil\",\"item\":\"https:\\\/\\\/perle-in.com\\\/\"},{\"@type\":\"ListItem\",\"position\":2,\"name\":\"Boutique\",\"item\":\"https:\\\/\\\/perle-in.com\\\/boutique\\\/\"},{\"@type\":\"ListItem\",\"position\":3,\"name\":\"Mug intelligent 300\u00a0ml Prixton Tempo\"}]},{\"@type\":\"WebSite\",\"@id\":\"https:\\\/\\\/perle-in.com\\\/#website\",\"url\":\"https:\\\/\\\/perle-in.com\\\/\",\"name\":\"PERLE IN\",\"description\":\"\",\"publisher\":{\"@id\":\"https:\\\/\\\/perle-in.com\\\/#organization\"},\"potentialAction\":[{\"@type\":\"SearchAction\",\"target\":{\"@type\":\"EntryPoint\",\"urlTemplate\":\"https:\\\/\\\/perle-in.com\\\/?s={search_term_string}\"},\"query-input\":{\"@type\":\"PropertyValueSpecification\",\"valueRequired\":true,\"valueName\":\"search_term_string\"}}],\"inLanguage\":\"en-CA\"},{\"@type\":\"Organization\",\"@id\":\"https:\\\/\\\/perle-in.com\\\/#organization\",\"name\":\"PERLE IN\",\"url\":\"https:\\\/\\\/perle-in.com\\\/\",\"logo\":{\"@type\":\"ImageObject\",\"inLanguage\":\"en-CA\",\"@id\":\"https:\\\/\\\/perle-in.com\\\/#\\\/schema\\\/logo\\\/image\\\/\",\"url\":\"https:\\\/\\\/perle-in.com\\\/wp-content\\\/uploads\\\/2022\\\/12\\\/LOGO-PERLE-IN-COULEUR@3x.webp\",\"contentUrl\":\"https:\\\/\\\/perle-in.com\\\/wp-content\\\/uploads\\\/2022\\\/12\\\/LOGO-PERLE-IN-COULEUR@3x.webp\",\"width\":1600,\"height\":490,\"caption\":\"PERLE IN\"},\"image\":{\"@id\":\"https:\\\/\\\/perle-in.com\\\/#\\\/schema\\\/logo\\\/image\\\/\"}}]}<\/script>\n<!-- \/ Yoast SEO plugin. -->","yoast_head_json":{"title":"Mug intelligent 300\u00a0ml Prixton Tempo - PERLE IN","robots":{"index":"noindex","follow":"follow","max-snippet":"max-snippet:-1","max-image-preview":"max-image-preview:large","max-video-preview":"max-video-preview:-1"},"og_locale":"en_US","og_type":"article","og_title":"Mug intelligent 300\u00a0ml Prixton Tempo - PERLE IN","og_description":"Le mug intelligent Tempo est con\u00e7u pour maintenir votre boisson \u00e0 la temp\u00e9rature id\u00e9ale jusqu\u2019\u00e0 1,5\u00a0heure sur une seule charge, gr\u00e2ce \u00e0 sa batterie longue dur\u00e9e. Pour une chaleur continue, il suffit de le placer sur le sous-verre de charge inclus. Le petit \u00e9cran LED vous permet de r\u00e9gler facilement la temp\u00e9rature entre 50\u00a0\u00b0C et 62,5\u00a0\u00b0C, pour que chaque gorg\u00e9e soit parfaite. Son \u00e9tanch\u00e9it\u00e9 IPX6 permet de le rincer \u00e0 l\u2019eau courante sans souci, mais il est pr\u00e9f\u00e9rable de le laver \u00e0 la main pour un entretien optimal. Alliant technologie intelligente et commodit\u00e9, le mug Tempo garantit que vos boissons pr\u00e9f\u00e9r\u00e9es sont toujours \u00e0 la temp\u00e9rature id\u00e9ale.","og_url":"https:\/\/perle-in.com\/en\/product\/mug-intelligent-300-ml-prixton-tempo-2\/","og_site_name":"PERLE IN","article_modified_time":"2025-10-16T06:54:28+00:00","og_image":[{"width":1600,"height":1600,"url":"https:\/\/perle-in.com\/wp-content\/uploads\/2025\/10\/2PA18890-1.jpg","type":"image\/jpeg"}],"twitter_card":"summary_large_image","schema":{"@context":"https:\/\/schema.org","@graph":[{"@type":"WebPage","@id":"https:\/\/perle-in.com\/produit\/mug-intelligent-300-ml-prixton-tempo-2\/","url":"https:\/\/perle-in.com\/produit\/mug-intelligent-300-ml-prixton-tempo-2\/","name":"Mug intelligent 300\u00a0ml Prixton Tempo - PERLE IN","isPartOf":{"@id":"https:\/\/perle-in.com\/#website"},"primaryImageOfPage":{"@id":"https:\/\/perle-in.com\/produit\/mug-intelligent-300-ml-prixton-tempo-2\/#primaryimage"},"image":{"@id":"https:\/\/perle-in.com\/produit\/mug-intelligent-300-ml-prixton-tempo-2\/#primaryimage"},"thumbnailUrl":"https:\/\/perle-in.com\/wp-content\/uploads\/2025\/10\/2PA18890-1.jpg","datePublished":"2025-10-16T06:54:27+00:00","dateModified":"2025-10-16T06:54:28+00:00","breadcrumb":{"@id":"https:\/\/perle-in.com\/produit\/mug-intelligent-300-ml-prixton-tempo-2\/#breadcrumb"},"inLanguage":"en-CA","potentialAction":[{"@type":"ReadAction","target":["https:\/\/perle-in.com\/produit\/mug-intelligent-300-ml-prixton-tempo-2\/"]}]},{"@type":"ImageObject","inLanguage":"en-CA","@id":"https:\/\/perle-in.com\/produit\/mug-intelligent-300-ml-prixton-tempo-2\/#primaryimage","url":"https:\/\/perle-in.com\/wp-content\/uploads\/2025\/10\/2PA18890-1.jpg","contentUrl":"https:\/\/perle-in.com\/wp-content\/uploads\/2025\/10\/2PA18890-1.jpg","width":1600,"height":1600},{"@type":"BreadcrumbList","@id":"https:\/\/perle-in.com\/produit\/mug-intelligent-300-ml-prixton-tempo-2\/#breadcrumb","itemListElement":[{"@type":"ListItem","position":1,"name":"Accueil","item":"https:\/\/perle-in.com\/"},{"@type":"ListItem","position":2,"name":"Boutique","item":"https:\/\/perle-in.com\/boutique\/"},{"@type":"ListItem","position":3,"name":"Mug intelligent 300\u00a0ml Prixton Tempo"}]},{"@type":"WebSite","@id":"https:\/\/perle-in.com\/#website","url":"https:\/\/perle-in.com\/","name":"PERLE IN","description":"","publisher":{"@id":"https:\/\/perle-in.com\/#organization"},"potentialAction":[{"@type":"SearchAction","target":{"@type":"EntryPoint","urlTemplate":"https:\/\/perle-in.com\/?s={search_term_string}"},"query-input":{"@type":"PropertyValueSpecification","valueRequired":true,"valueName":"search_term_string"}}],"inLanguage":"en-CA"},{"@type":"Organization","@id":"https:\/\/perle-in.com\/#organization","name":"PERLE IN","url":"https:\/\/perle-in.com\/","logo":{"@type":"ImageObject","inLanguage":"en-CA","@id":"https:\/\/perle-in.com\/#\/schema\/logo\/image\/","url":"https:\/\/perle-in.com\/wp-content\/uploads\/2022\/12\/LOGO-PERLE-IN-COULEUR@3x.webp","contentUrl":"https:\/\/perle-in.com\/wp-content\/uploads\/2022\/12\/LOGO-PERLE-IN-COULEUR@3x.webp","width":1600,"height":490,"caption":"PERLE IN"},"image":{"@id":"https:\/\/perle-in.com\/#\/schema\/logo\/image\/"}}]}},"jetpack_sharing_enabled":true,"_links":{"self":[{"href":"https:\/\/perle-in.com\/en\/wp-json\/wp\/v2\/product\/577860","targetHints":{"allow":["GET"]}}],"collection":[{"href":"https:\/\/perle-in.com\/en\/wp-json\/wp\/v2\/product"}],"about":[{"href":"https:\/\/perle-in.com\/en\/wp-json\/wp\/v2\/types\/product"}],"version-history":[{"count":0,"href":"https:\/\/perle-in.com\/en\/wp-json\/wp\/v2\/product\/577860\/revisions"}],"wp:featuredmedia":[{"embeddable":true,"href":"https:\/\/perle-in.com\/en\/wp-json\/wp\/v2\/media\/577852"}],"wp:attachment":[{"href":"https:\/\/perle-in.com\/en\/wp-json\/wp\/v2\/media?parent=577860"}],"wp:term":[{"taxonomy":"product_brand","embeddable":true,"href":"https:\/\/perle-in.com\/en\/wp-json\/wp\/v2\/product_brand?post=577860"},{"taxonomy":"product_cat","embeddable":true,"href":"https:\/\/perle-in.com\/en\/wp-json\/wp\/v2\/product_cat?post=577860"},{"taxonomy":"product_tag","embeddable":true,"href":"https:\/\/perle-in.com\/en\/wp-json\/wp\/v2\/product_tag?post=577860"}],"curies":[{"name":"wp","href":"https:\/\/api.w.org\/{rel}","templated":true}]}}