{"id":577848,"date":"2025-10-16T08:53:16","date_gmt":"2025-10-16T06:53:16","guid":{"rendered":"https:\/\/perle-in.com\/produit\/bague-connectee-prixton-orbyt-2\/"},"modified":"2025-10-16T08:53:19","modified_gmt":"2025-10-16T06:53:19","slug":"bague-connectee-prixton-orbyt-2","status":"publish","type":"product","link":"https:\/\/perle-in.com\/en\/product\/bague-connectee-prixton-orbyt-2\/","title":{"rendered":"Bague connect\u00e9e Prixton Orbyt"},"content":{"rendered":"","protected":false},"excerpt":{"rendered":"<p>La bague connect\u00e9e Orbyt fournit des informations d\u00e9taill\u00e9es sur votre activit\u00e9 physique quotidienne et vos param\u00e8tres de sant\u00e9, notamment votre fr\u00e9quence cardiaque et votre taux d\u2019oxyg\u00e8ne dans le sang. Elle vous aide \u00e9galement \u00e0 surveiller la qualit\u00e9 de votre sommeil et votre niveau de stress, procurant ainsi une vue d\u2019ensemble de votre bien-\u00eatre g\u00e9n\u00e9ral. Avec plus de 100\u00a0sports pr\u00e9enregistr\u00e9s, elle permet un suivi pr\u00e9cis lors de diverses activit\u00e9s. Son indice de protection de 5\u00a0ATM permet une utilisation pour la natation, pour un programme de remise en forme polyvalent. Fabriqu\u00e9e en alliage d\u2019aluminium durable, la bague est disponible en trois\u00a0tailles pour un ajustement confortable. L\u2019\u00e9tui de charge magn\u00e9tique permet de recharger compl\u00e8tement la bague en seulement 1\u00a0heure et demie, pour 15\u00a0jours d\u2019autonomie en veille ou jusqu\u2019\u00e0 7\u00a0jours d\u2019utilisation continue. Taille de la bague\u00a0: 8-18,3\u00a0mm\/9-19,1\u00a0mm\/11-20,8\u00a0mm.<\/p>","protected":false},"featured_media":577840,"template":"","meta":{"_eb_attr":""},"product_brand":[],"product_cat":[232,129],"product_tag":[1181,1168,1179,4145,952,754,783,1840,1172,1591],"class_list":{"0":"post-577848","1":"product","2":"type-product","3":"status-publish","4":"has-post-thumbnail","6":"product_cat-articles-de-fitness-et-de-sport","7":"product_cat-sport-et-loisirs","8":"product_tag-activite","9":"product_tag-bague","10":"product_tag-bague-connectee","11":"product_tag-bagues-connectees","12":"product_tag-entrainement","13":"product_tag-exercice","14":"product_tag-prixton","15":"product_tag-salle-de-sport","16":"product_tag-sante","17":"product_tag-smart","18":"pa_couleurs-noir","19":"pa_taille-size-11-20-8-mm","20":"pa_taille-size-8-183-mm","21":"pa_taille-size-9-19-1-mm","23":"first","24":"instock","25":"shipping-taxable","26":"purchasable","27":"product-type-variable"},"yoast_head":"<!-- This site is optimized with the Yoast SEO plugin v27.4 - https:\/\/yoast.com\/product\/yoast-seo-wordpress\/ -->\n<title>Bague connect\u00e9e Prixton Orbyt - PERLE IN<\/title>\n<meta name=\"robots\" content=\"noindex, follow, max-snippet:-1, max-image-preview:large, max-video-preview:-1\" \/>\n<meta property=\"og:locale\" content=\"en_US\" \/>\n<meta property=\"og:type\" content=\"article\" \/>\n<meta property=\"og:title\" content=\"Bague connect\u00e9e Prixton Orbyt - PERLE IN\" \/>\n<meta property=\"og:description\" content=\"La bague connect\u00e9e Orbyt fournit des informations d\u00e9taill\u00e9es sur votre activit\u00e9 physique quotidienne et vos param\u00e8tres de sant\u00e9, notamment votre fr\u00e9quence cardiaque et votre taux d\u2019oxyg\u00e8ne dans le sang. Elle vous aide \u00e9galement \u00e0 surveiller la qualit\u00e9 de votre sommeil et votre niveau de stress, procurant ainsi une vue d\u2019ensemble de votre bien-\u00eatre g\u00e9n\u00e9ral. Avec plus de 100\u00a0sports pr\u00e9enregistr\u00e9s, elle permet un suivi pr\u00e9cis lors de diverses activit\u00e9s. Son indice de protection de 5\u00a0ATM permet une utilisation pour la natation, pour un programme de remise en forme polyvalent. Fabriqu\u00e9e en alliage d\u2019aluminium durable, la bague est disponible en trois\u00a0tailles pour un ajustement confortable. L\u2019\u00e9tui de charge magn\u00e9tique permet de recharger compl\u00e8tement la bague en seulement 1\u00a0heure et demie, pour 15\u00a0jours d\u2019autonomie en veille ou jusqu\u2019\u00e0 7\u00a0jours d\u2019utilisation continue. Taille de la bague\u00a0: 8-18,3\u00a0mm\/9-19,1\u00a0mm\/11-20,8\u00a0mm.\" \/>\n<meta property=\"og:url\" content=\"https:\/\/perle-in.com\/en\/product\/bague-connectee-prixton-orbyt-2\/\" \/>\n<meta property=\"og:site_name\" content=\"PERLE IN\" \/>\n<meta property=\"article:modified_time\" content=\"2025-10-16T06:53:19+00:00\" \/>\n<meta property=\"og:image\" content=\"https:\/\/perle-in.com\/wp-content\/uploads\/2025\/10\/2PA60904-1.jpg\" \/>\n\t<meta property=\"og:image:width\" content=\"1600\" \/>\n\t<meta property=\"og:image:height\" content=\"1600\" \/>\n\t<meta property=\"og:image:type\" content=\"image\/jpeg\" \/>\n<meta name=\"twitter:card\" content=\"summary_large_image\" \/>\n<script type=\"application\/ld+json\" class=\"yoast-schema-graph\">{\"@context\":\"https:\\\/\\\/schema.org\",\"@graph\":[{\"@type\":\"WebPage\",\"@id\":\"https:\\\/\\\/perle-in.com\\\/produit\\\/bague-connectee-prixton-orbyt-2\\\/\",\"url\":\"https:\\\/\\\/perle-in.com\\\/produit\\\/bague-connectee-prixton-orbyt-2\\\/\",\"name\":\"Bague connect\u00e9e Prixton Orbyt - PERLE IN\",\"isPartOf\":{\"@id\":\"https:\\\/\\\/perle-in.com\\\/#website\"},\"primaryImageOfPage\":{\"@id\":\"https:\\\/\\\/perle-in.com\\\/produit\\\/bague-connectee-prixton-orbyt-2\\\/#primaryimage\"},\"image\":{\"@id\":\"https:\\\/\\\/perle-in.com\\\/produit\\\/bague-connectee-prixton-orbyt-2\\\/#primaryimage\"},\"thumbnailUrl\":\"https:\\\/\\\/perle-in.com\\\/wp-content\\\/uploads\\\/2025\\\/10\\\/2PA60904-1.jpg\",\"datePublished\":\"2025-10-16T06:53:16+00:00\",\"dateModified\":\"2025-10-16T06:53:19+00:00\",\"breadcrumb\":{\"@id\":\"https:\\\/\\\/perle-in.com\\\/produit\\\/bague-connectee-prixton-orbyt-2\\\/#breadcrumb\"},\"inLanguage\":\"en-CA\",\"potentialAction\":[{\"@type\":\"ReadAction\",\"target\":[\"https:\\\/\\\/perle-in.com\\\/produit\\\/bague-connectee-prixton-orbyt-2\\\/\"]}]},{\"@type\":\"ImageObject\",\"inLanguage\":\"en-CA\",\"@id\":\"https:\\\/\\\/perle-in.com\\\/produit\\\/bague-connectee-prixton-orbyt-2\\\/#primaryimage\",\"url\":\"https:\\\/\\\/perle-in.com\\\/wp-content\\\/uploads\\\/2025\\\/10\\\/2PA60904-1.jpg\",\"contentUrl\":\"https:\\\/\\\/perle-in.com\\\/wp-content\\\/uploads\\\/2025\\\/10\\\/2PA60904-1.jpg\",\"width\":1600,\"height\":1600},{\"@type\":\"BreadcrumbList\",\"@id\":\"https:\\\/\\\/perle-in.com\\\/produit\\\/bague-connectee-prixton-orbyt-2\\\/#breadcrumb\",\"itemListElement\":[{\"@type\":\"ListItem\",\"position\":1,\"name\":\"Accueil\",\"item\":\"https:\\\/\\\/perle-in.com\\\/\"},{\"@type\":\"ListItem\",\"position\":2,\"name\":\"Boutique\",\"item\":\"https:\\\/\\\/perle-in.com\\\/boutique\\\/\"},{\"@type\":\"ListItem\",\"position\":3,\"name\":\"Bague connect\u00e9e Prixton Orbyt\"}]},{\"@type\":\"WebSite\",\"@id\":\"https:\\\/\\\/perle-in.com\\\/#website\",\"url\":\"https:\\\/\\\/perle-in.com\\\/\",\"name\":\"PERLE IN\",\"description\":\"\",\"publisher\":{\"@id\":\"https:\\\/\\\/perle-in.com\\\/#organization\"},\"potentialAction\":[{\"@type\":\"SearchAction\",\"target\":{\"@type\":\"EntryPoint\",\"urlTemplate\":\"https:\\\/\\\/perle-in.com\\\/?s={search_term_string}\"},\"query-input\":{\"@type\":\"PropertyValueSpecification\",\"valueRequired\":true,\"valueName\":\"search_term_string\"}}],\"inLanguage\":\"en-CA\"},{\"@type\":\"Organization\",\"@id\":\"https:\\\/\\\/perle-in.com\\\/#organization\",\"name\":\"PERLE IN\",\"url\":\"https:\\\/\\\/perle-in.com\\\/\",\"logo\":{\"@type\":\"ImageObject\",\"inLanguage\":\"en-CA\",\"@id\":\"https:\\\/\\\/perle-in.com\\\/#\\\/schema\\\/logo\\\/image\\\/\",\"url\":\"https:\\\/\\\/perle-in.com\\\/wp-content\\\/uploads\\\/2022\\\/12\\\/LOGO-PERLE-IN-COULEUR@3x.webp\",\"contentUrl\":\"https:\\\/\\\/perle-in.com\\\/wp-content\\\/uploads\\\/2022\\\/12\\\/LOGO-PERLE-IN-COULEUR@3x.webp\",\"width\":1600,\"height\":490,\"caption\":\"PERLE IN\"},\"image\":{\"@id\":\"https:\\\/\\\/perle-in.com\\\/#\\\/schema\\\/logo\\\/image\\\/\"}}]}<\/script>\n<!-- \/ Yoast SEO plugin. -->","yoast_head_json":{"title":"Bague connect\u00e9e Prixton Orbyt - PERLE IN","robots":{"index":"noindex","follow":"follow","max-snippet":"max-snippet:-1","max-image-preview":"max-image-preview:large","max-video-preview":"max-video-preview:-1"},"og_locale":"en_US","og_type":"article","og_title":"Bague connect\u00e9e Prixton Orbyt - PERLE IN","og_description":"La bague connect\u00e9e Orbyt fournit des informations d\u00e9taill\u00e9es sur votre activit\u00e9 physique quotidienne et vos param\u00e8tres de sant\u00e9, notamment votre fr\u00e9quence cardiaque et votre taux d\u2019oxyg\u00e8ne dans le sang. Elle vous aide \u00e9galement \u00e0 surveiller la qualit\u00e9 de votre sommeil et votre niveau de stress, procurant ainsi une vue d\u2019ensemble de votre bien-\u00eatre g\u00e9n\u00e9ral. Avec plus de 100\u00a0sports pr\u00e9enregistr\u00e9s, elle permet un suivi pr\u00e9cis lors de diverses activit\u00e9s. Son indice de protection de 5\u00a0ATM permet une utilisation pour la natation, pour un programme de remise en forme polyvalent. Fabriqu\u00e9e en alliage d\u2019aluminium durable, la bague est disponible en trois\u00a0tailles pour un ajustement confortable. L\u2019\u00e9tui de charge magn\u00e9tique permet de recharger compl\u00e8tement la bague en seulement 1\u00a0heure et demie, pour 15\u00a0jours d\u2019autonomie en veille ou jusqu\u2019\u00e0 7\u00a0jours d\u2019utilisation continue. Taille de la bague\u00a0: 8-18,3\u00a0mm\/9-19,1\u00a0mm\/11-20,8\u00a0mm.","og_url":"https:\/\/perle-in.com\/en\/product\/bague-connectee-prixton-orbyt-2\/","og_site_name":"PERLE IN","article_modified_time":"2025-10-16T06:53:19+00:00","og_image":[{"width":1600,"height":1600,"url":"https:\/\/perle-in.com\/wp-content\/uploads\/2025\/10\/2PA60904-1.jpg","type":"image\/jpeg"}],"twitter_card":"summary_large_image","schema":{"@context":"https:\/\/schema.org","@graph":[{"@type":"WebPage","@id":"https:\/\/perle-in.com\/produit\/bague-connectee-prixton-orbyt-2\/","url":"https:\/\/perle-in.com\/produit\/bague-connectee-prixton-orbyt-2\/","name":"Bague connect\u00e9e Prixton Orbyt - PERLE IN","isPartOf":{"@id":"https:\/\/perle-in.com\/#website"},"primaryImageOfPage":{"@id":"https:\/\/perle-in.com\/produit\/bague-connectee-prixton-orbyt-2\/#primaryimage"},"image":{"@id":"https:\/\/perle-in.com\/produit\/bague-connectee-prixton-orbyt-2\/#primaryimage"},"thumbnailUrl":"https:\/\/perle-in.com\/wp-content\/uploads\/2025\/10\/2PA60904-1.jpg","datePublished":"2025-10-16T06:53:16+00:00","dateModified":"2025-10-16T06:53:19+00:00","breadcrumb":{"@id":"https:\/\/perle-in.com\/produit\/bague-connectee-prixton-orbyt-2\/#breadcrumb"},"inLanguage":"en-CA","potentialAction":[{"@type":"ReadAction","target":["https:\/\/perle-in.com\/produit\/bague-connectee-prixton-orbyt-2\/"]}]},{"@type":"ImageObject","inLanguage":"en-CA","@id":"https:\/\/perle-in.com\/produit\/bague-connectee-prixton-orbyt-2\/#primaryimage","url":"https:\/\/perle-in.com\/wp-content\/uploads\/2025\/10\/2PA60904-1.jpg","contentUrl":"https:\/\/perle-in.com\/wp-content\/uploads\/2025\/10\/2PA60904-1.jpg","width":1600,"height":1600},{"@type":"BreadcrumbList","@id":"https:\/\/perle-in.com\/produit\/bague-connectee-prixton-orbyt-2\/#breadcrumb","itemListElement":[{"@type":"ListItem","position":1,"name":"Accueil","item":"https:\/\/perle-in.com\/"},{"@type":"ListItem","position":2,"name":"Boutique","item":"https:\/\/perle-in.com\/boutique\/"},{"@type":"ListItem","position":3,"name":"Bague connect\u00e9e Prixton Orbyt"}]},{"@type":"WebSite","@id":"https:\/\/perle-in.com\/#website","url":"https:\/\/perle-in.com\/","name":"PERLE IN","description":"","publisher":{"@id":"https:\/\/perle-in.com\/#organization"},"potentialAction":[{"@type":"SearchAction","target":{"@type":"EntryPoint","urlTemplate":"https:\/\/perle-in.com\/?s={search_term_string}"},"query-input":{"@type":"PropertyValueSpecification","valueRequired":true,"valueName":"search_term_string"}}],"inLanguage":"en-CA"},{"@type":"Organization","@id":"https:\/\/perle-in.com\/#organization","name":"PERLE IN","url":"https:\/\/perle-in.com\/","logo":{"@type":"ImageObject","inLanguage":"en-CA","@id":"https:\/\/perle-in.com\/#\/schema\/logo\/image\/","url":"https:\/\/perle-in.com\/wp-content\/uploads\/2022\/12\/LOGO-PERLE-IN-COULEUR@3x.webp","contentUrl":"https:\/\/perle-in.com\/wp-content\/uploads\/2022\/12\/LOGO-PERLE-IN-COULEUR@3x.webp","width":1600,"height":490,"caption":"PERLE IN"},"image":{"@id":"https:\/\/perle-in.com\/#\/schema\/logo\/image\/"}}]}},"jetpack_sharing_enabled":true,"_links":{"self":[{"href":"https:\/\/perle-in.com\/en\/wp-json\/wp\/v2\/product\/577848","targetHints":{"allow":["GET"]}}],"collection":[{"href":"https:\/\/perle-in.com\/en\/wp-json\/wp\/v2\/product"}],"about":[{"href":"https:\/\/perle-in.com\/en\/wp-json\/wp\/v2\/types\/product"}],"version-history":[{"count":0,"href":"https:\/\/perle-in.com\/en\/wp-json\/wp\/v2\/product\/577848\/revisions"}],"wp:featuredmedia":[{"embeddable":true,"href":"https:\/\/perle-in.com\/en\/wp-json\/wp\/v2\/media\/577840"}],"wp:attachment":[{"href":"https:\/\/perle-in.com\/en\/wp-json\/wp\/v2\/media?parent=577848"}],"wp:term":[{"taxonomy":"product_brand","embeddable":true,"href":"https:\/\/perle-in.com\/en\/wp-json\/wp\/v2\/product_brand?post=577848"},{"taxonomy":"product_cat","embeddable":true,"href":"https:\/\/perle-in.com\/en\/wp-json\/wp\/v2\/product_cat?post=577848"},{"taxonomy":"product_tag","embeddable":true,"href":"https:\/\/perle-in.com\/en\/wp-json\/wp\/v2\/product_tag?post=577848"}],"curies":[{"name":"wp","href":"https:\/\/api.w.org\/{rel}","templated":true}]}}