{"id":577837,"date":"2025-10-16T08:52:07","date_gmt":"2025-10-16T06:52:07","guid":{"rendered":"https:\/\/perle-in.com\/produit\/prixton-lumiere-projector-2\/"},"modified":"2025-10-16T08:52:09","modified_gmt":"2025-10-16T06:52:09","slug":"prixton-lumiere-projector-2","status":"publish","type":"product","link":"https:\/\/perle-in.com\/en\/product\/prixton-lumiere-projector-2\/","title":{"rendered":"Prixton Lumi\u00e8re projector"},"content":{"rendered":"","protected":false},"excerpt":{"rendered":"<p>Le projecteur lit les films avec une qualit\u00e9 d&#8217;image maximale. Prise en charge de 1080P FULL HD, 1080i, 720p, 5761, 480p et 480i via HDMI. Syst\u00e8me de correction d&#8217;image verticale de +\/- 15 degr\u00e9s. T\u00e9l\u00e9commande et 2 haut-parleurs inclus. Il projette des vid\u00e9os, de l&#8217;audio, des photos et du texte. r\u00e9solution r\u00e9elle de 1280 x 720. lampe avec une puissance jusqu&#8217;\u00e0 5 000 lumens. LED blanche avec 100 lumens ANSI. Contraste 500: 1. distance de projection jusqu&#8217;\u00e0 5 m\u00e8tres. Connexion directe de tous types de lecteurs via HDMI. Entr\u00e9e: VGA, 2xHDMI, USB2.0, MicroSD, Aux in et AV IN.<\/p>","protected":false},"featured_media":577831,"template":"","meta":{"_eb_attr":""},"product_brand":[],"product_cat":[782,667],"product_tag":[2805,857,1139,783,854,874,3212],"class_list":{"0":"post-577837","1":"product","2":"type-product","3":"status-publish","4":"has-post-thumbnail","6":"product_cat-gadgets","7":"product_cat-technologie","8":"product_tag-audio","9":"product_tag-films","10":"product_tag-photo","11":"product_tag-prixton","12":"product_tag-projecteur","13":"product_tag-tv","14":"product_tag-videos","15":"pa_couleurs-blanc","16":"pa_couleurs-noir","18":"first","19":"instock","20":"shipping-taxable","21":"purchasable","22":"product-type-variable"},"yoast_head":"<!-- This site is optimized with the Yoast SEO plugin v27.4 - https:\/\/yoast.com\/product\/yoast-seo-wordpress\/ -->\n<title>Prixton Lumi\u00e8re projector - PERLE IN<\/title>\n<meta name=\"robots\" content=\"noindex, follow, max-snippet:-1, max-image-preview:large, max-video-preview:-1\" \/>\n<meta property=\"og:locale\" content=\"en_US\" \/>\n<meta property=\"og:type\" content=\"article\" \/>\n<meta property=\"og:title\" content=\"Prixton Lumi\u00e8re projector - PERLE IN\" \/>\n<meta property=\"og:description\" content=\"Le projecteur lit les films avec une qualit\u00e9 d&#039;image maximale. Prise en charge de 1080P FULL HD, 1080i, 720p, 5761, 480p et 480i via HDMI. Syst\u00e8me de correction d&#039;image verticale de +\/- 15 degr\u00e9s. T\u00e9l\u00e9commande et 2 haut-parleurs inclus. Il projette des vid\u00e9os, de l&#039;audio, des photos et du texte. r\u00e9solution r\u00e9elle de 1280 x 720. lampe avec une puissance jusqu&#039;\u00e0 5 000 lumens. LED blanche avec 100 lumens ANSI. Contraste 500: 1. distance de projection jusqu&#039;\u00e0 5 m\u00e8tres. Connexion directe de tous types de lecteurs via HDMI. Entr\u00e9e: VGA, 2xHDMI, USB2.0, MicroSD, Aux in et AV IN.\" \/>\n<meta property=\"og:url\" content=\"https:\/\/perle-in.com\/en\/product\/prixton-lumiere-projector-2\/\" \/>\n<meta property=\"og:site_name\" content=\"PERLE IN\" \/>\n<meta property=\"article:modified_time\" content=\"2025-10-16T06:52:09+00:00\" \/>\n<meta property=\"og:image\" content=\"https:\/\/perle-in.com\/wp-content\/uploads\/2025\/10\/2PA06901-1.jpg\" \/>\n\t<meta property=\"og:image:width\" content=\"1600\" \/>\n\t<meta property=\"og:image:height\" content=\"1600\" \/>\n\t<meta property=\"og:image:type\" content=\"image\/jpeg\" \/>\n<meta name=\"twitter:card\" content=\"summary_large_image\" \/>\n<script type=\"application\/ld+json\" class=\"yoast-schema-graph\">{\"@context\":\"https:\\\/\\\/schema.org\",\"@graph\":[{\"@type\":\"WebPage\",\"@id\":\"https:\\\/\\\/perle-in.com\\\/produit\\\/prixton-lumiere-projector-2\\\/\",\"url\":\"https:\\\/\\\/perle-in.com\\\/produit\\\/prixton-lumiere-projector-2\\\/\",\"name\":\"Prixton Lumi\u00e8re projector - PERLE IN\",\"isPartOf\":{\"@id\":\"https:\\\/\\\/perle-in.com\\\/#website\"},\"primaryImageOfPage\":{\"@id\":\"https:\\\/\\\/perle-in.com\\\/produit\\\/prixton-lumiere-projector-2\\\/#primaryimage\"},\"image\":{\"@id\":\"https:\\\/\\\/perle-in.com\\\/produit\\\/prixton-lumiere-projector-2\\\/#primaryimage\"},\"thumbnailUrl\":\"https:\\\/\\\/perle-in.com\\\/wp-content\\\/uploads\\\/2025\\\/10\\\/2PA06901-1.jpg\",\"datePublished\":\"2025-10-16T06:52:07+00:00\",\"dateModified\":\"2025-10-16T06:52:09+00:00\",\"breadcrumb\":{\"@id\":\"https:\\\/\\\/perle-in.com\\\/produit\\\/prixton-lumiere-projector-2\\\/#breadcrumb\"},\"inLanguage\":\"en-CA\",\"potentialAction\":[{\"@type\":\"ReadAction\",\"target\":[\"https:\\\/\\\/perle-in.com\\\/produit\\\/prixton-lumiere-projector-2\\\/\"]}]},{\"@type\":\"ImageObject\",\"inLanguage\":\"en-CA\",\"@id\":\"https:\\\/\\\/perle-in.com\\\/produit\\\/prixton-lumiere-projector-2\\\/#primaryimage\",\"url\":\"https:\\\/\\\/perle-in.com\\\/wp-content\\\/uploads\\\/2025\\\/10\\\/2PA06901-1.jpg\",\"contentUrl\":\"https:\\\/\\\/perle-in.com\\\/wp-content\\\/uploads\\\/2025\\\/10\\\/2PA06901-1.jpg\",\"width\":1600,\"height\":1600},{\"@type\":\"BreadcrumbList\",\"@id\":\"https:\\\/\\\/perle-in.com\\\/produit\\\/prixton-lumiere-projector-2\\\/#breadcrumb\",\"itemListElement\":[{\"@type\":\"ListItem\",\"position\":1,\"name\":\"Accueil\",\"item\":\"https:\\\/\\\/perle-in.com\\\/\"},{\"@type\":\"ListItem\",\"position\":2,\"name\":\"Boutique\",\"item\":\"https:\\\/\\\/perle-in.com\\\/boutique\\\/\"},{\"@type\":\"ListItem\",\"position\":3,\"name\":\"Prixton Lumi\u00e8re projector\"}]},{\"@type\":\"WebSite\",\"@id\":\"https:\\\/\\\/perle-in.com\\\/#website\",\"url\":\"https:\\\/\\\/perle-in.com\\\/\",\"name\":\"PERLE IN\",\"description\":\"\",\"publisher\":{\"@id\":\"https:\\\/\\\/perle-in.com\\\/#organization\"},\"potentialAction\":[{\"@type\":\"SearchAction\",\"target\":{\"@type\":\"EntryPoint\",\"urlTemplate\":\"https:\\\/\\\/perle-in.com\\\/?s={search_term_string}\"},\"query-input\":{\"@type\":\"PropertyValueSpecification\",\"valueRequired\":true,\"valueName\":\"search_term_string\"}}],\"inLanguage\":\"en-CA\"},{\"@type\":\"Organization\",\"@id\":\"https:\\\/\\\/perle-in.com\\\/#organization\",\"name\":\"PERLE IN\",\"url\":\"https:\\\/\\\/perle-in.com\\\/\",\"logo\":{\"@type\":\"ImageObject\",\"inLanguage\":\"en-CA\",\"@id\":\"https:\\\/\\\/perle-in.com\\\/#\\\/schema\\\/logo\\\/image\\\/\",\"url\":\"https:\\\/\\\/perle-in.com\\\/wp-content\\\/uploads\\\/2022\\\/12\\\/LOGO-PERLE-IN-COULEUR@3x.webp\",\"contentUrl\":\"https:\\\/\\\/perle-in.com\\\/wp-content\\\/uploads\\\/2022\\\/12\\\/LOGO-PERLE-IN-COULEUR@3x.webp\",\"width\":1600,\"height\":490,\"caption\":\"PERLE IN\"},\"image\":{\"@id\":\"https:\\\/\\\/perle-in.com\\\/#\\\/schema\\\/logo\\\/image\\\/\"}}]}<\/script>\n<!-- \/ Yoast SEO plugin. -->","yoast_head_json":{"title":"Prixton Lumi\u00e8re projector - PERLE IN","robots":{"index":"noindex","follow":"follow","max-snippet":"max-snippet:-1","max-image-preview":"max-image-preview:large","max-video-preview":"max-video-preview:-1"},"og_locale":"en_US","og_type":"article","og_title":"Prixton Lumi\u00e8re projector - PERLE IN","og_description":"Le projecteur lit les films avec une qualit\u00e9 d'image maximale. Prise en charge de 1080P FULL HD, 1080i, 720p, 5761, 480p et 480i via HDMI. Syst\u00e8me de correction d'image verticale de +\/- 15 degr\u00e9s. T\u00e9l\u00e9commande et 2 haut-parleurs inclus. Il projette des vid\u00e9os, de l'audio, des photos et du texte. r\u00e9solution r\u00e9elle de 1280 x 720. lampe avec une puissance jusqu'\u00e0 5 000 lumens. LED blanche avec 100 lumens ANSI. Contraste 500: 1. distance de projection jusqu'\u00e0 5 m\u00e8tres. Connexion directe de tous types de lecteurs via HDMI. Entr\u00e9e: VGA, 2xHDMI, USB2.0, MicroSD, Aux in et AV IN.","og_url":"https:\/\/perle-in.com\/en\/product\/prixton-lumiere-projector-2\/","og_site_name":"PERLE IN","article_modified_time":"2025-10-16T06:52:09+00:00","og_image":[{"width":1600,"height":1600,"url":"https:\/\/perle-in.com\/wp-content\/uploads\/2025\/10\/2PA06901-1.jpg","type":"image\/jpeg"}],"twitter_card":"summary_large_image","schema":{"@context":"https:\/\/schema.org","@graph":[{"@type":"WebPage","@id":"https:\/\/perle-in.com\/produit\/prixton-lumiere-projector-2\/","url":"https:\/\/perle-in.com\/produit\/prixton-lumiere-projector-2\/","name":"Prixton Lumi\u00e8re projector - PERLE IN","isPartOf":{"@id":"https:\/\/perle-in.com\/#website"},"primaryImageOfPage":{"@id":"https:\/\/perle-in.com\/produit\/prixton-lumiere-projector-2\/#primaryimage"},"image":{"@id":"https:\/\/perle-in.com\/produit\/prixton-lumiere-projector-2\/#primaryimage"},"thumbnailUrl":"https:\/\/perle-in.com\/wp-content\/uploads\/2025\/10\/2PA06901-1.jpg","datePublished":"2025-10-16T06:52:07+00:00","dateModified":"2025-10-16T06:52:09+00:00","breadcrumb":{"@id":"https:\/\/perle-in.com\/produit\/prixton-lumiere-projector-2\/#breadcrumb"},"inLanguage":"en-CA","potentialAction":[{"@type":"ReadAction","target":["https:\/\/perle-in.com\/produit\/prixton-lumiere-projector-2\/"]}]},{"@type":"ImageObject","inLanguage":"en-CA","@id":"https:\/\/perle-in.com\/produit\/prixton-lumiere-projector-2\/#primaryimage","url":"https:\/\/perle-in.com\/wp-content\/uploads\/2025\/10\/2PA06901-1.jpg","contentUrl":"https:\/\/perle-in.com\/wp-content\/uploads\/2025\/10\/2PA06901-1.jpg","width":1600,"height":1600},{"@type":"BreadcrumbList","@id":"https:\/\/perle-in.com\/produit\/prixton-lumiere-projector-2\/#breadcrumb","itemListElement":[{"@type":"ListItem","position":1,"name":"Accueil","item":"https:\/\/perle-in.com\/"},{"@type":"ListItem","position":2,"name":"Boutique","item":"https:\/\/perle-in.com\/boutique\/"},{"@type":"ListItem","position":3,"name":"Prixton Lumi\u00e8re projector"}]},{"@type":"WebSite","@id":"https:\/\/perle-in.com\/#website","url":"https:\/\/perle-in.com\/","name":"PERLE IN","description":"","publisher":{"@id":"https:\/\/perle-in.com\/#organization"},"potentialAction":[{"@type":"SearchAction","target":{"@type":"EntryPoint","urlTemplate":"https:\/\/perle-in.com\/?s={search_term_string}"},"query-input":{"@type":"PropertyValueSpecification","valueRequired":true,"valueName":"search_term_string"}}],"inLanguage":"en-CA"},{"@type":"Organization","@id":"https:\/\/perle-in.com\/#organization","name":"PERLE IN","url":"https:\/\/perle-in.com\/","logo":{"@type":"ImageObject","inLanguage":"en-CA","@id":"https:\/\/perle-in.com\/#\/schema\/logo\/image\/","url":"https:\/\/perle-in.com\/wp-content\/uploads\/2022\/12\/LOGO-PERLE-IN-COULEUR@3x.webp","contentUrl":"https:\/\/perle-in.com\/wp-content\/uploads\/2022\/12\/LOGO-PERLE-IN-COULEUR@3x.webp","width":1600,"height":490,"caption":"PERLE IN"},"image":{"@id":"https:\/\/perle-in.com\/#\/schema\/logo\/image\/"}}]}},"jetpack_sharing_enabled":true,"_links":{"self":[{"href":"https:\/\/perle-in.com\/en\/wp-json\/wp\/v2\/product\/577837","targetHints":{"allow":["GET"]}}],"collection":[{"href":"https:\/\/perle-in.com\/en\/wp-json\/wp\/v2\/product"}],"about":[{"href":"https:\/\/perle-in.com\/en\/wp-json\/wp\/v2\/types\/product"}],"version-history":[{"count":0,"href":"https:\/\/perle-in.com\/en\/wp-json\/wp\/v2\/product\/577837\/revisions"}],"wp:featuredmedia":[{"embeddable":true,"href":"https:\/\/perle-in.com\/en\/wp-json\/wp\/v2\/media\/577831"}],"wp:attachment":[{"href":"https:\/\/perle-in.com\/en\/wp-json\/wp\/v2\/media?parent=577837"}],"wp:term":[{"taxonomy":"product_brand","embeddable":true,"href":"https:\/\/perle-in.com\/en\/wp-json\/wp\/v2\/product_brand?post=577837"},{"taxonomy":"product_cat","embeddable":true,"href":"https:\/\/perle-in.com\/en\/wp-json\/wp\/v2\/product_cat?post=577837"},{"taxonomy":"product_tag","embeddable":true,"href":"https:\/\/perle-in.com\/en\/wp-json\/wp\/v2\/product_tag?post=577837"}],"curies":[{"name":"wp","href":"https:\/\/api.w.org\/{rel}","templated":true}]}}