{"id":577811,"date":"2025-10-16T08:48:11","date_gmt":"2025-10-16T06:48:11","guid":{"rendered":"https:\/\/perle-in.com\/produit\/ecouteurs-prixton-tws163-2\/"},"modified":"2025-10-16T08:48:13","modified_gmt":"2025-10-16T06:48:13","slug":"ecouteurs-prixton-tws163-2","status":"publish","type":"product","link":"https:\/\/perle-in.com\/en\/product\/ecouteurs-prixton-tws163-2\/","title":{"rendered":"\u00c9couteurs Prixton TWS163"},"content":{"rendered":"","protected":false},"excerpt":{"rendered":"<p>\u00c9couteurs sans fil dot\u00e9es de la technologie ENC qui \u00e9limine les bruits ext\u00e9rieurs. Les \u00e9couteurs ont une autonomie de 6\u00a0heures et sont dot\u00e9s d&#8217;une fonction de mise en marche automatique qui les active d\u00e8s qu&#8217;ils sortent de l&#8217;\u00e9tui. En outre, la base de chargement est compatible avec les chargeurs sans fil. Les \u00e9couteurs se rechargent compl\u00e8tement en 1\u00a0heure et permettent une connexion Bluetooth\u00ae 5.0 jusqu&#8217;\u00e0 10\u00a0m\u00e8tres.<\/p>","protected":false},"featured_media":577805,"template":"","meta":{"_eb_attr":""},"product_brand":[],"product_cat":[1132,667],"product_tag":[826,822,783],"class_list":{"0":"post-577811","1":"product","2":"type-product","3":"status-publish","4":"has-post-thumbnail","6":"product_cat-ecouteurs","7":"product_cat-technologie","8":"product_tag-ecouteurs","9":"product_tag-musique","10":"product_tag-prixton","11":"pa_couleurs-bois","13":"first","14":"instock","15":"shipping-taxable","16":"purchasable","17":"product-type-variable"},"yoast_head":"<!-- This site is optimized with the Yoast SEO plugin v27.4 - https:\/\/yoast.com\/product\/yoast-seo-wordpress\/ -->\n<title>\u00c9couteurs Prixton TWS163 - PERLE IN<\/title>\n<meta name=\"robots\" content=\"noindex, follow, max-snippet:-1, max-image-preview:large, max-video-preview:-1\" \/>\n<meta property=\"og:locale\" content=\"en_US\" \/>\n<meta property=\"og:type\" content=\"article\" \/>\n<meta property=\"og:title\" content=\"\u00c9couteurs Prixton TWS163 - PERLE IN\" \/>\n<meta property=\"og:description\" content=\"\u00c9couteurs sans fil dot\u00e9es de la technologie ENC qui \u00e9limine les bruits ext\u00e9rieurs. Les \u00e9couteurs ont une autonomie de 6\u00a0heures et sont dot\u00e9s d&#039;une fonction de mise en marche automatique qui les active d\u00e8s qu&#039;ils sortent de l&#039;\u00e9tui. En outre, la base de chargement est compatible avec les chargeurs sans fil. Les \u00e9couteurs se rechargent compl\u00e8tement en 1\u00a0heure et permettent une connexion Bluetooth\u00ae 5.0 jusqu&#039;\u00e0 10\u00a0m\u00e8tres.\" \/>\n<meta property=\"og:url\" content=\"https:\/\/perle-in.com\/en\/product\/ecouteurs-prixton-tws163-2\/\" \/>\n<meta property=\"og:site_name\" content=\"PERLE IN\" \/>\n<meta property=\"article:modified_time\" content=\"2025-10-16T06:48:13+00:00\" \/>\n<meta property=\"og:image\" content=\"https:\/\/perle-in.com\/wp-content\/uploads\/2025\/10\/2PA18571-1.jpg\" \/>\n\t<meta property=\"og:image:width\" content=\"1600\" \/>\n\t<meta property=\"og:image:height\" content=\"1600\" \/>\n\t<meta property=\"og:image:type\" content=\"image\/jpeg\" \/>\n<meta name=\"twitter:card\" content=\"summary_large_image\" \/>\n<script type=\"application\/ld+json\" class=\"yoast-schema-graph\">{\"@context\":\"https:\\\/\\\/schema.org\",\"@graph\":[{\"@type\":\"WebPage\",\"@id\":\"https:\\\/\\\/perle-in.com\\\/produit\\\/ecouteurs-prixton-tws163-2\\\/\",\"url\":\"https:\\\/\\\/perle-in.com\\\/produit\\\/ecouteurs-prixton-tws163-2\\\/\",\"name\":\"\u00c9couteurs Prixton TWS163 - PERLE IN\",\"isPartOf\":{\"@id\":\"https:\\\/\\\/perle-in.com\\\/#website\"},\"primaryImageOfPage\":{\"@id\":\"https:\\\/\\\/perle-in.com\\\/produit\\\/ecouteurs-prixton-tws163-2\\\/#primaryimage\"},\"image\":{\"@id\":\"https:\\\/\\\/perle-in.com\\\/produit\\\/ecouteurs-prixton-tws163-2\\\/#primaryimage\"},\"thumbnailUrl\":\"https:\\\/\\\/perle-in.com\\\/wp-content\\\/uploads\\\/2025\\\/10\\\/2PA18571-1.jpg\",\"datePublished\":\"2025-10-16T06:48:11+00:00\",\"dateModified\":\"2025-10-16T06:48:13+00:00\",\"breadcrumb\":{\"@id\":\"https:\\\/\\\/perle-in.com\\\/produit\\\/ecouteurs-prixton-tws163-2\\\/#breadcrumb\"},\"inLanguage\":\"en-CA\",\"potentialAction\":[{\"@type\":\"ReadAction\",\"target\":[\"https:\\\/\\\/perle-in.com\\\/produit\\\/ecouteurs-prixton-tws163-2\\\/\"]}]},{\"@type\":\"ImageObject\",\"inLanguage\":\"en-CA\",\"@id\":\"https:\\\/\\\/perle-in.com\\\/produit\\\/ecouteurs-prixton-tws163-2\\\/#primaryimage\",\"url\":\"https:\\\/\\\/perle-in.com\\\/wp-content\\\/uploads\\\/2025\\\/10\\\/2PA18571-1.jpg\",\"contentUrl\":\"https:\\\/\\\/perle-in.com\\\/wp-content\\\/uploads\\\/2025\\\/10\\\/2PA18571-1.jpg\",\"width\":1600,\"height\":1600},{\"@type\":\"BreadcrumbList\",\"@id\":\"https:\\\/\\\/perle-in.com\\\/produit\\\/ecouteurs-prixton-tws163-2\\\/#breadcrumb\",\"itemListElement\":[{\"@type\":\"ListItem\",\"position\":1,\"name\":\"Accueil\",\"item\":\"https:\\\/\\\/perle-in.com\\\/\"},{\"@type\":\"ListItem\",\"position\":2,\"name\":\"Boutique\",\"item\":\"https:\\\/\\\/perle-in.com\\\/boutique\\\/\"},{\"@type\":\"ListItem\",\"position\":3,\"name\":\"\u00c9couteurs Prixton TWS163\"}]},{\"@type\":\"WebSite\",\"@id\":\"https:\\\/\\\/perle-in.com\\\/#website\",\"url\":\"https:\\\/\\\/perle-in.com\\\/\",\"name\":\"PERLE IN\",\"description\":\"\",\"publisher\":{\"@id\":\"https:\\\/\\\/perle-in.com\\\/#organization\"},\"potentialAction\":[{\"@type\":\"SearchAction\",\"target\":{\"@type\":\"EntryPoint\",\"urlTemplate\":\"https:\\\/\\\/perle-in.com\\\/?s={search_term_string}\"},\"query-input\":{\"@type\":\"PropertyValueSpecification\",\"valueRequired\":true,\"valueName\":\"search_term_string\"}}],\"inLanguage\":\"en-CA\"},{\"@type\":\"Organization\",\"@id\":\"https:\\\/\\\/perle-in.com\\\/#organization\",\"name\":\"PERLE IN\",\"url\":\"https:\\\/\\\/perle-in.com\\\/\",\"logo\":{\"@type\":\"ImageObject\",\"inLanguage\":\"en-CA\",\"@id\":\"https:\\\/\\\/perle-in.com\\\/#\\\/schema\\\/logo\\\/image\\\/\",\"url\":\"https:\\\/\\\/perle-in.com\\\/wp-content\\\/uploads\\\/2022\\\/12\\\/LOGO-PERLE-IN-COULEUR@3x.webp\",\"contentUrl\":\"https:\\\/\\\/perle-in.com\\\/wp-content\\\/uploads\\\/2022\\\/12\\\/LOGO-PERLE-IN-COULEUR@3x.webp\",\"width\":1600,\"height\":490,\"caption\":\"PERLE IN\"},\"image\":{\"@id\":\"https:\\\/\\\/perle-in.com\\\/#\\\/schema\\\/logo\\\/image\\\/\"}}]}<\/script>\n<!-- \/ Yoast SEO plugin. -->","yoast_head_json":{"title":"\u00c9couteurs Prixton TWS163 - PERLE IN","robots":{"index":"noindex","follow":"follow","max-snippet":"max-snippet:-1","max-image-preview":"max-image-preview:large","max-video-preview":"max-video-preview:-1"},"og_locale":"en_US","og_type":"article","og_title":"\u00c9couteurs Prixton TWS163 - PERLE IN","og_description":"\u00c9couteurs sans fil dot\u00e9es de la technologie ENC qui \u00e9limine les bruits ext\u00e9rieurs. Les \u00e9couteurs ont une autonomie de 6\u00a0heures et sont dot\u00e9s d'une fonction de mise en marche automatique qui les active d\u00e8s qu'ils sortent de l'\u00e9tui. En outre, la base de chargement est compatible avec les chargeurs sans fil. Les \u00e9couteurs se rechargent compl\u00e8tement en 1\u00a0heure et permettent une connexion Bluetooth\u00ae 5.0 jusqu'\u00e0 10\u00a0m\u00e8tres.","og_url":"https:\/\/perle-in.com\/en\/product\/ecouteurs-prixton-tws163-2\/","og_site_name":"PERLE IN","article_modified_time":"2025-10-16T06:48:13+00:00","og_image":[{"width":1600,"height":1600,"url":"https:\/\/perle-in.com\/wp-content\/uploads\/2025\/10\/2PA18571-1.jpg","type":"image\/jpeg"}],"twitter_card":"summary_large_image","schema":{"@context":"https:\/\/schema.org","@graph":[{"@type":"WebPage","@id":"https:\/\/perle-in.com\/produit\/ecouteurs-prixton-tws163-2\/","url":"https:\/\/perle-in.com\/produit\/ecouteurs-prixton-tws163-2\/","name":"\u00c9couteurs Prixton TWS163 - PERLE IN","isPartOf":{"@id":"https:\/\/perle-in.com\/#website"},"primaryImageOfPage":{"@id":"https:\/\/perle-in.com\/produit\/ecouteurs-prixton-tws163-2\/#primaryimage"},"image":{"@id":"https:\/\/perle-in.com\/produit\/ecouteurs-prixton-tws163-2\/#primaryimage"},"thumbnailUrl":"https:\/\/perle-in.com\/wp-content\/uploads\/2025\/10\/2PA18571-1.jpg","datePublished":"2025-10-16T06:48:11+00:00","dateModified":"2025-10-16T06:48:13+00:00","breadcrumb":{"@id":"https:\/\/perle-in.com\/produit\/ecouteurs-prixton-tws163-2\/#breadcrumb"},"inLanguage":"en-CA","potentialAction":[{"@type":"ReadAction","target":["https:\/\/perle-in.com\/produit\/ecouteurs-prixton-tws163-2\/"]}]},{"@type":"ImageObject","inLanguage":"en-CA","@id":"https:\/\/perle-in.com\/produit\/ecouteurs-prixton-tws163-2\/#primaryimage","url":"https:\/\/perle-in.com\/wp-content\/uploads\/2025\/10\/2PA18571-1.jpg","contentUrl":"https:\/\/perle-in.com\/wp-content\/uploads\/2025\/10\/2PA18571-1.jpg","width":1600,"height":1600},{"@type":"BreadcrumbList","@id":"https:\/\/perle-in.com\/produit\/ecouteurs-prixton-tws163-2\/#breadcrumb","itemListElement":[{"@type":"ListItem","position":1,"name":"Accueil","item":"https:\/\/perle-in.com\/"},{"@type":"ListItem","position":2,"name":"Boutique","item":"https:\/\/perle-in.com\/boutique\/"},{"@type":"ListItem","position":3,"name":"\u00c9couteurs Prixton TWS163"}]},{"@type":"WebSite","@id":"https:\/\/perle-in.com\/#website","url":"https:\/\/perle-in.com\/","name":"PERLE IN","description":"","publisher":{"@id":"https:\/\/perle-in.com\/#organization"},"potentialAction":[{"@type":"SearchAction","target":{"@type":"EntryPoint","urlTemplate":"https:\/\/perle-in.com\/?s={search_term_string}"},"query-input":{"@type":"PropertyValueSpecification","valueRequired":true,"valueName":"search_term_string"}}],"inLanguage":"en-CA"},{"@type":"Organization","@id":"https:\/\/perle-in.com\/#organization","name":"PERLE IN","url":"https:\/\/perle-in.com\/","logo":{"@type":"ImageObject","inLanguage":"en-CA","@id":"https:\/\/perle-in.com\/#\/schema\/logo\/image\/","url":"https:\/\/perle-in.com\/wp-content\/uploads\/2022\/12\/LOGO-PERLE-IN-COULEUR@3x.webp","contentUrl":"https:\/\/perle-in.com\/wp-content\/uploads\/2022\/12\/LOGO-PERLE-IN-COULEUR@3x.webp","width":1600,"height":490,"caption":"PERLE IN"},"image":{"@id":"https:\/\/perle-in.com\/#\/schema\/logo\/image\/"}}]}},"jetpack_sharing_enabled":true,"_links":{"self":[{"href":"https:\/\/perle-in.com\/en\/wp-json\/wp\/v2\/product\/577811","targetHints":{"allow":["GET"]}}],"collection":[{"href":"https:\/\/perle-in.com\/en\/wp-json\/wp\/v2\/product"}],"about":[{"href":"https:\/\/perle-in.com\/en\/wp-json\/wp\/v2\/types\/product"}],"version-history":[{"count":0,"href":"https:\/\/perle-in.com\/en\/wp-json\/wp\/v2\/product\/577811\/revisions"}],"wp:featuredmedia":[{"embeddable":true,"href":"https:\/\/perle-in.com\/en\/wp-json\/wp\/v2\/media\/577805"}],"wp:attachment":[{"href":"https:\/\/perle-in.com\/en\/wp-json\/wp\/v2\/media?parent=577811"}],"wp:term":[{"taxonomy":"product_brand","embeddable":true,"href":"https:\/\/perle-in.com\/en\/wp-json\/wp\/v2\/product_brand?post=577811"},{"taxonomy":"product_cat","embeddable":true,"href":"https:\/\/perle-in.com\/en\/wp-json\/wp\/v2\/product_cat?post=577811"},{"taxonomy":"product_tag","embeddable":true,"href":"https:\/\/perle-in.com\/en\/wp-json\/wp\/v2\/product_tag?post=577811"}],"curies":[{"name":"wp","href":"https:\/\/api.w.org\/{rel}","templated":true}]}}