{"id":577793,"date":"2025-10-16T08:46:04","date_gmt":"2025-10-16T06:46:04","guid":{"rendered":"https:\/\/perle-in.com\/produit\/montre-intelligente-alexa-prixton-swb32-2\/"},"modified":"2025-10-16T08:46:05","modified_gmt":"2025-10-16T06:46:05","slug":"montre-intelligente-alexa-prixton-swb32-2","status":"publish","type":"product","link":"https:\/\/perle-in.com\/en\/product\/montre-intelligente-alexa-prixton-swb32-2\/","title":{"rendered":"Montre intelligente Alexa Prixton SWB32"},"content":{"rendered":"","protected":false},"excerpt":{"rendered":"<p>La montre connect\u00e9e Alexa SWB32 est dot\u00e9e d&#8217;un \u00e9cran AMOLED offrant une qualit\u00e9 de couleur exceptionnelle. Elle dispose d&#8217;une m\u00e9moire de 1\u00a0Go pour sauvegarder les itin\u00e9raires, la musique et d&#8217;autres donn\u00e9es. De plus, gr\u00e2ce \u00e0 la technologie TWS, elle peut \u00eatre connect\u00e9e directement \u00e0 des \u00e9couteurs ou des enceintes sans fil. La montre connect\u00e9e offre diff\u00e9rentes fonctions pour mesurer l&#8217;activit\u00e9 physique quotidienne et dispose d&#8217;un mode multisport qui mesure avec pr\u00e9cision jusqu&#8217;\u00e0 100\u00a0activit\u00e9s diff\u00e9rentes. L&#8217;assistant vocal Alexa est \u00e9galement int\u00e9gr\u00e9 et permet d&#8217;acc\u00e9der \u00e0 des informations et \u00e0 des fonctions de contr\u00f4le.<\/p>","protected":false},"featured_media":577786,"template":"","meta":{"_eb_attr":""},"product_brand":[],"product_cat":[1095,667],"product_tag":[1099,1098,1096,783],"class_list":{"0":"post-577793","1":"product","2":"type-product","3":"status-publish","4":"has-post-thumbnail","6":"product_cat-montres-connectees","7":"product_cat-technologie","8":"product_tag-horloge","9":"product_tag-montre","10":"product_tag-montre-connectee","11":"product_tag-prixton","12":"pa_couleurs-noir","14":"first","15":"instock","16":"shipping-taxable","17":"purchasable","18":"product-type-variable"},"yoast_head":"<!-- This site is optimized with the Yoast SEO plugin v27.4 - https:\/\/yoast.com\/product\/yoast-seo-wordpress\/ -->\n<title>Montre intelligente Alexa Prixton SWB32 - PERLE IN<\/title>\n<meta name=\"robots\" content=\"noindex, follow, max-snippet:-1, max-image-preview:large, max-video-preview:-1\" \/>\n<meta property=\"og:locale\" content=\"en_US\" \/>\n<meta property=\"og:type\" content=\"article\" \/>\n<meta property=\"og:title\" content=\"Montre intelligente Alexa Prixton SWB32 - PERLE IN\" \/>\n<meta property=\"og:description\" content=\"La montre connect\u00e9e Alexa SWB32 est dot\u00e9e d&#039;un \u00e9cran AMOLED offrant une qualit\u00e9 de couleur exceptionnelle. Elle dispose d&#039;une m\u00e9moire de 1\u00a0Go pour sauvegarder les itin\u00e9raires, la musique et d&#039;autres donn\u00e9es. De plus, gr\u00e2ce \u00e0 la technologie TWS, elle peut \u00eatre connect\u00e9e directement \u00e0 des \u00e9couteurs ou des enceintes sans fil. La montre connect\u00e9e offre diff\u00e9rentes fonctions pour mesurer l&#039;activit\u00e9 physique quotidienne et dispose d&#039;un mode multisport qui mesure avec pr\u00e9cision jusqu&#039;\u00e0 100\u00a0activit\u00e9s diff\u00e9rentes. L&#039;assistant vocal Alexa est \u00e9galement int\u00e9gr\u00e9 et permet d&#039;acc\u00e9der \u00e0 des informations et \u00e0 des fonctions de contr\u00f4le.\" \/>\n<meta property=\"og:url\" content=\"https:\/\/perle-in.com\/en\/product\/montre-intelligente-alexa-prixton-swb32-2\/\" \/>\n<meta property=\"og:site_name\" content=\"PERLE IN\" \/>\n<meta property=\"article:modified_time\" content=\"2025-10-16T06:46:05+00:00\" \/>\n<meta property=\"og:image\" content=\"https:\/\/perle-in.com\/wp-content\/uploads\/2025\/10\/2PA18090-1.jpg\" \/>\n\t<meta property=\"og:image:width\" content=\"1600\" \/>\n\t<meta property=\"og:image:height\" content=\"1600\" \/>\n\t<meta property=\"og:image:type\" content=\"image\/jpeg\" \/>\n<meta name=\"twitter:card\" content=\"summary_large_image\" \/>\n<script type=\"application\/ld+json\" class=\"yoast-schema-graph\">{\"@context\":\"https:\\\/\\\/schema.org\",\"@graph\":[{\"@type\":\"WebPage\",\"@id\":\"https:\\\/\\\/perle-in.com\\\/produit\\\/montre-intelligente-alexa-prixton-swb32-2\\\/\",\"url\":\"https:\\\/\\\/perle-in.com\\\/produit\\\/montre-intelligente-alexa-prixton-swb32-2\\\/\",\"name\":\"Montre intelligente Alexa Prixton SWB32 - PERLE IN\",\"isPartOf\":{\"@id\":\"https:\\\/\\\/perle-in.com\\\/#website\"},\"primaryImageOfPage\":{\"@id\":\"https:\\\/\\\/perle-in.com\\\/produit\\\/montre-intelligente-alexa-prixton-swb32-2\\\/#primaryimage\"},\"image\":{\"@id\":\"https:\\\/\\\/perle-in.com\\\/produit\\\/montre-intelligente-alexa-prixton-swb32-2\\\/#primaryimage\"},\"thumbnailUrl\":\"https:\\\/\\\/perle-in.com\\\/wp-content\\\/uploads\\\/2025\\\/10\\\/2PA18090-1.jpg\",\"datePublished\":\"2025-10-16T06:46:04+00:00\",\"dateModified\":\"2025-10-16T06:46:05+00:00\",\"breadcrumb\":{\"@id\":\"https:\\\/\\\/perle-in.com\\\/produit\\\/montre-intelligente-alexa-prixton-swb32-2\\\/#breadcrumb\"},\"inLanguage\":\"en-CA\",\"potentialAction\":[{\"@type\":\"ReadAction\",\"target\":[\"https:\\\/\\\/perle-in.com\\\/produit\\\/montre-intelligente-alexa-prixton-swb32-2\\\/\"]}]},{\"@type\":\"ImageObject\",\"inLanguage\":\"en-CA\",\"@id\":\"https:\\\/\\\/perle-in.com\\\/produit\\\/montre-intelligente-alexa-prixton-swb32-2\\\/#primaryimage\",\"url\":\"https:\\\/\\\/perle-in.com\\\/wp-content\\\/uploads\\\/2025\\\/10\\\/2PA18090-1.jpg\",\"contentUrl\":\"https:\\\/\\\/perle-in.com\\\/wp-content\\\/uploads\\\/2025\\\/10\\\/2PA18090-1.jpg\",\"width\":1600,\"height\":1600},{\"@type\":\"BreadcrumbList\",\"@id\":\"https:\\\/\\\/perle-in.com\\\/produit\\\/montre-intelligente-alexa-prixton-swb32-2\\\/#breadcrumb\",\"itemListElement\":[{\"@type\":\"ListItem\",\"position\":1,\"name\":\"Accueil\",\"item\":\"https:\\\/\\\/perle-in.com\\\/\"},{\"@type\":\"ListItem\",\"position\":2,\"name\":\"Boutique\",\"item\":\"https:\\\/\\\/perle-in.com\\\/boutique\\\/\"},{\"@type\":\"ListItem\",\"position\":3,\"name\":\"Montre intelligente Alexa Prixton SWB32\"}]},{\"@type\":\"WebSite\",\"@id\":\"https:\\\/\\\/perle-in.com\\\/#website\",\"url\":\"https:\\\/\\\/perle-in.com\\\/\",\"name\":\"PERLE IN\",\"description\":\"\",\"publisher\":{\"@id\":\"https:\\\/\\\/perle-in.com\\\/#organization\"},\"potentialAction\":[{\"@type\":\"SearchAction\",\"target\":{\"@type\":\"EntryPoint\",\"urlTemplate\":\"https:\\\/\\\/perle-in.com\\\/?s={search_term_string}\"},\"query-input\":{\"@type\":\"PropertyValueSpecification\",\"valueRequired\":true,\"valueName\":\"search_term_string\"}}],\"inLanguage\":\"en-CA\"},{\"@type\":\"Organization\",\"@id\":\"https:\\\/\\\/perle-in.com\\\/#organization\",\"name\":\"PERLE IN\",\"url\":\"https:\\\/\\\/perle-in.com\\\/\",\"logo\":{\"@type\":\"ImageObject\",\"inLanguage\":\"en-CA\",\"@id\":\"https:\\\/\\\/perle-in.com\\\/#\\\/schema\\\/logo\\\/image\\\/\",\"url\":\"https:\\\/\\\/perle-in.com\\\/wp-content\\\/uploads\\\/2022\\\/12\\\/LOGO-PERLE-IN-COULEUR@3x.webp\",\"contentUrl\":\"https:\\\/\\\/perle-in.com\\\/wp-content\\\/uploads\\\/2022\\\/12\\\/LOGO-PERLE-IN-COULEUR@3x.webp\",\"width\":1600,\"height\":490,\"caption\":\"PERLE IN\"},\"image\":{\"@id\":\"https:\\\/\\\/perle-in.com\\\/#\\\/schema\\\/logo\\\/image\\\/\"}}]}<\/script>\n<!-- \/ Yoast SEO plugin. -->","yoast_head_json":{"title":"Montre intelligente Alexa Prixton SWB32 - PERLE IN","robots":{"index":"noindex","follow":"follow","max-snippet":"max-snippet:-1","max-image-preview":"max-image-preview:large","max-video-preview":"max-video-preview:-1"},"og_locale":"en_US","og_type":"article","og_title":"Montre intelligente Alexa Prixton SWB32 - PERLE IN","og_description":"La montre connect\u00e9e Alexa SWB32 est dot\u00e9e d'un \u00e9cran AMOLED offrant une qualit\u00e9 de couleur exceptionnelle. Elle dispose d'une m\u00e9moire de 1\u00a0Go pour sauvegarder les itin\u00e9raires, la musique et d'autres donn\u00e9es. De plus, gr\u00e2ce \u00e0 la technologie TWS, elle peut \u00eatre connect\u00e9e directement \u00e0 des \u00e9couteurs ou des enceintes sans fil. La montre connect\u00e9e offre diff\u00e9rentes fonctions pour mesurer l'activit\u00e9 physique quotidienne et dispose d'un mode multisport qui mesure avec pr\u00e9cision jusqu'\u00e0 100\u00a0activit\u00e9s diff\u00e9rentes. L'assistant vocal Alexa est \u00e9galement int\u00e9gr\u00e9 et permet d'acc\u00e9der \u00e0 des informations et \u00e0 des fonctions de contr\u00f4le.","og_url":"https:\/\/perle-in.com\/en\/product\/montre-intelligente-alexa-prixton-swb32-2\/","og_site_name":"PERLE IN","article_modified_time":"2025-10-16T06:46:05+00:00","og_image":[{"width":1600,"height":1600,"url":"https:\/\/perle-in.com\/wp-content\/uploads\/2025\/10\/2PA18090-1.jpg","type":"image\/jpeg"}],"twitter_card":"summary_large_image","schema":{"@context":"https:\/\/schema.org","@graph":[{"@type":"WebPage","@id":"https:\/\/perle-in.com\/produit\/montre-intelligente-alexa-prixton-swb32-2\/","url":"https:\/\/perle-in.com\/produit\/montre-intelligente-alexa-prixton-swb32-2\/","name":"Montre intelligente Alexa Prixton SWB32 - PERLE IN","isPartOf":{"@id":"https:\/\/perle-in.com\/#website"},"primaryImageOfPage":{"@id":"https:\/\/perle-in.com\/produit\/montre-intelligente-alexa-prixton-swb32-2\/#primaryimage"},"image":{"@id":"https:\/\/perle-in.com\/produit\/montre-intelligente-alexa-prixton-swb32-2\/#primaryimage"},"thumbnailUrl":"https:\/\/perle-in.com\/wp-content\/uploads\/2025\/10\/2PA18090-1.jpg","datePublished":"2025-10-16T06:46:04+00:00","dateModified":"2025-10-16T06:46:05+00:00","breadcrumb":{"@id":"https:\/\/perle-in.com\/produit\/montre-intelligente-alexa-prixton-swb32-2\/#breadcrumb"},"inLanguage":"en-CA","potentialAction":[{"@type":"ReadAction","target":["https:\/\/perle-in.com\/produit\/montre-intelligente-alexa-prixton-swb32-2\/"]}]},{"@type":"ImageObject","inLanguage":"en-CA","@id":"https:\/\/perle-in.com\/produit\/montre-intelligente-alexa-prixton-swb32-2\/#primaryimage","url":"https:\/\/perle-in.com\/wp-content\/uploads\/2025\/10\/2PA18090-1.jpg","contentUrl":"https:\/\/perle-in.com\/wp-content\/uploads\/2025\/10\/2PA18090-1.jpg","width":1600,"height":1600},{"@type":"BreadcrumbList","@id":"https:\/\/perle-in.com\/produit\/montre-intelligente-alexa-prixton-swb32-2\/#breadcrumb","itemListElement":[{"@type":"ListItem","position":1,"name":"Accueil","item":"https:\/\/perle-in.com\/"},{"@type":"ListItem","position":2,"name":"Boutique","item":"https:\/\/perle-in.com\/boutique\/"},{"@type":"ListItem","position":3,"name":"Montre intelligente Alexa Prixton SWB32"}]},{"@type":"WebSite","@id":"https:\/\/perle-in.com\/#website","url":"https:\/\/perle-in.com\/","name":"PERLE IN","description":"","publisher":{"@id":"https:\/\/perle-in.com\/#organization"},"potentialAction":[{"@type":"SearchAction","target":{"@type":"EntryPoint","urlTemplate":"https:\/\/perle-in.com\/?s={search_term_string}"},"query-input":{"@type":"PropertyValueSpecification","valueRequired":true,"valueName":"search_term_string"}}],"inLanguage":"en-CA"},{"@type":"Organization","@id":"https:\/\/perle-in.com\/#organization","name":"PERLE IN","url":"https:\/\/perle-in.com\/","logo":{"@type":"ImageObject","inLanguage":"en-CA","@id":"https:\/\/perle-in.com\/#\/schema\/logo\/image\/","url":"https:\/\/perle-in.com\/wp-content\/uploads\/2022\/12\/LOGO-PERLE-IN-COULEUR@3x.webp","contentUrl":"https:\/\/perle-in.com\/wp-content\/uploads\/2022\/12\/LOGO-PERLE-IN-COULEUR@3x.webp","width":1600,"height":490,"caption":"PERLE IN"},"image":{"@id":"https:\/\/perle-in.com\/#\/schema\/logo\/image\/"}}]}},"jetpack_sharing_enabled":true,"_links":{"self":[{"href":"https:\/\/perle-in.com\/en\/wp-json\/wp\/v2\/product\/577793","targetHints":{"allow":["GET"]}}],"collection":[{"href":"https:\/\/perle-in.com\/en\/wp-json\/wp\/v2\/product"}],"about":[{"href":"https:\/\/perle-in.com\/en\/wp-json\/wp\/v2\/types\/product"}],"version-history":[{"count":0,"href":"https:\/\/perle-in.com\/en\/wp-json\/wp\/v2\/product\/577793\/revisions"}],"wp:featuredmedia":[{"embeddable":true,"href":"https:\/\/perle-in.com\/en\/wp-json\/wp\/v2\/media\/577786"}],"wp:attachment":[{"href":"https:\/\/perle-in.com\/en\/wp-json\/wp\/v2\/media?parent=577793"}],"wp:term":[{"taxonomy":"product_brand","embeddable":true,"href":"https:\/\/perle-in.com\/en\/wp-json\/wp\/v2\/product_brand?post=577793"},{"taxonomy":"product_cat","embeddable":true,"href":"https:\/\/perle-in.com\/en\/wp-json\/wp\/v2\/product_cat?post=577793"},{"taxonomy":"product_tag","embeddable":true,"href":"https:\/\/perle-in.com\/en\/wp-json\/wp\/v2\/product_tag?post=577793"}],"curies":[{"name":"wp","href":"https:\/\/api.w.org\/{rel}","templated":true}]}}