{"id":577782,"date":"2025-10-16T08:44:57","date_gmt":"2025-10-16T06:44:57","guid":{"rendered":"https:\/\/perle-in.com\/produit\/gobelet-americano-piccolo-de-100-ml-avec-couvercle\/"},"modified":"2025-10-16T08:45:00","modified_gmt":"2025-10-16T06:45:00","slug":"gobelet-americano-piccolo-de-100-ml-avec-couvercle","status":"publish","type":"product","link":"https:\/\/perle-in.com\/en\/product\/gobelet-americano-piccolo-de-100-ml-avec-couvercle\/","title":{"rendered":"Gobelet Americano\u00ae Piccolo de 100\u00a0ml avec couvercle"},"content":{"rendered":"","protected":false},"excerpt":{"rendered":"<p>Le\u00a0gobelet Americano\u00ae Piccolo d\u2019une contenance de 100\u00a0ml est le r\u00e9cipient r\u00e9utilisable id\u00e9al pour votre caf\u00e9 espresso ou double espresso. Petit, compact et empilable, ce produit est l\u2019alternative parfaite aux tasses \u00e0 espresso jetables. Comprend un couvercle \u00e0 clipser pour garder les boissons chaudes, tout en offrant une surface d\u2019impression suppl\u00e9mentaire. Le gobelet est fabriqu\u00e9 en plastique enti\u00e8rement recyclable.<\/p>","protected":false},"featured_media":577774,"template":"","meta":{"_eb_attr":""},"product_brand":[],"product_cat":[173,1209],"product_tag":[225,308,230,291],"class_list":{"0":"post-577782","1":"product","2":"type-product","3":"status-publish","4":"has-post-thumbnail","6":"product_cat-drinkware","7":"product_cat-mugs-pour-voyager","8":"product_tag-cafe","9":"product_tag-gobelet","10":"product_tag-tasse","11":"product_tag-voyage","12":"pa_couleurs-blanc","13":"pa_couleurs-bleu","14":"pa_couleurs-noir","15":"pa_green-points-2036","16":"pa_pays-d-origine-angleterre","18":"first","19":"outofstock","20":"shipping-taxable","21":"purchasable","22":"product-type-variable"},"yoast_head":"<!-- This site is optimized with the Yoast SEO plugin v27.4 - https:\/\/yoast.com\/product\/yoast-seo-wordpress\/ -->\n<title>Gobelet Americano\u00ae Piccolo de 100\u00a0ml avec couvercle - PERLE IN<\/title>\n<meta name=\"robots\" content=\"noindex, follow, max-snippet:-1, max-image-preview:large, max-video-preview:-1\" \/>\n<meta property=\"og:locale\" content=\"en_US\" \/>\n<meta property=\"og:type\" content=\"article\" \/>\n<meta property=\"og:title\" content=\"Gobelet Americano\u00ae Piccolo de 100\u00a0ml avec couvercle - PERLE IN\" \/>\n<meta property=\"og:description\" content=\"Le\u00a0gobelet Americano\u00ae Piccolo d\u2019une contenance de 100\u00a0ml est le r\u00e9cipient r\u00e9utilisable id\u00e9al pour votre caf\u00e9 espresso ou double espresso. Petit, compact et empilable, ce produit est l\u2019alternative parfaite aux tasses \u00e0 espresso jetables. Comprend un couvercle \u00e0 clipser pour garder les boissons chaudes, tout en offrant une surface d\u2019impression suppl\u00e9mentaire. Le gobelet est fabriqu\u00e9 en plastique enti\u00e8rement recyclable.\" \/>\n<meta property=\"og:url\" content=\"https:\/\/perle-in.com\/en\/product\/gobelet-americano-piccolo-de-100-ml-avec-couvercle\/\" \/>\n<meta property=\"og:site_name\" content=\"PERLE IN\" \/>\n<meta property=\"article:modified_time\" content=\"2025-10-16T06:45:00+00:00\" \/>\n<meta property=\"og:image\" content=\"https:\/\/perle-in.com\/wp-content\/uploads\/2025\/10\/22050101-1.jpg\" \/>\n\t<meta property=\"og:image:width\" content=\"1600\" \/>\n\t<meta property=\"og:image:height\" content=\"1600\" \/>\n\t<meta property=\"og:image:type\" content=\"image\/jpeg\" \/>\n<meta name=\"twitter:card\" content=\"summary_large_image\" \/>\n<script type=\"application\/ld+json\" class=\"yoast-schema-graph\">{\"@context\":\"https:\\\/\\\/schema.org\",\"@graph\":[{\"@type\":\"WebPage\",\"@id\":\"https:\\\/\\\/perle-in.com\\\/produit\\\/gobelet-americano-piccolo-de-100-ml-avec-couvercle\\\/\",\"url\":\"https:\\\/\\\/perle-in.com\\\/produit\\\/gobelet-americano-piccolo-de-100-ml-avec-couvercle\\\/\",\"name\":\"Gobelet Americano\u00ae Piccolo de 100\u00a0ml avec couvercle - PERLE IN\",\"isPartOf\":{\"@id\":\"https:\\\/\\\/perle-in.com\\\/#website\"},\"primaryImageOfPage\":{\"@id\":\"https:\\\/\\\/perle-in.com\\\/produit\\\/gobelet-americano-piccolo-de-100-ml-avec-couvercle\\\/#primaryimage\"},\"image\":{\"@id\":\"https:\\\/\\\/perle-in.com\\\/produit\\\/gobelet-americano-piccolo-de-100-ml-avec-couvercle\\\/#primaryimage\"},\"thumbnailUrl\":\"https:\\\/\\\/perle-in.com\\\/wp-content\\\/uploads\\\/2025\\\/10\\\/22050101-1.jpg\",\"datePublished\":\"2025-10-16T06:44:57+00:00\",\"dateModified\":\"2025-10-16T06:45:00+00:00\",\"breadcrumb\":{\"@id\":\"https:\\\/\\\/perle-in.com\\\/produit\\\/gobelet-americano-piccolo-de-100-ml-avec-couvercle\\\/#breadcrumb\"},\"inLanguage\":\"en-CA\",\"potentialAction\":[{\"@type\":\"ReadAction\",\"target\":[\"https:\\\/\\\/perle-in.com\\\/produit\\\/gobelet-americano-piccolo-de-100-ml-avec-couvercle\\\/\"]}]},{\"@type\":\"ImageObject\",\"inLanguage\":\"en-CA\",\"@id\":\"https:\\\/\\\/perle-in.com\\\/produit\\\/gobelet-americano-piccolo-de-100-ml-avec-couvercle\\\/#primaryimage\",\"url\":\"https:\\\/\\\/perle-in.com\\\/wp-content\\\/uploads\\\/2025\\\/10\\\/22050101-1.jpg\",\"contentUrl\":\"https:\\\/\\\/perle-in.com\\\/wp-content\\\/uploads\\\/2025\\\/10\\\/22050101-1.jpg\",\"width\":1600,\"height\":1600},{\"@type\":\"BreadcrumbList\",\"@id\":\"https:\\\/\\\/perle-in.com\\\/produit\\\/gobelet-americano-piccolo-de-100-ml-avec-couvercle\\\/#breadcrumb\",\"itemListElement\":[{\"@type\":\"ListItem\",\"position\":1,\"name\":\"Accueil\",\"item\":\"https:\\\/\\\/perle-in.com\\\/\"},{\"@type\":\"ListItem\",\"position\":2,\"name\":\"Boutique\",\"item\":\"https:\\\/\\\/perle-in.com\\\/boutique\\\/\"},{\"@type\":\"ListItem\",\"position\":3,\"name\":\"Gobelet Americano\u00ae Piccolo de 100\u00a0ml avec couvercle\"}]},{\"@type\":\"WebSite\",\"@id\":\"https:\\\/\\\/perle-in.com\\\/#website\",\"url\":\"https:\\\/\\\/perle-in.com\\\/\",\"name\":\"PERLE IN\",\"description\":\"\",\"publisher\":{\"@id\":\"https:\\\/\\\/perle-in.com\\\/#organization\"},\"potentialAction\":[{\"@type\":\"SearchAction\",\"target\":{\"@type\":\"EntryPoint\",\"urlTemplate\":\"https:\\\/\\\/perle-in.com\\\/?s={search_term_string}\"},\"query-input\":{\"@type\":\"PropertyValueSpecification\",\"valueRequired\":true,\"valueName\":\"search_term_string\"}}],\"inLanguage\":\"en-CA\"},{\"@type\":\"Organization\",\"@id\":\"https:\\\/\\\/perle-in.com\\\/#organization\",\"name\":\"PERLE IN\",\"url\":\"https:\\\/\\\/perle-in.com\\\/\",\"logo\":{\"@type\":\"ImageObject\",\"inLanguage\":\"en-CA\",\"@id\":\"https:\\\/\\\/perle-in.com\\\/#\\\/schema\\\/logo\\\/image\\\/\",\"url\":\"https:\\\/\\\/perle-in.com\\\/wp-content\\\/uploads\\\/2022\\\/12\\\/LOGO-PERLE-IN-COULEUR@3x.webp\",\"contentUrl\":\"https:\\\/\\\/perle-in.com\\\/wp-content\\\/uploads\\\/2022\\\/12\\\/LOGO-PERLE-IN-COULEUR@3x.webp\",\"width\":1600,\"height\":490,\"caption\":\"PERLE IN\"},\"image\":{\"@id\":\"https:\\\/\\\/perle-in.com\\\/#\\\/schema\\\/logo\\\/image\\\/\"}}]}<\/script>\n<!-- \/ Yoast SEO plugin. -->","yoast_head_json":{"title":"Gobelet Americano\u00ae Piccolo de 100\u00a0ml avec couvercle - PERLE IN","robots":{"index":"noindex","follow":"follow","max-snippet":"max-snippet:-1","max-image-preview":"max-image-preview:large","max-video-preview":"max-video-preview:-1"},"og_locale":"en_US","og_type":"article","og_title":"Gobelet Americano\u00ae Piccolo de 100\u00a0ml avec couvercle - PERLE IN","og_description":"Le\u00a0gobelet Americano\u00ae Piccolo d\u2019une contenance de 100\u00a0ml est le r\u00e9cipient r\u00e9utilisable id\u00e9al pour votre caf\u00e9 espresso ou double espresso. Petit, compact et empilable, ce produit est l\u2019alternative parfaite aux tasses \u00e0 espresso jetables. Comprend un couvercle \u00e0 clipser pour garder les boissons chaudes, tout en offrant une surface d\u2019impression suppl\u00e9mentaire. Le gobelet est fabriqu\u00e9 en plastique enti\u00e8rement recyclable.","og_url":"https:\/\/perle-in.com\/en\/product\/gobelet-americano-piccolo-de-100-ml-avec-couvercle\/","og_site_name":"PERLE IN","article_modified_time":"2025-10-16T06:45:00+00:00","og_image":[{"width":1600,"height":1600,"url":"https:\/\/perle-in.com\/wp-content\/uploads\/2025\/10\/22050101-1.jpg","type":"image\/jpeg"}],"twitter_card":"summary_large_image","schema":{"@context":"https:\/\/schema.org","@graph":[{"@type":"WebPage","@id":"https:\/\/perle-in.com\/produit\/gobelet-americano-piccolo-de-100-ml-avec-couvercle\/","url":"https:\/\/perle-in.com\/produit\/gobelet-americano-piccolo-de-100-ml-avec-couvercle\/","name":"Gobelet Americano\u00ae Piccolo de 100\u00a0ml avec couvercle - PERLE IN","isPartOf":{"@id":"https:\/\/perle-in.com\/#website"},"primaryImageOfPage":{"@id":"https:\/\/perle-in.com\/produit\/gobelet-americano-piccolo-de-100-ml-avec-couvercle\/#primaryimage"},"image":{"@id":"https:\/\/perle-in.com\/produit\/gobelet-americano-piccolo-de-100-ml-avec-couvercle\/#primaryimage"},"thumbnailUrl":"https:\/\/perle-in.com\/wp-content\/uploads\/2025\/10\/22050101-1.jpg","datePublished":"2025-10-16T06:44:57+00:00","dateModified":"2025-10-16T06:45:00+00:00","breadcrumb":{"@id":"https:\/\/perle-in.com\/produit\/gobelet-americano-piccolo-de-100-ml-avec-couvercle\/#breadcrumb"},"inLanguage":"en-CA","potentialAction":[{"@type":"ReadAction","target":["https:\/\/perle-in.com\/produit\/gobelet-americano-piccolo-de-100-ml-avec-couvercle\/"]}]},{"@type":"ImageObject","inLanguage":"en-CA","@id":"https:\/\/perle-in.com\/produit\/gobelet-americano-piccolo-de-100-ml-avec-couvercle\/#primaryimage","url":"https:\/\/perle-in.com\/wp-content\/uploads\/2025\/10\/22050101-1.jpg","contentUrl":"https:\/\/perle-in.com\/wp-content\/uploads\/2025\/10\/22050101-1.jpg","width":1600,"height":1600},{"@type":"BreadcrumbList","@id":"https:\/\/perle-in.com\/produit\/gobelet-americano-piccolo-de-100-ml-avec-couvercle\/#breadcrumb","itemListElement":[{"@type":"ListItem","position":1,"name":"Accueil","item":"https:\/\/perle-in.com\/"},{"@type":"ListItem","position":2,"name":"Boutique","item":"https:\/\/perle-in.com\/boutique\/"},{"@type":"ListItem","position":3,"name":"Gobelet Americano\u00ae Piccolo de 100\u00a0ml avec couvercle"}]},{"@type":"WebSite","@id":"https:\/\/perle-in.com\/#website","url":"https:\/\/perle-in.com\/","name":"PERLE IN","description":"","publisher":{"@id":"https:\/\/perle-in.com\/#organization"},"potentialAction":[{"@type":"SearchAction","target":{"@type":"EntryPoint","urlTemplate":"https:\/\/perle-in.com\/?s={search_term_string}"},"query-input":{"@type":"PropertyValueSpecification","valueRequired":true,"valueName":"search_term_string"}}],"inLanguage":"en-CA"},{"@type":"Organization","@id":"https:\/\/perle-in.com\/#organization","name":"PERLE IN","url":"https:\/\/perle-in.com\/","logo":{"@type":"ImageObject","inLanguage":"en-CA","@id":"https:\/\/perle-in.com\/#\/schema\/logo\/image\/","url":"https:\/\/perle-in.com\/wp-content\/uploads\/2022\/12\/LOGO-PERLE-IN-COULEUR@3x.webp","contentUrl":"https:\/\/perle-in.com\/wp-content\/uploads\/2022\/12\/LOGO-PERLE-IN-COULEUR@3x.webp","width":1600,"height":490,"caption":"PERLE IN"},"image":{"@id":"https:\/\/perle-in.com\/#\/schema\/logo\/image\/"}}]}},"jetpack_sharing_enabled":true,"_links":{"self":[{"href":"https:\/\/perle-in.com\/en\/wp-json\/wp\/v2\/product\/577782","targetHints":{"allow":["GET"]}}],"collection":[{"href":"https:\/\/perle-in.com\/en\/wp-json\/wp\/v2\/product"}],"about":[{"href":"https:\/\/perle-in.com\/en\/wp-json\/wp\/v2\/types\/product"}],"version-history":[{"count":0,"href":"https:\/\/perle-in.com\/en\/wp-json\/wp\/v2\/product\/577782\/revisions"}],"wp:featuredmedia":[{"embeddable":true,"href":"https:\/\/perle-in.com\/en\/wp-json\/wp\/v2\/media\/577774"}],"wp:attachment":[{"href":"https:\/\/perle-in.com\/en\/wp-json\/wp\/v2\/media?parent=577782"}],"wp:term":[{"taxonomy":"product_brand","embeddable":true,"href":"https:\/\/perle-in.com\/en\/wp-json\/wp\/v2\/product_brand?post=577782"},{"taxonomy":"product_cat","embeddable":true,"href":"https:\/\/perle-in.com\/en\/wp-json\/wp\/v2\/product_cat?post=577782"},{"taxonomy":"product_tag","embeddable":true,"href":"https:\/\/perle-in.com\/en\/wp-json\/wp\/v2\/product_tag?post=577782"}],"curies":[{"name":"wp","href":"https:\/\/api.w.org\/{rel}","templated":true}]}}