{"id":577560,"date":"2025-10-16T08:34:26","date_gmt":"2025-10-16T06:34:26","guid":{"rendered":"https:\/\/perle-in.com\/produit\/chapeau-de-soleil-pliable-hatch\/"},"modified":"2025-10-16T08:34:29","modified_gmt":"2025-10-16T06:34:29","slug":"chapeau-de-soleil-pliable-hatch","status":"publish","type":"product","link":"https:\/\/perle-in.com\/en\/product\/chapeau-de-soleil-pliable-hatch\/","title":{"rendered":"Chapeau de soleil pliable Hatch"},"content":{"rendered":"","protected":false},"excerpt":{"rendered":"<p>Le chapeau de soleil pliable Hatch offre un confort l\u00e9ger et une portabilit\u00e9 sans effort. Fabriqu\u00e9 en 100\u00a0% nylon avec un tissu l\u00e9ger de 100\u00a0g\/m\u00b2, il est con\u00e7u pour un confort tout au long de la journ\u00e9e. Sa conception pliable intelligente permet de ranger le chapeau dans une pochette compacte, ce qui le rend facile \u00e0 ranger et \u00e0 transporter. Parfait pour la vie en mouvement, cet accessoire \u00e0 la fois pratique et \u00e9l\u00e9gant est id\u00e9al pour les aventures en plein air, les voyages ou les sorties quotidiennes.<\/p>","protected":false},"featured_media":577551,"template":"","meta":{"_eb_attr":""},"product_brand":[],"product_cat":[1259,1024],"product_tag":[1697,1698,2758,2516,2499],"class_list":{"0":"post-577560","1":"product","2":"type-product","3":"status-publish","4":"has-post-thumbnail","6":"product_cat-casquettes-et-chapeaux","7":"product_cat-vetements","8":"product_tag-chapeau","9":"product_tag-chapeaux","10":"product_tag-pliable","11":"product_tag-soleil","12":"product_tag-tete","13":"pa_couleurs-flocons-davoine","14":"pa_couleurs-noir","15":"pa_couleurs-vert-foret","16":"pa_matiere-polyester-100-g-m2","18":"first","19":"instock","20":"shipping-taxable","21":"purchasable","22":"product-type-variable"},"yoast_head":"<!-- This site is optimized with the Yoast SEO plugin v27.4 - https:\/\/yoast.com\/product\/yoast-seo-wordpress\/ -->\n<title>Chapeau de soleil pliable Hatch - PERLE IN<\/title>\n<meta name=\"robots\" content=\"noindex, follow, max-snippet:-1, max-image-preview:large, max-video-preview:-1\" \/>\n<meta property=\"og:locale\" content=\"en_US\" \/>\n<meta property=\"og:type\" content=\"article\" \/>\n<meta property=\"og:title\" content=\"Chapeau de soleil pliable Hatch - PERLE IN\" \/>\n<meta property=\"og:description\" content=\"Le chapeau de soleil pliable Hatch offre un confort l\u00e9ger et une portabilit\u00e9 sans effort. Fabriqu\u00e9 en 100\u00a0% nylon avec un tissu l\u00e9ger de 100\u00a0g\/m\u00b2, il est con\u00e7u pour un confort tout au long de la journ\u00e9e. Sa conception pliable intelligente permet de ranger le chapeau dans une pochette compacte, ce qui le rend facile \u00e0 ranger et \u00e0 transporter. Parfait pour la vie en mouvement, cet accessoire \u00e0 la fois pratique et \u00e9l\u00e9gant est id\u00e9al pour les aventures en plein air, les voyages ou les sorties quotidiennes.\" \/>\n<meta property=\"og:url\" content=\"https:\/\/perle-in.com\/en\/product\/chapeau-de-soleil-pliable-hatch\/\" \/>\n<meta property=\"og:site_name\" content=\"PERLE IN\" \/>\n<meta property=\"article:modified_time\" content=\"2025-10-16T06:34:29+00:00\" \/>\n<meta property=\"og:image\" content=\"https:\/\/perle-in.com\/wp-content\/uploads\/2025\/10\/11107607-1.jpg\" \/>\n\t<meta property=\"og:image:width\" content=\"1600\" \/>\n\t<meta property=\"og:image:height\" content=\"1600\" \/>\n\t<meta property=\"og:image:type\" content=\"image\/jpeg\" \/>\n<meta name=\"twitter:card\" content=\"summary_large_image\" \/>\n<script type=\"application\/ld+json\" class=\"yoast-schema-graph\">{\"@context\":\"https:\\\/\\\/schema.org\",\"@graph\":[{\"@type\":\"WebPage\",\"@id\":\"https:\\\/\\\/perle-in.com\\\/produit\\\/chapeau-de-soleil-pliable-hatch\\\/\",\"url\":\"https:\\\/\\\/perle-in.com\\\/produit\\\/chapeau-de-soleil-pliable-hatch\\\/\",\"name\":\"Chapeau de soleil pliable Hatch - PERLE IN\",\"isPartOf\":{\"@id\":\"https:\\\/\\\/perle-in.com\\\/#website\"},\"primaryImageOfPage\":{\"@id\":\"https:\\\/\\\/perle-in.com\\\/produit\\\/chapeau-de-soleil-pliable-hatch\\\/#primaryimage\"},\"image\":{\"@id\":\"https:\\\/\\\/perle-in.com\\\/produit\\\/chapeau-de-soleil-pliable-hatch\\\/#primaryimage\"},\"thumbnailUrl\":\"https:\\\/\\\/perle-in.com\\\/wp-content\\\/uploads\\\/2025\\\/10\\\/11107607-1.jpg\",\"datePublished\":\"2025-10-16T06:34:26+00:00\",\"dateModified\":\"2025-10-16T06:34:29+00:00\",\"breadcrumb\":{\"@id\":\"https:\\\/\\\/perle-in.com\\\/produit\\\/chapeau-de-soleil-pliable-hatch\\\/#breadcrumb\"},\"inLanguage\":\"en-CA\",\"potentialAction\":[{\"@type\":\"ReadAction\",\"target\":[\"https:\\\/\\\/perle-in.com\\\/produit\\\/chapeau-de-soleil-pliable-hatch\\\/\"]}]},{\"@type\":\"ImageObject\",\"inLanguage\":\"en-CA\",\"@id\":\"https:\\\/\\\/perle-in.com\\\/produit\\\/chapeau-de-soleil-pliable-hatch\\\/#primaryimage\",\"url\":\"https:\\\/\\\/perle-in.com\\\/wp-content\\\/uploads\\\/2025\\\/10\\\/11107607-1.jpg\",\"contentUrl\":\"https:\\\/\\\/perle-in.com\\\/wp-content\\\/uploads\\\/2025\\\/10\\\/11107607-1.jpg\",\"width\":1600,\"height\":1600},{\"@type\":\"BreadcrumbList\",\"@id\":\"https:\\\/\\\/perle-in.com\\\/produit\\\/chapeau-de-soleil-pliable-hatch\\\/#breadcrumb\",\"itemListElement\":[{\"@type\":\"ListItem\",\"position\":1,\"name\":\"Accueil\",\"item\":\"https:\\\/\\\/perle-in.com\\\/\"},{\"@type\":\"ListItem\",\"position\":2,\"name\":\"Boutique\",\"item\":\"https:\\\/\\\/perle-in.com\\\/boutique\\\/\"},{\"@type\":\"ListItem\",\"position\":3,\"name\":\"Chapeau de soleil pliable Hatch\"}]},{\"@type\":\"WebSite\",\"@id\":\"https:\\\/\\\/perle-in.com\\\/#website\",\"url\":\"https:\\\/\\\/perle-in.com\\\/\",\"name\":\"PERLE IN\",\"description\":\"\",\"publisher\":{\"@id\":\"https:\\\/\\\/perle-in.com\\\/#organization\"},\"potentialAction\":[{\"@type\":\"SearchAction\",\"target\":{\"@type\":\"EntryPoint\",\"urlTemplate\":\"https:\\\/\\\/perle-in.com\\\/?s={search_term_string}\"},\"query-input\":{\"@type\":\"PropertyValueSpecification\",\"valueRequired\":true,\"valueName\":\"search_term_string\"}}],\"inLanguage\":\"en-CA\"},{\"@type\":\"Organization\",\"@id\":\"https:\\\/\\\/perle-in.com\\\/#organization\",\"name\":\"PERLE IN\",\"url\":\"https:\\\/\\\/perle-in.com\\\/\",\"logo\":{\"@type\":\"ImageObject\",\"inLanguage\":\"en-CA\",\"@id\":\"https:\\\/\\\/perle-in.com\\\/#\\\/schema\\\/logo\\\/image\\\/\",\"url\":\"https:\\\/\\\/perle-in.com\\\/wp-content\\\/uploads\\\/2022\\\/12\\\/LOGO-PERLE-IN-COULEUR@3x.webp\",\"contentUrl\":\"https:\\\/\\\/perle-in.com\\\/wp-content\\\/uploads\\\/2022\\\/12\\\/LOGO-PERLE-IN-COULEUR@3x.webp\",\"width\":1600,\"height\":490,\"caption\":\"PERLE IN\"},\"image\":{\"@id\":\"https:\\\/\\\/perle-in.com\\\/#\\\/schema\\\/logo\\\/image\\\/\"}}]}<\/script>\n<!-- \/ Yoast SEO plugin. -->","yoast_head_json":{"title":"Chapeau de soleil pliable Hatch - PERLE IN","robots":{"index":"noindex","follow":"follow","max-snippet":"max-snippet:-1","max-image-preview":"max-image-preview:large","max-video-preview":"max-video-preview:-1"},"og_locale":"en_US","og_type":"article","og_title":"Chapeau de soleil pliable Hatch - PERLE IN","og_description":"Le chapeau de soleil pliable Hatch offre un confort l\u00e9ger et une portabilit\u00e9 sans effort. Fabriqu\u00e9 en 100\u00a0% nylon avec un tissu l\u00e9ger de 100\u00a0g\/m\u00b2, il est con\u00e7u pour un confort tout au long de la journ\u00e9e. Sa conception pliable intelligente permet de ranger le chapeau dans une pochette compacte, ce qui le rend facile \u00e0 ranger et \u00e0 transporter. Parfait pour la vie en mouvement, cet accessoire \u00e0 la fois pratique et \u00e9l\u00e9gant est id\u00e9al pour les aventures en plein air, les voyages ou les sorties quotidiennes.","og_url":"https:\/\/perle-in.com\/en\/product\/chapeau-de-soleil-pliable-hatch\/","og_site_name":"PERLE IN","article_modified_time":"2025-10-16T06:34:29+00:00","og_image":[{"width":1600,"height":1600,"url":"https:\/\/perle-in.com\/wp-content\/uploads\/2025\/10\/11107607-1.jpg","type":"image\/jpeg"}],"twitter_card":"summary_large_image","schema":{"@context":"https:\/\/schema.org","@graph":[{"@type":"WebPage","@id":"https:\/\/perle-in.com\/produit\/chapeau-de-soleil-pliable-hatch\/","url":"https:\/\/perle-in.com\/produit\/chapeau-de-soleil-pliable-hatch\/","name":"Chapeau de soleil pliable Hatch - PERLE IN","isPartOf":{"@id":"https:\/\/perle-in.com\/#website"},"primaryImageOfPage":{"@id":"https:\/\/perle-in.com\/produit\/chapeau-de-soleil-pliable-hatch\/#primaryimage"},"image":{"@id":"https:\/\/perle-in.com\/produit\/chapeau-de-soleil-pliable-hatch\/#primaryimage"},"thumbnailUrl":"https:\/\/perle-in.com\/wp-content\/uploads\/2025\/10\/11107607-1.jpg","datePublished":"2025-10-16T06:34:26+00:00","dateModified":"2025-10-16T06:34:29+00:00","breadcrumb":{"@id":"https:\/\/perle-in.com\/produit\/chapeau-de-soleil-pliable-hatch\/#breadcrumb"},"inLanguage":"en-CA","potentialAction":[{"@type":"ReadAction","target":["https:\/\/perle-in.com\/produit\/chapeau-de-soleil-pliable-hatch\/"]}]},{"@type":"ImageObject","inLanguage":"en-CA","@id":"https:\/\/perle-in.com\/produit\/chapeau-de-soleil-pliable-hatch\/#primaryimage","url":"https:\/\/perle-in.com\/wp-content\/uploads\/2025\/10\/11107607-1.jpg","contentUrl":"https:\/\/perle-in.com\/wp-content\/uploads\/2025\/10\/11107607-1.jpg","width":1600,"height":1600},{"@type":"BreadcrumbList","@id":"https:\/\/perle-in.com\/produit\/chapeau-de-soleil-pliable-hatch\/#breadcrumb","itemListElement":[{"@type":"ListItem","position":1,"name":"Accueil","item":"https:\/\/perle-in.com\/"},{"@type":"ListItem","position":2,"name":"Boutique","item":"https:\/\/perle-in.com\/boutique\/"},{"@type":"ListItem","position":3,"name":"Chapeau de soleil pliable Hatch"}]},{"@type":"WebSite","@id":"https:\/\/perle-in.com\/#website","url":"https:\/\/perle-in.com\/","name":"PERLE IN","description":"","publisher":{"@id":"https:\/\/perle-in.com\/#organization"},"potentialAction":[{"@type":"SearchAction","target":{"@type":"EntryPoint","urlTemplate":"https:\/\/perle-in.com\/?s={search_term_string}"},"query-input":{"@type":"PropertyValueSpecification","valueRequired":true,"valueName":"search_term_string"}}],"inLanguage":"en-CA"},{"@type":"Organization","@id":"https:\/\/perle-in.com\/#organization","name":"PERLE IN","url":"https:\/\/perle-in.com\/","logo":{"@type":"ImageObject","inLanguage":"en-CA","@id":"https:\/\/perle-in.com\/#\/schema\/logo\/image\/","url":"https:\/\/perle-in.com\/wp-content\/uploads\/2022\/12\/LOGO-PERLE-IN-COULEUR@3x.webp","contentUrl":"https:\/\/perle-in.com\/wp-content\/uploads\/2022\/12\/LOGO-PERLE-IN-COULEUR@3x.webp","width":1600,"height":490,"caption":"PERLE IN"},"image":{"@id":"https:\/\/perle-in.com\/#\/schema\/logo\/image\/"}}]}},"jetpack_sharing_enabled":true,"_links":{"self":[{"href":"https:\/\/perle-in.com\/en\/wp-json\/wp\/v2\/product\/577560","targetHints":{"allow":["GET"]}}],"collection":[{"href":"https:\/\/perle-in.com\/en\/wp-json\/wp\/v2\/product"}],"about":[{"href":"https:\/\/perle-in.com\/en\/wp-json\/wp\/v2\/types\/product"}],"version-history":[{"count":0,"href":"https:\/\/perle-in.com\/en\/wp-json\/wp\/v2\/product\/577560\/revisions"}],"wp:featuredmedia":[{"embeddable":true,"href":"https:\/\/perle-in.com\/en\/wp-json\/wp\/v2\/media\/577551"}],"wp:attachment":[{"href":"https:\/\/perle-in.com\/en\/wp-json\/wp\/v2\/media?parent=577560"}],"wp:term":[{"taxonomy":"product_brand","embeddable":true,"href":"https:\/\/perle-in.com\/en\/wp-json\/wp\/v2\/product_brand?post=577560"},{"taxonomy":"product_cat","embeddable":true,"href":"https:\/\/perle-in.com\/en\/wp-json\/wp\/v2\/product_cat?post=577560"},{"taxonomy":"product_tag","embeddable":true,"href":"https:\/\/perle-in.com\/en\/wp-json\/wp\/v2\/product_tag?post=577560"}],"curies":[{"name":"wp","href":"https:\/\/api.w.org\/{rel}","templated":true}]}}