{"id":577539,"date":"2025-10-16T08:32:09","date_gmt":"2025-10-16T06:32:09","guid":{"rendered":"https:\/\/perle-in.com\/produit\/support-de-telephone-alcor-magnetique-et-pliable-en-plastique-recycle-avec-details-en-bambou\/"},"modified":"2025-10-16T08:32:12","modified_gmt":"2025-10-16T06:32:12","slug":"support-de-telephone-alcor-magnetique-et-pliable-en-plastique-recycle-avec-details-en-bambou","status":"publish","type":"product","link":"https:\/\/perle-in.com\/en\/product\/support-de-telephone-alcor-magnetique-et-pliable-en-plastique-recycle-avec-details-en-bambou\/","title":{"rendered":"Support de t\u00e9l\u00e9phone Alcor magn\u00e9tique et pliable en plastique recycl\u00e9 avec d\u00e9tails en bambou"},"content":{"rendered":"","protected":false},"excerpt":{"rendered":"<p>Le socle de t\u00e9l\u00e9phone Alcor est \u00e9l\u00e9gant. Il est fabriqu\u00e9 \u00e0 partir de plastique recycl\u00e9 et de bambou issu de sources durables. Sa conception pliable permet d\u2019obtenir plusieurs angles de vue, tandis que la fonction magn\u00e9tique int\u00e9gr\u00e9e maintient les iPhones 12 et plus r\u00e9cents en place en toute s\u00e9curit\u00e9. Parfait pour les bureaux, les tables de chevet et les d\u00e9placements.<\/p>","protected":false},"featured_media":577533,"template":"","meta":{"_eb_attr":""},"product_brand":[],"product_cat":[1207,667],"product_tag":[1128,837,836,2912,1974,671],"class_list":{"0":"post-577539","1":"product","2":"type-product","3":"status-publish","4":"has-post-thumbnail","6":"product_cat-supports","7":"product_cat-technologie","8":"product_tag-bambou","9":"product_tag-durable","10":"product_tag-recycle","11":"product_tag-socle","12":"product_tag-supports","13":"product_tag-telephone","14":"pa_couleurs-blanc","15":"pa_couleurs-noir","16":"pa_green-points-3218","18":"first","19":"instock","20":"shipping-taxable","21":"purchasable","22":"product-type-variable"},"yoast_head":"<!-- This site is optimized with the Yoast SEO plugin v27.4 - https:\/\/yoast.com\/product\/yoast-seo-wordpress\/ -->\n<title>Support de t\u00e9l\u00e9phone Alcor magn\u00e9tique et pliable en plastique recycl\u00e9 avec d\u00e9tails en bambou - PERLE IN<\/title>\n<meta name=\"robots\" content=\"noindex, follow, max-snippet:-1, max-image-preview:large, max-video-preview:-1\" \/>\n<meta property=\"og:locale\" content=\"en_US\" \/>\n<meta property=\"og:type\" content=\"article\" \/>\n<meta property=\"og:title\" content=\"Support de t\u00e9l\u00e9phone Alcor magn\u00e9tique et pliable en plastique recycl\u00e9 avec d\u00e9tails en bambou - PERLE IN\" \/>\n<meta property=\"og:description\" content=\"Le socle de t\u00e9l\u00e9phone Alcor est \u00e9l\u00e9gant. Il est fabriqu\u00e9 \u00e0 partir de plastique recycl\u00e9 et de bambou issu de sources durables. Sa conception pliable permet d\u2019obtenir plusieurs angles de vue, tandis que la fonction magn\u00e9tique int\u00e9gr\u00e9e maintient les iPhones 12 et plus r\u00e9cents en place en toute s\u00e9curit\u00e9. Parfait pour les bureaux, les tables de chevet et les d\u00e9placements.\" \/>\n<meta property=\"og:url\" content=\"https:\/\/perle-in.com\/en\/product\/support-de-telephone-alcor-magnetique-et-pliable-en-plastique-recycle-avec-details-en-bambou\/\" \/>\n<meta property=\"og:site_name\" content=\"PERLE IN\" \/>\n<meta property=\"article:modified_time\" content=\"2025-10-16T06:32:12+00:00\" \/>\n<meta property=\"og:image\" content=\"https:\/\/perle-in.com\/wp-content\/uploads\/2025\/10\/12446301-1.jpg\" \/>\n\t<meta property=\"og:image:width\" content=\"1600\" \/>\n\t<meta property=\"og:image:height\" content=\"1600\" \/>\n\t<meta property=\"og:image:type\" content=\"image\/jpeg\" \/>\n<meta name=\"twitter:card\" content=\"summary_large_image\" \/>\n<script type=\"application\/ld+json\" class=\"yoast-schema-graph\">{\"@context\":\"https:\\\/\\\/schema.org\",\"@graph\":[{\"@type\":\"WebPage\",\"@id\":\"https:\\\/\\\/perle-in.com\\\/produit\\\/support-de-telephone-alcor-magnetique-et-pliable-en-plastique-recycle-avec-details-en-bambou\\\/\",\"url\":\"https:\\\/\\\/perle-in.com\\\/produit\\\/support-de-telephone-alcor-magnetique-et-pliable-en-plastique-recycle-avec-details-en-bambou\\\/\",\"name\":\"Support de t\u00e9l\u00e9phone Alcor magn\u00e9tique et pliable en plastique recycl\u00e9 avec d\u00e9tails en bambou - PERLE IN\",\"isPartOf\":{\"@id\":\"https:\\\/\\\/perle-in.com\\\/#website\"},\"primaryImageOfPage\":{\"@id\":\"https:\\\/\\\/perle-in.com\\\/produit\\\/support-de-telephone-alcor-magnetique-et-pliable-en-plastique-recycle-avec-details-en-bambou\\\/#primaryimage\"},\"image\":{\"@id\":\"https:\\\/\\\/perle-in.com\\\/produit\\\/support-de-telephone-alcor-magnetique-et-pliable-en-plastique-recycle-avec-details-en-bambou\\\/#primaryimage\"},\"thumbnailUrl\":\"https:\\\/\\\/perle-in.com\\\/wp-content\\\/uploads\\\/2025\\\/10\\\/12446301-1.jpg\",\"datePublished\":\"2025-10-16T06:32:09+00:00\",\"dateModified\":\"2025-10-16T06:32:12+00:00\",\"breadcrumb\":{\"@id\":\"https:\\\/\\\/perle-in.com\\\/produit\\\/support-de-telephone-alcor-magnetique-et-pliable-en-plastique-recycle-avec-details-en-bambou\\\/#breadcrumb\"},\"inLanguage\":\"en-CA\",\"potentialAction\":[{\"@type\":\"ReadAction\",\"target\":[\"https:\\\/\\\/perle-in.com\\\/produit\\\/support-de-telephone-alcor-magnetique-et-pliable-en-plastique-recycle-avec-details-en-bambou\\\/\"]}]},{\"@type\":\"ImageObject\",\"inLanguage\":\"en-CA\",\"@id\":\"https:\\\/\\\/perle-in.com\\\/produit\\\/support-de-telephone-alcor-magnetique-et-pliable-en-plastique-recycle-avec-details-en-bambou\\\/#primaryimage\",\"url\":\"https:\\\/\\\/perle-in.com\\\/wp-content\\\/uploads\\\/2025\\\/10\\\/12446301-1.jpg\",\"contentUrl\":\"https:\\\/\\\/perle-in.com\\\/wp-content\\\/uploads\\\/2025\\\/10\\\/12446301-1.jpg\",\"width\":1600,\"height\":1600},{\"@type\":\"BreadcrumbList\",\"@id\":\"https:\\\/\\\/perle-in.com\\\/produit\\\/support-de-telephone-alcor-magnetique-et-pliable-en-plastique-recycle-avec-details-en-bambou\\\/#breadcrumb\",\"itemListElement\":[{\"@type\":\"ListItem\",\"position\":1,\"name\":\"Accueil\",\"item\":\"https:\\\/\\\/perle-in.com\\\/\"},{\"@type\":\"ListItem\",\"position\":2,\"name\":\"Boutique\",\"item\":\"https:\\\/\\\/perle-in.com\\\/boutique\\\/\"},{\"@type\":\"ListItem\",\"position\":3,\"name\":\"Support de t\u00e9l\u00e9phone Alcor magn\u00e9tique et pliable en plastique recycl\u00e9 avec d\u00e9tails en bambou\"}]},{\"@type\":\"WebSite\",\"@id\":\"https:\\\/\\\/perle-in.com\\\/#website\",\"url\":\"https:\\\/\\\/perle-in.com\\\/\",\"name\":\"PERLE IN\",\"description\":\"\",\"publisher\":{\"@id\":\"https:\\\/\\\/perle-in.com\\\/#organization\"},\"potentialAction\":[{\"@type\":\"SearchAction\",\"target\":{\"@type\":\"EntryPoint\",\"urlTemplate\":\"https:\\\/\\\/perle-in.com\\\/?s={search_term_string}\"},\"query-input\":{\"@type\":\"PropertyValueSpecification\",\"valueRequired\":true,\"valueName\":\"search_term_string\"}}],\"inLanguage\":\"en-CA\"},{\"@type\":\"Organization\",\"@id\":\"https:\\\/\\\/perle-in.com\\\/#organization\",\"name\":\"PERLE IN\",\"url\":\"https:\\\/\\\/perle-in.com\\\/\",\"logo\":{\"@type\":\"ImageObject\",\"inLanguage\":\"en-CA\",\"@id\":\"https:\\\/\\\/perle-in.com\\\/#\\\/schema\\\/logo\\\/image\\\/\",\"url\":\"https:\\\/\\\/perle-in.com\\\/wp-content\\\/uploads\\\/2022\\\/12\\\/LOGO-PERLE-IN-COULEUR@3x.webp\",\"contentUrl\":\"https:\\\/\\\/perle-in.com\\\/wp-content\\\/uploads\\\/2022\\\/12\\\/LOGO-PERLE-IN-COULEUR@3x.webp\",\"width\":1600,\"height\":490,\"caption\":\"PERLE IN\"},\"image\":{\"@id\":\"https:\\\/\\\/perle-in.com\\\/#\\\/schema\\\/logo\\\/image\\\/\"}}]}<\/script>\n<!-- \/ Yoast SEO plugin. -->","yoast_head_json":{"title":"Support de t\u00e9l\u00e9phone Alcor magn\u00e9tique et pliable en plastique recycl\u00e9 avec d\u00e9tails en bambou - PERLE IN","robots":{"index":"noindex","follow":"follow","max-snippet":"max-snippet:-1","max-image-preview":"max-image-preview:large","max-video-preview":"max-video-preview:-1"},"og_locale":"en_US","og_type":"article","og_title":"Support de t\u00e9l\u00e9phone Alcor magn\u00e9tique et pliable en plastique recycl\u00e9 avec d\u00e9tails en bambou - PERLE IN","og_description":"Le socle de t\u00e9l\u00e9phone Alcor est \u00e9l\u00e9gant. Il est fabriqu\u00e9 \u00e0 partir de plastique recycl\u00e9 et de bambou issu de sources durables. Sa conception pliable permet d\u2019obtenir plusieurs angles de vue, tandis que la fonction magn\u00e9tique int\u00e9gr\u00e9e maintient les iPhones 12 et plus r\u00e9cents en place en toute s\u00e9curit\u00e9. Parfait pour les bureaux, les tables de chevet et les d\u00e9placements.","og_url":"https:\/\/perle-in.com\/en\/product\/support-de-telephone-alcor-magnetique-et-pliable-en-plastique-recycle-avec-details-en-bambou\/","og_site_name":"PERLE IN","article_modified_time":"2025-10-16T06:32:12+00:00","og_image":[{"width":1600,"height":1600,"url":"https:\/\/perle-in.com\/wp-content\/uploads\/2025\/10\/12446301-1.jpg","type":"image\/jpeg"}],"twitter_card":"summary_large_image","schema":{"@context":"https:\/\/schema.org","@graph":[{"@type":"WebPage","@id":"https:\/\/perle-in.com\/produit\/support-de-telephone-alcor-magnetique-et-pliable-en-plastique-recycle-avec-details-en-bambou\/","url":"https:\/\/perle-in.com\/produit\/support-de-telephone-alcor-magnetique-et-pliable-en-plastique-recycle-avec-details-en-bambou\/","name":"Support de t\u00e9l\u00e9phone Alcor magn\u00e9tique et pliable en plastique recycl\u00e9 avec d\u00e9tails en bambou - PERLE IN","isPartOf":{"@id":"https:\/\/perle-in.com\/#website"},"primaryImageOfPage":{"@id":"https:\/\/perle-in.com\/produit\/support-de-telephone-alcor-magnetique-et-pliable-en-plastique-recycle-avec-details-en-bambou\/#primaryimage"},"image":{"@id":"https:\/\/perle-in.com\/produit\/support-de-telephone-alcor-magnetique-et-pliable-en-plastique-recycle-avec-details-en-bambou\/#primaryimage"},"thumbnailUrl":"https:\/\/perle-in.com\/wp-content\/uploads\/2025\/10\/12446301-1.jpg","datePublished":"2025-10-16T06:32:09+00:00","dateModified":"2025-10-16T06:32:12+00:00","breadcrumb":{"@id":"https:\/\/perle-in.com\/produit\/support-de-telephone-alcor-magnetique-et-pliable-en-plastique-recycle-avec-details-en-bambou\/#breadcrumb"},"inLanguage":"en-CA","potentialAction":[{"@type":"ReadAction","target":["https:\/\/perle-in.com\/produit\/support-de-telephone-alcor-magnetique-et-pliable-en-plastique-recycle-avec-details-en-bambou\/"]}]},{"@type":"ImageObject","inLanguage":"en-CA","@id":"https:\/\/perle-in.com\/produit\/support-de-telephone-alcor-magnetique-et-pliable-en-plastique-recycle-avec-details-en-bambou\/#primaryimage","url":"https:\/\/perle-in.com\/wp-content\/uploads\/2025\/10\/12446301-1.jpg","contentUrl":"https:\/\/perle-in.com\/wp-content\/uploads\/2025\/10\/12446301-1.jpg","width":1600,"height":1600},{"@type":"BreadcrumbList","@id":"https:\/\/perle-in.com\/produit\/support-de-telephone-alcor-magnetique-et-pliable-en-plastique-recycle-avec-details-en-bambou\/#breadcrumb","itemListElement":[{"@type":"ListItem","position":1,"name":"Accueil","item":"https:\/\/perle-in.com\/"},{"@type":"ListItem","position":2,"name":"Boutique","item":"https:\/\/perle-in.com\/boutique\/"},{"@type":"ListItem","position":3,"name":"Support de t\u00e9l\u00e9phone Alcor magn\u00e9tique et pliable en plastique recycl\u00e9 avec d\u00e9tails en bambou"}]},{"@type":"WebSite","@id":"https:\/\/perle-in.com\/#website","url":"https:\/\/perle-in.com\/","name":"PERLE IN","description":"","publisher":{"@id":"https:\/\/perle-in.com\/#organization"},"potentialAction":[{"@type":"SearchAction","target":{"@type":"EntryPoint","urlTemplate":"https:\/\/perle-in.com\/?s={search_term_string}"},"query-input":{"@type":"PropertyValueSpecification","valueRequired":true,"valueName":"search_term_string"}}],"inLanguage":"en-CA"},{"@type":"Organization","@id":"https:\/\/perle-in.com\/#organization","name":"PERLE IN","url":"https:\/\/perle-in.com\/","logo":{"@type":"ImageObject","inLanguage":"en-CA","@id":"https:\/\/perle-in.com\/#\/schema\/logo\/image\/","url":"https:\/\/perle-in.com\/wp-content\/uploads\/2022\/12\/LOGO-PERLE-IN-COULEUR@3x.webp","contentUrl":"https:\/\/perle-in.com\/wp-content\/uploads\/2022\/12\/LOGO-PERLE-IN-COULEUR@3x.webp","width":1600,"height":490,"caption":"PERLE IN"},"image":{"@id":"https:\/\/perle-in.com\/#\/schema\/logo\/image\/"}}]}},"jetpack_sharing_enabled":true,"_links":{"self":[{"href":"https:\/\/perle-in.com\/en\/wp-json\/wp\/v2\/product\/577539","targetHints":{"allow":["GET"]}}],"collection":[{"href":"https:\/\/perle-in.com\/en\/wp-json\/wp\/v2\/product"}],"about":[{"href":"https:\/\/perle-in.com\/en\/wp-json\/wp\/v2\/types\/product"}],"version-history":[{"count":0,"href":"https:\/\/perle-in.com\/en\/wp-json\/wp\/v2\/product\/577539\/revisions"}],"wp:featuredmedia":[{"embeddable":true,"href":"https:\/\/perle-in.com\/en\/wp-json\/wp\/v2\/media\/577533"}],"wp:attachment":[{"href":"https:\/\/perle-in.com\/en\/wp-json\/wp\/v2\/media?parent=577539"}],"wp:term":[{"taxonomy":"product_brand","embeddable":true,"href":"https:\/\/perle-in.com\/en\/wp-json\/wp\/v2\/product_brand?post=577539"},{"taxonomy":"product_cat","embeddable":true,"href":"https:\/\/perle-in.com\/en\/wp-json\/wp\/v2\/product_cat?post=577539"},{"taxonomy":"product_tag","embeddable":true,"href":"https:\/\/perle-in.com\/en\/wp-json\/wp\/v2\/product_tag?post=577539"}],"curies":[{"name":"wp","href":"https:\/\/api.w.org\/{rel}","templated":true}]}}