{"id":577505,"date":"2025-10-16T08:28:51","date_gmt":"2025-10-16T06:28:51","guid":{"rendered":"https:\/\/perle-in.com\/produit\/batterie-de-secours-solaire-altair-robuste-de-5-000-mah-et-10-w-en-plastique-recycle-avec-lampe-de-poche-integree\/"},"modified":"2025-10-16T08:28:52","modified_gmt":"2025-10-16T06:28:52","slug":"batterie-de-secours-solaire-altair-robuste-de-5-000-mah-et-10-w-en-plastique-recycle-avec-lampe-de-poche-integree","status":"publish","type":"product","link":"https:\/\/perle-in.com\/en\/product\/batterie-de-secours-solaire-altair-robuste-de-5-000-mah-et-10-w-en-plastique-recycle-avec-lampe-de-poche-integree\/","title":{"rendered":"Batterie de secours solaire Altair robuste de 5\u00a0000\u00a0mAh et 10\u00a0W en plastique recycl\u00e9 avec lampe de poche int\u00e9gr\u00e9e"},"content":{"rendered":"","protected":false},"excerpt":{"rendered":"<p>La batterie de secours solaire Altair de 5\u00a0000\u00a0mAh, fabriqu\u00e9e \u00e0 partir de plastique recycl\u00e9, est con\u00e7ue pour \u00eatre durable et pratique. Elle offre deux ports de sortie USB-A et un port d\u2019entr\u00e9e\/sortie Type-C pour des options de charge flexibles. Con\u00e7ue avec un ext\u00e9rieur robuste, elle est dot\u00e9e d\u2019un clip amovible pour une fixation facile, d\u2019une torche int\u00e9gr\u00e9e et de connecteurs rang\u00e9s en toute s\u00e9curit\u00e9 derri\u00e8re un capuchon en silicone. Gr\u00e2ce \u00e0 sa capacit\u00e9 de chargement solaire et \u00e0 son indicateur LED qui signale l\u2019\u00e9tat de charge, cette batterie de secours est le compagnon id\u00e9al pour les aventures en plein air.<\/p>","protected":false},"featured_media":577496,"template":"","meta":{"_eb_attr":""},"product_brand":[],"product_cat":[811,667],"product_tag":[812,938,816,814,815,837,836,3066],"class_list":{"0":"post-577505","1":"product","2":"type-product","3":"status-publish","4":"has-post-thumbnail","6":"product_cat-batteries-externes","7":"product_cat-technologie","8":"product_tag-batterie-de-secours","9":"product_tag-batteries-de-secours","10":"product_tag-charge","11":"product_tag-chargement","12":"product_tag-chargeur","13":"product_tag-durable","14":"product_tag-recycle","15":"product_tag-solaire","16":"pa_couleurs-noir","17":"pa_green-points-2166","18":"pa_matiere-plastique-recycle-abs","20":"first","21":"instock","22":"shipping-taxable","23":"purchasable","24":"product-type-variable"},"yoast_head":"<!-- This site is optimized with the Yoast SEO plugin v27.4 - https:\/\/yoast.com\/product\/yoast-seo-wordpress\/ -->\n<title>Batterie de secours solaire Altair robuste de 5\u00a0000\u00a0mAh et 10\u00a0W en plastique recycl\u00e9 avec lampe de poche int\u00e9gr\u00e9e - PERLE IN<\/title>\n<meta name=\"robots\" content=\"noindex, follow, max-snippet:-1, max-image-preview:large, max-video-preview:-1\" \/>\n<meta property=\"og:locale\" content=\"en_US\" \/>\n<meta property=\"og:type\" content=\"article\" \/>\n<meta property=\"og:title\" content=\"Batterie de secours solaire Altair robuste de 5\u00a0000\u00a0mAh et 10\u00a0W en plastique recycl\u00e9 avec lampe de poche int\u00e9gr\u00e9e - PERLE IN\" \/>\n<meta property=\"og:description\" content=\"La batterie de secours solaire Altair de 5\u00a0000\u00a0mAh, fabriqu\u00e9e \u00e0 partir de plastique recycl\u00e9, est con\u00e7ue pour \u00eatre durable et pratique. Elle offre deux ports de sortie USB-A et un port d\u2019entr\u00e9e\/sortie Type-C pour des options de charge flexibles. Con\u00e7ue avec un ext\u00e9rieur robuste, elle est dot\u00e9e d\u2019un clip amovible pour une fixation facile, d\u2019une torche int\u00e9gr\u00e9e et de connecteurs rang\u00e9s en toute s\u00e9curit\u00e9 derri\u00e8re un capuchon en silicone. Gr\u00e2ce \u00e0 sa capacit\u00e9 de chargement solaire et \u00e0 son indicateur LED qui signale l\u2019\u00e9tat de charge, cette batterie de secours est le compagnon id\u00e9al pour les aventures en plein air.\" \/>\n<meta property=\"og:url\" content=\"https:\/\/perle-in.com\/en\/product\/batterie-de-secours-solaire-altair-robuste-de-5-000-mah-et-10-w-en-plastique-recycle-avec-lampe-de-poche-integree\/\" \/>\n<meta property=\"og:site_name\" content=\"PERLE IN\" \/>\n<meta property=\"article:modified_time\" content=\"2025-10-16T06:28:52+00:00\" \/>\n<meta property=\"og:image\" content=\"https:\/\/perle-in.com\/wp-content\/uploads\/2025\/10\/12447190-1.jpg\" \/>\n\t<meta property=\"og:image:width\" content=\"1600\" \/>\n\t<meta property=\"og:image:height\" content=\"1600\" \/>\n\t<meta property=\"og:image:type\" content=\"image\/jpeg\" \/>\n<meta name=\"twitter:card\" content=\"summary_large_image\" \/>\n<script type=\"application\/ld+json\" class=\"yoast-schema-graph\">{\"@context\":\"https:\\\/\\\/schema.org\",\"@graph\":[{\"@type\":\"WebPage\",\"@id\":\"https:\\\/\\\/perle-in.com\\\/produit\\\/batterie-de-secours-solaire-altair-robuste-de-5-000-mah-et-10-w-en-plastique-recycle-avec-lampe-de-poche-integree\\\/\",\"url\":\"https:\\\/\\\/perle-in.com\\\/produit\\\/batterie-de-secours-solaire-altair-robuste-de-5-000-mah-et-10-w-en-plastique-recycle-avec-lampe-de-poche-integree\\\/\",\"name\":\"Batterie de secours solaire Altair robuste de 5\u00a0000\u00a0mAh et 10\u00a0W en plastique recycl\u00e9 avec lampe de poche int\u00e9gr\u00e9e - PERLE IN\",\"isPartOf\":{\"@id\":\"https:\\\/\\\/perle-in.com\\\/#website\"},\"primaryImageOfPage\":{\"@id\":\"https:\\\/\\\/perle-in.com\\\/produit\\\/batterie-de-secours-solaire-altair-robuste-de-5-000-mah-et-10-w-en-plastique-recycle-avec-lampe-de-poche-integree\\\/#primaryimage\"},\"image\":{\"@id\":\"https:\\\/\\\/perle-in.com\\\/produit\\\/batterie-de-secours-solaire-altair-robuste-de-5-000-mah-et-10-w-en-plastique-recycle-avec-lampe-de-poche-integree\\\/#primaryimage\"},\"thumbnailUrl\":\"https:\\\/\\\/perle-in.com\\\/wp-content\\\/uploads\\\/2025\\\/10\\\/12447190-1.jpg\",\"datePublished\":\"2025-10-16T06:28:51+00:00\",\"dateModified\":\"2025-10-16T06:28:52+00:00\",\"breadcrumb\":{\"@id\":\"https:\\\/\\\/perle-in.com\\\/produit\\\/batterie-de-secours-solaire-altair-robuste-de-5-000-mah-et-10-w-en-plastique-recycle-avec-lampe-de-poche-integree\\\/#breadcrumb\"},\"inLanguage\":\"en-CA\",\"potentialAction\":[{\"@type\":\"ReadAction\",\"target\":[\"https:\\\/\\\/perle-in.com\\\/produit\\\/batterie-de-secours-solaire-altair-robuste-de-5-000-mah-et-10-w-en-plastique-recycle-avec-lampe-de-poche-integree\\\/\"]}]},{\"@type\":\"ImageObject\",\"inLanguage\":\"en-CA\",\"@id\":\"https:\\\/\\\/perle-in.com\\\/produit\\\/batterie-de-secours-solaire-altair-robuste-de-5-000-mah-et-10-w-en-plastique-recycle-avec-lampe-de-poche-integree\\\/#primaryimage\",\"url\":\"https:\\\/\\\/perle-in.com\\\/wp-content\\\/uploads\\\/2025\\\/10\\\/12447190-1.jpg\",\"contentUrl\":\"https:\\\/\\\/perle-in.com\\\/wp-content\\\/uploads\\\/2025\\\/10\\\/12447190-1.jpg\",\"width\":1600,\"height\":1600},{\"@type\":\"BreadcrumbList\",\"@id\":\"https:\\\/\\\/perle-in.com\\\/produit\\\/batterie-de-secours-solaire-altair-robuste-de-5-000-mah-et-10-w-en-plastique-recycle-avec-lampe-de-poche-integree\\\/#breadcrumb\",\"itemListElement\":[{\"@type\":\"ListItem\",\"position\":1,\"name\":\"Accueil\",\"item\":\"https:\\\/\\\/perle-in.com\\\/\"},{\"@type\":\"ListItem\",\"position\":2,\"name\":\"Boutique\",\"item\":\"https:\\\/\\\/perle-in.com\\\/boutique\\\/\"},{\"@type\":\"ListItem\",\"position\":3,\"name\":\"Batterie de secours solaire Altair robuste de 5\u00a0000\u00a0mAh et 10\u00a0W en plastique recycl\u00e9 avec lampe de poche int\u00e9gr\u00e9e\"}]},{\"@type\":\"WebSite\",\"@id\":\"https:\\\/\\\/perle-in.com\\\/#website\",\"url\":\"https:\\\/\\\/perle-in.com\\\/\",\"name\":\"PERLE IN\",\"description\":\"\",\"publisher\":{\"@id\":\"https:\\\/\\\/perle-in.com\\\/#organization\"},\"potentialAction\":[{\"@type\":\"SearchAction\",\"target\":{\"@type\":\"EntryPoint\",\"urlTemplate\":\"https:\\\/\\\/perle-in.com\\\/?s={search_term_string}\"},\"query-input\":{\"@type\":\"PropertyValueSpecification\",\"valueRequired\":true,\"valueName\":\"search_term_string\"}}],\"inLanguage\":\"en-CA\"},{\"@type\":\"Organization\",\"@id\":\"https:\\\/\\\/perle-in.com\\\/#organization\",\"name\":\"PERLE IN\",\"url\":\"https:\\\/\\\/perle-in.com\\\/\",\"logo\":{\"@type\":\"ImageObject\",\"inLanguage\":\"en-CA\",\"@id\":\"https:\\\/\\\/perle-in.com\\\/#\\\/schema\\\/logo\\\/image\\\/\",\"url\":\"https:\\\/\\\/perle-in.com\\\/wp-content\\\/uploads\\\/2022\\\/12\\\/LOGO-PERLE-IN-COULEUR@3x.webp\",\"contentUrl\":\"https:\\\/\\\/perle-in.com\\\/wp-content\\\/uploads\\\/2022\\\/12\\\/LOGO-PERLE-IN-COULEUR@3x.webp\",\"width\":1600,\"height\":490,\"caption\":\"PERLE IN\"},\"image\":{\"@id\":\"https:\\\/\\\/perle-in.com\\\/#\\\/schema\\\/logo\\\/image\\\/\"}}]}<\/script>\n<!-- \/ Yoast SEO plugin. -->","yoast_head_json":{"title":"Batterie de secours solaire Altair robuste de 5\u00a0000\u00a0mAh et 10\u00a0W en plastique recycl\u00e9 avec lampe de poche int\u00e9gr\u00e9e - PERLE IN","robots":{"index":"noindex","follow":"follow","max-snippet":"max-snippet:-1","max-image-preview":"max-image-preview:large","max-video-preview":"max-video-preview:-1"},"og_locale":"en_US","og_type":"article","og_title":"Batterie de secours solaire Altair robuste de 5\u00a0000\u00a0mAh et 10\u00a0W en plastique recycl\u00e9 avec lampe de poche int\u00e9gr\u00e9e - PERLE IN","og_description":"La batterie de secours solaire Altair de 5\u00a0000\u00a0mAh, fabriqu\u00e9e \u00e0 partir de plastique recycl\u00e9, est con\u00e7ue pour \u00eatre durable et pratique. Elle offre deux ports de sortie USB-A et un port d\u2019entr\u00e9e\/sortie Type-C pour des options de charge flexibles. Con\u00e7ue avec un ext\u00e9rieur robuste, elle est dot\u00e9e d\u2019un clip amovible pour une fixation facile, d\u2019une torche int\u00e9gr\u00e9e et de connecteurs rang\u00e9s en toute s\u00e9curit\u00e9 derri\u00e8re un capuchon en silicone. Gr\u00e2ce \u00e0 sa capacit\u00e9 de chargement solaire et \u00e0 son indicateur LED qui signale l\u2019\u00e9tat de charge, cette batterie de secours est le compagnon id\u00e9al pour les aventures en plein air.","og_url":"https:\/\/perle-in.com\/en\/product\/batterie-de-secours-solaire-altair-robuste-de-5-000-mah-et-10-w-en-plastique-recycle-avec-lampe-de-poche-integree\/","og_site_name":"PERLE IN","article_modified_time":"2025-10-16T06:28:52+00:00","og_image":[{"width":1600,"height":1600,"url":"https:\/\/perle-in.com\/wp-content\/uploads\/2025\/10\/12447190-1.jpg","type":"image\/jpeg"}],"twitter_card":"summary_large_image","schema":{"@context":"https:\/\/schema.org","@graph":[{"@type":"WebPage","@id":"https:\/\/perle-in.com\/produit\/batterie-de-secours-solaire-altair-robuste-de-5-000-mah-et-10-w-en-plastique-recycle-avec-lampe-de-poche-integree\/","url":"https:\/\/perle-in.com\/produit\/batterie-de-secours-solaire-altair-robuste-de-5-000-mah-et-10-w-en-plastique-recycle-avec-lampe-de-poche-integree\/","name":"Batterie de secours solaire Altair robuste de 5\u00a0000\u00a0mAh et 10\u00a0W en plastique recycl\u00e9 avec lampe de poche int\u00e9gr\u00e9e - PERLE IN","isPartOf":{"@id":"https:\/\/perle-in.com\/#website"},"primaryImageOfPage":{"@id":"https:\/\/perle-in.com\/produit\/batterie-de-secours-solaire-altair-robuste-de-5-000-mah-et-10-w-en-plastique-recycle-avec-lampe-de-poche-integree\/#primaryimage"},"image":{"@id":"https:\/\/perle-in.com\/produit\/batterie-de-secours-solaire-altair-robuste-de-5-000-mah-et-10-w-en-plastique-recycle-avec-lampe-de-poche-integree\/#primaryimage"},"thumbnailUrl":"https:\/\/perle-in.com\/wp-content\/uploads\/2025\/10\/12447190-1.jpg","datePublished":"2025-10-16T06:28:51+00:00","dateModified":"2025-10-16T06:28:52+00:00","breadcrumb":{"@id":"https:\/\/perle-in.com\/produit\/batterie-de-secours-solaire-altair-robuste-de-5-000-mah-et-10-w-en-plastique-recycle-avec-lampe-de-poche-integree\/#breadcrumb"},"inLanguage":"en-CA","potentialAction":[{"@type":"ReadAction","target":["https:\/\/perle-in.com\/produit\/batterie-de-secours-solaire-altair-robuste-de-5-000-mah-et-10-w-en-plastique-recycle-avec-lampe-de-poche-integree\/"]}]},{"@type":"ImageObject","inLanguage":"en-CA","@id":"https:\/\/perle-in.com\/produit\/batterie-de-secours-solaire-altair-robuste-de-5-000-mah-et-10-w-en-plastique-recycle-avec-lampe-de-poche-integree\/#primaryimage","url":"https:\/\/perle-in.com\/wp-content\/uploads\/2025\/10\/12447190-1.jpg","contentUrl":"https:\/\/perle-in.com\/wp-content\/uploads\/2025\/10\/12447190-1.jpg","width":1600,"height":1600},{"@type":"BreadcrumbList","@id":"https:\/\/perle-in.com\/produit\/batterie-de-secours-solaire-altair-robuste-de-5-000-mah-et-10-w-en-plastique-recycle-avec-lampe-de-poche-integree\/#breadcrumb","itemListElement":[{"@type":"ListItem","position":1,"name":"Accueil","item":"https:\/\/perle-in.com\/"},{"@type":"ListItem","position":2,"name":"Boutique","item":"https:\/\/perle-in.com\/boutique\/"},{"@type":"ListItem","position":3,"name":"Batterie de secours solaire Altair robuste de 5\u00a0000\u00a0mAh et 10\u00a0W en plastique recycl\u00e9 avec lampe de poche int\u00e9gr\u00e9e"}]},{"@type":"WebSite","@id":"https:\/\/perle-in.com\/#website","url":"https:\/\/perle-in.com\/","name":"PERLE IN","description":"","publisher":{"@id":"https:\/\/perle-in.com\/#organization"},"potentialAction":[{"@type":"SearchAction","target":{"@type":"EntryPoint","urlTemplate":"https:\/\/perle-in.com\/?s={search_term_string}"},"query-input":{"@type":"PropertyValueSpecification","valueRequired":true,"valueName":"search_term_string"}}],"inLanguage":"en-CA"},{"@type":"Organization","@id":"https:\/\/perle-in.com\/#organization","name":"PERLE IN","url":"https:\/\/perle-in.com\/","logo":{"@type":"ImageObject","inLanguage":"en-CA","@id":"https:\/\/perle-in.com\/#\/schema\/logo\/image\/","url":"https:\/\/perle-in.com\/wp-content\/uploads\/2022\/12\/LOGO-PERLE-IN-COULEUR@3x.webp","contentUrl":"https:\/\/perle-in.com\/wp-content\/uploads\/2022\/12\/LOGO-PERLE-IN-COULEUR@3x.webp","width":1600,"height":490,"caption":"PERLE IN"},"image":{"@id":"https:\/\/perle-in.com\/#\/schema\/logo\/image\/"}}]}},"jetpack_sharing_enabled":true,"_links":{"self":[{"href":"https:\/\/perle-in.com\/en\/wp-json\/wp\/v2\/product\/577505","targetHints":{"allow":["GET"]}}],"collection":[{"href":"https:\/\/perle-in.com\/en\/wp-json\/wp\/v2\/product"}],"about":[{"href":"https:\/\/perle-in.com\/en\/wp-json\/wp\/v2\/types\/product"}],"version-history":[{"count":0,"href":"https:\/\/perle-in.com\/en\/wp-json\/wp\/v2\/product\/577505\/revisions"}],"wp:featuredmedia":[{"embeddable":true,"href":"https:\/\/perle-in.com\/en\/wp-json\/wp\/v2\/media\/577496"}],"wp:attachment":[{"href":"https:\/\/perle-in.com\/en\/wp-json\/wp\/v2\/media?parent=577505"}],"wp:term":[{"taxonomy":"product_brand","embeddable":true,"href":"https:\/\/perle-in.com\/en\/wp-json\/wp\/v2\/product_brand?post=577505"},{"taxonomy":"product_cat","embeddable":true,"href":"https:\/\/perle-in.com\/en\/wp-json\/wp\/v2\/product_cat?post=577505"},{"taxonomy":"product_tag","embeddable":true,"href":"https:\/\/perle-in.com\/en\/wp-json\/wp\/v2\/product_tag?post=577505"}],"curies":[{"name":"wp","href":"https:\/\/api.w.org\/{rel}","templated":true}]}}