{"id":577453,"date":"2025-10-16T08:22:47","date_gmt":"2025-10-16T06:22:47","guid":{"rendered":"https:\/\/perle-in.com\/produit\/support-de-telephone-albali-magnetique-en-plastique-recycle-avec-anneau-de-support\/"},"modified":"2025-10-16T08:22:49","modified_gmt":"2025-10-16T06:22:49","slug":"support-de-telephone-albali-magnetique-en-plastique-recycle-avec-anneau-de-support","status":"publish","type":"product","link":"https:\/\/perle-in.com\/en\/product\/support-de-telephone-albali-magnetique-en-plastique-recycle-avec-anneau-de-support\/","title":{"rendered":"Support de t\u00e9l\u00e9phone Albali magn\u00e9tique en plastique recycl\u00e9 avec anneau de support"},"content":{"rendered":"","protected":false},"excerpt":{"rendered":"<p>L\u2019accessoire de t\u00e9l\u00e9phone pratique Albali est fabriqu\u00e9 \u00e0 partir de plastique recycl\u00e9. Con\u00e7u pour les iPhones 12 et plus r\u00e9cents, il est dot\u00e9 d\u2019un solide support magn\u00e9tique et d\u2019un anneau int\u00e9gr\u00e9 qui sert \u00e0 la fois de poign\u00e9e s\u00e9curis\u00e9e et de support pratique. Il est id\u00e9al pour une utilisation mains libres et une s\u00e9curit\u00e9 accrue du t\u00e9l\u00e9phone.<\/p>","protected":false},"featured_media":577446,"template":"","meta":{"_eb_attr":""},"product_brand":[],"product_cat":[1207,667],"product_tag":[837,1442,742,836,1973,671],"class_list":{"0":"post-577453","1":"product","2":"type-product","3":"status-publish","4":"has-post-thumbnail","6":"product_cat-supports","7":"product_cat-technologie","8":"product_tag-durable","9":"product_tag-iphone","10":"product_tag-magnetique","11":"product_tag-recycle","12":"product_tag-support","13":"product_tag-telephone","14":"pa_couleurs-blanc","15":"pa_couleurs-noir","16":"pa_green-points-2910","17":"pa_matiere-plastique-recycle-abs","19":"first","20":"instock","21":"shipping-taxable","22":"purchasable","23":"product-type-variable"},"yoast_head":"<!-- This site is optimized with the Yoast SEO plugin v27.4 - https:\/\/yoast.com\/product\/yoast-seo-wordpress\/ -->\n<title>Support de t\u00e9l\u00e9phone Albali magn\u00e9tique en plastique recycl\u00e9 avec anneau de support - PERLE IN<\/title>\n<meta name=\"robots\" content=\"noindex, follow, max-snippet:-1, max-image-preview:large, max-video-preview:-1\" \/>\n<meta property=\"og:locale\" content=\"en_US\" \/>\n<meta property=\"og:type\" content=\"article\" \/>\n<meta property=\"og:title\" content=\"Support de t\u00e9l\u00e9phone Albali magn\u00e9tique en plastique recycl\u00e9 avec anneau de support - PERLE IN\" \/>\n<meta property=\"og:description\" content=\"L\u2019accessoire de t\u00e9l\u00e9phone pratique Albali est fabriqu\u00e9 \u00e0 partir de plastique recycl\u00e9. Con\u00e7u pour les iPhones 12 et plus r\u00e9cents, il est dot\u00e9 d\u2019un solide support magn\u00e9tique et d\u2019un anneau int\u00e9gr\u00e9 qui sert \u00e0 la fois de poign\u00e9e s\u00e9curis\u00e9e et de support pratique. Il est id\u00e9al pour une utilisation mains libres et une s\u00e9curit\u00e9 accrue du t\u00e9l\u00e9phone.\" \/>\n<meta property=\"og:url\" content=\"https:\/\/perle-in.com\/en\/product\/support-de-telephone-albali-magnetique-en-plastique-recycle-avec-anneau-de-support\/\" \/>\n<meta property=\"og:site_name\" content=\"PERLE IN\" \/>\n<meta property=\"article:modified_time\" content=\"2025-10-16T06:22:49+00:00\" \/>\n<meta property=\"og:image\" content=\"https:\/\/perle-in.com\/wp-content\/uploads\/2025\/10\/12446201-1.jpg\" \/>\n\t<meta property=\"og:image:width\" content=\"1600\" \/>\n\t<meta property=\"og:image:height\" content=\"1600\" \/>\n\t<meta property=\"og:image:type\" content=\"image\/jpeg\" \/>\n<meta name=\"twitter:card\" content=\"summary_large_image\" \/>\n<script type=\"application\/ld+json\" class=\"yoast-schema-graph\">{\"@context\":\"https:\\\/\\\/schema.org\",\"@graph\":[{\"@type\":\"WebPage\",\"@id\":\"https:\\\/\\\/perle-in.com\\\/produit\\\/support-de-telephone-albali-magnetique-en-plastique-recycle-avec-anneau-de-support\\\/\",\"url\":\"https:\\\/\\\/perle-in.com\\\/produit\\\/support-de-telephone-albali-magnetique-en-plastique-recycle-avec-anneau-de-support\\\/\",\"name\":\"Support de t\u00e9l\u00e9phone Albali magn\u00e9tique en plastique recycl\u00e9 avec anneau de support - PERLE IN\",\"isPartOf\":{\"@id\":\"https:\\\/\\\/perle-in.com\\\/#website\"},\"primaryImageOfPage\":{\"@id\":\"https:\\\/\\\/perle-in.com\\\/produit\\\/support-de-telephone-albali-magnetique-en-plastique-recycle-avec-anneau-de-support\\\/#primaryimage\"},\"image\":{\"@id\":\"https:\\\/\\\/perle-in.com\\\/produit\\\/support-de-telephone-albali-magnetique-en-plastique-recycle-avec-anneau-de-support\\\/#primaryimage\"},\"thumbnailUrl\":\"https:\\\/\\\/perle-in.com\\\/wp-content\\\/uploads\\\/2025\\\/10\\\/12446201-1.jpg\",\"datePublished\":\"2025-10-16T06:22:47+00:00\",\"dateModified\":\"2025-10-16T06:22:49+00:00\",\"breadcrumb\":{\"@id\":\"https:\\\/\\\/perle-in.com\\\/produit\\\/support-de-telephone-albali-magnetique-en-plastique-recycle-avec-anneau-de-support\\\/#breadcrumb\"},\"inLanguage\":\"en-CA\",\"potentialAction\":[{\"@type\":\"ReadAction\",\"target\":[\"https:\\\/\\\/perle-in.com\\\/produit\\\/support-de-telephone-albali-magnetique-en-plastique-recycle-avec-anneau-de-support\\\/\"]}]},{\"@type\":\"ImageObject\",\"inLanguage\":\"en-CA\",\"@id\":\"https:\\\/\\\/perle-in.com\\\/produit\\\/support-de-telephone-albali-magnetique-en-plastique-recycle-avec-anneau-de-support\\\/#primaryimage\",\"url\":\"https:\\\/\\\/perle-in.com\\\/wp-content\\\/uploads\\\/2025\\\/10\\\/12446201-1.jpg\",\"contentUrl\":\"https:\\\/\\\/perle-in.com\\\/wp-content\\\/uploads\\\/2025\\\/10\\\/12446201-1.jpg\",\"width\":1600,\"height\":1600},{\"@type\":\"BreadcrumbList\",\"@id\":\"https:\\\/\\\/perle-in.com\\\/produit\\\/support-de-telephone-albali-magnetique-en-plastique-recycle-avec-anneau-de-support\\\/#breadcrumb\",\"itemListElement\":[{\"@type\":\"ListItem\",\"position\":1,\"name\":\"Accueil\",\"item\":\"https:\\\/\\\/perle-in.com\\\/\"},{\"@type\":\"ListItem\",\"position\":2,\"name\":\"Boutique\",\"item\":\"https:\\\/\\\/perle-in.com\\\/boutique\\\/\"},{\"@type\":\"ListItem\",\"position\":3,\"name\":\"Support de t\u00e9l\u00e9phone Albali magn\u00e9tique en plastique recycl\u00e9 avec anneau de support\"}]},{\"@type\":\"WebSite\",\"@id\":\"https:\\\/\\\/perle-in.com\\\/#website\",\"url\":\"https:\\\/\\\/perle-in.com\\\/\",\"name\":\"PERLE IN\",\"description\":\"\",\"publisher\":{\"@id\":\"https:\\\/\\\/perle-in.com\\\/#organization\"},\"potentialAction\":[{\"@type\":\"SearchAction\",\"target\":{\"@type\":\"EntryPoint\",\"urlTemplate\":\"https:\\\/\\\/perle-in.com\\\/?s={search_term_string}\"},\"query-input\":{\"@type\":\"PropertyValueSpecification\",\"valueRequired\":true,\"valueName\":\"search_term_string\"}}],\"inLanguage\":\"en-CA\"},{\"@type\":\"Organization\",\"@id\":\"https:\\\/\\\/perle-in.com\\\/#organization\",\"name\":\"PERLE IN\",\"url\":\"https:\\\/\\\/perle-in.com\\\/\",\"logo\":{\"@type\":\"ImageObject\",\"inLanguage\":\"en-CA\",\"@id\":\"https:\\\/\\\/perle-in.com\\\/#\\\/schema\\\/logo\\\/image\\\/\",\"url\":\"https:\\\/\\\/perle-in.com\\\/wp-content\\\/uploads\\\/2022\\\/12\\\/LOGO-PERLE-IN-COULEUR@3x.webp\",\"contentUrl\":\"https:\\\/\\\/perle-in.com\\\/wp-content\\\/uploads\\\/2022\\\/12\\\/LOGO-PERLE-IN-COULEUR@3x.webp\",\"width\":1600,\"height\":490,\"caption\":\"PERLE IN\"},\"image\":{\"@id\":\"https:\\\/\\\/perle-in.com\\\/#\\\/schema\\\/logo\\\/image\\\/\"}}]}<\/script>\n<!-- \/ Yoast SEO plugin. -->","yoast_head_json":{"title":"Support de t\u00e9l\u00e9phone Albali magn\u00e9tique en plastique recycl\u00e9 avec anneau de support - PERLE IN","robots":{"index":"noindex","follow":"follow","max-snippet":"max-snippet:-1","max-image-preview":"max-image-preview:large","max-video-preview":"max-video-preview:-1"},"og_locale":"en_US","og_type":"article","og_title":"Support de t\u00e9l\u00e9phone Albali magn\u00e9tique en plastique recycl\u00e9 avec anneau de support - PERLE IN","og_description":"L\u2019accessoire de t\u00e9l\u00e9phone pratique Albali est fabriqu\u00e9 \u00e0 partir de plastique recycl\u00e9. Con\u00e7u pour les iPhones 12 et plus r\u00e9cents, il est dot\u00e9 d\u2019un solide support magn\u00e9tique et d\u2019un anneau int\u00e9gr\u00e9 qui sert \u00e0 la fois de poign\u00e9e s\u00e9curis\u00e9e et de support pratique. Il est id\u00e9al pour une utilisation mains libres et une s\u00e9curit\u00e9 accrue du t\u00e9l\u00e9phone.","og_url":"https:\/\/perle-in.com\/en\/product\/support-de-telephone-albali-magnetique-en-plastique-recycle-avec-anneau-de-support\/","og_site_name":"PERLE IN","article_modified_time":"2025-10-16T06:22:49+00:00","og_image":[{"width":1600,"height":1600,"url":"https:\/\/perle-in.com\/wp-content\/uploads\/2025\/10\/12446201-1.jpg","type":"image\/jpeg"}],"twitter_card":"summary_large_image","schema":{"@context":"https:\/\/schema.org","@graph":[{"@type":"WebPage","@id":"https:\/\/perle-in.com\/produit\/support-de-telephone-albali-magnetique-en-plastique-recycle-avec-anneau-de-support\/","url":"https:\/\/perle-in.com\/produit\/support-de-telephone-albali-magnetique-en-plastique-recycle-avec-anneau-de-support\/","name":"Support de t\u00e9l\u00e9phone Albali magn\u00e9tique en plastique recycl\u00e9 avec anneau de support - PERLE IN","isPartOf":{"@id":"https:\/\/perle-in.com\/#website"},"primaryImageOfPage":{"@id":"https:\/\/perle-in.com\/produit\/support-de-telephone-albali-magnetique-en-plastique-recycle-avec-anneau-de-support\/#primaryimage"},"image":{"@id":"https:\/\/perle-in.com\/produit\/support-de-telephone-albali-magnetique-en-plastique-recycle-avec-anneau-de-support\/#primaryimage"},"thumbnailUrl":"https:\/\/perle-in.com\/wp-content\/uploads\/2025\/10\/12446201-1.jpg","datePublished":"2025-10-16T06:22:47+00:00","dateModified":"2025-10-16T06:22:49+00:00","breadcrumb":{"@id":"https:\/\/perle-in.com\/produit\/support-de-telephone-albali-magnetique-en-plastique-recycle-avec-anneau-de-support\/#breadcrumb"},"inLanguage":"en-CA","potentialAction":[{"@type":"ReadAction","target":["https:\/\/perle-in.com\/produit\/support-de-telephone-albali-magnetique-en-plastique-recycle-avec-anneau-de-support\/"]}]},{"@type":"ImageObject","inLanguage":"en-CA","@id":"https:\/\/perle-in.com\/produit\/support-de-telephone-albali-magnetique-en-plastique-recycle-avec-anneau-de-support\/#primaryimage","url":"https:\/\/perle-in.com\/wp-content\/uploads\/2025\/10\/12446201-1.jpg","contentUrl":"https:\/\/perle-in.com\/wp-content\/uploads\/2025\/10\/12446201-1.jpg","width":1600,"height":1600},{"@type":"BreadcrumbList","@id":"https:\/\/perle-in.com\/produit\/support-de-telephone-albali-magnetique-en-plastique-recycle-avec-anneau-de-support\/#breadcrumb","itemListElement":[{"@type":"ListItem","position":1,"name":"Accueil","item":"https:\/\/perle-in.com\/"},{"@type":"ListItem","position":2,"name":"Boutique","item":"https:\/\/perle-in.com\/boutique\/"},{"@type":"ListItem","position":3,"name":"Support de t\u00e9l\u00e9phone Albali magn\u00e9tique en plastique recycl\u00e9 avec anneau de support"}]},{"@type":"WebSite","@id":"https:\/\/perle-in.com\/#website","url":"https:\/\/perle-in.com\/","name":"PERLE IN","description":"","publisher":{"@id":"https:\/\/perle-in.com\/#organization"},"potentialAction":[{"@type":"SearchAction","target":{"@type":"EntryPoint","urlTemplate":"https:\/\/perle-in.com\/?s={search_term_string}"},"query-input":{"@type":"PropertyValueSpecification","valueRequired":true,"valueName":"search_term_string"}}],"inLanguage":"en-CA"},{"@type":"Organization","@id":"https:\/\/perle-in.com\/#organization","name":"PERLE IN","url":"https:\/\/perle-in.com\/","logo":{"@type":"ImageObject","inLanguage":"en-CA","@id":"https:\/\/perle-in.com\/#\/schema\/logo\/image\/","url":"https:\/\/perle-in.com\/wp-content\/uploads\/2022\/12\/LOGO-PERLE-IN-COULEUR@3x.webp","contentUrl":"https:\/\/perle-in.com\/wp-content\/uploads\/2022\/12\/LOGO-PERLE-IN-COULEUR@3x.webp","width":1600,"height":490,"caption":"PERLE IN"},"image":{"@id":"https:\/\/perle-in.com\/#\/schema\/logo\/image\/"}}]}},"jetpack_sharing_enabled":true,"_links":{"self":[{"href":"https:\/\/perle-in.com\/en\/wp-json\/wp\/v2\/product\/577453","targetHints":{"allow":["GET"]}}],"collection":[{"href":"https:\/\/perle-in.com\/en\/wp-json\/wp\/v2\/product"}],"about":[{"href":"https:\/\/perle-in.com\/en\/wp-json\/wp\/v2\/types\/product"}],"version-history":[{"count":0,"href":"https:\/\/perle-in.com\/en\/wp-json\/wp\/v2\/product\/577453\/revisions"}],"wp:featuredmedia":[{"embeddable":true,"href":"https:\/\/perle-in.com\/en\/wp-json\/wp\/v2\/media\/577446"}],"wp:attachment":[{"href":"https:\/\/perle-in.com\/en\/wp-json\/wp\/v2\/media?parent=577453"}],"wp:term":[{"taxonomy":"product_brand","embeddable":true,"href":"https:\/\/perle-in.com\/en\/wp-json\/wp\/v2\/product_brand?post=577453"},{"taxonomy":"product_cat","embeddable":true,"href":"https:\/\/perle-in.com\/en\/wp-json\/wp\/v2\/product_cat?post=577453"},{"taxonomy":"product_tag","embeddable":true,"href":"https:\/\/perle-in.com\/en\/wp-json\/wp\/v2\/product_tag?post=577453"}],"curies":[{"name":"wp","href":"https:\/\/api.w.org\/{rel}","templated":true}]}}