{"id":577426,"date":"2025-10-16T08:20:56","date_gmt":"2025-10-16T06:20:56","guid":{"rendered":"https:\/\/perle-in.com\/produit\/support-de-telephone-aggia-avec-jouet-fidget-en-plastique-recycle\/"},"modified":"2025-10-16T08:21:01","modified_gmt":"2025-10-16T06:21:01","slug":"support-de-telephone-aggia-avec-jouet-fidget-en-plastique-recycle","status":"publish","type":"product","link":"https:\/\/perle-in.com\/en\/product\/support-de-telephone-aggia-avec-jouet-fidget-en-plastique-recycle\/","title":{"rendered":"Support de t\u00e9l\u00e9phone Aggia avec jouet fidget en plastique recycl\u00e9"},"content":{"rendered":"","protected":false},"excerpt":{"rendered":"<p>L\u2019accessoire Aggia est amusant et fonctionnel. Il est fabriqu\u00e9 \u00e0 partir de plastique recycl\u00e9. Il associe un socle de t\u00e9l\u00e9phone int\u00e9gr\u00e9 \u00e0 un jouet fidget pour vous aider \u00e0 rester d\u00e9tendu et concentr\u00e9. Compact et facile \u00e0 transporter, il est \u00e9galement livr\u00e9 avec un porte-cl\u00e9s pour une utilisation quotidienne.<\/p>","protected":false},"featured_media":577417,"template":"","meta":{"_eb_attr":""},"product_brand":[],"product_cat":[1207,667],"product_tag":[4132,4133,1021,2912,1973,671],"class_list":{"0":"post-577426","1":"product","2":"type-product","3":"status-publish","4":"has-post-thumbnail","6":"product_cat-supports","7":"product_cat-technologie","8":"product_tag-fidget","9":"product_tag-jouet","10":"product_tag-porte-cles","11":"product_tag-socle","12":"product_tag-support","13":"product_tag-telephone","14":"pa_couleurs-blanc","15":"pa_couleurs-bleu-royal","16":"pa_couleurs-noir","17":"pa_couleurs-rouge","18":"pa_green-points-3218","19":"pa_matiere-plastique-recycle-abs","21":"first","22":"instock","23":"shipping-taxable","24":"purchasable","25":"product-type-variable"},"yoast_head":"<!-- This site is optimized with the Yoast SEO plugin v27.4 - https:\/\/yoast.com\/product\/yoast-seo-wordpress\/ -->\n<title>Support de t\u00e9l\u00e9phone Aggia avec jouet fidget en plastique recycl\u00e9 - PERLE IN<\/title>\n<meta name=\"robots\" content=\"noindex, follow, max-snippet:-1, max-image-preview:large, max-video-preview:-1\" \/>\n<meta property=\"og:locale\" content=\"en_US\" \/>\n<meta property=\"og:type\" content=\"article\" \/>\n<meta property=\"og:title\" content=\"Support de t\u00e9l\u00e9phone Aggia avec jouet fidget en plastique recycl\u00e9 - PERLE IN\" \/>\n<meta property=\"og:description\" content=\"L\u2019accessoire Aggia est amusant et fonctionnel. Il est fabriqu\u00e9 \u00e0 partir de plastique recycl\u00e9. Il associe un socle de t\u00e9l\u00e9phone int\u00e9gr\u00e9 \u00e0 un jouet fidget pour vous aider \u00e0 rester d\u00e9tendu et concentr\u00e9. Compact et facile \u00e0 transporter, il est \u00e9galement livr\u00e9 avec un porte-cl\u00e9s pour une utilisation quotidienne.\" \/>\n<meta property=\"og:url\" content=\"https:\/\/perle-in.com\/en\/product\/support-de-telephone-aggia-avec-jouet-fidget-en-plastique-recycle\/\" \/>\n<meta property=\"og:site_name\" content=\"PERLE IN\" \/>\n<meta property=\"article:modified_time\" content=\"2025-10-16T06:21:01+00:00\" \/>\n<meta property=\"og:image\" content=\"https:\/\/perle-in.com\/wp-content\/uploads\/2025\/10\/12446001-1.jpg\" \/>\n\t<meta property=\"og:image:width\" content=\"1600\" \/>\n\t<meta property=\"og:image:height\" content=\"1600\" \/>\n\t<meta property=\"og:image:type\" content=\"image\/jpeg\" \/>\n<meta name=\"twitter:card\" content=\"summary_large_image\" \/>\n<script type=\"application\/ld+json\" class=\"yoast-schema-graph\">{\"@context\":\"https:\\\/\\\/schema.org\",\"@graph\":[{\"@type\":\"WebPage\",\"@id\":\"https:\\\/\\\/perle-in.com\\\/produit\\\/support-de-telephone-aggia-avec-jouet-fidget-en-plastique-recycle\\\/\",\"url\":\"https:\\\/\\\/perle-in.com\\\/produit\\\/support-de-telephone-aggia-avec-jouet-fidget-en-plastique-recycle\\\/\",\"name\":\"Support de t\u00e9l\u00e9phone Aggia avec jouet fidget en plastique recycl\u00e9 - PERLE IN\",\"isPartOf\":{\"@id\":\"https:\\\/\\\/perle-in.com\\\/#website\"},\"primaryImageOfPage\":{\"@id\":\"https:\\\/\\\/perle-in.com\\\/produit\\\/support-de-telephone-aggia-avec-jouet-fidget-en-plastique-recycle\\\/#primaryimage\"},\"image\":{\"@id\":\"https:\\\/\\\/perle-in.com\\\/produit\\\/support-de-telephone-aggia-avec-jouet-fidget-en-plastique-recycle\\\/#primaryimage\"},\"thumbnailUrl\":\"https:\\\/\\\/perle-in.com\\\/wp-content\\\/uploads\\\/2025\\\/10\\\/12446001-1.jpg\",\"datePublished\":\"2025-10-16T06:20:56+00:00\",\"dateModified\":\"2025-10-16T06:21:01+00:00\",\"breadcrumb\":{\"@id\":\"https:\\\/\\\/perle-in.com\\\/produit\\\/support-de-telephone-aggia-avec-jouet-fidget-en-plastique-recycle\\\/#breadcrumb\"},\"inLanguage\":\"en-CA\",\"potentialAction\":[{\"@type\":\"ReadAction\",\"target\":[\"https:\\\/\\\/perle-in.com\\\/produit\\\/support-de-telephone-aggia-avec-jouet-fidget-en-plastique-recycle\\\/\"]}]},{\"@type\":\"ImageObject\",\"inLanguage\":\"en-CA\",\"@id\":\"https:\\\/\\\/perle-in.com\\\/produit\\\/support-de-telephone-aggia-avec-jouet-fidget-en-plastique-recycle\\\/#primaryimage\",\"url\":\"https:\\\/\\\/perle-in.com\\\/wp-content\\\/uploads\\\/2025\\\/10\\\/12446001-1.jpg\",\"contentUrl\":\"https:\\\/\\\/perle-in.com\\\/wp-content\\\/uploads\\\/2025\\\/10\\\/12446001-1.jpg\",\"width\":1600,\"height\":1600},{\"@type\":\"BreadcrumbList\",\"@id\":\"https:\\\/\\\/perle-in.com\\\/produit\\\/support-de-telephone-aggia-avec-jouet-fidget-en-plastique-recycle\\\/#breadcrumb\",\"itemListElement\":[{\"@type\":\"ListItem\",\"position\":1,\"name\":\"Accueil\",\"item\":\"https:\\\/\\\/perle-in.com\\\/\"},{\"@type\":\"ListItem\",\"position\":2,\"name\":\"Boutique\",\"item\":\"https:\\\/\\\/perle-in.com\\\/boutique\\\/\"},{\"@type\":\"ListItem\",\"position\":3,\"name\":\"Support de t\u00e9l\u00e9phone Aggia avec jouet fidget en plastique recycl\u00e9\"}]},{\"@type\":\"WebSite\",\"@id\":\"https:\\\/\\\/perle-in.com\\\/#website\",\"url\":\"https:\\\/\\\/perle-in.com\\\/\",\"name\":\"PERLE IN\",\"description\":\"\",\"publisher\":{\"@id\":\"https:\\\/\\\/perle-in.com\\\/#organization\"},\"potentialAction\":[{\"@type\":\"SearchAction\",\"target\":{\"@type\":\"EntryPoint\",\"urlTemplate\":\"https:\\\/\\\/perle-in.com\\\/?s={search_term_string}\"},\"query-input\":{\"@type\":\"PropertyValueSpecification\",\"valueRequired\":true,\"valueName\":\"search_term_string\"}}],\"inLanguage\":\"en-CA\"},{\"@type\":\"Organization\",\"@id\":\"https:\\\/\\\/perle-in.com\\\/#organization\",\"name\":\"PERLE IN\",\"url\":\"https:\\\/\\\/perle-in.com\\\/\",\"logo\":{\"@type\":\"ImageObject\",\"inLanguage\":\"en-CA\",\"@id\":\"https:\\\/\\\/perle-in.com\\\/#\\\/schema\\\/logo\\\/image\\\/\",\"url\":\"https:\\\/\\\/perle-in.com\\\/wp-content\\\/uploads\\\/2022\\\/12\\\/LOGO-PERLE-IN-COULEUR@3x.webp\",\"contentUrl\":\"https:\\\/\\\/perle-in.com\\\/wp-content\\\/uploads\\\/2022\\\/12\\\/LOGO-PERLE-IN-COULEUR@3x.webp\",\"width\":1600,\"height\":490,\"caption\":\"PERLE IN\"},\"image\":{\"@id\":\"https:\\\/\\\/perle-in.com\\\/#\\\/schema\\\/logo\\\/image\\\/\"}}]}<\/script>\n<!-- \/ Yoast SEO plugin. -->","yoast_head_json":{"title":"Support de t\u00e9l\u00e9phone Aggia avec jouet fidget en plastique recycl\u00e9 - PERLE IN","robots":{"index":"noindex","follow":"follow","max-snippet":"max-snippet:-1","max-image-preview":"max-image-preview:large","max-video-preview":"max-video-preview:-1"},"og_locale":"en_US","og_type":"article","og_title":"Support de t\u00e9l\u00e9phone Aggia avec jouet fidget en plastique recycl\u00e9 - PERLE IN","og_description":"L\u2019accessoire Aggia est amusant et fonctionnel. Il est fabriqu\u00e9 \u00e0 partir de plastique recycl\u00e9. Il associe un socle de t\u00e9l\u00e9phone int\u00e9gr\u00e9 \u00e0 un jouet fidget pour vous aider \u00e0 rester d\u00e9tendu et concentr\u00e9. Compact et facile \u00e0 transporter, il est \u00e9galement livr\u00e9 avec un porte-cl\u00e9s pour une utilisation quotidienne.","og_url":"https:\/\/perle-in.com\/en\/product\/support-de-telephone-aggia-avec-jouet-fidget-en-plastique-recycle\/","og_site_name":"PERLE IN","article_modified_time":"2025-10-16T06:21:01+00:00","og_image":[{"width":1600,"height":1600,"url":"https:\/\/perle-in.com\/wp-content\/uploads\/2025\/10\/12446001-1.jpg","type":"image\/jpeg"}],"twitter_card":"summary_large_image","schema":{"@context":"https:\/\/schema.org","@graph":[{"@type":"WebPage","@id":"https:\/\/perle-in.com\/produit\/support-de-telephone-aggia-avec-jouet-fidget-en-plastique-recycle\/","url":"https:\/\/perle-in.com\/produit\/support-de-telephone-aggia-avec-jouet-fidget-en-plastique-recycle\/","name":"Support de t\u00e9l\u00e9phone Aggia avec jouet fidget en plastique recycl\u00e9 - PERLE IN","isPartOf":{"@id":"https:\/\/perle-in.com\/#website"},"primaryImageOfPage":{"@id":"https:\/\/perle-in.com\/produit\/support-de-telephone-aggia-avec-jouet-fidget-en-plastique-recycle\/#primaryimage"},"image":{"@id":"https:\/\/perle-in.com\/produit\/support-de-telephone-aggia-avec-jouet-fidget-en-plastique-recycle\/#primaryimage"},"thumbnailUrl":"https:\/\/perle-in.com\/wp-content\/uploads\/2025\/10\/12446001-1.jpg","datePublished":"2025-10-16T06:20:56+00:00","dateModified":"2025-10-16T06:21:01+00:00","breadcrumb":{"@id":"https:\/\/perle-in.com\/produit\/support-de-telephone-aggia-avec-jouet-fidget-en-plastique-recycle\/#breadcrumb"},"inLanguage":"en-CA","potentialAction":[{"@type":"ReadAction","target":["https:\/\/perle-in.com\/produit\/support-de-telephone-aggia-avec-jouet-fidget-en-plastique-recycle\/"]}]},{"@type":"ImageObject","inLanguage":"en-CA","@id":"https:\/\/perle-in.com\/produit\/support-de-telephone-aggia-avec-jouet-fidget-en-plastique-recycle\/#primaryimage","url":"https:\/\/perle-in.com\/wp-content\/uploads\/2025\/10\/12446001-1.jpg","contentUrl":"https:\/\/perle-in.com\/wp-content\/uploads\/2025\/10\/12446001-1.jpg","width":1600,"height":1600},{"@type":"BreadcrumbList","@id":"https:\/\/perle-in.com\/produit\/support-de-telephone-aggia-avec-jouet-fidget-en-plastique-recycle\/#breadcrumb","itemListElement":[{"@type":"ListItem","position":1,"name":"Accueil","item":"https:\/\/perle-in.com\/"},{"@type":"ListItem","position":2,"name":"Boutique","item":"https:\/\/perle-in.com\/boutique\/"},{"@type":"ListItem","position":3,"name":"Support de t\u00e9l\u00e9phone Aggia avec jouet fidget en plastique recycl\u00e9"}]},{"@type":"WebSite","@id":"https:\/\/perle-in.com\/#website","url":"https:\/\/perle-in.com\/","name":"PERLE IN","description":"","publisher":{"@id":"https:\/\/perle-in.com\/#organization"},"potentialAction":[{"@type":"SearchAction","target":{"@type":"EntryPoint","urlTemplate":"https:\/\/perle-in.com\/?s={search_term_string}"},"query-input":{"@type":"PropertyValueSpecification","valueRequired":true,"valueName":"search_term_string"}}],"inLanguage":"en-CA"},{"@type":"Organization","@id":"https:\/\/perle-in.com\/#organization","name":"PERLE IN","url":"https:\/\/perle-in.com\/","logo":{"@type":"ImageObject","inLanguage":"en-CA","@id":"https:\/\/perle-in.com\/#\/schema\/logo\/image\/","url":"https:\/\/perle-in.com\/wp-content\/uploads\/2022\/12\/LOGO-PERLE-IN-COULEUR@3x.webp","contentUrl":"https:\/\/perle-in.com\/wp-content\/uploads\/2022\/12\/LOGO-PERLE-IN-COULEUR@3x.webp","width":1600,"height":490,"caption":"PERLE IN"},"image":{"@id":"https:\/\/perle-in.com\/#\/schema\/logo\/image\/"}}]}},"jetpack_sharing_enabled":true,"_links":{"self":[{"href":"https:\/\/perle-in.com\/en\/wp-json\/wp\/v2\/product\/577426","targetHints":{"allow":["GET"]}}],"collection":[{"href":"https:\/\/perle-in.com\/en\/wp-json\/wp\/v2\/product"}],"about":[{"href":"https:\/\/perle-in.com\/en\/wp-json\/wp\/v2\/types\/product"}],"version-history":[{"count":0,"href":"https:\/\/perle-in.com\/en\/wp-json\/wp\/v2\/product\/577426\/revisions"}],"wp:featuredmedia":[{"embeddable":true,"href":"https:\/\/perle-in.com\/en\/wp-json\/wp\/v2\/media\/577417"}],"wp:attachment":[{"href":"https:\/\/perle-in.com\/en\/wp-json\/wp\/v2\/media?parent=577426"}],"wp:term":[{"taxonomy":"product_brand","embeddable":true,"href":"https:\/\/perle-in.com\/en\/wp-json\/wp\/v2\/product_brand?post=577426"},{"taxonomy":"product_cat","embeddable":true,"href":"https:\/\/perle-in.com\/en\/wp-json\/wp\/v2\/product_cat?post=577426"},{"taxonomy":"product_tag","embeddable":true,"href":"https:\/\/perle-in.com\/en\/wp-json\/wp\/v2\/product_tag?post=577426"}],"curies":[{"name":"wp","href":"https:\/\/api.w.org\/{rel}","templated":true}]}}