{"id":577414,"date":"2025-10-16T08:20:17","date_gmt":"2025-10-16T06:20:17","guid":{"rendered":"https:\/\/perle-in.com\/produit\/batterie-externe-alkes-de-5-000-mah-et-12-w-en-plastique-recycle-resistante-a-leau-avec-mousqueton\/"},"modified":"2025-10-16T08:20:19","modified_gmt":"2025-10-16T06:20:19","slug":"batterie-externe-alkes-de-5-000-mah-et-12-w-en-plastique-recycle-resistante-a-leau-avec-mousqueton","status":"publish","type":"product","link":"https:\/\/perle-in.com\/en\/product\/batterie-externe-alkes-de-5-000-mah-et-12-w-en-plastique-recycle-resistante-a-leau-avec-mousqueton\/","title":{"rendered":"Batterie externe Alkes de 5\u00a0000 mAh et 12\u00a0W en plastique recycl\u00e9 r\u00e9sistante \u00e0 l\u2019eau avec mousqueton"},"content":{"rendered":"","protected":false},"excerpt":{"rendered":"<p>Ayez toujours du courant lors de vos d\u00e9placements avec la batterie de secours Alkes de 5\u00a0000\u00a0mAh, fabriqu\u00e9e \u00e0 partir de plastique recycl\u00e9. Con\u00e7ue pour une utilisation en ext\u00e9rieur, elle est dot\u00e9e d\u2019un mousqueton int\u00e9gr\u00e9 et d\u2019une conception \u00e9tanche (IPX5), capable de r\u00e9sister \u00e0 des jets d\u2019eau \u00e0 faible pression tels que la pluie. Les ports USB sont prot\u00e9g\u00e9s par un couvercle en silicone, tandis que l\u2019indicateur LED affiche l\u2019\u00e9tat de charge. C\u2019est id\u00e9al pour la randonn\u00e9e, le camping ou les d\u00e9placements quotidiens.<\/p>","protected":false},"featured_media":577404,"template":"","meta":{"_eb_attr":""},"product_brand":[],"product_cat":[811,667],"product_tag":[812,938,816,3796,815,837,836],"class_list":{"0":"post-577414","1":"product","2":"type-product","3":"status-publish","4":"has-post-thumbnail","6":"product_cat-batteries-externes","7":"product_cat-technologie","8":"product_tag-batterie-de-secours","9":"product_tag-batteries-de-secours","10":"product_tag-charge","11":"product_tag-charger","12":"product_tag-chargeur","13":"product_tag-durable","14":"product_tag-recycle","15":"pa_couleurs-blanc","16":"pa_couleurs-noir","17":"pa_green-points-2910","18":"pa_matiere-plastique-recycle-abs","20":"first","21":"instock","22":"shipping-taxable","23":"purchasable","24":"product-type-variable"},"yoast_head":"<!-- This site is optimized with the Yoast SEO plugin v27.4 - https:\/\/yoast.com\/product\/yoast-seo-wordpress\/ -->\n<title>Batterie externe Alkes de 5\u00a0000 mAh et 12\u00a0W en plastique recycl\u00e9 r\u00e9sistante \u00e0 l\u2019eau avec mousqueton - PERLE IN<\/title>\n<meta name=\"robots\" content=\"noindex, follow, max-snippet:-1, max-image-preview:large, max-video-preview:-1\" \/>\n<meta property=\"og:locale\" content=\"en_US\" \/>\n<meta property=\"og:type\" content=\"article\" \/>\n<meta property=\"og:title\" content=\"Batterie externe Alkes de 5\u00a0000 mAh et 12\u00a0W en plastique recycl\u00e9 r\u00e9sistante \u00e0 l\u2019eau avec mousqueton - PERLE IN\" \/>\n<meta property=\"og:description\" content=\"Ayez toujours du courant lors de vos d\u00e9placements avec la batterie de secours Alkes de 5\u00a0000\u00a0mAh, fabriqu\u00e9e \u00e0 partir de plastique recycl\u00e9. Con\u00e7ue pour une utilisation en ext\u00e9rieur, elle est dot\u00e9e d\u2019un mousqueton int\u00e9gr\u00e9 et d\u2019une conception \u00e9tanche (IPX5), capable de r\u00e9sister \u00e0 des jets d\u2019eau \u00e0 faible pression tels que la pluie. Les ports USB sont prot\u00e9g\u00e9s par un couvercle en silicone, tandis que l\u2019indicateur LED affiche l\u2019\u00e9tat de charge. C\u2019est id\u00e9al pour la randonn\u00e9e, le camping ou les d\u00e9placements quotidiens.\" \/>\n<meta property=\"og:url\" content=\"https:\/\/perle-in.com\/en\/product\/batterie-externe-alkes-de-5-000-mah-et-12-w-en-plastique-recycle-resistante-a-leau-avec-mousqueton\/\" \/>\n<meta property=\"og:site_name\" content=\"PERLE IN\" \/>\n<meta property=\"article:modified_time\" content=\"2025-10-16T06:20:19+00:00\" \/>\n<meta property=\"og:image\" content=\"https:\/\/perle-in.com\/wp-content\/uploads\/2025\/10\/12447001-1.jpg\" \/>\n\t<meta property=\"og:image:width\" content=\"1600\" \/>\n\t<meta property=\"og:image:height\" content=\"1600\" \/>\n\t<meta property=\"og:image:type\" content=\"image\/jpeg\" \/>\n<meta name=\"twitter:card\" content=\"summary_large_image\" \/>\n<script type=\"application\/ld+json\" class=\"yoast-schema-graph\">{\"@context\":\"https:\\\/\\\/schema.org\",\"@graph\":[{\"@type\":\"WebPage\",\"@id\":\"https:\\\/\\\/perle-in.com\\\/produit\\\/batterie-externe-alkes-de-5-000-mah-et-12-w-en-plastique-recycle-resistante-a-leau-avec-mousqueton\\\/\",\"url\":\"https:\\\/\\\/perle-in.com\\\/produit\\\/batterie-externe-alkes-de-5-000-mah-et-12-w-en-plastique-recycle-resistante-a-leau-avec-mousqueton\\\/\",\"name\":\"Batterie externe Alkes de 5\u00a0000 mAh et 12\u00a0W en plastique recycl\u00e9 r\u00e9sistante \u00e0 l\u2019eau avec mousqueton - PERLE IN\",\"isPartOf\":{\"@id\":\"https:\\\/\\\/perle-in.com\\\/#website\"},\"primaryImageOfPage\":{\"@id\":\"https:\\\/\\\/perle-in.com\\\/produit\\\/batterie-externe-alkes-de-5-000-mah-et-12-w-en-plastique-recycle-resistante-a-leau-avec-mousqueton\\\/#primaryimage\"},\"image\":{\"@id\":\"https:\\\/\\\/perle-in.com\\\/produit\\\/batterie-externe-alkes-de-5-000-mah-et-12-w-en-plastique-recycle-resistante-a-leau-avec-mousqueton\\\/#primaryimage\"},\"thumbnailUrl\":\"https:\\\/\\\/perle-in.com\\\/wp-content\\\/uploads\\\/2025\\\/10\\\/12447001-1.jpg\",\"datePublished\":\"2025-10-16T06:20:17+00:00\",\"dateModified\":\"2025-10-16T06:20:19+00:00\",\"breadcrumb\":{\"@id\":\"https:\\\/\\\/perle-in.com\\\/produit\\\/batterie-externe-alkes-de-5-000-mah-et-12-w-en-plastique-recycle-resistante-a-leau-avec-mousqueton\\\/#breadcrumb\"},\"inLanguage\":\"en-CA\",\"potentialAction\":[{\"@type\":\"ReadAction\",\"target\":[\"https:\\\/\\\/perle-in.com\\\/produit\\\/batterie-externe-alkes-de-5-000-mah-et-12-w-en-plastique-recycle-resistante-a-leau-avec-mousqueton\\\/\"]}]},{\"@type\":\"ImageObject\",\"inLanguage\":\"en-CA\",\"@id\":\"https:\\\/\\\/perle-in.com\\\/produit\\\/batterie-externe-alkes-de-5-000-mah-et-12-w-en-plastique-recycle-resistante-a-leau-avec-mousqueton\\\/#primaryimage\",\"url\":\"https:\\\/\\\/perle-in.com\\\/wp-content\\\/uploads\\\/2025\\\/10\\\/12447001-1.jpg\",\"contentUrl\":\"https:\\\/\\\/perle-in.com\\\/wp-content\\\/uploads\\\/2025\\\/10\\\/12447001-1.jpg\",\"width\":1600,\"height\":1600},{\"@type\":\"BreadcrumbList\",\"@id\":\"https:\\\/\\\/perle-in.com\\\/produit\\\/batterie-externe-alkes-de-5-000-mah-et-12-w-en-plastique-recycle-resistante-a-leau-avec-mousqueton\\\/#breadcrumb\",\"itemListElement\":[{\"@type\":\"ListItem\",\"position\":1,\"name\":\"Accueil\",\"item\":\"https:\\\/\\\/perle-in.com\\\/\"},{\"@type\":\"ListItem\",\"position\":2,\"name\":\"Boutique\",\"item\":\"https:\\\/\\\/perle-in.com\\\/boutique\\\/\"},{\"@type\":\"ListItem\",\"position\":3,\"name\":\"Batterie externe Alkes de 5\u00a0000 mAh et 12\u00a0W en plastique recycl\u00e9 r\u00e9sistante \u00e0 l\u2019eau avec mousqueton\"}]},{\"@type\":\"WebSite\",\"@id\":\"https:\\\/\\\/perle-in.com\\\/#website\",\"url\":\"https:\\\/\\\/perle-in.com\\\/\",\"name\":\"PERLE IN\",\"description\":\"\",\"publisher\":{\"@id\":\"https:\\\/\\\/perle-in.com\\\/#organization\"},\"potentialAction\":[{\"@type\":\"SearchAction\",\"target\":{\"@type\":\"EntryPoint\",\"urlTemplate\":\"https:\\\/\\\/perle-in.com\\\/?s={search_term_string}\"},\"query-input\":{\"@type\":\"PropertyValueSpecification\",\"valueRequired\":true,\"valueName\":\"search_term_string\"}}],\"inLanguage\":\"en-CA\"},{\"@type\":\"Organization\",\"@id\":\"https:\\\/\\\/perle-in.com\\\/#organization\",\"name\":\"PERLE IN\",\"url\":\"https:\\\/\\\/perle-in.com\\\/\",\"logo\":{\"@type\":\"ImageObject\",\"inLanguage\":\"en-CA\",\"@id\":\"https:\\\/\\\/perle-in.com\\\/#\\\/schema\\\/logo\\\/image\\\/\",\"url\":\"https:\\\/\\\/perle-in.com\\\/wp-content\\\/uploads\\\/2022\\\/12\\\/LOGO-PERLE-IN-COULEUR@3x.webp\",\"contentUrl\":\"https:\\\/\\\/perle-in.com\\\/wp-content\\\/uploads\\\/2022\\\/12\\\/LOGO-PERLE-IN-COULEUR@3x.webp\",\"width\":1600,\"height\":490,\"caption\":\"PERLE IN\"},\"image\":{\"@id\":\"https:\\\/\\\/perle-in.com\\\/#\\\/schema\\\/logo\\\/image\\\/\"}}]}<\/script>\n<!-- \/ Yoast SEO plugin. -->","yoast_head_json":{"title":"Batterie externe Alkes de 5\u00a0000 mAh et 12\u00a0W en plastique recycl\u00e9 r\u00e9sistante \u00e0 l\u2019eau avec mousqueton - PERLE IN","robots":{"index":"noindex","follow":"follow","max-snippet":"max-snippet:-1","max-image-preview":"max-image-preview:large","max-video-preview":"max-video-preview:-1"},"og_locale":"en_US","og_type":"article","og_title":"Batterie externe Alkes de 5\u00a0000 mAh et 12\u00a0W en plastique recycl\u00e9 r\u00e9sistante \u00e0 l\u2019eau avec mousqueton - PERLE IN","og_description":"Ayez toujours du courant lors de vos d\u00e9placements avec la batterie de secours Alkes de 5\u00a0000\u00a0mAh, fabriqu\u00e9e \u00e0 partir de plastique recycl\u00e9. Con\u00e7ue pour une utilisation en ext\u00e9rieur, elle est dot\u00e9e d\u2019un mousqueton int\u00e9gr\u00e9 et d\u2019une conception \u00e9tanche (IPX5), capable de r\u00e9sister \u00e0 des jets d\u2019eau \u00e0 faible pression tels que la pluie. Les ports USB sont prot\u00e9g\u00e9s par un couvercle en silicone, tandis que l\u2019indicateur LED affiche l\u2019\u00e9tat de charge. C\u2019est id\u00e9al pour la randonn\u00e9e, le camping ou les d\u00e9placements quotidiens.","og_url":"https:\/\/perle-in.com\/en\/product\/batterie-externe-alkes-de-5-000-mah-et-12-w-en-plastique-recycle-resistante-a-leau-avec-mousqueton\/","og_site_name":"PERLE IN","article_modified_time":"2025-10-16T06:20:19+00:00","og_image":[{"width":1600,"height":1600,"url":"https:\/\/perle-in.com\/wp-content\/uploads\/2025\/10\/12447001-1.jpg","type":"image\/jpeg"}],"twitter_card":"summary_large_image","schema":{"@context":"https:\/\/schema.org","@graph":[{"@type":"WebPage","@id":"https:\/\/perle-in.com\/produit\/batterie-externe-alkes-de-5-000-mah-et-12-w-en-plastique-recycle-resistante-a-leau-avec-mousqueton\/","url":"https:\/\/perle-in.com\/produit\/batterie-externe-alkes-de-5-000-mah-et-12-w-en-plastique-recycle-resistante-a-leau-avec-mousqueton\/","name":"Batterie externe Alkes de 5\u00a0000 mAh et 12\u00a0W en plastique recycl\u00e9 r\u00e9sistante \u00e0 l\u2019eau avec mousqueton - PERLE IN","isPartOf":{"@id":"https:\/\/perle-in.com\/#website"},"primaryImageOfPage":{"@id":"https:\/\/perle-in.com\/produit\/batterie-externe-alkes-de-5-000-mah-et-12-w-en-plastique-recycle-resistante-a-leau-avec-mousqueton\/#primaryimage"},"image":{"@id":"https:\/\/perle-in.com\/produit\/batterie-externe-alkes-de-5-000-mah-et-12-w-en-plastique-recycle-resistante-a-leau-avec-mousqueton\/#primaryimage"},"thumbnailUrl":"https:\/\/perle-in.com\/wp-content\/uploads\/2025\/10\/12447001-1.jpg","datePublished":"2025-10-16T06:20:17+00:00","dateModified":"2025-10-16T06:20:19+00:00","breadcrumb":{"@id":"https:\/\/perle-in.com\/produit\/batterie-externe-alkes-de-5-000-mah-et-12-w-en-plastique-recycle-resistante-a-leau-avec-mousqueton\/#breadcrumb"},"inLanguage":"en-CA","potentialAction":[{"@type":"ReadAction","target":["https:\/\/perle-in.com\/produit\/batterie-externe-alkes-de-5-000-mah-et-12-w-en-plastique-recycle-resistante-a-leau-avec-mousqueton\/"]}]},{"@type":"ImageObject","inLanguage":"en-CA","@id":"https:\/\/perle-in.com\/produit\/batterie-externe-alkes-de-5-000-mah-et-12-w-en-plastique-recycle-resistante-a-leau-avec-mousqueton\/#primaryimage","url":"https:\/\/perle-in.com\/wp-content\/uploads\/2025\/10\/12447001-1.jpg","contentUrl":"https:\/\/perle-in.com\/wp-content\/uploads\/2025\/10\/12447001-1.jpg","width":1600,"height":1600},{"@type":"BreadcrumbList","@id":"https:\/\/perle-in.com\/produit\/batterie-externe-alkes-de-5-000-mah-et-12-w-en-plastique-recycle-resistante-a-leau-avec-mousqueton\/#breadcrumb","itemListElement":[{"@type":"ListItem","position":1,"name":"Accueil","item":"https:\/\/perle-in.com\/"},{"@type":"ListItem","position":2,"name":"Boutique","item":"https:\/\/perle-in.com\/boutique\/"},{"@type":"ListItem","position":3,"name":"Batterie externe Alkes de 5\u00a0000 mAh et 12\u00a0W en plastique recycl\u00e9 r\u00e9sistante \u00e0 l\u2019eau avec mousqueton"}]},{"@type":"WebSite","@id":"https:\/\/perle-in.com\/#website","url":"https:\/\/perle-in.com\/","name":"PERLE IN","description":"","publisher":{"@id":"https:\/\/perle-in.com\/#organization"},"potentialAction":[{"@type":"SearchAction","target":{"@type":"EntryPoint","urlTemplate":"https:\/\/perle-in.com\/?s={search_term_string}"},"query-input":{"@type":"PropertyValueSpecification","valueRequired":true,"valueName":"search_term_string"}}],"inLanguage":"en-CA"},{"@type":"Organization","@id":"https:\/\/perle-in.com\/#organization","name":"PERLE IN","url":"https:\/\/perle-in.com\/","logo":{"@type":"ImageObject","inLanguage":"en-CA","@id":"https:\/\/perle-in.com\/#\/schema\/logo\/image\/","url":"https:\/\/perle-in.com\/wp-content\/uploads\/2022\/12\/LOGO-PERLE-IN-COULEUR@3x.webp","contentUrl":"https:\/\/perle-in.com\/wp-content\/uploads\/2022\/12\/LOGO-PERLE-IN-COULEUR@3x.webp","width":1600,"height":490,"caption":"PERLE IN"},"image":{"@id":"https:\/\/perle-in.com\/#\/schema\/logo\/image\/"}}]}},"jetpack_sharing_enabled":true,"_links":{"self":[{"href":"https:\/\/perle-in.com\/en\/wp-json\/wp\/v2\/product\/577414","targetHints":{"allow":["GET"]}}],"collection":[{"href":"https:\/\/perle-in.com\/en\/wp-json\/wp\/v2\/product"}],"about":[{"href":"https:\/\/perle-in.com\/en\/wp-json\/wp\/v2\/types\/product"}],"version-history":[{"count":0,"href":"https:\/\/perle-in.com\/en\/wp-json\/wp\/v2\/product\/577414\/revisions"}],"wp:featuredmedia":[{"embeddable":true,"href":"https:\/\/perle-in.com\/en\/wp-json\/wp\/v2\/media\/577404"}],"wp:attachment":[{"href":"https:\/\/perle-in.com\/en\/wp-json\/wp\/v2\/media?parent=577414"}],"wp:term":[{"taxonomy":"product_brand","embeddable":true,"href":"https:\/\/perle-in.com\/en\/wp-json\/wp\/v2\/product_brand?post=577414"},{"taxonomy":"product_cat","embeddable":true,"href":"https:\/\/perle-in.com\/en\/wp-json\/wp\/v2\/product_cat?post=577414"},{"taxonomy":"product_tag","embeddable":true,"href":"https:\/\/perle-in.com\/en\/wp-json\/wp\/v2\/product_tag?post=577414"}],"curies":[{"name":"wp","href":"https:\/\/api.w.org\/{rel}","templated":true}]}}