{"id":577367,"date":"2025-10-16T08:15:35","date_gmt":"2025-10-16T06:15:35","guid":{"rendered":"https:\/\/perle-in.com\/produit\/haut-parleur-horna-sans-fil-magnetique-en-plastique-recycle-de-3-w\/"},"modified":"2025-10-16T08:15:36","modified_gmt":"2025-10-16T06:15:36","slug":"haut-parleur-horna-sans-fil-magnetique-en-plastique-recycle-de-3-w","status":"publish","type":"product","link":"https:\/\/perle-in.com\/en\/product\/haut-parleur-horna-sans-fil-magnetique-en-plastique-recycle-de-3-w\/","title":{"rendered":"Haut-parleur Horna sans fil magn\u00e9tique en plastique recycl\u00e9 de 3\u00a0W"},"content":{"rendered":"","protected":false},"excerpt":{"rendered":"<p>Profitez de la musique o\u00f9 que vous alliez avec l\u2019enceinte magn\u00e9tique sans fil Horna de3\u00a0W, fabriqu\u00e9e \u00e0 partir de plastique recycl\u00e9. Ce haut-parleur compact est dot\u00e9 d\u2019un aimant int\u00e9gr\u00e9 qui se fixe solidement aux surfaces m\u00e9talliques plates ou \u00e0 l\u2019arri\u00e8re des iPhones\u00a012 et plus r\u00e9cents. Pour les autres smartphones \u00e0 charge sans fil sans fonction magn\u00e9tique, il suffit d\u2019utiliser l\u2019anneau m\u00e9tallique fourni. Connectez-vous sans effort via Bluetooth\u00ae et profitez d\u2019un son de haute qualit\u00e9 lors de vos d\u00e9placements.<\/p>","protected":false},"featured_media":577359,"template":"","meta":{"_eb_attr":""},"product_brand":[],"product_cat":[817,667],"product_tag":[818,1657,819,742,822,1019],"class_list":{"0":"post-577367","1":"product","2":"type-product","3":"status-publish","4":"has-post-thumbnail","6":"product_cat-enceintes","7":"product_cat-technologie","8":"product_tag-bluetooth","9":"product_tag-enceintes","10":"product_tag-haut-parleur","11":"product_tag-magnetique","12":"product_tag-musique","13":"product_tag-sans-fil","14":"pa_couleurs-noir","15":"pa_green-points-2910","16":"pa_matiere-plastique-recycle-abs-feutrine-rpet","18":"first","19":"instock","20":"shipping-taxable","21":"purchasable","22":"product-type-variable"},"yoast_head":"<!-- This site is optimized with the Yoast SEO plugin v27.4 - https:\/\/yoast.com\/product\/yoast-seo-wordpress\/ -->\n<title>Haut-parleur Horna sans fil magn\u00e9tique en plastique recycl\u00e9 de 3\u00a0W - PERLE IN<\/title>\n<meta name=\"robots\" content=\"noindex, follow, max-snippet:-1, max-image-preview:large, max-video-preview:-1\" \/>\n<meta property=\"og:locale\" content=\"en_US\" \/>\n<meta property=\"og:type\" content=\"article\" \/>\n<meta property=\"og:title\" content=\"Haut-parleur Horna sans fil magn\u00e9tique en plastique recycl\u00e9 de 3\u00a0W - PERLE IN\" \/>\n<meta property=\"og:description\" content=\"Profitez de la musique o\u00f9 que vous alliez avec l\u2019enceinte magn\u00e9tique sans fil Horna de3\u00a0W, fabriqu\u00e9e \u00e0 partir de plastique recycl\u00e9. Ce haut-parleur compact est dot\u00e9 d\u2019un aimant int\u00e9gr\u00e9 qui se fixe solidement aux surfaces m\u00e9talliques plates ou \u00e0 l\u2019arri\u00e8re des iPhones\u00a012 et plus r\u00e9cents. Pour les autres smartphones \u00e0 charge sans fil sans fonction magn\u00e9tique, il suffit d\u2019utiliser l\u2019anneau m\u00e9tallique fourni. Connectez-vous sans effort via Bluetooth\u00ae et profitez d\u2019un son de haute qualit\u00e9 lors de vos d\u00e9placements.\" \/>\n<meta property=\"og:url\" content=\"https:\/\/perle-in.com\/en\/product\/haut-parleur-horna-sans-fil-magnetique-en-plastique-recycle-de-3-w\/\" \/>\n<meta property=\"og:site_name\" content=\"PERLE IN\" \/>\n<meta property=\"article:modified_time\" content=\"2025-10-16T06:15:36+00:00\" \/>\n<meta property=\"og:image\" content=\"https:\/\/perle-in.com\/wp-content\/uploads\/2025\/10\/12445290-1.jpg\" \/>\n\t<meta property=\"og:image:width\" content=\"1600\" \/>\n\t<meta property=\"og:image:height\" content=\"1600\" \/>\n\t<meta property=\"og:image:type\" content=\"image\/jpeg\" \/>\n<meta name=\"twitter:card\" content=\"summary_large_image\" \/>\n<script type=\"application\/ld+json\" class=\"yoast-schema-graph\">{\"@context\":\"https:\\\/\\\/schema.org\",\"@graph\":[{\"@type\":\"WebPage\",\"@id\":\"https:\\\/\\\/perle-in.com\\\/produit\\\/haut-parleur-horna-sans-fil-magnetique-en-plastique-recycle-de-3-w\\\/\",\"url\":\"https:\\\/\\\/perle-in.com\\\/produit\\\/haut-parleur-horna-sans-fil-magnetique-en-plastique-recycle-de-3-w\\\/\",\"name\":\"Haut-parleur Horna sans fil magn\u00e9tique en plastique recycl\u00e9 de 3\u00a0W - PERLE IN\",\"isPartOf\":{\"@id\":\"https:\\\/\\\/perle-in.com\\\/#website\"},\"primaryImageOfPage\":{\"@id\":\"https:\\\/\\\/perle-in.com\\\/produit\\\/haut-parleur-horna-sans-fil-magnetique-en-plastique-recycle-de-3-w\\\/#primaryimage\"},\"image\":{\"@id\":\"https:\\\/\\\/perle-in.com\\\/produit\\\/haut-parleur-horna-sans-fil-magnetique-en-plastique-recycle-de-3-w\\\/#primaryimage\"},\"thumbnailUrl\":\"https:\\\/\\\/perle-in.com\\\/wp-content\\\/uploads\\\/2025\\\/10\\\/12445290-1.jpg\",\"datePublished\":\"2025-10-16T06:15:35+00:00\",\"dateModified\":\"2025-10-16T06:15:36+00:00\",\"breadcrumb\":{\"@id\":\"https:\\\/\\\/perle-in.com\\\/produit\\\/haut-parleur-horna-sans-fil-magnetique-en-plastique-recycle-de-3-w\\\/#breadcrumb\"},\"inLanguage\":\"en-CA\",\"potentialAction\":[{\"@type\":\"ReadAction\",\"target\":[\"https:\\\/\\\/perle-in.com\\\/produit\\\/haut-parleur-horna-sans-fil-magnetique-en-plastique-recycle-de-3-w\\\/\"]}]},{\"@type\":\"ImageObject\",\"inLanguage\":\"en-CA\",\"@id\":\"https:\\\/\\\/perle-in.com\\\/produit\\\/haut-parleur-horna-sans-fil-magnetique-en-plastique-recycle-de-3-w\\\/#primaryimage\",\"url\":\"https:\\\/\\\/perle-in.com\\\/wp-content\\\/uploads\\\/2025\\\/10\\\/12445290-1.jpg\",\"contentUrl\":\"https:\\\/\\\/perle-in.com\\\/wp-content\\\/uploads\\\/2025\\\/10\\\/12445290-1.jpg\",\"width\":1600,\"height\":1600},{\"@type\":\"BreadcrumbList\",\"@id\":\"https:\\\/\\\/perle-in.com\\\/produit\\\/haut-parleur-horna-sans-fil-magnetique-en-plastique-recycle-de-3-w\\\/#breadcrumb\",\"itemListElement\":[{\"@type\":\"ListItem\",\"position\":1,\"name\":\"Accueil\",\"item\":\"https:\\\/\\\/perle-in.com\\\/\"},{\"@type\":\"ListItem\",\"position\":2,\"name\":\"Boutique\",\"item\":\"https:\\\/\\\/perle-in.com\\\/boutique\\\/\"},{\"@type\":\"ListItem\",\"position\":3,\"name\":\"Haut-parleur Horna sans fil magn\u00e9tique en plastique recycl\u00e9 de 3\u00a0W\"}]},{\"@type\":\"WebSite\",\"@id\":\"https:\\\/\\\/perle-in.com\\\/#website\",\"url\":\"https:\\\/\\\/perle-in.com\\\/\",\"name\":\"PERLE IN\",\"description\":\"\",\"publisher\":{\"@id\":\"https:\\\/\\\/perle-in.com\\\/#organization\"},\"potentialAction\":[{\"@type\":\"SearchAction\",\"target\":{\"@type\":\"EntryPoint\",\"urlTemplate\":\"https:\\\/\\\/perle-in.com\\\/?s={search_term_string}\"},\"query-input\":{\"@type\":\"PropertyValueSpecification\",\"valueRequired\":true,\"valueName\":\"search_term_string\"}}],\"inLanguage\":\"en-CA\"},{\"@type\":\"Organization\",\"@id\":\"https:\\\/\\\/perle-in.com\\\/#organization\",\"name\":\"PERLE IN\",\"url\":\"https:\\\/\\\/perle-in.com\\\/\",\"logo\":{\"@type\":\"ImageObject\",\"inLanguage\":\"en-CA\",\"@id\":\"https:\\\/\\\/perle-in.com\\\/#\\\/schema\\\/logo\\\/image\\\/\",\"url\":\"https:\\\/\\\/perle-in.com\\\/wp-content\\\/uploads\\\/2022\\\/12\\\/LOGO-PERLE-IN-COULEUR@3x.webp\",\"contentUrl\":\"https:\\\/\\\/perle-in.com\\\/wp-content\\\/uploads\\\/2022\\\/12\\\/LOGO-PERLE-IN-COULEUR@3x.webp\",\"width\":1600,\"height\":490,\"caption\":\"PERLE IN\"},\"image\":{\"@id\":\"https:\\\/\\\/perle-in.com\\\/#\\\/schema\\\/logo\\\/image\\\/\"}}]}<\/script>\n<!-- \/ Yoast SEO plugin. -->","yoast_head_json":{"title":"Haut-parleur Horna sans fil magn\u00e9tique en plastique recycl\u00e9 de 3\u00a0W - PERLE IN","robots":{"index":"noindex","follow":"follow","max-snippet":"max-snippet:-1","max-image-preview":"max-image-preview:large","max-video-preview":"max-video-preview:-1"},"og_locale":"en_US","og_type":"article","og_title":"Haut-parleur Horna sans fil magn\u00e9tique en plastique recycl\u00e9 de 3\u00a0W - PERLE IN","og_description":"Profitez de la musique o\u00f9 que vous alliez avec l\u2019enceinte magn\u00e9tique sans fil Horna de3\u00a0W, fabriqu\u00e9e \u00e0 partir de plastique recycl\u00e9. Ce haut-parleur compact est dot\u00e9 d\u2019un aimant int\u00e9gr\u00e9 qui se fixe solidement aux surfaces m\u00e9talliques plates ou \u00e0 l\u2019arri\u00e8re des iPhones\u00a012 et plus r\u00e9cents. Pour les autres smartphones \u00e0 charge sans fil sans fonction magn\u00e9tique, il suffit d\u2019utiliser l\u2019anneau m\u00e9tallique fourni. Connectez-vous sans effort via Bluetooth\u00ae et profitez d\u2019un son de haute qualit\u00e9 lors de vos d\u00e9placements.","og_url":"https:\/\/perle-in.com\/en\/product\/haut-parleur-horna-sans-fil-magnetique-en-plastique-recycle-de-3-w\/","og_site_name":"PERLE IN","article_modified_time":"2025-10-16T06:15:36+00:00","og_image":[{"width":1600,"height":1600,"url":"https:\/\/perle-in.com\/wp-content\/uploads\/2025\/10\/12445290-1.jpg","type":"image\/jpeg"}],"twitter_card":"summary_large_image","schema":{"@context":"https:\/\/schema.org","@graph":[{"@type":"WebPage","@id":"https:\/\/perle-in.com\/produit\/haut-parleur-horna-sans-fil-magnetique-en-plastique-recycle-de-3-w\/","url":"https:\/\/perle-in.com\/produit\/haut-parleur-horna-sans-fil-magnetique-en-plastique-recycle-de-3-w\/","name":"Haut-parleur Horna sans fil magn\u00e9tique en plastique recycl\u00e9 de 3\u00a0W - PERLE IN","isPartOf":{"@id":"https:\/\/perle-in.com\/#website"},"primaryImageOfPage":{"@id":"https:\/\/perle-in.com\/produit\/haut-parleur-horna-sans-fil-magnetique-en-plastique-recycle-de-3-w\/#primaryimage"},"image":{"@id":"https:\/\/perle-in.com\/produit\/haut-parleur-horna-sans-fil-magnetique-en-plastique-recycle-de-3-w\/#primaryimage"},"thumbnailUrl":"https:\/\/perle-in.com\/wp-content\/uploads\/2025\/10\/12445290-1.jpg","datePublished":"2025-10-16T06:15:35+00:00","dateModified":"2025-10-16T06:15:36+00:00","breadcrumb":{"@id":"https:\/\/perle-in.com\/produit\/haut-parleur-horna-sans-fil-magnetique-en-plastique-recycle-de-3-w\/#breadcrumb"},"inLanguage":"en-CA","potentialAction":[{"@type":"ReadAction","target":["https:\/\/perle-in.com\/produit\/haut-parleur-horna-sans-fil-magnetique-en-plastique-recycle-de-3-w\/"]}]},{"@type":"ImageObject","inLanguage":"en-CA","@id":"https:\/\/perle-in.com\/produit\/haut-parleur-horna-sans-fil-magnetique-en-plastique-recycle-de-3-w\/#primaryimage","url":"https:\/\/perle-in.com\/wp-content\/uploads\/2025\/10\/12445290-1.jpg","contentUrl":"https:\/\/perle-in.com\/wp-content\/uploads\/2025\/10\/12445290-1.jpg","width":1600,"height":1600},{"@type":"BreadcrumbList","@id":"https:\/\/perle-in.com\/produit\/haut-parleur-horna-sans-fil-magnetique-en-plastique-recycle-de-3-w\/#breadcrumb","itemListElement":[{"@type":"ListItem","position":1,"name":"Accueil","item":"https:\/\/perle-in.com\/"},{"@type":"ListItem","position":2,"name":"Boutique","item":"https:\/\/perle-in.com\/boutique\/"},{"@type":"ListItem","position":3,"name":"Haut-parleur Horna sans fil magn\u00e9tique en plastique recycl\u00e9 de 3\u00a0W"}]},{"@type":"WebSite","@id":"https:\/\/perle-in.com\/#website","url":"https:\/\/perle-in.com\/","name":"PERLE IN","description":"","publisher":{"@id":"https:\/\/perle-in.com\/#organization"},"potentialAction":[{"@type":"SearchAction","target":{"@type":"EntryPoint","urlTemplate":"https:\/\/perle-in.com\/?s={search_term_string}"},"query-input":{"@type":"PropertyValueSpecification","valueRequired":true,"valueName":"search_term_string"}}],"inLanguage":"en-CA"},{"@type":"Organization","@id":"https:\/\/perle-in.com\/#organization","name":"PERLE IN","url":"https:\/\/perle-in.com\/","logo":{"@type":"ImageObject","inLanguage":"en-CA","@id":"https:\/\/perle-in.com\/#\/schema\/logo\/image\/","url":"https:\/\/perle-in.com\/wp-content\/uploads\/2022\/12\/LOGO-PERLE-IN-COULEUR@3x.webp","contentUrl":"https:\/\/perle-in.com\/wp-content\/uploads\/2022\/12\/LOGO-PERLE-IN-COULEUR@3x.webp","width":1600,"height":490,"caption":"PERLE IN"},"image":{"@id":"https:\/\/perle-in.com\/#\/schema\/logo\/image\/"}}]}},"jetpack_sharing_enabled":true,"_links":{"self":[{"href":"https:\/\/perle-in.com\/en\/wp-json\/wp\/v2\/product\/577367","targetHints":{"allow":["GET"]}}],"collection":[{"href":"https:\/\/perle-in.com\/en\/wp-json\/wp\/v2\/product"}],"about":[{"href":"https:\/\/perle-in.com\/en\/wp-json\/wp\/v2\/types\/product"}],"version-history":[{"count":0,"href":"https:\/\/perle-in.com\/en\/wp-json\/wp\/v2\/product\/577367\/revisions"}],"wp:featuredmedia":[{"embeddable":true,"href":"https:\/\/perle-in.com\/en\/wp-json\/wp\/v2\/media\/577359"}],"wp:attachment":[{"href":"https:\/\/perle-in.com\/en\/wp-json\/wp\/v2\/media?parent=577367"}],"wp:term":[{"taxonomy":"product_brand","embeddable":true,"href":"https:\/\/perle-in.com\/en\/wp-json\/wp\/v2\/product_brand?post=577367"},{"taxonomy":"product_cat","embeddable":true,"href":"https:\/\/perle-in.com\/en\/wp-json\/wp\/v2\/product_cat?post=577367"},{"taxonomy":"product_tag","embeddable":true,"href":"https:\/\/perle-in.com\/en\/wp-json\/wp\/v2\/product_tag?post=577367"}],"curies":[{"name":"wp","href":"https:\/\/api.w.org\/{rel}","templated":true}]}}