{"id":577346,"date":"2025-10-16T08:13:20","date_gmt":"2025-10-16T06:13:20","guid":{"rendered":"https:\/\/perle-in.com\/produit\/tour-de-cou-pour-smartphone-franz-en-plastique-recycle-avec-synchronisation-des-donnees-integree-et-cable-5-en-1-pour-charge-rapide-de-65-w\/"},"modified":"2025-10-16T08:13:22","modified_gmt":"2025-10-16T06:13:22","slug":"tour-de-cou-pour-smartphone-franz-en-plastique-recycle-avec-synchronisation-des-donnees-integree-et-cable-5-en-1-pour-charge-rapide-de-65-w","status":"publish","type":"product","link":"https:\/\/perle-in.com\/en\/product\/tour-de-cou-pour-smartphone-franz-en-plastique-recycle-avec-synchronisation-des-donnees-integree-et-cable-5-en-1-pour-charge-rapide-de-65-w\/","title":{"rendered":"Tour de cou pour smartphone Franz en plastique recycl\u00e9 avec synchronisation des donn\u00e9es int\u00e9gr\u00e9e et c\u00e2ble 5 en 1 pour charge rapide de 65\u00a0W"},"content":{"rendered":"","protected":false},"excerpt":{"rendered":"<p>La dragonne pour smartphone Franz fabriqu\u00e9e \u00e0 partir de plastique recycl\u00e9 est un accessoire pratique dot\u00e9 d\u2019un c\u00e2ble de charge 5 en 1 de 65\u00a0W int\u00e9gr\u00e9, offrant des entr\u00e9es Type-C et USB-A et des sorties Type-C, Lightning et microUSB. Ce c\u00e2ble est suffisamment puissant pour charger rapidement la plupart des ordinateurs portables, tablettes et smartphones. Compatible avec CarPlay et Android Auto, il est parfait pour les voyages, le travail ou l\u2019utilisation quotidienne.<\/p>","protected":false},"featured_media":577338,"template":"","meta":{"_eb_attr":""},"product_brand":[],"product_cat":[1206,667],"product_tag":[3798,1983,3797,3796,815,478,837,836,680,671],"class_list":{"0":"post-577346","1":"product","2":"type-product","3":"status-publish","4":"has-post-thumbnail","6":"product_cat-cables","7":"product_cat-technologie","8":"product_tag-android-auto","9":"product_tag-cable","10":"product_tag-carplay","11":"product_tag-charger","12":"product_tag-chargeur","13":"product_tag-dragonne","14":"product_tag-durable","15":"product_tag-recycle","16":"product_tag-smartphone","17":"product_tag-telephone","18":"pa_couleurs-blanc","19":"pa_couleurs-noir","20":"pa_green-points-2910","21":"pa_matiere-plastique-recycle-abs","23":"first","24":"instock","25":"shipping-taxable","26":"purchasable","27":"product-type-variable"},"yoast_head":"<!-- This site is optimized with the Yoast SEO plugin v27.4 - https:\/\/yoast.com\/product\/yoast-seo-wordpress\/ -->\n<title>Tour de cou pour smartphone Franz en plastique recycl\u00e9 avec synchronisation des donn\u00e9es int\u00e9gr\u00e9e et c\u00e2ble 5 en 1 pour charge rapide de 65\u00a0W - PERLE IN<\/title>\n<meta name=\"robots\" content=\"noindex, follow, max-snippet:-1, max-image-preview:large, max-video-preview:-1\" \/>\n<meta property=\"og:locale\" content=\"en_US\" \/>\n<meta property=\"og:type\" content=\"article\" \/>\n<meta property=\"og:title\" content=\"Tour de cou pour smartphone Franz en plastique recycl\u00e9 avec synchronisation des donn\u00e9es int\u00e9gr\u00e9e et c\u00e2ble 5 en 1 pour charge rapide de 65\u00a0W - PERLE IN\" \/>\n<meta property=\"og:description\" content=\"La dragonne pour smartphone Franz fabriqu\u00e9e \u00e0 partir de plastique recycl\u00e9 est un accessoire pratique dot\u00e9 d\u2019un c\u00e2ble de charge 5 en 1 de 65\u00a0W int\u00e9gr\u00e9, offrant des entr\u00e9es Type-C et USB-A et des sorties Type-C, Lightning et microUSB. Ce c\u00e2ble est suffisamment puissant pour charger rapidement la plupart des ordinateurs portables, tablettes et smartphones. Compatible avec CarPlay et Android Auto, il est parfait pour les voyages, le travail ou l\u2019utilisation quotidienne.\" \/>\n<meta property=\"og:url\" content=\"https:\/\/perle-in.com\/en\/product\/tour-de-cou-pour-smartphone-franz-en-plastique-recycle-avec-synchronisation-des-donnees-integree-et-cable-5-en-1-pour-charge-rapide-de-65-w\/\" \/>\n<meta property=\"og:site_name\" content=\"PERLE IN\" \/>\n<meta property=\"article:modified_time\" content=\"2025-10-16T06:13:22+00:00\" \/>\n<meta property=\"og:image\" content=\"https:\/\/perle-in.com\/wp-content\/uploads\/2025\/10\/12444701-1.jpg\" \/>\n\t<meta property=\"og:image:width\" content=\"1600\" \/>\n\t<meta property=\"og:image:height\" content=\"1600\" \/>\n\t<meta property=\"og:image:type\" content=\"image\/jpeg\" \/>\n<meta name=\"twitter:card\" content=\"summary_large_image\" \/>\n<script type=\"application\/ld+json\" class=\"yoast-schema-graph\">{\"@context\":\"https:\\\/\\\/schema.org\",\"@graph\":[{\"@type\":\"WebPage\",\"@id\":\"https:\\\/\\\/perle-in.com\\\/produit\\\/tour-de-cou-pour-smartphone-franz-en-plastique-recycle-avec-synchronisation-des-donnees-integree-et-cable-5-en-1-pour-charge-rapide-de-65-w\\\/\",\"url\":\"https:\\\/\\\/perle-in.com\\\/produit\\\/tour-de-cou-pour-smartphone-franz-en-plastique-recycle-avec-synchronisation-des-donnees-integree-et-cable-5-en-1-pour-charge-rapide-de-65-w\\\/\",\"name\":\"Tour de cou pour smartphone Franz en plastique recycl\u00e9 avec synchronisation des donn\u00e9es int\u00e9gr\u00e9e et c\u00e2ble 5 en 1 pour charge rapide de 65\u00a0W - PERLE IN\",\"isPartOf\":{\"@id\":\"https:\\\/\\\/perle-in.com\\\/#website\"},\"primaryImageOfPage\":{\"@id\":\"https:\\\/\\\/perle-in.com\\\/produit\\\/tour-de-cou-pour-smartphone-franz-en-plastique-recycle-avec-synchronisation-des-donnees-integree-et-cable-5-en-1-pour-charge-rapide-de-65-w\\\/#primaryimage\"},\"image\":{\"@id\":\"https:\\\/\\\/perle-in.com\\\/produit\\\/tour-de-cou-pour-smartphone-franz-en-plastique-recycle-avec-synchronisation-des-donnees-integree-et-cable-5-en-1-pour-charge-rapide-de-65-w\\\/#primaryimage\"},\"thumbnailUrl\":\"https:\\\/\\\/perle-in.com\\\/wp-content\\\/uploads\\\/2025\\\/10\\\/12444701-1.jpg\",\"datePublished\":\"2025-10-16T06:13:20+00:00\",\"dateModified\":\"2025-10-16T06:13:22+00:00\",\"breadcrumb\":{\"@id\":\"https:\\\/\\\/perle-in.com\\\/produit\\\/tour-de-cou-pour-smartphone-franz-en-plastique-recycle-avec-synchronisation-des-donnees-integree-et-cable-5-en-1-pour-charge-rapide-de-65-w\\\/#breadcrumb\"},\"inLanguage\":\"en-CA\",\"potentialAction\":[{\"@type\":\"ReadAction\",\"target\":[\"https:\\\/\\\/perle-in.com\\\/produit\\\/tour-de-cou-pour-smartphone-franz-en-plastique-recycle-avec-synchronisation-des-donnees-integree-et-cable-5-en-1-pour-charge-rapide-de-65-w\\\/\"]}]},{\"@type\":\"ImageObject\",\"inLanguage\":\"en-CA\",\"@id\":\"https:\\\/\\\/perle-in.com\\\/produit\\\/tour-de-cou-pour-smartphone-franz-en-plastique-recycle-avec-synchronisation-des-donnees-integree-et-cable-5-en-1-pour-charge-rapide-de-65-w\\\/#primaryimage\",\"url\":\"https:\\\/\\\/perle-in.com\\\/wp-content\\\/uploads\\\/2025\\\/10\\\/12444701-1.jpg\",\"contentUrl\":\"https:\\\/\\\/perle-in.com\\\/wp-content\\\/uploads\\\/2025\\\/10\\\/12444701-1.jpg\",\"width\":1600,\"height\":1600},{\"@type\":\"BreadcrumbList\",\"@id\":\"https:\\\/\\\/perle-in.com\\\/produit\\\/tour-de-cou-pour-smartphone-franz-en-plastique-recycle-avec-synchronisation-des-donnees-integree-et-cable-5-en-1-pour-charge-rapide-de-65-w\\\/#breadcrumb\",\"itemListElement\":[{\"@type\":\"ListItem\",\"position\":1,\"name\":\"Accueil\",\"item\":\"https:\\\/\\\/perle-in.com\\\/\"},{\"@type\":\"ListItem\",\"position\":2,\"name\":\"Boutique\",\"item\":\"https:\\\/\\\/perle-in.com\\\/boutique\\\/\"},{\"@type\":\"ListItem\",\"position\":3,\"name\":\"Tour de cou pour smartphone Franz en plastique recycl\u00e9 avec synchronisation des donn\u00e9es int\u00e9gr\u00e9e et c\u00e2ble 5 en 1 pour charge rapide de 65\u00a0W\"}]},{\"@type\":\"WebSite\",\"@id\":\"https:\\\/\\\/perle-in.com\\\/#website\",\"url\":\"https:\\\/\\\/perle-in.com\\\/\",\"name\":\"PERLE IN\",\"description\":\"\",\"publisher\":{\"@id\":\"https:\\\/\\\/perle-in.com\\\/#organization\"},\"potentialAction\":[{\"@type\":\"SearchAction\",\"target\":{\"@type\":\"EntryPoint\",\"urlTemplate\":\"https:\\\/\\\/perle-in.com\\\/?s={search_term_string}\"},\"query-input\":{\"@type\":\"PropertyValueSpecification\",\"valueRequired\":true,\"valueName\":\"search_term_string\"}}],\"inLanguage\":\"en-CA\"},{\"@type\":\"Organization\",\"@id\":\"https:\\\/\\\/perle-in.com\\\/#organization\",\"name\":\"PERLE IN\",\"url\":\"https:\\\/\\\/perle-in.com\\\/\",\"logo\":{\"@type\":\"ImageObject\",\"inLanguage\":\"en-CA\",\"@id\":\"https:\\\/\\\/perle-in.com\\\/#\\\/schema\\\/logo\\\/image\\\/\",\"url\":\"https:\\\/\\\/perle-in.com\\\/wp-content\\\/uploads\\\/2022\\\/12\\\/LOGO-PERLE-IN-COULEUR@3x.webp\",\"contentUrl\":\"https:\\\/\\\/perle-in.com\\\/wp-content\\\/uploads\\\/2022\\\/12\\\/LOGO-PERLE-IN-COULEUR@3x.webp\",\"width\":1600,\"height\":490,\"caption\":\"PERLE IN\"},\"image\":{\"@id\":\"https:\\\/\\\/perle-in.com\\\/#\\\/schema\\\/logo\\\/image\\\/\"}}]}<\/script>\n<!-- \/ Yoast SEO plugin. -->","yoast_head_json":{"title":"Tour de cou pour smartphone Franz en plastique recycl\u00e9 avec synchronisation des donn\u00e9es int\u00e9gr\u00e9e et c\u00e2ble 5 en 1 pour charge rapide de 65\u00a0W - PERLE IN","robots":{"index":"noindex","follow":"follow","max-snippet":"max-snippet:-1","max-image-preview":"max-image-preview:large","max-video-preview":"max-video-preview:-1"},"og_locale":"en_US","og_type":"article","og_title":"Tour de cou pour smartphone Franz en plastique recycl\u00e9 avec synchronisation des donn\u00e9es int\u00e9gr\u00e9e et c\u00e2ble 5 en 1 pour charge rapide de 65\u00a0W - PERLE IN","og_description":"La dragonne pour smartphone Franz fabriqu\u00e9e \u00e0 partir de plastique recycl\u00e9 est un accessoire pratique dot\u00e9 d\u2019un c\u00e2ble de charge 5 en 1 de 65\u00a0W int\u00e9gr\u00e9, offrant des entr\u00e9es Type-C et USB-A et des sorties Type-C, Lightning et microUSB. Ce c\u00e2ble est suffisamment puissant pour charger rapidement la plupart des ordinateurs portables, tablettes et smartphones. Compatible avec CarPlay et Android Auto, il est parfait pour les voyages, le travail ou l\u2019utilisation quotidienne.","og_url":"https:\/\/perle-in.com\/en\/product\/tour-de-cou-pour-smartphone-franz-en-plastique-recycle-avec-synchronisation-des-donnees-integree-et-cable-5-en-1-pour-charge-rapide-de-65-w\/","og_site_name":"PERLE IN","article_modified_time":"2025-10-16T06:13:22+00:00","og_image":[{"width":1600,"height":1600,"url":"https:\/\/perle-in.com\/wp-content\/uploads\/2025\/10\/12444701-1.jpg","type":"image\/jpeg"}],"twitter_card":"summary_large_image","schema":{"@context":"https:\/\/schema.org","@graph":[{"@type":"WebPage","@id":"https:\/\/perle-in.com\/produit\/tour-de-cou-pour-smartphone-franz-en-plastique-recycle-avec-synchronisation-des-donnees-integree-et-cable-5-en-1-pour-charge-rapide-de-65-w\/","url":"https:\/\/perle-in.com\/produit\/tour-de-cou-pour-smartphone-franz-en-plastique-recycle-avec-synchronisation-des-donnees-integree-et-cable-5-en-1-pour-charge-rapide-de-65-w\/","name":"Tour de cou pour smartphone Franz en plastique recycl\u00e9 avec synchronisation des donn\u00e9es int\u00e9gr\u00e9e et c\u00e2ble 5 en 1 pour charge rapide de 65\u00a0W - PERLE IN","isPartOf":{"@id":"https:\/\/perle-in.com\/#website"},"primaryImageOfPage":{"@id":"https:\/\/perle-in.com\/produit\/tour-de-cou-pour-smartphone-franz-en-plastique-recycle-avec-synchronisation-des-donnees-integree-et-cable-5-en-1-pour-charge-rapide-de-65-w\/#primaryimage"},"image":{"@id":"https:\/\/perle-in.com\/produit\/tour-de-cou-pour-smartphone-franz-en-plastique-recycle-avec-synchronisation-des-donnees-integree-et-cable-5-en-1-pour-charge-rapide-de-65-w\/#primaryimage"},"thumbnailUrl":"https:\/\/perle-in.com\/wp-content\/uploads\/2025\/10\/12444701-1.jpg","datePublished":"2025-10-16T06:13:20+00:00","dateModified":"2025-10-16T06:13:22+00:00","breadcrumb":{"@id":"https:\/\/perle-in.com\/produit\/tour-de-cou-pour-smartphone-franz-en-plastique-recycle-avec-synchronisation-des-donnees-integree-et-cable-5-en-1-pour-charge-rapide-de-65-w\/#breadcrumb"},"inLanguage":"en-CA","potentialAction":[{"@type":"ReadAction","target":["https:\/\/perle-in.com\/produit\/tour-de-cou-pour-smartphone-franz-en-plastique-recycle-avec-synchronisation-des-donnees-integree-et-cable-5-en-1-pour-charge-rapide-de-65-w\/"]}]},{"@type":"ImageObject","inLanguage":"en-CA","@id":"https:\/\/perle-in.com\/produit\/tour-de-cou-pour-smartphone-franz-en-plastique-recycle-avec-synchronisation-des-donnees-integree-et-cable-5-en-1-pour-charge-rapide-de-65-w\/#primaryimage","url":"https:\/\/perle-in.com\/wp-content\/uploads\/2025\/10\/12444701-1.jpg","contentUrl":"https:\/\/perle-in.com\/wp-content\/uploads\/2025\/10\/12444701-1.jpg","width":1600,"height":1600},{"@type":"BreadcrumbList","@id":"https:\/\/perle-in.com\/produit\/tour-de-cou-pour-smartphone-franz-en-plastique-recycle-avec-synchronisation-des-donnees-integree-et-cable-5-en-1-pour-charge-rapide-de-65-w\/#breadcrumb","itemListElement":[{"@type":"ListItem","position":1,"name":"Accueil","item":"https:\/\/perle-in.com\/"},{"@type":"ListItem","position":2,"name":"Boutique","item":"https:\/\/perle-in.com\/boutique\/"},{"@type":"ListItem","position":3,"name":"Tour de cou pour smartphone Franz en plastique recycl\u00e9 avec synchronisation des donn\u00e9es int\u00e9gr\u00e9e et c\u00e2ble 5 en 1 pour charge rapide de 65\u00a0W"}]},{"@type":"WebSite","@id":"https:\/\/perle-in.com\/#website","url":"https:\/\/perle-in.com\/","name":"PERLE IN","description":"","publisher":{"@id":"https:\/\/perle-in.com\/#organization"},"potentialAction":[{"@type":"SearchAction","target":{"@type":"EntryPoint","urlTemplate":"https:\/\/perle-in.com\/?s={search_term_string}"},"query-input":{"@type":"PropertyValueSpecification","valueRequired":true,"valueName":"search_term_string"}}],"inLanguage":"en-CA"},{"@type":"Organization","@id":"https:\/\/perle-in.com\/#organization","name":"PERLE IN","url":"https:\/\/perle-in.com\/","logo":{"@type":"ImageObject","inLanguage":"en-CA","@id":"https:\/\/perle-in.com\/#\/schema\/logo\/image\/","url":"https:\/\/perle-in.com\/wp-content\/uploads\/2022\/12\/LOGO-PERLE-IN-COULEUR@3x.webp","contentUrl":"https:\/\/perle-in.com\/wp-content\/uploads\/2022\/12\/LOGO-PERLE-IN-COULEUR@3x.webp","width":1600,"height":490,"caption":"PERLE IN"},"image":{"@id":"https:\/\/perle-in.com\/#\/schema\/logo\/image\/"}}]}},"jetpack_sharing_enabled":true,"_links":{"self":[{"href":"https:\/\/perle-in.com\/en\/wp-json\/wp\/v2\/product\/577346","targetHints":{"allow":["GET"]}}],"collection":[{"href":"https:\/\/perle-in.com\/en\/wp-json\/wp\/v2\/product"}],"about":[{"href":"https:\/\/perle-in.com\/en\/wp-json\/wp\/v2\/types\/product"}],"version-history":[{"count":0,"href":"https:\/\/perle-in.com\/en\/wp-json\/wp\/v2\/product\/577346\/revisions"}],"wp:featuredmedia":[{"embeddable":true,"href":"https:\/\/perle-in.com\/en\/wp-json\/wp\/v2\/media\/577338"}],"wp:attachment":[{"href":"https:\/\/perle-in.com\/en\/wp-json\/wp\/v2\/media?parent=577346"}],"wp:term":[{"taxonomy":"product_brand","embeddable":true,"href":"https:\/\/perle-in.com\/en\/wp-json\/wp\/v2\/product_brand?post=577346"},{"taxonomy":"product_cat","embeddable":true,"href":"https:\/\/perle-in.com\/en\/wp-json\/wp\/v2\/product_cat?post=577346"},{"taxonomy":"product_tag","embeddable":true,"href":"https:\/\/perle-in.com\/en\/wp-json\/wp\/v2\/product_tag?post=577346"}],"curies":[{"name":"wp","href":"https:\/\/api.w.org\/{rel}","templated":true}]}}