{"id":577318,"date":"2025-10-16T08:09:25","date_gmt":"2025-10-16T06:09:25","guid":{"rendered":"https:\/\/perle-in.com\/produit\/cable-retractable-5-en-1-gloas-en-materiaux-recycles-pour-synchronisation-de-donnees-et-charge-rapide-de-100-w-avec-kit-doutils-pour-smartphone\/"},"modified":"2025-10-16T08:09:27","modified_gmt":"2025-10-16T06:09:27","slug":"cable-retractable-5-en-1-gloas-en-materiaux-recycles-pour-synchronisation-de-donnees-et-charge-rapide-de-100-w-avec-kit-doutils-pour-smartphone","status":"publish","type":"product","link":"https:\/\/perle-in.com\/en\/product\/cable-retractable-5-en-1-gloas-en-materiaux-recycles-pour-synchronisation-de-donnees-et-charge-rapide-de-100-w-avec-kit-doutils-pour-smartphone\/","title":{"rendered":"C\u00e2ble r\u00e9tractable 5 en 1 Gloas en mat\u00e9riaux recycl\u00e9s pour synchronisation de donn\u00e9es et charge rapide de 100\u00a0W avec kit d\u2019outils pour smartphone"},"content":{"rendered":"","protected":false},"excerpt":{"rendered":"<p>Le c\u00e2ble Gloas est votre outil de charge et de smartphone tout-en-un, fabriqu\u00e9 \u00e0 partir de plastique recycl\u00e9. Il comprend un c\u00e2ble r\u00e9tractable de charge rapide et de transfert de donn\u00e9es USB-C de 100\u00a0W, ainsi qu\u2019un adaptateur USB-A et un adaptateur 2-en-1 microUSB\/Lightning. Assez puissant pour charger rapidement la plupart des ordinateurs portables, tablettes et smartphones, et le c\u00e2ble est \u00e9galement compatible avec CarPlay et Android Auto. \u00c0 l\u2019int\u00e9rieur, vous trouverez une broche d\u2019\u00e9jection de carte SIM, un espace de stockage pour une carte nano SIM et une carte microSD, ainsi qu\u2019un support de t\u00e9l\u00e9phone int\u00e9gr\u00e9, parfait pour regarder des vid\u00e9os ou passer des appels vid\u00e9o en toute simplicit\u00e9. Tout ce dont vous avez besoin, dans un design compact.<\/p>","protected":false},"featured_media":577308,"template":"","meta":{"_eb_attr":""},"product_brand":[],"product_cat":[1206,667],"product_tag":[3798,1983,3797,816,814,815,837,836,680,1973],"class_list":{"0":"post-577318","1":"product","2":"type-product","3":"status-publish","4":"has-post-thumbnail","6":"product_cat-cables","7":"product_cat-technologie","8":"product_tag-android-auto","9":"product_tag-cable","10":"product_tag-carplay","11":"product_tag-charge","12":"product_tag-chargement","13":"product_tag-chargeur","14":"product_tag-durable","15":"product_tag-recycle","16":"product_tag-smartphone","17":"product_tag-support","18":"pa_couleurs-blanc","19":"pa_couleurs-noir","20":"pa_green-points-2910","21":"pa_matiere-plastique-recycle-abs","23":"first","24":"instock","25":"shipping-taxable","26":"purchasable","27":"product-type-variable"},"yoast_head":"<!-- This site is optimized with the Yoast SEO plugin v27.4 - https:\/\/yoast.com\/product\/yoast-seo-wordpress\/ -->\n<title>C\u00e2ble r\u00e9tractable 5 en 1 Gloas en mat\u00e9riaux recycl\u00e9s pour synchronisation de donn\u00e9es et charge rapide de 100\u00a0W avec kit d\u2019outils pour smartphone - PERLE IN<\/title>\n<meta name=\"robots\" content=\"noindex, follow, max-snippet:-1, max-image-preview:large, max-video-preview:-1\" \/>\n<meta property=\"og:locale\" content=\"en_US\" \/>\n<meta property=\"og:type\" content=\"article\" \/>\n<meta property=\"og:title\" content=\"C\u00e2ble r\u00e9tractable 5 en 1 Gloas en mat\u00e9riaux recycl\u00e9s pour synchronisation de donn\u00e9es et charge rapide de 100\u00a0W avec kit d\u2019outils pour smartphone - PERLE IN\" \/>\n<meta property=\"og:description\" content=\"Le c\u00e2ble Gloas est votre outil de charge et de smartphone tout-en-un, fabriqu\u00e9 \u00e0 partir de plastique recycl\u00e9. Il comprend un c\u00e2ble r\u00e9tractable de charge rapide et de transfert de donn\u00e9es USB-C de 100\u00a0W, ainsi qu\u2019un adaptateur USB-A et un adaptateur 2-en-1 microUSB\/Lightning. Assez puissant pour charger rapidement la plupart des ordinateurs portables, tablettes et smartphones, et le c\u00e2ble est \u00e9galement compatible avec CarPlay et Android Auto. \u00c0 l\u2019int\u00e9rieur, vous trouverez une broche d\u2019\u00e9jection de carte SIM, un espace de stockage pour une carte nano SIM et une carte microSD, ainsi qu\u2019un support de t\u00e9l\u00e9phone int\u00e9gr\u00e9, parfait pour regarder des vid\u00e9os ou passer des appels vid\u00e9o en toute simplicit\u00e9. Tout ce dont vous avez besoin, dans un design compact.\" \/>\n<meta property=\"og:url\" content=\"https:\/\/perle-in.com\/en\/product\/cable-retractable-5-en-1-gloas-en-materiaux-recycles-pour-synchronisation-de-donnees-et-charge-rapide-de-100-w-avec-kit-doutils-pour-smartphone\/\" \/>\n<meta property=\"og:site_name\" content=\"PERLE IN\" \/>\n<meta property=\"article:modified_time\" content=\"2025-10-16T06:09:27+00:00\" \/>\n<meta property=\"og:image\" content=\"https:\/\/perle-in.com\/wp-content\/uploads\/2025\/10\/12444801-1.jpg\" \/>\n\t<meta property=\"og:image:width\" content=\"1600\" \/>\n\t<meta property=\"og:image:height\" content=\"1600\" \/>\n\t<meta property=\"og:image:type\" content=\"image\/jpeg\" \/>\n<meta name=\"twitter:card\" content=\"summary_large_image\" \/>\n<script type=\"application\/ld+json\" class=\"yoast-schema-graph\">{\"@context\":\"https:\\\/\\\/schema.org\",\"@graph\":[{\"@type\":\"WebPage\",\"@id\":\"https:\\\/\\\/perle-in.com\\\/produit\\\/cable-retractable-5-en-1-gloas-en-materiaux-recycles-pour-synchronisation-de-donnees-et-charge-rapide-de-100-w-avec-kit-doutils-pour-smartphone\\\/\",\"url\":\"https:\\\/\\\/perle-in.com\\\/produit\\\/cable-retractable-5-en-1-gloas-en-materiaux-recycles-pour-synchronisation-de-donnees-et-charge-rapide-de-100-w-avec-kit-doutils-pour-smartphone\\\/\",\"name\":\"C\u00e2ble r\u00e9tractable 5 en 1 Gloas en mat\u00e9riaux recycl\u00e9s pour synchronisation de donn\u00e9es et charge rapide de 100\u00a0W avec kit d\u2019outils pour smartphone - PERLE IN\",\"isPartOf\":{\"@id\":\"https:\\\/\\\/perle-in.com\\\/#website\"},\"primaryImageOfPage\":{\"@id\":\"https:\\\/\\\/perle-in.com\\\/produit\\\/cable-retractable-5-en-1-gloas-en-materiaux-recycles-pour-synchronisation-de-donnees-et-charge-rapide-de-100-w-avec-kit-doutils-pour-smartphone\\\/#primaryimage\"},\"image\":{\"@id\":\"https:\\\/\\\/perle-in.com\\\/produit\\\/cable-retractable-5-en-1-gloas-en-materiaux-recycles-pour-synchronisation-de-donnees-et-charge-rapide-de-100-w-avec-kit-doutils-pour-smartphone\\\/#primaryimage\"},\"thumbnailUrl\":\"https:\\\/\\\/perle-in.com\\\/wp-content\\\/uploads\\\/2025\\\/10\\\/12444801-1.jpg\",\"datePublished\":\"2025-10-16T06:09:25+00:00\",\"dateModified\":\"2025-10-16T06:09:27+00:00\",\"breadcrumb\":{\"@id\":\"https:\\\/\\\/perle-in.com\\\/produit\\\/cable-retractable-5-en-1-gloas-en-materiaux-recycles-pour-synchronisation-de-donnees-et-charge-rapide-de-100-w-avec-kit-doutils-pour-smartphone\\\/#breadcrumb\"},\"inLanguage\":\"en-CA\",\"potentialAction\":[{\"@type\":\"ReadAction\",\"target\":[\"https:\\\/\\\/perle-in.com\\\/produit\\\/cable-retractable-5-en-1-gloas-en-materiaux-recycles-pour-synchronisation-de-donnees-et-charge-rapide-de-100-w-avec-kit-doutils-pour-smartphone\\\/\"]}]},{\"@type\":\"ImageObject\",\"inLanguage\":\"en-CA\",\"@id\":\"https:\\\/\\\/perle-in.com\\\/produit\\\/cable-retractable-5-en-1-gloas-en-materiaux-recycles-pour-synchronisation-de-donnees-et-charge-rapide-de-100-w-avec-kit-doutils-pour-smartphone\\\/#primaryimage\",\"url\":\"https:\\\/\\\/perle-in.com\\\/wp-content\\\/uploads\\\/2025\\\/10\\\/12444801-1.jpg\",\"contentUrl\":\"https:\\\/\\\/perle-in.com\\\/wp-content\\\/uploads\\\/2025\\\/10\\\/12444801-1.jpg\",\"width\":1600,\"height\":1600},{\"@type\":\"BreadcrumbList\",\"@id\":\"https:\\\/\\\/perle-in.com\\\/produit\\\/cable-retractable-5-en-1-gloas-en-materiaux-recycles-pour-synchronisation-de-donnees-et-charge-rapide-de-100-w-avec-kit-doutils-pour-smartphone\\\/#breadcrumb\",\"itemListElement\":[{\"@type\":\"ListItem\",\"position\":1,\"name\":\"Accueil\",\"item\":\"https:\\\/\\\/perle-in.com\\\/\"},{\"@type\":\"ListItem\",\"position\":2,\"name\":\"Boutique\",\"item\":\"https:\\\/\\\/perle-in.com\\\/boutique\\\/\"},{\"@type\":\"ListItem\",\"position\":3,\"name\":\"C\u00e2ble r\u00e9tractable 5 en 1 Gloas en mat\u00e9riaux recycl\u00e9s pour synchronisation de donn\u00e9es et charge rapide de 100\u00a0W avec kit d\u2019outils pour smartphone\"}]},{\"@type\":\"WebSite\",\"@id\":\"https:\\\/\\\/perle-in.com\\\/#website\",\"url\":\"https:\\\/\\\/perle-in.com\\\/\",\"name\":\"PERLE IN\",\"description\":\"\",\"publisher\":{\"@id\":\"https:\\\/\\\/perle-in.com\\\/#organization\"},\"potentialAction\":[{\"@type\":\"SearchAction\",\"target\":{\"@type\":\"EntryPoint\",\"urlTemplate\":\"https:\\\/\\\/perle-in.com\\\/?s={search_term_string}\"},\"query-input\":{\"@type\":\"PropertyValueSpecification\",\"valueRequired\":true,\"valueName\":\"search_term_string\"}}],\"inLanguage\":\"en-CA\"},{\"@type\":\"Organization\",\"@id\":\"https:\\\/\\\/perle-in.com\\\/#organization\",\"name\":\"PERLE IN\",\"url\":\"https:\\\/\\\/perle-in.com\\\/\",\"logo\":{\"@type\":\"ImageObject\",\"inLanguage\":\"en-CA\",\"@id\":\"https:\\\/\\\/perle-in.com\\\/#\\\/schema\\\/logo\\\/image\\\/\",\"url\":\"https:\\\/\\\/perle-in.com\\\/wp-content\\\/uploads\\\/2022\\\/12\\\/LOGO-PERLE-IN-COULEUR@3x.webp\",\"contentUrl\":\"https:\\\/\\\/perle-in.com\\\/wp-content\\\/uploads\\\/2022\\\/12\\\/LOGO-PERLE-IN-COULEUR@3x.webp\",\"width\":1600,\"height\":490,\"caption\":\"PERLE IN\"},\"image\":{\"@id\":\"https:\\\/\\\/perle-in.com\\\/#\\\/schema\\\/logo\\\/image\\\/\"}}]}<\/script>\n<!-- \/ Yoast SEO plugin. -->","yoast_head_json":{"title":"C\u00e2ble r\u00e9tractable 5 en 1 Gloas en mat\u00e9riaux recycl\u00e9s pour synchronisation de donn\u00e9es et charge rapide de 100\u00a0W avec kit d\u2019outils pour smartphone - PERLE IN","robots":{"index":"noindex","follow":"follow","max-snippet":"max-snippet:-1","max-image-preview":"max-image-preview:large","max-video-preview":"max-video-preview:-1"},"og_locale":"en_US","og_type":"article","og_title":"C\u00e2ble r\u00e9tractable 5 en 1 Gloas en mat\u00e9riaux recycl\u00e9s pour synchronisation de donn\u00e9es et charge rapide de 100\u00a0W avec kit d\u2019outils pour smartphone - PERLE IN","og_description":"Le c\u00e2ble Gloas est votre outil de charge et de smartphone tout-en-un, fabriqu\u00e9 \u00e0 partir de plastique recycl\u00e9. Il comprend un c\u00e2ble r\u00e9tractable de charge rapide et de transfert de donn\u00e9es USB-C de 100\u00a0W, ainsi qu\u2019un adaptateur USB-A et un adaptateur 2-en-1 microUSB\/Lightning. Assez puissant pour charger rapidement la plupart des ordinateurs portables, tablettes et smartphones, et le c\u00e2ble est \u00e9galement compatible avec CarPlay et Android Auto. \u00c0 l\u2019int\u00e9rieur, vous trouverez une broche d\u2019\u00e9jection de carte SIM, un espace de stockage pour une carte nano SIM et une carte microSD, ainsi qu\u2019un support de t\u00e9l\u00e9phone int\u00e9gr\u00e9, parfait pour regarder des vid\u00e9os ou passer des appels vid\u00e9o en toute simplicit\u00e9. Tout ce dont vous avez besoin, dans un design compact.","og_url":"https:\/\/perle-in.com\/en\/product\/cable-retractable-5-en-1-gloas-en-materiaux-recycles-pour-synchronisation-de-donnees-et-charge-rapide-de-100-w-avec-kit-doutils-pour-smartphone\/","og_site_name":"PERLE IN","article_modified_time":"2025-10-16T06:09:27+00:00","og_image":[{"width":1600,"height":1600,"url":"https:\/\/perle-in.com\/wp-content\/uploads\/2025\/10\/12444801-1.jpg","type":"image\/jpeg"}],"twitter_card":"summary_large_image","schema":{"@context":"https:\/\/schema.org","@graph":[{"@type":"WebPage","@id":"https:\/\/perle-in.com\/produit\/cable-retractable-5-en-1-gloas-en-materiaux-recycles-pour-synchronisation-de-donnees-et-charge-rapide-de-100-w-avec-kit-doutils-pour-smartphone\/","url":"https:\/\/perle-in.com\/produit\/cable-retractable-5-en-1-gloas-en-materiaux-recycles-pour-synchronisation-de-donnees-et-charge-rapide-de-100-w-avec-kit-doutils-pour-smartphone\/","name":"C\u00e2ble r\u00e9tractable 5 en 1 Gloas en mat\u00e9riaux recycl\u00e9s pour synchronisation de donn\u00e9es et charge rapide de 100\u00a0W avec kit d\u2019outils pour smartphone - PERLE IN","isPartOf":{"@id":"https:\/\/perle-in.com\/#website"},"primaryImageOfPage":{"@id":"https:\/\/perle-in.com\/produit\/cable-retractable-5-en-1-gloas-en-materiaux-recycles-pour-synchronisation-de-donnees-et-charge-rapide-de-100-w-avec-kit-doutils-pour-smartphone\/#primaryimage"},"image":{"@id":"https:\/\/perle-in.com\/produit\/cable-retractable-5-en-1-gloas-en-materiaux-recycles-pour-synchronisation-de-donnees-et-charge-rapide-de-100-w-avec-kit-doutils-pour-smartphone\/#primaryimage"},"thumbnailUrl":"https:\/\/perle-in.com\/wp-content\/uploads\/2025\/10\/12444801-1.jpg","datePublished":"2025-10-16T06:09:25+00:00","dateModified":"2025-10-16T06:09:27+00:00","breadcrumb":{"@id":"https:\/\/perle-in.com\/produit\/cable-retractable-5-en-1-gloas-en-materiaux-recycles-pour-synchronisation-de-donnees-et-charge-rapide-de-100-w-avec-kit-doutils-pour-smartphone\/#breadcrumb"},"inLanguage":"en-CA","potentialAction":[{"@type":"ReadAction","target":["https:\/\/perle-in.com\/produit\/cable-retractable-5-en-1-gloas-en-materiaux-recycles-pour-synchronisation-de-donnees-et-charge-rapide-de-100-w-avec-kit-doutils-pour-smartphone\/"]}]},{"@type":"ImageObject","inLanguage":"en-CA","@id":"https:\/\/perle-in.com\/produit\/cable-retractable-5-en-1-gloas-en-materiaux-recycles-pour-synchronisation-de-donnees-et-charge-rapide-de-100-w-avec-kit-doutils-pour-smartphone\/#primaryimage","url":"https:\/\/perle-in.com\/wp-content\/uploads\/2025\/10\/12444801-1.jpg","contentUrl":"https:\/\/perle-in.com\/wp-content\/uploads\/2025\/10\/12444801-1.jpg","width":1600,"height":1600},{"@type":"BreadcrumbList","@id":"https:\/\/perle-in.com\/produit\/cable-retractable-5-en-1-gloas-en-materiaux-recycles-pour-synchronisation-de-donnees-et-charge-rapide-de-100-w-avec-kit-doutils-pour-smartphone\/#breadcrumb","itemListElement":[{"@type":"ListItem","position":1,"name":"Accueil","item":"https:\/\/perle-in.com\/"},{"@type":"ListItem","position":2,"name":"Boutique","item":"https:\/\/perle-in.com\/boutique\/"},{"@type":"ListItem","position":3,"name":"C\u00e2ble r\u00e9tractable 5 en 1 Gloas en mat\u00e9riaux recycl\u00e9s pour synchronisation de donn\u00e9es et charge rapide de 100\u00a0W avec kit d\u2019outils pour smartphone"}]},{"@type":"WebSite","@id":"https:\/\/perle-in.com\/#website","url":"https:\/\/perle-in.com\/","name":"PERLE IN","description":"","publisher":{"@id":"https:\/\/perle-in.com\/#organization"},"potentialAction":[{"@type":"SearchAction","target":{"@type":"EntryPoint","urlTemplate":"https:\/\/perle-in.com\/?s={search_term_string}"},"query-input":{"@type":"PropertyValueSpecification","valueRequired":true,"valueName":"search_term_string"}}],"inLanguage":"en-CA"},{"@type":"Organization","@id":"https:\/\/perle-in.com\/#organization","name":"PERLE IN","url":"https:\/\/perle-in.com\/","logo":{"@type":"ImageObject","inLanguage":"en-CA","@id":"https:\/\/perle-in.com\/#\/schema\/logo\/image\/","url":"https:\/\/perle-in.com\/wp-content\/uploads\/2022\/12\/LOGO-PERLE-IN-COULEUR@3x.webp","contentUrl":"https:\/\/perle-in.com\/wp-content\/uploads\/2022\/12\/LOGO-PERLE-IN-COULEUR@3x.webp","width":1600,"height":490,"caption":"PERLE IN"},"image":{"@id":"https:\/\/perle-in.com\/#\/schema\/logo\/image\/"}}]}},"jetpack_sharing_enabled":true,"_links":{"self":[{"href":"https:\/\/perle-in.com\/en\/wp-json\/wp\/v2\/product\/577318","targetHints":{"allow":["GET"]}}],"collection":[{"href":"https:\/\/perle-in.com\/en\/wp-json\/wp\/v2\/product"}],"about":[{"href":"https:\/\/perle-in.com\/en\/wp-json\/wp\/v2\/types\/product"}],"version-history":[{"count":0,"href":"https:\/\/perle-in.com\/en\/wp-json\/wp\/v2\/product\/577318\/revisions"}],"wp:featuredmedia":[{"embeddable":true,"href":"https:\/\/perle-in.com\/en\/wp-json\/wp\/v2\/media\/577308"}],"wp:attachment":[{"href":"https:\/\/perle-in.com\/en\/wp-json\/wp\/v2\/media?parent=577318"}],"wp:term":[{"taxonomy":"product_brand","embeddable":true,"href":"https:\/\/perle-in.com\/en\/wp-json\/wp\/v2\/product_brand?post=577318"},{"taxonomy":"product_cat","embeddable":true,"href":"https:\/\/perle-in.com\/en\/wp-json\/wp\/v2\/product_cat?post=577318"},{"taxonomy":"product_tag","embeddable":true,"href":"https:\/\/perle-in.com\/en\/wp-json\/wp\/v2\/product_tag?post=577318"}],"curies":[{"name":"wp","href":"https:\/\/api.w.org\/{rel}","templated":true}]}}