{"id":577305,"date":"2025-10-16T08:08:10","date_gmt":"2025-10-16T06:08:10","guid":{"rendered":"https:\/\/perle-in.com\/produit\/batterie-de-secours-acrab-magnetique-sans-fil-de-10-000-mah-et-15-w-avec-pd-de-20-w-fabriquee-en-plastique-recycle\/"},"modified":"2025-10-16T08:08:12","modified_gmt":"2025-10-16T06:08:12","slug":"batterie-de-secours-acrab-magnetique-sans-fil-de-10-000-mah-et-15-w-avec-pd-de-20-w-fabriquee-en-plastique-recycle","status":"publish","type":"product","link":"https:\/\/perle-in.com\/en\/product\/batterie-de-secours-acrab-magnetique-sans-fil-de-10-000-mah-et-15-w-avec-pd-de-20-w-fabriquee-en-plastique-recycle\/","title":{"rendered":"Batterie de secours Acrab magn\u00e9tique sans fil de 10\u00a0000\u00a0mAh et 15\u00a0W avec PD de 20\u00a0W &#8211; fabriqu\u00e9e en plastique recycl\u00e9"},"content":{"rendered":"","protected":false},"excerpt":{"rendered":"<p>Chargez plus intelligemment et plus rapidement avec la batterie de secours compacte Acrab de 10\u00a0000\u00a0mAh, fabriqu\u00e9e \u00e0 partir de plastique recycl\u00e9. Profitez d\u2019une charge magn\u00e9tique sans fil jusqu\u2019\u00e0 15\u00a0W pour les smartphones compatibles, y compris l\u2019iPhone\u00a012 et les mod\u00e8les plus r\u00e9cents. Pour les autres appareils de charge sans fil sans fonction magn\u00e9tique, un anneau m\u00e9tallique autocollant est inclus pour un alignement s\u00fbr. La batterie de secours prend \u00e9galement en charge la charge rapide Type-C filaire de 20\u00a0W et la possibilit\u00e9 de charger deux appareils \u00e0 la fois (sans fil et filaire), ce qui la rend parfaite pour prolonger l\u2019autonomie de vos appareils en d\u00e9placement. Un indicateur LED vous tient au courant de l\u2019\u00e9tat de la charge\/batterie.<\/p>","protected":false},"featured_media":577295,"template":"","meta":{"_eb_attr":""},"product_brand":[],"product_cat":[811,667],"product_tag":[812,938,816,3796,815,837,836],"class_list":{"0":"post-577305","1":"product","2":"type-product","3":"status-publish","4":"has-post-thumbnail","6":"product_cat-batteries-externes","7":"product_cat-technologie","8":"product_tag-batterie-de-secours","9":"product_tag-batteries-de-secours","10":"product_tag-charge","11":"product_tag-charger","12":"product_tag-chargeur","13":"product_tag-durable","14":"product_tag-recycle","15":"pa_couleurs-blanc","16":"pa_couleurs-noir","17":"pa_green-points-2910","18":"pa_matiere-plastique-recycle-abs","20":"first","21":"instock","22":"shipping-taxable","23":"purchasable","24":"product-type-variable"},"yoast_head":"<!-- This site is optimized with the Yoast SEO plugin v27.4 - https:\/\/yoast.com\/product\/yoast-seo-wordpress\/ -->\n<title>Batterie de secours Acrab magn\u00e9tique sans fil de 10\u00a0000\u00a0mAh et 15\u00a0W avec PD de 20\u00a0W - fabriqu\u00e9e en plastique recycl\u00e9 - PERLE IN<\/title>\n<meta name=\"robots\" content=\"noindex, follow, max-snippet:-1, max-image-preview:large, max-video-preview:-1\" \/>\n<meta property=\"og:locale\" content=\"en_US\" \/>\n<meta property=\"og:type\" content=\"article\" \/>\n<meta property=\"og:title\" content=\"Batterie de secours Acrab magn\u00e9tique sans fil de 10\u00a0000\u00a0mAh et 15\u00a0W avec PD de 20\u00a0W - fabriqu\u00e9e en plastique recycl\u00e9 - PERLE IN\" \/>\n<meta property=\"og:description\" content=\"Chargez plus intelligemment et plus rapidement avec la batterie de secours compacte Acrab de 10\u00a0000\u00a0mAh, fabriqu\u00e9e \u00e0 partir de plastique recycl\u00e9. Profitez d\u2019une charge magn\u00e9tique sans fil jusqu\u2019\u00e0 15\u00a0W pour les smartphones compatibles, y compris l\u2019iPhone\u00a012 et les mod\u00e8les plus r\u00e9cents. Pour les autres appareils de charge sans fil sans fonction magn\u00e9tique, un anneau m\u00e9tallique autocollant est inclus pour un alignement s\u00fbr. La batterie de secours prend \u00e9galement en charge la charge rapide Type-C filaire de 20\u00a0W et la possibilit\u00e9 de charger deux appareils \u00e0 la fois (sans fil et filaire), ce qui la rend parfaite pour prolonger l\u2019autonomie de vos appareils en d\u00e9placement. Un indicateur LED vous tient au courant de l\u2019\u00e9tat de la charge\/batterie.\" \/>\n<meta property=\"og:url\" content=\"https:\/\/perle-in.com\/en\/product\/batterie-de-secours-acrab-magnetique-sans-fil-de-10-000-mah-et-15-w-avec-pd-de-20-w-fabriquee-en-plastique-recycle\/\" \/>\n<meta property=\"og:site_name\" content=\"PERLE IN\" \/>\n<meta property=\"article:modified_time\" content=\"2025-10-16T06:08:12+00:00\" \/>\n<meta property=\"og:image\" content=\"https:\/\/perle-in.com\/wp-content\/uploads\/2025\/10\/12444201-1.jpg\" \/>\n\t<meta property=\"og:image:width\" content=\"1600\" \/>\n\t<meta property=\"og:image:height\" content=\"1600\" \/>\n\t<meta property=\"og:image:type\" content=\"image\/jpeg\" \/>\n<meta name=\"twitter:card\" content=\"summary_large_image\" \/>\n<script type=\"application\/ld+json\" class=\"yoast-schema-graph\">{\"@context\":\"https:\\\/\\\/schema.org\",\"@graph\":[{\"@type\":\"WebPage\",\"@id\":\"https:\\\/\\\/perle-in.com\\\/produit\\\/batterie-de-secours-acrab-magnetique-sans-fil-de-10-000-mah-et-15-w-avec-pd-de-20-w-fabriquee-en-plastique-recycle\\\/\",\"url\":\"https:\\\/\\\/perle-in.com\\\/produit\\\/batterie-de-secours-acrab-magnetique-sans-fil-de-10-000-mah-et-15-w-avec-pd-de-20-w-fabriquee-en-plastique-recycle\\\/\",\"name\":\"Batterie de secours Acrab magn\u00e9tique sans fil de 10\u00a0000\u00a0mAh et 15\u00a0W avec PD de 20\u00a0W - fabriqu\u00e9e en plastique recycl\u00e9 - PERLE IN\",\"isPartOf\":{\"@id\":\"https:\\\/\\\/perle-in.com\\\/#website\"},\"primaryImageOfPage\":{\"@id\":\"https:\\\/\\\/perle-in.com\\\/produit\\\/batterie-de-secours-acrab-magnetique-sans-fil-de-10-000-mah-et-15-w-avec-pd-de-20-w-fabriquee-en-plastique-recycle\\\/#primaryimage\"},\"image\":{\"@id\":\"https:\\\/\\\/perle-in.com\\\/produit\\\/batterie-de-secours-acrab-magnetique-sans-fil-de-10-000-mah-et-15-w-avec-pd-de-20-w-fabriquee-en-plastique-recycle\\\/#primaryimage\"},\"thumbnailUrl\":\"https:\\\/\\\/perle-in.com\\\/wp-content\\\/uploads\\\/2025\\\/10\\\/12444201-1.jpg\",\"datePublished\":\"2025-10-16T06:08:10+00:00\",\"dateModified\":\"2025-10-16T06:08:12+00:00\",\"breadcrumb\":{\"@id\":\"https:\\\/\\\/perle-in.com\\\/produit\\\/batterie-de-secours-acrab-magnetique-sans-fil-de-10-000-mah-et-15-w-avec-pd-de-20-w-fabriquee-en-plastique-recycle\\\/#breadcrumb\"},\"inLanguage\":\"en-CA\",\"potentialAction\":[{\"@type\":\"ReadAction\",\"target\":[\"https:\\\/\\\/perle-in.com\\\/produit\\\/batterie-de-secours-acrab-magnetique-sans-fil-de-10-000-mah-et-15-w-avec-pd-de-20-w-fabriquee-en-plastique-recycle\\\/\"]}]},{\"@type\":\"ImageObject\",\"inLanguage\":\"en-CA\",\"@id\":\"https:\\\/\\\/perle-in.com\\\/produit\\\/batterie-de-secours-acrab-magnetique-sans-fil-de-10-000-mah-et-15-w-avec-pd-de-20-w-fabriquee-en-plastique-recycle\\\/#primaryimage\",\"url\":\"https:\\\/\\\/perle-in.com\\\/wp-content\\\/uploads\\\/2025\\\/10\\\/12444201-1.jpg\",\"contentUrl\":\"https:\\\/\\\/perle-in.com\\\/wp-content\\\/uploads\\\/2025\\\/10\\\/12444201-1.jpg\",\"width\":1600,\"height\":1600},{\"@type\":\"BreadcrumbList\",\"@id\":\"https:\\\/\\\/perle-in.com\\\/produit\\\/batterie-de-secours-acrab-magnetique-sans-fil-de-10-000-mah-et-15-w-avec-pd-de-20-w-fabriquee-en-plastique-recycle\\\/#breadcrumb\",\"itemListElement\":[{\"@type\":\"ListItem\",\"position\":1,\"name\":\"Accueil\",\"item\":\"https:\\\/\\\/perle-in.com\\\/\"},{\"@type\":\"ListItem\",\"position\":2,\"name\":\"Boutique\",\"item\":\"https:\\\/\\\/perle-in.com\\\/boutique\\\/\"},{\"@type\":\"ListItem\",\"position\":3,\"name\":\"Batterie de secours Acrab magn\u00e9tique sans fil de 10\u00a0000\u00a0mAh et 15\u00a0W avec PD de 20\u00a0W &#8211; fabriqu\u00e9e en plastique recycl\u00e9\"}]},{\"@type\":\"WebSite\",\"@id\":\"https:\\\/\\\/perle-in.com\\\/#website\",\"url\":\"https:\\\/\\\/perle-in.com\\\/\",\"name\":\"PERLE IN\",\"description\":\"\",\"publisher\":{\"@id\":\"https:\\\/\\\/perle-in.com\\\/#organization\"},\"potentialAction\":[{\"@type\":\"SearchAction\",\"target\":{\"@type\":\"EntryPoint\",\"urlTemplate\":\"https:\\\/\\\/perle-in.com\\\/?s={search_term_string}\"},\"query-input\":{\"@type\":\"PropertyValueSpecification\",\"valueRequired\":true,\"valueName\":\"search_term_string\"}}],\"inLanguage\":\"en-CA\"},{\"@type\":\"Organization\",\"@id\":\"https:\\\/\\\/perle-in.com\\\/#organization\",\"name\":\"PERLE IN\",\"url\":\"https:\\\/\\\/perle-in.com\\\/\",\"logo\":{\"@type\":\"ImageObject\",\"inLanguage\":\"en-CA\",\"@id\":\"https:\\\/\\\/perle-in.com\\\/#\\\/schema\\\/logo\\\/image\\\/\",\"url\":\"https:\\\/\\\/perle-in.com\\\/wp-content\\\/uploads\\\/2022\\\/12\\\/LOGO-PERLE-IN-COULEUR@3x.webp\",\"contentUrl\":\"https:\\\/\\\/perle-in.com\\\/wp-content\\\/uploads\\\/2022\\\/12\\\/LOGO-PERLE-IN-COULEUR@3x.webp\",\"width\":1600,\"height\":490,\"caption\":\"PERLE IN\"},\"image\":{\"@id\":\"https:\\\/\\\/perle-in.com\\\/#\\\/schema\\\/logo\\\/image\\\/\"}}]}<\/script>\n<!-- \/ Yoast SEO plugin. -->","yoast_head_json":{"title":"Batterie de secours Acrab magn\u00e9tique sans fil de 10\u00a0000\u00a0mAh et 15\u00a0W avec PD de 20\u00a0W - fabriqu\u00e9e en plastique recycl\u00e9 - PERLE IN","robots":{"index":"noindex","follow":"follow","max-snippet":"max-snippet:-1","max-image-preview":"max-image-preview:large","max-video-preview":"max-video-preview:-1"},"og_locale":"en_US","og_type":"article","og_title":"Batterie de secours Acrab magn\u00e9tique sans fil de 10\u00a0000\u00a0mAh et 15\u00a0W avec PD de 20\u00a0W - fabriqu\u00e9e en plastique recycl\u00e9 - PERLE IN","og_description":"Chargez plus intelligemment et plus rapidement avec la batterie de secours compacte Acrab de 10\u00a0000\u00a0mAh, fabriqu\u00e9e \u00e0 partir de plastique recycl\u00e9. Profitez d\u2019une charge magn\u00e9tique sans fil jusqu\u2019\u00e0 15\u00a0W pour les smartphones compatibles, y compris l\u2019iPhone\u00a012 et les mod\u00e8les plus r\u00e9cents. Pour les autres appareils de charge sans fil sans fonction magn\u00e9tique, un anneau m\u00e9tallique autocollant est inclus pour un alignement s\u00fbr. La batterie de secours prend \u00e9galement en charge la charge rapide Type-C filaire de 20\u00a0W et la possibilit\u00e9 de charger deux appareils \u00e0 la fois (sans fil et filaire), ce qui la rend parfaite pour prolonger l\u2019autonomie de vos appareils en d\u00e9placement. Un indicateur LED vous tient au courant de l\u2019\u00e9tat de la charge\/batterie.","og_url":"https:\/\/perle-in.com\/en\/product\/batterie-de-secours-acrab-magnetique-sans-fil-de-10-000-mah-et-15-w-avec-pd-de-20-w-fabriquee-en-plastique-recycle\/","og_site_name":"PERLE IN","article_modified_time":"2025-10-16T06:08:12+00:00","og_image":[{"width":1600,"height":1600,"url":"https:\/\/perle-in.com\/wp-content\/uploads\/2025\/10\/12444201-1.jpg","type":"image\/jpeg"}],"twitter_card":"summary_large_image","schema":{"@context":"https:\/\/schema.org","@graph":[{"@type":"WebPage","@id":"https:\/\/perle-in.com\/produit\/batterie-de-secours-acrab-magnetique-sans-fil-de-10-000-mah-et-15-w-avec-pd-de-20-w-fabriquee-en-plastique-recycle\/","url":"https:\/\/perle-in.com\/produit\/batterie-de-secours-acrab-magnetique-sans-fil-de-10-000-mah-et-15-w-avec-pd-de-20-w-fabriquee-en-plastique-recycle\/","name":"Batterie de secours Acrab magn\u00e9tique sans fil de 10\u00a0000\u00a0mAh et 15\u00a0W avec PD de 20\u00a0W - fabriqu\u00e9e en plastique recycl\u00e9 - PERLE IN","isPartOf":{"@id":"https:\/\/perle-in.com\/#website"},"primaryImageOfPage":{"@id":"https:\/\/perle-in.com\/produit\/batterie-de-secours-acrab-magnetique-sans-fil-de-10-000-mah-et-15-w-avec-pd-de-20-w-fabriquee-en-plastique-recycle\/#primaryimage"},"image":{"@id":"https:\/\/perle-in.com\/produit\/batterie-de-secours-acrab-magnetique-sans-fil-de-10-000-mah-et-15-w-avec-pd-de-20-w-fabriquee-en-plastique-recycle\/#primaryimage"},"thumbnailUrl":"https:\/\/perle-in.com\/wp-content\/uploads\/2025\/10\/12444201-1.jpg","datePublished":"2025-10-16T06:08:10+00:00","dateModified":"2025-10-16T06:08:12+00:00","breadcrumb":{"@id":"https:\/\/perle-in.com\/produit\/batterie-de-secours-acrab-magnetique-sans-fil-de-10-000-mah-et-15-w-avec-pd-de-20-w-fabriquee-en-plastique-recycle\/#breadcrumb"},"inLanguage":"en-CA","potentialAction":[{"@type":"ReadAction","target":["https:\/\/perle-in.com\/produit\/batterie-de-secours-acrab-magnetique-sans-fil-de-10-000-mah-et-15-w-avec-pd-de-20-w-fabriquee-en-plastique-recycle\/"]}]},{"@type":"ImageObject","inLanguage":"en-CA","@id":"https:\/\/perle-in.com\/produit\/batterie-de-secours-acrab-magnetique-sans-fil-de-10-000-mah-et-15-w-avec-pd-de-20-w-fabriquee-en-plastique-recycle\/#primaryimage","url":"https:\/\/perle-in.com\/wp-content\/uploads\/2025\/10\/12444201-1.jpg","contentUrl":"https:\/\/perle-in.com\/wp-content\/uploads\/2025\/10\/12444201-1.jpg","width":1600,"height":1600},{"@type":"BreadcrumbList","@id":"https:\/\/perle-in.com\/produit\/batterie-de-secours-acrab-magnetique-sans-fil-de-10-000-mah-et-15-w-avec-pd-de-20-w-fabriquee-en-plastique-recycle\/#breadcrumb","itemListElement":[{"@type":"ListItem","position":1,"name":"Accueil","item":"https:\/\/perle-in.com\/"},{"@type":"ListItem","position":2,"name":"Boutique","item":"https:\/\/perle-in.com\/boutique\/"},{"@type":"ListItem","position":3,"name":"Batterie de secours Acrab magn\u00e9tique sans fil de 10\u00a0000\u00a0mAh et 15\u00a0W avec PD de 20\u00a0W &#8211; fabriqu\u00e9e en plastique recycl\u00e9"}]},{"@type":"WebSite","@id":"https:\/\/perle-in.com\/#website","url":"https:\/\/perle-in.com\/","name":"PERLE IN","description":"","publisher":{"@id":"https:\/\/perle-in.com\/#organization"},"potentialAction":[{"@type":"SearchAction","target":{"@type":"EntryPoint","urlTemplate":"https:\/\/perle-in.com\/?s={search_term_string}"},"query-input":{"@type":"PropertyValueSpecification","valueRequired":true,"valueName":"search_term_string"}}],"inLanguage":"en-CA"},{"@type":"Organization","@id":"https:\/\/perle-in.com\/#organization","name":"PERLE IN","url":"https:\/\/perle-in.com\/","logo":{"@type":"ImageObject","inLanguage":"en-CA","@id":"https:\/\/perle-in.com\/#\/schema\/logo\/image\/","url":"https:\/\/perle-in.com\/wp-content\/uploads\/2022\/12\/LOGO-PERLE-IN-COULEUR@3x.webp","contentUrl":"https:\/\/perle-in.com\/wp-content\/uploads\/2022\/12\/LOGO-PERLE-IN-COULEUR@3x.webp","width":1600,"height":490,"caption":"PERLE IN"},"image":{"@id":"https:\/\/perle-in.com\/#\/schema\/logo\/image\/"}}]}},"jetpack_sharing_enabled":true,"_links":{"self":[{"href":"https:\/\/perle-in.com\/en\/wp-json\/wp\/v2\/product\/577305","targetHints":{"allow":["GET"]}}],"collection":[{"href":"https:\/\/perle-in.com\/en\/wp-json\/wp\/v2\/product"}],"about":[{"href":"https:\/\/perle-in.com\/en\/wp-json\/wp\/v2\/types\/product"}],"version-history":[{"count":0,"href":"https:\/\/perle-in.com\/en\/wp-json\/wp\/v2\/product\/577305\/revisions"}],"wp:featuredmedia":[{"embeddable":true,"href":"https:\/\/perle-in.com\/en\/wp-json\/wp\/v2\/media\/577295"}],"wp:attachment":[{"href":"https:\/\/perle-in.com\/en\/wp-json\/wp\/v2\/media?parent=577305"}],"wp:term":[{"taxonomy":"product_brand","embeddable":true,"href":"https:\/\/perle-in.com\/en\/wp-json\/wp\/v2\/product_brand?post=577305"},{"taxonomy":"product_cat","embeddable":true,"href":"https:\/\/perle-in.com\/en\/wp-json\/wp\/v2\/product_cat?post=577305"},{"taxonomy":"product_tag","embeddable":true,"href":"https:\/\/perle-in.com\/en\/wp-json\/wp\/v2\/product_tag?post=577305"}],"curies":[{"name":"wp","href":"https:\/\/api.w.org\/{rel}","templated":true}]}}