{"id":577267,"date":"2025-10-16T08:05:35","date_gmt":"2025-10-16T06:05:35","guid":{"rendered":"https:\/\/perle-in.com\/produit\/chemise-unisexe-en-velours-cotele-alum\/"},"modified":"2025-10-16T08:05:50","modified_gmt":"2025-10-16T06:05:50","slug":"chemise-unisexe-en-velours-cotele-alum","status":"publish","type":"product","link":"https:\/\/perle-in.com\/en\/product\/chemise-unisexe-en-velours-cotele-alum\/","title":{"rendered":"Chemise unisexe en velours c\u00f4tel\u00e9 Alum"},"content":{"rendered":"","protected":false},"excerpt":{"rendered":"<p>La chemise unisexe en velours c\u00f4tel\u00e9 Alum est un essentiel intemporel con\u00e7u pour le confort et le style. Avec sa coupe r\u00e9guli\u00e8re, cette chemise offre une silhouette d\u00e9contract\u00e9e mais structur\u00e9e qui convient \u00e0 tous les sexes. Fabriqu\u00e9e en velours c\u00f4tel\u00e9 doux et durable, sa texture et sa chaleur distinctes rehaussent la tenue de tous les jours. Le motif de la trame fine ajoute une richesse subtile au tissu, tout en garantissant la respirabilit\u00e9 et la facilit\u00e9 de mouvement. Qu\u2019elle soit superpos\u00e9e ou port\u00e9e seule, la chemise Alum est une pi\u00e8ce polyvalente qui allie un design classique \u00e0 un confort moderne.<\/p>","protected":false},"featured_media":577248,"template":"","meta":{"_eb_attr":""},"product_brand":[],"product_cat":[1255,1024],"product_tag":[2380,2381,2427,4127],"class_list":{"0":"post-577267","1":"product","2":"type-product","3":"status-publish","4":"has-post-thumbnail","6":"product_cat-chemises","7":"product_cat-vetements","8":"product_tag-chemise","9":"product_tag-chemises","10":"product_tag-chemisier","11":"product_tag-velours-cotele","12":"pa_couleurs-flocons-davoine","13":"pa_couleurs-noir","14":"pa_marque-elevate-nxt","15":"pa_matiere-52-coton-bci-et-46-polyester-et-2-elasthanne-252-g-m2","16":"pa_pays-d-origine-bengladesh","17":"pa_taille-2xs","18":"pa_taille-3xl","19":"pa_taille-l","20":"pa_taille-m","21":"pa_taille-s","22":"pa_taille-xl","23":"pa_taille-xs","24":"pa_taille-xxl","26":"first","27":"instock","28":"shipping-taxable","29":"purchasable","30":"product-type-variable"},"yoast_head":"<!-- This site is optimized with the Yoast SEO plugin v27.4 - https:\/\/yoast.com\/product\/yoast-seo-wordpress\/ -->\n<title>Chemise unisexe en velours c\u00f4tel\u00e9 Alum - PERLE IN<\/title>\n<meta name=\"robots\" content=\"noindex, follow, max-snippet:-1, max-image-preview:large, max-video-preview:-1\" \/>\n<meta property=\"og:locale\" content=\"en_US\" \/>\n<meta property=\"og:type\" content=\"article\" \/>\n<meta property=\"og:title\" content=\"Chemise unisexe en velours c\u00f4tel\u00e9 Alum - PERLE IN\" \/>\n<meta property=\"og:description\" content=\"La chemise unisexe en velours c\u00f4tel\u00e9 Alum est un essentiel intemporel con\u00e7u pour le confort et le style. Avec sa coupe r\u00e9guli\u00e8re, cette chemise offre une silhouette d\u00e9contract\u00e9e mais structur\u00e9e qui convient \u00e0 tous les sexes. Fabriqu\u00e9e en velours c\u00f4tel\u00e9 doux et durable, sa texture et sa chaleur distinctes rehaussent la tenue de tous les jours. Le motif de la trame fine ajoute une richesse subtile au tissu, tout en garantissant la respirabilit\u00e9 et la facilit\u00e9 de mouvement. Qu\u2019elle soit superpos\u00e9e ou port\u00e9e seule, la chemise Alum est une pi\u00e8ce polyvalente qui allie un design classique \u00e0 un confort moderne.\" \/>\n<meta property=\"og:url\" content=\"https:\/\/perle-in.com\/en\/product\/chemise-unisexe-en-velours-cotele-alum\/\" \/>\n<meta property=\"og:site_name\" content=\"PERLE IN\" \/>\n<meta property=\"article:modified_time\" content=\"2025-10-16T06:05:50+00:00\" \/>\n<meta property=\"og:image\" content=\"https:\/\/perle-in.com\/wp-content\/uploads\/2025\/10\/3950607-1.jpg\" \/>\n\t<meta property=\"og:image:width\" content=\"1600\" \/>\n\t<meta property=\"og:image:height\" content=\"1600\" \/>\n\t<meta property=\"og:image:type\" content=\"image\/jpeg\" \/>\n<meta name=\"twitter:card\" content=\"summary_large_image\" \/>\n<script type=\"application\/ld+json\" class=\"yoast-schema-graph\">{\"@context\":\"https:\\\/\\\/schema.org\",\"@graph\":[{\"@type\":\"WebPage\",\"@id\":\"https:\\\/\\\/perle-in.com\\\/produit\\\/chemise-unisexe-en-velours-cotele-alum\\\/\",\"url\":\"https:\\\/\\\/perle-in.com\\\/produit\\\/chemise-unisexe-en-velours-cotele-alum\\\/\",\"name\":\"Chemise unisexe en velours c\u00f4tel\u00e9 Alum - PERLE IN\",\"isPartOf\":{\"@id\":\"https:\\\/\\\/perle-in.com\\\/#website\"},\"primaryImageOfPage\":{\"@id\":\"https:\\\/\\\/perle-in.com\\\/produit\\\/chemise-unisexe-en-velours-cotele-alum\\\/#primaryimage\"},\"image\":{\"@id\":\"https:\\\/\\\/perle-in.com\\\/produit\\\/chemise-unisexe-en-velours-cotele-alum\\\/#primaryimage\"},\"thumbnailUrl\":\"https:\\\/\\\/perle-in.com\\\/wp-content\\\/uploads\\\/2025\\\/10\\\/3950607-1.jpg\",\"datePublished\":\"2025-10-16T06:05:35+00:00\",\"dateModified\":\"2025-10-16T06:05:50+00:00\",\"breadcrumb\":{\"@id\":\"https:\\\/\\\/perle-in.com\\\/produit\\\/chemise-unisexe-en-velours-cotele-alum\\\/#breadcrumb\"},\"inLanguage\":\"en-CA\",\"potentialAction\":[{\"@type\":\"ReadAction\",\"target\":[\"https:\\\/\\\/perle-in.com\\\/produit\\\/chemise-unisexe-en-velours-cotele-alum\\\/\"]}]},{\"@type\":\"ImageObject\",\"inLanguage\":\"en-CA\",\"@id\":\"https:\\\/\\\/perle-in.com\\\/produit\\\/chemise-unisexe-en-velours-cotele-alum\\\/#primaryimage\",\"url\":\"https:\\\/\\\/perle-in.com\\\/wp-content\\\/uploads\\\/2025\\\/10\\\/3950607-1.jpg\",\"contentUrl\":\"https:\\\/\\\/perle-in.com\\\/wp-content\\\/uploads\\\/2025\\\/10\\\/3950607-1.jpg\",\"width\":1600,\"height\":1600},{\"@type\":\"BreadcrumbList\",\"@id\":\"https:\\\/\\\/perle-in.com\\\/produit\\\/chemise-unisexe-en-velours-cotele-alum\\\/#breadcrumb\",\"itemListElement\":[{\"@type\":\"ListItem\",\"position\":1,\"name\":\"Accueil\",\"item\":\"https:\\\/\\\/perle-in.com\\\/\"},{\"@type\":\"ListItem\",\"position\":2,\"name\":\"Boutique\",\"item\":\"https:\\\/\\\/perle-in.com\\\/boutique\\\/\"},{\"@type\":\"ListItem\",\"position\":3,\"name\":\"Chemise unisexe en velours c\u00f4tel\u00e9 Alum\"}]},{\"@type\":\"WebSite\",\"@id\":\"https:\\\/\\\/perle-in.com\\\/#website\",\"url\":\"https:\\\/\\\/perle-in.com\\\/\",\"name\":\"PERLE IN\",\"description\":\"\",\"publisher\":{\"@id\":\"https:\\\/\\\/perle-in.com\\\/#organization\"},\"potentialAction\":[{\"@type\":\"SearchAction\",\"target\":{\"@type\":\"EntryPoint\",\"urlTemplate\":\"https:\\\/\\\/perle-in.com\\\/?s={search_term_string}\"},\"query-input\":{\"@type\":\"PropertyValueSpecification\",\"valueRequired\":true,\"valueName\":\"search_term_string\"}}],\"inLanguage\":\"en-CA\"},{\"@type\":\"Organization\",\"@id\":\"https:\\\/\\\/perle-in.com\\\/#organization\",\"name\":\"PERLE IN\",\"url\":\"https:\\\/\\\/perle-in.com\\\/\",\"logo\":{\"@type\":\"ImageObject\",\"inLanguage\":\"en-CA\",\"@id\":\"https:\\\/\\\/perle-in.com\\\/#\\\/schema\\\/logo\\\/image\\\/\",\"url\":\"https:\\\/\\\/perle-in.com\\\/wp-content\\\/uploads\\\/2022\\\/12\\\/LOGO-PERLE-IN-COULEUR@3x.webp\",\"contentUrl\":\"https:\\\/\\\/perle-in.com\\\/wp-content\\\/uploads\\\/2022\\\/12\\\/LOGO-PERLE-IN-COULEUR@3x.webp\",\"width\":1600,\"height\":490,\"caption\":\"PERLE IN\"},\"image\":{\"@id\":\"https:\\\/\\\/perle-in.com\\\/#\\\/schema\\\/logo\\\/image\\\/\"}}]}<\/script>\n<!-- \/ Yoast SEO plugin. -->","yoast_head_json":{"title":"Chemise unisexe en velours c\u00f4tel\u00e9 Alum - PERLE IN","robots":{"index":"noindex","follow":"follow","max-snippet":"max-snippet:-1","max-image-preview":"max-image-preview:large","max-video-preview":"max-video-preview:-1"},"og_locale":"en_US","og_type":"article","og_title":"Chemise unisexe en velours c\u00f4tel\u00e9 Alum - PERLE IN","og_description":"La chemise unisexe en velours c\u00f4tel\u00e9 Alum est un essentiel intemporel con\u00e7u pour le confort et le style. Avec sa coupe r\u00e9guli\u00e8re, cette chemise offre une silhouette d\u00e9contract\u00e9e mais structur\u00e9e qui convient \u00e0 tous les sexes. Fabriqu\u00e9e en velours c\u00f4tel\u00e9 doux et durable, sa texture et sa chaleur distinctes rehaussent la tenue de tous les jours. Le motif de la trame fine ajoute une richesse subtile au tissu, tout en garantissant la respirabilit\u00e9 et la facilit\u00e9 de mouvement. Qu\u2019elle soit superpos\u00e9e ou port\u00e9e seule, la chemise Alum est une pi\u00e8ce polyvalente qui allie un design classique \u00e0 un confort moderne.","og_url":"https:\/\/perle-in.com\/en\/product\/chemise-unisexe-en-velours-cotele-alum\/","og_site_name":"PERLE IN","article_modified_time":"2025-10-16T06:05:50+00:00","og_image":[{"width":1600,"height":1600,"url":"https:\/\/perle-in.com\/wp-content\/uploads\/2025\/10\/3950607-1.jpg","type":"image\/jpeg"}],"twitter_card":"summary_large_image","schema":{"@context":"https:\/\/schema.org","@graph":[{"@type":"WebPage","@id":"https:\/\/perle-in.com\/produit\/chemise-unisexe-en-velours-cotele-alum\/","url":"https:\/\/perle-in.com\/produit\/chemise-unisexe-en-velours-cotele-alum\/","name":"Chemise unisexe en velours c\u00f4tel\u00e9 Alum - PERLE IN","isPartOf":{"@id":"https:\/\/perle-in.com\/#website"},"primaryImageOfPage":{"@id":"https:\/\/perle-in.com\/produit\/chemise-unisexe-en-velours-cotele-alum\/#primaryimage"},"image":{"@id":"https:\/\/perle-in.com\/produit\/chemise-unisexe-en-velours-cotele-alum\/#primaryimage"},"thumbnailUrl":"https:\/\/perle-in.com\/wp-content\/uploads\/2025\/10\/3950607-1.jpg","datePublished":"2025-10-16T06:05:35+00:00","dateModified":"2025-10-16T06:05:50+00:00","breadcrumb":{"@id":"https:\/\/perle-in.com\/produit\/chemise-unisexe-en-velours-cotele-alum\/#breadcrumb"},"inLanguage":"en-CA","potentialAction":[{"@type":"ReadAction","target":["https:\/\/perle-in.com\/produit\/chemise-unisexe-en-velours-cotele-alum\/"]}]},{"@type":"ImageObject","inLanguage":"en-CA","@id":"https:\/\/perle-in.com\/produit\/chemise-unisexe-en-velours-cotele-alum\/#primaryimage","url":"https:\/\/perle-in.com\/wp-content\/uploads\/2025\/10\/3950607-1.jpg","contentUrl":"https:\/\/perle-in.com\/wp-content\/uploads\/2025\/10\/3950607-1.jpg","width":1600,"height":1600},{"@type":"BreadcrumbList","@id":"https:\/\/perle-in.com\/produit\/chemise-unisexe-en-velours-cotele-alum\/#breadcrumb","itemListElement":[{"@type":"ListItem","position":1,"name":"Accueil","item":"https:\/\/perle-in.com\/"},{"@type":"ListItem","position":2,"name":"Boutique","item":"https:\/\/perle-in.com\/boutique\/"},{"@type":"ListItem","position":3,"name":"Chemise unisexe en velours c\u00f4tel\u00e9 Alum"}]},{"@type":"WebSite","@id":"https:\/\/perle-in.com\/#website","url":"https:\/\/perle-in.com\/","name":"PERLE IN","description":"","publisher":{"@id":"https:\/\/perle-in.com\/#organization"},"potentialAction":[{"@type":"SearchAction","target":{"@type":"EntryPoint","urlTemplate":"https:\/\/perle-in.com\/?s={search_term_string}"},"query-input":{"@type":"PropertyValueSpecification","valueRequired":true,"valueName":"search_term_string"}}],"inLanguage":"en-CA"},{"@type":"Organization","@id":"https:\/\/perle-in.com\/#organization","name":"PERLE IN","url":"https:\/\/perle-in.com\/","logo":{"@type":"ImageObject","inLanguage":"en-CA","@id":"https:\/\/perle-in.com\/#\/schema\/logo\/image\/","url":"https:\/\/perle-in.com\/wp-content\/uploads\/2022\/12\/LOGO-PERLE-IN-COULEUR@3x.webp","contentUrl":"https:\/\/perle-in.com\/wp-content\/uploads\/2022\/12\/LOGO-PERLE-IN-COULEUR@3x.webp","width":1600,"height":490,"caption":"PERLE IN"},"image":{"@id":"https:\/\/perle-in.com\/#\/schema\/logo\/image\/"}}]}},"jetpack_sharing_enabled":true,"_links":{"self":[{"href":"https:\/\/perle-in.com\/en\/wp-json\/wp\/v2\/product\/577267","targetHints":{"allow":["GET"]}}],"collection":[{"href":"https:\/\/perle-in.com\/en\/wp-json\/wp\/v2\/product"}],"about":[{"href":"https:\/\/perle-in.com\/en\/wp-json\/wp\/v2\/types\/product"}],"version-history":[{"count":0,"href":"https:\/\/perle-in.com\/en\/wp-json\/wp\/v2\/product\/577267\/revisions"}],"wp:featuredmedia":[{"embeddable":true,"href":"https:\/\/perle-in.com\/en\/wp-json\/wp\/v2\/media\/577248"}],"wp:attachment":[{"href":"https:\/\/perle-in.com\/en\/wp-json\/wp\/v2\/media?parent=577267"}],"wp:term":[{"taxonomy":"product_brand","embeddable":true,"href":"https:\/\/perle-in.com\/en\/wp-json\/wp\/v2\/product_brand?post=577267"},{"taxonomy":"product_cat","embeddable":true,"href":"https:\/\/perle-in.com\/en\/wp-json\/wp\/v2\/product_cat?post=577267"},{"taxonomy":"product_tag","embeddable":true,"href":"https:\/\/perle-in.com\/en\/wp-json\/wp\/v2\/product_tag?post=577267"}],"curies":[{"name":"wp","href":"https:\/\/api.w.org\/{rel}","templated":true}]}}