{"id":577220,"date":"2025-10-16T08:03:48","date_gmt":"2025-10-16T06:03:48","guid":{"rendered":"https:\/\/perle-in.com\/produit\/chemise-en-serge-femme-citrine\/"},"modified":"2025-10-16T08:04:09","modified_gmt":"2025-10-16T06:04:09","slug":"chemise-en-serge-femme-citrine","status":"publish","type":"product","link":"https:\/\/perle-in.com\/en\/product\/chemise-en-serge-femme-citrine\/","title":{"rendered":"Chemise en serg\u00e9 femme Citrine"},"content":{"rendered":"","protected":false},"excerpt":{"rendered":"<p>La chemise en serg\u00e9 \u00e0 manches longues pour femme Citrine allie une structure douce \u00e0 une aisance f\u00e9minine. Fabriqu\u00e9e \u00e0 partir de serg\u00e9 de coton certifi\u00e9 BCI de qualit\u00e9 sup\u00e9rieure, elle pr\u00e9sente une texture lisse et subtilement lustr\u00e9e qui am\u00e9liore la portabilit\u00e9 au quotidien tout en soutenant des pratiques de coton plus durables. La coupe r\u00e9guli\u00e8re, dot\u00e9e de pinces \u00e0 l\u2019avant et \u00e0 l\u2019arri\u00e8re, cr\u00e9e une silhouette flatteuse sans compromettre le confort. Con\u00e7ue avec un col ouvert pour une touche de modernit\u00e9, la chemise Citrine passe sans effort du travail au week-end, apportant une qualit\u00e9 intemporelle \u00e0 toute garde-robe.<\/p>","protected":false},"featured_media":577196,"template":"","meta":{"_eb_attr":""},"product_brand":[],"product_cat":[1255,1024],"product_tag":[4041,2380,2381,2427,2382,4040,4125],"class_list":{"0":"post-577220","1":"product","2":"type-product","3":"status-publish","4":"has-post-thumbnail","6":"product_cat-chemises","7":"product_cat-vetements","8":"product_tag-bci","9":"product_tag-chemise","10":"product_tag-chemises","11":"product_tag-chemisier","12":"product_tag-haut","13":"product_tag-manches-longues","14":"product_tag-serge","15":"pa_couleurs-blanc","16":"pa_couleurs-bleu-clair","17":"pa_couleurs-noir","18":"pa_marque-elevate-nxt","19":"pa_matiere-woven-twill-100-coton-bci-185-g-m2","20":"pa_pays-d-origine-bengladesh","21":"pa_taille-2xs","22":"pa_taille-l","23":"pa_taille-m","24":"pa_taille-s","25":"pa_taille-xl","26":"pa_taille-xs","27":"pa_taille-xxl","29":"first","30":"instock","31":"shipping-taxable","32":"purchasable","33":"product-type-variable"},"yoast_head":"<!-- This site is optimized with the Yoast SEO plugin v27.4 - https:\/\/yoast.com\/product\/yoast-seo-wordpress\/ -->\n<title>Chemise en serg\u00e9 femme Citrine - PERLE IN<\/title>\n<meta name=\"robots\" content=\"noindex, follow, max-snippet:-1, max-image-preview:large, max-video-preview:-1\" \/>\n<meta property=\"og:locale\" content=\"en_US\" \/>\n<meta property=\"og:type\" content=\"article\" \/>\n<meta property=\"og:title\" content=\"Chemise en serg\u00e9 femme Citrine - PERLE IN\" \/>\n<meta property=\"og:description\" content=\"La chemise en serg\u00e9 \u00e0 manches longues pour femme Citrine allie une structure douce \u00e0 une aisance f\u00e9minine. Fabriqu\u00e9e \u00e0 partir de serg\u00e9 de coton certifi\u00e9 BCI de qualit\u00e9 sup\u00e9rieure, elle pr\u00e9sente une texture lisse et subtilement lustr\u00e9e qui am\u00e9liore la portabilit\u00e9 au quotidien tout en soutenant des pratiques de coton plus durables. La coupe r\u00e9guli\u00e8re, dot\u00e9e de pinces \u00e0 l\u2019avant et \u00e0 l\u2019arri\u00e8re, cr\u00e9e une silhouette flatteuse sans compromettre le confort. Con\u00e7ue avec un col ouvert pour une touche de modernit\u00e9, la chemise Citrine passe sans effort du travail au week-end, apportant une qualit\u00e9 intemporelle \u00e0 toute garde-robe.\" \/>\n<meta property=\"og:url\" content=\"https:\/\/perle-in.com\/en\/product\/chemise-en-serge-femme-citrine\/\" \/>\n<meta property=\"og:site_name\" content=\"PERLE IN\" \/>\n<meta property=\"article:modified_time\" content=\"2025-10-16T06:04:09+00:00\" \/>\n<meta property=\"og:image\" content=\"https:\/\/perle-in.com\/wp-content\/uploads\/2025\/10\/3950501-1.jpg\" \/>\n\t<meta property=\"og:image:width\" content=\"1600\" \/>\n\t<meta property=\"og:image:height\" content=\"1600\" \/>\n\t<meta property=\"og:image:type\" content=\"image\/jpeg\" \/>\n<meta name=\"twitter:card\" content=\"summary_large_image\" \/>\n<script type=\"application\/ld+json\" class=\"yoast-schema-graph\">{\"@context\":\"https:\\\/\\\/schema.org\",\"@graph\":[{\"@type\":\"WebPage\",\"@id\":\"https:\\\/\\\/perle-in.com\\\/produit\\\/chemise-en-serge-femme-citrine\\\/\",\"url\":\"https:\\\/\\\/perle-in.com\\\/produit\\\/chemise-en-serge-femme-citrine\\\/\",\"name\":\"Chemise en serg\u00e9 femme Citrine - PERLE IN\",\"isPartOf\":{\"@id\":\"https:\\\/\\\/perle-in.com\\\/#website\"},\"primaryImageOfPage\":{\"@id\":\"https:\\\/\\\/perle-in.com\\\/produit\\\/chemise-en-serge-femme-citrine\\\/#primaryimage\"},\"image\":{\"@id\":\"https:\\\/\\\/perle-in.com\\\/produit\\\/chemise-en-serge-femme-citrine\\\/#primaryimage\"},\"thumbnailUrl\":\"https:\\\/\\\/perle-in.com\\\/wp-content\\\/uploads\\\/2025\\\/10\\\/3950501-1.jpg\",\"datePublished\":\"2025-10-16T06:03:48+00:00\",\"dateModified\":\"2025-10-16T06:04:09+00:00\",\"breadcrumb\":{\"@id\":\"https:\\\/\\\/perle-in.com\\\/produit\\\/chemise-en-serge-femme-citrine\\\/#breadcrumb\"},\"inLanguage\":\"en-CA\",\"potentialAction\":[{\"@type\":\"ReadAction\",\"target\":[\"https:\\\/\\\/perle-in.com\\\/produit\\\/chemise-en-serge-femme-citrine\\\/\"]}]},{\"@type\":\"ImageObject\",\"inLanguage\":\"en-CA\",\"@id\":\"https:\\\/\\\/perle-in.com\\\/produit\\\/chemise-en-serge-femme-citrine\\\/#primaryimage\",\"url\":\"https:\\\/\\\/perle-in.com\\\/wp-content\\\/uploads\\\/2025\\\/10\\\/3950501-1.jpg\",\"contentUrl\":\"https:\\\/\\\/perle-in.com\\\/wp-content\\\/uploads\\\/2025\\\/10\\\/3950501-1.jpg\",\"width\":1600,\"height\":1600},{\"@type\":\"BreadcrumbList\",\"@id\":\"https:\\\/\\\/perle-in.com\\\/produit\\\/chemise-en-serge-femme-citrine\\\/#breadcrumb\",\"itemListElement\":[{\"@type\":\"ListItem\",\"position\":1,\"name\":\"Accueil\",\"item\":\"https:\\\/\\\/perle-in.com\\\/\"},{\"@type\":\"ListItem\",\"position\":2,\"name\":\"Boutique\",\"item\":\"https:\\\/\\\/perle-in.com\\\/boutique\\\/\"},{\"@type\":\"ListItem\",\"position\":3,\"name\":\"Chemise en serg\u00e9 femme Citrine\"}]},{\"@type\":\"WebSite\",\"@id\":\"https:\\\/\\\/perle-in.com\\\/#website\",\"url\":\"https:\\\/\\\/perle-in.com\\\/\",\"name\":\"PERLE IN\",\"description\":\"\",\"publisher\":{\"@id\":\"https:\\\/\\\/perle-in.com\\\/#organization\"},\"potentialAction\":[{\"@type\":\"SearchAction\",\"target\":{\"@type\":\"EntryPoint\",\"urlTemplate\":\"https:\\\/\\\/perle-in.com\\\/?s={search_term_string}\"},\"query-input\":{\"@type\":\"PropertyValueSpecification\",\"valueRequired\":true,\"valueName\":\"search_term_string\"}}],\"inLanguage\":\"en-CA\"},{\"@type\":\"Organization\",\"@id\":\"https:\\\/\\\/perle-in.com\\\/#organization\",\"name\":\"PERLE IN\",\"url\":\"https:\\\/\\\/perle-in.com\\\/\",\"logo\":{\"@type\":\"ImageObject\",\"inLanguage\":\"en-CA\",\"@id\":\"https:\\\/\\\/perle-in.com\\\/#\\\/schema\\\/logo\\\/image\\\/\",\"url\":\"https:\\\/\\\/perle-in.com\\\/wp-content\\\/uploads\\\/2022\\\/12\\\/LOGO-PERLE-IN-COULEUR@3x.webp\",\"contentUrl\":\"https:\\\/\\\/perle-in.com\\\/wp-content\\\/uploads\\\/2022\\\/12\\\/LOGO-PERLE-IN-COULEUR@3x.webp\",\"width\":1600,\"height\":490,\"caption\":\"PERLE IN\"},\"image\":{\"@id\":\"https:\\\/\\\/perle-in.com\\\/#\\\/schema\\\/logo\\\/image\\\/\"}}]}<\/script>\n<!-- \/ Yoast SEO plugin. -->","yoast_head_json":{"title":"Chemise en serg\u00e9 femme Citrine - PERLE IN","robots":{"index":"noindex","follow":"follow","max-snippet":"max-snippet:-1","max-image-preview":"max-image-preview:large","max-video-preview":"max-video-preview:-1"},"og_locale":"en_US","og_type":"article","og_title":"Chemise en serg\u00e9 femme Citrine - PERLE IN","og_description":"La chemise en serg\u00e9 \u00e0 manches longues pour femme Citrine allie une structure douce \u00e0 une aisance f\u00e9minine. Fabriqu\u00e9e \u00e0 partir de serg\u00e9 de coton certifi\u00e9 BCI de qualit\u00e9 sup\u00e9rieure, elle pr\u00e9sente une texture lisse et subtilement lustr\u00e9e qui am\u00e9liore la portabilit\u00e9 au quotidien tout en soutenant des pratiques de coton plus durables. La coupe r\u00e9guli\u00e8re, dot\u00e9e de pinces \u00e0 l\u2019avant et \u00e0 l\u2019arri\u00e8re, cr\u00e9e une silhouette flatteuse sans compromettre le confort. Con\u00e7ue avec un col ouvert pour une touche de modernit\u00e9, la chemise Citrine passe sans effort du travail au week-end, apportant une qualit\u00e9 intemporelle \u00e0 toute garde-robe.","og_url":"https:\/\/perle-in.com\/en\/product\/chemise-en-serge-femme-citrine\/","og_site_name":"PERLE IN","article_modified_time":"2025-10-16T06:04:09+00:00","og_image":[{"width":1600,"height":1600,"url":"https:\/\/perle-in.com\/wp-content\/uploads\/2025\/10\/3950501-1.jpg","type":"image\/jpeg"}],"twitter_card":"summary_large_image","schema":{"@context":"https:\/\/schema.org","@graph":[{"@type":"WebPage","@id":"https:\/\/perle-in.com\/produit\/chemise-en-serge-femme-citrine\/","url":"https:\/\/perle-in.com\/produit\/chemise-en-serge-femme-citrine\/","name":"Chemise en serg\u00e9 femme Citrine - PERLE IN","isPartOf":{"@id":"https:\/\/perle-in.com\/#website"},"primaryImageOfPage":{"@id":"https:\/\/perle-in.com\/produit\/chemise-en-serge-femme-citrine\/#primaryimage"},"image":{"@id":"https:\/\/perle-in.com\/produit\/chemise-en-serge-femme-citrine\/#primaryimage"},"thumbnailUrl":"https:\/\/perle-in.com\/wp-content\/uploads\/2025\/10\/3950501-1.jpg","datePublished":"2025-10-16T06:03:48+00:00","dateModified":"2025-10-16T06:04:09+00:00","breadcrumb":{"@id":"https:\/\/perle-in.com\/produit\/chemise-en-serge-femme-citrine\/#breadcrumb"},"inLanguage":"en-CA","potentialAction":[{"@type":"ReadAction","target":["https:\/\/perle-in.com\/produit\/chemise-en-serge-femme-citrine\/"]}]},{"@type":"ImageObject","inLanguage":"en-CA","@id":"https:\/\/perle-in.com\/produit\/chemise-en-serge-femme-citrine\/#primaryimage","url":"https:\/\/perle-in.com\/wp-content\/uploads\/2025\/10\/3950501-1.jpg","contentUrl":"https:\/\/perle-in.com\/wp-content\/uploads\/2025\/10\/3950501-1.jpg","width":1600,"height":1600},{"@type":"BreadcrumbList","@id":"https:\/\/perle-in.com\/produit\/chemise-en-serge-femme-citrine\/#breadcrumb","itemListElement":[{"@type":"ListItem","position":1,"name":"Accueil","item":"https:\/\/perle-in.com\/"},{"@type":"ListItem","position":2,"name":"Boutique","item":"https:\/\/perle-in.com\/boutique\/"},{"@type":"ListItem","position":3,"name":"Chemise en serg\u00e9 femme Citrine"}]},{"@type":"WebSite","@id":"https:\/\/perle-in.com\/#website","url":"https:\/\/perle-in.com\/","name":"PERLE IN","description":"","publisher":{"@id":"https:\/\/perle-in.com\/#organization"},"potentialAction":[{"@type":"SearchAction","target":{"@type":"EntryPoint","urlTemplate":"https:\/\/perle-in.com\/?s={search_term_string}"},"query-input":{"@type":"PropertyValueSpecification","valueRequired":true,"valueName":"search_term_string"}}],"inLanguage":"en-CA"},{"@type":"Organization","@id":"https:\/\/perle-in.com\/#organization","name":"PERLE IN","url":"https:\/\/perle-in.com\/","logo":{"@type":"ImageObject","inLanguage":"en-CA","@id":"https:\/\/perle-in.com\/#\/schema\/logo\/image\/","url":"https:\/\/perle-in.com\/wp-content\/uploads\/2022\/12\/LOGO-PERLE-IN-COULEUR@3x.webp","contentUrl":"https:\/\/perle-in.com\/wp-content\/uploads\/2022\/12\/LOGO-PERLE-IN-COULEUR@3x.webp","width":1600,"height":490,"caption":"PERLE IN"},"image":{"@id":"https:\/\/perle-in.com\/#\/schema\/logo\/image\/"}}]}},"jetpack_sharing_enabled":true,"_links":{"self":[{"href":"https:\/\/perle-in.com\/en\/wp-json\/wp\/v2\/product\/577220","targetHints":{"allow":["GET"]}}],"collection":[{"href":"https:\/\/perle-in.com\/en\/wp-json\/wp\/v2\/product"}],"about":[{"href":"https:\/\/perle-in.com\/en\/wp-json\/wp\/v2\/types\/product"}],"version-history":[{"count":0,"href":"https:\/\/perle-in.com\/en\/wp-json\/wp\/v2\/product\/577220\/revisions"}],"wp:featuredmedia":[{"embeddable":true,"href":"https:\/\/perle-in.com\/en\/wp-json\/wp\/v2\/media\/577196"}],"wp:attachment":[{"href":"https:\/\/perle-in.com\/en\/wp-json\/wp\/v2\/media?parent=577220"}],"wp:term":[{"taxonomy":"product_brand","embeddable":true,"href":"https:\/\/perle-in.com\/en\/wp-json\/wp\/v2\/product_brand?post=577220"},{"taxonomy":"product_cat","embeddable":true,"href":"https:\/\/perle-in.com\/en\/wp-json\/wp\/v2\/product_cat?post=577220"},{"taxonomy":"product_tag","embeddable":true,"href":"https:\/\/perle-in.com\/en\/wp-json\/wp\/v2\/product_tag?post=577220"}],"curies":[{"name":"wp","href":"https:\/\/api.w.org\/{rel}","templated":true}]}}