{"id":577171,"date":"2025-10-16T08:01:47","date_gmt":"2025-10-16T06:01:47","guid":{"rendered":"https:\/\/perle-in.com\/produit\/chemise-en-serge-homme-citrine\/"},"modified":"2025-10-16T08:02:08","modified_gmt":"2025-10-16T06:02:08","slug":"chemise-en-serge-homme-citrine","status":"publish","type":"product","link":"https:\/\/perle-in.com\/en\/product\/chemise-en-serge-homme-citrine\/","title":{"rendered":"Chemise en serg\u00e9 homme Citrine"},"content":{"rendered":"","protected":false},"excerpt":{"rendered":"<p>La chemise en serg\u00e9 \u00e0 manches longues pour homme Citrine offre un style sans effort avec un raffinement quotidien. Fabriqu\u00e9e \u00e0 partir de serg\u00e9 de coton certifi\u00e9 BCI de haute qualit\u00e9, elle soutient une culture du coton plus durable tout en offrant une finition lisse et l\u00e9g\u00e8rement brillante qui am\u00e9liore le confort et la durabilit\u00e9. La coupe r\u00e9guli\u00e8re cr\u00e9e une silhouette d\u00e9contract\u00e9e mais \u00e9l\u00e9gante, et le col ouvert apporte une touche d\u00e9tendue et moderne. Convenant aussi bien \u00e0 un cadre professionnel qu\u2019\u00e0 un cadre d\u00e9contract\u00e9, la chemise Citrine est une pi\u00e8ce polyvalente qui associe un savoir-faire conscient \u00e0 un design contemporain.<\/p>","protected":false},"featured_media":577148,"template":"","meta":{"_eb_attr":""},"product_brand":[],"product_cat":[1255,1024],"product_tag":[4041,2380,2381,2427,2382,4040,4125],"class_list":{"0":"post-577171","1":"product","2":"type-product","3":"status-publish","4":"has-post-thumbnail","6":"product_cat-chemises","7":"product_cat-vetements","8":"product_tag-bci","9":"product_tag-chemise","10":"product_tag-chemises","11":"product_tag-chemisier","12":"product_tag-haut","13":"product_tag-manches-longues","14":"product_tag-serge","15":"pa_couleurs-blanc","16":"pa_couleurs-bleu-clair","17":"pa_couleurs-noir","18":"pa_marque-elevate-nxt","19":"pa_matiere-woven-twill-100-coton-bci-185-g-m2","20":"pa_pays-d-origine-bengladesh","21":"pa_taille-3xl","22":"pa_taille-l","23":"pa_taille-m","24":"pa_taille-s","25":"pa_taille-xl","26":"pa_taille-xs","27":"pa_taille-xxl","29":"first","30":"instock","31":"shipping-taxable","32":"purchasable","33":"product-type-variable"},"yoast_head":"<!-- This site is optimized with the Yoast SEO plugin v27.4 - https:\/\/yoast.com\/product\/yoast-seo-wordpress\/ -->\n<title>Chemise en serg\u00e9 homme Citrine - PERLE IN<\/title>\n<meta name=\"robots\" content=\"noindex, follow, max-snippet:-1, max-image-preview:large, max-video-preview:-1\" \/>\n<meta property=\"og:locale\" content=\"en_US\" \/>\n<meta property=\"og:type\" content=\"article\" \/>\n<meta property=\"og:title\" content=\"Chemise en serg\u00e9 homme Citrine - PERLE IN\" \/>\n<meta property=\"og:description\" content=\"La chemise en serg\u00e9 \u00e0 manches longues pour homme Citrine offre un style sans effort avec un raffinement quotidien. Fabriqu\u00e9e \u00e0 partir de serg\u00e9 de coton certifi\u00e9 BCI de haute qualit\u00e9, elle soutient une culture du coton plus durable tout en offrant une finition lisse et l\u00e9g\u00e8rement brillante qui am\u00e9liore le confort et la durabilit\u00e9. La coupe r\u00e9guli\u00e8re cr\u00e9e une silhouette d\u00e9contract\u00e9e mais \u00e9l\u00e9gante, et le col ouvert apporte une touche d\u00e9tendue et moderne. Convenant aussi bien \u00e0 un cadre professionnel qu\u2019\u00e0 un cadre d\u00e9contract\u00e9, la chemise Citrine est une pi\u00e8ce polyvalente qui associe un savoir-faire conscient \u00e0 un design contemporain.\" \/>\n<meta property=\"og:url\" content=\"https:\/\/perle-in.com\/en\/product\/chemise-en-serge-homme-citrine\/\" \/>\n<meta property=\"og:site_name\" content=\"PERLE IN\" \/>\n<meta property=\"article:modified_time\" content=\"2025-10-16T06:02:08+00:00\" \/>\n<meta property=\"og:image\" content=\"https:\/\/perle-in.com\/wp-content\/uploads\/2025\/10\/3950401-1.jpg\" \/>\n\t<meta property=\"og:image:width\" content=\"1600\" \/>\n\t<meta property=\"og:image:height\" content=\"1600\" \/>\n\t<meta property=\"og:image:type\" content=\"image\/jpeg\" \/>\n<meta name=\"twitter:card\" content=\"summary_large_image\" \/>\n<script type=\"application\/ld+json\" class=\"yoast-schema-graph\">{\"@context\":\"https:\\\/\\\/schema.org\",\"@graph\":[{\"@type\":\"WebPage\",\"@id\":\"https:\\\/\\\/perle-in.com\\\/produit\\\/chemise-en-serge-homme-citrine\\\/\",\"url\":\"https:\\\/\\\/perle-in.com\\\/produit\\\/chemise-en-serge-homme-citrine\\\/\",\"name\":\"Chemise en serg\u00e9 homme Citrine - PERLE IN\",\"isPartOf\":{\"@id\":\"https:\\\/\\\/perle-in.com\\\/#website\"},\"primaryImageOfPage\":{\"@id\":\"https:\\\/\\\/perle-in.com\\\/produit\\\/chemise-en-serge-homme-citrine\\\/#primaryimage\"},\"image\":{\"@id\":\"https:\\\/\\\/perle-in.com\\\/produit\\\/chemise-en-serge-homme-citrine\\\/#primaryimage\"},\"thumbnailUrl\":\"https:\\\/\\\/perle-in.com\\\/wp-content\\\/uploads\\\/2025\\\/10\\\/3950401-1.jpg\",\"datePublished\":\"2025-10-16T06:01:47+00:00\",\"dateModified\":\"2025-10-16T06:02:08+00:00\",\"breadcrumb\":{\"@id\":\"https:\\\/\\\/perle-in.com\\\/produit\\\/chemise-en-serge-homme-citrine\\\/#breadcrumb\"},\"inLanguage\":\"en-CA\",\"potentialAction\":[{\"@type\":\"ReadAction\",\"target\":[\"https:\\\/\\\/perle-in.com\\\/produit\\\/chemise-en-serge-homme-citrine\\\/\"]}]},{\"@type\":\"ImageObject\",\"inLanguage\":\"en-CA\",\"@id\":\"https:\\\/\\\/perle-in.com\\\/produit\\\/chemise-en-serge-homme-citrine\\\/#primaryimage\",\"url\":\"https:\\\/\\\/perle-in.com\\\/wp-content\\\/uploads\\\/2025\\\/10\\\/3950401-1.jpg\",\"contentUrl\":\"https:\\\/\\\/perle-in.com\\\/wp-content\\\/uploads\\\/2025\\\/10\\\/3950401-1.jpg\",\"width\":1600,\"height\":1600},{\"@type\":\"BreadcrumbList\",\"@id\":\"https:\\\/\\\/perle-in.com\\\/produit\\\/chemise-en-serge-homme-citrine\\\/#breadcrumb\",\"itemListElement\":[{\"@type\":\"ListItem\",\"position\":1,\"name\":\"Accueil\",\"item\":\"https:\\\/\\\/perle-in.com\\\/\"},{\"@type\":\"ListItem\",\"position\":2,\"name\":\"Boutique\",\"item\":\"https:\\\/\\\/perle-in.com\\\/boutique\\\/\"},{\"@type\":\"ListItem\",\"position\":3,\"name\":\"Chemise en serg\u00e9 homme Citrine\"}]},{\"@type\":\"WebSite\",\"@id\":\"https:\\\/\\\/perle-in.com\\\/#website\",\"url\":\"https:\\\/\\\/perle-in.com\\\/\",\"name\":\"PERLE IN\",\"description\":\"\",\"publisher\":{\"@id\":\"https:\\\/\\\/perle-in.com\\\/#organization\"},\"potentialAction\":[{\"@type\":\"SearchAction\",\"target\":{\"@type\":\"EntryPoint\",\"urlTemplate\":\"https:\\\/\\\/perle-in.com\\\/?s={search_term_string}\"},\"query-input\":{\"@type\":\"PropertyValueSpecification\",\"valueRequired\":true,\"valueName\":\"search_term_string\"}}],\"inLanguage\":\"en-CA\"},{\"@type\":\"Organization\",\"@id\":\"https:\\\/\\\/perle-in.com\\\/#organization\",\"name\":\"PERLE IN\",\"url\":\"https:\\\/\\\/perle-in.com\\\/\",\"logo\":{\"@type\":\"ImageObject\",\"inLanguage\":\"en-CA\",\"@id\":\"https:\\\/\\\/perle-in.com\\\/#\\\/schema\\\/logo\\\/image\\\/\",\"url\":\"https:\\\/\\\/perle-in.com\\\/wp-content\\\/uploads\\\/2022\\\/12\\\/LOGO-PERLE-IN-COULEUR@3x.webp\",\"contentUrl\":\"https:\\\/\\\/perle-in.com\\\/wp-content\\\/uploads\\\/2022\\\/12\\\/LOGO-PERLE-IN-COULEUR@3x.webp\",\"width\":1600,\"height\":490,\"caption\":\"PERLE IN\"},\"image\":{\"@id\":\"https:\\\/\\\/perle-in.com\\\/#\\\/schema\\\/logo\\\/image\\\/\"}}]}<\/script>\n<!-- \/ Yoast SEO plugin. -->","yoast_head_json":{"title":"Chemise en serg\u00e9 homme Citrine - PERLE IN","robots":{"index":"noindex","follow":"follow","max-snippet":"max-snippet:-1","max-image-preview":"max-image-preview:large","max-video-preview":"max-video-preview:-1"},"og_locale":"en_US","og_type":"article","og_title":"Chemise en serg\u00e9 homme Citrine - PERLE IN","og_description":"La chemise en serg\u00e9 \u00e0 manches longues pour homme Citrine offre un style sans effort avec un raffinement quotidien. Fabriqu\u00e9e \u00e0 partir de serg\u00e9 de coton certifi\u00e9 BCI de haute qualit\u00e9, elle soutient une culture du coton plus durable tout en offrant une finition lisse et l\u00e9g\u00e8rement brillante qui am\u00e9liore le confort et la durabilit\u00e9. La coupe r\u00e9guli\u00e8re cr\u00e9e une silhouette d\u00e9contract\u00e9e mais \u00e9l\u00e9gante, et le col ouvert apporte une touche d\u00e9tendue et moderne. Convenant aussi bien \u00e0 un cadre professionnel qu\u2019\u00e0 un cadre d\u00e9contract\u00e9, la chemise Citrine est une pi\u00e8ce polyvalente qui associe un savoir-faire conscient \u00e0 un design contemporain.","og_url":"https:\/\/perle-in.com\/en\/product\/chemise-en-serge-homme-citrine\/","og_site_name":"PERLE IN","article_modified_time":"2025-10-16T06:02:08+00:00","og_image":[{"width":1600,"height":1600,"url":"https:\/\/perle-in.com\/wp-content\/uploads\/2025\/10\/3950401-1.jpg","type":"image\/jpeg"}],"twitter_card":"summary_large_image","schema":{"@context":"https:\/\/schema.org","@graph":[{"@type":"WebPage","@id":"https:\/\/perle-in.com\/produit\/chemise-en-serge-homme-citrine\/","url":"https:\/\/perle-in.com\/produit\/chemise-en-serge-homme-citrine\/","name":"Chemise en serg\u00e9 homme Citrine - PERLE IN","isPartOf":{"@id":"https:\/\/perle-in.com\/#website"},"primaryImageOfPage":{"@id":"https:\/\/perle-in.com\/produit\/chemise-en-serge-homme-citrine\/#primaryimage"},"image":{"@id":"https:\/\/perle-in.com\/produit\/chemise-en-serge-homme-citrine\/#primaryimage"},"thumbnailUrl":"https:\/\/perle-in.com\/wp-content\/uploads\/2025\/10\/3950401-1.jpg","datePublished":"2025-10-16T06:01:47+00:00","dateModified":"2025-10-16T06:02:08+00:00","breadcrumb":{"@id":"https:\/\/perle-in.com\/produit\/chemise-en-serge-homme-citrine\/#breadcrumb"},"inLanguage":"en-CA","potentialAction":[{"@type":"ReadAction","target":["https:\/\/perle-in.com\/produit\/chemise-en-serge-homme-citrine\/"]}]},{"@type":"ImageObject","inLanguage":"en-CA","@id":"https:\/\/perle-in.com\/produit\/chemise-en-serge-homme-citrine\/#primaryimage","url":"https:\/\/perle-in.com\/wp-content\/uploads\/2025\/10\/3950401-1.jpg","contentUrl":"https:\/\/perle-in.com\/wp-content\/uploads\/2025\/10\/3950401-1.jpg","width":1600,"height":1600},{"@type":"BreadcrumbList","@id":"https:\/\/perle-in.com\/produit\/chemise-en-serge-homme-citrine\/#breadcrumb","itemListElement":[{"@type":"ListItem","position":1,"name":"Accueil","item":"https:\/\/perle-in.com\/"},{"@type":"ListItem","position":2,"name":"Boutique","item":"https:\/\/perle-in.com\/boutique\/"},{"@type":"ListItem","position":3,"name":"Chemise en serg\u00e9 homme Citrine"}]},{"@type":"WebSite","@id":"https:\/\/perle-in.com\/#website","url":"https:\/\/perle-in.com\/","name":"PERLE IN","description":"","publisher":{"@id":"https:\/\/perle-in.com\/#organization"},"potentialAction":[{"@type":"SearchAction","target":{"@type":"EntryPoint","urlTemplate":"https:\/\/perle-in.com\/?s={search_term_string}"},"query-input":{"@type":"PropertyValueSpecification","valueRequired":true,"valueName":"search_term_string"}}],"inLanguage":"en-CA"},{"@type":"Organization","@id":"https:\/\/perle-in.com\/#organization","name":"PERLE IN","url":"https:\/\/perle-in.com\/","logo":{"@type":"ImageObject","inLanguage":"en-CA","@id":"https:\/\/perle-in.com\/#\/schema\/logo\/image\/","url":"https:\/\/perle-in.com\/wp-content\/uploads\/2022\/12\/LOGO-PERLE-IN-COULEUR@3x.webp","contentUrl":"https:\/\/perle-in.com\/wp-content\/uploads\/2022\/12\/LOGO-PERLE-IN-COULEUR@3x.webp","width":1600,"height":490,"caption":"PERLE IN"},"image":{"@id":"https:\/\/perle-in.com\/#\/schema\/logo\/image\/"}}]}},"jetpack_sharing_enabled":true,"_links":{"self":[{"href":"https:\/\/perle-in.com\/en\/wp-json\/wp\/v2\/product\/577171","targetHints":{"allow":["GET"]}}],"collection":[{"href":"https:\/\/perle-in.com\/en\/wp-json\/wp\/v2\/product"}],"about":[{"href":"https:\/\/perle-in.com\/en\/wp-json\/wp\/v2\/types\/product"}],"version-history":[{"count":0,"href":"https:\/\/perle-in.com\/en\/wp-json\/wp\/v2\/product\/577171\/revisions"}],"wp:featuredmedia":[{"embeddable":true,"href":"https:\/\/perle-in.com\/en\/wp-json\/wp\/v2\/media\/577148"}],"wp:attachment":[{"href":"https:\/\/perle-in.com\/en\/wp-json\/wp\/v2\/media?parent=577171"}],"wp:term":[{"taxonomy":"product_brand","embeddable":true,"href":"https:\/\/perle-in.com\/en\/wp-json\/wp\/v2\/product_brand?post=577171"},{"taxonomy":"product_cat","embeddable":true,"href":"https:\/\/perle-in.com\/en\/wp-json\/wp\/v2\/product_cat?post=577171"},{"taxonomy":"product_tag","embeddable":true,"href":"https:\/\/perle-in.com\/en\/wp-json\/wp\/v2\/product_tag?post=577171"}],"curies":[{"name":"wp","href":"https:\/\/api.w.org\/{rel}","templated":true}]}}