{"id":577106,"date":"2025-10-16T08:00:06","date_gmt":"2025-10-16T06:00:06","guid":{"rendered":"https:\/\/perle-in.com\/produit\/chemise-en-popeline-femme-carnelian\/"},"modified":"2025-10-16T08:00:43","modified_gmt":"2025-10-16T06:00:43","slug":"chemise-en-popeline-femme-carnelian","status":"publish","type":"product","link":"https:\/\/perle-in.com\/en\/product\/chemise-en-popeline-femme-carnelian\/","title":{"rendered":"Chemise en popeline femme Carnelian"},"content":{"rendered":"","protected":false},"excerpt":{"rendered":"<p>La chemise en popeline \u00e0 manches longues pour femme Carnelian offre un style raffin\u00e9 avec une coupe flexible et f\u00e9minine. Fabriqu\u00e9e \u00e0 partir de coton certifi\u00e9 BCI de qualit\u00e9 sup\u00e9rieure avec une \u00e9lasticit\u00e9 suppl\u00e9mentaire, la structure en fil torsad\u00e9 \u00e0 deux brins de 30\u00a0deniers finement tiss\u00e9 offre une finition douce et de haute qualit\u00e9 et une forme durable. Con\u00e7ue dans une coupe r\u00e9guli\u00e8re avec des pinces gainantes \u00e0 l\u2019avant et \u00e0 l\u2019arri\u00e8re, elle offre une silhouette flatteuse et un confort tout au long de la journ\u00e9e. Dot\u00e9e d\u2019un col r\u00e9gulier intemporel, la chemise Cornaline allie \u00e9l\u00e9gance et performance, ce qui en fait un indispensable raffin\u00e9 \u00e0 porter au quotidien.<\/p>","protected":false},"featured_media":577077,"template":"","meta":{"_eb_attr":""},"product_brand":[],"product_cat":[1255,1024],"product_tag":[4041,2380,2381,2427,2382,4040,4122],"class_list":{"0":"post-577106","1":"product","2":"type-product","3":"status-publish","4":"has-post-thumbnail","6":"product_cat-chemises","7":"product_cat-vetements","8":"product_tag-bci","9":"product_tag-chemise","10":"product_tag-chemises","11":"product_tag-chemisier","12":"product_tag-haut","13":"product_tag-manches-longues","14":"product_tag-popeline","15":"pa_couleurs-blanc","16":"pa_couleurs-bleu-clair","17":"pa_couleurs-bleu-marine","18":"pa_couleurs-noir","19":"pa_marque-elevate-nxt","20":"pa_matiere-popeline-3-elasthanne-et-97-coton-bci-133-g-m2","21":"pa_pays-d-origine-bengladesh","22":"pa_taille-2xs","23":"pa_taille-l","24":"pa_taille-m","25":"pa_taille-s","26":"pa_taille-xl","27":"pa_taille-xs","28":"pa_taille-xxl","30":"first","31":"instock","32":"shipping-taxable","33":"purchasable","34":"product-type-variable"},"yoast_head":"<!-- This site is optimized with the Yoast SEO plugin v27.4 - https:\/\/yoast.com\/product\/yoast-seo-wordpress\/ -->\n<title>Chemise en popeline femme Carnelian - PERLE IN<\/title>\n<meta name=\"robots\" content=\"noindex, follow, max-snippet:-1, max-image-preview:large, max-video-preview:-1\" \/>\n<meta property=\"og:locale\" content=\"en_US\" \/>\n<meta property=\"og:type\" content=\"article\" \/>\n<meta property=\"og:title\" content=\"Chemise en popeline femme Carnelian - PERLE IN\" \/>\n<meta property=\"og:description\" content=\"La chemise en popeline \u00e0 manches longues pour femme Carnelian offre un style raffin\u00e9 avec une coupe flexible et f\u00e9minine. Fabriqu\u00e9e \u00e0 partir de coton certifi\u00e9 BCI de qualit\u00e9 sup\u00e9rieure avec une \u00e9lasticit\u00e9 suppl\u00e9mentaire, la structure en fil torsad\u00e9 \u00e0 deux brins de 30\u00a0deniers finement tiss\u00e9 offre une finition douce et de haute qualit\u00e9 et une forme durable. Con\u00e7ue dans une coupe r\u00e9guli\u00e8re avec des pinces gainantes \u00e0 l\u2019avant et \u00e0 l\u2019arri\u00e8re, elle offre une silhouette flatteuse et un confort tout au long de la journ\u00e9e. Dot\u00e9e d\u2019un col r\u00e9gulier intemporel, la chemise Cornaline allie \u00e9l\u00e9gance et performance, ce qui en fait un indispensable raffin\u00e9 \u00e0 porter au quotidien.\" \/>\n<meta property=\"og:url\" content=\"https:\/\/perle-in.com\/en\/product\/chemise-en-popeline-femme-carnelian\/\" \/>\n<meta property=\"og:site_name\" content=\"PERLE IN\" \/>\n<meta property=\"article:modified_time\" content=\"2025-10-16T06:00:43+00:00\" \/>\n<meta property=\"og:image\" content=\"https:\/\/perle-in.com\/wp-content\/uploads\/2025\/10\/3950301-1.jpg\" \/>\n\t<meta property=\"og:image:width\" content=\"1600\" \/>\n\t<meta property=\"og:image:height\" content=\"1600\" \/>\n\t<meta property=\"og:image:type\" content=\"image\/jpeg\" \/>\n<meta name=\"twitter:card\" content=\"summary_large_image\" \/>\n<script type=\"application\/ld+json\" class=\"yoast-schema-graph\">{\"@context\":\"https:\\\/\\\/schema.org\",\"@graph\":[{\"@type\":\"WebPage\",\"@id\":\"https:\\\/\\\/perle-in.com\\\/produit\\\/chemise-en-popeline-femme-carnelian\\\/\",\"url\":\"https:\\\/\\\/perle-in.com\\\/produit\\\/chemise-en-popeline-femme-carnelian\\\/\",\"name\":\"Chemise en popeline femme Carnelian - PERLE IN\",\"isPartOf\":{\"@id\":\"https:\\\/\\\/perle-in.com\\\/#website\"},\"primaryImageOfPage\":{\"@id\":\"https:\\\/\\\/perle-in.com\\\/produit\\\/chemise-en-popeline-femme-carnelian\\\/#primaryimage\"},\"image\":{\"@id\":\"https:\\\/\\\/perle-in.com\\\/produit\\\/chemise-en-popeline-femme-carnelian\\\/#primaryimage\"},\"thumbnailUrl\":\"https:\\\/\\\/perle-in.com\\\/wp-content\\\/uploads\\\/2025\\\/10\\\/3950301-1.jpg\",\"datePublished\":\"2025-10-16T06:00:06+00:00\",\"dateModified\":\"2025-10-16T06:00:43+00:00\",\"breadcrumb\":{\"@id\":\"https:\\\/\\\/perle-in.com\\\/produit\\\/chemise-en-popeline-femme-carnelian\\\/#breadcrumb\"},\"inLanguage\":\"en-CA\",\"potentialAction\":[{\"@type\":\"ReadAction\",\"target\":[\"https:\\\/\\\/perle-in.com\\\/produit\\\/chemise-en-popeline-femme-carnelian\\\/\"]}]},{\"@type\":\"ImageObject\",\"inLanguage\":\"en-CA\",\"@id\":\"https:\\\/\\\/perle-in.com\\\/produit\\\/chemise-en-popeline-femme-carnelian\\\/#primaryimage\",\"url\":\"https:\\\/\\\/perle-in.com\\\/wp-content\\\/uploads\\\/2025\\\/10\\\/3950301-1.jpg\",\"contentUrl\":\"https:\\\/\\\/perle-in.com\\\/wp-content\\\/uploads\\\/2025\\\/10\\\/3950301-1.jpg\",\"width\":1600,\"height\":1600},{\"@type\":\"BreadcrumbList\",\"@id\":\"https:\\\/\\\/perle-in.com\\\/produit\\\/chemise-en-popeline-femme-carnelian\\\/#breadcrumb\",\"itemListElement\":[{\"@type\":\"ListItem\",\"position\":1,\"name\":\"Accueil\",\"item\":\"https:\\\/\\\/perle-in.com\\\/\"},{\"@type\":\"ListItem\",\"position\":2,\"name\":\"Boutique\",\"item\":\"https:\\\/\\\/perle-in.com\\\/boutique\\\/\"},{\"@type\":\"ListItem\",\"position\":3,\"name\":\"Chemise en popeline femme Carnelian\"}]},{\"@type\":\"WebSite\",\"@id\":\"https:\\\/\\\/perle-in.com\\\/#website\",\"url\":\"https:\\\/\\\/perle-in.com\\\/\",\"name\":\"PERLE IN\",\"description\":\"\",\"publisher\":{\"@id\":\"https:\\\/\\\/perle-in.com\\\/#organization\"},\"potentialAction\":[{\"@type\":\"SearchAction\",\"target\":{\"@type\":\"EntryPoint\",\"urlTemplate\":\"https:\\\/\\\/perle-in.com\\\/?s={search_term_string}\"},\"query-input\":{\"@type\":\"PropertyValueSpecification\",\"valueRequired\":true,\"valueName\":\"search_term_string\"}}],\"inLanguage\":\"en-CA\"},{\"@type\":\"Organization\",\"@id\":\"https:\\\/\\\/perle-in.com\\\/#organization\",\"name\":\"PERLE IN\",\"url\":\"https:\\\/\\\/perle-in.com\\\/\",\"logo\":{\"@type\":\"ImageObject\",\"inLanguage\":\"en-CA\",\"@id\":\"https:\\\/\\\/perle-in.com\\\/#\\\/schema\\\/logo\\\/image\\\/\",\"url\":\"https:\\\/\\\/perle-in.com\\\/wp-content\\\/uploads\\\/2022\\\/12\\\/LOGO-PERLE-IN-COULEUR@3x.webp\",\"contentUrl\":\"https:\\\/\\\/perle-in.com\\\/wp-content\\\/uploads\\\/2022\\\/12\\\/LOGO-PERLE-IN-COULEUR@3x.webp\",\"width\":1600,\"height\":490,\"caption\":\"PERLE IN\"},\"image\":{\"@id\":\"https:\\\/\\\/perle-in.com\\\/#\\\/schema\\\/logo\\\/image\\\/\"}}]}<\/script>\n<!-- \/ Yoast SEO plugin. -->","yoast_head_json":{"title":"Chemise en popeline femme Carnelian - PERLE IN","robots":{"index":"noindex","follow":"follow","max-snippet":"max-snippet:-1","max-image-preview":"max-image-preview:large","max-video-preview":"max-video-preview:-1"},"og_locale":"en_US","og_type":"article","og_title":"Chemise en popeline femme Carnelian - PERLE IN","og_description":"La chemise en popeline \u00e0 manches longues pour femme Carnelian offre un style raffin\u00e9 avec une coupe flexible et f\u00e9minine. Fabriqu\u00e9e \u00e0 partir de coton certifi\u00e9 BCI de qualit\u00e9 sup\u00e9rieure avec une \u00e9lasticit\u00e9 suppl\u00e9mentaire, la structure en fil torsad\u00e9 \u00e0 deux brins de 30\u00a0deniers finement tiss\u00e9 offre une finition douce et de haute qualit\u00e9 et une forme durable. Con\u00e7ue dans une coupe r\u00e9guli\u00e8re avec des pinces gainantes \u00e0 l\u2019avant et \u00e0 l\u2019arri\u00e8re, elle offre une silhouette flatteuse et un confort tout au long de la journ\u00e9e. Dot\u00e9e d\u2019un col r\u00e9gulier intemporel, la chemise Cornaline allie \u00e9l\u00e9gance et performance, ce qui en fait un indispensable raffin\u00e9 \u00e0 porter au quotidien.","og_url":"https:\/\/perle-in.com\/en\/product\/chemise-en-popeline-femme-carnelian\/","og_site_name":"PERLE IN","article_modified_time":"2025-10-16T06:00:43+00:00","og_image":[{"width":1600,"height":1600,"url":"https:\/\/perle-in.com\/wp-content\/uploads\/2025\/10\/3950301-1.jpg","type":"image\/jpeg"}],"twitter_card":"summary_large_image","schema":{"@context":"https:\/\/schema.org","@graph":[{"@type":"WebPage","@id":"https:\/\/perle-in.com\/produit\/chemise-en-popeline-femme-carnelian\/","url":"https:\/\/perle-in.com\/produit\/chemise-en-popeline-femme-carnelian\/","name":"Chemise en popeline femme Carnelian - PERLE IN","isPartOf":{"@id":"https:\/\/perle-in.com\/#website"},"primaryImageOfPage":{"@id":"https:\/\/perle-in.com\/produit\/chemise-en-popeline-femme-carnelian\/#primaryimage"},"image":{"@id":"https:\/\/perle-in.com\/produit\/chemise-en-popeline-femme-carnelian\/#primaryimage"},"thumbnailUrl":"https:\/\/perle-in.com\/wp-content\/uploads\/2025\/10\/3950301-1.jpg","datePublished":"2025-10-16T06:00:06+00:00","dateModified":"2025-10-16T06:00:43+00:00","breadcrumb":{"@id":"https:\/\/perle-in.com\/produit\/chemise-en-popeline-femme-carnelian\/#breadcrumb"},"inLanguage":"en-CA","potentialAction":[{"@type":"ReadAction","target":["https:\/\/perle-in.com\/produit\/chemise-en-popeline-femme-carnelian\/"]}]},{"@type":"ImageObject","inLanguage":"en-CA","@id":"https:\/\/perle-in.com\/produit\/chemise-en-popeline-femme-carnelian\/#primaryimage","url":"https:\/\/perle-in.com\/wp-content\/uploads\/2025\/10\/3950301-1.jpg","contentUrl":"https:\/\/perle-in.com\/wp-content\/uploads\/2025\/10\/3950301-1.jpg","width":1600,"height":1600},{"@type":"BreadcrumbList","@id":"https:\/\/perle-in.com\/produit\/chemise-en-popeline-femme-carnelian\/#breadcrumb","itemListElement":[{"@type":"ListItem","position":1,"name":"Accueil","item":"https:\/\/perle-in.com\/"},{"@type":"ListItem","position":2,"name":"Boutique","item":"https:\/\/perle-in.com\/boutique\/"},{"@type":"ListItem","position":3,"name":"Chemise en popeline femme Carnelian"}]},{"@type":"WebSite","@id":"https:\/\/perle-in.com\/#website","url":"https:\/\/perle-in.com\/","name":"PERLE IN","description":"","publisher":{"@id":"https:\/\/perle-in.com\/#organization"},"potentialAction":[{"@type":"SearchAction","target":{"@type":"EntryPoint","urlTemplate":"https:\/\/perle-in.com\/?s={search_term_string}"},"query-input":{"@type":"PropertyValueSpecification","valueRequired":true,"valueName":"search_term_string"}}],"inLanguage":"en-CA"},{"@type":"Organization","@id":"https:\/\/perle-in.com\/#organization","name":"PERLE IN","url":"https:\/\/perle-in.com\/","logo":{"@type":"ImageObject","inLanguage":"en-CA","@id":"https:\/\/perle-in.com\/#\/schema\/logo\/image\/","url":"https:\/\/perle-in.com\/wp-content\/uploads\/2022\/12\/LOGO-PERLE-IN-COULEUR@3x.webp","contentUrl":"https:\/\/perle-in.com\/wp-content\/uploads\/2022\/12\/LOGO-PERLE-IN-COULEUR@3x.webp","width":1600,"height":490,"caption":"PERLE IN"},"image":{"@id":"https:\/\/perle-in.com\/#\/schema\/logo\/image\/"}}]}},"jetpack_sharing_enabled":true,"_links":{"self":[{"href":"https:\/\/perle-in.com\/en\/wp-json\/wp\/v2\/product\/577106","targetHints":{"allow":["GET"]}}],"collection":[{"href":"https:\/\/perle-in.com\/en\/wp-json\/wp\/v2\/product"}],"about":[{"href":"https:\/\/perle-in.com\/en\/wp-json\/wp\/v2\/types\/product"}],"version-history":[{"count":0,"href":"https:\/\/perle-in.com\/en\/wp-json\/wp\/v2\/product\/577106\/revisions"}],"wp:featuredmedia":[{"embeddable":true,"href":"https:\/\/perle-in.com\/en\/wp-json\/wp\/v2\/media\/577077"}],"wp:attachment":[{"href":"https:\/\/perle-in.com\/en\/wp-json\/wp\/v2\/media?parent=577106"}],"wp:term":[{"taxonomy":"product_brand","embeddable":true,"href":"https:\/\/perle-in.com\/en\/wp-json\/wp\/v2\/product_brand?post=577106"},{"taxonomy":"product_cat","embeddable":true,"href":"https:\/\/perle-in.com\/en\/wp-json\/wp\/v2\/product_cat?post=577106"},{"taxonomy":"product_tag","embeddable":true,"href":"https:\/\/perle-in.com\/en\/wp-json\/wp\/v2\/product_tag?post=577106"}],"curies":[{"name":"wp","href":"https:\/\/api.w.org\/{rel}","templated":true}]}}