{"id":576992,"date":"2025-10-16T07:54:43","date_gmt":"2025-10-16T05:54:43","guid":{"rendered":"https:\/\/perle-in.com\/produit\/gobelet-cirrus-de-350-ml-avec-couvercle-360\/"},"modified":"2025-10-16T07:54:47","modified_gmt":"2025-10-16T05:54:47","slug":"gobelet-cirrus-de-350-ml-avec-couvercle-360","status":"publish","type":"product","link":"https:\/\/perle-in.com\/en\/product\/gobelet-cirrus-de-350-ml-avec-couvercle-360\/","title":{"rendered":"Gobelet Cirrus de 350\u00a0ml avec couvercle 360\u00b0"},"content":{"rendered":"","protected":false},"excerpt":{"rendered":"<p>Le gobelet Cirrus d\u2019une contenance de 350\u00a0ml avec son couvercle unique \u00e0 clipser \u00e0 360\u00b0 est un r\u00e9cipient \u00e0 simple paroi sophistiqu\u00e9 et \u00e9l\u00e9gant, dot\u00e9 de rebords isolants pour une manipulation s\u00fbre et confortable. Le couvercle innovant \u00e0 360\u00b0 vous permet de boire de n&#8217;importe quel c\u00f4t\u00e9 du gobelet et am\u00e9liore votre d\u00e9gustation en renfor\u00e7ant l&#8217;ar\u00f4me de la boisson que vous avez choisie. Le couvercle et le r\u00e9cipient sont fabriqu\u00e9s en plastique enti\u00e8rement recyclable. Savourez vos boissons chaudes pr\u00e9f\u00e9r\u00e9es dans le confort et avec style.<\/p>","protected":false},"featured_media":576984,"template":"","meta":{"_eb_attr":""},"product_brand":[],"product_cat":[173,1209],"product_tag":[225,308,230,227,291],"class_list":{"0":"post-576992","1":"product","2":"type-product","3":"status-publish","4":"has-post-thumbnail","6":"product_cat-drinkware","7":"product_cat-mugs-pour-voyager","8":"product_tag-cafe","9":"product_tag-gobelet","10":"product_tag-tasse","11":"product_tag-the","12":"product_tag-voyage","13":"pa_couleurs-blanc","14":"pa_couleurs-bleu","15":"pa_couleurs-gres","16":"pa_couleurs-noir","17":"pa_matiere-plastique-pp-plastique-mdpe","18":"pa_pays-d-origine-angleterre","20":"first","21":"instock","22":"shipping-taxable","23":"purchasable","24":"product-type-variable"},"yoast_head":"<!-- This site is optimized with the Yoast SEO plugin v27.4 - https:\/\/yoast.com\/product\/yoast-seo-wordpress\/ -->\n<title>Gobelet Cirrus de 350\u00a0ml avec couvercle 360\u00b0 - PERLE IN<\/title>\n<meta name=\"robots\" content=\"noindex, follow, max-snippet:-1, max-image-preview:large, max-video-preview:-1\" \/>\n<meta property=\"og:locale\" content=\"en_US\" \/>\n<meta property=\"og:type\" content=\"article\" \/>\n<meta property=\"og:title\" content=\"Gobelet Cirrus de 350\u00a0ml avec couvercle 360\u00b0 - PERLE IN\" \/>\n<meta property=\"og:description\" content=\"Le gobelet Cirrus d\u2019une contenance de 350\u00a0ml avec son couvercle unique \u00e0 clipser \u00e0 360\u00b0 est un r\u00e9cipient \u00e0 simple paroi sophistiqu\u00e9 et \u00e9l\u00e9gant, dot\u00e9 de rebords isolants pour une manipulation s\u00fbre et confortable. Le couvercle innovant \u00e0 360\u00b0 vous permet de boire de n&#039;importe quel c\u00f4t\u00e9 du gobelet et am\u00e9liore votre d\u00e9gustation en renfor\u00e7ant l&#039;ar\u00f4me de la boisson que vous avez choisie. Le couvercle et le r\u00e9cipient sont fabriqu\u00e9s en plastique enti\u00e8rement recyclable. Savourez vos boissons chaudes pr\u00e9f\u00e9r\u00e9es dans le confort et avec style.\" \/>\n<meta property=\"og:url\" content=\"https:\/\/perle-in.com\/en\/product\/gobelet-cirrus-de-350-ml-avec-couvercle-360\/\" \/>\n<meta property=\"og:site_name\" content=\"PERLE IN\" \/>\n<meta property=\"article:modified_time\" content=\"2025-10-16T05:54:47+00:00\" \/>\n<meta property=\"og:image\" content=\"https:\/\/perle-in.com\/wp-content\/uploads\/2025\/10\/21046201-1.jpg\" \/>\n\t<meta property=\"og:image:width\" content=\"1600\" \/>\n\t<meta property=\"og:image:height\" content=\"1600\" \/>\n\t<meta property=\"og:image:type\" content=\"image\/jpeg\" \/>\n<meta name=\"twitter:card\" content=\"summary_large_image\" \/>\n<script type=\"application\/ld+json\" class=\"yoast-schema-graph\">{\"@context\":\"https:\\\/\\\/schema.org\",\"@graph\":[{\"@type\":\"WebPage\",\"@id\":\"https:\\\/\\\/perle-in.com\\\/produit\\\/gobelet-cirrus-de-350-ml-avec-couvercle-360\\\/\",\"url\":\"https:\\\/\\\/perle-in.com\\\/produit\\\/gobelet-cirrus-de-350-ml-avec-couvercle-360\\\/\",\"name\":\"Gobelet Cirrus de 350\u00a0ml avec couvercle 360\u00b0 - PERLE IN\",\"isPartOf\":{\"@id\":\"https:\\\/\\\/perle-in.com\\\/#website\"},\"primaryImageOfPage\":{\"@id\":\"https:\\\/\\\/perle-in.com\\\/produit\\\/gobelet-cirrus-de-350-ml-avec-couvercle-360\\\/#primaryimage\"},\"image\":{\"@id\":\"https:\\\/\\\/perle-in.com\\\/produit\\\/gobelet-cirrus-de-350-ml-avec-couvercle-360\\\/#primaryimage\"},\"thumbnailUrl\":\"https:\\\/\\\/perle-in.com\\\/wp-content\\\/uploads\\\/2025\\\/10\\\/21046201-1.jpg\",\"datePublished\":\"2025-10-16T05:54:43+00:00\",\"dateModified\":\"2025-10-16T05:54:47+00:00\",\"breadcrumb\":{\"@id\":\"https:\\\/\\\/perle-in.com\\\/produit\\\/gobelet-cirrus-de-350-ml-avec-couvercle-360\\\/#breadcrumb\"},\"inLanguage\":\"en-CA\",\"potentialAction\":[{\"@type\":\"ReadAction\",\"target\":[\"https:\\\/\\\/perle-in.com\\\/produit\\\/gobelet-cirrus-de-350-ml-avec-couvercle-360\\\/\"]}]},{\"@type\":\"ImageObject\",\"inLanguage\":\"en-CA\",\"@id\":\"https:\\\/\\\/perle-in.com\\\/produit\\\/gobelet-cirrus-de-350-ml-avec-couvercle-360\\\/#primaryimage\",\"url\":\"https:\\\/\\\/perle-in.com\\\/wp-content\\\/uploads\\\/2025\\\/10\\\/21046201-1.jpg\",\"contentUrl\":\"https:\\\/\\\/perle-in.com\\\/wp-content\\\/uploads\\\/2025\\\/10\\\/21046201-1.jpg\",\"width\":1600,\"height\":1600},{\"@type\":\"BreadcrumbList\",\"@id\":\"https:\\\/\\\/perle-in.com\\\/produit\\\/gobelet-cirrus-de-350-ml-avec-couvercle-360\\\/#breadcrumb\",\"itemListElement\":[{\"@type\":\"ListItem\",\"position\":1,\"name\":\"Accueil\",\"item\":\"https:\\\/\\\/perle-in.com\\\/\"},{\"@type\":\"ListItem\",\"position\":2,\"name\":\"Boutique\",\"item\":\"https:\\\/\\\/perle-in.com\\\/boutique\\\/\"},{\"@type\":\"ListItem\",\"position\":3,\"name\":\"Gobelet Cirrus de 350\u00a0ml avec couvercle 360\u00b0\"}]},{\"@type\":\"WebSite\",\"@id\":\"https:\\\/\\\/perle-in.com\\\/#website\",\"url\":\"https:\\\/\\\/perle-in.com\\\/\",\"name\":\"PERLE IN\",\"description\":\"\",\"publisher\":{\"@id\":\"https:\\\/\\\/perle-in.com\\\/#organization\"},\"potentialAction\":[{\"@type\":\"SearchAction\",\"target\":{\"@type\":\"EntryPoint\",\"urlTemplate\":\"https:\\\/\\\/perle-in.com\\\/?s={search_term_string}\"},\"query-input\":{\"@type\":\"PropertyValueSpecification\",\"valueRequired\":true,\"valueName\":\"search_term_string\"}}],\"inLanguage\":\"en-CA\"},{\"@type\":\"Organization\",\"@id\":\"https:\\\/\\\/perle-in.com\\\/#organization\",\"name\":\"PERLE IN\",\"url\":\"https:\\\/\\\/perle-in.com\\\/\",\"logo\":{\"@type\":\"ImageObject\",\"inLanguage\":\"en-CA\",\"@id\":\"https:\\\/\\\/perle-in.com\\\/#\\\/schema\\\/logo\\\/image\\\/\",\"url\":\"https:\\\/\\\/perle-in.com\\\/wp-content\\\/uploads\\\/2022\\\/12\\\/LOGO-PERLE-IN-COULEUR@3x.webp\",\"contentUrl\":\"https:\\\/\\\/perle-in.com\\\/wp-content\\\/uploads\\\/2022\\\/12\\\/LOGO-PERLE-IN-COULEUR@3x.webp\",\"width\":1600,\"height\":490,\"caption\":\"PERLE IN\"},\"image\":{\"@id\":\"https:\\\/\\\/perle-in.com\\\/#\\\/schema\\\/logo\\\/image\\\/\"}}]}<\/script>\n<!-- \/ Yoast SEO plugin. -->","yoast_head_json":{"title":"Gobelet Cirrus de 350\u00a0ml avec couvercle 360\u00b0 - PERLE IN","robots":{"index":"noindex","follow":"follow","max-snippet":"max-snippet:-1","max-image-preview":"max-image-preview:large","max-video-preview":"max-video-preview:-1"},"og_locale":"en_US","og_type":"article","og_title":"Gobelet Cirrus de 350\u00a0ml avec couvercle 360\u00b0 - PERLE IN","og_description":"Le gobelet Cirrus d\u2019une contenance de 350\u00a0ml avec son couvercle unique \u00e0 clipser \u00e0 360\u00b0 est un r\u00e9cipient \u00e0 simple paroi sophistiqu\u00e9 et \u00e9l\u00e9gant, dot\u00e9 de rebords isolants pour une manipulation s\u00fbre et confortable. Le couvercle innovant \u00e0 360\u00b0 vous permet de boire de n'importe quel c\u00f4t\u00e9 du gobelet et am\u00e9liore votre d\u00e9gustation en renfor\u00e7ant l'ar\u00f4me de la boisson que vous avez choisie. Le couvercle et le r\u00e9cipient sont fabriqu\u00e9s en plastique enti\u00e8rement recyclable. Savourez vos boissons chaudes pr\u00e9f\u00e9r\u00e9es dans le confort et avec style.","og_url":"https:\/\/perle-in.com\/en\/product\/gobelet-cirrus-de-350-ml-avec-couvercle-360\/","og_site_name":"PERLE IN","article_modified_time":"2025-10-16T05:54:47+00:00","og_image":[{"width":1600,"height":1600,"url":"https:\/\/perle-in.com\/wp-content\/uploads\/2025\/10\/21046201-1.jpg","type":"image\/jpeg"}],"twitter_card":"summary_large_image","schema":{"@context":"https:\/\/schema.org","@graph":[{"@type":"WebPage","@id":"https:\/\/perle-in.com\/produit\/gobelet-cirrus-de-350-ml-avec-couvercle-360\/","url":"https:\/\/perle-in.com\/produit\/gobelet-cirrus-de-350-ml-avec-couvercle-360\/","name":"Gobelet Cirrus de 350\u00a0ml avec couvercle 360\u00b0 - PERLE IN","isPartOf":{"@id":"https:\/\/perle-in.com\/#website"},"primaryImageOfPage":{"@id":"https:\/\/perle-in.com\/produit\/gobelet-cirrus-de-350-ml-avec-couvercle-360\/#primaryimage"},"image":{"@id":"https:\/\/perle-in.com\/produit\/gobelet-cirrus-de-350-ml-avec-couvercle-360\/#primaryimage"},"thumbnailUrl":"https:\/\/perle-in.com\/wp-content\/uploads\/2025\/10\/21046201-1.jpg","datePublished":"2025-10-16T05:54:43+00:00","dateModified":"2025-10-16T05:54:47+00:00","breadcrumb":{"@id":"https:\/\/perle-in.com\/produit\/gobelet-cirrus-de-350-ml-avec-couvercle-360\/#breadcrumb"},"inLanguage":"en-CA","potentialAction":[{"@type":"ReadAction","target":["https:\/\/perle-in.com\/produit\/gobelet-cirrus-de-350-ml-avec-couvercle-360\/"]}]},{"@type":"ImageObject","inLanguage":"en-CA","@id":"https:\/\/perle-in.com\/produit\/gobelet-cirrus-de-350-ml-avec-couvercle-360\/#primaryimage","url":"https:\/\/perle-in.com\/wp-content\/uploads\/2025\/10\/21046201-1.jpg","contentUrl":"https:\/\/perle-in.com\/wp-content\/uploads\/2025\/10\/21046201-1.jpg","width":1600,"height":1600},{"@type":"BreadcrumbList","@id":"https:\/\/perle-in.com\/produit\/gobelet-cirrus-de-350-ml-avec-couvercle-360\/#breadcrumb","itemListElement":[{"@type":"ListItem","position":1,"name":"Accueil","item":"https:\/\/perle-in.com\/"},{"@type":"ListItem","position":2,"name":"Boutique","item":"https:\/\/perle-in.com\/boutique\/"},{"@type":"ListItem","position":3,"name":"Gobelet Cirrus de 350\u00a0ml avec couvercle 360\u00b0"}]},{"@type":"WebSite","@id":"https:\/\/perle-in.com\/#website","url":"https:\/\/perle-in.com\/","name":"PERLE IN","description":"","publisher":{"@id":"https:\/\/perle-in.com\/#organization"},"potentialAction":[{"@type":"SearchAction","target":{"@type":"EntryPoint","urlTemplate":"https:\/\/perle-in.com\/?s={search_term_string}"},"query-input":{"@type":"PropertyValueSpecification","valueRequired":true,"valueName":"search_term_string"}}],"inLanguage":"en-CA"},{"@type":"Organization","@id":"https:\/\/perle-in.com\/#organization","name":"PERLE IN","url":"https:\/\/perle-in.com\/","logo":{"@type":"ImageObject","inLanguage":"en-CA","@id":"https:\/\/perle-in.com\/#\/schema\/logo\/image\/","url":"https:\/\/perle-in.com\/wp-content\/uploads\/2022\/12\/LOGO-PERLE-IN-COULEUR@3x.webp","contentUrl":"https:\/\/perle-in.com\/wp-content\/uploads\/2022\/12\/LOGO-PERLE-IN-COULEUR@3x.webp","width":1600,"height":490,"caption":"PERLE IN"},"image":{"@id":"https:\/\/perle-in.com\/#\/schema\/logo\/image\/"}}]}},"jetpack_sharing_enabled":true,"_links":{"self":[{"href":"https:\/\/perle-in.com\/en\/wp-json\/wp\/v2\/product\/576992","targetHints":{"allow":["GET"]}}],"collection":[{"href":"https:\/\/perle-in.com\/en\/wp-json\/wp\/v2\/product"}],"about":[{"href":"https:\/\/perle-in.com\/en\/wp-json\/wp\/v2\/types\/product"}],"version-history":[{"count":0,"href":"https:\/\/perle-in.com\/en\/wp-json\/wp\/v2\/product\/576992\/revisions"}],"wp:featuredmedia":[{"embeddable":true,"href":"https:\/\/perle-in.com\/en\/wp-json\/wp\/v2\/media\/576984"}],"wp:attachment":[{"href":"https:\/\/perle-in.com\/en\/wp-json\/wp\/v2\/media?parent=576992"}],"wp:term":[{"taxonomy":"product_brand","embeddable":true,"href":"https:\/\/perle-in.com\/en\/wp-json\/wp\/v2\/product_brand?post=576992"},{"taxonomy":"product_cat","embeddable":true,"href":"https:\/\/perle-in.com\/en\/wp-json\/wp\/v2\/product_cat?post=576992"},{"taxonomy":"product_tag","embeddable":true,"href":"https:\/\/perle-in.com\/en\/wp-json\/wp\/v2\/product_tag?post=576992"}],"curies":[{"name":"wp","href":"https:\/\/api.w.org\/{rel}","templated":true}]}}