{"id":576952,"date":"2025-10-16T07:50:22","date_gmt":"2025-10-16T05:50:22","guid":{"rendered":"https:\/\/perle-in.com\/produit\/gobelets-en-verre-male-de-200-ml-lot-de-2\/"},"modified":"2025-10-16T07:50:24","modified_gmt":"2025-10-16T05:50:24","slug":"gobelets-en-verre-male-de-200-ml-lot-de-2","status":"publish","type":"product","link":"https:\/\/perle-in.com\/en\/product\/gobelets-en-verre-male-de-200-ml-lot-de-2\/","title":{"rendered":"Gobelets en verre Male de 200\u00a0ml &#8211; lot de 2"},"content":{"rendered":"","protected":false},"excerpt":{"rendered":"<p>Savourez vos boissons pr\u00e9f\u00e9r\u00e9es avec l\u2019ensemble de 2\u00a0tasses en verre Male de 200\u00a0ml, fabriqu\u00e9es en verre sodocalcique de haute qualit\u00e9 pour une clart\u00e9 et une durabilit\u00e9 exceptionnelles. Dot\u00e9es d\u2019un design \u00e9l\u00e9gant et moderne, ces tasses polyvalentes sont parfaites pour servir de l\u2019eau, du jus de fruit ou des cocktails. <\/p>","protected":false},"featured_media":576947,"template":"","meta":{"_eb_attr":""},"product_brand":[],"product_cat":[173,222],"product_tag":[275,1573,230,1756],"class_list":{"0":"post-576952","1":"product","2":"type-product","3":"status-publish","4":"has-post-thumbnail","6":"product_cat-drinkware","7":"product_cat-mugs-standard","8":"product_tag-boissons","9":"product_tag-ensemble","10":"product_tag-tasse","11":"product_tag-verre","12":"pa_couleurs-bleu-hale","13":"pa_couleurs-flocons-davoine","14":"pa_marque-seasons","15":"pa_matiere-verre-borosilicate","17":"first","18":"instock","19":"shipping-taxable","20":"purchasable","21":"product-type-variable"},"yoast_head":"<!-- This site is optimized with the Yoast SEO plugin v27.4 - https:\/\/yoast.com\/product\/yoast-seo-wordpress\/ -->\n<title>Gobelets en verre Male de 200\u00a0ml - lot de 2 - PERLE IN<\/title>\n<meta name=\"robots\" content=\"noindex, follow, max-snippet:-1, max-image-preview:large, max-video-preview:-1\" \/>\n<meta property=\"og:locale\" content=\"en_US\" \/>\n<meta property=\"og:type\" content=\"article\" \/>\n<meta property=\"og:title\" content=\"Gobelets en verre Male de 200\u00a0ml - lot de 2 - PERLE IN\" \/>\n<meta property=\"og:description\" content=\"Savourez vos boissons pr\u00e9f\u00e9r\u00e9es avec l\u2019ensemble de 2\u00a0tasses en verre Male de 200\u00a0ml, fabriqu\u00e9es en verre sodocalcique de haute qualit\u00e9 pour une clart\u00e9 et une durabilit\u00e9 exceptionnelles. Dot\u00e9es d\u2019un design \u00e9l\u00e9gant et moderne, ces tasses polyvalentes sont parfaites pour servir de l\u2019eau, du jus de fruit ou des cocktails.\" \/>\n<meta property=\"og:url\" content=\"https:\/\/perle-in.com\/en\/product\/gobelets-en-verre-male-de-200-ml-lot-de-2\/\" \/>\n<meta property=\"og:site_name\" content=\"PERLE IN\" \/>\n<meta property=\"article:modified_time\" content=\"2025-10-16T05:50:24+00:00\" \/>\n<meta property=\"og:image\" content=\"https:\/\/perle-in.com\/wp-content\/uploads\/2025\/10\/12640007-1.jpg\" \/>\n\t<meta property=\"og:image:width\" content=\"1600\" \/>\n\t<meta property=\"og:image:height\" content=\"1600\" \/>\n\t<meta property=\"og:image:type\" content=\"image\/jpeg\" \/>\n<meta name=\"twitter:card\" content=\"summary_large_image\" \/>\n<script type=\"application\/ld+json\" class=\"yoast-schema-graph\">{\"@context\":\"https:\\\/\\\/schema.org\",\"@graph\":[{\"@type\":\"WebPage\",\"@id\":\"https:\\\/\\\/perle-in.com\\\/produit\\\/gobelets-en-verre-male-de-200-ml-lot-de-2\\\/\",\"url\":\"https:\\\/\\\/perle-in.com\\\/produit\\\/gobelets-en-verre-male-de-200-ml-lot-de-2\\\/\",\"name\":\"Gobelets en verre Male de 200\u00a0ml - lot de 2 - PERLE IN\",\"isPartOf\":{\"@id\":\"https:\\\/\\\/perle-in.com\\\/#website\"},\"primaryImageOfPage\":{\"@id\":\"https:\\\/\\\/perle-in.com\\\/produit\\\/gobelets-en-verre-male-de-200-ml-lot-de-2\\\/#primaryimage\"},\"image\":{\"@id\":\"https:\\\/\\\/perle-in.com\\\/produit\\\/gobelets-en-verre-male-de-200-ml-lot-de-2\\\/#primaryimage\"},\"thumbnailUrl\":\"https:\\\/\\\/perle-in.com\\\/wp-content\\\/uploads\\\/2025\\\/10\\\/12640007-1.jpg\",\"datePublished\":\"2025-10-16T05:50:22+00:00\",\"dateModified\":\"2025-10-16T05:50:24+00:00\",\"breadcrumb\":{\"@id\":\"https:\\\/\\\/perle-in.com\\\/produit\\\/gobelets-en-verre-male-de-200-ml-lot-de-2\\\/#breadcrumb\"},\"inLanguage\":\"en-CA\",\"potentialAction\":[{\"@type\":\"ReadAction\",\"target\":[\"https:\\\/\\\/perle-in.com\\\/produit\\\/gobelets-en-verre-male-de-200-ml-lot-de-2\\\/\"]}]},{\"@type\":\"ImageObject\",\"inLanguage\":\"en-CA\",\"@id\":\"https:\\\/\\\/perle-in.com\\\/produit\\\/gobelets-en-verre-male-de-200-ml-lot-de-2\\\/#primaryimage\",\"url\":\"https:\\\/\\\/perle-in.com\\\/wp-content\\\/uploads\\\/2025\\\/10\\\/12640007-1.jpg\",\"contentUrl\":\"https:\\\/\\\/perle-in.com\\\/wp-content\\\/uploads\\\/2025\\\/10\\\/12640007-1.jpg\",\"width\":1600,\"height\":1600},{\"@type\":\"BreadcrumbList\",\"@id\":\"https:\\\/\\\/perle-in.com\\\/produit\\\/gobelets-en-verre-male-de-200-ml-lot-de-2\\\/#breadcrumb\",\"itemListElement\":[{\"@type\":\"ListItem\",\"position\":1,\"name\":\"Accueil\",\"item\":\"https:\\\/\\\/perle-in.com\\\/\"},{\"@type\":\"ListItem\",\"position\":2,\"name\":\"Boutique\",\"item\":\"https:\\\/\\\/perle-in.com\\\/boutique\\\/\"},{\"@type\":\"ListItem\",\"position\":3,\"name\":\"Gobelets en verre Male de 200\u00a0ml &#8211; lot de 2\"}]},{\"@type\":\"WebSite\",\"@id\":\"https:\\\/\\\/perle-in.com\\\/#website\",\"url\":\"https:\\\/\\\/perle-in.com\\\/\",\"name\":\"PERLE IN\",\"description\":\"\",\"publisher\":{\"@id\":\"https:\\\/\\\/perle-in.com\\\/#organization\"},\"potentialAction\":[{\"@type\":\"SearchAction\",\"target\":{\"@type\":\"EntryPoint\",\"urlTemplate\":\"https:\\\/\\\/perle-in.com\\\/?s={search_term_string}\"},\"query-input\":{\"@type\":\"PropertyValueSpecification\",\"valueRequired\":true,\"valueName\":\"search_term_string\"}}],\"inLanguage\":\"en-CA\"},{\"@type\":\"Organization\",\"@id\":\"https:\\\/\\\/perle-in.com\\\/#organization\",\"name\":\"PERLE IN\",\"url\":\"https:\\\/\\\/perle-in.com\\\/\",\"logo\":{\"@type\":\"ImageObject\",\"inLanguage\":\"en-CA\",\"@id\":\"https:\\\/\\\/perle-in.com\\\/#\\\/schema\\\/logo\\\/image\\\/\",\"url\":\"https:\\\/\\\/perle-in.com\\\/wp-content\\\/uploads\\\/2022\\\/12\\\/LOGO-PERLE-IN-COULEUR@3x.webp\",\"contentUrl\":\"https:\\\/\\\/perle-in.com\\\/wp-content\\\/uploads\\\/2022\\\/12\\\/LOGO-PERLE-IN-COULEUR@3x.webp\",\"width\":1600,\"height\":490,\"caption\":\"PERLE IN\"},\"image\":{\"@id\":\"https:\\\/\\\/perle-in.com\\\/#\\\/schema\\\/logo\\\/image\\\/\"}}]}<\/script>\n<!-- \/ Yoast SEO plugin. -->","yoast_head_json":{"title":"Gobelets en verre Male de 200\u00a0ml - lot de 2 - PERLE IN","robots":{"index":"noindex","follow":"follow","max-snippet":"max-snippet:-1","max-image-preview":"max-image-preview:large","max-video-preview":"max-video-preview:-1"},"og_locale":"en_US","og_type":"article","og_title":"Gobelets en verre Male de 200\u00a0ml - lot de 2 - PERLE IN","og_description":"Savourez vos boissons pr\u00e9f\u00e9r\u00e9es avec l\u2019ensemble de 2\u00a0tasses en verre Male de 200\u00a0ml, fabriqu\u00e9es en verre sodocalcique de haute qualit\u00e9 pour une clart\u00e9 et une durabilit\u00e9 exceptionnelles. Dot\u00e9es d\u2019un design \u00e9l\u00e9gant et moderne, ces tasses polyvalentes sont parfaites pour servir de l\u2019eau, du jus de fruit ou des cocktails.","og_url":"https:\/\/perle-in.com\/en\/product\/gobelets-en-verre-male-de-200-ml-lot-de-2\/","og_site_name":"PERLE IN","article_modified_time":"2025-10-16T05:50:24+00:00","og_image":[{"width":1600,"height":1600,"url":"https:\/\/perle-in.com\/wp-content\/uploads\/2025\/10\/12640007-1.jpg","type":"image\/jpeg"}],"twitter_card":"summary_large_image","schema":{"@context":"https:\/\/schema.org","@graph":[{"@type":"WebPage","@id":"https:\/\/perle-in.com\/produit\/gobelets-en-verre-male-de-200-ml-lot-de-2\/","url":"https:\/\/perle-in.com\/produit\/gobelets-en-verre-male-de-200-ml-lot-de-2\/","name":"Gobelets en verre Male de 200\u00a0ml - lot de 2 - PERLE IN","isPartOf":{"@id":"https:\/\/perle-in.com\/#website"},"primaryImageOfPage":{"@id":"https:\/\/perle-in.com\/produit\/gobelets-en-verre-male-de-200-ml-lot-de-2\/#primaryimage"},"image":{"@id":"https:\/\/perle-in.com\/produit\/gobelets-en-verre-male-de-200-ml-lot-de-2\/#primaryimage"},"thumbnailUrl":"https:\/\/perle-in.com\/wp-content\/uploads\/2025\/10\/12640007-1.jpg","datePublished":"2025-10-16T05:50:22+00:00","dateModified":"2025-10-16T05:50:24+00:00","breadcrumb":{"@id":"https:\/\/perle-in.com\/produit\/gobelets-en-verre-male-de-200-ml-lot-de-2\/#breadcrumb"},"inLanguage":"en-CA","potentialAction":[{"@type":"ReadAction","target":["https:\/\/perle-in.com\/produit\/gobelets-en-verre-male-de-200-ml-lot-de-2\/"]}]},{"@type":"ImageObject","inLanguage":"en-CA","@id":"https:\/\/perle-in.com\/produit\/gobelets-en-verre-male-de-200-ml-lot-de-2\/#primaryimage","url":"https:\/\/perle-in.com\/wp-content\/uploads\/2025\/10\/12640007-1.jpg","contentUrl":"https:\/\/perle-in.com\/wp-content\/uploads\/2025\/10\/12640007-1.jpg","width":1600,"height":1600},{"@type":"BreadcrumbList","@id":"https:\/\/perle-in.com\/produit\/gobelets-en-verre-male-de-200-ml-lot-de-2\/#breadcrumb","itemListElement":[{"@type":"ListItem","position":1,"name":"Accueil","item":"https:\/\/perle-in.com\/"},{"@type":"ListItem","position":2,"name":"Boutique","item":"https:\/\/perle-in.com\/boutique\/"},{"@type":"ListItem","position":3,"name":"Gobelets en verre Male de 200\u00a0ml &#8211; lot de 2"}]},{"@type":"WebSite","@id":"https:\/\/perle-in.com\/#website","url":"https:\/\/perle-in.com\/","name":"PERLE IN","description":"","publisher":{"@id":"https:\/\/perle-in.com\/#organization"},"potentialAction":[{"@type":"SearchAction","target":{"@type":"EntryPoint","urlTemplate":"https:\/\/perle-in.com\/?s={search_term_string}"},"query-input":{"@type":"PropertyValueSpecification","valueRequired":true,"valueName":"search_term_string"}}],"inLanguage":"en-CA"},{"@type":"Organization","@id":"https:\/\/perle-in.com\/#organization","name":"PERLE IN","url":"https:\/\/perle-in.com\/","logo":{"@type":"ImageObject","inLanguage":"en-CA","@id":"https:\/\/perle-in.com\/#\/schema\/logo\/image\/","url":"https:\/\/perle-in.com\/wp-content\/uploads\/2022\/12\/LOGO-PERLE-IN-COULEUR@3x.webp","contentUrl":"https:\/\/perle-in.com\/wp-content\/uploads\/2022\/12\/LOGO-PERLE-IN-COULEUR@3x.webp","width":1600,"height":490,"caption":"PERLE IN"},"image":{"@id":"https:\/\/perle-in.com\/#\/schema\/logo\/image\/"}}]}},"jetpack_sharing_enabled":true,"_links":{"self":[{"href":"https:\/\/perle-in.com\/en\/wp-json\/wp\/v2\/product\/576952","targetHints":{"allow":["GET"]}}],"collection":[{"href":"https:\/\/perle-in.com\/en\/wp-json\/wp\/v2\/product"}],"about":[{"href":"https:\/\/perle-in.com\/en\/wp-json\/wp\/v2\/types\/product"}],"version-history":[{"count":0,"href":"https:\/\/perle-in.com\/en\/wp-json\/wp\/v2\/product\/576952\/revisions"}],"wp:featuredmedia":[{"embeddable":true,"href":"https:\/\/perle-in.com\/en\/wp-json\/wp\/v2\/media\/576947"}],"wp:attachment":[{"href":"https:\/\/perle-in.com\/en\/wp-json\/wp\/v2\/media?parent=576952"}],"wp:term":[{"taxonomy":"product_brand","embeddable":true,"href":"https:\/\/perle-in.com\/en\/wp-json\/wp\/v2\/product_brand?post=576952"},{"taxonomy":"product_cat","embeddable":true,"href":"https:\/\/perle-in.com\/en\/wp-json\/wp\/v2\/product_cat?post=576952"},{"taxonomy":"product_tag","embeddable":true,"href":"https:\/\/perle-in.com\/en\/wp-json\/wp\/v2\/product_tag?post=576952"}],"curies":[{"name":"wp","href":"https:\/\/api.w.org\/{rel}","templated":true}]}}