{"id":576929,"date":"2025-10-16T07:45:41","date_gmt":"2025-10-16T05:45:41","guid":{"rendered":"https:\/\/perle-in.com\/produit\/tasses-en-ceramique-male-de-350-ml-set-de-2\/"},"modified":"2025-10-16T07:45:42","modified_gmt":"2025-10-16T05:45:42","slug":"tasses-en-ceramique-male-de-350-ml-set-de-2","status":"publish","type":"product","link":"https:\/\/perle-in.com\/en\/product\/tasses-en-ceramique-male-de-350-ml-set-de-2\/","title":{"rendered":"Tasses en c\u00e9ramique Male de 350\u00a0ml &#8211; set de 2"},"content":{"rendered":"","protected":false},"excerpt":{"rendered":"<p>Savourez vos boissons chaudes pr\u00e9f\u00e9r\u00e9es avec le lot de 2\u00a0tasses en c\u00e9ramique Male de 350\u00a0ml. De taille id\u00e9ale pour le caf\u00e9, le th\u00e9 ou d\u2019autres boissons, chaque tasse offre une finition lisse et un design ergonomique pour une prise en main confortable. Le style \u00e9pur\u00e9 et moderne ajoute de l\u2019\u00e9l\u00e9gance \u00e0 toute cuisine ou caf\u00e9. Avec une capacit\u00e9 g\u00e9n\u00e9reuse de 350\u00a0ml, cet ensemble est id\u00e9al pour ceux qui pr\u00e9f\u00e8rent une quantit\u00e9 plus importante et plus satisfaisante.<\/p>","protected":false},"featured_media":576924,"template":"","meta":{"_eb_attr":""},"product_brand":[],"product_cat":[173,222],"product_tag":[275,225,223,190,230,227],"class_list":{"0":"post-576929","1":"product","2":"type-product","3":"status-publish","4":"has-post-thumbnail","6":"product_cat-drinkware","7":"product_cat-mugs-standard","8":"product_tag-boissons","9":"product_tag-cafe","10":"product_tag-ceramique","11":"product_tag-mug","12":"product_tag-tasse","13":"product_tag-the","14":"pa_couleurs-blanc","15":"pa_couleurs-bleu-hale","16":"pa_marque-seasons","18":"first","19":"instock","20":"shipping-taxable","21":"purchasable","22":"product-type-variable"},"yoast_head":"<!-- This site is optimized with the Yoast SEO plugin v27.4 - https:\/\/yoast.com\/product\/yoast-seo-wordpress\/ -->\n<title>Tasses en c\u00e9ramique Male de 350\u00a0ml - set de 2 - PERLE IN<\/title>\n<meta name=\"robots\" content=\"noindex, follow, max-snippet:-1, max-image-preview:large, max-video-preview:-1\" \/>\n<meta property=\"og:locale\" content=\"en_US\" \/>\n<meta property=\"og:type\" content=\"article\" \/>\n<meta property=\"og:title\" content=\"Tasses en c\u00e9ramique Male de 350\u00a0ml - set de 2 - PERLE IN\" \/>\n<meta property=\"og:description\" content=\"Savourez vos boissons chaudes pr\u00e9f\u00e9r\u00e9es avec le lot de 2\u00a0tasses en c\u00e9ramique Male de 350\u00a0ml. De taille id\u00e9ale pour le caf\u00e9, le th\u00e9 ou d\u2019autres boissons, chaque tasse offre une finition lisse et un design ergonomique pour une prise en main confortable. Le style \u00e9pur\u00e9 et moderne ajoute de l\u2019\u00e9l\u00e9gance \u00e0 toute cuisine ou caf\u00e9. Avec une capacit\u00e9 g\u00e9n\u00e9reuse de 350\u00a0ml, cet ensemble est id\u00e9al pour ceux qui pr\u00e9f\u00e8rent une quantit\u00e9 plus importante et plus satisfaisante.\" \/>\n<meta property=\"og:url\" content=\"https:\/\/perle-in.com\/en\/product\/tasses-en-ceramique-male-de-350-ml-set-de-2\/\" \/>\n<meta property=\"og:site_name\" content=\"PERLE IN\" \/>\n<meta property=\"article:modified_time\" content=\"2025-10-16T05:45:42+00:00\" \/>\n<meta property=\"og:image\" content=\"https:\/\/perle-in.com\/wp-content\/uploads\/2025\/10\/12639601-1.jpg\" \/>\n\t<meta property=\"og:image:width\" content=\"1600\" \/>\n\t<meta property=\"og:image:height\" content=\"1600\" \/>\n\t<meta property=\"og:image:type\" content=\"image\/jpeg\" \/>\n<meta name=\"twitter:card\" content=\"summary_large_image\" \/>\n<script type=\"application\/ld+json\" class=\"yoast-schema-graph\">{\"@context\":\"https:\\\/\\\/schema.org\",\"@graph\":[{\"@type\":\"WebPage\",\"@id\":\"https:\\\/\\\/perle-in.com\\\/produit\\\/tasses-en-ceramique-male-de-350-ml-set-de-2\\\/\",\"url\":\"https:\\\/\\\/perle-in.com\\\/produit\\\/tasses-en-ceramique-male-de-350-ml-set-de-2\\\/\",\"name\":\"Tasses en c\u00e9ramique Male de 350\u00a0ml - set de 2 - PERLE IN\",\"isPartOf\":{\"@id\":\"https:\\\/\\\/perle-in.com\\\/#website\"},\"primaryImageOfPage\":{\"@id\":\"https:\\\/\\\/perle-in.com\\\/produit\\\/tasses-en-ceramique-male-de-350-ml-set-de-2\\\/#primaryimage\"},\"image\":{\"@id\":\"https:\\\/\\\/perle-in.com\\\/produit\\\/tasses-en-ceramique-male-de-350-ml-set-de-2\\\/#primaryimage\"},\"thumbnailUrl\":\"https:\\\/\\\/perle-in.com\\\/wp-content\\\/uploads\\\/2025\\\/10\\\/12639601-1.jpg\",\"datePublished\":\"2025-10-16T05:45:41+00:00\",\"dateModified\":\"2025-10-16T05:45:42+00:00\",\"breadcrumb\":{\"@id\":\"https:\\\/\\\/perle-in.com\\\/produit\\\/tasses-en-ceramique-male-de-350-ml-set-de-2\\\/#breadcrumb\"},\"inLanguage\":\"en-CA\",\"potentialAction\":[{\"@type\":\"ReadAction\",\"target\":[\"https:\\\/\\\/perle-in.com\\\/produit\\\/tasses-en-ceramique-male-de-350-ml-set-de-2\\\/\"]}]},{\"@type\":\"ImageObject\",\"inLanguage\":\"en-CA\",\"@id\":\"https:\\\/\\\/perle-in.com\\\/produit\\\/tasses-en-ceramique-male-de-350-ml-set-de-2\\\/#primaryimage\",\"url\":\"https:\\\/\\\/perle-in.com\\\/wp-content\\\/uploads\\\/2025\\\/10\\\/12639601-1.jpg\",\"contentUrl\":\"https:\\\/\\\/perle-in.com\\\/wp-content\\\/uploads\\\/2025\\\/10\\\/12639601-1.jpg\",\"width\":1600,\"height\":1600},{\"@type\":\"BreadcrumbList\",\"@id\":\"https:\\\/\\\/perle-in.com\\\/produit\\\/tasses-en-ceramique-male-de-350-ml-set-de-2\\\/#breadcrumb\",\"itemListElement\":[{\"@type\":\"ListItem\",\"position\":1,\"name\":\"Accueil\",\"item\":\"https:\\\/\\\/perle-in.com\\\/\"},{\"@type\":\"ListItem\",\"position\":2,\"name\":\"Boutique\",\"item\":\"https:\\\/\\\/perle-in.com\\\/boutique\\\/\"},{\"@type\":\"ListItem\",\"position\":3,\"name\":\"Tasses en c\u00e9ramique Male de 350\u00a0ml &#8211; set de 2\"}]},{\"@type\":\"WebSite\",\"@id\":\"https:\\\/\\\/perle-in.com\\\/#website\",\"url\":\"https:\\\/\\\/perle-in.com\\\/\",\"name\":\"PERLE IN\",\"description\":\"\",\"publisher\":{\"@id\":\"https:\\\/\\\/perle-in.com\\\/#organization\"},\"potentialAction\":[{\"@type\":\"SearchAction\",\"target\":{\"@type\":\"EntryPoint\",\"urlTemplate\":\"https:\\\/\\\/perle-in.com\\\/?s={search_term_string}\"},\"query-input\":{\"@type\":\"PropertyValueSpecification\",\"valueRequired\":true,\"valueName\":\"search_term_string\"}}],\"inLanguage\":\"en-CA\"},{\"@type\":\"Organization\",\"@id\":\"https:\\\/\\\/perle-in.com\\\/#organization\",\"name\":\"PERLE IN\",\"url\":\"https:\\\/\\\/perle-in.com\\\/\",\"logo\":{\"@type\":\"ImageObject\",\"inLanguage\":\"en-CA\",\"@id\":\"https:\\\/\\\/perle-in.com\\\/#\\\/schema\\\/logo\\\/image\\\/\",\"url\":\"https:\\\/\\\/perle-in.com\\\/wp-content\\\/uploads\\\/2022\\\/12\\\/LOGO-PERLE-IN-COULEUR@3x.webp\",\"contentUrl\":\"https:\\\/\\\/perle-in.com\\\/wp-content\\\/uploads\\\/2022\\\/12\\\/LOGO-PERLE-IN-COULEUR@3x.webp\",\"width\":1600,\"height\":490,\"caption\":\"PERLE IN\"},\"image\":{\"@id\":\"https:\\\/\\\/perle-in.com\\\/#\\\/schema\\\/logo\\\/image\\\/\"}}]}<\/script>\n<!-- \/ Yoast SEO plugin. -->","yoast_head_json":{"title":"Tasses en c\u00e9ramique Male de 350\u00a0ml - set de 2 - PERLE IN","robots":{"index":"noindex","follow":"follow","max-snippet":"max-snippet:-1","max-image-preview":"max-image-preview:large","max-video-preview":"max-video-preview:-1"},"og_locale":"en_US","og_type":"article","og_title":"Tasses en c\u00e9ramique Male de 350\u00a0ml - set de 2 - PERLE IN","og_description":"Savourez vos boissons chaudes pr\u00e9f\u00e9r\u00e9es avec le lot de 2\u00a0tasses en c\u00e9ramique Male de 350\u00a0ml. De taille id\u00e9ale pour le caf\u00e9, le th\u00e9 ou d\u2019autres boissons, chaque tasse offre une finition lisse et un design ergonomique pour une prise en main confortable. Le style \u00e9pur\u00e9 et moderne ajoute de l\u2019\u00e9l\u00e9gance \u00e0 toute cuisine ou caf\u00e9. Avec une capacit\u00e9 g\u00e9n\u00e9reuse de 350\u00a0ml, cet ensemble est id\u00e9al pour ceux qui pr\u00e9f\u00e8rent une quantit\u00e9 plus importante et plus satisfaisante.","og_url":"https:\/\/perle-in.com\/en\/product\/tasses-en-ceramique-male-de-350-ml-set-de-2\/","og_site_name":"PERLE IN","article_modified_time":"2025-10-16T05:45:42+00:00","og_image":[{"width":1600,"height":1600,"url":"https:\/\/perle-in.com\/wp-content\/uploads\/2025\/10\/12639601-1.jpg","type":"image\/jpeg"}],"twitter_card":"summary_large_image","schema":{"@context":"https:\/\/schema.org","@graph":[{"@type":"WebPage","@id":"https:\/\/perle-in.com\/produit\/tasses-en-ceramique-male-de-350-ml-set-de-2\/","url":"https:\/\/perle-in.com\/produit\/tasses-en-ceramique-male-de-350-ml-set-de-2\/","name":"Tasses en c\u00e9ramique Male de 350\u00a0ml - set de 2 - PERLE IN","isPartOf":{"@id":"https:\/\/perle-in.com\/#website"},"primaryImageOfPage":{"@id":"https:\/\/perle-in.com\/produit\/tasses-en-ceramique-male-de-350-ml-set-de-2\/#primaryimage"},"image":{"@id":"https:\/\/perle-in.com\/produit\/tasses-en-ceramique-male-de-350-ml-set-de-2\/#primaryimage"},"thumbnailUrl":"https:\/\/perle-in.com\/wp-content\/uploads\/2025\/10\/12639601-1.jpg","datePublished":"2025-10-16T05:45:41+00:00","dateModified":"2025-10-16T05:45:42+00:00","breadcrumb":{"@id":"https:\/\/perle-in.com\/produit\/tasses-en-ceramique-male-de-350-ml-set-de-2\/#breadcrumb"},"inLanguage":"en-CA","potentialAction":[{"@type":"ReadAction","target":["https:\/\/perle-in.com\/produit\/tasses-en-ceramique-male-de-350-ml-set-de-2\/"]}]},{"@type":"ImageObject","inLanguage":"en-CA","@id":"https:\/\/perle-in.com\/produit\/tasses-en-ceramique-male-de-350-ml-set-de-2\/#primaryimage","url":"https:\/\/perle-in.com\/wp-content\/uploads\/2025\/10\/12639601-1.jpg","contentUrl":"https:\/\/perle-in.com\/wp-content\/uploads\/2025\/10\/12639601-1.jpg","width":1600,"height":1600},{"@type":"BreadcrumbList","@id":"https:\/\/perle-in.com\/produit\/tasses-en-ceramique-male-de-350-ml-set-de-2\/#breadcrumb","itemListElement":[{"@type":"ListItem","position":1,"name":"Accueil","item":"https:\/\/perle-in.com\/"},{"@type":"ListItem","position":2,"name":"Boutique","item":"https:\/\/perle-in.com\/boutique\/"},{"@type":"ListItem","position":3,"name":"Tasses en c\u00e9ramique Male de 350\u00a0ml &#8211; set de 2"}]},{"@type":"WebSite","@id":"https:\/\/perle-in.com\/#website","url":"https:\/\/perle-in.com\/","name":"PERLE IN","description":"","publisher":{"@id":"https:\/\/perle-in.com\/#organization"},"potentialAction":[{"@type":"SearchAction","target":{"@type":"EntryPoint","urlTemplate":"https:\/\/perle-in.com\/?s={search_term_string}"},"query-input":{"@type":"PropertyValueSpecification","valueRequired":true,"valueName":"search_term_string"}}],"inLanguage":"en-CA"},{"@type":"Organization","@id":"https:\/\/perle-in.com\/#organization","name":"PERLE IN","url":"https:\/\/perle-in.com\/","logo":{"@type":"ImageObject","inLanguage":"en-CA","@id":"https:\/\/perle-in.com\/#\/schema\/logo\/image\/","url":"https:\/\/perle-in.com\/wp-content\/uploads\/2022\/12\/LOGO-PERLE-IN-COULEUR@3x.webp","contentUrl":"https:\/\/perle-in.com\/wp-content\/uploads\/2022\/12\/LOGO-PERLE-IN-COULEUR@3x.webp","width":1600,"height":490,"caption":"PERLE IN"},"image":{"@id":"https:\/\/perle-in.com\/#\/schema\/logo\/image\/"}}]}},"jetpack_sharing_enabled":true,"_links":{"self":[{"href":"https:\/\/perle-in.com\/en\/wp-json\/wp\/v2\/product\/576929","targetHints":{"allow":["GET"]}}],"collection":[{"href":"https:\/\/perle-in.com\/en\/wp-json\/wp\/v2\/product"}],"about":[{"href":"https:\/\/perle-in.com\/en\/wp-json\/wp\/v2\/types\/product"}],"version-history":[{"count":0,"href":"https:\/\/perle-in.com\/en\/wp-json\/wp\/v2\/product\/576929\/revisions"}],"wp:featuredmedia":[{"embeddable":true,"href":"https:\/\/perle-in.com\/en\/wp-json\/wp\/v2\/media\/576924"}],"wp:attachment":[{"href":"https:\/\/perle-in.com\/en\/wp-json\/wp\/v2\/media?parent=576929"}],"wp:term":[{"taxonomy":"product_brand","embeddable":true,"href":"https:\/\/perle-in.com\/en\/wp-json\/wp\/v2\/product_brand?post=576929"},{"taxonomy":"product_cat","embeddable":true,"href":"https:\/\/perle-in.com\/en\/wp-json\/wp\/v2\/product_cat?post=576929"},{"taxonomy":"product_tag","embeddable":true,"href":"https:\/\/perle-in.com\/en\/wp-json\/wp\/v2\/product_tag?post=576929"}],"curies":[{"name":"wp","href":"https:\/\/api.w.org\/{rel}","templated":true}]}}