{"id":576914,"date":"2025-10-16T07:44:09","date_gmt":"2025-10-16T05:44:09","guid":{"rendered":"https:\/\/perle-in.com\/produit\/planche-a-decouper-prestige-en-acacia-avec-couteau-a-pain\/"},"modified":"2025-10-16T07:44:11","modified_gmt":"2025-10-16T05:44:11","slug":"planche-a-decouper-prestige-en-acacia-avec-couteau-a-pain","status":"publish","type":"product","link":"https:\/\/perle-in.com\/en\/product\/planche-a-decouper-prestige-en-acacia-avec-couteau-a-pain\/","title":{"rendered":"Planche \u00e0 d\u00e9couper Prestige en acacia avec couteau \u00e0 pain"},"content":{"rendered":"","protected":false},"excerpt":{"rendered":"<p>La planche \u00e0 d\u00e9couper Prestige avec couteau allie beaut\u00e9 naturelle et praticit\u00e9 au quotidien. Fabriqu\u00e9e en bois d\u2019acacia durable, la planche offre une surface solide pour trancher et servir le pain. Le couteau fourni permet des coupes nettes et pr\u00e9cises, ce qui facilite le service aux invit\u00e9s ou la d\u00e9gustation de pain frais \u00e0 la maison. Avec son grain de bois \u00e9l\u00e9gant et son design intemporel, elle constitue un ajout \u00e9l\u00e9gant \u00e0 toute cuisine ou table \u00e0 manger.<\/p>","protected":false},"featured_media":576909,"template":"","meta":{"_eb_attr":""},"product_brand":[],"product_cat":[150,1237],"product_tag":[3596,2693,4116,497,861,880,2856,2776],"class_list":{"0":"post-576914","1":"product","2":"type-product","3":"status-publish","4":"has-post-thumbnail","6":"product_cat-maison-et-cuisine","7":"product_cat-planches-a-decouper","8":"product_tag-acacia","9":"product_tag-bois","10":"product_tag-couper","11":"product_tag-couteau","12":"product_tag-cuisine","13":"product_tag-nourriture","14":"product_tag-planche","15":"product_tag-planche-a-decouper","16":"pa_couleurs-bois","17":"pa_marque-seasons","18":"pa_matiere-85-acacia-15-acier-inoxydable","20":"first","21":"instock","22":"shipping-taxable","23":"purchasable","24":"product-type-variable"},"yoast_head":"<!-- This site is optimized with the Yoast SEO plugin v27.4 - https:\/\/yoast.com\/product\/yoast-seo-wordpress\/ -->\n<title>Planche \u00e0 d\u00e9couper Prestige en acacia avec couteau \u00e0 pain - PERLE IN<\/title>\n<meta name=\"robots\" content=\"noindex, follow, max-snippet:-1, max-image-preview:large, max-video-preview:-1\" \/>\n<meta property=\"og:locale\" content=\"en_US\" \/>\n<meta property=\"og:type\" content=\"article\" \/>\n<meta property=\"og:title\" content=\"Planche \u00e0 d\u00e9couper Prestige en acacia avec couteau \u00e0 pain - PERLE IN\" \/>\n<meta property=\"og:description\" content=\"La planche \u00e0 d\u00e9couper Prestige avec couteau allie beaut\u00e9 naturelle et praticit\u00e9 au quotidien. Fabriqu\u00e9e en bois d\u2019acacia durable, la planche offre une surface solide pour trancher et servir le pain. Le couteau fourni permet des coupes nettes et pr\u00e9cises, ce qui facilite le service aux invit\u00e9s ou la d\u00e9gustation de pain frais \u00e0 la maison. Avec son grain de bois \u00e9l\u00e9gant et son design intemporel, elle constitue un ajout \u00e9l\u00e9gant \u00e0 toute cuisine ou table \u00e0 manger.\" \/>\n<meta property=\"og:url\" content=\"https:\/\/perle-in.com\/en\/product\/planche-a-decouper-prestige-en-acacia-avec-couteau-a-pain\/\" \/>\n<meta property=\"og:site_name\" content=\"PERLE IN\" \/>\n<meta property=\"article:modified_time\" content=\"2025-10-16T05:44:11+00:00\" \/>\n<meta property=\"og:image\" content=\"https:\/\/perle-in.com\/wp-content\/uploads\/2025\/10\/12639371-1.jpg\" \/>\n\t<meta property=\"og:image:width\" content=\"1600\" \/>\n\t<meta property=\"og:image:height\" content=\"1600\" \/>\n\t<meta property=\"og:image:type\" content=\"image\/jpeg\" \/>\n<meta name=\"twitter:card\" content=\"summary_large_image\" \/>\n<script type=\"application\/ld+json\" class=\"yoast-schema-graph\">{\"@context\":\"https:\\\/\\\/schema.org\",\"@graph\":[{\"@type\":\"WebPage\",\"@id\":\"https:\\\/\\\/perle-in.com\\\/en\\\/product\\\/planche-a-decouper-prestige-en-acacia-avec-couteau-a-pain\\\/\",\"url\":\"https:\\\/\\\/perle-in.com\\\/en\\\/product\\\/planche-a-decouper-prestige-en-acacia-avec-couteau-a-pain\\\/\",\"name\":\"Planche \u00e0 d\u00e9couper Prestige en acacia avec couteau \u00e0 pain - PERLE IN\",\"isPartOf\":{\"@id\":\"https:\\\/\\\/perle-in.com\\\/#website\"},\"primaryImageOfPage\":{\"@id\":\"https:\\\/\\\/perle-in.com\\\/en\\\/product\\\/planche-a-decouper-prestige-en-acacia-avec-couteau-a-pain\\\/#primaryimage\"},\"image\":{\"@id\":\"https:\\\/\\\/perle-in.com\\\/en\\\/product\\\/planche-a-decouper-prestige-en-acacia-avec-couteau-a-pain\\\/#primaryimage\"},\"thumbnailUrl\":\"https:\\\/\\\/perle-in.com\\\/wp-content\\\/uploads\\\/2025\\\/10\\\/12639371-1.jpg\",\"datePublished\":\"2025-10-16T05:44:09+00:00\",\"dateModified\":\"2025-10-16T05:44:11+00:00\",\"breadcrumb\":{\"@id\":\"https:\\\/\\\/perle-in.com\\\/en\\\/product\\\/planche-a-decouper-prestige-en-acacia-avec-couteau-a-pain\\\/#breadcrumb\"},\"inLanguage\":\"en-CA\",\"potentialAction\":[{\"@type\":\"ReadAction\",\"target\":[\"https:\\\/\\\/perle-in.com\\\/en\\\/product\\\/planche-a-decouper-prestige-en-acacia-avec-couteau-a-pain\\\/\"]}]},{\"@type\":\"ImageObject\",\"inLanguage\":\"en-CA\",\"@id\":\"https:\\\/\\\/perle-in.com\\\/en\\\/product\\\/planche-a-decouper-prestige-en-acacia-avec-couteau-a-pain\\\/#primaryimage\",\"url\":\"https:\\\/\\\/perle-in.com\\\/wp-content\\\/uploads\\\/2025\\\/10\\\/12639371-1.jpg\",\"contentUrl\":\"https:\\\/\\\/perle-in.com\\\/wp-content\\\/uploads\\\/2025\\\/10\\\/12639371-1.jpg\",\"width\":1600,\"height\":1600},{\"@type\":\"BreadcrumbList\",\"@id\":\"https:\\\/\\\/perle-in.com\\\/en\\\/product\\\/planche-a-decouper-prestige-en-acacia-avec-couteau-a-pain\\\/#breadcrumb\",\"itemListElement\":[{\"@type\":\"ListItem\",\"position\":1,\"name\":\"Accueil\",\"item\":\"https:\\\/\\\/perle-in.com\\\/\"},{\"@type\":\"ListItem\",\"position\":2,\"name\":\"Boutique\",\"item\":\"https:\\\/\\\/perle-in.com\\\/boutique\\\/\"},{\"@type\":\"ListItem\",\"position\":3,\"name\":\"Planche \u00e0 d\u00e9couper Prestige en acacia avec couteau \u00e0 pain\"}]},{\"@type\":\"WebSite\",\"@id\":\"https:\\\/\\\/perle-in.com\\\/#website\",\"url\":\"https:\\\/\\\/perle-in.com\\\/\",\"name\":\"PERLE IN\",\"description\":\"\",\"publisher\":{\"@id\":\"https:\\\/\\\/perle-in.com\\\/#organization\"},\"potentialAction\":[{\"@type\":\"SearchAction\",\"target\":{\"@type\":\"EntryPoint\",\"urlTemplate\":\"https:\\\/\\\/perle-in.com\\\/?s={search_term_string}\"},\"query-input\":{\"@type\":\"PropertyValueSpecification\",\"valueRequired\":true,\"valueName\":\"search_term_string\"}}],\"inLanguage\":\"en-CA\"},{\"@type\":\"Organization\",\"@id\":\"https:\\\/\\\/perle-in.com\\\/#organization\",\"name\":\"PERLE IN\",\"url\":\"https:\\\/\\\/perle-in.com\\\/\",\"logo\":{\"@type\":\"ImageObject\",\"inLanguage\":\"en-CA\",\"@id\":\"https:\\\/\\\/perle-in.com\\\/#\\\/schema\\\/logo\\\/image\\\/\",\"url\":\"https:\\\/\\\/perle-in.com\\\/wp-content\\\/uploads\\\/2022\\\/12\\\/LOGO-PERLE-IN-COULEUR@3x.webp\",\"contentUrl\":\"https:\\\/\\\/perle-in.com\\\/wp-content\\\/uploads\\\/2022\\\/12\\\/LOGO-PERLE-IN-COULEUR@3x.webp\",\"width\":1600,\"height\":490,\"caption\":\"PERLE IN\"},\"image\":{\"@id\":\"https:\\\/\\\/perle-in.com\\\/#\\\/schema\\\/logo\\\/image\\\/\"}}]}<\/script>\n<!-- \/ Yoast SEO plugin. -->","yoast_head_json":{"title":"Planche \u00e0 d\u00e9couper Prestige en acacia avec couteau \u00e0 pain - PERLE IN","robots":{"index":"noindex","follow":"follow","max-snippet":"max-snippet:-1","max-image-preview":"max-image-preview:large","max-video-preview":"max-video-preview:-1"},"og_locale":"en_US","og_type":"article","og_title":"Planche \u00e0 d\u00e9couper Prestige en acacia avec couteau \u00e0 pain - PERLE IN","og_description":"La planche \u00e0 d\u00e9couper Prestige avec couteau allie beaut\u00e9 naturelle et praticit\u00e9 au quotidien. Fabriqu\u00e9e en bois d\u2019acacia durable, la planche offre une surface solide pour trancher et servir le pain. Le couteau fourni permet des coupes nettes et pr\u00e9cises, ce qui facilite le service aux invit\u00e9s ou la d\u00e9gustation de pain frais \u00e0 la maison. Avec son grain de bois \u00e9l\u00e9gant et son design intemporel, elle constitue un ajout \u00e9l\u00e9gant \u00e0 toute cuisine ou table \u00e0 manger.","og_url":"https:\/\/perle-in.com\/en\/product\/planche-a-decouper-prestige-en-acacia-avec-couteau-a-pain\/","og_site_name":"PERLE IN","article_modified_time":"2025-10-16T05:44:11+00:00","og_image":[{"width":1600,"height":1600,"url":"https:\/\/perle-in.com\/wp-content\/uploads\/2025\/10\/12639371-1.jpg","type":"image\/jpeg"}],"twitter_card":"summary_large_image","schema":{"@context":"https:\/\/schema.org","@graph":[{"@type":"WebPage","@id":"https:\/\/perle-in.com\/en\/product\/planche-a-decouper-prestige-en-acacia-avec-couteau-a-pain\/","url":"https:\/\/perle-in.com\/en\/product\/planche-a-decouper-prestige-en-acacia-avec-couteau-a-pain\/","name":"Planche \u00e0 d\u00e9couper Prestige en acacia avec couteau \u00e0 pain - PERLE IN","isPartOf":{"@id":"https:\/\/perle-in.com\/#website"},"primaryImageOfPage":{"@id":"https:\/\/perle-in.com\/en\/product\/planche-a-decouper-prestige-en-acacia-avec-couteau-a-pain\/#primaryimage"},"image":{"@id":"https:\/\/perle-in.com\/en\/product\/planche-a-decouper-prestige-en-acacia-avec-couteau-a-pain\/#primaryimage"},"thumbnailUrl":"https:\/\/perle-in.com\/wp-content\/uploads\/2025\/10\/12639371-1.jpg","datePublished":"2025-10-16T05:44:09+00:00","dateModified":"2025-10-16T05:44:11+00:00","breadcrumb":{"@id":"https:\/\/perle-in.com\/en\/product\/planche-a-decouper-prestige-en-acacia-avec-couteau-a-pain\/#breadcrumb"},"inLanguage":"en-CA","potentialAction":[{"@type":"ReadAction","target":["https:\/\/perle-in.com\/en\/product\/planche-a-decouper-prestige-en-acacia-avec-couteau-a-pain\/"]}]},{"@type":"ImageObject","inLanguage":"en-CA","@id":"https:\/\/perle-in.com\/en\/product\/planche-a-decouper-prestige-en-acacia-avec-couteau-a-pain\/#primaryimage","url":"https:\/\/perle-in.com\/wp-content\/uploads\/2025\/10\/12639371-1.jpg","contentUrl":"https:\/\/perle-in.com\/wp-content\/uploads\/2025\/10\/12639371-1.jpg","width":1600,"height":1600},{"@type":"BreadcrumbList","@id":"https:\/\/perle-in.com\/en\/product\/planche-a-decouper-prestige-en-acacia-avec-couteau-a-pain\/#breadcrumb","itemListElement":[{"@type":"ListItem","position":1,"name":"Accueil","item":"https:\/\/perle-in.com\/"},{"@type":"ListItem","position":2,"name":"Boutique","item":"https:\/\/perle-in.com\/boutique\/"},{"@type":"ListItem","position":3,"name":"Planche \u00e0 d\u00e9couper Prestige en acacia avec couteau \u00e0 pain"}]},{"@type":"WebSite","@id":"https:\/\/perle-in.com\/#website","url":"https:\/\/perle-in.com\/","name":"PERLE IN","description":"","publisher":{"@id":"https:\/\/perle-in.com\/#organization"},"potentialAction":[{"@type":"SearchAction","target":{"@type":"EntryPoint","urlTemplate":"https:\/\/perle-in.com\/?s={search_term_string}"},"query-input":{"@type":"PropertyValueSpecification","valueRequired":true,"valueName":"search_term_string"}}],"inLanguage":"en-CA"},{"@type":"Organization","@id":"https:\/\/perle-in.com\/#organization","name":"PERLE IN","url":"https:\/\/perle-in.com\/","logo":{"@type":"ImageObject","inLanguage":"en-CA","@id":"https:\/\/perle-in.com\/#\/schema\/logo\/image\/","url":"https:\/\/perle-in.com\/wp-content\/uploads\/2022\/12\/LOGO-PERLE-IN-COULEUR@3x.webp","contentUrl":"https:\/\/perle-in.com\/wp-content\/uploads\/2022\/12\/LOGO-PERLE-IN-COULEUR@3x.webp","width":1600,"height":490,"caption":"PERLE IN"},"image":{"@id":"https:\/\/perle-in.com\/#\/schema\/logo\/image\/"}}]}},"jetpack_sharing_enabled":true,"_links":{"self":[{"href":"https:\/\/perle-in.com\/en\/wp-json\/wp\/v2\/product\/576914","targetHints":{"allow":["GET"]}}],"collection":[{"href":"https:\/\/perle-in.com\/en\/wp-json\/wp\/v2\/product"}],"about":[{"href":"https:\/\/perle-in.com\/en\/wp-json\/wp\/v2\/types\/product"}],"version-history":[{"count":0,"href":"https:\/\/perle-in.com\/en\/wp-json\/wp\/v2\/product\/576914\/revisions"}],"wp:featuredmedia":[{"embeddable":true,"href":"https:\/\/perle-in.com\/en\/wp-json\/wp\/v2\/media\/576909"}],"wp:attachment":[{"href":"https:\/\/perle-in.com\/en\/wp-json\/wp\/v2\/media?parent=576914"}],"wp:term":[{"taxonomy":"product_brand","embeddable":true,"href":"https:\/\/perle-in.com\/en\/wp-json\/wp\/v2\/product_brand?post=576914"},{"taxonomy":"product_cat","embeddable":true,"href":"https:\/\/perle-in.com\/en\/wp-json\/wp\/v2\/product_cat?post=576914"},{"taxonomy":"product_tag","embeddable":true,"href":"https:\/\/perle-in.com\/en\/wp-json\/wp\/v2\/product_tag?post=576914"}],"curies":[{"name":"wp","href":"https:\/\/api.w.org\/{rel}","templated":true}]}}