{"id":576907,"date":"2025-10-16T07:43:10","date_gmt":"2025-10-16T05:43:10","guid":{"rendered":"https:\/\/perle-in.com\/produit\/planche-a-decouper-julienne-en-acacia-avec-poignee\/"},"modified":"2025-10-16T07:43:11","modified_gmt":"2025-10-16T05:43:11","slug":"planche-a-decouper-julienne-en-acacia-avec-poignee","status":"publish","type":"product","link":"https:\/\/perle-in.com\/en\/product\/planche-a-decouper-julienne-en-acacia-avec-poignee\/","title":{"rendered":"Planche \u00e0 d\u00e9couper Julienne en acacia avec poign\u00e9e"},"content":{"rendered":"","protected":false},"excerpt":{"rendered":"<p>Cette planche \u00e0 d\u00e9couper avec poign\u00e9e est \u00e0 la fois durable et \u00e9l\u00e9gante, fabriqu\u00e9e en bois d\u2019acacia de haute qualit\u00e9. Le grain de bois naturel ajoute une touche rustique \u00e0 votre cuisine, tandis que la poign\u00e9e ergonomique offre une grande maniabilit\u00e9. Parfaite pour hacher, trancher et servir, cette planche est un compl\u00e9ment polyvalent et fonctionnel \u00e0 toute cuisine.<\/p>","protected":false},"featured_media":576903,"template":"","meta":{"_eb_attr":""},"product_brand":[],"product_cat":[150,1237],"product_tag":[4116,861,880,2856,2776],"class_list":{"0":"post-576907","1":"product","2":"type-product","3":"status-publish","4":"has-post-thumbnail","6":"product_cat-maison-et-cuisine","7":"product_cat-planches-a-decouper","8":"product_tag-couper","9":"product_tag-cuisine","10":"product_tag-nourriture","11":"product_tag-planche","12":"product_tag-planche-a-decouper","13":"pa_couleurs-bois","14":"pa_marque-seasons","15":"pa_matiere-90-acacia-10-fer","17":"first","18":"instock","19":"shipping-taxable","20":"purchasable","21":"product-type-variable"},"yoast_head":"<!-- This site is optimized with the Yoast SEO plugin v27.4 - https:\/\/yoast.com\/product\/yoast-seo-wordpress\/ -->\n<title>Planche \u00e0 d\u00e9couper Julienne en acacia avec poign\u00e9e - PERLE IN<\/title>\n<meta name=\"robots\" content=\"noindex, follow, max-snippet:-1, max-image-preview:large, max-video-preview:-1\" \/>\n<meta property=\"og:locale\" content=\"en_US\" \/>\n<meta property=\"og:type\" content=\"article\" \/>\n<meta property=\"og:title\" content=\"Planche \u00e0 d\u00e9couper Julienne en acacia avec poign\u00e9e - PERLE IN\" \/>\n<meta property=\"og:description\" content=\"Cette planche \u00e0 d\u00e9couper avec poign\u00e9e est \u00e0 la fois durable et \u00e9l\u00e9gante, fabriqu\u00e9e en bois d\u2019acacia de haute qualit\u00e9. Le grain de bois naturel ajoute une touche rustique \u00e0 votre cuisine, tandis que la poign\u00e9e ergonomique offre une grande maniabilit\u00e9. Parfaite pour hacher, trancher et servir, cette planche est un compl\u00e9ment polyvalent et fonctionnel \u00e0 toute cuisine.\" \/>\n<meta property=\"og:url\" content=\"https:\/\/perle-in.com\/en\/product\/planche-a-decouper-julienne-en-acacia-avec-poignee\/\" \/>\n<meta property=\"og:site_name\" content=\"PERLE IN\" \/>\n<meta property=\"article:modified_time\" content=\"2025-10-16T05:43:11+00:00\" \/>\n<meta property=\"og:image\" content=\"https:\/\/perle-in.com\/wp-content\/uploads\/2025\/10\/12639271-1.jpg\" \/>\n\t<meta property=\"og:image:width\" content=\"1600\" \/>\n\t<meta property=\"og:image:height\" content=\"1600\" \/>\n\t<meta property=\"og:image:type\" content=\"image\/jpeg\" \/>\n<meta name=\"twitter:card\" content=\"summary_large_image\" \/>\n<script type=\"application\/ld+json\" class=\"yoast-schema-graph\">{\"@context\":\"https:\\\/\\\/schema.org\",\"@graph\":[{\"@type\":\"WebPage\",\"@id\":\"https:\\\/\\\/perle-in.com\\\/produit\\\/planche-a-decouper-julienne-en-acacia-avec-poignee\\\/\",\"url\":\"https:\\\/\\\/perle-in.com\\\/produit\\\/planche-a-decouper-julienne-en-acacia-avec-poignee\\\/\",\"name\":\"Planche \u00e0 d\u00e9couper Julienne en acacia avec poign\u00e9e - PERLE IN\",\"isPartOf\":{\"@id\":\"https:\\\/\\\/perle-in.com\\\/#website\"},\"primaryImageOfPage\":{\"@id\":\"https:\\\/\\\/perle-in.com\\\/produit\\\/planche-a-decouper-julienne-en-acacia-avec-poignee\\\/#primaryimage\"},\"image\":{\"@id\":\"https:\\\/\\\/perle-in.com\\\/produit\\\/planche-a-decouper-julienne-en-acacia-avec-poignee\\\/#primaryimage\"},\"thumbnailUrl\":\"https:\\\/\\\/perle-in.com\\\/wp-content\\\/uploads\\\/2025\\\/10\\\/12639271-1.jpg\",\"datePublished\":\"2025-10-16T05:43:10+00:00\",\"dateModified\":\"2025-10-16T05:43:11+00:00\",\"breadcrumb\":{\"@id\":\"https:\\\/\\\/perle-in.com\\\/produit\\\/planche-a-decouper-julienne-en-acacia-avec-poignee\\\/#breadcrumb\"},\"inLanguage\":\"en-CA\",\"potentialAction\":[{\"@type\":\"ReadAction\",\"target\":[\"https:\\\/\\\/perle-in.com\\\/produit\\\/planche-a-decouper-julienne-en-acacia-avec-poignee\\\/\"]}]},{\"@type\":\"ImageObject\",\"inLanguage\":\"en-CA\",\"@id\":\"https:\\\/\\\/perle-in.com\\\/produit\\\/planche-a-decouper-julienne-en-acacia-avec-poignee\\\/#primaryimage\",\"url\":\"https:\\\/\\\/perle-in.com\\\/wp-content\\\/uploads\\\/2025\\\/10\\\/12639271-1.jpg\",\"contentUrl\":\"https:\\\/\\\/perle-in.com\\\/wp-content\\\/uploads\\\/2025\\\/10\\\/12639271-1.jpg\",\"width\":1600,\"height\":1600},{\"@type\":\"BreadcrumbList\",\"@id\":\"https:\\\/\\\/perle-in.com\\\/produit\\\/planche-a-decouper-julienne-en-acacia-avec-poignee\\\/#breadcrumb\",\"itemListElement\":[{\"@type\":\"ListItem\",\"position\":1,\"name\":\"Accueil\",\"item\":\"https:\\\/\\\/perle-in.com\\\/\"},{\"@type\":\"ListItem\",\"position\":2,\"name\":\"Boutique\",\"item\":\"https:\\\/\\\/perle-in.com\\\/boutique\\\/\"},{\"@type\":\"ListItem\",\"position\":3,\"name\":\"Planche \u00e0 d\u00e9couper Julienne en acacia avec poign\u00e9e\"}]},{\"@type\":\"WebSite\",\"@id\":\"https:\\\/\\\/perle-in.com\\\/#website\",\"url\":\"https:\\\/\\\/perle-in.com\\\/\",\"name\":\"PERLE IN\",\"description\":\"\",\"publisher\":{\"@id\":\"https:\\\/\\\/perle-in.com\\\/#organization\"},\"potentialAction\":[{\"@type\":\"SearchAction\",\"target\":{\"@type\":\"EntryPoint\",\"urlTemplate\":\"https:\\\/\\\/perle-in.com\\\/?s={search_term_string}\"},\"query-input\":{\"@type\":\"PropertyValueSpecification\",\"valueRequired\":true,\"valueName\":\"search_term_string\"}}],\"inLanguage\":\"en-CA\"},{\"@type\":\"Organization\",\"@id\":\"https:\\\/\\\/perle-in.com\\\/#organization\",\"name\":\"PERLE IN\",\"url\":\"https:\\\/\\\/perle-in.com\\\/\",\"logo\":{\"@type\":\"ImageObject\",\"inLanguage\":\"en-CA\",\"@id\":\"https:\\\/\\\/perle-in.com\\\/#\\\/schema\\\/logo\\\/image\\\/\",\"url\":\"https:\\\/\\\/perle-in.com\\\/wp-content\\\/uploads\\\/2022\\\/12\\\/LOGO-PERLE-IN-COULEUR@3x.webp\",\"contentUrl\":\"https:\\\/\\\/perle-in.com\\\/wp-content\\\/uploads\\\/2022\\\/12\\\/LOGO-PERLE-IN-COULEUR@3x.webp\",\"width\":1600,\"height\":490,\"caption\":\"PERLE IN\"},\"image\":{\"@id\":\"https:\\\/\\\/perle-in.com\\\/#\\\/schema\\\/logo\\\/image\\\/\"}}]}<\/script>\n<!-- \/ Yoast SEO plugin. -->","yoast_head_json":{"title":"Planche \u00e0 d\u00e9couper Julienne en acacia avec poign\u00e9e - PERLE IN","robots":{"index":"noindex","follow":"follow","max-snippet":"max-snippet:-1","max-image-preview":"max-image-preview:large","max-video-preview":"max-video-preview:-1"},"og_locale":"en_US","og_type":"article","og_title":"Planche \u00e0 d\u00e9couper Julienne en acacia avec poign\u00e9e - PERLE IN","og_description":"Cette planche \u00e0 d\u00e9couper avec poign\u00e9e est \u00e0 la fois durable et \u00e9l\u00e9gante, fabriqu\u00e9e en bois d\u2019acacia de haute qualit\u00e9. Le grain de bois naturel ajoute une touche rustique \u00e0 votre cuisine, tandis que la poign\u00e9e ergonomique offre une grande maniabilit\u00e9. Parfaite pour hacher, trancher et servir, cette planche est un compl\u00e9ment polyvalent et fonctionnel \u00e0 toute cuisine.","og_url":"https:\/\/perle-in.com\/en\/product\/planche-a-decouper-julienne-en-acacia-avec-poignee\/","og_site_name":"PERLE IN","article_modified_time":"2025-10-16T05:43:11+00:00","og_image":[{"width":1600,"height":1600,"url":"https:\/\/perle-in.com\/wp-content\/uploads\/2025\/10\/12639271-1.jpg","type":"image\/jpeg"}],"twitter_card":"summary_large_image","schema":{"@context":"https:\/\/schema.org","@graph":[{"@type":"WebPage","@id":"https:\/\/perle-in.com\/produit\/planche-a-decouper-julienne-en-acacia-avec-poignee\/","url":"https:\/\/perle-in.com\/produit\/planche-a-decouper-julienne-en-acacia-avec-poignee\/","name":"Planche \u00e0 d\u00e9couper Julienne en acacia avec poign\u00e9e - PERLE IN","isPartOf":{"@id":"https:\/\/perle-in.com\/#website"},"primaryImageOfPage":{"@id":"https:\/\/perle-in.com\/produit\/planche-a-decouper-julienne-en-acacia-avec-poignee\/#primaryimage"},"image":{"@id":"https:\/\/perle-in.com\/produit\/planche-a-decouper-julienne-en-acacia-avec-poignee\/#primaryimage"},"thumbnailUrl":"https:\/\/perle-in.com\/wp-content\/uploads\/2025\/10\/12639271-1.jpg","datePublished":"2025-10-16T05:43:10+00:00","dateModified":"2025-10-16T05:43:11+00:00","breadcrumb":{"@id":"https:\/\/perle-in.com\/produit\/planche-a-decouper-julienne-en-acacia-avec-poignee\/#breadcrumb"},"inLanguage":"en-CA","potentialAction":[{"@type":"ReadAction","target":["https:\/\/perle-in.com\/produit\/planche-a-decouper-julienne-en-acacia-avec-poignee\/"]}]},{"@type":"ImageObject","inLanguage":"en-CA","@id":"https:\/\/perle-in.com\/produit\/planche-a-decouper-julienne-en-acacia-avec-poignee\/#primaryimage","url":"https:\/\/perle-in.com\/wp-content\/uploads\/2025\/10\/12639271-1.jpg","contentUrl":"https:\/\/perle-in.com\/wp-content\/uploads\/2025\/10\/12639271-1.jpg","width":1600,"height":1600},{"@type":"BreadcrumbList","@id":"https:\/\/perle-in.com\/produit\/planche-a-decouper-julienne-en-acacia-avec-poignee\/#breadcrumb","itemListElement":[{"@type":"ListItem","position":1,"name":"Accueil","item":"https:\/\/perle-in.com\/"},{"@type":"ListItem","position":2,"name":"Boutique","item":"https:\/\/perle-in.com\/boutique\/"},{"@type":"ListItem","position":3,"name":"Planche \u00e0 d\u00e9couper Julienne en acacia avec poign\u00e9e"}]},{"@type":"WebSite","@id":"https:\/\/perle-in.com\/#website","url":"https:\/\/perle-in.com\/","name":"PERLE IN","description":"","publisher":{"@id":"https:\/\/perle-in.com\/#organization"},"potentialAction":[{"@type":"SearchAction","target":{"@type":"EntryPoint","urlTemplate":"https:\/\/perle-in.com\/?s={search_term_string}"},"query-input":{"@type":"PropertyValueSpecification","valueRequired":true,"valueName":"search_term_string"}}],"inLanguage":"en-CA"},{"@type":"Organization","@id":"https:\/\/perle-in.com\/#organization","name":"PERLE IN","url":"https:\/\/perle-in.com\/","logo":{"@type":"ImageObject","inLanguage":"en-CA","@id":"https:\/\/perle-in.com\/#\/schema\/logo\/image\/","url":"https:\/\/perle-in.com\/wp-content\/uploads\/2022\/12\/LOGO-PERLE-IN-COULEUR@3x.webp","contentUrl":"https:\/\/perle-in.com\/wp-content\/uploads\/2022\/12\/LOGO-PERLE-IN-COULEUR@3x.webp","width":1600,"height":490,"caption":"PERLE IN"},"image":{"@id":"https:\/\/perle-in.com\/#\/schema\/logo\/image\/"}}]}},"jetpack_sharing_enabled":true,"_links":{"self":[{"href":"https:\/\/perle-in.com\/en\/wp-json\/wp\/v2\/product\/576907","targetHints":{"allow":["GET"]}}],"collection":[{"href":"https:\/\/perle-in.com\/en\/wp-json\/wp\/v2\/product"}],"about":[{"href":"https:\/\/perle-in.com\/en\/wp-json\/wp\/v2\/types\/product"}],"version-history":[{"count":0,"href":"https:\/\/perle-in.com\/en\/wp-json\/wp\/v2\/product\/576907\/revisions"}],"wp:featuredmedia":[{"embeddable":true,"href":"https:\/\/perle-in.com\/en\/wp-json\/wp\/v2\/media\/576903"}],"wp:attachment":[{"href":"https:\/\/perle-in.com\/en\/wp-json\/wp\/v2\/media?parent=576907"}],"wp:term":[{"taxonomy":"product_brand","embeddable":true,"href":"https:\/\/perle-in.com\/en\/wp-json\/wp\/v2\/product_brand?post=576907"},{"taxonomy":"product_cat","embeddable":true,"href":"https:\/\/perle-in.com\/en\/wp-json\/wp\/v2\/product_cat?post=576907"},{"taxonomy":"product_tag","embeddable":true,"href":"https:\/\/perle-in.com\/en\/wp-json\/wp\/v2\/product_tag?post=576907"}],"curies":[{"name":"wp","href":"https:\/\/api.w.org\/{rel}","templated":true}]}}