{"id":576882,"date":"2025-10-16T07:42:04","date_gmt":"2025-10-16T05:42:04","guid":{"rendered":"https:\/\/perle-in.com\/produit\/flacon-de-parfum-portable-filla-rechargeable-de-5-ml\/"},"modified":"2025-10-16T07:42:08","modified_gmt":"2025-10-16T05:42:08","slug":"flacon-de-parfum-portable-filla-rechargeable-de-5-ml","status":"publish","type":"product","link":"https:\/\/perle-in.com\/en\/product\/flacon-de-parfum-portable-filla-rechargeable-de-5-ml\/","title":{"rendered":"Flacon de parfum portable Filla rechargeable de 5\u00a0ml"},"content":{"rendered":"","protected":false},"excerpt":{"rendered":"<p>Rechargez votre parfum pr\u00e9f\u00e9r\u00e9 en toute simplicit\u00e9 gr\u00e2ce \u00e0 ce flacon de parfum compact et portable. Con\u00e7u pour \u00eatre pratique, il est parfait pour les voyages ou l\u2019usage quotidien, vous permettant d\u2019emporter votre parfum pr\u00e9f\u00e9r\u00e9 o\u00f9 que vous alliez. Simple \u00e0 utiliser et sans fuite, il vous permet de tirer le meilleur parti de votre parfum tout en r\u00e9duisant le gaspillage. Capacit\u00e9\u00a0: 5\u00a0ml.<\/p>","protected":false},"featured_media":576833,"template":"","meta":{"_eb_attr":""},"product_brand":[],"product_cat":[1104,390],"product_tag":[4101,3336,883,2762,291],"class_list":{"0":"post-576882","1":"product","2":"type-product","3":"status-publish","4":"has-post-thumbnail","6":"product_cat-hygiene-personnelle","7":"product_cat-sant-et-hygine-personnelle","8":"product_tag-fragrance","9":"product_tag-parfum","10":"product_tag-portable","11":"product_tag-recharge","12":"product_tag-voyage","13":"pa_couleurs-argent-mat","14":"pa_couleurs-bleu","15":"pa_couleurs-noir","16":"pa_couleurs-rouge","17":"pa_matiere-40-plastique-pp-60-aluminium","19":"first","20":"instock","21":"shipping-taxable","22":"purchasable","23":"product-type-variable"},"yoast_head":"<!-- This site is optimized with the Yoast SEO plugin v27.4 - https:\/\/yoast.com\/product\/yoast-seo-wordpress\/ -->\n<title>Flacon de parfum portable Filla rechargeable de 5\u00a0ml - PERLE IN<\/title>\n<meta name=\"robots\" content=\"noindex, follow, max-snippet:-1, max-image-preview:large, max-video-preview:-1\" \/>\n<meta property=\"og:locale\" content=\"en_US\" \/>\n<meta property=\"og:type\" content=\"article\" \/>\n<meta property=\"og:title\" content=\"Flacon de parfum portable Filla rechargeable de 5\u00a0ml - PERLE IN\" \/>\n<meta property=\"og:description\" content=\"Rechargez votre parfum pr\u00e9f\u00e9r\u00e9 en toute simplicit\u00e9 gr\u00e2ce \u00e0 ce flacon de parfum compact et portable. Con\u00e7u pour \u00eatre pratique, il est parfait pour les voyages ou l\u2019usage quotidien, vous permettant d\u2019emporter votre parfum pr\u00e9f\u00e9r\u00e9 o\u00f9 que vous alliez. Simple \u00e0 utiliser et sans fuite, il vous permet de tirer le meilleur parti de votre parfum tout en r\u00e9duisant le gaspillage. Capacit\u00e9\u00a0: 5\u00a0ml.\" \/>\n<meta property=\"og:url\" content=\"https:\/\/perle-in.com\/en\/product\/flacon-de-parfum-portable-filla-rechargeable-de-5-ml\/\" \/>\n<meta property=\"og:site_name\" content=\"PERLE IN\" \/>\n<meta property=\"article:modified_time\" content=\"2025-10-16T05:42:08+00:00\" \/>\n<meta property=\"og:image\" content=\"https:\/\/perle-in.com\/wp-content\/uploads\/2025\/10\/12637521-1.jpg\" \/>\n\t<meta property=\"og:image:width\" content=\"1600\" \/>\n\t<meta property=\"og:image:height\" content=\"1600\" \/>\n\t<meta property=\"og:image:type\" content=\"image\/jpeg\" \/>\n<meta name=\"twitter:card\" content=\"summary_large_image\" \/>\n<script type=\"application\/ld+json\" class=\"yoast-schema-graph\">{\"@context\":\"https:\\\/\\\/schema.org\",\"@graph\":[{\"@type\":\"WebPage\",\"@id\":\"https:\\\/\\\/perle-in.com\\\/produit\\\/flacon-de-parfum-portable-filla-rechargeable-de-5-ml\\\/\",\"url\":\"https:\\\/\\\/perle-in.com\\\/produit\\\/flacon-de-parfum-portable-filla-rechargeable-de-5-ml\\\/\",\"name\":\"Flacon de parfum portable Filla rechargeable de 5\u00a0ml - PERLE IN\",\"isPartOf\":{\"@id\":\"https:\\\/\\\/perle-in.com\\\/#website\"},\"primaryImageOfPage\":{\"@id\":\"https:\\\/\\\/perle-in.com\\\/produit\\\/flacon-de-parfum-portable-filla-rechargeable-de-5-ml\\\/#primaryimage\"},\"image\":{\"@id\":\"https:\\\/\\\/perle-in.com\\\/produit\\\/flacon-de-parfum-portable-filla-rechargeable-de-5-ml\\\/#primaryimage\"},\"thumbnailUrl\":\"https:\\\/\\\/perle-in.com\\\/wp-content\\\/uploads\\\/2025\\\/10\\\/12637521-1.jpg\",\"datePublished\":\"2025-10-16T05:42:04+00:00\",\"dateModified\":\"2025-10-16T05:42:08+00:00\",\"breadcrumb\":{\"@id\":\"https:\\\/\\\/perle-in.com\\\/produit\\\/flacon-de-parfum-portable-filla-rechargeable-de-5-ml\\\/#breadcrumb\"},\"inLanguage\":\"en-CA\",\"potentialAction\":[{\"@type\":\"ReadAction\",\"target\":[\"https:\\\/\\\/perle-in.com\\\/produit\\\/flacon-de-parfum-portable-filla-rechargeable-de-5-ml\\\/\"]}]},{\"@type\":\"ImageObject\",\"inLanguage\":\"en-CA\",\"@id\":\"https:\\\/\\\/perle-in.com\\\/produit\\\/flacon-de-parfum-portable-filla-rechargeable-de-5-ml\\\/#primaryimage\",\"url\":\"https:\\\/\\\/perle-in.com\\\/wp-content\\\/uploads\\\/2025\\\/10\\\/12637521-1.jpg\",\"contentUrl\":\"https:\\\/\\\/perle-in.com\\\/wp-content\\\/uploads\\\/2025\\\/10\\\/12637521-1.jpg\",\"width\":1600,\"height\":1600},{\"@type\":\"BreadcrumbList\",\"@id\":\"https:\\\/\\\/perle-in.com\\\/produit\\\/flacon-de-parfum-portable-filla-rechargeable-de-5-ml\\\/#breadcrumb\",\"itemListElement\":[{\"@type\":\"ListItem\",\"position\":1,\"name\":\"Accueil\",\"item\":\"https:\\\/\\\/perle-in.com\\\/\"},{\"@type\":\"ListItem\",\"position\":2,\"name\":\"Boutique\",\"item\":\"https:\\\/\\\/perle-in.com\\\/boutique\\\/\"},{\"@type\":\"ListItem\",\"position\":3,\"name\":\"Flacon de parfum portable Filla rechargeable de 5\u00a0ml\"}]},{\"@type\":\"WebSite\",\"@id\":\"https:\\\/\\\/perle-in.com\\\/#website\",\"url\":\"https:\\\/\\\/perle-in.com\\\/\",\"name\":\"PERLE IN\",\"description\":\"\",\"publisher\":{\"@id\":\"https:\\\/\\\/perle-in.com\\\/#organization\"},\"potentialAction\":[{\"@type\":\"SearchAction\",\"target\":{\"@type\":\"EntryPoint\",\"urlTemplate\":\"https:\\\/\\\/perle-in.com\\\/?s={search_term_string}\"},\"query-input\":{\"@type\":\"PropertyValueSpecification\",\"valueRequired\":true,\"valueName\":\"search_term_string\"}}],\"inLanguage\":\"en-CA\"},{\"@type\":\"Organization\",\"@id\":\"https:\\\/\\\/perle-in.com\\\/#organization\",\"name\":\"PERLE IN\",\"url\":\"https:\\\/\\\/perle-in.com\\\/\",\"logo\":{\"@type\":\"ImageObject\",\"inLanguage\":\"en-CA\",\"@id\":\"https:\\\/\\\/perle-in.com\\\/#\\\/schema\\\/logo\\\/image\\\/\",\"url\":\"https:\\\/\\\/perle-in.com\\\/wp-content\\\/uploads\\\/2022\\\/12\\\/LOGO-PERLE-IN-COULEUR@3x.webp\",\"contentUrl\":\"https:\\\/\\\/perle-in.com\\\/wp-content\\\/uploads\\\/2022\\\/12\\\/LOGO-PERLE-IN-COULEUR@3x.webp\",\"width\":1600,\"height\":490,\"caption\":\"PERLE IN\"},\"image\":{\"@id\":\"https:\\\/\\\/perle-in.com\\\/#\\\/schema\\\/logo\\\/image\\\/\"}}]}<\/script>\n<!-- \/ Yoast SEO plugin. -->","yoast_head_json":{"title":"Flacon de parfum portable Filla rechargeable de 5\u00a0ml - PERLE IN","robots":{"index":"noindex","follow":"follow","max-snippet":"max-snippet:-1","max-image-preview":"max-image-preview:large","max-video-preview":"max-video-preview:-1"},"og_locale":"en_US","og_type":"article","og_title":"Flacon de parfum portable Filla rechargeable de 5\u00a0ml - PERLE IN","og_description":"Rechargez votre parfum pr\u00e9f\u00e9r\u00e9 en toute simplicit\u00e9 gr\u00e2ce \u00e0 ce flacon de parfum compact et portable. Con\u00e7u pour \u00eatre pratique, il est parfait pour les voyages ou l\u2019usage quotidien, vous permettant d\u2019emporter votre parfum pr\u00e9f\u00e9r\u00e9 o\u00f9 que vous alliez. Simple \u00e0 utiliser et sans fuite, il vous permet de tirer le meilleur parti de votre parfum tout en r\u00e9duisant le gaspillage. Capacit\u00e9\u00a0: 5\u00a0ml.","og_url":"https:\/\/perle-in.com\/en\/product\/flacon-de-parfum-portable-filla-rechargeable-de-5-ml\/","og_site_name":"PERLE IN","article_modified_time":"2025-10-16T05:42:08+00:00","og_image":[{"width":1600,"height":1600,"url":"https:\/\/perle-in.com\/wp-content\/uploads\/2025\/10\/12637521-1.jpg","type":"image\/jpeg"}],"twitter_card":"summary_large_image","schema":{"@context":"https:\/\/schema.org","@graph":[{"@type":"WebPage","@id":"https:\/\/perle-in.com\/produit\/flacon-de-parfum-portable-filla-rechargeable-de-5-ml\/","url":"https:\/\/perle-in.com\/produit\/flacon-de-parfum-portable-filla-rechargeable-de-5-ml\/","name":"Flacon de parfum portable Filla rechargeable de 5\u00a0ml - PERLE IN","isPartOf":{"@id":"https:\/\/perle-in.com\/#website"},"primaryImageOfPage":{"@id":"https:\/\/perle-in.com\/produit\/flacon-de-parfum-portable-filla-rechargeable-de-5-ml\/#primaryimage"},"image":{"@id":"https:\/\/perle-in.com\/produit\/flacon-de-parfum-portable-filla-rechargeable-de-5-ml\/#primaryimage"},"thumbnailUrl":"https:\/\/perle-in.com\/wp-content\/uploads\/2025\/10\/12637521-1.jpg","datePublished":"2025-10-16T05:42:04+00:00","dateModified":"2025-10-16T05:42:08+00:00","breadcrumb":{"@id":"https:\/\/perle-in.com\/produit\/flacon-de-parfum-portable-filla-rechargeable-de-5-ml\/#breadcrumb"},"inLanguage":"en-CA","potentialAction":[{"@type":"ReadAction","target":["https:\/\/perle-in.com\/produit\/flacon-de-parfum-portable-filla-rechargeable-de-5-ml\/"]}]},{"@type":"ImageObject","inLanguage":"en-CA","@id":"https:\/\/perle-in.com\/produit\/flacon-de-parfum-portable-filla-rechargeable-de-5-ml\/#primaryimage","url":"https:\/\/perle-in.com\/wp-content\/uploads\/2025\/10\/12637521-1.jpg","contentUrl":"https:\/\/perle-in.com\/wp-content\/uploads\/2025\/10\/12637521-1.jpg","width":1600,"height":1600},{"@type":"BreadcrumbList","@id":"https:\/\/perle-in.com\/produit\/flacon-de-parfum-portable-filla-rechargeable-de-5-ml\/#breadcrumb","itemListElement":[{"@type":"ListItem","position":1,"name":"Accueil","item":"https:\/\/perle-in.com\/"},{"@type":"ListItem","position":2,"name":"Boutique","item":"https:\/\/perle-in.com\/boutique\/"},{"@type":"ListItem","position":3,"name":"Flacon de parfum portable Filla rechargeable de 5\u00a0ml"}]},{"@type":"WebSite","@id":"https:\/\/perle-in.com\/#website","url":"https:\/\/perle-in.com\/","name":"PERLE IN","description":"","publisher":{"@id":"https:\/\/perle-in.com\/#organization"},"potentialAction":[{"@type":"SearchAction","target":{"@type":"EntryPoint","urlTemplate":"https:\/\/perle-in.com\/?s={search_term_string}"},"query-input":{"@type":"PropertyValueSpecification","valueRequired":true,"valueName":"search_term_string"}}],"inLanguage":"en-CA"},{"@type":"Organization","@id":"https:\/\/perle-in.com\/#organization","name":"PERLE IN","url":"https:\/\/perle-in.com\/","logo":{"@type":"ImageObject","inLanguage":"en-CA","@id":"https:\/\/perle-in.com\/#\/schema\/logo\/image\/","url":"https:\/\/perle-in.com\/wp-content\/uploads\/2022\/12\/LOGO-PERLE-IN-COULEUR@3x.webp","contentUrl":"https:\/\/perle-in.com\/wp-content\/uploads\/2022\/12\/LOGO-PERLE-IN-COULEUR@3x.webp","width":1600,"height":490,"caption":"PERLE IN"},"image":{"@id":"https:\/\/perle-in.com\/#\/schema\/logo\/image\/"}}]}},"jetpack_sharing_enabled":true,"_links":{"self":[{"href":"https:\/\/perle-in.com\/en\/wp-json\/wp\/v2\/product\/576882","targetHints":{"allow":["GET"]}}],"collection":[{"href":"https:\/\/perle-in.com\/en\/wp-json\/wp\/v2\/product"}],"about":[{"href":"https:\/\/perle-in.com\/en\/wp-json\/wp\/v2\/types\/product"}],"version-history":[{"count":0,"href":"https:\/\/perle-in.com\/en\/wp-json\/wp\/v2\/product\/576882\/revisions"}],"wp:featuredmedia":[{"embeddable":true,"href":"https:\/\/perle-in.com\/en\/wp-json\/wp\/v2\/media\/576833"}],"wp:attachment":[{"href":"https:\/\/perle-in.com\/en\/wp-json\/wp\/v2\/media?parent=576882"}],"wp:term":[{"taxonomy":"product_brand","embeddable":true,"href":"https:\/\/perle-in.com\/en\/wp-json\/wp\/v2\/product_brand?post=576882"},{"taxonomy":"product_cat","embeddable":true,"href":"https:\/\/perle-in.com\/en\/wp-json\/wp\/v2\/product_cat?post=576882"},{"taxonomy":"product_tag","embeddable":true,"href":"https:\/\/perle-in.com\/en\/wp-json\/wp\/v2\/product_tag?post=576882"}],"curies":[{"name":"wp","href":"https:\/\/api.w.org\/{rel}","templated":true}]}}