{"id":576879,"date":"2025-10-16T07:41:53","date_gmt":"2025-10-16T05:41:53","guid":{"rendered":"https:\/\/perle-in.com\/produit\/pilulier-semainier-multi-vitamines-matin-apres-midi-cycle\/"},"modified":"2025-10-16T07:41:55","modified_gmt":"2025-10-16T05:41:55","slug":"pilulier-semainier-multi-vitamines-matin-apres-midi-cycle","status":"publish","type":"product","link":"https:\/\/perle-in.com\/en\/product\/pilulier-semainier-multi-vitamines-matin-apres-midi-cycle\/","title":{"rendered":"Pilulier semainier multi-vitamines matin\/apr\u00e8s-midi Cycle"},"content":{"rendered":"","protected":false},"excerpt":{"rendered":"<p>Restez organis\u00e9 et r\u00e9gulier avec ce pilulier multi-vitamines, con\u00e7u pour effectuer un bon suivi de vos compl\u00e9ments alimentaires quotidiens. Il comporte des compartiments s\u00e9par\u00e9s pour les doses du matin et du soir, du lundi au dimanche, afin que vous ne manquiez jamais une dose. Compact et durable, il est parfait pour les voyages et l\u2019usage quotidien, facilitant le transport et le stockage de vos vitamines.<\/p>","protected":false},"featured_media":576826,"template":"","meta":{"_eb_attr":""},"product_brand":[],"product_cat":[1104,390],"product_tag":[1114,4098,2016,4097,4096,4095],"class_list":{"0":"post-576879","1":"product","2":"type-product","3":"status-publish","4":"has-post-thumbnail","6":"product_cat-hygiene-personnelle","7":"product_cat-sant-et-hygine-personnelle","8":"product_tag-etui","9":"product_tag-medicament","10":"product_tag-organisateur","11":"product_tag-pilule","12":"product_tag-pilulier","13":"product_tag-vitamine","14":"pa_couleurs-bleu","15":"pa_couleurs-rouge","17":"first","18":"instock","19":"shipping-taxable","20":"purchasable","21":"product-type-variable"},"yoast_head":"<!-- This site is optimized with the Yoast SEO plugin v27.4 - https:\/\/yoast.com\/product\/yoast-seo-wordpress\/ -->\n<title>Pilulier semainier multi-vitamines matin\/apr\u00e8s-midi Cycle - PERLE IN<\/title>\n<meta name=\"robots\" content=\"noindex, follow, max-snippet:-1, max-image-preview:large, max-video-preview:-1\" \/>\n<meta property=\"og:locale\" content=\"en_US\" \/>\n<meta property=\"og:type\" content=\"article\" \/>\n<meta property=\"og:title\" content=\"Pilulier semainier multi-vitamines matin\/apr\u00e8s-midi Cycle - PERLE IN\" \/>\n<meta property=\"og:description\" content=\"Restez organis\u00e9 et r\u00e9gulier avec ce pilulier multi-vitamines, con\u00e7u pour effectuer un bon suivi de vos compl\u00e9ments alimentaires quotidiens. Il comporte des compartiments s\u00e9par\u00e9s pour les doses du matin et du soir, du lundi au dimanche, afin que vous ne manquiez jamais une dose. Compact et durable, il est parfait pour les voyages et l\u2019usage quotidien, facilitant le transport et le stockage de vos vitamines.\" \/>\n<meta property=\"og:url\" content=\"https:\/\/perle-in.com\/en\/product\/pilulier-semainier-multi-vitamines-matin-apres-midi-cycle\/\" \/>\n<meta property=\"og:site_name\" content=\"PERLE IN\" \/>\n<meta property=\"article:modified_time\" content=\"2025-10-16T05:41:55+00:00\" \/>\n<meta property=\"og:image\" content=\"https:\/\/perle-in.com\/wp-content\/uploads\/2025\/10\/12637421-1.jpg\" \/>\n\t<meta property=\"og:image:width\" content=\"1600\" \/>\n\t<meta property=\"og:image:height\" content=\"1600\" \/>\n\t<meta property=\"og:image:type\" content=\"image\/jpeg\" \/>\n<meta name=\"twitter:card\" content=\"summary_large_image\" \/>\n<script type=\"application\/ld+json\" class=\"yoast-schema-graph\">{\"@context\":\"https:\\\/\\\/schema.org\",\"@graph\":[{\"@type\":\"WebPage\",\"@id\":\"https:\\\/\\\/perle-in.com\\\/produit\\\/pilulier-semainier-multi-vitamines-matin-apres-midi-cycle\\\/\",\"url\":\"https:\\\/\\\/perle-in.com\\\/produit\\\/pilulier-semainier-multi-vitamines-matin-apres-midi-cycle\\\/\",\"name\":\"Pilulier semainier multi-vitamines matin\\\/apr\u00e8s-midi Cycle - PERLE IN\",\"isPartOf\":{\"@id\":\"https:\\\/\\\/perle-in.com\\\/#website\"},\"primaryImageOfPage\":{\"@id\":\"https:\\\/\\\/perle-in.com\\\/produit\\\/pilulier-semainier-multi-vitamines-matin-apres-midi-cycle\\\/#primaryimage\"},\"image\":{\"@id\":\"https:\\\/\\\/perle-in.com\\\/produit\\\/pilulier-semainier-multi-vitamines-matin-apres-midi-cycle\\\/#primaryimage\"},\"thumbnailUrl\":\"https:\\\/\\\/perle-in.com\\\/wp-content\\\/uploads\\\/2025\\\/10\\\/12637421-1.jpg\",\"datePublished\":\"2025-10-16T05:41:53+00:00\",\"dateModified\":\"2025-10-16T05:41:55+00:00\",\"breadcrumb\":{\"@id\":\"https:\\\/\\\/perle-in.com\\\/produit\\\/pilulier-semainier-multi-vitamines-matin-apres-midi-cycle\\\/#breadcrumb\"},\"inLanguage\":\"en-CA\",\"potentialAction\":[{\"@type\":\"ReadAction\",\"target\":[\"https:\\\/\\\/perle-in.com\\\/produit\\\/pilulier-semainier-multi-vitamines-matin-apres-midi-cycle\\\/\"]}]},{\"@type\":\"ImageObject\",\"inLanguage\":\"en-CA\",\"@id\":\"https:\\\/\\\/perle-in.com\\\/produit\\\/pilulier-semainier-multi-vitamines-matin-apres-midi-cycle\\\/#primaryimage\",\"url\":\"https:\\\/\\\/perle-in.com\\\/wp-content\\\/uploads\\\/2025\\\/10\\\/12637421-1.jpg\",\"contentUrl\":\"https:\\\/\\\/perle-in.com\\\/wp-content\\\/uploads\\\/2025\\\/10\\\/12637421-1.jpg\",\"width\":1600,\"height\":1600},{\"@type\":\"BreadcrumbList\",\"@id\":\"https:\\\/\\\/perle-in.com\\\/produit\\\/pilulier-semainier-multi-vitamines-matin-apres-midi-cycle\\\/#breadcrumb\",\"itemListElement\":[{\"@type\":\"ListItem\",\"position\":1,\"name\":\"Accueil\",\"item\":\"https:\\\/\\\/perle-in.com\\\/\"},{\"@type\":\"ListItem\",\"position\":2,\"name\":\"Boutique\",\"item\":\"https:\\\/\\\/perle-in.com\\\/boutique\\\/\"},{\"@type\":\"ListItem\",\"position\":3,\"name\":\"Pilulier semainier multi-vitamines matin\\\/apr\u00e8s-midi Cycle\"}]},{\"@type\":\"WebSite\",\"@id\":\"https:\\\/\\\/perle-in.com\\\/#website\",\"url\":\"https:\\\/\\\/perle-in.com\\\/\",\"name\":\"PERLE IN\",\"description\":\"\",\"publisher\":{\"@id\":\"https:\\\/\\\/perle-in.com\\\/#organization\"},\"potentialAction\":[{\"@type\":\"SearchAction\",\"target\":{\"@type\":\"EntryPoint\",\"urlTemplate\":\"https:\\\/\\\/perle-in.com\\\/?s={search_term_string}\"},\"query-input\":{\"@type\":\"PropertyValueSpecification\",\"valueRequired\":true,\"valueName\":\"search_term_string\"}}],\"inLanguage\":\"en-CA\"},{\"@type\":\"Organization\",\"@id\":\"https:\\\/\\\/perle-in.com\\\/#organization\",\"name\":\"PERLE IN\",\"url\":\"https:\\\/\\\/perle-in.com\\\/\",\"logo\":{\"@type\":\"ImageObject\",\"inLanguage\":\"en-CA\",\"@id\":\"https:\\\/\\\/perle-in.com\\\/#\\\/schema\\\/logo\\\/image\\\/\",\"url\":\"https:\\\/\\\/perle-in.com\\\/wp-content\\\/uploads\\\/2022\\\/12\\\/LOGO-PERLE-IN-COULEUR@3x.webp\",\"contentUrl\":\"https:\\\/\\\/perle-in.com\\\/wp-content\\\/uploads\\\/2022\\\/12\\\/LOGO-PERLE-IN-COULEUR@3x.webp\",\"width\":1600,\"height\":490,\"caption\":\"PERLE IN\"},\"image\":{\"@id\":\"https:\\\/\\\/perle-in.com\\\/#\\\/schema\\\/logo\\\/image\\\/\"}}]}<\/script>\n<!-- \/ Yoast SEO plugin. -->","yoast_head_json":{"title":"Pilulier semainier multi-vitamines matin\/apr\u00e8s-midi Cycle - PERLE IN","robots":{"index":"noindex","follow":"follow","max-snippet":"max-snippet:-1","max-image-preview":"max-image-preview:large","max-video-preview":"max-video-preview:-1"},"og_locale":"en_US","og_type":"article","og_title":"Pilulier semainier multi-vitamines matin\/apr\u00e8s-midi Cycle - PERLE IN","og_description":"Restez organis\u00e9 et r\u00e9gulier avec ce pilulier multi-vitamines, con\u00e7u pour effectuer un bon suivi de vos compl\u00e9ments alimentaires quotidiens. Il comporte des compartiments s\u00e9par\u00e9s pour les doses du matin et du soir, du lundi au dimanche, afin que vous ne manquiez jamais une dose. Compact et durable, il est parfait pour les voyages et l\u2019usage quotidien, facilitant le transport et le stockage de vos vitamines.","og_url":"https:\/\/perle-in.com\/en\/product\/pilulier-semainier-multi-vitamines-matin-apres-midi-cycle\/","og_site_name":"PERLE IN","article_modified_time":"2025-10-16T05:41:55+00:00","og_image":[{"width":1600,"height":1600,"url":"https:\/\/perle-in.com\/wp-content\/uploads\/2025\/10\/12637421-1.jpg","type":"image\/jpeg"}],"twitter_card":"summary_large_image","schema":{"@context":"https:\/\/schema.org","@graph":[{"@type":"WebPage","@id":"https:\/\/perle-in.com\/produit\/pilulier-semainier-multi-vitamines-matin-apres-midi-cycle\/","url":"https:\/\/perle-in.com\/produit\/pilulier-semainier-multi-vitamines-matin-apres-midi-cycle\/","name":"Pilulier semainier multi-vitamines matin\/apr\u00e8s-midi Cycle - PERLE IN","isPartOf":{"@id":"https:\/\/perle-in.com\/#website"},"primaryImageOfPage":{"@id":"https:\/\/perle-in.com\/produit\/pilulier-semainier-multi-vitamines-matin-apres-midi-cycle\/#primaryimage"},"image":{"@id":"https:\/\/perle-in.com\/produit\/pilulier-semainier-multi-vitamines-matin-apres-midi-cycle\/#primaryimage"},"thumbnailUrl":"https:\/\/perle-in.com\/wp-content\/uploads\/2025\/10\/12637421-1.jpg","datePublished":"2025-10-16T05:41:53+00:00","dateModified":"2025-10-16T05:41:55+00:00","breadcrumb":{"@id":"https:\/\/perle-in.com\/produit\/pilulier-semainier-multi-vitamines-matin-apres-midi-cycle\/#breadcrumb"},"inLanguage":"en-CA","potentialAction":[{"@type":"ReadAction","target":["https:\/\/perle-in.com\/produit\/pilulier-semainier-multi-vitamines-matin-apres-midi-cycle\/"]}]},{"@type":"ImageObject","inLanguage":"en-CA","@id":"https:\/\/perle-in.com\/produit\/pilulier-semainier-multi-vitamines-matin-apres-midi-cycle\/#primaryimage","url":"https:\/\/perle-in.com\/wp-content\/uploads\/2025\/10\/12637421-1.jpg","contentUrl":"https:\/\/perle-in.com\/wp-content\/uploads\/2025\/10\/12637421-1.jpg","width":1600,"height":1600},{"@type":"BreadcrumbList","@id":"https:\/\/perle-in.com\/produit\/pilulier-semainier-multi-vitamines-matin-apres-midi-cycle\/#breadcrumb","itemListElement":[{"@type":"ListItem","position":1,"name":"Accueil","item":"https:\/\/perle-in.com\/"},{"@type":"ListItem","position":2,"name":"Boutique","item":"https:\/\/perle-in.com\/boutique\/"},{"@type":"ListItem","position":3,"name":"Pilulier semainier multi-vitamines matin\/apr\u00e8s-midi Cycle"}]},{"@type":"WebSite","@id":"https:\/\/perle-in.com\/#website","url":"https:\/\/perle-in.com\/","name":"PERLE IN","description":"","publisher":{"@id":"https:\/\/perle-in.com\/#organization"},"potentialAction":[{"@type":"SearchAction","target":{"@type":"EntryPoint","urlTemplate":"https:\/\/perle-in.com\/?s={search_term_string}"},"query-input":{"@type":"PropertyValueSpecification","valueRequired":true,"valueName":"search_term_string"}}],"inLanguage":"en-CA"},{"@type":"Organization","@id":"https:\/\/perle-in.com\/#organization","name":"PERLE IN","url":"https:\/\/perle-in.com\/","logo":{"@type":"ImageObject","inLanguage":"en-CA","@id":"https:\/\/perle-in.com\/#\/schema\/logo\/image\/","url":"https:\/\/perle-in.com\/wp-content\/uploads\/2022\/12\/LOGO-PERLE-IN-COULEUR@3x.webp","contentUrl":"https:\/\/perle-in.com\/wp-content\/uploads\/2022\/12\/LOGO-PERLE-IN-COULEUR@3x.webp","width":1600,"height":490,"caption":"PERLE IN"},"image":{"@id":"https:\/\/perle-in.com\/#\/schema\/logo\/image\/"}}]}},"jetpack_sharing_enabled":true,"_links":{"self":[{"href":"https:\/\/perle-in.com\/en\/wp-json\/wp\/v2\/product\/576879","targetHints":{"allow":["GET"]}}],"collection":[{"href":"https:\/\/perle-in.com\/en\/wp-json\/wp\/v2\/product"}],"about":[{"href":"https:\/\/perle-in.com\/en\/wp-json\/wp\/v2\/types\/product"}],"version-history":[{"count":0,"href":"https:\/\/perle-in.com\/en\/wp-json\/wp\/v2\/product\/576879\/revisions"}],"wp:featuredmedia":[{"embeddable":true,"href":"https:\/\/perle-in.com\/en\/wp-json\/wp\/v2\/media\/576826"}],"wp:attachment":[{"href":"https:\/\/perle-in.com\/en\/wp-json\/wp\/v2\/media?parent=576879"}],"wp:term":[{"taxonomy":"product_brand","embeddable":true,"href":"https:\/\/perle-in.com\/en\/wp-json\/wp\/v2\/product_brand?post=576879"},{"taxonomy":"product_cat","embeddable":true,"href":"https:\/\/perle-in.com\/en\/wp-json\/wp\/v2\/product_cat?post=576879"},{"taxonomy":"product_tag","embeddable":true,"href":"https:\/\/perle-in.com\/en\/wp-json\/wp\/v2\/product_tag?post=576879"}],"curies":[{"name":"wp","href":"https:\/\/api.w.org\/{rel}","templated":true}]}}