{"id":576789,"date":"2025-10-16T07:16:25","date_gmt":"2025-10-16T05:16:25","guid":{"rendered":"https:\/\/perle-in.com\/produit\/dessous-de-plat-croc-en-bambou-petit-format\/"},"modified":"2025-10-16T07:16:27","modified_gmt":"2025-10-16T05:16:27","slug":"dessous-de-plat-croc-en-bambou-petit-format","status":"publish","type":"product","link":"https:\/\/perle-in.com\/en\/product\/dessous-de-plat-croc-en-bambou-petit-format\/","title":{"rendered":"Dessous de plat Croc en bambou &#8211; petit format"},"content":{"rendered":"","protected":false},"excerpt":{"rendered":"<p>Le petit dessous de plat en bambou Croc offre un moyen pratique et \u00e9l\u00e9gant de prot\u00e9ger les comptoirs et les tables des casseroles et plats chauds. Son design naturel ajoute une touche d\u2019\u00e9l\u00e9gance, tout en garantissant que les surfaces restent s\u00fbres et exemptes de rayures. Diam\u00e8tre du dessous de plat\u00a0: 11,5\u00a0cm.<\/p>","protected":false},"featured_media":576785,"template":"","meta":{"_eb_attr":""},"product_brand":[],"product_cat":[150,878],"product_tag":[1146,861,4083,4084,4086,4085],"class_list":{"0":"post-576789","1":"product","2":"type-product","3":"status-publish","4":"has-post-thumbnail","6":"product_cat-maison-et-cuisine","7":"product_cat-ustensiles-de-cuisine","8":"product_tag-alimentation","9":"product_tag-cuisine","10":"product_tag-dessous-de-plat","11":"product_tag-plat-chaud","12":"product_tag-protecteur-de-table","13":"product_tag-tapis-chauffant","14":"pa_couleurs-naturel","16":"first","17":"instock","18":"shipping-taxable","19":"purchasable","20":"product-type-variable"},"yoast_head":"<!-- This site is optimized with the Yoast SEO plugin v27.4 - https:\/\/yoast.com\/product\/yoast-seo-wordpress\/ -->\n<title>Dessous de plat Croc en bambou - petit format - PERLE IN<\/title>\n<meta name=\"robots\" content=\"noindex, follow, max-snippet:-1, max-image-preview:large, max-video-preview:-1\" \/>\n<meta property=\"og:locale\" content=\"en_US\" \/>\n<meta property=\"og:type\" content=\"article\" \/>\n<meta property=\"og:title\" content=\"Dessous de plat Croc en bambou - petit format - PERLE IN\" \/>\n<meta property=\"og:description\" content=\"Le petit dessous de plat en bambou Croc offre un moyen pratique et \u00e9l\u00e9gant de prot\u00e9ger les comptoirs et les tables des casseroles et plats chauds. Son design naturel ajoute une touche d\u2019\u00e9l\u00e9gance, tout en garantissant que les surfaces restent s\u00fbres et exemptes de rayures. Diam\u00e8tre du dessous de plat\u00a0: 11,5\u00a0cm.\" \/>\n<meta property=\"og:url\" content=\"https:\/\/perle-in.com\/en\/product\/dessous-de-plat-croc-en-bambou-petit-format\/\" \/>\n<meta property=\"og:site_name\" content=\"PERLE IN\" \/>\n<meta property=\"article:modified_time\" content=\"2025-10-16T05:16:27+00:00\" \/>\n<meta property=\"og:image\" content=\"https:\/\/perle-in.com\/wp-content\/uploads\/2025\/10\/12636206-1.jpg\" \/>\n\t<meta property=\"og:image:width\" content=\"1600\" \/>\n\t<meta property=\"og:image:height\" content=\"1600\" \/>\n\t<meta property=\"og:image:type\" content=\"image\/jpeg\" \/>\n<meta name=\"twitter:card\" content=\"summary_large_image\" \/>\n<script type=\"application\/ld+json\" class=\"yoast-schema-graph\">{\"@context\":\"https:\\\/\\\/schema.org\",\"@graph\":[{\"@type\":\"WebPage\",\"@id\":\"https:\\\/\\\/perle-in.com\\\/produit\\\/dessous-de-plat-croc-en-bambou-petit-format\\\/\",\"url\":\"https:\\\/\\\/perle-in.com\\\/produit\\\/dessous-de-plat-croc-en-bambou-petit-format\\\/\",\"name\":\"Dessous de plat Croc en bambou - petit format - PERLE IN\",\"isPartOf\":{\"@id\":\"https:\\\/\\\/perle-in.com\\\/#website\"},\"primaryImageOfPage\":{\"@id\":\"https:\\\/\\\/perle-in.com\\\/produit\\\/dessous-de-plat-croc-en-bambou-petit-format\\\/#primaryimage\"},\"image\":{\"@id\":\"https:\\\/\\\/perle-in.com\\\/produit\\\/dessous-de-plat-croc-en-bambou-petit-format\\\/#primaryimage\"},\"thumbnailUrl\":\"https:\\\/\\\/perle-in.com\\\/wp-content\\\/uploads\\\/2025\\\/10\\\/12636206-1.jpg\",\"datePublished\":\"2025-10-16T05:16:25+00:00\",\"dateModified\":\"2025-10-16T05:16:27+00:00\",\"breadcrumb\":{\"@id\":\"https:\\\/\\\/perle-in.com\\\/produit\\\/dessous-de-plat-croc-en-bambou-petit-format\\\/#breadcrumb\"},\"inLanguage\":\"en-CA\",\"potentialAction\":[{\"@type\":\"ReadAction\",\"target\":[\"https:\\\/\\\/perle-in.com\\\/produit\\\/dessous-de-plat-croc-en-bambou-petit-format\\\/\"]}]},{\"@type\":\"ImageObject\",\"inLanguage\":\"en-CA\",\"@id\":\"https:\\\/\\\/perle-in.com\\\/produit\\\/dessous-de-plat-croc-en-bambou-petit-format\\\/#primaryimage\",\"url\":\"https:\\\/\\\/perle-in.com\\\/wp-content\\\/uploads\\\/2025\\\/10\\\/12636206-1.jpg\",\"contentUrl\":\"https:\\\/\\\/perle-in.com\\\/wp-content\\\/uploads\\\/2025\\\/10\\\/12636206-1.jpg\",\"width\":1600,\"height\":1600},{\"@type\":\"BreadcrumbList\",\"@id\":\"https:\\\/\\\/perle-in.com\\\/produit\\\/dessous-de-plat-croc-en-bambou-petit-format\\\/#breadcrumb\",\"itemListElement\":[{\"@type\":\"ListItem\",\"position\":1,\"name\":\"Accueil\",\"item\":\"https:\\\/\\\/perle-in.com\\\/\"},{\"@type\":\"ListItem\",\"position\":2,\"name\":\"Boutique\",\"item\":\"https:\\\/\\\/perle-in.com\\\/boutique\\\/\"},{\"@type\":\"ListItem\",\"position\":3,\"name\":\"Dessous de plat Croc en bambou &#8211; petit format\"}]},{\"@type\":\"WebSite\",\"@id\":\"https:\\\/\\\/perle-in.com\\\/#website\",\"url\":\"https:\\\/\\\/perle-in.com\\\/\",\"name\":\"PERLE IN\",\"description\":\"\",\"publisher\":{\"@id\":\"https:\\\/\\\/perle-in.com\\\/#organization\"},\"potentialAction\":[{\"@type\":\"SearchAction\",\"target\":{\"@type\":\"EntryPoint\",\"urlTemplate\":\"https:\\\/\\\/perle-in.com\\\/?s={search_term_string}\"},\"query-input\":{\"@type\":\"PropertyValueSpecification\",\"valueRequired\":true,\"valueName\":\"search_term_string\"}}],\"inLanguage\":\"en-CA\"},{\"@type\":\"Organization\",\"@id\":\"https:\\\/\\\/perle-in.com\\\/#organization\",\"name\":\"PERLE IN\",\"url\":\"https:\\\/\\\/perle-in.com\\\/\",\"logo\":{\"@type\":\"ImageObject\",\"inLanguage\":\"en-CA\",\"@id\":\"https:\\\/\\\/perle-in.com\\\/#\\\/schema\\\/logo\\\/image\\\/\",\"url\":\"https:\\\/\\\/perle-in.com\\\/wp-content\\\/uploads\\\/2022\\\/12\\\/LOGO-PERLE-IN-COULEUR@3x.webp\",\"contentUrl\":\"https:\\\/\\\/perle-in.com\\\/wp-content\\\/uploads\\\/2022\\\/12\\\/LOGO-PERLE-IN-COULEUR@3x.webp\",\"width\":1600,\"height\":490,\"caption\":\"PERLE IN\"},\"image\":{\"@id\":\"https:\\\/\\\/perle-in.com\\\/#\\\/schema\\\/logo\\\/image\\\/\"}}]}<\/script>\n<!-- \/ Yoast SEO plugin. -->","yoast_head_json":{"title":"Dessous de plat Croc en bambou - petit format - PERLE IN","robots":{"index":"noindex","follow":"follow","max-snippet":"max-snippet:-1","max-image-preview":"max-image-preview:large","max-video-preview":"max-video-preview:-1"},"og_locale":"en_US","og_type":"article","og_title":"Dessous de plat Croc en bambou - petit format - PERLE IN","og_description":"Le petit dessous de plat en bambou Croc offre un moyen pratique et \u00e9l\u00e9gant de prot\u00e9ger les comptoirs et les tables des casseroles et plats chauds. Son design naturel ajoute une touche d\u2019\u00e9l\u00e9gance, tout en garantissant que les surfaces restent s\u00fbres et exemptes de rayures. Diam\u00e8tre du dessous de plat\u00a0: 11,5\u00a0cm.","og_url":"https:\/\/perle-in.com\/en\/product\/dessous-de-plat-croc-en-bambou-petit-format\/","og_site_name":"PERLE IN","article_modified_time":"2025-10-16T05:16:27+00:00","og_image":[{"width":1600,"height":1600,"url":"https:\/\/perle-in.com\/wp-content\/uploads\/2025\/10\/12636206-1.jpg","type":"image\/jpeg"}],"twitter_card":"summary_large_image","schema":{"@context":"https:\/\/schema.org","@graph":[{"@type":"WebPage","@id":"https:\/\/perle-in.com\/produit\/dessous-de-plat-croc-en-bambou-petit-format\/","url":"https:\/\/perle-in.com\/produit\/dessous-de-plat-croc-en-bambou-petit-format\/","name":"Dessous de plat Croc en bambou - petit format - PERLE IN","isPartOf":{"@id":"https:\/\/perle-in.com\/#website"},"primaryImageOfPage":{"@id":"https:\/\/perle-in.com\/produit\/dessous-de-plat-croc-en-bambou-petit-format\/#primaryimage"},"image":{"@id":"https:\/\/perle-in.com\/produit\/dessous-de-plat-croc-en-bambou-petit-format\/#primaryimage"},"thumbnailUrl":"https:\/\/perle-in.com\/wp-content\/uploads\/2025\/10\/12636206-1.jpg","datePublished":"2025-10-16T05:16:25+00:00","dateModified":"2025-10-16T05:16:27+00:00","breadcrumb":{"@id":"https:\/\/perle-in.com\/produit\/dessous-de-plat-croc-en-bambou-petit-format\/#breadcrumb"},"inLanguage":"en-CA","potentialAction":[{"@type":"ReadAction","target":["https:\/\/perle-in.com\/produit\/dessous-de-plat-croc-en-bambou-petit-format\/"]}]},{"@type":"ImageObject","inLanguage":"en-CA","@id":"https:\/\/perle-in.com\/produit\/dessous-de-plat-croc-en-bambou-petit-format\/#primaryimage","url":"https:\/\/perle-in.com\/wp-content\/uploads\/2025\/10\/12636206-1.jpg","contentUrl":"https:\/\/perle-in.com\/wp-content\/uploads\/2025\/10\/12636206-1.jpg","width":1600,"height":1600},{"@type":"BreadcrumbList","@id":"https:\/\/perle-in.com\/produit\/dessous-de-plat-croc-en-bambou-petit-format\/#breadcrumb","itemListElement":[{"@type":"ListItem","position":1,"name":"Accueil","item":"https:\/\/perle-in.com\/"},{"@type":"ListItem","position":2,"name":"Boutique","item":"https:\/\/perle-in.com\/boutique\/"},{"@type":"ListItem","position":3,"name":"Dessous de plat Croc en bambou &#8211; petit format"}]},{"@type":"WebSite","@id":"https:\/\/perle-in.com\/#website","url":"https:\/\/perle-in.com\/","name":"PERLE IN","description":"","publisher":{"@id":"https:\/\/perle-in.com\/#organization"},"potentialAction":[{"@type":"SearchAction","target":{"@type":"EntryPoint","urlTemplate":"https:\/\/perle-in.com\/?s={search_term_string}"},"query-input":{"@type":"PropertyValueSpecification","valueRequired":true,"valueName":"search_term_string"}}],"inLanguage":"en-CA"},{"@type":"Organization","@id":"https:\/\/perle-in.com\/#organization","name":"PERLE IN","url":"https:\/\/perle-in.com\/","logo":{"@type":"ImageObject","inLanguage":"en-CA","@id":"https:\/\/perle-in.com\/#\/schema\/logo\/image\/","url":"https:\/\/perle-in.com\/wp-content\/uploads\/2022\/12\/LOGO-PERLE-IN-COULEUR@3x.webp","contentUrl":"https:\/\/perle-in.com\/wp-content\/uploads\/2022\/12\/LOGO-PERLE-IN-COULEUR@3x.webp","width":1600,"height":490,"caption":"PERLE IN"},"image":{"@id":"https:\/\/perle-in.com\/#\/schema\/logo\/image\/"}}]}},"jetpack_sharing_enabled":true,"_links":{"self":[{"href":"https:\/\/perle-in.com\/en\/wp-json\/wp\/v2\/product\/576789","targetHints":{"allow":["GET"]}}],"collection":[{"href":"https:\/\/perle-in.com\/en\/wp-json\/wp\/v2\/product"}],"about":[{"href":"https:\/\/perle-in.com\/en\/wp-json\/wp\/v2\/types\/product"}],"version-history":[{"count":0,"href":"https:\/\/perle-in.com\/en\/wp-json\/wp\/v2\/product\/576789\/revisions"}],"wp:featuredmedia":[{"embeddable":true,"href":"https:\/\/perle-in.com\/en\/wp-json\/wp\/v2\/media\/576785"}],"wp:attachment":[{"href":"https:\/\/perle-in.com\/en\/wp-json\/wp\/v2\/media?parent=576789"}],"wp:term":[{"taxonomy":"product_brand","embeddable":true,"href":"https:\/\/perle-in.com\/en\/wp-json\/wp\/v2\/product_brand?post=576789"},{"taxonomy":"product_cat","embeddable":true,"href":"https:\/\/perle-in.com\/en\/wp-json\/wp\/v2\/product_cat?post=576789"},{"taxonomy":"product_tag","embeddable":true,"href":"https:\/\/perle-in.com\/en\/wp-json\/wp\/v2\/product_tag?post=576789"}],"curies":[{"name":"wp","href":"https:\/\/api.w.org\/{rel}","templated":true}]}}