{"id":576745,"date":"2025-10-16T07:11:53","date_gmt":"2025-10-16T05:11:53","guid":{"rendered":"https:\/\/perle-in.com\/produit\/sac-de-toilette-de-voyage-trip-aware-de-6-l-en-materiaux-recycles\/"},"modified":"2025-10-16T07:11:56","modified_gmt":"2025-10-16T05:11:56","slug":"sac-de-toilette-de-voyage-trip-aware-de-6-l-en-materiaux-recycles","status":"publish","type":"product","link":"https:\/\/perle-in.com\/en\/product\/sac-de-toilette-de-voyage-trip-aware-de-6-l-en-materiaux-recycles\/","title":{"rendered":"Sac de toilette de voyage Trip Aware\u2122 de 6\u00a0L en mat\u00e9riaux recycl\u00e9s"},"content":{"rendered":"","protected":false},"excerpt":{"rendered":"<p>La trousse de toilette Trip Aware\u2122 recycl\u00e9e est une trousse de voyage compacte et structur\u00e9e, con\u00e7ue pour garder les objets personnels bien organis\u00e9s pendant le voyage. Fabriqu\u00e9e en polyester serg\u00e9 290D avec un support tricot\u00e9 et doubl\u00e9 de RPET 210D\/PU, elle pr\u00e9sente un agencement \u00e9pur\u00e9 avec des compartiments pratiques. Le compartiment principal comprend une poche int\u00e9rieure zipp\u00e9e pour les petits objets, tandis que le compartiment inf\u00e9rieur de type coquille permet de s\u00e9parer les objets essentiels pour un acc\u00e8s plus facile et une meilleure organisation. Chaque sac est \u00e9galement accompagn\u00e9 d&#8217;un traceur Aware\u2122. Cette fonction innovante permet aux utilisateurs de retracer l&#8217;origine et le parcours de leur article au moyen d&#8217;un code QR, ce qui accro\u00eet la transparence de la cha\u00eene d&#8217;approvisionnement et favorise un lien plus \u00e9troit entre le produit et son processus de production. Capacit\u00e9\u00a0: 6\u00a0litres.<\/p>","protected":false},"featured_media":576616,"template":"","meta":{"_eb_attr":""},"product_brand":[],"product_cat":[159,1222],"product_tag":[837,836,1844,291],"class_list":{"0":"post-576745","1":"product","2":"type-product","3":"status-publish","4":"has-post-thumbnail","6":"product_cat-sacs","7":"product_cat-trousses-de-toilette","8":"product_tag-durable","9":"product_tag-recycle","10":"product_tag-toilette","11":"product_tag-voyage","12":"pa_couleurs-blanc-casse","13":"pa_couleurs-bleu-hale","14":"pa_couleurs-noir","15":"pa_green-points-2830","17":"first","18":"instock","19":"shipping-taxable","20":"purchasable","21":"product-type-variable"},"yoast_head":"<!-- This site is optimized with the Yoast SEO plugin v27.4 - https:\/\/yoast.com\/product\/yoast-seo-wordpress\/ -->\n<title>Sac de toilette de voyage Trip Aware\u2122 de 6\u00a0L en mat\u00e9riaux recycl\u00e9s - PERLE IN<\/title>\n<meta name=\"robots\" content=\"noindex, follow, max-snippet:-1, max-image-preview:large, max-video-preview:-1\" \/>\n<meta property=\"og:locale\" content=\"en_US\" \/>\n<meta property=\"og:type\" content=\"article\" \/>\n<meta property=\"og:title\" content=\"Sac de toilette de voyage Trip Aware\u2122 de 6\u00a0L en mat\u00e9riaux recycl\u00e9s - PERLE IN\" \/>\n<meta property=\"og:description\" content=\"La trousse de toilette Trip Aware\u2122 recycl\u00e9e est une trousse de voyage compacte et structur\u00e9e, con\u00e7ue pour garder les objets personnels bien organis\u00e9s pendant le voyage. Fabriqu\u00e9e en polyester serg\u00e9 290D avec un support tricot\u00e9 et doubl\u00e9 de RPET 210D\/PU, elle pr\u00e9sente un agencement \u00e9pur\u00e9 avec des compartiments pratiques. Le compartiment principal comprend une poche int\u00e9rieure zipp\u00e9e pour les petits objets, tandis que le compartiment inf\u00e9rieur de type coquille permet de s\u00e9parer les objets essentiels pour un acc\u00e8s plus facile et une meilleure organisation. Chaque sac est \u00e9galement accompagn\u00e9 d&#039;un traceur Aware\u2122. Cette fonction innovante permet aux utilisateurs de retracer l&#039;origine et le parcours de leur article au moyen d&#039;un code QR, ce qui accro\u00eet la transparence de la cha\u00eene d&#039;approvisionnement et favorise un lien plus \u00e9troit entre le produit et son processus de production. Capacit\u00e9\u00a0: 6\u00a0litres.\" \/>\n<meta property=\"og:url\" content=\"https:\/\/perle-in.com\/en\/product\/sac-de-toilette-de-voyage-trip-aware-de-6-l-en-materiaux-recycles\/\" \/>\n<meta property=\"og:site_name\" content=\"PERLE IN\" \/>\n<meta property=\"article:modified_time\" content=\"2025-10-16T05:11:56+00:00\" \/>\n<meta property=\"og:image\" content=\"https:\/\/perle-in.com\/wp-content\/uploads\/2025\/10\/12076602-1.jpg\" \/>\n\t<meta property=\"og:image:width\" content=\"1600\" \/>\n\t<meta property=\"og:image:height\" content=\"1600\" \/>\n\t<meta property=\"og:image:type\" content=\"image\/jpeg\" \/>\n<meta name=\"twitter:card\" content=\"summary_large_image\" \/>\n<script type=\"application\/ld+json\" class=\"yoast-schema-graph\">{\"@context\":\"https:\\\/\\\/schema.org\",\"@graph\":[{\"@type\":\"WebPage\",\"@id\":\"https:\\\/\\\/perle-in.com\\\/produit\\\/sac-de-toilette-de-voyage-trip-aware-de-6-l-en-materiaux-recycles\\\/\",\"url\":\"https:\\\/\\\/perle-in.com\\\/produit\\\/sac-de-toilette-de-voyage-trip-aware-de-6-l-en-materiaux-recycles\\\/\",\"name\":\"Sac de toilette de voyage Trip Aware\u2122 de 6\u00a0L en mat\u00e9riaux recycl\u00e9s - PERLE IN\",\"isPartOf\":{\"@id\":\"https:\\\/\\\/perle-in.com\\\/#website\"},\"primaryImageOfPage\":{\"@id\":\"https:\\\/\\\/perle-in.com\\\/produit\\\/sac-de-toilette-de-voyage-trip-aware-de-6-l-en-materiaux-recycles\\\/#primaryimage\"},\"image\":{\"@id\":\"https:\\\/\\\/perle-in.com\\\/produit\\\/sac-de-toilette-de-voyage-trip-aware-de-6-l-en-materiaux-recycles\\\/#primaryimage\"},\"thumbnailUrl\":\"https:\\\/\\\/perle-in.com\\\/wp-content\\\/uploads\\\/2025\\\/10\\\/12076602-1.jpg\",\"datePublished\":\"2025-10-16T05:11:53+00:00\",\"dateModified\":\"2025-10-16T05:11:56+00:00\",\"breadcrumb\":{\"@id\":\"https:\\\/\\\/perle-in.com\\\/produit\\\/sac-de-toilette-de-voyage-trip-aware-de-6-l-en-materiaux-recycles\\\/#breadcrumb\"},\"inLanguage\":\"en-CA\",\"potentialAction\":[{\"@type\":\"ReadAction\",\"target\":[\"https:\\\/\\\/perle-in.com\\\/produit\\\/sac-de-toilette-de-voyage-trip-aware-de-6-l-en-materiaux-recycles\\\/\"]}]},{\"@type\":\"ImageObject\",\"inLanguage\":\"en-CA\",\"@id\":\"https:\\\/\\\/perle-in.com\\\/produit\\\/sac-de-toilette-de-voyage-trip-aware-de-6-l-en-materiaux-recycles\\\/#primaryimage\",\"url\":\"https:\\\/\\\/perle-in.com\\\/wp-content\\\/uploads\\\/2025\\\/10\\\/12076602-1.jpg\",\"contentUrl\":\"https:\\\/\\\/perle-in.com\\\/wp-content\\\/uploads\\\/2025\\\/10\\\/12076602-1.jpg\",\"width\":1600,\"height\":1600},{\"@type\":\"BreadcrumbList\",\"@id\":\"https:\\\/\\\/perle-in.com\\\/produit\\\/sac-de-toilette-de-voyage-trip-aware-de-6-l-en-materiaux-recycles\\\/#breadcrumb\",\"itemListElement\":[{\"@type\":\"ListItem\",\"position\":1,\"name\":\"Accueil\",\"item\":\"https:\\\/\\\/perle-in.com\\\/\"},{\"@type\":\"ListItem\",\"position\":2,\"name\":\"Boutique\",\"item\":\"https:\\\/\\\/perle-in.com\\\/boutique\\\/\"},{\"@type\":\"ListItem\",\"position\":3,\"name\":\"Sac de toilette de voyage Trip Aware\u2122 de 6\u00a0L en mat\u00e9riaux recycl\u00e9s\"}]},{\"@type\":\"WebSite\",\"@id\":\"https:\\\/\\\/perle-in.com\\\/#website\",\"url\":\"https:\\\/\\\/perle-in.com\\\/\",\"name\":\"PERLE IN\",\"description\":\"\",\"publisher\":{\"@id\":\"https:\\\/\\\/perle-in.com\\\/#organization\"},\"potentialAction\":[{\"@type\":\"SearchAction\",\"target\":{\"@type\":\"EntryPoint\",\"urlTemplate\":\"https:\\\/\\\/perle-in.com\\\/?s={search_term_string}\"},\"query-input\":{\"@type\":\"PropertyValueSpecification\",\"valueRequired\":true,\"valueName\":\"search_term_string\"}}],\"inLanguage\":\"en-CA\"},{\"@type\":\"Organization\",\"@id\":\"https:\\\/\\\/perle-in.com\\\/#organization\",\"name\":\"PERLE IN\",\"url\":\"https:\\\/\\\/perle-in.com\\\/\",\"logo\":{\"@type\":\"ImageObject\",\"inLanguage\":\"en-CA\",\"@id\":\"https:\\\/\\\/perle-in.com\\\/#\\\/schema\\\/logo\\\/image\\\/\",\"url\":\"https:\\\/\\\/perle-in.com\\\/wp-content\\\/uploads\\\/2022\\\/12\\\/LOGO-PERLE-IN-COULEUR@3x.webp\",\"contentUrl\":\"https:\\\/\\\/perle-in.com\\\/wp-content\\\/uploads\\\/2022\\\/12\\\/LOGO-PERLE-IN-COULEUR@3x.webp\",\"width\":1600,\"height\":490,\"caption\":\"PERLE IN\"},\"image\":{\"@id\":\"https:\\\/\\\/perle-in.com\\\/#\\\/schema\\\/logo\\\/image\\\/\"}}]}<\/script>\n<!-- \/ Yoast SEO plugin. -->","yoast_head_json":{"title":"Sac de toilette de voyage Trip Aware\u2122 de 6\u00a0L en mat\u00e9riaux recycl\u00e9s - PERLE IN","robots":{"index":"noindex","follow":"follow","max-snippet":"max-snippet:-1","max-image-preview":"max-image-preview:large","max-video-preview":"max-video-preview:-1"},"og_locale":"en_US","og_type":"article","og_title":"Sac de toilette de voyage Trip Aware\u2122 de 6\u00a0L en mat\u00e9riaux recycl\u00e9s - PERLE IN","og_description":"La trousse de toilette Trip Aware\u2122 recycl\u00e9e est une trousse de voyage compacte et structur\u00e9e, con\u00e7ue pour garder les objets personnels bien organis\u00e9s pendant le voyage. Fabriqu\u00e9e en polyester serg\u00e9 290D avec un support tricot\u00e9 et doubl\u00e9 de RPET 210D\/PU, elle pr\u00e9sente un agencement \u00e9pur\u00e9 avec des compartiments pratiques. Le compartiment principal comprend une poche int\u00e9rieure zipp\u00e9e pour les petits objets, tandis que le compartiment inf\u00e9rieur de type coquille permet de s\u00e9parer les objets essentiels pour un acc\u00e8s plus facile et une meilleure organisation. Chaque sac est \u00e9galement accompagn\u00e9 d'un traceur Aware\u2122. Cette fonction innovante permet aux utilisateurs de retracer l'origine et le parcours de leur article au moyen d'un code QR, ce qui accro\u00eet la transparence de la cha\u00eene d'approvisionnement et favorise un lien plus \u00e9troit entre le produit et son processus de production. Capacit\u00e9\u00a0: 6\u00a0litres.","og_url":"https:\/\/perle-in.com\/en\/product\/sac-de-toilette-de-voyage-trip-aware-de-6-l-en-materiaux-recycles\/","og_site_name":"PERLE IN","article_modified_time":"2025-10-16T05:11:56+00:00","og_image":[{"width":1600,"height":1600,"url":"https:\/\/perle-in.com\/wp-content\/uploads\/2025\/10\/12076602-1.jpg","type":"image\/jpeg"}],"twitter_card":"summary_large_image","schema":{"@context":"https:\/\/schema.org","@graph":[{"@type":"WebPage","@id":"https:\/\/perle-in.com\/produit\/sac-de-toilette-de-voyage-trip-aware-de-6-l-en-materiaux-recycles\/","url":"https:\/\/perle-in.com\/produit\/sac-de-toilette-de-voyage-trip-aware-de-6-l-en-materiaux-recycles\/","name":"Sac de toilette de voyage Trip Aware\u2122 de 6\u00a0L en mat\u00e9riaux recycl\u00e9s - PERLE IN","isPartOf":{"@id":"https:\/\/perle-in.com\/#website"},"primaryImageOfPage":{"@id":"https:\/\/perle-in.com\/produit\/sac-de-toilette-de-voyage-trip-aware-de-6-l-en-materiaux-recycles\/#primaryimage"},"image":{"@id":"https:\/\/perle-in.com\/produit\/sac-de-toilette-de-voyage-trip-aware-de-6-l-en-materiaux-recycles\/#primaryimage"},"thumbnailUrl":"https:\/\/perle-in.com\/wp-content\/uploads\/2025\/10\/12076602-1.jpg","datePublished":"2025-10-16T05:11:53+00:00","dateModified":"2025-10-16T05:11:56+00:00","breadcrumb":{"@id":"https:\/\/perle-in.com\/produit\/sac-de-toilette-de-voyage-trip-aware-de-6-l-en-materiaux-recycles\/#breadcrumb"},"inLanguage":"en-CA","potentialAction":[{"@type":"ReadAction","target":["https:\/\/perle-in.com\/produit\/sac-de-toilette-de-voyage-trip-aware-de-6-l-en-materiaux-recycles\/"]}]},{"@type":"ImageObject","inLanguage":"en-CA","@id":"https:\/\/perle-in.com\/produit\/sac-de-toilette-de-voyage-trip-aware-de-6-l-en-materiaux-recycles\/#primaryimage","url":"https:\/\/perle-in.com\/wp-content\/uploads\/2025\/10\/12076602-1.jpg","contentUrl":"https:\/\/perle-in.com\/wp-content\/uploads\/2025\/10\/12076602-1.jpg","width":1600,"height":1600},{"@type":"BreadcrumbList","@id":"https:\/\/perle-in.com\/produit\/sac-de-toilette-de-voyage-trip-aware-de-6-l-en-materiaux-recycles\/#breadcrumb","itemListElement":[{"@type":"ListItem","position":1,"name":"Accueil","item":"https:\/\/perle-in.com\/"},{"@type":"ListItem","position":2,"name":"Boutique","item":"https:\/\/perle-in.com\/boutique\/"},{"@type":"ListItem","position":3,"name":"Sac de toilette de voyage Trip Aware\u2122 de 6\u00a0L en mat\u00e9riaux recycl\u00e9s"}]},{"@type":"WebSite","@id":"https:\/\/perle-in.com\/#website","url":"https:\/\/perle-in.com\/","name":"PERLE IN","description":"","publisher":{"@id":"https:\/\/perle-in.com\/#organization"},"potentialAction":[{"@type":"SearchAction","target":{"@type":"EntryPoint","urlTemplate":"https:\/\/perle-in.com\/?s={search_term_string}"},"query-input":{"@type":"PropertyValueSpecification","valueRequired":true,"valueName":"search_term_string"}}],"inLanguage":"en-CA"},{"@type":"Organization","@id":"https:\/\/perle-in.com\/#organization","name":"PERLE IN","url":"https:\/\/perle-in.com\/","logo":{"@type":"ImageObject","inLanguage":"en-CA","@id":"https:\/\/perle-in.com\/#\/schema\/logo\/image\/","url":"https:\/\/perle-in.com\/wp-content\/uploads\/2022\/12\/LOGO-PERLE-IN-COULEUR@3x.webp","contentUrl":"https:\/\/perle-in.com\/wp-content\/uploads\/2022\/12\/LOGO-PERLE-IN-COULEUR@3x.webp","width":1600,"height":490,"caption":"PERLE IN"},"image":{"@id":"https:\/\/perle-in.com\/#\/schema\/logo\/image\/"}}]}},"jetpack_sharing_enabled":true,"_links":{"self":[{"href":"https:\/\/perle-in.com\/en\/wp-json\/wp\/v2\/product\/576745","targetHints":{"allow":["GET"]}}],"collection":[{"href":"https:\/\/perle-in.com\/en\/wp-json\/wp\/v2\/product"}],"about":[{"href":"https:\/\/perle-in.com\/en\/wp-json\/wp\/v2\/types\/product"}],"version-history":[{"count":0,"href":"https:\/\/perle-in.com\/en\/wp-json\/wp\/v2\/product\/576745\/revisions"}],"wp:featuredmedia":[{"embeddable":true,"href":"https:\/\/perle-in.com\/en\/wp-json\/wp\/v2\/media\/576616"}],"wp:attachment":[{"href":"https:\/\/perle-in.com\/en\/wp-json\/wp\/v2\/media?parent=576745"}],"wp:term":[{"taxonomy":"product_brand","embeddable":true,"href":"https:\/\/perle-in.com\/en\/wp-json\/wp\/v2\/product_brand?post=576745"},{"taxonomy":"product_cat","embeddable":true,"href":"https:\/\/perle-in.com\/en\/wp-json\/wp\/v2\/product_cat?post=576745"},{"taxonomy":"product_tag","embeddable":true,"href":"https:\/\/perle-in.com\/en\/wp-json\/wp\/v2\/product_tag?post=576745"}],"curies":[{"name":"wp","href":"https:\/\/api.w.org\/{rel}","templated":true}]}}