{"id":576697,"date":"2025-10-16T07:05:36","date_gmt":"2025-10-16T05:05:36","guid":{"rendered":"https:\/\/perle-in.com\/produit\/bouteille-deau-en-acier-inoxydable-de-750-ml-avec-paille-a-clapet-camelbak-thrive-flip-vss\/"},"modified":"2025-10-16T07:05:39","modified_gmt":"2025-10-16T05:05:39","slug":"bouteille-deau-en-acier-inoxydable-de-750-ml-avec-paille-a-clapet-camelbak-thrive-flip-vss","status":"publish","type":"product","link":"https:\/\/perle-in.com\/en\/product\/bouteille-deau-en-acier-inoxydable-de-750-ml-avec-paille-a-clapet-camelbak-thrive-flip-vss\/","title":{"rendered":"Bouteille d\u2019eau en acier inoxydable de 750\u00a0ml avec paille \u00e0 clapet Camelbak\u00ae Thrive Flip VSS"},"content":{"rendered":"","protected":false},"excerpt":{"rendered":"<p>La bouteille d\u2019eau Camelbak\u00ae Thrive Flip VSS (acier inoxydable isol\u00e9 sous vide) est con\u00e7ue pour favoriser l\u2019hydratation tout au long de la journ\u00e9e. Elle est dot\u00e9e d\u2019un renfort int\u00e9gr\u00e9 qui la prot\u00e8ge des chocs et assure une bonne accroche sur presque toutes les surfaces. Le rev\u00eatement par poudre solide et durable permet de conserver le go\u00fbt des boissons, tandis que l\u2019isolation sous vide \u00e0 double paroi les garde chaudes ou froides pendant des heures. Il inclut une paille et une vanne EasyFlow, un bouchon 100\u00a0% \u00e9tanche, une housse de protection et une poign\u00e9e pivotante souple pour une bonne pr\u00e9hension. Le design s\u2019adapte \u00e0 la plupart des porte-gobelets, pratique pour les voyages ou les randonn\u00e9es d\u2019une journ\u00e9e. La bouteille est lavable au lave-vaisselle pour un nettoyage rapide et facile. Capacit\u00e9\u00a0: 750\u00a0ml. <\/p>","protected":false},"featured_media":576689,"template":"","meta":{"_eb_attr":""},"product_brand":[],"product_cat":[174,173],"product_tag":[275,175,225,359,274,192,3898,2973,203,227],"class_list":{"0":"post-576697","1":"product","2":"type-product","3":"status-publish","4":"has-post-thumbnail","6":"product_cat-bouteilles-deau","7":"product_cat-drinkware","8":"product_tag-boissons","9":"product_tag-bouteille","10":"product_tag-cafe","11":"product_tag-camelbak","12":"product_tag-eau","13":"product_tag-gourde","14":"product_tag-hydratation","15":"product_tag-isole","16":"product_tag-sport","17":"product_tag-the","18":"pa_couleurs-gris-clair","19":"pa_couleurs-marine","20":"pa_couleurs-noir","22":"first","23":"instock","24":"shipping-taxable","25":"purchasable","26":"product-type-variable"},"yoast_head":"<!-- This site is optimized with the Yoast SEO plugin v27.4 - https:\/\/yoast.com\/product\/yoast-seo-wordpress\/ -->\n<title>Bouteille d\u2019eau en acier inoxydable de 750\u00a0ml avec paille \u00e0 clapet Camelbak\u00ae Thrive Flip VSS - PERLE IN<\/title>\n<meta name=\"robots\" content=\"noindex, follow, max-snippet:-1, max-image-preview:large, max-video-preview:-1\" \/>\n<meta property=\"og:locale\" content=\"en_US\" \/>\n<meta property=\"og:type\" content=\"article\" \/>\n<meta property=\"og:title\" content=\"Bouteille d\u2019eau en acier inoxydable de 750\u00a0ml avec paille \u00e0 clapet Camelbak\u00ae Thrive Flip VSS - PERLE IN\" \/>\n<meta property=\"og:description\" content=\"La bouteille d\u2019eau Camelbak\u00ae Thrive Flip VSS (acier inoxydable isol\u00e9 sous vide) est con\u00e7ue pour favoriser l\u2019hydratation tout au long de la journ\u00e9e. Elle est dot\u00e9e d\u2019un renfort int\u00e9gr\u00e9 qui la prot\u00e8ge des chocs et assure une bonne accroche sur presque toutes les surfaces. Le rev\u00eatement par poudre solide et durable permet de conserver le go\u00fbt des boissons, tandis que l\u2019isolation sous vide \u00e0 double paroi les garde chaudes ou froides pendant des heures. Il inclut une paille et une vanne EasyFlow, un bouchon 100\u00a0% \u00e9tanche, une housse de protection et une poign\u00e9e pivotante souple pour une bonne pr\u00e9hension. Le design s\u2019adapte \u00e0 la plupart des porte-gobelets, pratique pour les voyages ou les randonn\u00e9es d\u2019une journ\u00e9e. La bouteille est lavable au lave-vaisselle pour un nettoyage rapide et facile. Capacit\u00e9\u00a0: 750\u00a0ml.\" \/>\n<meta property=\"og:url\" content=\"https:\/\/perle-in.com\/en\/product\/bouteille-deau-en-acier-inoxydable-de-750-ml-avec-paille-a-clapet-camelbak-thrive-flip-vss\/\" \/>\n<meta property=\"og:site_name\" content=\"PERLE IN\" \/>\n<meta property=\"article:modified_time\" content=\"2025-10-16T05:05:39+00:00\" \/>\n<meta property=\"og:image\" content=\"https:\/\/perle-in.com\/wp-content\/uploads\/2025\/10\/10088855-1.jpg\" \/>\n\t<meta property=\"og:image:width\" content=\"1600\" \/>\n\t<meta property=\"og:image:height\" content=\"1600\" \/>\n\t<meta property=\"og:image:type\" content=\"image\/jpeg\" \/>\n<meta name=\"twitter:card\" content=\"summary_large_image\" \/>\n<script type=\"application\/ld+json\" class=\"yoast-schema-graph\">{\"@context\":\"https:\\\/\\\/schema.org\",\"@graph\":[{\"@type\":\"WebPage\",\"@id\":\"https:\\\/\\\/perle-in.com\\\/en\\\/product\\\/bouteille-deau-en-acier-inoxydable-de-750-ml-avec-paille-a-clapet-camelbak-thrive-flip-vss\\\/\",\"url\":\"https:\\\/\\\/perle-in.com\\\/en\\\/product\\\/bouteille-deau-en-acier-inoxydable-de-750-ml-avec-paille-a-clapet-camelbak-thrive-flip-vss\\\/\",\"name\":\"Bouteille d\u2019eau en acier inoxydable de 750\u00a0ml avec paille \u00e0 clapet Camelbak\u00ae Thrive Flip VSS - PERLE IN\",\"isPartOf\":{\"@id\":\"https:\\\/\\\/perle-in.com\\\/#website\"},\"primaryImageOfPage\":{\"@id\":\"https:\\\/\\\/perle-in.com\\\/en\\\/product\\\/bouteille-deau-en-acier-inoxydable-de-750-ml-avec-paille-a-clapet-camelbak-thrive-flip-vss\\\/#primaryimage\"},\"image\":{\"@id\":\"https:\\\/\\\/perle-in.com\\\/en\\\/product\\\/bouteille-deau-en-acier-inoxydable-de-750-ml-avec-paille-a-clapet-camelbak-thrive-flip-vss\\\/#primaryimage\"},\"thumbnailUrl\":\"https:\\\/\\\/perle-in.com\\\/wp-content\\\/uploads\\\/2025\\\/10\\\/10088855-1.jpg\",\"datePublished\":\"2025-10-16T05:05:36+00:00\",\"dateModified\":\"2025-10-16T05:05:39+00:00\",\"breadcrumb\":{\"@id\":\"https:\\\/\\\/perle-in.com\\\/en\\\/product\\\/bouteille-deau-en-acier-inoxydable-de-750-ml-avec-paille-a-clapet-camelbak-thrive-flip-vss\\\/#breadcrumb\"},\"inLanguage\":\"en-CA\",\"potentialAction\":[{\"@type\":\"ReadAction\",\"target\":[\"https:\\\/\\\/perle-in.com\\\/en\\\/product\\\/bouteille-deau-en-acier-inoxydable-de-750-ml-avec-paille-a-clapet-camelbak-thrive-flip-vss\\\/\"]}]},{\"@type\":\"ImageObject\",\"inLanguage\":\"en-CA\",\"@id\":\"https:\\\/\\\/perle-in.com\\\/en\\\/product\\\/bouteille-deau-en-acier-inoxydable-de-750-ml-avec-paille-a-clapet-camelbak-thrive-flip-vss\\\/#primaryimage\",\"url\":\"https:\\\/\\\/perle-in.com\\\/wp-content\\\/uploads\\\/2025\\\/10\\\/10088855-1.jpg\",\"contentUrl\":\"https:\\\/\\\/perle-in.com\\\/wp-content\\\/uploads\\\/2025\\\/10\\\/10088855-1.jpg\",\"width\":1600,\"height\":1600},{\"@type\":\"BreadcrumbList\",\"@id\":\"https:\\\/\\\/perle-in.com\\\/en\\\/product\\\/bouteille-deau-en-acier-inoxydable-de-750-ml-avec-paille-a-clapet-camelbak-thrive-flip-vss\\\/#breadcrumb\",\"itemListElement\":[{\"@type\":\"ListItem\",\"position\":1,\"name\":\"Accueil\",\"item\":\"https:\\\/\\\/perle-in.com\\\/\"},{\"@type\":\"ListItem\",\"position\":2,\"name\":\"Boutique\",\"item\":\"https:\\\/\\\/perle-in.com\\\/boutique\\\/\"},{\"@type\":\"ListItem\",\"position\":3,\"name\":\"Bouteille d\u2019eau en acier inoxydable de 750\u00a0ml avec paille \u00e0 clapet Camelbak\u00ae Thrive Flip VSS\"}]},{\"@type\":\"WebSite\",\"@id\":\"https:\\\/\\\/perle-in.com\\\/#website\",\"url\":\"https:\\\/\\\/perle-in.com\\\/\",\"name\":\"PERLE IN\",\"description\":\"\",\"publisher\":{\"@id\":\"https:\\\/\\\/perle-in.com\\\/#organization\"},\"potentialAction\":[{\"@type\":\"SearchAction\",\"target\":{\"@type\":\"EntryPoint\",\"urlTemplate\":\"https:\\\/\\\/perle-in.com\\\/?s={search_term_string}\"},\"query-input\":{\"@type\":\"PropertyValueSpecification\",\"valueRequired\":true,\"valueName\":\"search_term_string\"}}],\"inLanguage\":\"en-CA\"},{\"@type\":\"Organization\",\"@id\":\"https:\\\/\\\/perle-in.com\\\/#organization\",\"name\":\"PERLE IN\",\"url\":\"https:\\\/\\\/perle-in.com\\\/\",\"logo\":{\"@type\":\"ImageObject\",\"inLanguage\":\"en-CA\",\"@id\":\"https:\\\/\\\/perle-in.com\\\/#\\\/schema\\\/logo\\\/image\\\/\",\"url\":\"https:\\\/\\\/perle-in.com\\\/wp-content\\\/uploads\\\/2022\\\/12\\\/LOGO-PERLE-IN-COULEUR@3x.webp\",\"contentUrl\":\"https:\\\/\\\/perle-in.com\\\/wp-content\\\/uploads\\\/2022\\\/12\\\/LOGO-PERLE-IN-COULEUR@3x.webp\",\"width\":1600,\"height\":490,\"caption\":\"PERLE IN\"},\"image\":{\"@id\":\"https:\\\/\\\/perle-in.com\\\/#\\\/schema\\\/logo\\\/image\\\/\"}}]}<\/script>\n<!-- \/ Yoast SEO plugin. -->","yoast_head_json":{"title":"Bouteille d\u2019eau en acier inoxydable de 750\u00a0ml avec paille \u00e0 clapet Camelbak\u00ae Thrive Flip VSS - PERLE IN","robots":{"index":"noindex","follow":"follow","max-snippet":"max-snippet:-1","max-image-preview":"max-image-preview:large","max-video-preview":"max-video-preview:-1"},"og_locale":"en_US","og_type":"article","og_title":"Bouteille d\u2019eau en acier inoxydable de 750\u00a0ml avec paille \u00e0 clapet Camelbak\u00ae Thrive Flip VSS - PERLE IN","og_description":"La bouteille d\u2019eau Camelbak\u00ae Thrive Flip VSS (acier inoxydable isol\u00e9 sous vide) est con\u00e7ue pour favoriser l\u2019hydratation tout au long de la journ\u00e9e. Elle est dot\u00e9e d\u2019un renfort int\u00e9gr\u00e9 qui la prot\u00e8ge des chocs et assure une bonne accroche sur presque toutes les surfaces. Le rev\u00eatement par poudre solide et durable permet de conserver le go\u00fbt des boissons, tandis que l\u2019isolation sous vide \u00e0 double paroi les garde chaudes ou froides pendant des heures. Il inclut une paille et une vanne EasyFlow, un bouchon 100\u00a0% \u00e9tanche, une housse de protection et une poign\u00e9e pivotante souple pour une bonne pr\u00e9hension. Le design s\u2019adapte \u00e0 la plupart des porte-gobelets, pratique pour les voyages ou les randonn\u00e9es d\u2019une journ\u00e9e. La bouteille est lavable au lave-vaisselle pour un nettoyage rapide et facile. Capacit\u00e9\u00a0: 750\u00a0ml.","og_url":"https:\/\/perle-in.com\/en\/product\/bouteille-deau-en-acier-inoxydable-de-750-ml-avec-paille-a-clapet-camelbak-thrive-flip-vss\/","og_site_name":"PERLE IN","article_modified_time":"2025-10-16T05:05:39+00:00","og_image":[{"width":1600,"height":1600,"url":"https:\/\/perle-in.com\/wp-content\/uploads\/2025\/10\/10088855-1.jpg","type":"image\/jpeg"}],"twitter_card":"summary_large_image","schema":{"@context":"https:\/\/schema.org","@graph":[{"@type":"WebPage","@id":"https:\/\/perle-in.com\/en\/product\/bouteille-deau-en-acier-inoxydable-de-750-ml-avec-paille-a-clapet-camelbak-thrive-flip-vss\/","url":"https:\/\/perle-in.com\/en\/product\/bouteille-deau-en-acier-inoxydable-de-750-ml-avec-paille-a-clapet-camelbak-thrive-flip-vss\/","name":"Bouteille d\u2019eau en acier inoxydable de 750\u00a0ml avec paille \u00e0 clapet Camelbak\u00ae Thrive Flip VSS - PERLE IN","isPartOf":{"@id":"https:\/\/perle-in.com\/#website"},"primaryImageOfPage":{"@id":"https:\/\/perle-in.com\/en\/product\/bouteille-deau-en-acier-inoxydable-de-750-ml-avec-paille-a-clapet-camelbak-thrive-flip-vss\/#primaryimage"},"image":{"@id":"https:\/\/perle-in.com\/en\/product\/bouteille-deau-en-acier-inoxydable-de-750-ml-avec-paille-a-clapet-camelbak-thrive-flip-vss\/#primaryimage"},"thumbnailUrl":"https:\/\/perle-in.com\/wp-content\/uploads\/2025\/10\/10088855-1.jpg","datePublished":"2025-10-16T05:05:36+00:00","dateModified":"2025-10-16T05:05:39+00:00","breadcrumb":{"@id":"https:\/\/perle-in.com\/en\/product\/bouteille-deau-en-acier-inoxydable-de-750-ml-avec-paille-a-clapet-camelbak-thrive-flip-vss\/#breadcrumb"},"inLanguage":"en-CA","potentialAction":[{"@type":"ReadAction","target":["https:\/\/perle-in.com\/en\/product\/bouteille-deau-en-acier-inoxydable-de-750-ml-avec-paille-a-clapet-camelbak-thrive-flip-vss\/"]}]},{"@type":"ImageObject","inLanguage":"en-CA","@id":"https:\/\/perle-in.com\/en\/product\/bouteille-deau-en-acier-inoxydable-de-750-ml-avec-paille-a-clapet-camelbak-thrive-flip-vss\/#primaryimage","url":"https:\/\/perle-in.com\/wp-content\/uploads\/2025\/10\/10088855-1.jpg","contentUrl":"https:\/\/perle-in.com\/wp-content\/uploads\/2025\/10\/10088855-1.jpg","width":1600,"height":1600},{"@type":"BreadcrumbList","@id":"https:\/\/perle-in.com\/en\/product\/bouteille-deau-en-acier-inoxydable-de-750-ml-avec-paille-a-clapet-camelbak-thrive-flip-vss\/#breadcrumb","itemListElement":[{"@type":"ListItem","position":1,"name":"Accueil","item":"https:\/\/perle-in.com\/"},{"@type":"ListItem","position":2,"name":"Boutique","item":"https:\/\/perle-in.com\/boutique\/"},{"@type":"ListItem","position":3,"name":"Bouteille d\u2019eau en acier inoxydable de 750\u00a0ml avec paille \u00e0 clapet Camelbak\u00ae Thrive Flip VSS"}]},{"@type":"WebSite","@id":"https:\/\/perle-in.com\/#website","url":"https:\/\/perle-in.com\/","name":"PERLE IN","description":"","publisher":{"@id":"https:\/\/perle-in.com\/#organization"},"potentialAction":[{"@type":"SearchAction","target":{"@type":"EntryPoint","urlTemplate":"https:\/\/perle-in.com\/?s={search_term_string}"},"query-input":{"@type":"PropertyValueSpecification","valueRequired":true,"valueName":"search_term_string"}}],"inLanguage":"en-CA"},{"@type":"Organization","@id":"https:\/\/perle-in.com\/#organization","name":"PERLE IN","url":"https:\/\/perle-in.com\/","logo":{"@type":"ImageObject","inLanguage":"en-CA","@id":"https:\/\/perle-in.com\/#\/schema\/logo\/image\/","url":"https:\/\/perle-in.com\/wp-content\/uploads\/2022\/12\/LOGO-PERLE-IN-COULEUR@3x.webp","contentUrl":"https:\/\/perle-in.com\/wp-content\/uploads\/2022\/12\/LOGO-PERLE-IN-COULEUR@3x.webp","width":1600,"height":490,"caption":"PERLE IN"},"image":{"@id":"https:\/\/perle-in.com\/#\/schema\/logo\/image\/"}}]}},"jetpack_sharing_enabled":true,"_links":{"self":[{"href":"https:\/\/perle-in.com\/en\/wp-json\/wp\/v2\/product\/576697","targetHints":{"allow":["GET"]}}],"collection":[{"href":"https:\/\/perle-in.com\/en\/wp-json\/wp\/v2\/product"}],"about":[{"href":"https:\/\/perle-in.com\/en\/wp-json\/wp\/v2\/types\/product"}],"version-history":[{"count":0,"href":"https:\/\/perle-in.com\/en\/wp-json\/wp\/v2\/product\/576697\/revisions"}],"wp:featuredmedia":[{"embeddable":true,"href":"https:\/\/perle-in.com\/en\/wp-json\/wp\/v2\/media\/576689"}],"wp:attachment":[{"href":"https:\/\/perle-in.com\/en\/wp-json\/wp\/v2\/media?parent=576697"}],"wp:term":[{"taxonomy":"product_brand","embeddable":true,"href":"https:\/\/perle-in.com\/en\/wp-json\/wp\/v2\/product_brand?post=576697"},{"taxonomy":"product_cat","embeddable":true,"href":"https:\/\/perle-in.com\/en\/wp-json\/wp\/v2\/product_cat?post=576697"},{"taxonomy":"product_tag","embeddable":true,"href":"https:\/\/perle-in.com\/en\/wp-json\/wp\/v2\/product_tag?post=576697"}],"curies":[{"name":"wp","href":"https:\/\/api.w.org\/{rel}","templated":true}]}}