{"id":576672,"date":"2025-10-16T07:03:10","date_gmt":"2025-10-16T05:03:10","guid":{"rendered":"https:\/\/perle-in.com\/produit\/set-de-trousses-de-toilette-en-velvet-gomme-recyclees-grs-swift\/"},"modified":"2025-10-16T07:03:12","modified_gmt":"2025-10-16T05:03:12","slug":"set-de-trousses-de-toilette-en-velvet-gomme-recyclees-grs-swift","status":"publish","type":"product","link":"https:\/\/perle-in.com\/en\/product\/set-de-trousses-de-toilette-en-velvet-gomme-recyclees-grs-swift\/","title":{"rendered":"Set de trousses de toilette en velvet gomme recycl\u00e9es GRS Swift"},"content":{"rendered":"","protected":false},"excerpt":{"rendered":"<p>Set de 2\u00a0trousses de toilette en polyester velvet gomme recycl\u00e9 certifi\u00e9 GRS. Le set comprend une grande et une petite pochette pour un rangement organis\u00e9. L\u00e9ger, durable et facile \u00e0 ranger dans un bagage. La grande pochette mesure 32 x 21\u00a0cm, la petite 23 x 13\u00a0cm. <\/p>","protected":false},"featured_media":576665,"template":"","meta":{"_eb_attr":""},"product_brand":[],"product_cat":[159,1222],"product_tag":[837,1675,836,1844,398,291],"class_list":{"0":"post-576672","1":"product","2":"type-product","3":"status-publish","4":"has-post-thumbnail","6":"product_cat-sacs","7":"product_cat-trousses-de-toilette","8":"product_tag-durable","9":"product_tag-pochette","10":"product_tag-recycle","11":"product_tag-toilette","12":"product_tag-trousse","13":"product_tag-voyage","14":"pa_couleurs-bordeaux","15":"pa_couleurs-vert-mer-profonde","16":"pa_green-points-2652","17":"pa_matiere-polyester-recycle-certifie-grs","19":"first","20":"instock","21":"shipping-taxable","22":"purchasable","23":"product-type-variable"},"yoast_head":"<!-- This site is optimized with the Yoast SEO plugin v27.4 - https:\/\/yoast.com\/product\/yoast-seo-wordpress\/ -->\n<title>Set de trousses de toilette en velvet gomme recycl\u00e9es GRS Swift - PERLE IN<\/title>\n<meta name=\"robots\" content=\"noindex, follow, max-snippet:-1, max-image-preview:large, max-video-preview:-1\" \/>\n<meta property=\"og:locale\" content=\"en_US\" \/>\n<meta property=\"og:type\" content=\"article\" \/>\n<meta property=\"og:title\" content=\"Set de trousses de toilette en velvet gomme recycl\u00e9es GRS Swift - PERLE IN\" \/>\n<meta property=\"og:description\" content=\"Set de 2\u00a0trousses de toilette en polyester velvet gomme recycl\u00e9 certifi\u00e9 GRS. Le set comprend une grande et une petite pochette pour un rangement organis\u00e9. L\u00e9ger, durable et facile \u00e0 ranger dans un bagage. La grande pochette mesure 32 x 21\u00a0cm, la petite 23 x 13\u00a0cm.\" \/>\n<meta property=\"og:url\" content=\"https:\/\/perle-in.com\/en\/product\/set-de-trousses-de-toilette-en-velvet-gomme-recyclees-grs-swift\/\" \/>\n<meta property=\"og:site_name\" content=\"PERLE IN\" \/>\n<meta property=\"article:modified_time\" content=\"2025-10-16T05:03:12+00:00\" \/>\n<meta property=\"og:image\" content=\"https:\/\/perle-in.com\/wp-content\/uploads\/2025\/10\/12076922-1.jpg\" \/>\n\t<meta property=\"og:image:width\" content=\"1600\" \/>\n\t<meta property=\"og:image:height\" content=\"1600\" \/>\n\t<meta property=\"og:image:type\" content=\"image\/jpeg\" \/>\n<meta name=\"twitter:card\" content=\"summary_large_image\" \/>\n<script type=\"application\/ld+json\" class=\"yoast-schema-graph\">{\"@context\":\"https:\\\/\\\/schema.org\",\"@graph\":[{\"@type\":\"WebPage\",\"@id\":\"https:\\\/\\\/perle-in.com\\\/produit\\\/set-de-trousses-de-toilette-en-velvet-gomme-recyclees-grs-swift\\\/\",\"url\":\"https:\\\/\\\/perle-in.com\\\/produit\\\/set-de-trousses-de-toilette-en-velvet-gomme-recyclees-grs-swift\\\/\",\"name\":\"Set de trousses de toilette en velvet gomme recycl\u00e9es GRS Swift - PERLE IN\",\"isPartOf\":{\"@id\":\"https:\\\/\\\/perle-in.com\\\/#website\"},\"primaryImageOfPage\":{\"@id\":\"https:\\\/\\\/perle-in.com\\\/produit\\\/set-de-trousses-de-toilette-en-velvet-gomme-recyclees-grs-swift\\\/#primaryimage\"},\"image\":{\"@id\":\"https:\\\/\\\/perle-in.com\\\/produit\\\/set-de-trousses-de-toilette-en-velvet-gomme-recyclees-grs-swift\\\/#primaryimage\"},\"thumbnailUrl\":\"https:\\\/\\\/perle-in.com\\\/wp-content\\\/uploads\\\/2025\\\/10\\\/12076922-1.jpg\",\"datePublished\":\"2025-10-16T05:03:10+00:00\",\"dateModified\":\"2025-10-16T05:03:12+00:00\",\"breadcrumb\":{\"@id\":\"https:\\\/\\\/perle-in.com\\\/produit\\\/set-de-trousses-de-toilette-en-velvet-gomme-recyclees-grs-swift\\\/#breadcrumb\"},\"inLanguage\":\"en-CA\",\"potentialAction\":[{\"@type\":\"ReadAction\",\"target\":[\"https:\\\/\\\/perle-in.com\\\/produit\\\/set-de-trousses-de-toilette-en-velvet-gomme-recyclees-grs-swift\\\/\"]}]},{\"@type\":\"ImageObject\",\"inLanguage\":\"en-CA\",\"@id\":\"https:\\\/\\\/perle-in.com\\\/produit\\\/set-de-trousses-de-toilette-en-velvet-gomme-recyclees-grs-swift\\\/#primaryimage\",\"url\":\"https:\\\/\\\/perle-in.com\\\/wp-content\\\/uploads\\\/2025\\\/10\\\/12076922-1.jpg\",\"contentUrl\":\"https:\\\/\\\/perle-in.com\\\/wp-content\\\/uploads\\\/2025\\\/10\\\/12076922-1.jpg\",\"width\":1600,\"height\":1600},{\"@type\":\"BreadcrumbList\",\"@id\":\"https:\\\/\\\/perle-in.com\\\/produit\\\/set-de-trousses-de-toilette-en-velvet-gomme-recyclees-grs-swift\\\/#breadcrumb\",\"itemListElement\":[{\"@type\":\"ListItem\",\"position\":1,\"name\":\"Accueil\",\"item\":\"https:\\\/\\\/perle-in.com\\\/\"},{\"@type\":\"ListItem\",\"position\":2,\"name\":\"Boutique\",\"item\":\"https:\\\/\\\/perle-in.com\\\/boutique\\\/\"},{\"@type\":\"ListItem\",\"position\":3,\"name\":\"Set de trousses de toilette en velvet gomme recycl\u00e9es GRS Swift\"}]},{\"@type\":\"WebSite\",\"@id\":\"https:\\\/\\\/perle-in.com\\\/#website\",\"url\":\"https:\\\/\\\/perle-in.com\\\/\",\"name\":\"PERLE IN\",\"description\":\"\",\"publisher\":{\"@id\":\"https:\\\/\\\/perle-in.com\\\/#organization\"},\"potentialAction\":[{\"@type\":\"SearchAction\",\"target\":{\"@type\":\"EntryPoint\",\"urlTemplate\":\"https:\\\/\\\/perle-in.com\\\/?s={search_term_string}\"},\"query-input\":{\"@type\":\"PropertyValueSpecification\",\"valueRequired\":true,\"valueName\":\"search_term_string\"}}],\"inLanguage\":\"en-CA\"},{\"@type\":\"Organization\",\"@id\":\"https:\\\/\\\/perle-in.com\\\/#organization\",\"name\":\"PERLE IN\",\"url\":\"https:\\\/\\\/perle-in.com\\\/\",\"logo\":{\"@type\":\"ImageObject\",\"inLanguage\":\"en-CA\",\"@id\":\"https:\\\/\\\/perle-in.com\\\/#\\\/schema\\\/logo\\\/image\\\/\",\"url\":\"https:\\\/\\\/perle-in.com\\\/wp-content\\\/uploads\\\/2022\\\/12\\\/LOGO-PERLE-IN-COULEUR@3x.webp\",\"contentUrl\":\"https:\\\/\\\/perle-in.com\\\/wp-content\\\/uploads\\\/2022\\\/12\\\/LOGO-PERLE-IN-COULEUR@3x.webp\",\"width\":1600,\"height\":490,\"caption\":\"PERLE IN\"},\"image\":{\"@id\":\"https:\\\/\\\/perle-in.com\\\/#\\\/schema\\\/logo\\\/image\\\/\"}}]}<\/script>\n<!-- \/ Yoast SEO plugin. -->","yoast_head_json":{"title":"Set de trousses de toilette en velvet gomme recycl\u00e9es GRS Swift - PERLE IN","robots":{"index":"noindex","follow":"follow","max-snippet":"max-snippet:-1","max-image-preview":"max-image-preview:large","max-video-preview":"max-video-preview:-1"},"og_locale":"en_US","og_type":"article","og_title":"Set de trousses de toilette en velvet gomme recycl\u00e9es GRS Swift - PERLE IN","og_description":"Set de 2\u00a0trousses de toilette en polyester velvet gomme recycl\u00e9 certifi\u00e9 GRS. Le set comprend une grande et une petite pochette pour un rangement organis\u00e9. L\u00e9ger, durable et facile \u00e0 ranger dans un bagage. La grande pochette mesure 32 x 21\u00a0cm, la petite 23 x 13\u00a0cm.","og_url":"https:\/\/perle-in.com\/en\/product\/set-de-trousses-de-toilette-en-velvet-gomme-recyclees-grs-swift\/","og_site_name":"PERLE IN","article_modified_time":"2025-10-16T05:03:12+00:00","og_image":[{"width":1600,"height":1600,"url":"https:\/\/perle-in.com\/wp-content\/uploads\/2025\/10\/12076922-1.jpg","type":"image\/jpeg"}],"twitter_card":"summary_large_image","schema":{"@context":"https:\/\/schema.org","@graph":[{"@type":"WebPage","@id":"https:\/\/perle-in.com\/produit\/set-de-trousses-de-toilette-en-velvet-gomme-recyclees-grs-swift\/","url":"https:\/\/perle-in.com\/produit\/set-de-trousses-de-toilette-en-velvet-gomme-recyclees-grs-swift\/","name":"Set de trousses de toilette en velvet gomme recycl\u00e9es GRS Swift - PERLE IN","isPartOf":{"@id":"https:\/\/perle-in.com\/#website"},"primaryImageOfPage":{"@id":"https:\/\/perle-in.com\/produit\/set-de-trousses-de-toilette-en-velvet-gomme-recyclees-grs-swift\/#primaryimage"},"image":{"@id":"https:\/\/perle-in.com\/produit\/set-de-trousses-de-toilette-en-velvet-gomme-recyclees-grs-swift\/#primaryimage"},"thumbnailUrl":"https:\/\/perle-in.com\/wp-content\/uploads\/2025\/10\/12076922-1.jpg","datePublished":"2025-10-16T05:03:10+00:00","dateModified":"2025-10-16T05:03:12+00:00","breadcrumb":{"@id":"https:\/\/perle-in.com\/produit\/set-de-trousses-de-toilette-en-velvet-gomme-recyclees-grs-swift\/#breadcrumb"},"inLanguage":"en-CA","potentialAction":[{"@type":"ReadAction","target":["https:\/\/perle-in.com\/produit\/set-de-trousses-de-toilette-en-velvet-gomme-recyclees-grs-swift\/"]}]},{"@type":"ImageObject","inLanguage":"en-CA","@id":"https:\/\/perle-in.com\/produit\/set-de-trousses-de-toilette-en-velvet-gomme-recyclees-grs-swift\/#primaryimage","url":"https:\/\/perle-in.com\/wp-content\/uploads\/2025\/10\/12076922-1.jpg","contentUrl":"https:\/\/perle-in.com\/wp-content\/uploads\/2025\/10\/12076922-1.jpg","width":1600,"height":1600},{"@type":"BreadcrumbList","@id":"https:\/\/perle-in.com\/produit\/set-de-trousses-de-toilette-en-velvet-gomme-recyclees-grs-swift\/#breadcrumb","itemListElement":[{"@type":"ListItem","position":1,"name":"Accueil","item":"https:\/\/perle-in.com\/"},{"@type":"ListItem","position":2,"name":"Boutique","item":"https:\/\/perle-in.com\/boutique\/"},{"@type":"ListItem","position":3,"name":"Set de trousses de toilette en velvet gomme recycl\u00e9es GRS Swift"}]},{"@type":"WebSite","@id":"https:\/\/perle-in.com\/#website","url":"https:\/\/perle-in.com\/","name":"PERLE IN","description":"","publisher":{"@id":"https:\/\/perle-in.com\/#organization"},"potentialAction":[{"@type":"SearchAction","target":{"@type":"EntryPoint","urlTemplate":"https:\/\/perle-in.com\/?s={search_term_string}"},"query-input":{"@type":"PropertyValueSpecification","valueRequired":true,"valueName":"search_term_string"}}],"inLanguage":"en-CA"},{"@type":"Organization","@id":"https:\/\/perle-in.com\/#organization","name":"PERLE IN","url":"https:\/\/perle-in.com\/","logo":{"@type":"ImageObject","inLanguage":"en-CA","@id":"https:\/\/perle-in.com\/#\/schema\/logo\/image\/","url":"https:\/\/perle-in.com\/wp-content\/uploads\/2022\/12\/LOGO-PERLE-IN-COULEUR@3x.webp","contentUrl":"https:\/\/perle-in.com\/wp-content\/uploads\/2022\/12\/LOGO-PERLE-IN-COULEUR@3x.webp","width":1600,"height":490,"caption":"PERLE IN"},"image":{"@id":"https:\/\/perle-in.com\/#\/schema\/logo\/image\/"}}]}},"jetpack_sharing_enabled":true,"_links":{"self":[{"href":"https:\/\/perle-in.com\/en\/wp-json\/wp\/v2\/product\/576672","targetHints":{"allow":["GET"]}}],"collection":[{"href":"https:\/\/perle-in.com\/en\/wp-json\/wp\/v2\/product"}],"about":[{"href":"https:\/\/perle-in.com\/en\/wp-json\/wp\/v2\/types\/product"}],"version-history":[{"count":0,"href":"https:\/\/perle-in.com\/en\/wp-json\/wp\/v2\/product\/576672\/revisions"}],"wp:featuredmedia":[{"embeddable":true,"href":"https:\/\/perle-in.com\/en\/wp-json\/wp\/v2\/media\/576665"}],"wp:attachment":[{"href":"https:\/\/perle-in.com\/en\/wp-json\/wp\/v2\/media?parent=576672"}],"wp:term":[{"taxonomy":"product_brand","embeddable":true,"href":"https:\/\/perle-in.com\/en\/wp-json\/wp\/v2\/product_brand?post=576672"},{"taxonomy":"product_cat","embeddable":true,"href":"https:\/\/perle-in.com\/en\/wp-json\/wp\/v2\/product_cat?post=576672"},{"taxonomy":"product_tag","embeddable":true,"href":"https:\/\/perle-in.com\/en\/wp-json\/wp\/v2\/product_tag?post=576672"}],"curies":[{"name":"wp","href":"https:\/\/api.w.org\/{rel}","templated":true}]}}