{"id":576648,"date":"2025-10-16T07:00:51","date_gmt":"2025-10-16T05:00:51","guid":{"rendered":"https:\/\/perle-in.com\/produit\/bouteille-deau-avec-paille-a-clapet-camelbak-thrive-flip-de-750-ml-tritan-renew\/"},"modified":"2025-10-16T07:00:54","modified_gmt":"2025-10-16T05:00:54","slug":"bouteille-deau-avec-paille-a-clapet-camelbak-thrive-flip-de-750-ml-tritan-renew","status":"publish","type":"product","link":"https:\/\/perle-in.com\/en\/product\/bouteille-deau-avec-paille-a-clapet-camelbak-thrive-flip-de-750-ml-tritan-renew\/","title":{"rendered":"Bouteille d\u2019eau avec paille \u00e0 clapet Camelbak\u00ae Thrive Flip de 750\u00a0ml Tritan Renew"},"content":{"rendered":"","protected":false},"excerpt":{"rendered":"<p>La bouteille d\u2019eau Camelbak\u00ae Thrive Flip Tritan Renew est le successeur de la populaire bouteille d\u2019eau Camelbak Eddy+ Tritan Renew con\u00e7ue pour favoriser l\u2019hydratation tout au long de la journ\u00e9e. Elle est dot\u00e9e d\u2019une paille et d\u2019une nouvelle valve EasyFlow, d\u2019un bouchon 100\u00a0% \u00e9tanche, d\u2019un couvercle anti-poussi\u00e8re pour la protection et d\u2019une poign\u00e9e pivotante souple pour un transport facile. Le design s\u2019adapte \u00e0 la plupart des porte-gobelets, ce qui la rend pratique pour les voyages ou les randonn\u00e9es d\u2019une journ\u00e9e. La bouteille est lavable au lave-vaisselle pour un nettoyage rapide et facile. Capacit\u00e9\u00a0: 750\u00a0ml. Fabriqu\u00e9 en plastique Tritan\u2122 Renew, un mat\u00e9riau recycl\u00e9 \u00e0 50\u00a0%.<\/p>","protected":false},"featured_media":576640,"template":"","meta":{"_eb_attr":""},"product_brand":[],"product_cat":[174,173],"product_tag":[175,359,274,3898,237],"class_list":{"0":"post-576648","1":"product","2":"type-product","3":"status-publish","4":"has-post-thumbnail","6":"product_cat-bouteilles-deau","7":"product_cat-drinkware","8":"product_tag-bouteille","9":"product_tag-camelbak","10":"product_tag-eau","11":"product_tag-hydratation","12":"product_tag-sports","13":"pa_couleurs-bleu-royal","14":"pa_couleurs-charbon","15":"pa_couleurs-translucide","16":"pa_couleurs-vert-foret","17":"pa_genre-unisex","18":"pa_matiere-tritan-renew","20":"first","21":"instock","22":"shipping-taxable","23":"purchasable","24":"product-type-variable"},"yoast_head":"<!-- This site is optimized with the Yoast SEO plugin v27.4 - https:\/\/yoast.com\/product\/yoast-seo-wordpress\/ -->\n<title>Bouteille d\u2019eau avec paille \u00e0 clapet Camelbak\u00ae Thrive Flip de 750\u00a0ml Tritan Renew - PERLE IN<\/title>\n<meta name=\"robots\" content=\"noindex, follow, max-snippet:-1, max-image-preview:large, max-video-preview:-1\" \/>\n<meta property=\"og:locale\" content=\"en_US\" \/>\n<meta property=\"og:type\" content=\"article\" \/>\n<meta property=\"og:title\" content=\"Bouteille d\u2019eau avec paille \u00e0 clapet Camelbak\u00ae Thrive Flip de 750\u00a0ml Tritan Renew - PERLE IN\" \/>\n<meta property=\"og:description\" content=\"La bouteille d\u2019eau Camelbak\u00ae Thrive Flip Tritan Renew est le successeur de la populaire bouteille d\u2019eau Camelbak Eddy+ Tritan Renew con\u00e7ue pour favoriser l\u2019hydratation tout au long de la journ\u00e9e. Elle est dot\u00e9e d\u2019une paille et d\u2019une nouvelle valve EasyFlow, d\u2019un bouchon 100\u00a0% \u00e9tanche, d\u2019un couvercle anti-poussi\u00e8re pour la protection et d\u2019une poign\u00e9e pivotante souple pour un transport facile. Le design s\u2019adapte \u00e0 la plupart des porte-gobelets, ce qui la rend pratique pour les voyages ou les randonn\u00e9es d\u2019une journ\u00e9e. La bouteille est lavable au lave-vaisselle pour un nettoyage rapide et facile. Capacit\u00e9\u00a0: 750\u00a0ml. Fabriqu\u00e9 en plastique Tritan\u2122 Renew, un mat\u00e9riau recycl\u00e9 \u00e0 50\u00a0%.\" \/>\n<meta property=\"og:url\" content=\"https:\/\/perle-in.com\/en\/product\/bouteille-deau-avec-paille-a-clapet-camelbak-thrive-flip-de-750-ml-tritan-renew\/\" \/>\n<meta property=\"og:site_name\" content=\"PERLE IN\" \/>\n<meta property=\"article:modified_time\" content=\"2025-10-16T05:00:54+00:00\" \/>\n<meta property=\"og:image\" content=\"https:\/\/perle-in.com\/wp-content\/uploads\/2025\/10\/10088601-1.jpg\" \/>\n\t<meta property=\"og:image:width\" content=\"1600\" \/>\n\t<meta property=\"og:image:height\" content=\"1600\" \/>\n\t<meta property=\"og:image:type\" content=\"image\/jpeg\" \/>\n<meta name=\"twitter:card\" content=\"summary_large_image\" \/>\n<script type=\"application\/ld+json\" class=\"yoast-schema-graph\">{\"@context\":\"https:\\\/\\\/schema.org\",\"@graph\":[{\"@type\":\"WebPage\",\"@id\":\"https:\\\/\\\/perle-in.com\\\/produit\\\/bouteille-deau-avec-paille-a-clapet-camelbak-thrive-flip-de-750-ml-tritan-renew\\\/\",\"url\":\"https:\\\/\\\/perle-in.com\\\/produit\\\/bouteille-deau-avec-paille-a-clapet-camelbak-thrive-flip-de-750-ml-tritan-renew\\\/\",\"name\":\"Bouteille d\u2019eau avec paille \u00e0 clapet Camelbak\u00ae Thrive Flip de 750\u00a0ml Tritan Renew - PERLE IN\",\"isPartOf\":{\"@id\":\"https:\\\/\\\/perle-in.com\\\/#website\"},\"primaryImageOfPage\":{\"@id\":\"https:\\\/\\\/perle-in.com\\\/produit\\\/bouteille-deau-avec-paille-a-clapet-camelbak-thrive-flip-de-750-ml-tritan-renew\\\/#primaryimage\"},\"image\":{\"@id\":\"https:\\\/\\\/perle-in.com\\\/produit\\\/bouteille-deau-avec-paille-a-clapet-camelbak-thrive-flip-de-750-ml-tritan-renew\\\/#primaryimage\"},\"thumbnailUrl\":\"https:\\\/\\\/perle-in.com\\\/wp-content\\\/uploads\\\/2025\\\/10\\\/10088601-1.jpg\",\"datePublished\":\"2025-10-16T05:00:51+00:00\",\"dateModified\":\"2025-10-16T05:00:54+00:00\",\"breadcrumb\":{\"@id\":\"https:\\\/\\\/perle-in.com\\\/produit\\\/bouteille-deau-avec-paille-a-clapet-camelbak-thrive-flip-de-750-ml-tritan-renew\\\/#breadcrumb\"},\"inLanguage\":\"en-CA\",\"potentialAction\":[{\"@type\":\"ReadAction\",\"target\":[\"https:\\\/\\\/perle-in.com\\\/produit\\\/bouteille-deau-avec-paille-a-clapet-camelbak-thrive-flip-de-750-ml-tritan-renew\\\/\"]}]},{\"@type\":\"ImageObject\",\"inLanguage\":\"en-CA\",\"@id\":\"https:\\\/\\\/perle-in.com\\\/produit\\\/bouteille-deau-avec-paille-a-clapet-camelbak-thrive-flip-de-750-ml-tritan-renew\\\/#primaryimage\",\"url\":\"https:\\\/\\\/perle-in.com\\\/wp-content\\\/uploads\\\/2025\\\/10\\\/10088601-1.jpg\",\"contentUrl\":\"https:\\\/\\\/perle-in.com\\\/wp-content\\\/uploads\\\/2025\\\/10\\\/10088601-1.jpg\",\"width\":1600,\"height\":1600},{\"@type\":\"BreadcrumbList\",\"@id\":\"https:\\\/\\\/perle-in.com\\\/produit\\\/bouteille-deau-avec-paille-a-clapet-camelbak-thrive-flip-de-750-ml-tritan-renew\\\/#breadcrumb\",\"itemListElement\":[{\"@type\":\"ListItem\",\"position\":1,\"name\":\"Accueil\",\"item\":\"https:\\\/\\\/perle-in.com\\\/\"},{\"@type\":\"ListItem\",\"position\":2,\"name\":\"Boutique\",\"item\":\"https:\\\/\\\/perle-in.com\\\/boutique\\\/\"},{\"@type\":\"ListItem\",\"position\":3,\"name\":\"Bouteille d\u2019eau avec paille \u00e0 clapet Camelbak\u00ae Thrive Flip de 750\u00a0ml Tritan Renew\"}]},{\"@type\":\"WebSite\",\"@id\":\"https:\\\/\\\/perle-in.com\\\/#website\",\"url\":\"https:\\\/\\\/perle-in.com\\\/\",\"name\":\"PERLE IN\",\"description\":\"\",\"publisher\":{\"@id\":\"https:\\\/\\\/perle-in.com\\\/#organization\"},\"potentialAction\":[{\"@type\":\"SearchAction\",\"target\":{\"@type\":\"EntryPoint\",\"urlTemplate\":\"https:\\\/\\\/perle-in.com\\\/?s={search_term_string}\"},\"query-input\":{\"@type\":\"PropertyValueSpecification\",\"valueRequired\":true,\"valueName\":\"search_term_string\"}}],\"inLanguage\":\"en-CA\"},{\"@type\":\"Organization\",\"@id\":\"https:\\\/\\\/perle-in.com\\\/#organization\",\"name\":\"PERLE IN\",\"url\":\"https:\\\/\\\/perle-in.com\\\/\",\"logo\":{\"@type\":\"ImageObject\",\"inLanguage\":\"en-CA\",\"@id\":\"https:\\\/\\\/perle-in.com\\\/#\\\/schema\\\/logo\\\/image\\\/\",\"url\":\"https:\\\/\\\/perle-in.com\\\/wp-content\\\/uploads\\\/2022\\\/12\\\/LOGO-PERLE-IN-COULEUR@3x.webp\",\"contentUrl\":\"https:\\\/\\\/perle-in.com\\\/wp-content\\\/uploads\\\/2022\\\/12\\\/LOGO-PERLE-IN-COULEUR@3x.webp\",\"width\":1600,\"height\":490,\"caption\":\"PERLE IN\"},\"image\":{\"@id\":\"https:\\\/\\\/perle-in.com\\\/#\\\/schema\\\/logo\\\/image\\\/\"}}]}<\/script>\n<!-- \/ Yoast SEO plugin. -->","yoast_head_json":{"title":"Bouteille d\u2019eau avec paille \u00e0 clapet Camelbak\u00ae Thrive Flip de 750\u00a0ml Tritan Renew - PERLE IN","robots":{"index":"noindex","follow":"follow","max-snippet":"max-snippet:-1","max-image-preview":"max-image-preview:large","max-video-preview":"max-video-preview:-1"},"og_locale":"en_US","og_type":"article","og_title":"Bouteille d\u2019eau avec paille \u00e0 clapet Camelbak\u00ae Thrive Flip de 750\u00a0ml Tritan Renew - PERLE IN","og_description":"La bouteille d\u2019eau Camelbak\u00ae Thrive Flip Tritan Renew est le successeur de la populaire bouteille d\u2019eau Camelbak Eddy+ Tritan Renew con\u00e7ue pour favoriser l\u2019hydratation tout au long de la journ\u00e9e. Elle est dot\u00e9e d\u2019une paille et d\u2019une nouvelle valve EasyFlow, d\u2019un bouchon 100\u00a0% \u00e9tanche, d\u2019un couvercle anti-poussi\u00e8re pour la protection et d\u2019une poign\u00e9e pivotante souple pour un transport facile. Le design s\u2019adapte \u00e0 la plupart des porte-gobelets, ce qui la rend pratique pour les voyages ou les randonn\u00e9es d\u2019une journ\u00e9e. La bouteille est lavable au lave-vaisselle pour un nettoyage rapide et facile. Capacit\u00e9\u00a0: 750\u00a0ml. Fabriqu\u00e9 en plastique Tritan\u2122 Renew, un mat\u00e9riau recycl\u00e9 \u00e0 50\u00a0%.","og_url":"https:\/\/perle-in.com\/en\/product\/bouteille-deau-avec-paille-a-clapet-camelbak-thrive-flip-de-750-ml-tritan-renew\/","og_site_name":"PERLE IN","article_modified_time":"2025-10-16T05:00:54+00:00","og_image":[{"width":1600,"height":1600,"url":"https:\/\/perle-in.com\/wp-content\/uploads\/2025\/10\/10088601-1.jpg","type":"image\/jpeg"}],"twitter_card":"summary_large_image","schema":{"@context":"https:\/\/schema.org","@graph":[{"@type":"WebPage","@id":"https:\/\/perle-in.com\/produit\/bouteille-deau-avec-paille-a-clapet-camelbak-thrive-flip-de-750-ml-tritan-renew\/","url":"https:\/\/perle-in.com\/produit\/bouteille-deau-avec-paille-a-clapet-camelbak-thrive-flip-de-750-ml-tritan-renew\/","name":"Bouteille d\u2019eau avec paille \u00e0 clapet Camelbak\u00ae Thrive Flip de 750\u00a0ml Tritan Renew - PERLE IN","isPartOf":{"@id":"https:\/\/perle-in.com\/#website"},"primaryImageOfPage":{"@id":"https:\/\/perle-in.com\/produit\/bouteille-deau-avec-paille-a-clapet-camelbak-thrive-flip-de-750-ml-tritan-renew\/#primaryimage"},"image":{"@id":"https:\/\/perle-in.com\/produit\/bouteille-deau-avec-paille-a-clapet-camelbak-thrive-flip-de-750-ml-tritan-renew\/#primaryimage"},"thumbnailUrl":"https:\/\/perle-in.com\/wp-content\/uploads\/2025\/10\/10088601-1.jpg","datePublished":"2025-10-16T05:00:51+00:00","dateModified":"2025-10-16T05:00:54+00:00","breadcrumb":{"@id":"https:\/\/perle-in.com\/produit\/bouteille-deau-avec-paille-a-clapet-camelbak-thrive-flip-de-750-ml-tritan-renew\/#breadcrumb"},"inLanguage":"en-CA","potentialAction":[{"@type":"ReadAction","target":["https:\/\/perle-in.com\/produit\/bouteille-deau-avec-paille-a-clapet-camelbak-thrive-flip-de-750-ml-tritan-renew\/"]}]},{"@type":"ImageObject","inLanguage":"en-CA","@id":"https:\/\/perle-in.com\/produit\/bouteille-deau-avec-paille-a-clapet-camelbak-thrive-flip-de-750-ml-tritan-renew\/#primaryimage","url":"https:\/\/perle-in.com\/wp-content\/uploads\/2025\/10\/10088601-1.jpg","contentUrl":"https:\/\/perle-in.com\/wp-content\/uploads\/2025\/10\/10088601-1.jpg","width":1600,"height":1600},{"@type":"BreadcrumbList","@id":"https:\/\/perle-in.com\/produit\/bouteille-deau-avec-paille-a-clapet-camelbak-thrive-flip-de-750-ml-tritan-renew\/#breadcrumb","itemListElement":[{"@type":"ListItem","position":1,"name":"Accueil","item":"https:\/\/perle-in.com\/"},{"@type":"ListItem","position":2,"name":"Boutique","item":"https:\/\/perle-in.com\/boutique\/"},{"@type":"ListItem","position":3,"name":"Bouteille d\u2019eau avec paille \u00e0 clapet Camelbak\u00ae Thrive Flip de 750\u00a0ml Tritan Renew"}]},{"@type":"WebSite","@id":"https:\/\/perle-in.com\/#website","url":"https:\/\/perle-in.com\/","name":"PERLE IN","description":"","publisher":{"@id":"https:\/\/perle-in.com\/#organization"},"potentialAction":[{"@type":"SearchAction","target":{"@type":"EntryPoint","urlTemplate":"https:\/\/perle-in.com\/?s={search_term_string}"},"query-input":{"@type":"PropertyValueSpecification","valueRequired":true,"valueName":"search_term_string"}}],"inLanguage":"en-CA"},{"@type":"Organization","@id":"https:\/\/perle-in.com\/#organization","name":"PERLE IN","url":"https:\/\/perle-in.com\/","logo":{"@type":"ImageObject","inLanguage":"en-CA","@id":"https:\/\/perle-in.com\/#\/schema\/logo\/image\/","url":"https:\/\/perle-in.com\/wp-content\/uploads\/2022\/12\/LOGO-PERLE-IN-COULEUR@3x.webp","contentUrl":"https:\/\/perle-in.com\/wp-content\/uploads\/2022\/12\/LOGO-PERLE-IN-COULEUR@3x.webp","width":1600,"height":490,"caption":"PERLE IN"},"image":{"@id":"https:\/\/perle-in.com\/#\/schema\/logo\/image\/"}}]}},"jetpack_sharing_enabled":true,"_links":{"self":[{"href":"https:\/\/perle-in.com\/en\/wp-json\/wp\/v2\/product\/576648","targetHints":{"allow":["GET"]}}],"collection":[{"href":"https:\/\/perle-in.com\/en\/wp-json\/wp\/v2\/product"}],"about":[{"href":"https:\/\/perle-in.com\/en\/wp-json\/wp\/v2\/types\/product"}],"version-history":[{"count":0,"href":"https:\/\/perle-in.com\/en\/wp-json\/wp\/v2\/product\/576648\/revisions"}],"wp:featuredmedia":[{"embeddable":true,"href":"https:\/\/perle-in.com\/en\/wp-json\/wp\/v2\/media\/576640"}],"wp:attachment":[{"href":"https:\/\/perle-in.com\/en\/wp-json\/wp\/v2\/media?parent=576648"}],"wp:term":[{"taxonomy":"product_brand","embeddable":true,"href":"https:\/\/perle-in.com\/en\/wp-json\/wp\/v2\/product_brand?post=576648"},{"taxonomy":"product_cat","embeddable":true,"href":"https:\/\/perle-in.com\/en\/wp-json\/wp\/v2\/product_cat?post=576648"},{"taxonomy":"product_tag","embeddable":true,"href":"https:\/\/perle-in.com\/en\/wp-json\/wp\/v2\/product_tag?post=576648"}],"curies":[{"name":"wp","href":"https:\/\/api.w.org\/{rel}","templated":true}]}}