{"id":576636,"date":"2025-10-16T07:00:09","date_gmt":"2025-10-16T05:00:09","guid":{"rendered":"https:\/\/perle-in.com\/produit\/trousse-de-toilette-de-voyage-trip-aware-de-2-l-en-materiaux-recycles\/"},"modified":"2025-10-16T07:00:13","modified_gmt":"2025-10-16T05:00:13","slug":"trousse-de-toilette-de-voyage-trip-aware-de-2-l-en-materiaux-recycles","status":"publish","type":"product","link":"https:\/\/perle-in.com\/en\/product\/trousse-de-toilette-de-voyage-trip-aware-de-2-l-en-materiaux-recycles\/","title":{"rendered":"Trousse de toilette de voyage Trip Aware\u2122 de 2\u00a0L en mat\u00e9riaux recycl\u00e9s"},"content":{"rendered":"","protected":false},"excerpt":{"rendered":"<p>La pochette de toilette Trip Aware\u2122 recycl\u00e9e est une solution compacte et simple pour transporter les objets essentiels au quotidien. Fabriqu\u00e9e en polyester serg\u00e9 290D avec un support tricot\u00e9 et doubl\u00e9 de RPET 210D\/PU, elle pr\u00e9sente un design \u00e9pur\u00e9 et minimaliste. Le compartiment principal offre de l\u2019espace pour les articles de toilette ou les petits objets, ce qui le rend id\u00e9al pour les voyages courts ou l\u2019organisation en d\u00e9placement. Chaque sac est \u00e9galement accompagn\u00e9 d&#8217;un traceur Aware\u2122. Cette fonction innovante permet aux utilisateurs de retracer l&#8217;origine et le parcours de leur article au moyen d&#8217;un code QR, ce qui accro\u00eet la transparence de la cha\u00eene d&#8217;approvisionnement et favorise un lien plus \u00e9troit entre le produit et son processus de production. Capacit\u00e9\u00a0: 2\u00a0litres.<\/p>","protected":false},"featured_media":576626,"template":"","meta":{"_eb_attr":""},"product_brand":[],"product_cat":[159,1222],"product_tag":[837,1675,836,1844,291],"class_list":{"0":"post-576636","1":"product","2":"type-product","3":"status-publish","4":"has-post-thumbnail","6":"product_cat-sacs","7":"product_cat-trousses-de-toilette","8":"product_tag-durable","9":"product_tag-pochette","10":"product_tag-recycle","11":"product_tag-toilette","12":"product_tag-voyage","13":"pa_couleurs-blanc-casse","14":"pa_couleurs-bleu-hale","15":"pa_couleurs-noir","16":"pa_green-points-2830","18":"first","19":"instock","20":"shipping-taxable","21":"purchasable","22":"product-type-variable"},"yoast_head":"<!-- This site is optimized with the Yoast SEO plugin v27.4 - https:\/\/yoast.com\/product\/yoast-seo-wordpress\/ -->\n<title>Trousse de toilette de voyage Trip Aware\u2122 de 2\u00a0L en mat\u00e9riaux recycl\u00e9s - PERLE IN<\/title>\n<meta name=\"robots\" content=\"noindex, follow, max-snippet:-1, max-image-preview:large, max-video-preview:-1\" \/>\n<meta property=\"og:locale\" content=\"en_US\" \/>\n<meta property=\"og:type\" content=\"article\" \/>\n<meta property=\"og:title\" content=\"Trousse de toilette de voyage Trip Aware\u2122 de 2\u00a0L en mat\u00e9riaux recycl\u00e9s - PERLE IN\" \/>\n<meta property=\"og:description\" content=\"La pochette de toilette Trip Aware\u2122 recycl\u00e9e est une solution compacte et simple pour transporter les objets essentiels au quotidien. Fabriqu\u00e9e en polyester serg\u00e9 290D avec un support tricot\u00e9 et doubl\u00e9 de RPET 210D\/PU, elle pr\u00e9sente un design \u00e9pur\u00e9 et minimaliste. Le compartiment principal offre de l\u2019espace pour les articles de toilette ou les petits objets, ce qui le rend id\u00e9al pour les voyages courts ou l\u2019organisation en d\u00e9placement. Chaque sac est \u00e9galement accompagn\u00e9 d&#039;un traceur Aware\u2122. Cette fonction innovante permet aux utilisateurs de retracer l&#039;origine et le parcours de leur article au moyen d&#039;un code QR, ce qui accro\u00eet la transparence de la cha\u00eene d&#039;approvisionnement et favorise un lien plus \u00e9troit entre le produit et son processus de production. Capacit\u00e9\u00a0: 2\u00a0litres.\" \/>\n<meta property=\"og:url\" content=\"https:\/\/perle-in.com\/en\/product\/trousse-de-toilette-de-voyage-trip-aware-de-2-l-en-materiaux-recycles\/\" \/>\n<meta property=\"og:site_name\" content=\"PERLE IN\" \/>\n<meta property=\"article:modified_time\" content=\"2025-10-16T05:00:13+00:00\" \/>\n<meta property=\"og:image\" content=\"https:\/\/perle-in.com\/wp-content\/uploads\/2025\/10\/12076702-1.jpg\" \/>\n\t<meta property=\"og:image:width\" content=\"1600\" \/>\n\t<meta property=\"og:image:height\" content=\"1600\" \/>\n\t<meta property=\"og:image:type\" content=\"image\/jpeg\" \/>\n<meta name=\"twitter:card\" content=\"summary_large_image\" \/>\n<script type=\"application\/ld+json\" class=\"yoast-schema-graph\">{\"@context\":\"https:\\\/\\\/schema.org\",\"@graph\":[{\"@type\":\"WebPage\",\"@id\":\"https:\\\/\\\/perle-in.com\\\/produit\\\/trousse-de-toilette-de-voyage-trip-aware-de-2-l-en-materiaux-recycles\\\/\",\"url\":\"https:\\\/\\\/perle-in.com\\\/produit\\\/trousse-de-toilette-de-voyage-trip-aware-de-2-l-en-materiaux-recycles\\\/\",\"name\":\"Trousse de toilette de voyage Trip Aware\u2122 de 2\u00a0L en mat\u00e9riaux recycl\u00e9s - PERLE IN\",\"isPartOf\":{\"@id\":\"https:\\\/\\\/perle-in.com\\\/#website\"},\"primaryImageOfPage\":{\"@id\":\"https:\\\/\\\/perle-in.com\\\/produit\\\/trousse-de-toilette-de-voyage-trip-aware-de-2-l-en-materiaux-recycles\\\/#primaryimage\"},\"image\":{\"@id\":\"https:\\\/\\\/perle-in.com\\\/produit\\\/trousse-de-toilette-de-voyage-trip-aware-de-2-l-en-materiaux-recycles\\\/#primaryimage\"},\"thumbnailUrl\":\"https:\\\/\\\/perle-in.com\\\/wp-content\\\/uploads\\\/2025\\\/10\\\/12076702-1.jpg\",\"datePublished\":\"2025-10-16T05:00:09+00:00\",\"dateModified\":\"2025-10-16T05:00:13+00:00\",\"breadcrumb\":{\"@id\":\"https:\\\/\\\/perle-in.com\\\/produit\\\/trousse-de-toilette-de-voyage-trip-aware-de-2-l-en-materiaux-recycles\\\/#breadcrumb\"},\"inLanguage\":\"en-CA\",\"potentialAction\":[{\"@type\":\"ReadAction\",\"target\":[\"https:\\\/\\\/perle-in.com\\\/produit\\\/trousse-de-toilette-de-voyage-trip-aware-de-2-l-en-materiaux-recycles\\\/\"]}]},{\"@type\":\"ImageObject\",\"inLanguage\":\"en-CA\",\"@id\":\"https:\\\/\\\/perle-in.com\\\/produit\\\/trousse-de-toilette-de-voyage-trip-aware-de-2-l-en-materiaux-recycles\\\/#primaryimage\",\"url\":\"https:\\\/\\\/perle-in.com\\\/wp-content\\\/uploads\\\/2025\\\/10\\\/12076702-1.jpg\",\"contentUrl\":\"https:\\\/\\\/perle-in.com\\\/wp-content\\\/uploads\\\/2025\\\/10\\\/12076702-1.jpg\",\"width\":1600,\"height\":1600},{\"@type\":\"BreadcrumbList\",\"@id\":\"https:\\\/\\\/perle-in.com\\\/produit\\\/trousse-de-toilette-de-voyage-trip-aware-de-2-l-en-materiaux-recycles\\\/#breadcrumb\",\"itemListElement\":[{\"@type\":\"ListItem\",\"position\":1,\"name\":\"Accueil\",\"item\":\"https:\\\/\\\/perle-in.com\\\/\"},{\"@type\":\"ListItem\",\"position\":2,\"name\":\"Boutique\",\"item\":\"https:\\\/\\\/perle-in.com\\\/boutique\\\/\"},{\"@type\":\"ListItem\",\"position\":3,\"name\":\"Trousse de toilette de voyage Trip Aware\u2122 de 2\u00a0L en mat\u00e9riaux recycl\u00e9s\"}]},{\"@type\":\"WebSite\",\"@id\":\"https:\\\/\\\/perle-in.com\\\/#website\",\"url\":\"https:\\\/\\\/perle-in.com\\\/\",\"name\":\"PERLE IN\",\"description\":\"\",\"publisher\":{\"@id\":\"https:\\\/\\\/perle-in.com\\\/#organization\"},\"potentialAction\":[{\"@type\":\"SearchAction\",\"target\":{\"@type\":\"EntryPoint\",\"urlTemplate\":\"https:\\\/\\\/perle-in.com\\\/?s={search_term_string}\"},\"query-input\":{\"@type\":\"PropertyValueSpecification\",\"valueRequired\":true,\"valueName\":\"search_term_string\"}}],\"inLanguage\":\"en-CA\"},{\"@type\":\"Organization\",\"@id\":\"https:\\\/\\\/perle-in.com\\\/#organization\",\"name\":\"PERLE IN\",\"url\":\"https:\\\/\\\/perle-in.com\\\/\",\"logo\":{\"@type\":\"ImageObject\",\"inLanguage\":\"en-CA\",\"@id\":\"https:\\\/\\\/perle-in.com\\\/#\\\/schema\\\/logo\\\/image\\\/\",\"url\":\"https:\\\/\\\/perle-in.com\\\/wp-content\\\/uploads\\\/2022\\\/12\\\/LOGO-PERLE-IN-COULEUR@3x.webp\",\"contentUrl\":\"https:\\\/\\\/perle-in.com\\\/wp-content\\\/uploads\\\/2022\\\/12\\\/LOGO-PERLE-IN-COULEUR@3x.webp\",\"width\":1600,\"height\":490,\"caption\":\"PERLE IN\"},\"image\":{\"@id\":\"https:\\\/\\\/perle-in.com\\\/#\\\/schema\\\/logo\\\/image\\\/\"}}]}<\/script>\n<!-- \/ Yoast SEO plugin. -->","yoast_head_json":{"title":"Trousse de toilette de voyage Trip Aware\u2122 de 2\u00a0L en mat\u00e9riaux recycl\u00e9s - PERLE IN","robots":{"index":"noindex","follow":"follow","max-snippet":"max-snippet:-1","max-image-preview":"max-image-preview:large","max-video-preview":"max-video-preview:-1"},"og_locale":"en_US","og_type":"article","og_title":"Trousse de toilette de voyage Trip Aware\u2122 de 2\u00a0L en mat\u00e9riaux recycl\u00e9s - PERLE IN","og_description":"La pochette de toilette Trip Aware\u2122 recycl\u00e9e est une solution compacte et simple pour transporter les objets essentiels au quotidien. Fabriqu\u00e9e en polyester serg\u00e9 290D avec un support tricot\u00e9 et doubl\u00e9 de RPET 210D\/PU, elle pr\u00e9sente un design \u00e9pur\u00e9 et minimaliste. Le compartiment principal offre de l\u2019espace pour les articles de toilette ou les petits objets, ce qui le rend id\u00e9al pour les voyages courts ou l\u2019organisation en d\u00e9placement. Chaque sac est \u00e9galement accompagn\u00e9 d'un traceur Aware\u2122. Cette fonction innovante permet aux utilisateurs de retracer l'origine et le parcours de leur article au moyen d'un code QR, ce qui accro\u00eet la transparence de la cha\u00eene d'approvisionnement et favorise un lien plus \u00e9troit entre le produit et son processus de production. Capacit\u00e9\u00a0: 2\u00a0litres.","og_url":"https:\/\/perle-in.com\/en\/product\/trousse-de-toilette-de-voyage-trip-aware-de-2-l-en-materiaux-recycles\/","og_site_name":"PERLE IN","article_modified_time":"2025-10-16T05:00:13+00:00","og_image":[{"width":1600,"height":1600,"url":"https:\/\/perle-in.com\/wp-content\/uploads\/2025\/10\/12076702-1.jpg","type":"image\/jpeg"}],"twitter_card":"summary_large_image","schema":{"@context":"https:\/\/schema.org","@graph":[{"@type":"WebPage","@id":"https:\/\/perle-in.com\/produit\/trousse-de-toilette-de-voyage-trip-aware-de-2-l-en-materiaux-recycles\/","url":"https:\/\/perle-in.com\/produit\/trousse-de-toilette-de-voyage-trip-aware-de-2-l-en-materiaux-recycles\/","name":"Trousse de toilette de voyage Trip Aware\u2122 de 2\u00a0L en mat\u00e9riaux recycl\u00e9s - PERLE IN","isPartOf":{"@id":"https:\/\/perle-in.com\/#website"},"primaryImageOfPage":{"@id":"https:\/\/perle-in.com\/produit\/trousse-de-toilette-de-voyage-trip-aware-de-2-l-en-materiaux-recycles\/#primaryimage"},"image":{"@id":"https:\/\/perle-in.com\/produit\/trousse-de-toilette-de-voyage-trip-aware-de-2-l-en-materiaux-recycles\/#primaryimage"},"thumbnailUrl":"https:\/\/perle-in.com\/wp-content\/uploads\/2025\/10\/12076702-1.jpg","datePublished":"2025-10-16T05:00:09+00:00","dateModified":"2025-10-16T05:00:13+00:00","breadcrumb":{"@id":"https:\/\/perle-in.com\/produit\/trousse-de-toilette-de-voyage-trip-aware-de-2-l-en-materiaux-recycles\/#breadcrumb"},"inLanguage":"en-CA","potentialAction":[{"@type":"ReadAction","target":["https:\/\/perle-in.com\/produit\/trousse-de-toilette-de-voyage-trip-aware-de-2-l-en-materiaux-recycles\/"]}]},{"@type":"ImageObject","inLanguage":"en-CA","@id":"https:\/\/perle-in.com\/produit\/trousse-de-toilette-de-voyage-trip-aware-de-2-l-en-materiaux-recycles\/#primaryimage","url":"https:\/\/perle-in.com\/wp-content\/uploads\/2025\/10\/12076702-1.jpg","contentUrl":"https:\/\/perle-in.com\/wp-content\/uploads\/2025\/10\/12076702-1.jpg","width":1600,"height":1600},{"@type":"BreadcrumbList","@id":"https:\/\/perle-in.com\/produit\/trousse-de-toilette-de-voyage-trip-aware-de-2-l-en-materiaux-recycles\/#breadcrumb","itemListElement":[{"@type":"ListItem","position":1,"name":"Accueil","item":"https:\/\/perle-in.com\/"},{"@type":"ListItem","position":2,"name":"Boutique","item":"https:\/\/perle-in.com\/boutique\/"},{"@type":"ListItem","position":3,"name":"Trousse de toilette de voyage Trip Aware\u2122 de 2\u00a0L en mat\u00e9riaux recycl\u00e9s"}]},{"@type":"WebSite","@id":"https:\/\/perle-in.com\/#website","url":"https:\/\/perle-in.com\/","name":"PERLE IN","description":"","publisher":{"@id":"https:\/\/perle-in.com\/#organization"},"potentialAction":[{"@type":"SearchAction","target":{"@type":"EntryPoint","urlTemplate":"https:\/\/perle-in.com\/?s={search_term_string}"},"query-input":{"@type":"PropertyValueSpecification","valueRequired":true,"valueName":"search_term_string"}}],"inLanguage":"en-CA"},{"@type":"Organization","@id":"https:\/\/perle-in.com\/#organization","name":"PERLE IN","url":"https:\/\/perle-in.com\/","logo":{"@type":"ImageObject","inLanguage":"en-CA","@id":"https:\/\/perle-in.com\/#\/schema\/logo\/image\/","url":"https:\/\/perle-in.com\/wp-content\/uploads\/2022\/12\/LOGO-PERLE-IN-COULEUR@3x.webp","contentUrl":"https:\/\/perle-in.com\/wp-content\/uploads\/2022\/12\/LOGO-PERLE-IN-COULEUR@3x.webp","width":1600,"height":490,"caption":"PERLE IN"},"image":{"@id":"https:\/\/perle-in.com\/#\/schema\/logo\/image\/"}}]}},"jetpack_sharing_enabled":true,"_links":{"self":[{"href":"https:\/\/perle-in.com\/en\/wp-json\/wp\/v2\/product\/576636","targetHints":{"allow":["GET"]}}],"collection":[{"href":"https:\/\/perle-in.com\/en\/wp-json\/wp\/v2\/product"}],"about":[{"href":"https:\/\/perle-in.com\/en\/wp-json\/wp\/v2\/types\/product"}],"version-history":[{"count":0,"href":"https:\/\/perle-in.com\/en\/wp-json\/wp\/v2\/product\/576636\/revisions"}],"wp:featuredmedia":[{"embeddable":true,"href":"https:\/\/perle-in.com\/en\/wp-json\/wp\/v2\/media\/576626"}],"wp:attachment":[{"href":"https:\/\/perle-in.com\/en\/wp-json\/wp\/v2\/media?parent=576636"}],"wp:term":[{"taxonomy":"product_brand","embeddable":true,"href":"https:\/\/perle-in.com\/en\/wp-json\/wp\/v2\/product_brand?post=576636"},{"taxonomy":"product_cat","embeddable":true,"href":"https:\/\/perle-in.com\/en\/wp-json\/wp\/v2\/product_cat?post=576636"},{"taxonomy":"product_tag","embeddable":true,"href":"https:\/\/perle-in.com\/en\/wp-json\/wp\/v2\/product_tag?post=576636"}],"curies":[{"name":"wp","href":"https:\/\/api.w.org\/{rel}","templated":true}]}}